{"id":8089,"date":"2025-12-01T10:58:30","date_gmt":"2025-12-01T09:58:30","guid":{"rendered":"https:\/\/cisternsolutions.eu\/?page_id=8089"},"modified":"2026-01-09T09:22:36","modified_gmt":"2026-01-09T08:22:36","slug":"sprinklertankar-i-sektionsbyggd-konstruktion","status":"publish","type":"page","link":"https:\/\/cisternsolutions.eu\/sv\/sprinklertankar-i-sektionsbyggd-konstruktion\/","title":{"rendered":"Sprinklertankar i sektionsbyggd konstruktion"},"content":{"rendered":"\r\n<h1>Sprinklertankar i sektionsbyggd konstruktion<\/h1>\r\n<p>&#8211; Svenskt hantverk, modul\u00e4r design och maximal drifts\u00e4kerhet<\/p>\r\n<p>Cistern Solutions tillverkar och installerar sektionsbyggda sprinklertankar som kombinerar svenskt hantverk med l\u00e5ngsiktig h\u00e5llbarhet och h\u00f6g brands\u00e4kerhet. Varje tank byggs i modul\u00e4r konstruktion, vilket ger flexibilitet vid transport, montering och framtida anpassning.<\/p>\r\n<p>Denna l\u00f6sning l\u00e4mpar sig s\u00e4rskilt v\u00e4l f\u00f6r boendesprinkler, kommersiella fastigheter och industrier d\u00e4r kvalitet och drifts\u00e4kerhet \u00e4r avg\u00f6rande.<\/p>\r\n<h3>Kontakta mig!<\/h3>\r\n<form id=\"fluentform_8\" method=\"POST\" data-form_id=\"8\" data-form_instance=\"ff_form_instance_8_1\" data-recptcha_key=\"6LclVsMpAAAAALbQlfjI40nUI01kkMo-WKOg0nvc\"><fieldset><legend>Snabbkontakt &#8211; SE<\/legend><input name=\"__fluent_form_embded_post_id\" type=\"hidden\" value=\"8089\" \/><input id=\"_fluentform_8_fluentformnonce\" name=\"_fluentform_8_fluentformnonce\" type=\"hidden\" value=\"1530ec46e1\" \/><input name=\"_wp_http_referer\" type=\"hidden\" value=\"\/sv\/?page_id=8089&amp;fl_builder\" \/><input id=\"ff_8_names_first_name_\" name=\"names[first_name]\" type=\"text\" placeholder=\"F\u00f6r- och efternamn\" aria-invalid=\"false\" aria-required=\"true\/\" \/><input id=\"ff_8_email\" name=\"email\" type=\"email\" placeholder=\"Min mejladress\" data-name=\"email\" aria-invalid=\"false\" aria-required=\"true\/\" \/><textarea id=\"ff_8_message\" cols=\"2\" name=\"message\" rows=\"1\" placeholder=\"Kontakta mig ang\u00e5ende ...\" aria-required=\"true\" aria-labelledby=\"label_ff_8_message\" data-name=\"message\"><\/textarea><label class=\"ff-el-form-check-label ff_tc_label\" for=\"gdpr-agreement_5607446a5b8391868be7211adf06f4a6\" aria-label=\"Jag samtycker till att denna webbplats lagrar min inl\u00e4mnade information s\u00e5 att de kan svara p\u00e5 min f\u00f6rfr\u00e5gan. Informationen lagras i 1 \u00e5r.\"><input id=\"gdpr-agreement_5607446a5b8391868be7211adf06f4a6\" name=\"gdpr-agreement\" type=\"checkbox\" value=\"on\" data-name=\"gdpr-agreement\" aria-invalid=\"false\" aria-required=\"true\/\" \/> Jag samtycker till att denna webbplats lagrar min inl\u00e4mnade information s\u00e5 att de kan svara p\u00e5 min f\u00f6rfr\u00e5gan. Informationen lagras i 1 \u00e5r. <\/label><button type=\"submit\" aria-label=\"Skicka\">Skicka<\/button><\/fieldset><\/form>\r\n<h2>Konstruktion i st\u00e5l med epoxibehandling<\/h2>\r\n<p>V\u00e5ra sprinklertankar tillverkas av h\u00f6gkvalitativa st\u00e5lpl\u00e5tar som epoxibehandlas f\u00f6r maximalt skydd mot korrosion, l\u00e5ng livsl\u00e4ngd och s\u00e4ker t\u00e4tning. Vid s\u00e4rskilda krav kan sprinklertankar \u00e4ven utf\u00f6ras i rostfritt st\u00e5l.<\/p>\r\n<p>Kombinationen av st\u00e5l och epoxi ger en sektionsbyggd sprinklertank som \u00e4r:<\/p>\r\n<ul>\r\n<li>Mycket slitstark och korrosionsbest\u00e4ndig<\/li>\r\n<li>T\u00e4t och drifts\u00e4ker \u00e4ven i kr\u00e4vande milj\u00f6er<\/li>\r\n<li>Enkel att inspektera och underh\u00e5lla<\/li>\r\n<li>Flexibel och anpassningsbar till befintliga utrymmen och tekniska f\u00f6ruts\u00e4ttningar<\/li>\r\n<\/ul>\r\n<p>V\u00e5ra sektionsbyggda sprinklertankar \u00e4r byggda f\u00f6r l\u00e5ng livsl\u00e4ngd &#8211; ett modernt och h\u00e5llbart alternativ f\u00f6r fastighets\u00e4gare och verksamheter i Sverige och \u00f6vriga Europa.<\/p>\r\n<p><img decoding=\"async\" title=\"bygga_boendesprinkler_01a\" src=\"https:\/\/cisternsolutions.eu\/wp-content\/uploads\/bb-plugin\/cache\/bygga_boendesprinkler_01a-square.jpg\" alt=\"bygga_boendesprinkler_01a\" width=\"700\" height=\"730\" \/><\/p>\r\n<h2>Svensktillverkade sektioner med h\u00f6g precision<\/h2>\r\n<p>V\u00e5ra sektioner tillverkas i Sverige med h\u00f6ga krav p\u00e5 precision och kvalitet. Produktionen bygger p\u00e5 industriellt framtagna moduler som specificeras och anpassas f\u00f6r varje projekt f\u00f6r att s\u00e4kerst\u00e4lla exakt passform, t\u00e4t konstruktion och\u00a0<strong data-start=\"489\" data-end=\"518\">j\u00e4mn, konsekvent kvalitet<\/strong>.<\/p>\r\n<p>Genom noggrann projektering och kontrollerade leveranser skapar vi robusta och m\u00e5ttanpassade l\u00f6sningar som byggs samman p\u00e5 plats hos kund. Sektionerna kan skr\u00e4ddarsys efter behov vad g\u00e4ller dimensioner, volym och installationsmilj\u00f6 &#8211; utan att kompromissa med funktion eller kvalitet. <img decoding=\"async\" title=\"bygga_boendesprinkler_03a\" src=\"https:\/\/cisternsolutions.eu\/wp-content\/uploads\/bb-plugin\/cache\/bygga_boendesprinkler_03a-square.jpg\" alt=\"bygga_boendesprinkler_03a\" width=\"700\" height=\"730\" \/><\/p>\r\n<h2>Modul\u00e4r design &#8211; flexibel installation och service<\/h2>\r\n<p>Den modul\u00e4ra uppbyggnaden g\u00f6r att v\u00e5ra sprinklertankar enkelt kan transporteras, monteras och vid behov demonteras. Det inneb\u00e4r kortare byggtid, l\u00e4gre installationskostnad och minimalt ingrepp i byggnaden. Dessutom \u00e4r konstruktionen framtidss\u00e4ker &#8211; tanken kan byggas ut, flyttas eller anpassas n\u00e4r behoven f\u00f6r\u00e4ndras.<\/p>\r\n<h3>Uppfyller och \u00f6vertr\u00e4ffar g\u00e4llande standarder<\/h3>\r\n<p>V\u00e5ra sprinklertankar uppfyller och \u00f6vertr\u00e4ffar ofta &#8211; b\u00e5de svenska och internationella standarder f\u00f6r brandskydd f\u00f6r sprinklertankar\/cisterner.<\/p>\r\n<p>Cistern Solutions levererar l\u00f6sningar som \u00e4r byggda f\u00f6r att fungera felfritt i m\u00e5nga \u00e5r, \u00e4ven under kr\u00e4vande f\u00f6rh\u00e5llanden.<\/p>\r\n<h3>Varf\u00f6r v\u00e4lja Cistern Solutions f\u00f6r din sektionsbyggda sprinklertank?<\/h3>\r\n<ul>\r\n<li>Svensktillverkade paneler med h\u00f6gsta precision<\/li>\r\n<li>Modul\u00e4r konstruktion &#8211; enkel att anpassa och installera<\/li>\r\n<li>St\u00e5l med epoxibehandling f\u00f6r maximal h\u00e5llbarhet<\/li>\r\n<li>Full sp\u00e5rbarhet och kvalitetss\u00e4kring i alla steg<\/li>\r\n<li>Passar perfekt f\u00f6r boendesprinkler och kommersiella anl\u00e4ggningar<\/li>\r\n<li>L\u00e5ng livsl\u00e4ngd, l\u00e5g underh\u00e5llskostnad och dokumenterad prestanda<\/li>\r\n<\/ul>\r\n<h3>Kontakta oss f\u00f6r offert p\u00e5 ny sprinklertank eller cistern<\/h3>\r\n<p>Vill du veta mer om v\u00e5ra sektionsbyggda sprinklertankar eller f\u00e5 offert p\u00e5 ett komplett system?Kontakta Cistern Solutions s\u00e5 ber\u00e4ttar vi hur vi kan skapa en h\u00e5llbar, modul\u00e4r och framtidss\u00e4ker cisternl\u00f6sning anpassad till dina behov.<strong>Vill du prata med oss direkt? <\/strong><strong><a href=\"https:\/\/cisternsolutions.eu\/sv\/kontakt\/\">H\u00e4r hittar du telefonnummer &gt;&gt;<\/a><\/strong><\/p>\r\n<h3>Kontakta mig!<\/h3>\r\n<form id=\"fluentform_8\" method=\"POST\" data-form_id=\"8\" data-form_instance=\"ff_form_instance_8_2\" data-recptcha_key=\"6LclVsMpAAAAALbQlfjI40nUI01kkMo-WKOg0nvc\"><fieldset><legend>Snabbkontakt &#8211; SE<\/legend><input name=\"__fluent_form_embded_post_id\" type=\"hidden\" value=\"8089\" \/><input id=\"_fluentform_8_fluentformnonce\" name=\"_fluentform_8_fluentformnonce\" type=\"hidden\" value=\"1530ec46e1\" \/><input name=\"_wp_http_referer\" type=\"hidden\" value=\"\/sv\/?page_id=8089&amp;fl_builder\" \/><input id=\"ff_8_2_names_first_name_\" name=\"names[first_name]\" type=\"text\" placeholder=\"F\u00f6r- och efternamn\" aria-invalid=\"false\" aria-required=\"true\/\" \/><input id=\"ff_8_2_email\" name=\"email\" type=\"email\" placeholder=\"Min mejladress\" data-name=\"email\" aria-invalid=\"false\" aria-required=\"true\/\" \/><textarea id=\"ff_8_2_message\" cols=\"2\" name=\"message\" rows=\"1\" placeholder=\"Kontakta mig ang\u00e5ende ...\" aria-required=\"true\" aria-labelledby=\"label_ff_8_2_message\" data-name=\"message\"><\/textarea><label class=\"ff-el-form-check-label ff_tc_label\" for=\"gdpr-agreement_cbb2fe6cd81aabaf4b5b83c762ef3d51\" aria-label=\"Jag samtycker till att denna webbplats lagrar min inl\u00e4mnade information s\u00e5 att de kan svara p\u00e5 min f\u00f6rfr\u00e5gan. Informationen lagras i 1 \u00e5r.\"><input id=\"gdpr-agreement_cbb2fe6cd81aabaf4b5b83c762ef3d51\" name=\"gdpr-agreement\" type=\"checkbox\" value=\"on\" data-name=\"gdpr-agreement\" aria-invalid=\"false\" aria-required=\"true\/\" \/> Jag samtycker till att denna webbplats lagrar min inl\u00e4mnade information s\u00e5 att de kan svara p\u00e5 min f\u00f6rfr\u00e5gan. Informationen lagras i 1 \u00e5r. <\/label><button type=\"submit\" aria-label=\"Skicka\">Skicka<\/button><\/fieldset><\/form>","protected":false},"excerpt":{"rendered":"<p>Sprinklertankar i sektionsbyggd konstruktion &#8211; Svenskt hantverk, modul\u00e4r design och maximal drifts\u00e4kerhet Cistern Solutions tillverkar och installerar sektionsbyggda sprinklertankar som kombinerar svenskt hantverk med l\u00e5ngsiktig h\u00e5llbarhet och h\u00f6g brands\u00e4kerhet. Varje tank byggs i modul\u00e4r konstruktion, vilket ger flexibilitet vid transport, montering och framtida anpassning. Denna l\u00f6sning l\u00e4mpar sig s\u00e4rskilt v\u00e4l &#8230; <a title=\"Sprinklertankar i sektionsbyggd konstruktion\" class=\"read-more\" href=\"https:\/\/cisternsolutions.eu\/sv\/sprinklertankar-i-sektionsbyggd-konstruktion\/\" aria-label=\"L\u00e4s mer om Sprinklertankar i sektionsbyggd konstruktion\">L\u00e4s mer<\/a><\/p>\n","protected":false},"author":4,"featured_media":0,"parent":0,"menu_order":0,"comment_status":"closed","ping_status":"closed","template":"","meta":{"footnotes":""},"class_list":["post-8089","page","type-page","status-publish"],"yoast_head":"<!-- This site is optimized with the Yoast SEO plugin v27.4 - https:\/\/yoast.com\/product\/yoast-seo-wordpress\/ -->\n<title>Flexibla sprinklertankar i sektioner | Cistern Solutions Sweden<\/title>\n<meta name=\"description\" content=\"Svensktillverkade sektionsbyggda sprinklertankar f\u00f6r boende, industri och kommersiella fastigheter. Epoxibehandlade och l\u00e4tta att anpassa.\" \/>\n<meta name=\"robots\" content=\"index, follow, max-snippet:-1, max-image-preview:large, max-video-preview:-1\" \/>\n<link rel=\"canonical\" href=\"https:\/\/cisternsolutions.eu\/sv\/sprinklertankar-i-sektionsbyggd-konstruktion\/\" \/>\n<meta property=\"og:locale\" content=\"sv_SE\" \/>\n<meta property=\"og:type\" content=\"article\" \/>\n<meta property=\"og:title\" content=\"Flexibla sprinklertankar i sektioner | Cistern Solutions Sweden\" \/>\n<meta property=\"og:description\" content=\"Svensktillverkade sektionsbyggda sprinklertankar f\u00f6r boende, industri och kommersiella fastigheter. Epoxibehandlade och l\u00e4tta att anpassa.\" \/>\n<meta property=\"og:url\" content=\"https:\/\/cisternsolutions.eu\/sv\/sprinklertankar-i-sektionsbyggd-konstruktion\/\" \/>\n<meta property=\"og:site_name\" content=\"Cistern Solutions Sweden\" \/>\n<meta property=\"article:modified_time\" content=\"2026-01-09T08:22:36+00:00\" \/>\n<meta property=\"og:image\" content=\"https:\/\/cisternsolutions.eu\/wp-content\/uploads\/bb-plugin\/cache\/bygga_boendesprinkler_01a-square.jpg\" \/>\n<meta name=\"twitter:card\" content=\"summary_large_image\" \/>\n<meta name=\"twitter:label1\" content=\"Ber\u00e4knad l\u00e4stid\" \/>\n\t<meta name=\"twitter:data1\" content=\"3 minuter\" \/>\n<script type=\"application\/ld+json\" class=\"yoast-schema-graph\">{\"@context\":\"https:\\\/\\\/schema.org\",\"@graph\":[{\"@type\":\"WebPage\",\"@id\":\"https:\\\/\\\/cisternsolutions.eu\\\/sv\\\/sprinklertankar-i-sektionsbyggd-konstruktion\\\/\",\"url\":\"https:\\\/\\\/cisternsolutions.eu\\\/sv\\\/sprinklertankar-i-sektionsbyggd-konstruktion\\\/\",\"name\":\"Flexibla sprinklertankar i sektioner | Cistern Solutions Sweden\",\"isPartOf\":{\"@id\":\"https:\\\/\\\/cisternsolutions.eu\\\/sv\\\/#website\"},\"primaryImageOfPage\":{\"@id\":\"https:\\\/\\\/cisternsolutions.eu\\\/sv\\\/sprinklertankar-i-sektionsbyggd-konstruktion\\\/#primaryimage\"},\"image\":{\"@id\":\"https:\\\/\\\/cisternsolutions.eu\\\/sv\\\/sprinklertankar-i-sektionsbyggd-konstruktion\\\/#primaryimage\"},\"thumbnailUrl\":\"https:\\\/\\\/cisternsolutions.eu\\\/wp-content\\\/uploads\\\/bb-plugin\\\/cache\\\/bygga_boendesprinkler_01a-square.jpg\",\"datePublished\":\"2025-12-01T09:58:30+00:00\",\"dateModified\":\"2026-01-09T08:22:36+00:00\",\"description\":\"Svensktillverkade sektionsbyggda sprinklertankar f\u00f6r boende, industri och kommersiella fastigheter. Epoxibehandlade och l\u00e4tta att anpassa.\",\"breadcrumb\":{\"@id\":\"https:\\\/\\\/cisternsolutions.eu\\\/sv\\\/sprinklertankar-i-sektionsbyggd-konstruktion\\\/#breadcrumb\"},\"inLanguage\":\"sv-SE\",\"potentialAction\":[{\"@type\":\"ReadAction\",\"target\":[\"https:\\\/\\\/cisternsolutions.eu\\\/sv\\\/sprinklertankar-i-sektionsbyggd-konstruktion\\\/\"]}]},{\"@type\":\"ImageObject\",\"inLanguage\":\"sv-SE\",\"@id\":\"https:\\\/\\\/cisternsolutions.eu\\\/sv\\\/sprinklertankar-i-sektionsbyggd-konstruktion\\\/#primaryimage\",\"url\":\"https:\\\/\\\/cisternsolutions.eu\\\/wp-content\\\/uploads\\\/bb-plugin\\\/cache\\\/bygga_boendesprinkler_01a-square.jpg\",\"contentUrl\":\"https:\\\/\\\/cisternsolutions.eu\\\/wp-content\\\/uploads\\\/bb-plugin\\\/cache\\\/bygga_boendesprinkler_01a-square.jpg\"},{\"@type\":\"BreadcrumbList\",\"@id\":\"https:\\\/\\\/cisternsolutions.eu\\\/sv\\\/sprinklertankar-i-sektionsbyggd-konstruktion\\\/#breadcrumb\",\"itemListElement\":[{\"@type\":\"ListItem\",\"position\":1,\"name\":\"Hem\",\"item\":\"https:\\\/\\\/cisternsolutions.eu\\\/sv\\\/\"},{\"@type\":\"ListItem\",\"position\":2,\"name\":\"Sprinklertankar i sektionsbyggd konstruktion\"}]},{\"@type\":\"WebSite\",\"@id\":\"https:\\\/\\\/cisternsolutions.eu\\\/sv\\\/#website\",\"url\":\"https:\\\/\\\/cisternsolutions.eu\\\/sv\\\/\",\"name\":\"Cistern Solutions Sweden\",\"description\":\"Cistern Solutions Sweden\",\"publisher\":{\"@id\":\"https:\\\/\\\/cisternsolutions.eu\\\/sv\\\/#organization\"},\"potentialAction\":[{\"@type\":\"SearchAction\",\"target\":{\"@type\":\"EntryPoint\",\"urlTemplate\":\"https:\\\/\\\/cisternsolutions.eu\\\/sv\\\/?s={search_term_string}\"},\"query-input\":{\"@type\":\"PropertyValueSpecification\",\"valueRequired\":true,\"valueName\":\"search_term_string\"}}],\"inLanguage\":\"sv-SE\"},{\"@type\":\"Organization\",\"@id\":\"https:\\\/\\\/cisternsolutions.eu\\\/sv\\\/#organization\",\"name\":\"| Cistern Solutions Sweden AB\",\"url\":\"https:\\\/\\\/cisternsolutions.eu\\\/sv\\\/\",\"logo\":{\"@type\":\"ImageObject\",\"inLanguage\":\"sv-SE\",\"@id\":\"https:\\\/\\\/cisternsolutions.eu\\\/sv\\\/#\\\/schema\\\/logo\\\/image\\\/\",\"url\":\"https:\\\/\\\/cisternsolutions.eu\\\/wp-content\\\/uploads\\\/2023\\\/11\\\/CisternSolutions_orginal-logo.png\",\"contentUrl\":\"https:\\\/\\\/cisternsolutions.eu\\\/wp-content\\\/uploads\\\/2023\\\/11\\\/CisternSolutions_orginal-logo.png\",\"width\":1045,\"height\":293,\"caption\":\"| Cistern Solutions Sweden AB\"},\"image\":{\"@id\":\"https:\\\/\\\/cisternsolutions.eu\\\/sv\\\/#\\\/schema\\\/logo\\\/image\\\/\"}}]}<\/script>\n<!-- \/ Yoast SEO plugin. -->","yoast_head_json":{"title":"Flexibla sprinklertankar i sektioner | Cistern Solutions Sweden","description":"Svensktillverkade sektionsbyggda sprinklertankar f\u00f6r boende, industri och kommersiella fastigheter. Epoxibehandlade och l\u00e4tta att anpassa.","robots":{"index":"index","follow":"follow","max-snippet":"max-snippet:-1","max-image-preview":"max-image-preview:large","max-video-preview":"max-video-preview:-1"},"canonical":"https:\/\/cisternsolutions.eu\/sv\/sprinklertankar-i-sektionsbyggd-konstruktion\/","og_locale":"sv_SE","og_type":"article","og_title":"Flexibla sprinklertankar i sektioner | Cistern Solutions Sweden","og_description":"Svensktillverkade sektionsbyggda sprinklertankar f\u00f6r boende, industri och kommersiella fastigheter. Epoxibehandlade och l\u00e4tta att anpassa.","og_url":"https:\/\/cisternsolutions.eu\/sv\/sprinklertankar-i-sektionsbyggd-konstruktion\/","og_site_name":"Cistern Solutions Sweden","article_modified_time":"2026-01-09T08:22:36+00:00","og_image":[{"url":"https:\/\/cisternsolutions.eu\/wp-content\/uploads\/bb-plugin\/cache\/bygga_boendesprinkler_01a-square.jpg","type":"","width":"","height":""}],"twitter_card":"summary_large_image","twitter_misc":{"Ber\u00e4knad l\u00e4stid":"3 minuter"},"schema":{"@context":"https:\/\/schema.org","@graph":[{"@type":"WebPage","@id":"https:\/\/cisternsolutions.eu\/sv\/sprinklertankar-i-sektionsbyggd-konstruktion\/","url":"https:\/\/cisternsolutions.eu\/sv\/sprinklertankar-i-sektionsbyggd-konstruktion\/","name":"Flexibla sprinklertankar i sektioner | Cistern Solutions Sweden","isPartOf":{"@id":"https:\/\/cisternsolutions.eu\/sv\/#website"},"primaryImageOfPage":{"@id":"https:\/\/cisternsolutions.eu\/sv\/sprinklertankar-i-sektionsbyggd-konstruktion\/#primaryimage"},"image":{"@id":"https:\/\/cisternsolutions.eu\/sv\/sprinklertankar-i-sektionsbyggd-konstruktion\/#primaryimage"},"thumbnailUrl":"https:\/\/cisternsolutions.eu\/wp-content\/uploads\/bb-plugin\/cache\/bygga_boendesprinkler_01a-square.jpg","datePublished":"2025-12-01T09:58:30+00:00","dateModified":"2026-01-09T08:22:36+00:00","description":"Svensktillverkade sektionsbyggda sprinklertankar f\u00f6r boende, industri och kommersiella fastigheter. Epoxibehandlade och l\u00e4tta att anpassa.","breadcrumb":{"@id":"https:\/\/cisternsolutions.eu\/sv\/sprinklertankar-i-sektionsbyggd-konstruktion\/#breadcrumb"},"inLanguage":"sv-SE","potentialAction":[{"@type":"ReadAction","target":["https:\/\/cisternsolutions.eu\/sv\/sprinklertankar-i-sektionsbyggd-konstruktion\/"]}]},{"@type":"ImageObject","inLanguage":"sv-SE","@id":"https:\/\/cisternsolutions.eu\/sv\/sprinklertankar-i-sektionsbyggd-konstruktion\/#primaryimage","url":"https:\/\/cisternsolutions.eu\/wp-content\/uploads\/bb-plugin\/cache\/bygga_boendesprinkler_01a-square.jpg","contentUrl":"https:\/\/cisternsolutions.eu\/wp-content\/uploads\/bb-plugin\/cache\/bygga_boendesprinkler_01a-square.jpg"},{"@type":"BreadcrumbList","@id":"https:\/\/cisternsolutions.eu\/sv\/sprinklertankar-i-sektionsbyggd-konstruktion\/#breadcrumb","itemListElement":[{"@type":"ListItem","position":1,"name":"Hem","item":"https:\/\/cisternsolutions.eu\/sv\/"},{"@type":"ListItem","position":2,"name":"Sprinklertankar i sektionsbyggd konstruktion"}]},{"@type":"WebSite","@id":"https:\/\/cisternsolutions.eu\/sv\/#website","url":"https:\/\/cisternsolutions.eu\/sv\/","name":"Cistern Solutions Sweden","description":"Cistern Solutions Sweden","publisher":{"@id":"https:\/\/cisternsolutions.eu\/sv\/#organization"},"potentialAction":[{"@type":"SearchAction","target":{"@type":"EntryPoint","urlTemplate":"https:\/\/cisternsolutions.eu\/sv\/?s={search_term_string}"},"query-input":{"@type":"PropertyValueSpecification","valueRequired":true,"valueName":"search_term_string"}}],"inLanguage":"sv-SE"},{"@type":"Organization","@id":"https:\/\/cisternsolutions.eu\/sv\/#organization","name":"| Cistern Solutions Sweden AB","url":"https:\/\/cisternsolutions.eu\/sv\/","logo":{"@type":"ImageObject","inLanguage":"sv-SE","@id":"https:\/\/cisternsolutions.eu\/sv\/#\/schema\/logo\/image\/","url":"https:\/\/cisternsolutions.eu\/wp-content\/uploads\/2023\/11\/CisternSolutions_orginal-logo.png","contentUrl":"https:\/\/cisternsolutions.eu\/wp-content\/uploads\/2023\/11\/CisternSolutions_orginal-logo.png","width":1045,"height":293,"caption":"| Cistern Solutions Sweden AB"},"image":{"@id":"https:\/\/cisternsolutions.eu\/sv\/#\/schema\/logo\/image\/"}}]}},"_links":{"self":[{"href":"https:\/\/cisternsolutions.eu\/sv\/wp-json\/wp\/v2\/pages\/8089","targetHints":{"allow":["GET"]}}],"collection":[{"href":"https:\/\/cisternsolutions.eu\/sv\/wp-json\/wp\/v2\/pages"}],"about":[{"href":"https:\/\/cisternsolutions.eu\/sv\/wp-json\/wp\/v2\/types\/page"}],"author":[{"embeddable":true,"href":"https:\/\/cisternsolutions.eu\/sv\/wp-json\/wp\/v2\/users\/4"}],"replies":[{"embeddable":true,"href":"https:\/\/cisternsolutions.eu\/sv\/wp-json\/wp\/v2\/comments?post=8089"}],"version-history":[{"count":11,"href":"https:\/\/cisternsolutions.eu\/sv\/wp-json\/wp\/v2\/pages\/8089\/revisions"}],"predecessor-version":[{"id":8254,"href":"https:\/\/cisternsolutions.eu\/sv\/wp-json\/wp\/v2\/pages\/8089\/revisions\/8254"}],"wp:attachment":[{"href":"https:\/\/cisternsolutions.eu\/sv\/wp-json\/wp\/v2\/media?parent=8089"}],"curies":[{"name":"wp","href":"https:\/\/api.w.org\/{rel}","templated":true}]}}