{"id":8069,"date":"2025-11-26T15:58:53","date_gmt":"2025-11-26T14:58:53","guid":{"rendered":"https:\/\/cisternsolutions.eu\/?page_id=8069"},"modified":"2026-01-29T15:18:43","modified_gmt":"2026-01-29T14:18:43","slug":"startsida","status":"publish","type":"page","link":"https:\/\/cisternsolutions.eu\/sv\/","title":{"rendered":"Startsida"},"content":{"rendered":"\n\n\t\t<h1>\n\t\t\tVi \u00e4r specialister p\u00e5 tankar och cisterner\n\t\t<\/h1>\n\t\t\t<p>\u00a0Cistern Solutions tillverkar, renoverar och besiktigar tankar i hela Europa.<\/p>\t\t\n\t<a href=\"tel:+46%2010-211%2051%2052\" target=\"_self\" role=\"button\" aria-label=\"+46 (0)10-211 51 52\">\n\t\t\t\t\t\t+46 (0)10-211 51 52\n\t\t\t\t\t<\/a>\n\t<a href=\"mailto:info@cisternsolutions.se\" target=\"_self\" role=\"button\" aria-label=\"info@cisternsolutions.se\">\n\t\t\t\t\t\tinfo@cisternsolutions.se\n\t\t\t\t\t<\/a>\n\t\t<h2>\n\t\t\tSprinklertankar byggda f\u00f6r framtidens brandskydd\n\t\t<\/h2>\n\t<p>Cistern Solutions konstruerar och tillverkar sprinklertankar och cisterner i alla storlekar &#8211; fr\u00e5n stora industril\u00f6sningar till tankar f\u00f6r boendesprinkler. V\u00e5rt fokus \u00e4r alltid detsamma: maximal drifts\u00e4kerhet, l\u00e5ng livsl\u00e4ngd och minimal milj\u00f6p\u00e5verkan.<\/p>\n<p>V\u00e5r unika konstruktion ger starka, t\u00e4ta och flexibla tankar som kan anpassas efter fastighetens behov och framtida krav. Resultatet \u00e4r ett system som kr\u00e4ver minimalt underh\u00e5ll och levererar p\u00e5litlig prestanda \u00e5r efter \u00e5r &#8211; och i decennier fram\u00e5t.<\/p>\n<p>En smart och l\u00e5ngsiktig investering f\u00f6r dig som vill ha ett stabilt, h\u00e5llbart och framtidss\u00e4kert brandskydd.<\/p>\n\t<a href=\"https:\/\/cisternsolutions.eu\/sv\/sprinklertankar-i-sektionsbyggd-konstruktion\/\" target=\"_self\" role=\"button\" aria-label=\"Tanktillverkning\">\n\t\t\t\t\t\tTanktillverkning\n\t\t\t\t\t<\/a>\n\t\t<h2>\n\t\t\tVi renoverar tankar\n\t\t<\/h2>\n\t<p>Cistern Solutions renoverar sprinklertankar med minimal p\u00e5verkan p\u00e5 driften. Vi tar hand om hela processen &#8211; fr\u00e5n inspektion och planering till genomf\u00f6rande och slutkontroll.<\/p>\n<p>Under renoveringen erbjuder vi en tillf\u00e4llig vattenl\u00f6sning, vilket inneb\u00e4r att sprinklersystemet \u00e4r fullt aktivt under hela arbetet. Det eliminerar behovet av kostsamma brandvakter och s\u00e4kerst\u00e4ller ett kontinuerligt och godk\u00e4nt brandskydd genom hela renoveringsperioden.<\/p>\n\t<a href=\"https:\/\/cisternsolutions.eu\/sv\/renovera-sprinklertank\/\" target=\"_self\" role=\"button\" aria-label=\"Renovera tank\">\n\t\t\t\t\t\tRenovera tank\n\t\t\t\t\t<\/a>\n\t\t<h2>\n\t\t\tVi besiktigar tankar\n\t\t<\/h2>\n\t<p>Cistern Solutions inspekterar sprinklertankar med avancerade undervattensdr\u00f6nare.<\/p>\n<p>Metoden spar tid och pengar samtidigt som du f\u00e5r en konkret \u00f6verblick av eventuella skador, korrosion och avlagringar.<\/p>\n<p>Med ett detaljerat beslutsunderlag kan du planera underh\u00e5ll och undvika akuta problem.<\/p>\n\t<a href=\"https:\/\/cisternsolutions.eu\/sv\/besiktning-med-undervattensdronare\/\" target=\"_self\" role=\"button\" aria-label=\"Inspektera tank\">\n\t\t\t\t\t\tInspektera tank\n\t\t\t\t\t<\/a>\n\t\t<h2>\n\t\t\tExempel p\u00e5 tankrenoveringar vi utf\u00f6rt\n\t\t<\/h2>\n\t\t\t<p>Har vi jobbat med n\u00e5got projekt som liknar det du ska ta dig an? H\u00e4r kan du l\u00e4sa om hur vi har l\u00f6st olika problem f\u00f6r v\u00e5ra kunder.\u00a0<\/p>\t\t\n\t\t<h2>\n\t\t\tBesiktning, renovering eller ny sprinklertank?\n\t\t<\/h2>\n\t<p>Beh\u00f6ver du besiktiga en befintlig sprinklertank? Eller funderar du p\u00e5 om det g\u00e5r att renovera den befintliga sprinklertanken?<\/p>\n<p>Cistern Solutions kan hj\u00e4lpa dig i alla tre situationerna.<\/p>\n<p>Om du beh\u00f6ver installera en helt ny sprinklertank ska du absolut titta p\u00e5 v\u00e5ra svensktillverkade sprinklertankar med fokus p\u00e5 h\u00e5llbarhet och drifts\u00e4kerhet.<\/p>\n<p><strong>Fyll i formul\u00e4ret s\u00e5 kontaktar vi dig och g\u00e5r igenom f\u00f6ruts\u00e4ttningar, krav och m\u00f6jliga l\u00f6sningar.<\/strong><\/p>\n\t\t    <form data-form_id=\"1\" id=\"fluentform_1\" data-form_instance=\"ff_form_instance_1_1\" method=\"POST\" data-recptcha_key=\"6LclVsMpAAAAALbQlfjI40nUI01kkMo-WKOg0nvc\"><fieldset>\n                    <legend>Kontaktformul\u00e4r &#8211; SE<\/legend><input type='hidden' name='__fluent_form_embded_post_id' value='8069' \/><input type=\"hidden\" id=\"_fluentform_1_fluentformnonce\" name=\"_fluentform_1_fluentformnonce\" value=\"68501d98a6\" \/><input type=\"hidden\" name=\"_wp_http_referer\" value=\"\/sv\/?fl_builder\" \/><label for='ff_1_names_first_name_' id='label_ff_1_names_first_name_'>Jag heter &#8230;<\/label><input type=\"text\" name=\"names[first_name]\" id=\"ff_1_names_first_name_\" placeholder=\"F\u00f6r- och efternamn\" aria-invalid=\"false\" aria-required=true\/><label for='ff_1_input_text' id='label_ff_1_input_text' aria-label=\"F\u00f6retag\">F\u00f6retag<\/label><input type=\"text\" name=\"input_text\" placeholder=\"Jag jobbar ...\" data-name=\"input_text\" id=\"ff_1_input_text\"  aria-invalid=\"false\" aria-required=true\/><label for='ff_1_email' id='label_ff_1_email' aria-label=\"Mejladress\">Mejladress<\/label><input type=\"email\" name=\"email\" id=\"ff_1_email\" placeholder=\"Mejla till mig p\u00e5 ...\" data-name=\"email\"  aria-invalid=\"false\" aria-required=true\/><label for='ff_1_phone' id='label_ff_1_phone' aria-label=\"Telefonnummer\">Telefonnummer<\/label><input name=\"phone\" type=\"tel\" placeholder=\"Mitt nummer ...\" data-name=\"phone\" id=\"ff_1_phone\" inputmode=\"tel\"  aria-invalid='false' aria-required=true\/><label for='ff_1_subject' id='label_ff_1_subject' aria-label=\"\u00c4mne\">\u00c4mne<\/label><input type=\"text\" name=\"subject\" placeholder=\"Jag \u00e4r intresserad av ....\" data-name=\"subject\" id=\"ff_1_subject\"  aria-invalid=\"false\" aria-required=true\/><label   aria-label=\"Typ av tank\">Typ av tank<\/label><label class='ff-el-form-check-label' for='checkbox_1_b1dcbd1166b57638b97127c4bc7ea5ef'><input type=\"checkbox\" name=\"checkbox_1[]\" data-name=\"checkbox_1\" value=\"Sprinklertank\"  id='checkbox_1_b1dcbd1166b57638b97127c4bc7ea5ef' aria-label='Sprinklertank' aria-invalid='false' aria-required=false\/> Sprinklertank<\/label><label class='ff-el-form-check-label' for='checkbox_1_a17d09428bd6555e0c8433e4da621483'><input type=\"checkbox\" name=\"checkbox_1[]\" data-name=\"checkbox_1\" value=\"Processtank\"  id='checkbox_1_a17d09428bd6555e0c8433e4da621483' aria-label='Processtank' aria-invalid='false' aria-required=false\/> Processtank<\/label><label class='ff-el-form-check-label' for='checkbox_1_fea75d00a3425719f5d7d73bd6d8fe19'><input type=\"checkbox\" name=\"checkbox_1[]\" data-name=\"checkbox_1\" value=\"Annan tank\"  id='checkbox_1_fea75d00a3425719f5d7d73bd6d8fe19' aria-label='Annan tank' aria-invalid='false' aria-required=false\/> Annan tank<\/label><label   aria-label=\"Tj\u00e4nst\">Tj\u00e4nst <\/label><label class='ff-el-form-check-label' for='checkbox_c7dc8997727405b9a126dc87e8c7e9ad'><input type=\"checkbox\" name=\"checkbox[]\" data-name=\"checkbox\" value=\"Inspektion\"  id='checkbox_c7dc8997727405b9a126dc87e8c7e9ad' aria-label='Inspektion' aria-invalid='false' aria-required=false\/> Inspektion<\/label><label class='ff-el-form-check-label' for='checkbox_a8d670845ba25e4a4d02192b93e52900'><input type=\"checkbox\" name=\"checkbox[]\" data-name=\"checkbox\" value=\"Renovering\"  id='checkbox_a8d670845ba25e4a4d02192b93e52900' aria-label='Renovering' aria-invalid='false' aria-required=false\/> Renovering<\/label><label class='ff-el-form-check-label' for='checkbox_2a8fe247ad1242bcc0dbd99ce02bf1b9'><input type=\"checkbox\" name=\"checkbox[]\" data-name=\"checkbox\" value=\"Annant\"  id='checkbox_2a8fe247ad1242bcc0dbd99ce02bf1b9' aria-label='Annant' aria-invalid='false' aria-required=false\/> Annant<\/label><label for='ff_1_multi_select_1' id='label_ff_1_multi_select_1' aria-label=\"Antal tankar\">Antal tankar<\/label><select name=\"multi_select_1[]\" id=\"ff_1_multi_select_1\" placeholder=\"Antal tankar\" multiple=\"1\" data-name=\"multi_select_1\" data-calc_value=\"0\"  aria-invalid=\"false\" aria-required=\"false\" aria-labelledby=\"label_ff_1_multi_select_1\"><option value=\"\">Antal tankar<\/option><option value=\"0\">0<\/option><option value=\"1\">1<\/option><option value=\"2\">2<\/option><option value=\"3\">3<\/option><option value=\"4\">4<\/option><option value=\"5\">5<\/option><option value=\"6\">6<\/option><option value=\"7\">7<\/option><option value=\"8\">8<\/option><option value=\"9\">9<\/option><option value=\"10 eller fler\">10 eller fler<\/option><\/select><label for='ff_1_message' id='label_ff_1_message' aria-label=\"Meddelande\">Meddelande<\/label><textarea aria-required=\"true\" aria-labelledby=\"label_ff_1_message\" name=\"message\" id=\"ff_1_message\" placeholder=\"Ytterligare fr\u00e5gor eller kommentarer ....\" rows=\"4\" cols=\"2\" data-name=\"message\"><\/textarea><label aria-label='Jag samtycker till att denna webbplats lagrar min inl\u00e4mnade information s\u00e5 att de kan svara p\u00e5 min f\u00f6rfr\u00e5gan. Informationen lagras i 1 \u00e5r.' class='ff-el-form-check-label ff_tc_label' for=gdpr-agreement_8a299ccad6091861c4390b7e71c65c34><input type=\"checkbox\" name=\"gdpr-agreement\" data-name=\"gdpr-agreement\" id=\"gdpr-agreement_8a299ccad6091861c4390b7e71c65c34\"  value='on' aria-invalid='false' aria-required=true\/> Jag samtycker till att denna webbplats lagrar min inl\u00e4mnade information s\u00e5 att de kan svara p\u00e5 min f\u00f6rfr\u00e5gan. Informationen lagras i 1 \u00e5r. <\/label><button type=\"submit\"  aria-label=\"Skicka\">Skicka<\/button><\/fieldset><\/form>            \n\n","protected":false},"excerpt":{"rendered":"<p>Vi \u00e4r specialister p\u00e5 tankar och cisterner \u00a0Cistern Solutions tillverkar, renoverar och besiktigar tankar i hela Europa. +46 (0)10-211 51 52 info@cisternsolutions.se Sprinklertankar byggda f\u00f6r framtidens brandskydd Cistern Solutions konstruerar och tillverkar sprinklertankar och cisterner i alla storlekar &#8211; fr\u00e5n stora industril\u00f6sningar till tankar f\u00f6r boendesprinkler. V\u00e5rt fokus \u00e4r alltid &#8230; <a title=\"Startsida\" class=\"read-more\" href=\"https:\/\/cisternsolutions.eu\/sv\/\" aria-label=\"L\u00e4s mer om Startsida\">L\u00e4s mer<\/a><\/p>\n","protected":false},"author":4,"featured_media":0,"parent":0,"menu_order":0,"comment_status":"closed","ping_status":"closed","template":"","meta":{"footnotes":""},"class_list":["post-8069","page","type-page","status-publish"],"yoast_head":"<!-- This site is optimized with the Yoast SEO plugin v27.4 - https:\/\/yoast.com\/product\/yoast-seo-wordpress\/ -->\n<title>Tillverkning &amp; renovering av sprinklertankar | Cistern Solutions<\/title>\n<meta name=\"description\" content=\"Vi tillverkar, inspekterar och renoverar sprinklertankar och cisterner. H\u00e5llbara l\u00f6sningar med fokus p\u00e5 s\u00e4kerhet och livsl\u00e4ngd.\" \/>\n<meta name=\"robots\" content=\"index, follow, max-snippet:-1, max-image-preview:large, max-video-preview:-1\" \/>\n<link rel=\"canonical\" href=\"https:\/\/cisternsolutions.eu\/sv\/\" \/>\n<meta property=\"og:locale\" content=\"sv_SE\" \/>\n<meta property=\"og:type\" content=\"article\" \/>\n<meta property=\"og:title\" content=\"Tillverkning &amp; renovering av sprinklertankar | Cistern Solutions\" \/>\n<meta property=\"og:description\" content=\"Vi tillverkar, inspekterar och renoverar sprinklertankar och cisterner. H\u00e5llbara l\u00f6sningar med fokus p\u00e5 s\u00e4kerhet och livsl\u00e4ngd.\" \/>\n<meta property=\"og:url\" content=\"https:\/\/cisternsolutions.eu\/sv\/\" \/>\n<meta property=\"og:site_name\" content=\"Cistern Solutions Sweden\" \/>\n<meta property=\"article:modified_time\" content=\"2026-01-29T14:18:43+00:00\" \/>\n<meta name=\"twitter:card\" content=\"summary_large_image\" \/>\n<meta name=\"twitter:label1\" content=\"Ber\u00e4knad l\u00e4stid\" \/>\n\t<meta name=\"twitter:data1\" content=\"3 minuter\" \/>\n<script type=\"application\/ld+json\" class=\"yoast-schema-graph\">{\"@context\":\"https:\\\/\\\/schema.org\",\"@graph\":[{\"@type\":\"WebPage\",\"@id\":\"https:\\\/\\\/cisternsolutions.eu\\\/sv\\\/\",\"url\":\"https:\\\/\\\/cisternsolutions.eu\\\/sv\\\/\",\"name\":\"Tillverkning & renovering av sprinklertankar | Cistern Solutions\",\"isPartOf\":{\"@id\":\"https:\\\/\\\/cisternsolutions.eu\\\/sv\\\/#website\"},\"datePublished\":\"2025-11-26T14:58:53+00:00\",\"dateModified\":\"2026-01-29T14:18:43+00:00\",\"description\":\"Vi tillverkar, inspekterar och renoverar sprinklertankar och cisterner. H\u00e5llbara l\u00f6sningar med fokus p\u00e5 s\u00e4kerhet och livsl\u00e4ngd.\",\"breadcrumb\":{\"@id\":\"https:\\\/\\\/cisternsolutions.eu\\\/sv\\\/#breadcrumb\"},\"inLanguage\":\"sv-SE\",\"potentialAction\":[{\"@type\":\"ReadAction\",\"target\":[\"https:\\\/\\\/cisternsolutions.eu\\\/sv\\\/\"]}]},{\"@type\":\"BreadcrumbList\",\"@id\":\"https:\\\/\\\/cisternsolutions.eu\\\/sv\\\/#breadcrumb\",\"itemListElement\":[{\"@type\":\"ListItem\",\"position\":1,\"name\":\"Hem\",\"item\":\"https:\\\/\\\/cisternsolutions.eu\\\/sv\\\/\"},{\"@type\":\"ListItem\",\"position\":2,\"name\":\"Startsida\"}]},{\"@type\":\"WebSite\",\"@id\":\"https:\\\/\\\/cisternsolutions.eu\\\/sv\\\/#website\",\"url\":\"https:\\\/\\\/cisternsolutions.eu\\\/sv\\\/\",\"name\":\"Cistern Solutions Sweden\",\"description\":\"Cistern Solutions Sweden\",\"publisher\":{\"@id\":\"https:\\\/\\\/cisternsolutions.eu\\\/sv\\\/#organization\"},\"potentialAction\":[{\"@type\":\"SearchAction\",\"target\":{\"@type\":\"EntryPoint\",\"urlTemplate\":\"https:\\\/\\\/cisternsolutions.eu\\\/sv\\\/?s={search_term_string}\"},\"query-input\":{\"@type\":\"PropertyValueSpecification\",\"valueRequired\":true,\"valueName\":\"search_term_string\"}}],\"inLanguage\":\"sv-SE\"},{\"@type\":\"Organization\",\"@id\":\"https:\\\/\\\/cisternsolutions.eu\\\/sv\\\/#organization\",\"name\":\"| Cistern Solutions Sweden AB\",\"url\":\"https:\\\/\\\/cisternsolutions.eu\\\/sv\\\/\",\"logo\":{\"@type\":\"ImageObject\",\"inLanguage\":\"sv-SE\",\"@id\":\"https:\\\/\\\/cisternsolutions.eu\\\/sv\\\/#\\\/schema\\\/logo\\\/image\\\/\",\"url\":\"https:\\\/\\\/cisternsolutions.eu\\\/wp-content\\\/uploads\\\/2023\\\/11\\\/CisternSolutions_orginal-logo.png\",\"contentUrl\":\"https:\\\/\\\/cisternsolutions.eu\\\/wp-content\\\/uploads\\\/2023\\\/11\\\/CisternSolutions_orginal-logo.png\",\"width\":1045,\"height\":293,\"caption\":\"| Cistern Solutions Sweden AB\"},\"image\":{\"@id\":\"https:\\\/\\\/cisternsolutions.eu\\\/sv\\\/#\\\/schema\\\/logo\\\/image\\\/\"}}]}<\/script>\n<!-- \/ Yoast SEO plugin. -->","yoast_head_json":{"title":"Tillverkning & renovering av sprinklertankar | Cistern Solutions","description":"Vi tillverkar, inspekterar och renoverar sprinklertankar och cisterner. H\u00e5llbara l\u00f6sningar med fokus p\u00e5 s\u00e4kerhet och livsl\u00e4ngd.","robots":{"index":"index","follow":"follow","max-snippet":"max-snippet:-1","max-image-preview":"max-image-preview:large","max-video-preview":"max-video-preview:-1"},"canonical":"https:\/\/cisternsolutions.eu\/sv\/","og_locale":"sv_SE","og_type":"article","og_title":"Tillverkning & renovering av sprinklertankar | Cistern Solutions","og_description":"Vi tillverkar, inspekterar och renoverar sprinklertankar och cisterner. H\u00e5llbara l\u00f6sningar med fokus p\u00e5 s\u00e4kerhet och livsl\u00e4ngd.","og_url":"https:\/\/cisternsolutions.eu\/sv\/","og_site_name":"Cistern Solutions Sweden","article_modified_time":"2026-01-29T14:18:43+00:00","twitter_card":"summary_large_image","twitter_misc":{"Ber\u00e4knad l\u00e4stid":"3 minuter"},"schema":{"@context":"https:\/\/schema.org","@graph":[{"@type":"WebPage","@id":"https:\/\/cisternsolutions.eu\/sv\/","url":"https:\/\/cisternsolutions.eu\/sv\/","name":"Tillverkning & renovering av sprinklertankar | Cistern Solutions","isPartOf":{"@id":"https:\/\/cisternsolutions.eu\/sv\/#website"},"datePublished":"2025-11-26T14:58:53+00:00","dateModified":"2026-01-29T14:18:43+00:00","description":"Vi tillverkar, inspekterar och renoverar sprinklertankar och cisterner. H\u00e5llbara l\u00f6sningar med fokus p\u00e5 s\u00e4kerhet och livsl\u00e4ngd.","breadcrumb":{"@id":"https:\/\/cisternsolutions.eu\/sv\/#breadcrumb"},"inLanguage":"sv-SE","potentialAction":[{"@type":"ReadAction","target":["https:\/\/cisternsolutions.eu\/sv\/"]}]},{"@type":"BreadcrumbList","@id":"https:\/\/cisternsolutions.eu\/sv\/#breadcrumb","itemListElement":[{"@type":"ListItem","position":1,"name":"Hem","item":"https:\/\/cisternsolutions.eu\/sv\/"},{"@type":"ListItem","position":2,"name":"Startsida"}]},{"@type":"WebSite","@id":"https:\/\/cisternsolutions.eu\/sv\/#website","url":"https:\/\/cisternsolutions.eu\/sv\/","name":"Cistern Solutions Sweden","description":"Cistern Solutions Sweden","publisher":{"@id":"https:\/\/cisternsolutions.eu\/sv\/#organization"},"potentialAction":[{"@type":"SearchAction","target":{"@type":"EntryPoint","urlTemplate":"https:\/\/cisternsolutions.eu\/sv\/?s={search_term_string}"},"query-input":{"@type":"PropertyValueSpecification","valueRequired":true,"valueName":"search_term_string"}}],"inLanguage":"sv-SE"},{"@type":"Organization","@id":"https:\/\/cisternsolutions.eu\/sv\/#organization","name":"| Cistern Solutions Sweden AB","url":"https:\/\/cisternsolutions.eu\/sv\/","logo":{"@type":"ImageObject","inLanguage":"sv-SE","@id":"https:\/\/cisternsolutions.eu\/sv\/#\/schema\/logo\/image\/","url":"https:\/\/cisternsolutions.eu\/wp-content\/uploads\/2023\/11\/CisternSolutions_orginal-logo.png","contentUrl":"https:\/\/cisternsolutions.eu\/wp-content\/uploads\/2023\/11\/CisternSolutions_orginal-logo.png","width":1045,"height":293,"caption":"| Cistern Solutions Sweden AB"},"image":{"@id":"https:\/\/cisternsolutions.eu\/sv\/#\/schema\/logo\/image\/"}}]}},"_links":{"self":[{"href":"https:\/\/cisternsolutions.eu\/sv\/wp-json\/wp\/v2\/pages\/8069","targetHints":{"allow":["GET"]}}],"collection":[{"href":"https:\/\/cisternsolutions.eu\/sv\/wp-json\/wp\/v2\/pages"}],"about":[{"href":"https:\/\/cisternsolutions.eu\/sv\/wp-json\/wp\/v2\/types\/page"}],"author":[{"embeddable":true,"href":"https:\/\/cisternsolutions.eu\/sv\/wp-json\/wp\/v2\/users\/4"}],"replies":[{"embeddable":true,"href":"https:\/\/cisternsolutions.eu\/sv\/wp-json\/wp\/v2\/comments?post=8069"}],"version-history":[{"count":11,"href":"https:\/\/cisternsolutions.eu\/sv\/wp-json\/wp\/v2\/pages\/8069\/revisions"}],"predecessor-version":[{"id":8718,"href":"https:\/\/cisternsolutions.eu\/sv\/wp-json\/wp\/v2\/pages\/8069\/revisions\/8718"}],"wp:attachment":[{"href":"https:\/\/cisternsolutions.eu\/sv\/wp-json\/wp\/v2\/media?parent=8069"}],"curies":[{"name":"wp","href":"https:\/\/api.w.org\/{rel}","templated":true}]}}