{"id":7113,"date":"2024-10-22T11:31:51","date_gmt":"2024-10-22T09:31:51","guid":{"rendered":"https:\/\/cisternsolutions.eu\/?page_id=7113"},"modified":"2024-10-22T14:31:29","modified_gmt":"2024-10-22T12:31:29","slug":"cisterner-for-biogas","status":"publish","type":"page","link":"https:\/\/cisternsolutions.eu\/sv\/cisterner-for-biogas\/","title":{"rendered":"Cisterner f\u00f6r biogas"},"content":{"rendered":"\n\n\t\t<h1>\n\t\t\tCisterner f\u00f6r biogas\n\t\t<\/h1>\n\t\t\t<p>&#8211; centrala f\u00f6r energiomst\u00e4llningen<\/p>\t\t\n<h2>\n\t\tCisterner f\u00f6r biogas kan renoveras\n\t<\/h2>\n\t<p>Biogas \u00e4r en viktig energik\u00e4lla i omst\u00e4llningen till f\u00f6rnybar energi. Den anv\u00e4nds till v\u00e4rme, el och fordonsbr\u00e4nsle. Den produceras sm\u00e5skaligt p\u00e5 lantg\u00e5rdarg\u00e5rdar och storskaligt f\u00f6r v\u00e4rmeverk och industrier. Cisterner finns i hela processen &#8211; f\u00f6r att lagra substrat och f\u00f6r att producera och lagra biogasen.<\/p>\n<p>Cisterner f\u00f6r biogas kan skadas av korrosiva \u00e4mnen i gasen. Biogas \u00e4r brandfarlig och explosiv, s\u00e5 kraven p\u00e5 s\u00e4kerhet \u00e4r h\u00f6ga.<\/p>\n<p>Var p\u00e5 den s\u00e4kra sidan! Inspektera regelbundet s\u00e5 att du kan g\u00f6ra n\u00e5got \u00e5t sm\u00e5 skador i tid. Cistern Solutions har utvecklat en effektiv metod f\u00f6r att reparera skadade tankar.<\/p>\n\t\t\t<h3>Kontakta mig!<\/h3>\n\t\t    <form data-form_id=\"8\" id=\"fluentform_8\" data-form_instance=\"ff_form_instance_8_1\" method=\"POST\" data-recptcha_key=\"6LclVsMpAAAAALbQlfjI40nUI01kkMo-WKOg0nvc\"><fieldset>\n                    <legend>Snabbkontakt &#8211; SE<\/legend><input type='hidden' name='__fluent_form_embded_post_id' value='7113' \/><input type=\"hidden\" id=\"_fluentform_8_fluentformnonce\" name=\"_fluentform_8_fluentformnonce\" value=\"73fefb0e12\" \/><input type=\"hidden\" name=\"_wp_http_referer\" value=\"\/sv\/?page_id=7113&#038;fl_builder\" \/><input type=\"text\" name=\"names[first_name]\" id=\"ff_8_names_first_name_\" placeholder=\"F\u00f6r- och efternamn\" aria-invalid=\"false\" aria-required=true\/><input type=\"email\" name=\"email\" id=\"ff_8_email\" placeholder=\"Min mejladress\" data-name=\"email\"  aria-invalid=\"false\" aria-required=true\/><textarea aria-invalid=\"false\" aria-required=true name=\"message\" id=\"ff_8_message\" placeholder=\"Kontakta mig ang\u00e5ende ...\" rows=\"1\" cols=\"2\" data-name=\"message\"><\/textarea><label aria-label='terms &#038; conditions' class='ff-el-form-check-label ff_tc_label' for=gdpr-agreement_1fd5268f84432dd1e45f6bcae4af9c33><input type=\"checkbox\" name=\"gdpr-agreement\" data-name=\"gdpr-agreement\" id=\"gdpr-agreement_1fd5268f84432dd1e45f6bcae4af9c33\"  value='on' aria-invalid='false' aria-required=true\/> Jag samtycker till att denna webbplats lagrar min inl\u00e4mnade information s\u00e5 att de kan svara p\u00e5 min f\u00f6rfr\u00e5gan. Informationen lagras i 1 \u00e5r. <\/label><button type=\"submit\">Skicka<\/button><\/fieldset><\/form>        \n\t\t\t\t\t\t\t\t\t<img decoding=\"async\" src=\"https:\/\/cisternsolutions.eu\/wp-content\/uploads\/2024\/10\/cisterner_biogas_02.jpg\" alt=\"cisterner_biogas_02\" itemprop=\"image\" height=\"400\" width=\"700\" srcset=\"https:\/\/cisternsolutions.eu\/wp-content\/uploads\/2024\/10\/cisterner_biogas_02.jpg 700w, https:\/\/cisternsolutions.eu\/wp-content\/uploads\/2024\/10\/cisterner_biogas_02-300x171.jpg 300w\" sizes=\"(max-width: 700px) 100vw, 700px\" title=\"cisterner_biogas_02\" onerror=\"this.style.display='none'\"  \/>\n<h2>\n\t\tCisterner f\u00f6r tv\u00e5 former av biogas: komprimerad och flytande\n\t<\/h2>\n\t<p>Biogas produceras genom att organiskt material bryts ner i en syrefri milj\u00f6. Substratet, som det kallas, kan vara avloppsslam, matavfall, g\u00f6dsel och industriavfall. Nedbrytningen sker i r\u00f6tkammare, d\u00e4r bakterier omvandlar det organiska materialet till metan och koldioxid d.v.s. biogas.<\/p>\n<p>Gasen komprimeras och lagras under tryck eller kyls ner till flytande gas. B\u00e5da formerna av biogas lagras i cisterner. Det g\u00f6r \u00e4ven bioslammet, en biprodukt som anv\u00e4nds som g\u00f6dsel i jordbruket.<\/p>\n\t\t\t\t\t\t\t\t\t<img decoding=\"async\" src=\"https:\/\/cisternsolutions.eu\/wp-content\/uploads\/2024\/02\/korrosion_i_tank_02.jpg\" alt=\"korrosion_i_tank_02\" itemprop=\"image\" height=\"400\" width=\"700\" srcset=\"https:\/\/cisternsolutions.eu\/wp-content\/uploads\/2024\/02\/korrosion_i_tank_02.jpg 700w, https:\/\/cisternsolutions.eu\/wp-content\/uploads\/2024\/02\/korrosion_i_tank_02-300x171.jpg 300w\" sizes=\"(max-width: 700px) 100vw, 700px\" title=\"korrosion_i_tank_02\" onerror=\"this.style.display='none'\"  \/>\n<h2>\n\t\tProblem med biogastankar\n\t<\/h2>\n\t<p>De vanligaste problemen f\u00f6r biogastankar \u00e4r sprickor och l\u00e4ckage. Biogas inneh\u00e5ller ofta korrosiva \u00e4mnen som svavelv\u00e4te och ammoniak. I fuktig milj\u00f6 kan svavelv\u00e4te bilda svavelsyra som fr\u00e4ter p\u00e5 tankens gods.<\/p>\n<p>Ett annat problem \u00e4r ansamling av slam som kan blockera ventilerna. Blockerade ventiler kan leda till \u00f6vertryck som i sin tur \u00f6kar risken f\u00f6r explosion. Om gasen inte kan ventileras ut, f\u00f6rs\u00f6ker den leta sig ut andra v\u00e4gar. Biogas som l\u00e4cker ut \u00e4r en stor brandrisk. Om gasen \u00e4r giftig kan skada m\u00e4nniskor finns \u00e4r i n\u00e4rheten.<\/p>\n<h2>\n\t\tS\u00e4kerhet runt biogascisterner\n\t<\/h2>\n\t<p>Tankar f\u00f6r biogas, speciellt de som anv\u00e4nds f\u00f6r komprimerad eller flytande biogas, r\u00e4knas som trycksatta anordningar. Det g\u00e4ller \u00e4ven l\u00f6sa beh\u00e5llare med biogas. En biogascistern klassas ocks\u00e5 som hantering av brandfarliga v\u00e4tskor eller spillolja (se <a href=\"https:\/\/www.msb.se\/sv\/regler\/gallande-regler\/brandfarliga-och-explosiva-varor\/msbfs-20232\/\" target=\"_blank\" rel=\"noopener\">MSB:s f\u00f6reskrifter<\/a>).<\/p>\n<p>Enligt <a href=\"https:\/\/www.av.se\/produktion-industri-och-logistik\/tryck\/tryckkarl-vakuumkarl-rorledningar-och-cisterner\/cisterner\/\" target=\"_blank\" rel=\"noopener\">Arbetsmilj\u00f6verkets f\u00f6reskrifter<\/a> ska cisterner och r\u00f6rledningar besiktigas regelbundet f\u00f6r att minska risken f\u00f6r olyckor och skydda m\u00e4nniskors h\u00e4lsa. Besiktningen ska utf\u00f6ras av ett ackrediterade kontrollorgan.<\/p>\n<ul>\n<li>En cistern ska kontrolleras n\u00e4r den installeras.<\/li>\n<li>Om tanken genomg\u00e5r reparationer m\u00e5ste man g\u00f6ra en revisionsbesiktning innan systemet anv\u00e4nds igen.<\/li>\n<li>N\u00e4r en cistern tas ur bruk ska det anm\u00e4las till myndigheterna. Om den ska tas bort finns anvisningar f\u00f6r att g\u00f6ra det p\u00e5 ett s\u00e4kert s\u00e4tt.<\/li>\n<\/ul>\n<p>F\u00f6r att skydda mark och vatten ska cisterner med anslutna r\u00f6rledningar ha ett sekund\u00e4rt skydd. Skyddet kan f\u00e5nga upp l\u00e4ckage, f\u00f6rhindra explosion och brand eller detektera gasl\u00e4ckage, (F\u00f6r mer information om krav p\u00e5 sekund\u00e4rt skydd, se <a href=\"https:\/\/www.naturvardsverket.se\/globalassets\/nfs\/2021\/nfs-2021-10.pdf\" target=\"_blank\" rel=\"noopener\">Naturv\u00e5rdsverkets f\u00f6reskrifter NFS 2021<\/a>).<\/p>\n\t\t<h2>\n\t\t\tR\u00e4dda en skadad biogascistern\n\t\t<\/h2>\n\t<p>Cisterner beh\u00f6ver skyddas med en bel\u00e4ggning som \u00e4r utformad f\u00f6r att skydda tanken fr\u00e5n korrosiva \u00e4mnen i gasen. Men f\u00f6r att g\u00f6ra sitt jobb m\u00e5ste bel\u00e4ggningen vara intakt.<\/p>\n<p>Regelbunden inspektion hj\u00e4lper dig att uppt\u00e4cka problem i tid. F\u00f6r det g\u00e5r att g\u00f6ra n\u00e5got \u00e5t dem. Cistern Solutions har l\u00e5ng erfarenhet av att arbeta med epoxi- och polyuretanbel\u00e4ggningar. De senaste \u00e5ren har vi utarbetat en effektiv metod f\u00f6r att reparera skadade tankar. Resultatet klarar de h\u00f6ga besiktningskraven med god marginal.<\/p>\n<p>F\u00f6rl\u00e4ng biogastankens livsl\u00e4ngd och s\u00e4kerst\u00e4ll en h\u00e5llbar och effektiv produktion av biogas genom att inspektera ofta och \u00e5tg\u00e4rda sm\u00e5 brister innan de blir stora problem.<\/p>\n\t\t<h3>\n\t\t\tS\u00e4kra upp alla typer av biogastankar\n\t\t<\/h3>\n\t\t\t<p><a href=\"https:\/\/cisternsolutions.eu\/sv\/kontakt\/\">Kontakta oss<\/a> s\u00e5 ber\u00e4ttar vi mer om hur vi arbetar med att renovera cisterner f\u00f6r biogas!<\/p>\t\t\n\t\t<h3>\n\t\t\tJag vill veta mer om renovering cisterner f\u00f6r biogas\n\t\t<\/h3>\n\t\t    <form data-form_id=\"1\" id=\"fluentform_1\" data-form_instance=\"ff_form_instance_1_2\" method=\"POST\" data-recptcha_key=\"6LclVsMpAAAAALbQlfjI40nUI01kkMo-WKOg0nvc\"><fieldset>\n                    <legend>Kontaktformul\u00e4r &#8211; SE<\/legend><input type='hidden' name='__fluent_form_embded_post_id' value='7113' \/><input type=\"hidden\" id=\"_fluentform_1_fluentformnonce\" name=\"_fluentform_1_fluentformnonce\" value=\"73fefb0e12\" \/><input type=\"hidden\" name=\"_wp_http_referer\" value=\"\/sv\/?page_id=7113&#038;fl_builder\" \/><label for='ff_1_2_names_first_name_' aria-label=\"Jag heter ...\">Jag heter &#8230;<\/label><input type=\"text\" name=\"names[first_name]\" id=\"ff_1_2_names_first_name_\" placeholder=\"F\u00f6r- och efternamn\" aria-invalid=\"false\" aria-required=true\/><label for='ff_1_2_input_text' aria-label=\"F\u00f6retag\">F\u00f6retag<\/label><input type=\"text\" name=\"input_text\" placeholder=\"Jag jobbar ...\" data-name=\"input_text\" id=\"ff_1_2_input_text\"  aria-invalid=\"false\" aria-required=true\/><label for='ff_1_2_email' aria-label=\"Mejladress\">Mejladress<\/label><input type=\"email\" name=\"email\" id=\"ff_1_2_email\" placeholder=\"Mejla till mig p\u00e5 ...\" data-name=\"email\"  aria-invalid=\"false\" aria-required=true\/><label for='ff_1_2_phone' aria-label=\"Telefonnummer\">Telefonnummer<\/label><input name=\"phone\" type=\"tel\" placeholder=\"Mitt nummer ...\" data-name=\"phone\" id=\"ff_1_2_phone\" inputmode=\"tel\"  aria-invalid='false' aria-required=true\/><label for='ff_1_2_subject' aria-label=\"\u00c4mne\">\u00c4mne<\/label><input type=\"text\" name=\"subject\" placeholder=\"Jag \u00e4r intresserad av ....\" data-name=\"subject\" id=\"ff_1_2_subject\"  aria-invalid=\"false\" aria-required=true\/><label  aria-label=\"Typ av tank\">Typ av tank<\/label><label class='ff-el-form-check-label' for=checkbox_1_7be532674a511b2691afe391dbf7ea84><input type=\"checkbox\" name=\"checkbox_1[]\" data-name=\"checkbox_1\" value=\"Sprinklertank\"  id='checkbox_1_7be532674a511b2691afe391dbf7ea84' aria-label='Sprinklertank' aria-invalid='false' aria-required=false\/> Sprinklertank<\/label><label class='ff-el-form-check-label' for=checkbox_1_d472ea24b899407161d52ee58ebf3b75><input type=\"checkbox\" name=\"checkbox_1[]\" data-name=\"checkbox_1\" value=\"Processtank\"  id='checkbox_1_d472ea24b899407161d52ee58ebf3b75' aria-label='Processtank' aria-invalid='false' aria-required=false\/> Processtank<\/label><label class='ff-el-form-check-label' for=checkbox_1_ca5a83d43737718d8e80f250b1015962><input type=\"checkbox\" name=\"checkbox_1[]\" data-name=\"checkbox_1\" value=\"Annan tank\"  id='checkbox_1_ca5a83d43737718d8e80f250b1015962' aria-label='Annan tank' aria-invalid='false' aria-required=false\/> Annan tank<\/label><label  aria-label=\"Tj\u00e4nst \">Tj\u00e4nst <\/label><label class='ff-el-form-check-label' for=checkbox_5b0a5a549c539a1c305c7f663f8c14d0><input type=\"checkbox\" name=\"checkbox[]\" data-name=\"checkbox\" value=\"Inspektion\"  id='checkbox_5b0a5a549c539a1c305c7f663f8c14d0' aria-label='Inspektion' aria-invalid='false' aria-required=false\/> Inspektion<\/label><label class='ff-el-form-check-label' for=checkbox_036e822be957536dfacea7e2007ea0fb><input type=\"checkbox\" name=\"checkbox[]\" data-name=\"checkbox\" value=\"Renovering\"  id='checkbox_036e822be957536dfacea7e2007ea0fb' aria-label='Renovering' aria-invalid='false' aria-required=false\/> Renovering<\/label><label class='ff-el-form-check-label' for=checkbox_b8acd182930ce72e36a256cb4ec9eed1><input type=\"checkbox\" name=\"checkbox[]\" data-name=\"checkbox\" value=\"Annant\"  id='checkbox_b8acd182930ce72e36a256cb4ec9eed1' aria-label='Annant' aria-invalid='false' aria-required=false\/> Annant<\/label><label for='ff_1_2_multi_select_1' aria-label=\"Antal tankar\">Antal tankar<\/label><select name=\"multi_select_1[]\" id=\"ff_1_2_multi_select_1\" placeholder=\"Antal tankar\" multiple=\"1\" data-name=\"multi_select_1\" data-calc_value=\"0\"  aria-invalid=\"false\" aria-required=false><option value=\"\">Antal tankar<\/option><option value=\"0\">0<\/option><option value=\"1\">1<\/option><option value=\"2\">2<\/option><option value=\"3\">3<\/option><option value=\"4\">4<\/option><option value=\"5\">5<\/option><option value=\"6\">6<\/option><option value=\"7\">7<\/option><option value=\"8\">8<\/option><option value=\"9\">9<\/option><option value=\"10 eller fler\">10 eller fler<\/option><\/select><label for='ff_1_2_message' aria-label=\"Meddelande\">Meddelande<\/label><textarea aria-invalid=\"false\" aria-required=true name=\"message\" id=\"ff_1_2_message\" placeholder=\"Ytterligare fr\u00e5gor eller kommentarer ....\" rows=\"4\" cols=\"2\" data-name=\"message\"><\/textarea><label aria-label='terms &#038; conditions' class='ff-el-form-check-label ff_tc_label' for=gdpr-agreement_2004e12f326983a270d1b4da14360160><input type=\"checkbox\" name=\"gdpr-agreement\" data-name=\"gdpr-agreement\" id=\"gdpr-agreement_2004e12f326983a270d1b4da14360160\"  value='on' aria-invalid='false' aria-required=true\/> Jag samtycker till att denna webbplats lagrar min inl\u00e4mnade information s\u00e5 att de kan svara p\u00e5 min f\u00f6rfr\u00e5gan. Informationen lagras i 1 \u00e5r. <\/label><button type=\"submit\">Skicka<\/button><\/fieldset><\/form>        \n\n","protected":false},"excerpt":{"rendered":"<p>Inom kemisk industri \u00e4r kraven p\u00e5 s\u00e4kerhet runt cisterner h\u00f6ga. Undvik problem genom att inspektera och laga i tid.<\/p>\n","protected":false},"author":4,"featured_media":6969,"parent":0,"menu_order":0,"comment_status":"closed","ping_status":"closed","template":"","meta":{"footnotes":""},"class_list":["post-7113","page","type-page","status-publish","has-post-thumbnail"],"yoast_head":"<!-- This site is optimized with the Yoast SEO plugin v27.4 - https:\/\/yoast.com\/product\/yoast-seo-wordpress\/ -->\n<title>Renovering av cisterner f\u00f6r biogas | Cistern Solutions Sweden<\/title>\n<meta name=\"description\" content=\"Cisterner f\u00f6r biogas kan skadas av korrosiva \u00e4mnen i biogasen. Vi har en effektitv metod f\u00f6r att laga sprikcor och andra skador. L\u00e4s mer ...\" \/>\n<meta name=\"robots\" content=\"index, follow, max-snippet:-1, max-image-preview:large, max-video-preview:-1\" \/>\n<link rel=\"canonical\" href=\"https:\/\/cisternsolutions.eu\/sv\/cisterner-for-biogas\/\" \/>\n<meta property=\"og:locale\" content=\"sv_SE\" \/>\n<meta property=\"og:type\" content=\"article\" \/>\n<meta property=\"og:title\" content=\"Renovering av cisterner f\u00f6r biogas | Cistern Solutions Sweden\" \/>\n<meta property=\"og:description\" content=\"Cisterner f\u00f6r biogas kan skadas av korrosiva \u00e4mnen i biogasen. Vi har en effektitv metod f\u00f6r att laga sprikcor och andra skador. L\u00e4s mer ...\" \/>\n<meta property=\"og:url\" content=\"https:\/\/cisternsolutions.eu\/sv\/cisterner-for-biogas\/\" \/>\n<meta property=\"og:site_name\" content=\"Cistern Solutions Sweden\" \/>\n<meta property=\"article:modified_time\" content=\"2024-10-22T12:31:29+00:00\" \/>\n<meta property=\"og:image\" content=\"https:\/\/cisternsolutions.eu\/wp-content\/uploads\/2024\/10\/cisterner_kemiskindustri-hero.jpg\" \/>\n\t<meta property=\"og:image:width\" content=\"1920\" \/>\n\t<meta property=\"og:image:height\" content=\"526\" \/>\n\t<meta property=\"og:image:type\" content=\"image\/jpeg\" \/>\n<meta name=\"twitter:card\" content=\"summary_large_image\" \/>\n<meta name=\"twitter:label1\" content=\"Ber\u00e4knad l\u00e4stid\" \/>\n\t<meta name=\"twitter:data1\" content=\"4 minuter\" \/>\n<script type=\"application\/ld+json\" class=\"yoast-schema-graph\">{\"@context\":\"https:\\\/\\\/schema.org\",\"@graph\":[{\"@type\":\"WebPage\",\"@id\":\"https:\\\/\\\/cisternsolutions.eu\\\/sv\\\/cisterner-for-biogas\\\/\",\"url\":\"https:\\\/\\\/cisternsolutions.eu\\\/sv\\\/cisterner-for-biogas\\\/\",\"name\":\"Renovering av cisterner f\u00f6r biogas | Cistern Solutions Sweden\",\"isPartOf\":{\"@id\":\"https:\\\/\\\/cisternsolutions.eu\\\/sv\\\/#website\"},\"primaryImageOfPage\":{\"@id\":\"https:\\\/\\\/cisternsolutions.eu\\\/sv\\\/cisterner-for-biogas\\\/#primaryimage\"},\"image\":{\"@id\":\"https:\\\/\\\/cisternsolutions.eu\\\/sv\\\/cisterner-for-biogas\\\/#primaryimage\"},\"thumbnailUrl\":\"https:\\\/\\\/cisternsolutions.eu\\\/wp-content\\\/uploads\\\/2024\\\/10\\\/cisterner_kemiskindustri-hero.jpg\",\"datePublished\":\"2024-10-22T09:31:51+00:00\",\"dateModified\":\"2024-10-22T12:31:29+00:00\",\"description\":\"Cisterner f\u00f6r biogas kan skadas av korrosiva \u00e4mnen i biogasen. Vi har en effektitv metod f\u00f6r att laga sprikcor och andra skador. L\u00e4s mer ...\",\"breadcrumb\":{\"@id\":\"https:\\\/\\\/cisternsolutions.eu\\\/sv\\\/cisterner-for-biogas\\\/#breadcrumb\"},\"inLanguage\":\"sv-SE\",\"potentialAction\":[{\"@type\":\"ReadAction\",\"target\":[\"https:\\\/\\\/cisternsolutions.eu\\\/sv\\\/cisterner-for-biogas\\\/\"]}]},{\"@type\":\"ImageObject\",\"inLanguage\":\"sv-SE\",\"@id\":\"https:\\\/\\\/cisternsolutions.eu\\\/sv\\\/cisterner-for-biogas\\\/#primaryimage\",\"url\":\"https:\\\/\\\/cisternsolutions.eu\\\/wp-content\\\/uploads\\\/2024\\\/10\\\/cisterner_kemiskindustri-hero.jpg\",\"contentUrl\":\"https:\\\/\\\/cisternsolutions.eu\\\/wp-content\\\/uploads\\\/2024\\\/10\\\/cisterner_kemiskindustri-hero.jpg\",\"width\":1920,\"height\":526},{\"@type\":\"BreadcrumbList\",\"@id\":\"https:\\\/\\\/cisternsolutions.eu\\\/sv\\\/cisterner-for-biogas\\\/#breadcrumb\",\"itemListElement\":[{\"@type\":\"ListItem\",\"position\":1,\"name\":\"Hem\",\"item\":\"https:\\\/\\\/cisternsolutions.eu\\\/sv\\\/\"},{\"@type\":\"ListItem\",\"position\":2,\"name\":\"Cisterner f\u00f6r biogas\"}]},{\"@type\":\"WebSite\",\"@id\":\"https:\\\/\\\/cisternsolutions.eu\\\/sv\\\/#website\",\"url\":\"https:\\\/\\\/cisternsolutions.eu\\\/sv\\\/\",\"name\":\"Cistern Solutions Sweden\",\"description\":\"Cistern Solutions Sweden\",\"publisher\":{\"@id\":\"https:\\\/\\\/cisternsolutions.eu\\\/sv\\\/#organization\"},\"potentialAction\":[{\"@type\":\"SearchAction\",\"target\":{\"@type\":\"EntryPoint\",\"urlTemplate\":\"https:\\\/\\\/cisternsolutions.eu\\\/sv\\\/?s={search_term_string}\"},\"query-input\":{\"@type\":\"PropertyValueSpecification\",\"valueRequired\":true,\"valueName\":\"search_term_string\"}}],\"inLanguage\":\"sv-SE\"},{\"@type\":\"Organization\",\"@id\":\"https:\\\/\\\/cisternsolutions.eu\\\/sv\\\/#organization\",\"name\":\"| Cistern Solutions Sweden AB\",\"url\":\"https:\\\/\\\/cisternsolutions.eu\\\/sv\\\/\",\"logo\":{\"@type\":\"ImageObject\",\"inLanguage\":\"sv-SE\",\"@id\":\"https:\\\/\\\/cisternsolutions.eu\\\/sv\\\/#\\\/schema\\\/logo\\\/image\\\/\",\"url\":\"https:\\\/\\\/cisternsolutions.eu\\\/wp-content\\\/uploads\\\/2023\\\/11\\\/CisternSolutions_orginal-logo.png\",\"contentUrl\":\"https:\\\/\\\/cisternsolutions.eu\\\/wp-content\\\/uploads\\\/2023\\\/11\\\/CisternSolutions_orginal-logo.png\",\"width\":1045,\"height\":293,\"caption\":\"| Cistern Solutions Sweden AB\"},\"image\":{\"@id\":\"https:\\\/\\\/cisternsolutions.eu\\\/sv\\\/#\\\/schema\\\/logo\\\/image\\\/\"}}]}<\/script>\n<!-- \/ Yoast SEO plugin. -->","yoast_head_json":{"title":"Renovering av cisterner f\u00f6r biogas | Cistern Solutions Sweden","description":"Cisterner f\u00f6r biogas kan skadas av korrosiva \u00e4mnen i biogasen. Vi har en effektitv metod f\u00f6r att laga sprikcor och andra skador. L\u00e4s mer ...","robots":{"index":"index","follow":"follow","max-snippet":"max-snippet:-1","max-image-preview":"max-image-preview:large","max-video-preview":"max-video-preview:-1"},"canonical":"https:\/\/cisternsolutions.eu\/sv\/cisterner-for-biogas\/","og_locale":"sv_SE","og_type":"article","og_title":"Renovering av cisterner f\u00f6r biogas | Cistern Solutions Sweden","og_description":"Cisterner f\u00f6r biogas kan skadas av korrosiva \u00e4mnen i biogasen. Vi har en effektitv metod f\u00f6r att laga sprikcor och andra skador. L\u00e4s mer ...","og_url":"https:\/\/cisternsolutions.eu\/sv\/cisterner-for-biogas\/","og_site_name":"Cistern Solutions Sweden","article_modified_time":"2024-10-22T12:31:29+00:00","og_image":[{"width":1920,"height":526,"url":"https:\/\/cisternsolutions.eu\/wp-content\/uploads\/2024\/10\/cisterner_kemiskindustri-hero.jpg","type":"image\/jpeg"}],"twitter_card":"summary_large_image","twitter_misc":{"Ber\u00e4knad l\u00e4stid":"4 minuter"},"schema":{"@context":"https:\/\/schema.org","@graph":[{"@type":"WebPage","@id":"https:\/\/cisternsolutions.eu\/sv\/cisterner-for-biogas\/","url":"https:\/\/cisternsolutions.eu\/sv\/cisterner-for-biogas\/","name":"Renovering av cisterner f\u00f6r biogas | Cistern Solutions Sweden","isPartOf":{"@id":"https:\/\/cisternsolutions.eu\/sv\/#website"},"primaryImageOfPage":{"@id":"https:\/\/cisternsolutions.eu\/sv\/cisterner-for-biogas\/#primaryimage"},"image":{"@id":"https:\/\/cisternsolutions.eu\/sv\/cisterner-for-biogas\/#primaryimage"},"thumbnailUrl":"https:\/\/cisternsolutions.eu\/wp-content\/uploads\/2024\/10\/cisterner_kemiskindustri-hero.jpg","datePublished":"2024-10-22T09:31:51+00:00","dateModified":"2024-10-22T12:31:29+00:00","description":"Cisterner f\u00f6r biogas kan skadas av korrosiva \u00e4mnen i biogasen. Vi har en effektitv metod f\u00f6r att laga sprikcor och andra skador. L\u00e4s mer ...","breadcrumb":{"@id":"https:\/\/cisternsolutions.eu\/sv\/cisterner-for-biogas\/#breadcrumb"},"inLanguage":"sv-SE","potentialAction":[{"@type":"ReadAction","target":["https:\/\/cisternsolutions.eu\/sv\/cisterner-for-biogas\/"]}]},{"@type":"ImageObject","inLanguage":"sv-SE","@id":"https:\/\/cisternsolutions.eu\/sv\/cisterner-for-biogas\/#primaryimage","url":"https:\/\/cisternsolutions.eu\/wp-content\/uploads\/2024\/10\/cisterner_kemiskindustri-hero.jpg","contentUrl":"https:\/\/cisternsolutions.eu\/wp-content\/uploads\/2024\/10\/cisterner_kemiskindustri-hero.jpg","width":1920,"height":526},{"@type":"BreadcrumbList","@id":"https:\/\/cisternsolutions.eu\/sv\/cisterner-for-biogas\/#breadcrumb","itemListElement":[{"@type":"ListItem","position":1,"name":"Hem","item":"https:\/\/cisternsolutions.eu\/sv\/"},{"@type":"ListItem","position":2,"name":"Cisterner f\u00f6r biogas"}]},{"@type":"WebSite","@id":"https:\/\/cisternsolutions.eu\/sv\/#website","url":"https:\/\/cisternsolutions.eu\/sv\/","name":"Cistern Solutions Sweden","description":"Cistern Solutions Sweden","publisher":{"@id":"https:\/\/cisternsolutions.eu\/sv\/#organization"},"potentialAction":[{"@type":"SearchAction","target":{"@type":"EntryPoint","urlTemplate":"https:\/\/cisternsolutions.eu\/sv\/?s={search_term_string}"},"query-input":{"@type":"PropertyValueSpecification","valueRequired":true,"valueName":"search_term_string"}}],"inLanguage":"sv-SE"},{"@type":"Organization","@id":"https:\/\/cisternsolutions.eu\/sv\/#organization","name":"| Cistern Solutions Sweden AB","url":"https:\/\/cisternsolutions.eu\/sv\/","logo":{"@type":"ImageObject","inLanguage":"sv-SE","@id":"https:\/\/cisternsolutions.eu\/sv\/#\/schema\/logo\/image\/","url":"https:\/\/cisternsolutions.eu\/wp-content\/uploads\/2023\/11\/CisternSolutions_orginal-logo.png","contentUrl":"https:\/\/cisternsolutions.eu\/wp-content\/uploads\/2023\/11\/CisternSolutions_orginal-logo.png","width":1045,"height":293,"caption":"| Cistern Solutions Sweden AB"},"image":{"@id":"https:\/\/cisternsolutions.eu\/sv\/#\/schema\/logo\/image\/"}}]}},"_links":{"self":[{"href":"https:\/\/cisternsolutions.eu\/sv\/wp-json\/wp\/v2\/pages\/7113","targetHints":{"allow":["GET"]}}],"collection":[{"href":"https:\/\/cisternsolutions.eu\/sv\/wp-json\/wp\/v2\/pages"}],"about":[{"href":"https:\/\/cisternsolutions.eu\/sv\/wp-json\/wp\/v2\/types\/page"}],"author":[{"embeddable":true,"href":"https:\/\/cisternsolutions.eu\/sv\/wp-json\/wp\/v2\/users\/4"}],"replies":[{"embeddable":true,"href":"https:\/\/cisternsolutions.eu\/sv\/wp-json\/wp\/v2\/comments?post=7113"}],"version-history":[{"count":3,"href":"https:\/\/cisternsolutions.eu\/sv\/wp-json\/wp\/v2\/pages\/7113\/revisions"}],"predecessor-version":[{"id":7180,"href":"https:\/\/cisternsolutions.eu\/sv\/wp-json\/wp\/v2\/pages\/7113\/revisions\/7180"}],"wp:featuredmedia":[{"embeddable":true,"href":"https:\/\/cisternsolutions.eu\/sv\/wp-json\/wp\/v2\/media\/6969"}],"wp:attachment":[{"href":"https:\/\/cisternsolutions.eu\/sv\/wp-json\/wp\/v2\/media?parent=7113"}],"curies":[{"name":"wp","href":"https:\/\/api.w.org\/{rel}","templated":true}]}}