{"id":7071,"date":"2024-10-13T13:59:10","date_gmt":"2024-10-13T11:59:10","guid":{"rendered":"https:\/\/cisternsolutions.eu\/?page_id=7071"},"modified":"2024-10-22T15:17:52","modified_gmt":"2024-10-22T13:17:52","slug":"branscher","status":"publish","type":"page","link":"https:\/\/cisternsolutions.eu\/sv\/branscher\/","title":{"rendered":"Branscher"},"content":{"rendered":"\n\n\t\t<h1>\n\t\t\tVi renoverar tankar i desssa branscher\n\t\t<\/h1>\n\t\t\t<p>Tankar och cistern f\u00f6rekommer i m\u00e5nga branscher och har olika funktioner. L\u00e4s mer om hur vi arbetar med renvoering av cisterner i din bransch.\u00a0<\/p>\t\t\n\t<meta itemscope itemprop=\"mainEntityOfPage\" itemtype=\"https:\/\/schema.org\/WebPage\" itemid=\"http:\/\/7113\" content=\"Cisterner f\u00f6r biogas\" \/><meta itemprop=\"datePublished\" content=\"2024-10-22\" \/><meta itemprop=\"dateModified\" content=\"2024-10-22\" \/><meta itemprop=\"name\" content=\"Cistern Solutions Sweden\"\/><meta itemprop=\"url\" content=\"https:\/\/cisternsolutions.eu\/sv\/author\/christina\/\" \/><meta itemprop=\"name\" content=\"Christina Svensson\" \/><meta itemprop=\"url\" content=\"https:\/\/cisternsolutions.eu\/wp-content\/uploads\/2024\/10\/cisterner_kemiskindustri-hero.jpg\" \/><meta itemprop=\"width\" content=\"1920\" \/><meta itemprop=\"height\" content=\"526\" \/><meta itemprop=\"interactionType\" content=\"https:\/\/schema.org\/CommentAction\" \/><meta itemprop=\"userInteractionCount\" content=\"0\" \/>\n\t\t\t\t<a href=\"https:\/\/cisternsolutions.eu\/sv\/cisterner-for-biogas\/\" target=\"_self\" itemprop=\"url\" rel=\"noopener\">\n\t\t\t\t<img decoding=\"async\" src=\"https:\/\/cisternsolutions.eu\/wp-content\/uploads\/bb-plugin\/cache\/cisterner_kemiskindustri-hero-panorama-6bce46718ec6216ec98768a34a7004cc-.jpg\" alt=\"cisterner_kemiskindustri-hero\" itemprop=\"image\" data-no-lazy=\"1\" height=\"526\" width=\"1920\" title=\"cisterner_kemiskindustri-hero\" onerror=\"this.style.display='none'\"  \/>\n\t\t\t\t<\/a>\n\t\t\t\t\t\t\t\t\t<h3 itemprop=\"headline\">\n\t\t\t\t\t\t\t\t\t\t\t\t\t<a href=\"https:\/\/cisternsolutions.eu\/sv\/cisterner-for-biogas\/\" title=\"Cisterner f\u00f6r biogas\">\n\t\t\t\t\t\t\t\t\t\t\t\t\t\tCisterner f\u00f6r biogas\t\t\t\t\t\t\t\t\t\t\t\t\t<\/a>\n\t\t\t\t\t\t\t\t\t\t\t<\/h3>\n    <p>Inom kemisk industri \u00e4r kraven p\u00e5 s\u00e4kerhet runt cisterner h\u00f6ga. Undvik problem genom att inspektera och laga i tid.<\/p>\n    <a href=\"https:\/\/cisternsolutions.eu\/sv\/cisterner-for-biogas\/\" title=\"Cisterner f\u00f6r biogas\">L\u00e4s mer about Cisterner f\u00f6r biogas<\/a>\n\t<meta itemscope itemprop=\"mainEntityOfPage\" itemtype=\"https:\/\/schema.org\/WebPage\" itemid=\"http:\/\/6889\" content=\"Cisterner f\u00f6r kemisk industri\" \/><meta itemprop=\"datePublished\" content=\"2024-10-08\" \/><meta itemprop=\"dateModified\" content=\"2024-10-18\" \/><meta itemprop=\"name\" content=\"Cistern Solutions Sweden\"\/><meta itemprop=\"url\" content=\"https:\/\/cisternsolutions.eu\/sv\/author\/christina\/\" \/><meta itemprop=\"name\" content=\"Christina Svensson\" \/><meta itemprop=\"url\" content=\"https:\/\/cisternsolutions.eu\/wp-content\/uploads\/2024\/10\/cisterner_kemiskindustri-hero.jpg\" \/><meta itemprop=\"width\" content=\"1920\" \/><meta itemprop=\"height\" content=\"526\" \/><meta itemprop=\"interactionType\" content=\"https:\/\/schema.org\/CommentAction\" \/><meta itemprop=\"userInteractionCount\" content=\"0\" \/>\n\t\t\t\t<a href=\"https:\/\/cisternsolutions.eu\/sv\/cisterner-for-kemisk-industri\/\" target=\"_self\" itemprop=\"url\" rel=\"noopener\">\n\t\t\t\t<img decoding=\"async\" src=\"https:\/\/cisternsolutions.eu\/wp-content\/uploads\/bb-plugin\/cache\/cisterner_kemiskindustri-hero-panorama-6bce46718ec6216ec98768a34a7004cc-.jpg\" alt=\"cisterner_kemiskindustri-hero\" itemprop=\"image\" data-no-lazy=\"1\" height=\"526\" width=\"1920\" title=\"cisterner_kemiskindustri-hero\" onerror=\"this.style.display='none'\"  \/>\n\t\t\t\t<\/a>\n\t\t\t\t\t\t\t\t\t<h3 itemprop=\"headline\">\n\t\t\t\t\t\t\t\t\t\t\t\t\t<a href=\"https:\/\/cisternsolutions.eu\/sv\/cisterner-for-kemisk-industri\/\" title=\"Cisterner f\u00f6r kemisk industri\">\n\t\t\t\t\t\t\t\t\t\t\t\t\t\tCisterner f\u00f6r kemisk industri\t\t\t\t\t\t\t\t\t\t\t\t\t<\/a>\n\t\t\t\t\t\t\t\t\t\t\t<\/h3>\n    <p>Inom kemisk industri \u00e4r kraven p\u00e5 s\u00e4kerhet runt cisterner h\u00f6ga. Undvik problem genom att inspektera och laga i tid.<\/p>\n    <a href=\"https:\/\/cisternsolutions.eu\/sv\/cisterner-for-kemisk-industri\/\" title=\"Cisterner f\u00f6r kemisk industri\">L\u00e4s mer about Cisterner f\u00f6r kemisk industri<\/a>\n\t<meta itemscope itemprop=\"mainEntityOfPage\" itemtype=\"https:\/\/schema.org\/WebPage\" itemid=\"http:\/\/6827\" content=\"Cisterner f\u00f6r processvatten\" \/><meta itemprop=\"datePublished\" content=\"2024-10-08\" \/><meta itemprop=\"dateModified\" content=\"2024-10-18\" \/><meta itemprop=\"name\" content=\"Cistern Solutions Sweden\"\/><meta itemprop=\"url\" content=\"https:\/\/cisternsolutions.eu\/sv\/author\/christina\/\" \/><meta itemprop=\"name\" content=\"Christina Svensson\" \/><meta itemprop=\"url\" content=\"https:\/\/cisternsolutions.eu\/wp-content\/uploads\/2024\/10\/cisterner_processvatten_hero.jpg\" \/><meta itemprop=\"width\" content=\"1920\" \/><meta itemprop=\"height\" content=\"526\" \/><meta itemprop=\"interactionType\" content=\"https:\/\/schema.org\/CommentAction\" \/><meta itemprop=\"userInteractionCount\" content=\"0\" \/>\n\t\t\t\t<a href=\"https:\/\/cisternsolutions.eu\/sv\/cisterner-for-processvatten\/\" target=\"_self\" itemprop=\"url\" rel=\"noopener\">\n\t\t\t\t<img decoding=\"async\" src=\"https:\/\/cisternsolutions.eu\/wp-content\/uploads\/bb-plugin\/cache\/cisterner_processvatten_hero-panorama-0204029c59711acbe18361d557f42dc5-.jpg\" alt=\"cisterner_processvatten_hero\" itemprop=\"image\" data-no-lazy=\"1\" height=\"526\" width=\"1920\" title=\"cisterner_processvatten_hero\" onerror=\"this.style.display='none'\"  \/>\n\t\t\t\t<\/a>\n\t\t\t\t\t\t\t\t\t<h3 itemprop=\"headline\">\n\t\t\t\t\t\t\t\t\t\t\t\t\t<a href=\"https:\/\/cisternsolutions.eu\/sv\/cisterner-for-processvatten\/\" title=\"Cisterner f\u00f6r processvatten\">\n\t\t\t\t\t\t\t\t\t\t\t\t\t\tCisterner f\u00f6r processvatten\t\t\t\t\t\t\t\t\t\t\t\t\t<\/a>\n\t\t\t\t\t\t\t\t\t\t\t<\/h3>\n    <p>Processvattentankar m\u00e5ste garantera en s\u00e4ker produktion. Var s\u00e4ker genom att inspektera tanken ofta.<\/p>\n    <a href=\"https:\/\/cisternsolutions.eu\/sv\/cisterner-for-processvatten\/\" title=\"Cisterner f\u00f6r processvatten\">L\u00e4s mer about Cisterner f\u00f6r processvatten<\/a>\n\t<meta itemscope itemprop=\"mainEntityOfPage\" itemtype=\"https:\/\/schema.org\/WebPage\" itemid=\"http:\/\/6775\" content=\"Cisterner f\u00f6r vattenrening\" \/><meta itemprop=\"datePublished\" content=\"2024-10-08\" \/><meta itemprop=\"dateModified\" content=\"2024-10-18\" \/><meta itemprop=\"name\" content=\"Cistern Solutions Sweden\"\/><meta itemprop=\"url\" content=\"https:\/\/cisternsolutions.eu\/sv\/author\/christina\/\" \/><meta itemprop=\"name\" content=\"Christina Svensson\" \/><meta itemprop=\"url\" content=\"https:\/\/cisternsolutions.eu\/wp-content\/uploads\/2024\/10\/cisterner_vattenrening-hero.jpg\" \/><meta itemprop=\"width\" content=\"1920\" \/><meta itemprop=\"height\" content=\"526\" \/><meta itemprop=\"interactionType\" content=\"https:\/\/schema.org\/CommentAction\" \/><meta itemprop=\"userInteractionCount\" content=\"0\" \/>\n\t\t\t\t<a href=\"https:\/\/cisternsolutions.eu\/sv\/cisterner-for-vattenrening\/\" target=\"_self\" itemprop=\"url\" rel=\"noopener\">\n\t\t\t\t<img decoding=\"async\" src=\"https:\/\/cisternsolutions.eu\/wp-content\/uploads\/bb-plugin\/cache\/cisterner_vattenrening-hero-panorama-8925fcd7a9fedca76e63c596baf80a86-.jpg\" alt=\"cisterner_vattenrening-hero\" itemprop=\"image\" data-no-lazy=\"1\" height=\"526\" width=\"1920\" title=\"cisterner_vattenrening-hero\" onerror=\"this.style.display='none'\"  \/>\n\t\t\t\t<\/a>\n\t\t\t\t\t\t\t\t\t<h3 itemprop=\"headline\">\n\t\t\t\t\t\t\t\t\t\t\t\t\t<a href=\"https:\/\/cisternsolutions.eu\/sv\/cisterner-for-vattenrening\/\" title=\"Cisterner f\u00f6r vattenrening\">\n\t\t\t\t\t\t\t\t\t\t\t\t\t\tCisterner f\u00f6r vattenrening\t\t\t\t\t\t\t\t\t\t\t\t\t<\/a>\n\t\t\t\t\t\t\t\t\t\t\t<\/h3>\n    <p>Cistern Solutions renoveringsmetod kan \u00e5terst\u00e4lla funktionen om cisterner f\u00f6r vattenrening skadats. <\/p>\n    <a href=\"https:\/\/cisternsolutions.eu\/sv\/cisterner-for-vattenrening\/\" title=\"Cisterner f\u00f6r vattenrening\">L\u00e4s mer about Cisterner f\u00f6r vattenrening<\/a>\n\t<meta itemscope itemprop=\"mainEntityOfPage\" itemtype=\"https:\/\/schema.org\/WebPage\" itemid=\"http:\/\/6677\" content=\"Cisterner f\u00f6r livsmedel\" \/><meta itemprop=\"datePublished\" content=\"2024-10-07\" \/><meta itemprop=\"dateModified\" content=\"2024-10-22\" \/><meta itemprop=\"name\" content=\"Cistern Solutions Sweden\"\/><meta itemprop=\"url\" content=\"https:\/\/cisternsolutions.eu\/sv\/author\/christina\/\" \/><meta itemprop=\"name\" content=\"Christina Svensson\" \/><meta itemprop=\"url\" content=\"https:\/\/cisternsolutions.eu\/wp-content\/uploads\/2024\/10\/cisterner_livsmedel-hero.jpg\" \/><meta itemprop=\"width\" content=\"1920\" \/><meta itemprop=\"height\" content=\"526\" \/><meta itemprop=\"interactionType\" content=\"https:\/\/schema.org\/CommentAction\" \/><meta itemprop=\"userInteractionCount\" content=\"0\" \/>\n\t\t\t\t<a href=\"https:\/\/cisternsolutions.eu\/sv\/cisterner-for-livsmedel\/\" target=\"_self\" itemprop=\"url\" rel=\"noopener\">\n\t\t\t\t<img decoding=\"async\" src=\"https:\/\/cisternsolutions.eu\/wp-content\/uploads\/bb-plugin\/cache\/cisterner_livsmedel-hero-panorama-07513df973a36d4bd8f4be5b7c7d8fe9-.jpg\" alt=\"cisterner_livsmedel-hero\" itemprop=\"image\" data-no-lazy=\"1\" height=\"526\" width=\"1920\" title=\"cisterner_livsmedel-hero\" onerror=\"this.style.display='none'\"  \/>\n\t\t\t\t<\/a>\n\t\t\t\t\t\t\t\t\t<h3 itemprop=\"headline\">\n\t\t\t\t\t\t\t\t\t\t\t\t\t<a href=\"https:\/\/cisternsolutions.eu\/sv\/cisterner-for-livsmedel\/\" title=\"Cisterner f\u00f6r livsmedel\">\n\t\t\t\t\t\t\t\t\t\t\t\t\t\tCisterner f\u00f6r livsmedel\t\t\t\t\t\t\t\t\t\t\t\t\t<\/a>\n\t\t\t\t\t\t\t\t\t\t\t<\/h3>\n    <p>Livsmedelstankar som blivit skadade kan restaureras och bli som nya igen med Cistern Solutions Swedens metod. <\/p>\n    <a href=\"https:\/\/cisternsolutions.eu\/sv\/cisterner-for-livsmedel\/\" title=\"Cisterner f\u00f6r livsmedel\">L\u00e4s mer about Cisterner f\u00f6r livsmedel<\/a>\n\t<meta itemscope itemprop=\"mainEntityOfPage\" itemtype=\"https:\/\/schema.org\/WebPage\" itemid=\"http:\/\/5111\" content=\"Sprinklertankar\" \/><meta itemprop=\"datePublished\" content=\"2024-03-05\" \/><meta itemprop=\"dateModified\" content=\"2024-10-13\" \/><meta itemprop=\"name\" content=\"Cistern Solutions Sweden\"\/><meta itemprop=\"url\" content=\"https:\/\/cisternsolutions.eu\/sv\/author\/christina\/\" \/><meta itemprop=\"name\" content=\"Christina Svensson\" \/><meta itemprop=\"url\" content=\"https:\/\/cisternsolutions.eu\/wp-content\/uploads\/2024\/03\/sprinklertankar.jpg\" \/><meta itemprop=\"width\" content=\"1920\" \/><meta itemprop=\"height\" content=\"526\" \/><meta itemprop=\"interactionType\" content=\"https:\/\/schema.org\/CommentAction\" \/><meta itemprop=\"userInteractionCount\" content=\"0\" \/>\n\t\t\t\t<a href=\"https:\/\/cisternsolutions.eu\/sv\/sprinklertankar\/\" target=\"_self\" itemprop=\"url\" rel=\"noopener\">\n\t\t\t\t<img decoding=\"async\" src=\"https:\/\/cisternsolutions.eu\/wp-content\/uploads\/bb-plugin\/cache\/sprinklertankar-panorama-0a5749dc0e2ff3f4e37630c3f10317ef-.jpg\" alt=\"sprinklertankar\" itemprop=\"image\" data-no-lazy=\"1\" height=\"526\" width=\"1920\" title=\"sprinklertankar\" onerror=\"this.style.display='none'\"  \/>\n\t\t\t\t<\/a>\n\t\t\t\t\t\t\t\t\t<h3 itemprop=\"headline\">\n\t\t\t\t\t\t\t\t\t\t\t\t\t<a href=\"https:\/\/cisternsolutions.eu\/sv\/sprinklertankar\/\" title=\"Sprinklertankar\">\n\t\t\t\t\t\t\t\t\t\t\t\t\t\tSprinklertankar\t\t\t\t\t\t\t\t\t\t\t\t\t<\/a>\n\t\t\t\t\t\t\t\t\t\t\t<\/h3>\n    <p>Sprinklertankar m\u00e5ste fungera om det b\u00f6rjar brinna. Inspektera ofta f\u00f6r att s\u00e4kra branddkyddet.<\/p>\n    <a href=\"https:\/\/cisternsolutions.eu\/sv\/sprinklertankar\/\" title=\"Sprinklertankar\">L\u00e4s mer about Sprinklertankar<\/a>\n\t\t<!-- .pp-content-posts -->\n\n","protected":false},"excerpt":{"rendered":"<p>Vi renoverar tankar i desssa branscher Tankar och cistern f\u00f6rekommer i m\u00e5nga branscher och har olika funktioner. L\u00e4s mer om hur vi arbetar med renvoering av cisterner i din bransch.\u00a0 Cisterner f\u00f6r biogas Inom kemisk industri \u00e4r kraven p\u00e5 s\u00e4kerhet runt cisterner h\u00f6ga. Undvik problem genom att inspektera och laga &#8230; <a title=\"Branscher\" class=\"read-more\" href=\"https:\/\/cisternsolutions.eu\/sv\/branscher\/\" aria-label=\"L\u00e4s mer om Branscher\">L\u00e4s mer<\/a><\/p>\n","protected":false},"author":4,"featured_media":0,"parent":0,"menu_order":4,"comment_status":"closed","ping_status":"closed","template":"","meta":{"footnotes":""},"class_list":["post-7071","page","type-page","status-publish"],"yoast_head":"<!-- This site is optimized with the Yoast SEO plugin v27.4 - https:\/\/yoast.com\/product\/yoast-seo-wordpress\/ -->\n<title>Renovering av tankar i olika branscher | Cistern Soultions Sweden<\/title>\n<meta name=\"description\" content=\"Cistern Solutions Sweden har en metod f\u00f6r att laga tankar inom olika bramscher som t.ex. bramdskydd, kemisk industri m.m. Las mer ...\" \/>\n<meta name=\"robots\" content=\"index, follow, max-snippet:-1, max-image-preview:large, max-video-preview:-1\" \/>\n<link rel=\"canonical\" href=\"https:\/\/cisternsolutions.eu\/sv\/branscher\/\" \/>\n<meta property=\"og:locale\" content=\"sv_SE\" \/>\n<meta property=\"og:type\" content=\"article\" \/>\n<meta property=\"og:title\" content=\"Renovering av tankar i olika branscher | Cistern Soultions Sweden\" \/>\n<meta property=\"og:description\" content=\"Cistern Solutions Sweden har en metod f\u00f6r att laga tankar inom olika bramscher som t.ex. bramdskydd, kemisk industri m.m. Las mer ...\" \/>\n<meta property=\"og:url\" content=\"https:\/\/cisternsolutions.eu\/sv\/branscher\/\" \/>\n<meta property=\"og:site_name\" content=\"Cistern Solutions Sweden\" \/>\n<meta property=\"article:modified_time\" content=\"2024-10-22T13:17:52+00:00\" \/>\n<meta property=\"og:image\" content=\"https:\/\/cisternsolutions.eu\/wp-content\/uploads\/bb-plugin\/cache\/cisterner_kemiskindustri-hero-panorama-6bce46718ec6216ec98768a34a7004cc-.jpg\" \/>\n<meta name=\"twitter:card\" content=\"summary_large_image\" \/>\n<meta name=\"twitter:label1\" content=\"Ber\u00e4knad l\u00e4stid\" \/>\n\t<meta name=\"twitter:data1\" content=\"2 minuter\" \/>\n<script type=\"application\/ld+json\" class=\"yoast-schema-graph\">{\"@context\":\"https:\\\/\\\/schema.org\",\"@graph\":[{\"@type\":\"WebPage\",\"@id\":\"https:\\\/\\\/cisternsolutions.eu\\\/sv\\\/branscher\\\/\",\"url\":\"https:\\\/\\\/cisternsolutions.eu\\\/sv\\\/branscher\\\/\",\"name\":\"Renovering av tankar i olika branscher | Cistern Soultions Sweden\",\"isPartOf\":{\"@id\":\"https:\\\/\\\/cisternsolutions.eu\\\/sv\\\/#website\"},\"primaryImageOfPage\":{\"@id\":\"https:\\\/\\\/cisternsolutions.eu\\\/sv\\\/branscher\\\/#primaryimage\"},\"image\":{\"@id\":\"https:\\\/\\\/cisternsolutions.eu\\\/sv\\\/branscher\\\/#primaryimage\"},\"thumbnailUrl\":\"https:\\\/\\\/cisternsolutions.eu\\\/wp-content\\\/uploads\\\/bb-plugin\\\/cache\\\/cisterner_kemiskindustri-hero-panorama-6bce46718ec6216ec98768a34a7004cc-.jpg\",\"datePublished\":\"2024-10-13T11:59:10+00:00\",\"dateModified\":\"2024-10-22T13:17:52+00:00\",\"description\":\"Cistern Solutions Sweden har en metod f\u00f6r att laga tankar inom olika bramscher som t.ex. bramdskydd, kemisk industri m.m. Las mer ...\",\"breadcrumb\":{\"@id\":\"https:\\\/\\\/cisternsolutions.eu\\\/sv\\\/branscher\\\/#breadcrumb\"},\"inLanguage\":\"sv-SE\",\"potentialAction\":[{\"@type\":\"ReadAction\",\"target\":[\"https:\\\/\\\/cisternsolutions.eu\\\/sv\\\/branscher\\\/\"]}]},{\"@type\":\"ImageObject\",\"inLanguage\":\"sv-SE\",\"@id\":\"https:\\\/\\\/cisternsolutions.eu\\\/sv\\\/branscher\\\/#primaryimage\",\"url\":\"https:\\\/\\\/cisternsolutions.eu\\\/wp-content\\\/uploads\\\/bb-plugin\\\/cache\\\/cisterner_kemiskindustri-hero-panorama-6bce46718ec6216ec98768a34a7004cc-.jpg\",\"contentUrl\":\"https:\\\/\\\/cisternsolutions.eu\\\/wp-content\\\/uploads\\\/bb-plugin\\\/cache\\\/cisterner_kemiskindustri-hero-panorama-6bce46718ec6216ec98768a34a7004cc-.jpg\"},{\"@type\":\"BreadcrumbList\",\"@id\":\"https:\\\/\\\/cisternsolutions.eu\\\/sv\\\/branscher\\\/#breadcrumb\",\"itemListElement\":[{\"@type\":\"ListItem\",\"position\":1,\"name\":\"Hem\",\"item\":\"https:\\\/\\\/cisternsolutions.eu\\\/sv\\\/\"},{\"@type\":\"ListItem\",\"position\":2,\"name\":\"Branscher\"}]},{\"@type\":\"WebSite\",\"@id\":\"https:\\\/\\\/cisternsolutions.eu\\\/sv\\\/#website\",\"url\":\"https:\\\/\\\/cisternsolutions.eu\\\/sv\\\/\",\"name\":\"Cistern Solutions Sweden\",\"description\":\"Cistern Solutions Sweden\",\"publisher\":{\"@id\":\"https:\\\/\\\/cisternsolutions.eu\\\/sv\\\/#organization\"},\"potentialAction\":[{\"@type\":\"SearchAction\",\"target\":{\"@type\":\"EntryPoint\",\"urlTemplate\":\"https:\\\/\\\/cisternsolutions.eu\\\/sv\\\/?s={search_term_string}\"},\"query-input\":{\"@type\":\"PropertyValueSpecification\",\"valueRequired\":true,\"valueName\":\"search_term_string\"}}],\"inLanguage\":\"sv-SE\"},{\"@type\":\"Organization\",\"@id\":\"https:\\\/\\\/cisternsolutions.eu\\\/sv\\\/#organization\",\"name\":\"| Cistern Solutions Sweden AB\",\"url\":\"https:\\\/\\\/cisternsolutions.eu\\\/sv\\\/\",\"logo\":{\"@type\":\"ImageObject\",\"inLanguage\":\"sv-SE\",\"@id\":\"https:\\\/\\\/cisternsolutions.eu\\\/sv\\\/#\\\/schema\\\/logo\\\/image\\\/\",\"url\":\"https:\\\/\\\/cisternsolutions.eu\\\/wp-content\\\/uploads\\\/2023\\\/11\\\/CisternSolutions_orginal-logo.png\",\"contentUrl\":\"https:\\\/\\\/cisternsolutions.eu\\\/wp-content\\\/uploads\\\/2023\\\/11\\\/CisternSolutions_orginal-logo.png\",\"width\":1045,\"height\":293,\"caption\":\"| Cistern Solutions Sweden AB\"},\"image\":{\"@id\":\"https:\\\/\\\/cisternsolutions.eu\\\/sv\\\/#\\\/schema\\\/logo\\\/image\\\/\"}}]}<\/script>\n<!-- \/ Yoast SEO plugin. -->","yoast_head_json":{"title":"Renovering av tankar i olika branscher | Cistern Soultions Sweden","description":"Cistern Solutions Sweden har en metod f\u00f6r att laga tankar inom olika bramscher som t.ex. bramdskydd, kemisk industri m.m. Las mer ...","robots":{"index":"index","follow":"follow","max-snippet":"max-snippet:-1","max-image-preview":"max-image-preview:large","max-video-preview":"max-video-preview:-1"},"canonical":"https:\/\/cisternsolutions.eu\/sv\/branscher\/","og_locale":"sv_SE","og_type":"article","og_title":"Renovering av tankar i olika branscher | Cistern Soultions Sweden","og_description":"Cistern Solutions Sweden har en metod f\u00f6r att laga tankar inom olika bramscher som t.ex. bramdskydd, kemisk industri m.m. Las mer ...","og_url":"https:\/\/cisternsolutions.eu\/sv\/branscher\/","og_site_name":"Cistern Solutions Sweden","article_modified_time":"2024-10-22T13:17:52+00:00","og_image":[{"url":"https:\/\/cisternsolutions.eu\/wp-content\/uploads\/bb-plugin\/cache\/cisterner_kemiskindustri-hero-panorama-6bce46718ec6216ec98768a34a7004cc-.jpg","type":"","width":"","height":""}],"twitter_card":"summary_large_image","twitter_misc":{"Ber\u00e4knad l\u00e4stid":"2 minuter"},"schema":{"@context":"https:\/\/schema.org","@graph":[{"@type":"WebPage","@id":"https:\/\/cisternsolutions.eu\/sv\/branscher\/","url":"https:\/\/cisternsolutions.eu\/sv\/branscher\/","name":"Renovering av tankar i olika branscher | Cistern Soultions Sweden","isPartOf":{"@id":"https:\/\/cisternsolutions.eu\/sv\/#website"},"primaryImageOfPage":{"@id":"https:\/\/cisternsolutions.eu\/sv\/branscher\/#primaryimage"},"image":{"@id":"https:\/\/cisternsolutions.eu\/sv\/branscher\/#primaryimage"},"thumbnailUrl":"https:\/\/cisternsolutions.eu\/wp-content\/uploads\/bb-plugin\/cache\/cisterner_kemiskindustri-hero-panorama-6bce46718ec6216ec98768a34a7004cc-.jpg","datePublished":"2024-10-13T11:59:10+00:00","dateModified":"2024-10-22T13:17:52+00:00","description":"Cistern Solutions Sweden har en metod f\u00f6r att laga tankar inom olika bramscher som t.ex. bramdskydd, kemisk industri m.m. Las mer ...","breadcrumb":{"@id":"https:\/\/cisternsolutions.eu\/sv\/branscher\/#breadcrumb"},"inLanguage":"sv-SE","potentialAction":[{"@type":"ReadAction","target":["https:\/\/cisternsolutions.eu\/sv\/branscher\/"]}]},{"@type":"ImageObject","inLanguage":"sv-SE","@id":"https:\/\/cisternsolutions.eu\/sv\/branscher\/#primaryimage","url":"https:\/\/cisternsolutions.eu\/wp-content\/uploads\/bb-plugin\/cache\/cisterner_kemiskindustri-hero-panorama-6bce46718ec6216ec98768a34a7004cc-.jpg","contentUrl":"https:\/\/cisternsolutions.eu\/wp-content\/uploads\/bb-plugin\/cache\/cisterner_kemiskindustri-hero-panorama-6bce46718ec6216ec98768a34a7004cc-.jpg"},{"@type":"BreadcrumbList","@id":"https:\/\/cisternsolutions.eu\/sv\/branscher\/#breadcrumb","itemListElement":[{"@type":"ListItem","position":1,"name":"Hem","item":"https:\/\/cisternsolutions.eu\/sv\/"},{"@type":"ListItem","position":2,"name":"Branscher"}]},{"@type":"WebSite","@id":"https:\/\/cisternsolutions.eu\/sv\/#website","url":"https:\/\/cisternsolutions.eu\/sv\/","name":"Cistern Solutions Sweden","description":"Cistern Solutions Sweden","publisher":{"@id":"https:\/\/cisternsolutions.eu\/sv\/#organization"},"potentialAction":[{"@type":"SearchAction","target":{"@type":"EntryPoint","urlTemplate":"https:\/\/cisternsolutions.eu\/sv\/?s={search_term_string}"},"query-input":{"@type":"PropertyValueSpecification","valueRequired":true,"valueName":"search_term_string"}}],"inLanguage":"sv-SE"},{"@type":"Organization","@id":"https:\/\/cisternsolutions.eu\/sv\/#organization","name":"| Cistern Solutions Sweden AB","url":"https:\/\/cisternsolutions.eu\/sv\/","logo":{"@type":"ImageObject","inLanguage":"sv-SE","@id":"https:\/\/cisternsolutions.eu\/sv\/#\/schema\/logo\/image\/","url":"https:\/\/cisternsolutions.eu\/wp-content\/uploads\/2023\/11\/CisternSolutions_orginal-logo.png","contentUrl":"https:\/\/cisternsolutions.eu\/wp-content\/uploads\/2023\/11\/CisternSolutions_orginal-logo.png","width":1045,"height":293,"caption":"| Cistern Solutions Sweden AB"},"image":{"@id":"https:\/\/cisternsolutions.eu\/sv\/#\/schema\/logo\/image\/"}}]}},"_links":{"self":[{"href":"https:\/\/cisternsolutions.eu\/sv\/wp-json\/wp\/v2\/pages\/7071","targetHints":{"allow":["GET"]}}],"collection":[{"href":"https:\/\/cisternsolutions.eu\/sv\/wp-json\/wp\/v2\/pages"}],"about":[{"href":"https:\/\/cisternsolutions.eu\/sv\/wp-json\/wp\/v2\/types\/page"}],"author":[{"embeddable":true,"href":"https:\/\/cisternsolutions.eu\/sv\/wp-json\/wp\/v2\/users\/4"}],"replies":[{"embeddable":true,"href":"https:\/\/cisternsolutions.eu\/sv\/wp-json\/wp\/v2\/comments?post=7071"}],"version-history":[{"count":6,"href":"https:\/\/cisternsolutions.eu\/sv\/wp-json\/wp\/v2\/pages\/7071\/revisions"}],"predecessor-version":[{"id":7184,"href":"https:\/\/cisternsolutions.eu\/sv\/wp-json\/wp\/v2\/pages\/7071\/revisions\/7184"}],"wp:attachment":[{"href":"https:\/\/cisternsolutions.eu\/sv\/wp-json\/wp\/v2\/media?parent=7071"}],"curies":[{"name":"wp","href":"https:\/\/api.w.org\/{rel}","templated":true}]}}