{"id":6827,"date":"2024-10-08T15:57:58","date_gmt":"2024-10-08T13:57:58","guid":{"rendered":"https:\/\/cisternsolutions.eu\/?page_id=6827"},"modified":"2024-10-18T19:02:57","modified_gmt":"2024-10-18T17:02:57","slug":"cisterner-for-processvatten","status":"publish","type":"page","link":"https:\/\/cisternsolutions.eu\/sv\/cisterner-for-processvatten\/","title":{"rendered":"Cisterner f\u00f6r processvatten"},"content":{"rendered":"\r\n<h1>Cisterner f\u00f6r processvatten<\/h1>\r\n<p>&#8211; en garanti f\u00f6r h\u00e5llbar produkton<\/p>\r\n<h2>Varje cistern f\u00f6r processvatten \u00e4r viktig<\/h2>\r\n<p>Processvatten inom industrin st\u00e5r f\u00f6r ca 60 procent av all vattenanv\u00e4ndning i Sverige. Hantering av processvatten m\u00e5ste vara s\u00e4ker. Det \u00e4r n\u00f6dv\u00e4ndigt f\u00f6r att produktionen ska h\u00e5llas i g\u00e5ng och f\u00f6r att skydda v\u00e5r natur.<\/p>\r\n<p>Cisterner som inneh\u00e5ller processvatten kunna leverera vad som f\u00f6rv\u00e4ntas &#8211; r\u00e4tt vattenkvalitet med f\u00f6rv\u00e4ntad kapacitet. En l\u00e4ckande processvattencistern skulle kunna \u00e4ventyra b\u00e5de produktionskapacitet och produktens kvalitet.<\/p>\r\n<p>Under produktionen kan processvattnet bli f\u00f6rorenat. F\u00f6r att ge ett bra skydd f\u00f6r b\u00e5de m\u00e4nniskor och milj\u00f6 m\u00e5ste processvattentankar h\u00e5lla en h\u00f6g standard<\/p>\r\n<h3>Kontakta mig!<\/h3>\r\n<form id=\"fluentform_8\" method=\"POST\" data-form_id=\"8\" data-form_instance=\"ff_form_instance_8_1\" data-recptcha_key=\"6LclVsMpAAAAALbQlfjI40nUI01kkMo-WKOg0nvc\"><fieldset><legend>Snabbkontakt &#8211; SE<\/legend><input name=\"__fluent_form_embded_post_id\" type=\"hidden\" value=\"6827\" \/><input id=\"_fluentform_8_fluentformnonce\" name=\"_fluentform_8_fluentformnonce\" type=\"hidden\" value=\"f18bfa5cb1\" \/><input name=\"_wp_http_referer\" type=\"hidden\" value=\"\/sv\/?page_id=6827&amp;fl_builder\" \/><input id=\"ff_8_names_first_name_\" name=\"names[first_name]\" type=\"text\" placeholder=\"F\u00f6r- och efternamn\" aria-invalid=\"false\" aria-required=\"true\/\" \/><input id=\"ff_8_email\" name=\"email\" type=\"email\" placeholder=\"Min mejladress\" data-name=\"email\" aria-invalid=\"false\" aria-required=\"true\/\" \/><textarea id=\"ff_8_message\" cols=\"2\" name=\"message\" rows=\"1\" placeholder=\"Kontakta mig ang\u00e5ende ...\" aria-invalid=\"false\" aria-required=\"true\" data-name=\"message\"><\/textarea><label class=\"ff-el-form-check-label ff_tc_label\" for=\"gdpr-agreement_56ed8fe275157e29b50120e7dc62327c\" aria-label=\"terms &amp; conditions\"><input id=\"gdpr-agreement_56ed8fe275157e29b50120e7dc62327c\" name=\"gdpr-agreement\" type=\"checkbox\" value=\"on\" data-name=\"gdpr-agreement\" aria-invalid=\"false\" aria-required=\"true\/\" \/> Jag samtycker till att denna webbplats lagrar min inl\u00e4mnade information s\u00e5 att de kan svara p\u00e5 min f\u00f6rfr\u00e5gan. Informationen lagras i 1 \u00e5r. <\/label><button type=\"submit\">Skicka<\/button><\/fieldset><\/form>\r\n<h2>Processvattencisterner kan se ut p\u00e5 olika s\u00e4tt<\/h2>\r\n<p>Processvatten lagras p\u00e5 olika s\u00e4tt. Vilken l\u00f6sning man v\u00e4ljer beror p\u00e5 hur stora m\u00e4ngder vatten som ska lagras, hur det ska anv\u00e4ndas och vilken kvalitet vattnet ska ha. H\u00e4r \u00e4r n\u00e5gra av de vanligaste l\u00f6sningarna:<\/p>\r\n<p><strong>Processvattencistern \/ processvattentank<\/strong>: Processvatten f\u00f6rvaras ofta i stora cisterner eller tankar. De kan installeras antingen \u00f6ver eller under jord. De kan vara i st\u00e5l, betong eller plast (PE eller GAP). Vilket material som passr beroende p\u00e5 vad produktionen kr\u00e4ver f\u00f6r vattenkvalitet och om processvattnet inneh\u00e5ller kemikalier eller f\u00f6roreningar.<\/p>\r\n<p><strong>Dammsystem<\/strong>: Inom gruv- eller kraftindustrin \u00e4r det vanligt med dammsystem i betong.<\/p>\r\n<h2>Processvatten anv\u00e4nds f\u00f6r:<\/h2>\r\n<ul>\r\n<li>Uppv\u00e4rmning<\/li>\r\n<li>Nerkylning<\/li>\r\n<li>Reng\u00f6ring<\/li>\r\n<li>Drift<\/li>\r\n<li>L\u00f6sningsmedel<\/li>\r\n<li>Komponent i tillverkningen<\/li>\r\n<\/ul>\r\n<h2>Vanliga problem med cisterner f\u00f6r processvatten<\/h2>\r\n<p>Vatten \u00e4r mycket reaktivt. Tillsammans med olika kemikalier och \u00e4mnen kan vatten bilda f\u00f6reningar som kan skada cisternen.<\/p>\r\n<p><img decoding=\"async\" title=\"korrosion_i_tank_03\" src=\"https:\/\/cisternsolutions.eu\/wp-content\/uploads\/2024\/02\/korrosion_i_tank_03.jpg\" sizes=\"(max-width: 700px) 100vw, 700px\" srcset=\"https:\/\/cisternsolutions.eu\/wp-content\/uploads\/2024\/02\/korrosion_i_tank_03.jpg 700w, https:\/\/cisternsolutions.eu\/wp-content\/uploads\/2024\/02\/korrosion_i_tank_03-300x107.jpg 300w\" alt=\"korrosion_i_tank_03\" width=\"700\" height=\"250\" \/><\/p>\r\n<p><strong>Korrosion <\/strong>\u00e4r ett av de vanligaste problemen. Vatten som inneh\u00e5ller mycket salt (klorider eller sulfater), har l\u00e5gt pH-v\u00e4rde eller inneh\u00e5ller aggressiva kemikalier kan orsaka korrosion. Syre som l\u00f6ser sig i vattnet kan orsaka korrosion.<\/p>\r\n<p>Korrosion bryter ner tankens v\u00e4ggar. Till en b\u00f6rjan \u00e4r skadorna mikroskopiska men om de inte \u00e5tg\u00e4rdas bildas sprickor och tanken kommer att l\u00e4cka. I v\u00e4rsta fall kan cisternen kollapsa.<\/p>\r\n<p><img decoding=\"async\" title=\"lacka_01\" src=\"https:\/\/cisternsolutions.eu\/wp-content\/uploads\/2024\/03\/lacka_01.jpg\" sizes=\"(max-width: 700px) 100vw, 700px\" srcset=\"https:\/\/cisternsolutions.eu\/wp-content\/uploads\/2024\/03\/lacka_01.jpg 700w, https:\/\/cisternsolutions.eu\/wp-content\/uploads\/2024\/03\/lacka_01-300x107.jpg 300w\" alt=\"lacka_01\" width=\"700\" height=\"250\" \/><\/p>\r\n<p><strong>Sprickor <\/strong>kan uppst\u00e5 p.g.a. korrosion men det finns ocks\u00e5 andra orsaker. Sprickbildning \u00e4r vanligare i tankar som uts\u00e4tts f\u00f6r f\u00f6r\u00e4ndringar i temperatur och tryck. Temperatur- och tryckf\u00f6r\u00e4ndringarna kan f\u00f6rsvaga fogar och s\u00f6mmar s\u00e5 att det bildas sprickor.<\/p>\r\n<p>En tank med sprickor kommer att l\u00e4cka. L\u00e4ckaget kan inneb\u00e4ra att det inte finns tillr\u00e4ckligt med processvatten f\u00f6r produktionen. Mer vatten m\u00e5ste tillf\u00f6ras och energif\u00f6rbrukningen blir ocks\u00e5 h\u00f6gre.<\/p>\r\n<p><img decoding=\"async\" title=\"processvattentank_sediment\" src=\"https:\/\/cisternsolutions.eu\/wp-content\/uploads\/2024\/10\/processvattentank_sediment.jpg\" sizes=\"(max-width: 700px) 100vw, 700px\" srcset=\"https:\/\/cisternsolutions.eu\/wp-content\/uploads\/2024\/10\/processvattentank_sediment.jpg 700w, https:\/\/cisternsolutions.eu\/wp-content\/uploads\/2024\/10\/processvattentank_sediment-300x107.jpg 300w\" alt=\"processvattentank_sediment\" width=\"700\" height=\"250\" \/><\/p>\r\n<p><strong>Sediment <\/strong>bildas n\u00e4r rost och andra avlagringar lossnar fr\u00e5n tankens v\u00e4ggar. Sedimentet kan s\u00e4tta igen r\u00f6r och ventiler med s\u00e4mre fl\u00f6deshastigheter och \u00f6kat tryck som resultat. Det kan ocks\u00e5 kontaminera processvattnet.<\/p>\r\n<p>Ett annat problem \u00e4r <strong>tillv\u00e4xt av mikroorganismer<\/strong>. Problemet kan uppst\u00e5 n\u00e4r vatten lagras l\u00e4nge och uts\u00e4tts f\u00f6r solljus. Problemet \u00e4r s\u00e4rskilt besv\u00e4rligt inom livsmedels- och l\u00e4kemedelsindustrin d\u00e4r kraven p\u00e5 renhet \u00e4r h\u00f6ga.<\/p>\r\n<h2>Undvik problem med inspektion<\/h2>\r\n<p>Eftersom processvatten kan p\u00e5verka b\u00e5de m\u00e4nniskor och milj\u00f6 har myndigheterna tagit fram regler f\u00f6r hur ofta cisterner ska inspekteras. F\u00f6reskrifterna varierar beroende p\u00e5 industri och omst\u00e4ndigheter.<\/p>\r\n<p>Om cisternen inneh\u00e5ller brandfarliga v\u00e4tskor, som t.ex. l\u00f6sningsmedel, ska inspektion av anl\u00e4ggningen enligt lag utf\u00f6ras av ackrediterade organ. Intervallen ligger p\u00e5 sex eller tolv \u00e5r.<\/p>\r\n<p>Mer information om vad som g\u00e4ller f\u00f6r cisterner hittar du h\u00e4r &gt;&gt; (intern l\u00e4nk)<\/p>\r\n<p>Genom att inspektera ofta, g\u00e4rna t\u00e4tare \u00e4n de intervall som myndigheterna kr\u00e4ver, kan du uppt\u00e4cka och \u00e5tg\u00e4rda brister p\u00e5 ett tidigt stadium. H\u00e4r p\u00e5 v\u00e5r webbplats hittar du fler argument f\u00f6r att <a href=\"https:\/\/cisternsolutions.eu\/sv\/inspektion-av-sprinklertankar\/\">inspektera ofta<\/a>.<\/p>\r\n<h2>Vi kan renovera alla typer av processvattentankar<\/h2>\r\n<p>Cistern Solutions kan renovera cisterner f\u00f6r processvatten oavsett tankmaterial och problem. Vi g\u00f6r det genom att skapa en skyddande barri\u00e4r mellan processvattnet och tankmaterialet.<\/p>\r\n<p>Bel\u00e4ggningen anpassar vi efter de egenskaper som \u00e4r karakteristiska f\u00f6r processvattnet och skadans omfattning. Vi arbetar vanligtvis med olika epoxyl\u00f6sningar eller polyuretan. Sj\u00e4lvklart kan vi ocks\u00e5 jobba efter kundspecifika \u00f6nskem\u00e5l.<\/p>\r\n<p>Cistern Solutions erbjuder en kostnadseffektiv och h\u00e5llbar l\u00f6sning som s\u00e4krar produktionen och minskar risken f\u00f6r milj\u00f6p\u00e5verkan:<\/p>\r\n<ul>\r\n<li>Epoxybel\u00e4ggningen minimerar risken f\u00f6r korrosion.<\/li>\r\n<li>Den st\u00e4rker cisternens konstruktion ger en l\u00e4ngre livsl\u00e4ngd.<\/li>\r\n<li>Processvattnet kommer att vara rent och<\/li>\r\n<li>risken f\u00f6r l\u00e4ckage borta.<\/li>\r\n<\/ul>\r\n<p><a href=\"https:\/\/cisternsolutions.eu\/sv\/renovering-av-processvattentankar-till-serverhall\/\">L\u00e4s mer hur vi s\u00e4krade tillg\u00e5ngen p\u00e5 processvatten i en serverhall. &gt;&gt;<\/a><\/p>\r\n<h3>Vill du veta mer om hur vi arbetar?<\/h3>\r\n<p><a href=\"https:\/\/cisternsolutions.eu\/sv\/kontakt\/\">H\u00f6r av dig<\/a> till oss s\u00e5 ber\u00e4ttar vi mer.<\/p>\r\n<h3>Jag vill veta mer om renovering av processtankar<\/h3>\r\n<form id=\"fluentform_1\" method=\"POST\" data-form_id=\"1\" data-form_instance=\"ff_form_instance_1_2\" data-recptcha_key=\"6LclVsMpAAAAALbQlfjI40nUI01kkMo-WKOg0nvc\"><fieldset><legend>Kontaktformul\u00e4r &#8211; SE<\/legend><input name=\"__fluent_form_embded_post_id\" type=\"hidden\" value=\"6827\" \/><input id=\"_fluentform_1_fluentformnonce\" name=\"_fluentform_1_fluentformnonce\" type=\"hidden\" value=\"f18bfa5cb1\" \/><input name=\"_wp_http_referer\" type=\"hidden\" value=\"\/sv\/?page_id=6827&amp;fl_builder\" \/><label for=\"ff_1_2_names_first_name_\" aria-label=\"Jag heter ...\">Jag heter &#8230;<\/label><input id=\"ff_1_2_names_first_name_\" name=\"names[first_name]\" type=\"text\" placeholder=\"F\u00f6r- och efternamn\" aria-invalid=\"false\" aria-required=\"true\/\" \/><label for=\"ff_1_2_input_text\" aria-label=\"F\u00f6retag\">F\u00f6retag<\/label><input id=\"ff_1_2_input_text\" name=\"input_text\" type=\"text\" placeholder=\"Jag jobbar ...\" data-name=\"input_text\" aria-invalid=\"false\" aria-required=\"true\/\" \/><label for=\"ff_1_2_email\" aria-label=\"Mejladress\">Mejladress<\/label><input id=\"ff_1_2_email\" name=\"email\" type=\"email\" placeholder=\"Mejla till mig p\u00e5 ...\" data-name=\"email\" aria-invalid=\"false\" aria-required=\"true\/\" \/><label for=\"ff_1_2_phone\" aria-label=\"Telefonnummer\">Telefonnummer<\/label><input id=\"ff_1_2_phone\" name=\"phone\" type=\"tel\" placeholder=\"Mitt nummer ...\" data-name=\"phone\" aria-invalid=\"false\" aria-required=\"true\/\" \/><label for=\"ff_1_2_subject\" aria-label=\"\u00c4mne\">\u00c4mne<\/label><input id=\"ff_1_2_subject\" name=\"subject\" type=\"text\" placeholder=\"Jag \u00e4r intresserad av ....\" data-name=\"subject\" aria-invalid=\"false\" aria-required=\"true\/\" \/><label aria-label=\"Typ av tank\">Typ av tank<\/label><label class=\"ff-el-form-check-label\" for=\"checkbox_1_53f09f2dec7764ebf673edf868e84175\"><input id=\"checkbox_1_53f09f2dec7764ebf673edf868e84175\" name=\"checkbox_1[]\" type=\"checkbox\" value=\"Sprinklertank\" data-name=\"checkbox_1\" aria-label=\"Sprinklertank\" aria-invalid=\"false\" aria-required=\"false\/\" \/> Sprinklertank<\/label><label class=\"ff-el-form-check-label\" for=\"checkbox_1_2c85e86fef5e4fb2eccf6bcf2461b72d\"><input id=\"checkbox_1_2c85e86fef5e4fb2eccf6bcf2461b72d\" name=\"checkbox_1[]\" type=\"checkbox\" value=\"Processtank\" data-name=\"checkbox_1\" aria-label=\"Processtank\" aria-invalid=\"false\" aria-required=\"false\/\" \/> Processtank<\/label><label class=\"ff-el-form-check-label\" for=\"checkbox_1_5201606d5f1c26d50537f9c024918237\"><input id=\"checkbox_1_5201606d5f1c26d50537f9c024918237\" name=\"checkbox_1[]\" type=\"checkbox\" value=\"Annan tank\" data-name=\"checkbox_1\" aria-label=\"Annan tank\" aria-invalid=\"false\" aria-required=\"false\/\" \/> Annan tank<\/label><label aria-label=\"Tj\u00e4nst \">Tj\u00e4nst <\/label><label class=\"ff-el-form-check-label\" for=\"checkbox_cc472476e3f09390365e104a5703a1e2\"><input id=\"checkbox_cc472476e3f09390365e104a5703a1e2\" name=\"checkbox[]\" type=\"checkbox\" value=\"Inspektion\" data-name=\"checkbox\" aria-label=\"Inspektion\" aria-invalid=\"false\" aria-required=\"false\/\" \/> Inspektion<\/label><label class=\"ff-el-form-check-label\" for=\"checkbox_23d72e17e754b597e559ca15b5f080a3\"><input id=\"checkbox_23d72e17e754b597e559ca15b5f080a3\" name=\"checkbox[]\" type=\"checkbox\" value=\"Renovering\" data-name=\"checkbox\" aria-label=\"Renovering\" aria-invalid=\"false\" aria-required=\"false\/\" \/> Renovering<\/label><label class=\"ff-el-form-check-label\" for=\"checkbox_49f681fed2053da0254676df86f7be82\"><input id=\"checkbox_49f681fed2053da0254676df86f7be82\" name=\"checkbox[]\" type=\"checkbox\" value=\"Annant\" data-name=\"checkbox\" aria-label=\"Annant\" aria-invalid=\"false\" aria-required=\"false\/\" \/> Annant<\/label><label for=\"ff_1_2_multi_select_1\" aria-label=\"Antal tankar\">Antal tankar<\/label><select id=\"ff_1_2_multi_select_1\" multiple=\"multiple\" name=\"multi_select_1[]\" data-name=\"multi_select_1\" data-calc_value=\"0\" aria-invalid=\"false\" aria-required=\"false\">\r\n<option value=\"\">Antal tankar<\/option>\r\n<option value=\"0\">0<\/option>\r\n<option value=\"1\">1<\/option>\r\n<option value=\"2\">2<\/option>\r\n<option value=\"3\">3<\/option>\r\n<option value=\"4\">4<\/option>\r\n<option value=\"5\">5<\/option>\r\n<option value=\"6\">6<\/option>\r\n<option value=\"7\">7<\/option>\r\n<option value=\"8\">8<\/option>\r\n<option value=\"9\">9<\/option>\r\n<option value=\"10 eller fler\">10 eller fler<\/option>\r\n<\/select><label for=\"ff_1_2_message\" aria-label=\"Meddelande\">Meddelande<\/label><textarea id=\"ff_1_2_message\" cols=\"2\" name=\"message\" rows=\"4\" placeholder=\"Ytterligare fr\u00e5gor eller kommentarer ....\" aria-invalid=\"false\" aria-required=\"true\" data-name=\"message\"><\/textarea><label class=\"ff-el-form-check-label ff_tc_label\" for=\"gdpr-agreement_1974d16cb3517a783cdf5d1127b334b6\" aria-label=\"terms &amp; conditions\"><input id=\"gdpr-agreement_1974d16cb3517a783cdf5d1127b334b6\" name=\"gdpr-agreement\" type=\"checkbox\" value=\"on\" data-name=\"gdpr-agreement\" aria-invalid=\"false\" aria-required=\"true\/\" \/> Jag samtycker till att denna webbplats lagrar min inl\u00e4mnade information s\u00e5 att de kan svara p\u00e5 min f\u00f6rfr\u00e5gan. Informationen lagras i 1 \u00e5r. <\/label><button type=\"submit\">Skicka<\/button><\/fieldset><\/form>","protected":false},"excerpt":{"rendered":"<p>Processvattentankar m\u00e5ste garantera en s\u00e4ker produktion. Var s\u00e4ker genom att inspektera tanken ofta.<\/p>\n","protected":false},"author":4,"featured_media":7043,"parent":0,"menu_order":0,"comment_status":"closed","ping_status":"closed","template":"","meta":{"footnotes":""},"class_list":["post-6827","page","type-page","status-publish","has-post-thumbnail"],"yoast_head":"<!-- This site is optimized with the Yoast SEO plugin v27.4 - https:\/\/yoast.com\/product\/yoast-seo-wordpress\/ -->\n<title>Vi lagar cisterner f\u00f6r processvatten | Cistern Solutions Sweden<\/title>\n<meta name=\"description\" content=\"Cisterner f\u00f6r processvatten \u00e4r n\u00f6dv\u00e4ndiga f\u00f6r en s\u00e4ker och kontinuerlig produktion. Undvik problem genom att inspektera i tid!\" \/>\n<meta name=\"robots\" content=\"index, follow, max-snippet:-1, max-image-preview:large, max-video-preview:-1\" \/>\n<link rel=\"canonical\" href=\"https:\/\/cisternsolutions.eu\/sv\/cisterner-for-processvatten\/\" \/>\n<meta property=\"og:locale\" content=\"sv_SE\" \/>\n<meta property=\"og:type\" content=\"article\" \/>\n<meta property=\"og:title\" content=\"Vi lagar cisterner f\u00f6r processvatten | Cistern Solutions Sweden\" \/>\n<meta property=\"og:description\" content=\"Cisterner f\u00f6r processvatten \u00e4r n\u00f6dv\u00e4ndiga f\u00f6r en s\u00e4ker och kontinuerlig produktion. Undvik problem genom att inspektera i tid!\" \/>\n<meta property=\"og:url\" content=\"https:\/\/cisternsolutions.eu\/sv\/cisterner-for-processvatten\/\" \/>\n<meta property=\"og:site_name\" content=\"Cistern Solutions Sweden\" \/>\n<meta property=\"article:modified_time\" content=\"2024-10-18T17:02:57+00:00\" \/>\n<meta property=\"og:image\" content=\"https:\/\/cisternsolutions.eu\/wp-content\/uploads\/2024\/10\/cisterner_processvatten_hero.jpg\" \/>\n\t<meta property=\"og:image:width\" content=\"1920\" \/>\n\t<meta property=\"og:image:height\" content=\"526\" \/>\n\t<meta property=\"og:image:type\" content=\"image\/jpeg\" \/>\n<meta name=\"twitter:card\" content=\"summary_large_image\" \/>\n<meta name=\"twitter:label1\" content=\"Ber\u00e4knad l\u00e4stid\" \/>\n\t<meta name=\"twitter:data1\" content=\"4 minuter\" \/>\n<script type=\"application\/ld+json\" class=\"yoast-schema-graph\">{\"@context\":\"https:\\\/\\\/schema.org\",\"@graph\":[{\"@type\":\"WebPage\",\"@id\":\"https:\\\/\\\/cisternsolutions.eu\\\/sv\\\/cisterner-for-processvatten\\\/\",\"url\":\"https:\\\/\\\/cisternsolutions.eu\\\/sv\\\/cisterner-for-processvatten\\\/\",\"name\":\"Vi lagar cisterner f\u00f6r processvatten | Cistern Solutions Sweden\",\"isPartOf\":{\"@id\":\"https:\\\/\\\/cisternsolutions.eu\\\/sv\\\/#website\"},\"primaryImageOfPage\":{\"@id\":\"https:\\\/\\\/cisternsolutions.eu\\\/sv\\\/cisterner-for-processvatten\\\/#primaryimage\"},\"image\":{\"@id\":\"https:\\\/\\\/cisternsolutions.eu\\\/sv\\\/cisterner-for-processvatten\\\/#primaryimage\"},\"thumbnailUrl\":\"https:\\\/\\\/cisternsolutions.eu\\\/wp-content\\\/uploads\\\/2024\\\/10\\\/cisterner_processvatten_hero.jpg\",\"datePublished\":\"2024-10-08T13:57:58+00:00\",\"dateModified\":\"2024-10-18T17:02:57+00:00\",\"description\":\"Cisterner f\u00f6r processvatten \u00e4r n\u00f6dv\u00e4ndiga f\u00f6r en s\u00e4ker och kontinuerlig produktion. Undvik problem genom att inspektera i tid!\",\"breadcrumb\":{\"@id\":\"https:\\\/\\\/cisternsolutions.eu\\\/sv\\\/cisterner-for-processvatten\\\/#breadcrumb\"},\"inLanguage\":\"sv-SE\",\"potentialAction\":[{\"@type\":\"ReadAction\",\"target\":[\"https:\\\/\\\/cisternsolutions.eu\\\/sv\\\/cisterner-for-processvatten\\\/\"]}]},{\"@type\":\"ImageObject\",\"inLanguage\":\"sv-SE\",\"@id\":\"https:\\\/\\\/cisternsolutions.eu\\\/sv\\\/cisterner-for-processvatten\\\/#primaryimage\",\"url\":\"https:\\\/\\\/cisternsolutions.eu\\\/wp-content\\\/uploads\\\/2024\\\/10\\\/cisterner_processvatten_hero.jpg\",\"contentUrl\":\"https:\\\/\\\/cisternsolutions.eu\\\/wp-content\\\/uploads\\\/2024\\\/10\\\/cisterner_processvatten_hero.jpg\",\"width\":1920,\"height\":526},{\"@type\":\"BreadcrumbList\",\"@id\":\"https:\\\/\\\/cisternsolutions.eu\\\/sv\\\/cisterner-for-processvatten\\\/#breadcrumb\",\"itemListElement\":[{\"@type\":\"ListItem\",\"position\":1,\"name\":\"Hem\",\"item\":\"https:\\\/\\\/cisternsolutions.eu\\\/sv\\\/\"},{\"@type\":\"ListItem\",\"position\":2,\"name\":\"Cisterner f\u00f6r processvatten\"}]},{\"@type\":\"WebSite\",\"@id\":\"https:\\\/\\\/cisternsolutions.eu\\\/sv\\\/#website\",\"url\":\"https:\\\/\\\/cisternsolutions.eu\\\/sv\\\/\",\"name\":\"Cistern Solutions Sweden\",\"description\":\"Cistern Solutions Sweden\",\"publisher\":{\"@id\":\"https:\\\/\\\/cisternsolutions.eu\\\/sv\\\/#organization\"},\"potentialAction\":[{\"@type\":\"SearchAction\",\"target\":{\"@type\":\"EntryPoint\",\"urlTemplate\":\"https:\\\/\\\/cisternsolutions.eu\\\/sv\\\/?s={search_term_string}\"},\"query-input\":{\"@type\":\"PropertyValueSpecification\",\"valueRequired\":true,\"valueName\":\"search_term_string\"}}],\"inLanguage\":\"sv-SE\"},{\"@type\":\"Organization\",\"@id\":\"https:\\\/\\\/cisternsolutions.eu\\\/sv\\\/#organization\",\"name\":\"| Cistern Solutions Sweden AB\",\"url\":\"https:\\\/\\\/cisternsolutions.eu\\\/sv\\\/\",\"logo\":{\"@type\":\"ImageObject\",\"inLanguage\":\"sv-SE\",\"@id\":\"https:\\\/\\\/cisternsolutions.eu\\\/sv\\\/#\\\/schema\\\/logo\\\/image\\\/\",\"url\":\"https:\\\/\\\/cisternsolutions.eu\\\/wp-content\\\/uploads\\\/2023\\\/11\\\/CisternSolutions_orginal-logo.png\",\"contentUrl\":\"https:\\\/\\\/cisternsolutions.eu\\\/wp-content\\\/uploads\\\/2023\\\/11\\\/CisternSolutions_orginal-logo.png\",\"width\":1045,\"height\":293,\"caption\":\"| Cistern Solutions Sweden AB\"},\"image\":{\"@id\":\"https:\\\/\\\/cisternsolutions.eu\\\/sv\\\/#\\\/schema\\\/logo\\\/image\\\/\"}}]}<\/script>\n<!-- \/ Yoast SEO plugin. -->","yoast_head_json":{"title":"Vi lagar cisterner f\u00f6r processvatten | Cistern Solutions Sweden","description":"Cisterner f\u00f6r processvatten \u00e4r n\u00f6dv\u00e4ndiga f\u00f6r en s\u00e4ker och kontinuerlig produktion. Undvik problem genom att inspektera i tid!","robots":{"index":"index","follow":"follow","max-snippet":"max-snippet:-1","max-image-preview":"max-image-preview:large","max-video-preview":"max-video-preview:-1"},"canonical":"https:\/\/cisternsolutions.eu\/sv\/cisterner-for-processvatten\/","og_locale":"sv_SE","og_type":"article","og_title":"Vi lagar cisterner f\u00f6r processvatten | Cistern Solutions Sweden","og_description":"Cisterner f\u00f6r processvatten \u00e4r n\u00f6dv\u00e4ndiga f\u00f6r en s\u00e4ker och kontinuerlig produktion. Undvik problem genom att inspektera i tid!","og_url":"https:\/\/cisternsolutions.eu\/sv\/cisterner-for-processvatten\/","og_site_name":"Cistern Solutions Sweden","article_modified_time":"2024-10-18T17:02:57+00:00","og_image":[{"width":1920,"height":526,"url":"https:\/\/cisternsolutions.eu\/wp-content\/uploads\/2024\/10\/cisterner_processvatten_hero.jpg","type":"image\/jpeg"}],"twitter_card":"summary_large_image","twitter_misc":{"Ber\u00e4knad l\u00e4stid":"4 minuter"},"schema":{"@context":"https:\/\/schema.org","@graph":[{"@type":"WebPage","@id":"https:\/\/cisternsolutions.eu\/sv\/cisterner-for-processvatten\/","url":"https:\/\/cisternsolutions.eu\/sv\/cisterner-for-processvatten\/","name":"Vi lagar cisterner f\u00f6r processvatten | Cistern Solutions Sweden","isPartOf":{"@id":"https:\/\/cisternsolutions.eu\/sv\/#website"},"primaryImageOfPage":{"@id":"https:\/\/cisternsolutions.eu\/sv\/cisterner-for-processvatten\/#primaryimage"},"image":{"@id":"https:\/\/cisternsolutions.eu\/sv\/cisterner-for-processvatten\/#primaryimage"},"thumbnailUrl":"https:\/\/cisternsolutions.eu\/wp-content\/uploads\/2024\/10\/cisterner_processvatten_hero.jpg","datePublished":"2024-10-08T13:57:58+00:00","dateModified":"2024-10-18T17:02:57+00:00","description":"Cisterner f\u00f6r processvatten \u00e4r n\u00f6dv\u00e4ndiga f\u00f6r en s\u00e4ker och kontinuerlig produktion. Undvik problem genom att inspektera i tid!","breadcrumb":{"@id":"https:\/\/cisternsolutions.eu\/sv\/cisterner-for-processvatten\/#breadcrumb"},"inLanguage":"sv-SE","potentialAction":[{"@type":"ReadAction","target":["https:\/\/cisternsolutions.eu\/sv\/cisterner-for-processvatten\/"]}]},{"@type":"ImageObject","inLanguage":"sv-SE","@id":"https:\/\/cisternsolutions.eu\/sv\/cisterner-for-processvatten\/#primaryimage","url":"https:\/\/cisternsolutions.eu\/wp-content\/uploads\/2024\/10\/cisterner_processvatten_hero.jpg","contentUrl":"https:\/\/cisternsolutions.eu\/wp-content\/uploads\/2024\/10\/cisterner_processvatten_hero.jpg","width":1920,"height":526},{"@type":"BreadcrumbList","@id":"https:\/\/cisternsolutions.eu\/sv\/cisterner-for-processvatten\/#breadcrumb","itemListElement":[{"@type":"ListItem","position":1,"name":"Hem","item":"https:\/\/cisternsolutions.eu\/sv\/"},{"@type":"ListItem","position":2,"name":"Cisterner f\u00f6r processvatten"}]},{"@type":"WebSite","@id":"https:\/\/cisternsolutions.eu\/sv\/#website","url":"https:\/\/cisternsolutions.eu\/sv\/","name":"Cistern Solutions Sweden","description":"Cistern Solutions Sweden","publisher":{"@id":"https:\/\/cisternsolutions.eu\/sv\/#organization"},"potentialAction":[{"@type":"SearchAction","target":{"@type":"EntryPoint","urlTemplate":"https:\/\/cisternsolutions.eu\/sv\/?s={search_term_string}"},"query-input":{"@type":"PropertyValueSpecification","valueRequired":true,"valueName":"search_term_string"}}],"inLanguage":"sv-SE"},{"@type":"Organization","@id":"https:\/\/cisternsolutions.eu\/sv\/#organization","name":"| Cistern Solutions Sweden AB","url":"https:\/\/cisternsolutions.eu\/sv\/","logo":{"@type":"ImageObject","inLanguage":"sv-SE","@id":"https:\/\/cisternsolutions.eu\/sv\/#\/schema\/logo\/image\/","url":"https:\/\/cisternsolutions.eu\/wp-content\/uploads\/2023\/11\/CisternSolutions_orginal-logo.png","contentUrl":"https:\/\/cisternsolutions.eu\/wp-content\/uploads\/2023\/11\/CisternSolutions_orginal-logo.png","width":1045,"height":293,"caption":"| Cistern Solutions Sweden AB"},"image":{"@id":"https:\/\/cisternsolutions.eu\/sv\/#\/schema\/logo\/image\/"}}]}},"_links":{"self":[{"href":"https:\/\/cisternsolutions.eu\/sv\/wp-json\/wp\/v2\/pages\/6827","targetHints":{"allow":["GET"]}}],"collection":[{"href":"https:\/\/cisternsolutions.eu\/sv\/wp-json\/wp\/v2\/pages"}],"about":[{"href":"https:\/\/cisternsolutions.eu\/sv\/wp-json\/wp\/v2\/types\/page"}],"author":[{"embeddable":true,"href":"https:\/\/cisternsolutions.eu\/sv\/wp-json\/wp\/v2\/users\/4"}],"replies":[{"embeddable":true,"href":"https:\/\/cisternsolutions.eu\/sv\/wp-json\/wp\/v2\/comments?post=6827"}],"version-history":[{"count":9,"href":"https:\/\/cisternsolutions.eu\/sv\/wp-json\/wp\/v2\/pages\/6827\/revisions"}],"predecessor-version":[{"id":7092,"href":"https:\/\/cisternsolutions.eu\/sv\/wp-json\/wp\/v2\/pages\/6827\/revisions\/7092"}],"wp:featuredmedia":[{"embeddable":true,"href":"https:\/\/cisternsolutions.eu\/sv\/wp-json\/wp\/v2\/media\/7043"}],"wp:attachment":[{"href":"https:\/\/cisternsolutions.eu\/sv\/wp-json\/wp\/v2\/media?parent=6827"}],"curies":[{"name":"wp","href":"https:\/\/api.w.org\/{rel}","templated":true}]}}