{"id":6775,"date":"2024-10-08T14:13:31","date_gmt":"2024-10-08T12:13:31","guid":{"rendered":"https:\/\/cisternsolutions.eu\/?page_id=6775"},"modified":"2024-10-18T19:02:32","modified_gmt":"2024-10-18T17:02:32","slug":"cisterner-for-vattenrening","status":"publish","type":"page","link":"https:\/\/cisternsolutions.eu\/sv\/cisterner-for-vattenrening\/","title":{"rendered":"Cisterner f\u00f6r vattenrening"},"content":{"rendered":"\r\n<h1>Cisterner f\u00f6r vattenrening<\/h1>\r\n<p>&#8211; f\u00f6rebygg och \u00e5tg\u00e4rda problem<\/p>\r\n<h2>Cisterner f\u00f6r vattenrening m\u00e5ste h\u00e5lla m\u00e5ttet<\/h2>\r\n<p>I vattenreningsverk anv\u00e4nds cisterner f\u00f6r att f\u00f6rvara och hantera en rad olika v\u00e4tskor och medier som anv\u00e4nds f\u00f6r att rena vatten.<\/p>\r\n<p>S\u00e4kerheten vid ett vattenreningsverk handlar dels om att renat vatten inte f\u00f6rorenas, dels om att kemikalier, biprodukter eller f\u00f6rorenat vatten inte l\u00e4cker ut. I b\u00e5da fallen kan m\u00e4nniskors h\u00e4lsa och naturen skadas. Om orsaken \u00e4r bristande tillsyn, kan det leda till juridiska och ekonomiska konsekvenser f\u00f6r ansvariga.<\/p>\r\n<p>Genom att inspektera regelbundet kan du f\u00f6rebygga problem och laga mindre skador i tid. P\u00e5 Cistern Solutions kan vi hj\u00e4lpa dig med b\u00e5de inspektion och renovering.<\/p>\r\n<h3>Kontakta mig!<\/h3>\r\n<form id=\"fluentform_8\" method=\"POST\" data-form_id=\"8\" data-form_instance=\"ff_form_instance_8_1\" data-recptcha_key=\"6LclVsMpAAAAALbQlfjI40nUI01kkMo-WKOg0nvc\"><fieldset><legend>Snabbkontakt &#8211; SE<\/legend><input name=\"__fluent_form_embded_post_id\" type=\"hidden\" value=\"6775\" \/><input id=\"_fluentform_8_fluentformnonce\" name=\"_fluentform_8_fluentformnonce\" type=\"hidden\" value=\"f18bfa5cb1\" \/><input name=\"_wp_http_referer\" type=\"hidden\" value=\"\/sv\/?page_id=6775&amp;fl_builder\" \/><input id=\"ff_8_names_first_name_\" name=\"names[first_name]\" type=\"text\" placeholder=\"F\u00f6r- och efternamn\" aria-invalid=\"false\" aria-required=\"true\/\" \/><input id=\"ff_8_email\" name=\"email\" type=\"email\" placeholder=\"Min mejladress\" data-name=\"email\" aria-invalid=\"false\" aria-required=\"true\/\" \/><textarea id=\"ff_8_message\" cols=\"2\" name=\"message\" rows=\"1\" placeholder=\"Kontakta mig ang\u00e5ende ...\" aria-invalid=\"false\" aria-required=\"true\" data-name=\"message\"><\/textarea><label class=\"ff-el-form-check-label ff_tc_label\" for=\"gdpr-agreement_70d66bb71cd69070401be0d3a44b860c\" aria-label=\"terms &amp; conditions\"><input id=\"gdpr-agreement_70d66bb71cd69070401be0d3a44b860c\" name=\"gdpr-agreement\" type=\"checkbox\" value=\"on\" data-name=\"gdpr-agreement\" aria-invalid=\"false\" aria-required=\"true\/\" \/> Jag samtycker till att denna webbplats lagrar min inl\u00e4mnade information s\u00e5 att de kan svara p\u00e5 min f\u00f6rfr\u00e5gan. Informationen lagras i 1 \u00e5r. <\/label><button type=\"submit\">Skicka<\/button><\/fieldset><\/form>\r\n<p><img decoding=\"async\" title=\"cisterner_vattenrening-flockning\" src=\"https:\/\/cisternsolutions.eu\/wp-content\/uploads\/2024\/10\/cisterner_vattenrening-flockning.jpg\" sizes=\"(max-width: 700px) 100vw, 700px\" srcset=\"https:\/\/cisternsolutions.eu\/wp-content\/uploads\/2024\/10\/cisterner_vattenrening-flockning.jpg 700w, https:\/\/cisternsolutions.eu\/wp-content\/uploads\/2024\/10\/cisterner_vattenrening-flockning-300x107.jpg 300w\" alt=\"cisterner_vattenrening-flockning\" width=\"700\" height=\"250\" \/><\/p>\r\n<h2>Vattenrening med hj\u00e4lp av cisterner<\/h2>\r\n<p>Vid ett reningsverk finns cisterner f\u00f6r filtrering, syres\u00e4ttning, justering av pH eller lagring. De \u00e4mnen som f\u00f6rvaras i cisternerna \u00e4r:<\/p>\r\n<p><strong>R\u00e5vatten:<\/strong> Obehandlat vatten<\/p>\r\n<p><strong>Avloppsvatten:<\/strong> Smutsigt vatten fr\u00e5n hush\u00e5ll och industrier<\/p>\r\n<p><strong>Renat vatten:<\/strong> Vatten som har genomg\u00e5tt hela reningsprocessen och kan sl\u00e4ppas ut i naturen eller \u00e5teranv\u00e4ndas.<\/p>\r\n<p><strong>Kemikalier:<\/strong><\/p>\r\n<ul>\r\n<li>F\u00e4llningskemikalier som f\u00e4ller ut fosfor och andra \u00e4mnen.<\/li>\r\n<li>Desinfektionsmedel som d\u00f6dar bakterier och andra mikroorganismer.<\/li>\r\n<li>pH-justerare: Syror och baser anv\u00e4nds f\u00f6r att justera pH-v\u00e4rdet i vattnet.<\/li>\r\n<li>Flotationsmedel: separerar f\u00f6roreningar fr\u00e5n vattnet.<\/li>\r\n<\/ul>\r\n<p><strong>Slam:<\/strong> R\u00f6tslam \u00e4r en biprodukt i reningsprocessen.<\/p>\r\n<p><strong>Biogas:<\/strong> Slam kan anv\u00e4ndas f\u00f6r att producera biogas.<\/p>\r\n<p><strong>Luft:<\/strong> I vissa delar av den biologiska reningsprocessen tills\u00e4tts luft eller syre.<\/p>\r\n<p>Beroende p\u00e5 mediet och volymen anv\u00e4nder man cisterner i allt fr\u00e5n betong och glasfiberarmerad h\u00e4rdplast (GAP) till galvaniserat st\u00e5l och rostfritt. Alla cisterner kan f\u00f6rst\u00e4rkas med en bel\u00e4ggning som extra skydd.<\/p>\r\n<p><img decoding=\"async\" title=\"korrosion_i_tank_01\" src=\"https:\/\/cisternsolutions.eu\/wp-content\/uploads\/2024\/02\/korrosion_i_tank_01-1.jpg\" sizes=\"(max-width: 700px) 100vw, 700px\" srcset=\"https:\/\/cisternsolutions.eu\/wp-content\/uploads\/2024\/02\/korrosion_i_tank_01-1.jpg 700w, https:\/\/cisternsolutions.eu\/wp-content\/uploads\/2024\/02\/korrosion_i_tank_01-1-300x107.jpg 300w\" alt=\"korrosion_i_tank_01\" width=\"700\" height=\"250\" \/><\/p>\r\n<h2>Problem och skador i vattenreningscisterner<\/h2>\r\n<p>Cisterner vid reningsverk uts\u00e4tts f\u00f6r p\u00e5frestningar som kan ge upphov till sprickor, l\u00e4ckage eller en f\u00f6rsvagad konstruktion.<\/p>\r\n<p><strong>Korrosion <\/strong>\u00e4r ett vanligt problem. Metall kan reagera med syror, alkalier eller salter som anv\u00e4nds i reningsprocessen. Vatten med l\u00e5gt pH, t.ex. surt regnvatten som l\u00e4cker in, eller vatten med h\u00f6g syrehalt, \u00f6kar risken f\u00f6r korrosion. Fukt och syre fr\u00e5n luften kan ocks\u00e5 snabba p\u00e5 korrosionsprocessen. Galvanisk korrosion kan uppst\u00e5 om du t.ex. s\u00e4tter in rostfria r\u00f6r i en galvad st\u00e5ltank.<\/p>\r\n<p><strong>Kemikalier <\/strong>som anv\u00e4nds i reningsprocesser kan bryta ner tanken. Svavelsyra och natriumhydroxid \u00e4r exempel p\u00e5 kemikalier som kan ge skador. Desinfektionsmedel som klor eller ozon kan ocks\u00e5 p\u00e5verka negativt.<\/p>\r\n<p><strong>Fysisk n\u00f6tning <\/strong>uppst\u00e5r n\u00e4r partiklar flyter runt i vattnet, s\u00e4rskilt om vattnet str\u00f6mmar i h\u00f6g hastighet. Risken \u00e4r st\u00f6rst i cisterner med avloppsvatten eller slam.<\/p>\r\n<p><strong>Snabba temperaturf\u00f6r\u00e4ndringar<\/strong> kan leda till sp\u00e4nningar som orsakar sprickbildning eller deformation.<\/p>\r\n<p><strong>Bakterier, alger eller m\u00f6gel<\/strong> kan p\u00e5verka korrosionshastigheten.<\/p>\r\n<p><strong>Strukturella skador <\/strong>kan uppkomma om installationen \u00e4r felaktigt utf\u00f6rd, vid s\u00e4ttningar eller \u00f6verbelastning. Resultatet blir sprickor eller deformation.<\/p>\r\n<h2>S\u00e5 undviker du problem &#8211; inspektera ofta!<\/h2>\r\n<p>Vattenrening handlar om att leverera rent vatten till slutanv\u00e4ndare och att undvika mark- och vattenf\u00f6rorening. Med strikta milj\u00f6standarder och s\u00e4kerhetskrav som styr hur v\u00e4tskor och medier vid ett reningsverk ska hanteras och f\u00f6rvaras, vill myndigheterna f\u00f6rhindra f\u00f6rorening av mark och vatten och skydda m\u00e4nniskors h\u00e4lsa.<\/p>\r\n<p>F\u00f6r att f\u00f6rebygga olycksh\u00e4ndelser \u00e4r det viktigt med regelbundna inspektioner och underh\u00e5ll. Beroende p\u00e5 inneh\u00e5ll i cisternen och var den \u00e4r placerad, finns f\u00f6reskrifter om hur ofta och vem som ska g\u00f6ra inspektioner &#8211; om inspektionen ska utf\u00f6ras av ackrediterade kontrollorgan eller om man kan g\u00f6ra den sj\u00e4lv. Om det g\u00e4ller kemikalier, brandfarlig v\u00e4tska eller spillolja, finns specifika f\u00f6reskrifter om vilka skydds\u00e5tg\u00e4rder som enligt lag m\u00e5ste till i form av inspektioner och krav p\u00e5 sekund\u00e4rt skydd.<\/p>\r\n<h2>Intressanta l\u00e4nkar<\/h2>\r\n<ul>\r\n<li>\r\n<h4>L\u00e4s mer om inspektion h\u00e4r<\/h4>\r\n<\/li>\r\n<li>\r\n<h4>F\u00f6r mer information om vilka regler som g\u00e4ller n\u00e4r vid hantering av brandfarliga v\u00e4tskor i cisterner med anslutna r\u00f6r och slangledningar eller l\u00f6sa beh\u00e5llare, se Naturv\u00e5rdverkets f\u00f6reskrifter (NFS 2021).<\/h4>\r\n<\/li>\r\n<li>\r\n<h4>F\u00f6r att se vad som g\u00e4ller n\u00e4r du hanterar brandfarliga v\u00e4tskor och ska installera en cistern. T\u00e4nk p\u00e5 att det ocks\u00e5 finns regler f\u00f6r vad du m\u00e5ste t\u00e4nka p\u00e5 om en cistern ska tas bort eller tas ur bruk. Se MSB:s f\u00f6reskrifter f\u00f6r Cisterner och r\u00f6rledningar.<\/h4>\r\n<\/li>\r\n<li>\r\n<h4>Myndigheten f\u00f6r samh\u00e4llsberedskap, MSB reglerar hur cisterner och r\u00f6rledningar f\u00f6r brandfarlig v\u00e4tska ska kontrolleras i s\u00e4rskilda f\u00f6reskrifter. L\u00e4s mer h\u00e4r &gt;<\/h4>\r\n<\/li>\r\n<\/ul>\r\n<h2>S\u00e5 kan vi laga en cistern f\u00f6r vattenrening<\/h2>\r\n<p>Cistern Solutions har utvecklat en effektiv metod f\u00f6r att renovera cisterner f\u00f6r vattenrening. Vi lagar skador som har uppst\u00e5tt eller renoverar i f\u00f6rebyggande syfte f\u00f6r att s\u00e4kra driften.<\/p>\r\n<p>Cistern Solutions har utvecklat en metod som g\u00e5r att anv\u00e4nda p\u00e5 alla typer av tankar &#8211; metall, rostfritt och betong eller GAP. Cisternen kan vara nergr\u00e4vd eller st\u00e5 ovan jord &#8211; v\u00e5r metod fungerar oavsett hur eller var tanken \u00e4r installerad.<\/p>\r\n<p>Med hj\u00e4lp av epoxy eller en annan anpassad bel\u00e4ggning och skapar vi en skyddande barri\u00e4r mellan mediet i tanken och sj\u00e4lva tanken. V\u00e5r l\u00f6sning kommer att minimera risken f\u00f6r korrosion, n\u00f6tning och biologisk p\u00e5v\u00e4xt.<\/p>\r\n<p><a href=\"https:\/\/cisternsolutions.eu\/sv\/tankrenovering-med-forstarkt-konstruktion\/\">L\u00e4s mer om hur vi anv\u00e4nde metoden f\u00f6r att f\u00f6rst\u00e4rka en skadad tankkonstruktion.<\/a><\/p>\r\n<h3>Vill du veta mer om hur du kan framtidss\u00e4kra cisterner f\u00f6r vattenrening?<\/h3>\r\n<p><a href=\"https:\/\/cisternsolutions.eu\/sv\/kontakt\/\">H\u00f6r av dig till oss<\/a> s\u00e5 ber\u00e4ttar vi mer om hur vi renoverar skadade cisterner.\u00a0<\/p>\r\n<h3>Jag vill veta mer om renovering av cisterer f\u00f6r vattenrening<\/h3>\r\n<form id=\"fluentform_1\" method=\"POST\" data-form_id=\"1\" data-form_instance=\"ff_form_instance_1_2\" data-recptcha_key=\"6LclVsMpAAAAALbQlfjI40nUI01kkMo-WKOg0nvc\"><fieldset><legend>Kontaktformul\u00e4r &#8211; SE<\/legend><input name=\"__fluent_form_embded_post_id\" type=\"hidden\" value=\"6775\" \/><input id=\"_fluentform_1_fluentformnonce\" name=\"_fluentform_1_fluentformnonce\" type=\"hidden\" value=\"f18bfa5cb1\" \/><input name=\"_wp_http_referer\" type=\"hidden\" value=\"\/sv\/?page_id=6775&amp;fl_builder\" \/><label for=\"ff_1_2_names_first_name_\" aria-label=\"Jag heter ...\">Jag heter &#8230;<\/label><input id=\"ff_1_2_names_first_name_\" name=\"names[first_name]\" type=\"text\" placeholder=\"F\u00f6r- och efternamn\" aria-invalid=\"false\" aria-required=\"true\/\" \/><label for=\"ff_1_2_input_text\" aria-label=\"F\u00f6retag\">F\u00f6retag<\/label><input id=\"ff_1_2_input_text\" name=\"input_text\" type=\"text\" placeholder=\"Jag jobbar ...\" data-name=\"input_text\" aria-invalid=\"false\" aria-required=\"true\/\" \/><label for=\"ff_1_2_email\" aria-label=\"Mejladress\">Mejladress<\/label><input id=\"ff_1_2_email\" name=\"email\" type=\"email\" placeholder=\"Mejla till mig p\u00e5 ...\" data-name=\"email\" aria-invalid=\"false\" aria-required=\"true\/\" \/><label for=\"ff_1_2_phone\" aria-label=\"Telefonnummer\">Telefonnummer<\/label><input id=\"ff_1_2_phone\" name=\"phone\" type=\"tel\" placeholder=\"Mitt nummer ...\" data-name=\"phone\" aria-invalid=\"false\" aria-required=\"true\/\" \/><label for=\"ff_1_2_subject\" aria-label=\"\u00c4mne\">\u00c4mne<\/label><input id=\"ff_1_2_subject\" name=\"subject\" type=\"text\" placeholder=\"Jag \u00e4r intresserad av ....\" data-name=\"subject\" aria-invalid=\"false\" aria-required=\"true\/\" \/><label aria-label=\"Typ av tank\">Typ av tank<\/label><label class=\"ff-el-form-check-label\" for=\"checkbox_1_275dab756c64d82fac96b4e1a2c0563c\"><input id=\"checkbox_1_275dab756c64d82fac96b4e1a2c0563c\" name=\"checkbox_1[]\" type=\"checkbox\" value=\"Sprinklertank\" data-name=\"checkbox_1\" aria-label=\"Sprinklertank\" aria-invalid=\"false\" aria-required=\"false\/\" \/> Sprinklertank<\/label><label class=\"ff-el-form-check-label\" for=\"checkbox_1_ebd668615fb30e546d385f9da2e22210\"><input id=\"checkbox_1_ebd668615fb30e546d385f9da2e22210\" name=\"checkbox_1[]\" type=\"checkbox\" value=\"Processtank\" data-name=\"checkbox_1\" aria-label=\"Processtank\" aria-invalid=\"false\" aria-required=\"false\/\" \/> Processtank<\/label><label class=\"ff-el-form-check-label\" for=\"checkbox_1_6f25c00e2ae38ed64533e2e5e34263ff\"><input id=\"checkbox_1_6f25c00e2ae38ed64533e2e5e34263ff\" name=\"checkbox_1[]\" type=\"checkbox\" value=\"Annan tank\" data-name=\"checkbox_1\" aria-label=\"Annan tank\" aria-invalid=\"false\" aria-required=\"false\/\" \/> Annan tank<\/label><label aria-label=\"Tj\u00e4nst \">Tj\u00e4nst <\/label><label class=\"ff-el-form-check-label\" for=\"checkbox_778e6ed639019cd2d5671a14fbce98d9\"><input id=\"checkbox_778e6ed639019cd2d5671a14fbce98d9\" name=\"checkbox[]\" type=\"checkbox\" value=\"Inspektion\" data-name=\"checkbox\" aria-label=\"Inspektion\" aria-invalid=\"false\" aria-required=\"false\/\" \/> Inspektion<\/label><label class=\"ff-el-form-check-label\" for=\"checkbox_f942463a9a79212787ccdf309d38b29a\"><input id=\"checkbox_f942463a9a79212787ccdf309d38b29a\" name=\"checkbox[]\" type=\"checkbox\" value=\"Renovering\" data-name=\"checkbox\" aria-label=\"Renovering\" aria-invalid=\"false\" aria-required=\"false\/\" \/> Renovering<\/label><label class=\"ff-el-form-check-label\" for=\"checkbox_6dd3d3610f32f430963c09d460384789\"><input id=\"checkbox_6dd3d3610f32f430963c09d460384789\" name=\"checkbox[]\" type=\"checkbox\" value=\"Annant\" data-name=\"checkbox\" aria-label=\"Annant\" aria-invalid=\"false\" aria-required=\"false\/\" \/> Annant<\/label><label for=\"ff_1_2_multi_select_1\" aria-label=\"Antal tankar\">Antal tankar<\/label><select id=\"ff_1_2_multi_select_1\" multiple=\"multiple\" name=\"multi_select_1[]\" data-name=\"multi_select_1\" data-calc_value=\"0\" aria-invalid=\"false\" aria-required=\"false\">\r\n<option value=\"\">Antal tankar<\/option>\r\n<option value=\"0\">0<\/option>\r\n<option value=\"1\">1<\/option>\r\n<option value=\"2\">2<\/option>\r\n<option value=\"3\">3<\/option>\r\n<option value=\"4\">4<\/option>\r\n<option value=\"5\">5<\/option>\r\n<option value=\"6\">6<\/option>\r\n<option value=\"7\">7<\/option>\r\n<option value=\"8\">8<\/option>\r\n<option value=\"9\">9<\/option>\r\n<option value=\"10 eller fler\">10 eller fler<\/option>\r\n<\/select><label for=\"ff_1_2_message\" aria-label=\"Meddelande\">Meddelande<\/label><textarea id=\"ff_1_2_message\" cols=\"2\" name=\"message\" rows=\"4\" placeholder=\"Ytterligare fr\u00e5gor eller kommentarer ....\" aria-invalid=\"false\" aria-required=\"true\" data-name=\"message\"><\/textarea><label class=\"ff-el-form-check-label ff_tc_label\" for=\"gdpr-agreement_a6f735d8126f01a2b07abdf3ce38dede\" aria-label=\"terms &amp; conditions\"><input id=\"gdpr-agreement_a6f735d8126f01a2b07abdf3ce38dede\" name=\"gdpr-agreement\" type=\"checkbox\" value=\"on\" data-name=\"gdpr-agreement\" aria-invalid=\"false\" aria-required=\"true\/\" \/> Jag samtycker till att denna webbplats lagrar min inl\u00e4mnade information s\u00e5 att de kan svara p\u00e5 min f\u00f6rfr\u00e5gan. Informationen lagras i 1 \u00e5r. <\/label><button type=\"submit\">Skicka<\/button><\/fieldset><\/form>","protected":false},"excerpt":{"rendered":"<p>Cistern Solutions renoveringsmetod kan \u00e5terst\u00e4lla funktionen om cisterner f\u00f6r vattenrening skadats. <\/p>\n","protected":false},"author":4,"featured_media":7006,"parent":0,"menu_order":0,"comment_status":"closed","ping_status":"closed","template":"","meta":{"footnotes":""},"class_list":["post-6775","page","type-page","status-publish","has-post-thumbnail"],"yoast_head":"<!-- This site is optimized with the Yoast SEO plugin v27.4 - https:\/\/yoast.com\/product\/yoast-seo-wordpress\/ -->\n<title>Cisterner f\u00f6r vattenrening | Cistern Solutions Sweden<\/title>\n<meta name=\"description\" content=\"Cisterner f\u00f6r vattenrening kan f\u00e5 skador och beh\u00f6va repareras. Cistern Solutions kan reparera och \u00e5terst\u00e4lla funktion i cisterner. L\u00e4s mer ...\" \/>\n<meta name=\"robots\" content=\"index, follow, max-snippet:-1, max-image-preview:large, max-video-preview:-1\" \/>\n<link rel=\"canonical\" href=\"https:\/\/cisternsolutions.eu\/sv\/cisterner-for-vattenrening\/\" \/>\n<meta property=\"og:locale\" content=\"sv_SE\" \/>\n<meta property=\"og:type\" content=\"article\" \/>\n<meta property=\"og:title\" content=\"Cisterner f\u00f6r vattenrening | Cistern Solutions Sweden\" \/>\n<meta property=\"og:description\" content=\"Cisterner f\u00f6r vattenrening kan f\u00e5 skador och beh\u00f6va repareras. Cistern Solutions kan reparera och \u00e5terst\u00e4lla funktion i cisterner. L\u00e4s mer ...\" \/>\n<meta property=\"og:url\" content=\"https:\/\/cisternsolutions.eu\/sv\/cisterner-for-vattenrening\/\" \/>\n<meta property=\"og:site_name\" content=\"Cistern Solutions Sweden\" \/>\n<meta property=\"article:modified_time\" content=\"2024-10-18T17:02:32+00:00\" \/>\n<meta property=\"og:image\" content=\"https:\/\/cisternsolutions.eu\/wp-content\/uploads\/2024\/10\/cisterner_vattenrening-hero.jpg\" \/>\n\t<meta property=\"og:image:width\" content=\"1920\" \/>\n\t<meta property=\"og:image:height\" content=\"526\" \/>\n\t<meta property=\"og:image:type\" content=\"image\/jpeg\" \/>\n<meta name=\"twitter:card\" content=\"summary_large_image\" \/>\n<meta name=\"twitter:label1\" content=\"Ber\u00e4knad l\u00e4stid\" \/>\n\t<meta name=\"twitter:data1\" content=\"5 minuter\" \/>\n<script type=\"application\/ld+json\" class=\"yoast-schema-graph\">{\"@context\":\"https:\\\/\\\/schema.org\",\"@graph\":[{\"@type\":\"WebPage\",\"@id\":\"https:\\\/\\\/cisternsolutions.eu\\\/sv\\\/cisterner-for-vattenrening\\\/\",\"url\":\"https:\\\/\\\/cisternsolutions.eu\\\/sv\\\/cisterner-for-vattenrening\\\/\",\"name\":\"Cisterner f\u00f6r vattenrening | Cistern Solutions Sweden\",\"isPartOf\":{\"@id\":\"https:\\\/\\\/cisternsolutions.eu\\\/sv\\\/#website\"},\"primaryImageOfPage\":{\"@id\":\"https:\\\/\\\/cisternsolutions.eu\\\/sv\\\/cisterner-for-vattenrening\\\/#primaryimage\"},\"image\":{\"@id\":\"https:\\\/\\\/cisternsolutions.eu\\\/sv\\\/cisterner-for-vattenrening\\\/#primaryimage\"},\"thumbnailUrl\":\"https:\\\/\\\/cisternsolutions.eu\\\/wp-content\\\/uploads\\\/2024\\\/10\\\/cisterner_vattenrening-hero.jpg\",\"datePublished\":\"2024-10-08T12:13:31+00:00\",\"dateModified\":\"2024-10-18T17:02:32+00:00\",\"description\":\"Cisterner f\u00f6r vattenrening kan f\u00e5 skador och beh\u00f6va repareras. Cistern Solutions kan reparera och \u00e5terst\u00e4lla funktion i cisterner. L\u00e4s mer ...\",\"breadcrumb\":{\"@id\":\"https:\\\/\\\/cisternsolutions.eu\\\/sv\\\/cisterner-for-vattenrening\\\/#breadcrumb\"},\"inLanguage\":\"sv-SE\",\"potentialAction\":[{\"@type\":\"ReadAction\",\"target\":[\"https:\\\/\\\/cisternsolutions.eu\\\/sv\\\/cisterner-for-vattenrening\\\/\"]}]},{\"@type\":\"ImageObject\",\"inLanguage\":\"sv-SE\",\"@id\":\"https:\\\/\\\/cisternsolutions.eu\\\/sv\\\/cisterner-for-vattenrening\\\/#primaryimage\",\"url\":\"https:\\\/\\\/cisternsolutions.eu\\\/wp-content\\\/uploads\\\/2024\\\/10\\\/cisterner_vattenrening-hero.jpg\",\"contentUrl\":\"https:\\\/\\\/cisternsolutions.eu\\\/wp-content\\\/uploads\\\/2024\\\/10\\\/cisterner_vattenrening-hero.jpg\",\"width\":1920,\"height\":526},{\"@type\":\"BreadcrumbList\",\"@id\":\"https:\\\/\\\/cisternsolutions.eu\\\/sv\\\/cisterner-for-vattenrening\\\/#breadcrumb\",\"itemListElement\":[{\"@type\":\"ListItem\",\"position\":1,\"name\":\"Hem\",\"item\":\"https:\\\/\\\/cisternsolutions.eu\\\/sv\\\/\"},{\"@type\":\"ListItem\",\"position\":2,\"name\":\"Cisterner f\u00f6r vattenrening\"}]},{\"@type\":\"WebSite\",\"@id\":\"https:\\\/\\\/cisternsolutions.eu\\\/sv\\\/#website\",\"url\":\"https:\\\/\\\/cisternsolutions.eu\\\/sv\\\/\",\"name\":\"Cistern Solutions Sweden\",\"description\":\"Cistern Solutions Sweden\",\"publisher\":{\"@id\":\"https:\\\/\\\/cisternsolutions.eu\\\/sv\\\/#organization\"},\"potentialAction\":[{\"@type\":\"SearchAction\",\"target\":{\"@type\":\"EntryPoint\",\"urlTemplate\":\"https:\\\/\\\/cisternsolutions.eu\\\/sv\\\/?s={search_term_string}\"},\"query-input\":{\"@type\":\"PropertyValueSpecification\",\"valueRequired\":true,\"valueName\":\"search_term_string\"}}],\"inLanguage\":\"sv-SE\"},{\"@type\":\"Organization\",\"@id\":\"https:\\\/\\\/cisternsolutions.eu\\\/sv\\\/#organization\",\"name\":\"| Cistern Solutions Sweden AB\",\"url\":\"https:\\\/\\\/cisternsolutions.eu\\\/sv\\\/\",\"logo\":{\"@type\":\"ImageObject\",\"inLanguage\":\"sv-SE\",\"@id\":\"https:\\\/\\\/cisternsolutions.eu\\\/sv\\\/#\\\/schema\\\/logo\\\/image\\\/\",\"url\":\"https:\\\/\\\/cisternsolutions.eu\\\/wp-content\\\/uploads\\\/2023\\\/11\\\/CisternSolutions_orginal-logo.png\",\"contentUrl\":\"https:\\\/\\\/cisternsolutions.eu\\\/wp-content\\\/uploads\\\/2023\\\/11\\\/CisternSolutions_orginal-logo.png\",\"width\":1045,\"height\":293,\"caption\":\"| Cistern Solutions Sweden AB\"},\"image\":{\"@id\":\"https:\\\/\\\/cisternsolutions.eu\\\/sv\\\/#\\\/schema\\\/logo\\\/image\\\/\"}}]}<\/script>\n<!-- \/ Yoast SEO plugin. -->","yoast_head_json":{"title":"Cisterner f\u00f6r vattenrening | Cistern Solutions Sweden","description":"Cisterner f\u00f6r vattenrening kan f\u00e5 skador och beh\u00f6va repareras. Cistern Solutions kan reparera och \u00e5terst\u00e4lla funktion i cisterner. L\u00e4s mer ...","robots":{"index":"index","follow":"follow","max-snippet":"max-snippet:-1","max-image-preview":"max-image-preview:large","max-video-preview":"max-video-preview:-1"},"canonical":"https:\/\/cisternsolutions.eu\/sv\/cisterner-for-vattenrening\/","og_locale":"sv_SE","og_type":"article","og_title":"Cisterner f\u00f6r vattenrening | Cistern Solutions Sweden","og_description":"Cisterner f\u00f6r vattenrening kan f\u00e5 skador och beh\u00f6va repareras. Cistern Solutions kan reparera och \u00e5terst\u00e4lla funktion i cisterner. L\u00e4s mer ...","og_url":"https:\/\/cisternsolutions.eu\/sv\/cisterner-for-vattenrening\/","og_site_name":"Cistern Solutions Sweden","article_modified_time":"2024-10-18T17:02:32+00:00","og_image":[{"width":1920,"height":526,"url":"https:\/\/cisternsolutions.eu\/wp-content\/uploads\/2024\/10\/cisterner_vattenrening-hero.jpg","type":"image\/jpeg"}],"twitter_card":"summary_large_image","twitter_misc":{"Ber\u00e4knad l\u00e4stid":"5 minuter"},"schema":{"@context":"https:\/\/schema.org","@graph":[{"@type":"WebPage","@id":"https:\/\/cisternsolutions.eu\/sv\/cisterner-for-vattenrening\/","url":"https:\/\/cisternsolutions.eu\/sv\/cisterner-for-vattenrening\/","name":"Cisterner f\u00f6r vattenrening | Cistern Solutions Sweden","isPartOf":{"@id":"https:\/\/cisternsolutions.eu\/sv\/#website"},"primaryImageOfPage":{"@id":"https:\/\/cisternsolutions.eu\/sv\/cisterner-for-vattenrening\/#primaryimage"},"image":{"@id":"https:\/\/cisternsolutions.eu\/sv\/cisterner-for-vattenrening\/#primaryimage"},"thumbnailUrl":"https:\/\/cisternsolutions.eu\/wp-content\/uploads\/2024\/10\/cisterner_vattenrening-hero.jpg","datePublished":"2024-10-08T12:13:31+00:00","dateModified":"2024-10-18T17:02:32+00:00","description":"Cisterner f\u00f6r vattenrening kan f\u00e5 skador och beh\u00f6va repareras. Cistern Solutions kan reparera och \u00e5terst\u00e4lla funktion i cisterner. L\u00e4s mer ...","breadcrumb":{"@id":"https:\/\/cisternsolutions.eu\/sv\/cisterner-for-vattenrening\/#breadcrumb"},"inLanguage":"sv-SE","potentialAction":[{"@type":"ReadAction","target":["https:\/\/cisternsolutions.eu\/sv\/cisterner-for-vattenrening\/"]}]},{"@type":"ImageObject","inLanguage":"sv-SE","@id":"https:\/\/cisternsolutions.eu\/sv\/cisterner-for-vattenrening\/#primaryimage","url":"https:\/\/cisternsolutions.eu\/wp-content\/uploads\/2024\/10\/cisterner_vattenrening-hero.jpg","contentUrl":"https:\/\/cisternsolutions.eu\/wp-content\/uploads\/2024\/10\/cisterner_vattenrening-hero.jpg","width":1920,"height":526},{"@type":"BreadcrumbList","@id":"https:\/\/cisternsolutions.eu\/sv\/cisterner-for-vattenrening\/#breadcrumb","itemListElement":[{"@type":"ListItem","position":1,"name":"Hem","item":"https:\/\/cisternsolutions.eu\/sv\/"},{"@type":"ListItem","position":2,"name":"Cisterner f\u00f6r vattenrening"}]},{"@type":"WebSite","@id":"https:\/\/cisternsolutions.eu\/sv\/#website","url":"https:\/\/cisternsolutions.eu\/sv\/","name":"Cistern Solutions Sweden","description":"Cistern Solutions Sweden","publisher":{"@id":"https:\/\/cisternsolutions.eu\/sv\/#organization"},"potentialAction":[{"@type":"SearchAction","target":{"@type":"EntryPoint","urlTemplate":"https:\/\/cisternsolutions.eu\/sv\/?s={search_term_string}"},"query-input":{"@type":"PropertyValueSpecification","valueRequired":true,"valueName":"search_term_string"}}],"inLanguage":"sv-SE"},{"@type":"Organization","@id":"https:\/\/cisternsolutions.eu\/sv\/#organization","name":"| Cistern Solutions Sweden AB","url":"https:\/\/cisternsolutions.eu\/sv\/","logo":{"@type":"ImageObject","inLanguage":"sv-SE","@id":"https:\/\/cisternsolutions.eu\/sv\/#\/schema\/logo\/image\/","url":"https:\/\/cisternsolutions.eu\/wp-content\/uploads\/2023\/11\/CisternSolutions_orginal-logo.png","contentUrl":"https:\/\/cisternsolutions.eu\/wp-content\/uploads\/2023\/11\/CisternSolutions_orginal-logo.png","width":1045,"height":293,"caption":"| Cistern Solutions Sweden AB"},"image":{"@id":"https:\/\/cisternsolutions.eu\/sv\/#\/schema\/logo\/image\/"}}]}},"_links":{"self":[{"href":"https:\/\/cisternsolutions.eu\/sv\/wp-json\/wp\/v2\/pages\/6775","targetHints":{"allow":["GET"]}}],"collection":[{"href":"https:\/\/cisternsolutions.eu\/sv\/wp-json\/wp\/v2\/pages"}],"about":[{"href":"https:\/\/cisternsolutions.eu\/sv\/wp-json\/wp\/v2\/types\/page"}],"author":[{"embeddable":true,"href":"https:\/\/cisternsolutions.eu\/sv\/wp-json\/wp\/v2\/users\/4"}],"replies":[{"embeddable":true,"href":"https:\/\/cisternsolutions.eu\/sv\/wp-json\/wp\/v2\/comments?post=6775"}],"version-history":[{"count":9,"href":"https:\/\/cisternsolutions.eu\/sv\/wp-json\/wp\/v2\/pages\/6775\/revisions"}],"predecessor-version":[{"id":7094,"href":"https:\/\/cisternsolutions.eu\/sv\/wp-json\/wp\/v2\/pages\/6775\/revisions\/7094"}],"wp:featuredmedia":[{"embeddable":true,"href":"https:\/\/cisternsolutions.eu\/sv\/wp-json\/wp\/v2\/media\/7006"}],"wp:attachment":[{"href":"https:\/\/cisternsolutions.eu\/sv\/wp-json\/wp\/v2\/media?parent=6775"}],"curies":[{"name":"wp","href":"https:\/\/api.w.org\/{rel}","templated":true}]}}