{"id":6464,"date":"2024-06-18T10:11:10","date_gmt":"2024-06-18T08:11:10","guid":{"rendered":"https:\/\/cisternsolutions.eu\/?page_id=6464"},"modified":"2024-06-24T15:55:16","modified_gmt":"2024-06-24T13:55:16","slug":"testlabb","status":"publish","type":"page","link":"https:\/\/cisternsolutions.eu\/sv\/testlabb\/","title":{"rendered":"Testlabb"},"content":{"rendered":"\r\n<h1>Vi testar produkter och konstruktioner<\/h1>\r\n<p><strong>i eget laboratorium <\/strong><\/p>\r\n<h2>Nyfikna och nogranna<\/h2>\r\n<p>Cistern Solutions, Aj Floor Solutions och Dens 3 \u00e4r syskonf\u00f6retag som alla har samma h\u00f6ga ambitioner p\u00e5 de arbeten vi utf\u00f6r. Vi vill ligga i framkant av utvecklingen och \u00e4r alltid intresserade av att testa nya metoder, konstruktioner och ny teknik. Men det viktigaste f\u00f6r oss, \u00e4ven om vi \u00e4r p\u00e5 jakt efter innovativa s\u00e4tt att tackla problem, \u00e4r att erbjuda v\u00e5ra kunder p\u00e5litliga l\u00f6sningar som h\u00e5ller vad vi lovar. F\u00f6r att kunna g\u00f6ra det utf\u00f6r vi en m\u00e4ngd tester i egen regi.<\/p>\r\n<h3>Varf\u00f6r testar vi sj\u00e4lva?<\/h3>\r\n<p>Varf\u00f6r testa en g\u00e5ng till? R\u00e4cker det inte med leverant\u00f6rens rekommendationer? Vi tycker inte alltid det, s\u00e4rskilt inte om rekommendationen v\u00e4cker fr\u00e5gor hos oss. Ibland v\u00e4ljer vi allts\u00e5 att g\u00f6ra fler tester, \u00e4ven om v\u00e5ra leverant\u00f6rer l\u00e4mnar garantier f\u00f6r att produkten h\u00e5ller en viss standard. Det \u00e4r dessutom viktigt f\u00f6r oss att se hur produkterna fungerar i de sammanhang och konstruktioner vi anv\u00e4nder dem.<\/p>\r\n<h3>Tester vi kan utf\u00f6ra:<\/h3>\r\n<ul>\r\n<li>Mekaniska h\u00e5llfasthet<\/li>\r\n<li>Kemisk h\u00e5llfashet<\/li>\r\n<li>Hur temperatur p\u00e5verkar<\/li>\r\n<li>Hur luftfuktighet p\u00e5verkar<\/li>\r\n<\/ul>\r\n<h3>Vad testar vi?<\/h3>\r\n<p>Det \u00e4r framf\u00f6r allt mekaniska och kemiska egenskaper vi testar. V\u00e5ra konstruktioner ska t\u00e5la b\u00e5de mekaniska belastningar och kemisk p\u00e5verkan. Vi kan t.ex. testa konstruktionens styrka, drag &#8211; och b\u00f6jh\u00e5llfasthet. N\u00e4r det g\u00e4ller kemikalier testar vi hur ett \u00e4mne p\u00e5verkas av fukt, alkohol, syror (t.ex. myrsyra och saltsyra) eller soda.<\/p>\r\n<h3>S\u00e5 g\u00e5r ett test till<\/h3>\r\n<p>Hur kan ett test g\u00e5 till? Vi tar ett exempel: En leverant\u00f6r p\u00e5st\u00e5r att en viss epoxybel\u00e4ggning h\u00e5ller f\u00f6r 10 % alkohol. Vi testar vad bel\u00e4ggningen g\u00e5r f\u00f6r genom att exponera ett prov f\u00f6r den angivna alkoholhalten, ibland \u00e4ven f\u00f6r en h\u00f6gre halt, under en tid och registrerar vad som h\u00e4nder. Den h\u00e4r typen av test ger oss bland annat en tydlig uppfattning om vilka marginaler vi har att r\u00f6ra oss med.<\/p>\r\n<h3>Simulering av olika milj\u00f6er<\/h3>\r\n<p>Vi har ocks\u00e5 m\u00f6jlighet att testa material och produkter i ett klimatsk\u00e5p. I sk\u00e5pet kan vi simulera olika klimatf\u00f6rh\u00e5llanden (v\u00e4rme\/kyla, fuktighet\/ torrhet) f\u00f6r att testa h\u00e5llbarhet och prestanda under olika omst\u00e4ndigheter. Vi kan skapa \u00e5rstidscykler som stressar materialet\/produkten p\u00e5 ett s\u00e4tt som p\u00e5minner om den milj\u00f6 som det \u00e4r t\u00e4nkt att anv\u00e4ndas i. Det ger oss en bra bild av hur h\u00e5llbar l\u00f6sningen \u00e4r.<\/p>\r\n<h3>Att testa f\u00f6r certifiering<\/h3>\r\n<p>V\u00e5r ambition \u00e4r att certifiera Cistern Solutions-metoden som en s\u00e4ker l\u00f6sning f\u00f6r tankar med olika typer av inneh\u00e5ll, allt fr\u00e5n vatten och livsmedel till diesel och biogas. F\u00f6r att f\u00e5 en certifiering m\u00e5ste ett ackrediterat laboratorium utf\u00f6ra testerna. Utifr\u00e5n de p\u00e5frestningar och krav som materialet\/konstruktionen m\u00e5ste klara, ber vi labbet utf\u00f6ra specifika tester.<\/p>\r\n<p>Vi har anv\u00e4nt oss av RISE f\u00f6r att testa de produkter som vi utvecklat under produktnamnet Dens 3 &#8211; ett sp\u00e4rrskikt som stoppar radon, emissioner och fukt. De utm\u00e4rkta resultaten fr\u00e5n de testerna \u00e5terspeglar v\u00e5r h\u00f6ga ambitionsniv\u00e5 \u00e4ven f\u00f6r Cistern Solutions-metoden.<\/p>\r\n<p>Vi hoppas snart kunna \u00e5terkomma med dokumentation som visar svart p\u00e5 vitt det vi redan vet av erfarenhet om Cistern Solutions-metoden &#8211; att det \u00e4r en h\u00e5llbar och s\u00f6ker l\u00f6sning f\u00f6r renovering av alla typer av tankar.<\/p>\r\n<p><img decoding=\"async\" title=\"labb_03\" src=\"https:\/\/cisternsolutions.eu\/wp-content\/uploads\/2024\/06\/labb_03.jpg\" sizes=\"(max-width: 400px) 100vw, 400px\" srcset=\"https:\/\/cisternsolutions.eu\/wp-content\/uploads\/2024\/06\/labb_03.jpg 400w, https:\/\/cisternsolutions.eu\/wp-content\/uploads\/2024\/06\/labb_03-196x300.jpg 196w\" alt=\"labb_03\" width=\"400\" height=\"612\" \/><\/p>\r\n","protected":false},"excerpt":{"rendered":"<p>Vi testar produkter och konstruktioner i eget laboratorium Nyfikna och nogranna Cistern Solutions, Aj Floor Solutions och Dens 3 \u00e4r syskonf\u00f6retag som alla har samma h\u00f6ga ambitioner p\u00e5 de arbeten vi utf\u00f6r. Vi vill ligga i framkant av utvecklingen och \u00e4r alltid intresserade av att testa nya metoder, konstruktioner och &#8230; <a title=\"Testlabb\" class=\"read-more\" href=\"https:\/\/cisternsolutions.eu\/sv\/testlabb\/\" aria-label=\"L\u00e4s mer om Testlabb\">L\u00e4s mer<\/a><\/p>\n","protected":false},"author":4,"featured_media":0,"parent":0,"menu_order":0,"comment_status":"closed","ping_status":"closed","template":"","meta":{"footnotes":""},"class_list":["post-6464","page","type-page","status-publish"],"yoast_head":"<!-- This site is optimized with the Yoast SEO plugin v27.4 - https:\/\/yoast.com\/product\/yoast-seo-wordpress\/ -->\n<title>Vi testar produkter i eget labb | Cistern Solutions Sweden<\/title>\n<meta name=\"description\" content=\"Cistern Solutions Sweden vill ligga i framkant av utvecklingen. D\u00e4rf\u00e4r testar vi nya metoder, konstruktioner och ny teknik i eget labb\" \/>\n<meta name=\"robots\" content=\"index, follow, max-snippet:-1, max-image-preview:large, max-video-preview:-1\" \/>\n<link rel=\"canonical\" href=\"https:\/\/cisternsolutions.eu\/sv\/testlabb\/\" \/>\n<meta property=\"og:locale\" content=\"sv_SE\" \/>\n<meta property=\"og:type\" content=\"article\" \/>\n<meta property=\"og:title\" content=\"Vi testar produkter i eget labb | Cistern Solutions Sweden\" \/>\n<meta property=\"og:description\" content=\"Cistern Solutions Sweden vill ligga i framkant av utvecklingen. D\u00e4rf\u00e4r testar vi nya metoder, konstruktioner och ny teknik i eget labb\" \/>\n<meta property=\"og:url\" content=\"https:\/\/cisternsolutions.eu\/sv\/testlabb\/\" \/>\n<meta property=\"og:site_name\" content=\"Cistern Solutions Sweden\" \/>\n<meta property=\"article:modified_time\" content=\"2024-06-24T13:55:16+00:00\" \/>\n<meta property=\"og:image\" content=\"https:\/\/cisternsolutions.eu\/wp-content\/uploads\/2024\/06\/labb_03.jpg\" \/>\n<meta name=\"twitter:card\" content=\"summary_large_image\" \/>\n<meta name=\"twitter:label1\" content=\"Ber\u00e4knad l\u00e4stid\" \/>\n\t<meta name=\"twitter:data1\" content=\"3 minuter\" \/>\n<script type=\"application\/ld+json\" class=\"yoast-schema-graph\">{\"@context\":\"https:\\\/\\\/schema.org\",\"@graph\":[{\"@type\":\"WebPage\",\"@id\":\"https:\\\/\\\/cisternsolutions.eu\\\/sv\\\/testlabb\\\/\",\"url\":\"https:\\\/\\\/cisternsolutions.eu\\\/sv\\\/testlabb\\\/\",\"name\":\"Vi testar produkter i eget labb | Cistern Solutions Sweden\",\"isPartOf\":{\"@id\":\"https:\\\/\\\/cisternsolutions.eu\\\/sv\\\/#website\"},\"primaryImageOfPage\":{\"@id\":\"https:\\\/\\\/cisternsolutions.eu\\\/sv\\\/testlabb\\\/#primaryimage\"},\"image\":{\"@id\":\"https:\\\/\\\/cisternsolutions.eu\\\/sv\\\/testlabb\\\/#primaryimage\"},\"thumbnailUrl\":\"https:\\\/\\\/cisternsolutions.eu\\\/wp-content\\\/uploads\\\/2024\\\/06\\\/labb_03.jpg\",\"datePublished\":\"2024-06-18T08:11:10+00:00\",\"dateModified\":\"2024-06-24T13:55:16+00:00\",\"description\":\"Cistern Solutions Sweden vill ligga i framkant av utvecklingen. D\u00e4rf\u00e4r testar vi nya metoder, konstruktioner och ny teknik i eget labb\",\"breadcrumb\":{\"@id\":\"https:\\\/\\\/cisternsolutions.eu\\\/sv\\\/testlabb\\\/#breadcrumb\"},\"inLanguage\":\"sv-SE\",\"potentialAction\":[{\"@type\":\"ReadAction\",\"target\":[\"https:\\\/\\\/cisternsolutions.eu\\\/sv\\\/testlabb\\\/\"]}]},{\"@type\":\"ImageObject\",\"inLanguage\":\"sv-SE\",\"@id\":\"https:\\\/\\\/cisternsolutions.eu\\\/sv\\\/testlabb\\\/#primaryimage\",\"url\":\"https:\\\/\\\/cisternsolutions.eu\\\/wp-content\\\/uploads\\\/2024\\\/06\\\/labb_03.jpg\",\"contentUrl\":\"https:\\\/\\\/cisternsolutions.eu\\\/wp-content\\\/uploads\\\/2024\\\/06\\\/labb_03.jpg\"},{\"@type\":\"BreadcrumbList\",\"@id\":\"https:\\\/\\\/cisternsolutions.eu\\\/sv\\\/testlabb\\\/#breadcrumb\",\"itemListElement\":[{\"@type\":\"ListItem\",\"position\":1,\"name\":\"Hem\",\"item\":\"https:\\\/\\\/cisternsolutions.eu\\\/sv\\\/\"},{\"@type\":\"ListItem\",\"position\":2,\"name\":\"Testlabb\"}]},{\"@type\":\"WebSite\",\"@id\":\"https:\\\/\\\/cisternsolutions.eu\\\/sv\\\/#website\",\"url\":\"https:\\\/\\\/cisternsolutions.eu\\\/sv\\\/\",\"name\":\"Cistern Solutions Sweden\",\"description\":\"Cistern Solutions Sweden\",\"publisher\":{\"@id\":\"https:\\\/\\\/cisternsolutions.eu\\\/sv\\\/#organization\"},\"potentialAction\":[{\"@type\":\"SearchAction\",\"target\":{\"@type\":\"EntryPoint\",\"urlTemplate\":\"https:\\\/\\\/cisternsolutions.eu\\\/sv\\\/?s={search_term_string}\"},\"query-input\":{\"@type\":\"PropertyValueSpecification\",\"valueRequired\":true,\"valueName\":\"search_term_string\"}}],\"inLanguage\":\"sv-SE\"},{\"@type\":\"Organization\",\"@id\":\"https:\\\/\\\/cisternsolutions.eu\\\/sv\\\/#organization\",\"name\":\"| Cistern Solutions Sweden AB\",\"url\":\"https:\\\/\\\/cisternsolutions.eu\\\/sv\\\/\",\"logo\":{\"@type\":\"ImageObject\",\"inLanguage\":\"sv-SE\",\"@id\":\"https:\\\/\\\/cisternsolutions.eu\\\/sv\\\/#\\\/schema\\\/logo\\\/image\\\/\",\"url\":\"https:\\\/\\\/cisternsolutions.eu\\\/wp-content\\\/uploads\\\/2023\\\/11\\\/CisternSolutions_orginal-logo.png\",\"contentUrl\":\"https:\\\/\\\/cisternsolutions.eu\\\/wp-content\\\/uploads\\\/2023\\\/11\\\/CisternSolutions_orginal-logo.png\",\"width\":1045,\"height\":293,\"caption\":\"| Cistern Solutions Sweden AB\"},\"image\":{\"@id\":\"https:\\\/\\\/cisternsolutions.eu\\\/sv\\\/#\\\/schema\\\/logo\\\/image\\\/\"}}]}<\/script>\n<!-- \/ Yoast SEO plugin. -->","yoast_head_json":{"title":"Vi testar produkter i eget labb | Cistern Solutions Sweden","description":"Cistern Solutions Sweden vill ligga i framkant av utvecklingen. D\u00e4rf\u00e4r testar vi nya metoder, konstruktioner och ny teknik i eget labb","robots":{"index":"index","follow":"follow","max-snippet":"max-snippet:-1","max-image-preview":"max-image-preview:large","max-video-preview":"max-video-preview:-1"},"canonical":"https:\/\/cisternsolutions.eu\/sv\/testlabb\/","og_locale":"sv_SE","og_type":"article","og_title":"Vi testar produkter i eget labb | Cistern Solutions Sweden","og_description":"Cistern Solutions Sweden vill ligga i framkant av utvecklingen. D\u00e4rf\u00e4r testar vi nya metoder, konstruktioner och ny teknik i eget labb","og_url":"https:\/\/cisternsolutions.eu\/sv\/testlabb\/","og_site_name":"Cistern Solutions Sweden","article_modified_time":"2024-06-24T13:55:16+00:00","og_image":[{"url":"https:\/\/cisternsolutions.eu\/wp-content\/uploads\/2024\/06\/labb_03.jpg","type":"","width":"","height":""}],"twitter_card":"summary_large_image","twitter_misc":{"Ber\u00e4knad l\u00e4stid":"3 minuter"},"schema":{"@context":"https:\/\/schema.org","@graph":[{"@type":"WebPage","@id":"https:\/\/cisternsolutions.eu\/sv\/testlabb\/","url":"https:\/\/cisternsolutions.eu\/sv\/testlabb\/","name":"Vi testar produkter i eget labb | Cistern Solutions Sweden","isPartOf":{"@id":"https:\/\/cisternsolutions.eu\/sv\/#website"},"primaryImageOfPage":{"@id":"https:\/\/cisternsolutions.eu\/sv\/testlabb\/#primaryimage"},"image":{"@id":"https:\/\/cisternsolutions.eu\/sv\/testlabb\/#primaryimage"},"thumbnailUrl":"https:\/\/cisternsolutions.eu\/wp-content\/uploads\/2024\/06\/labb_03.jpg","datePublished":"2024-06-18T08:11:10+00:00","dateModified":"2024-06-24T13:55:16+00:00","description":"Cistern Solutions Sweden vill ligga i framkant av utvecklingen. D\u00e4rf\u00e4r testar vi nya metoder, konstruktioner och ny teknik i eget labb","breadcrumb":{"@id":"https:\/\/cisternsolutions.eu\/sv\/testlabb\/#breadcrumb"},"inLanguage":"sv-SE","potentialAction":[{"@type":"ReadAction","target":["https:\/\/cisternsolutions.eu\/sv\/testlabb\/"]}]},{"@type":"ImageObject","inLanguage":"sv-SE","@id":"https:\/\/cisternsolutions.eu\/sv\/testlabb\/#primaryimage","url":"https:\/\/cisternsolutions.eu\/wp-content\/uploads\/2024\/06\/labb_03.jpg","contentUrl":"https:\/\/cisternsolutions.eu\/wp-content\/uploads\/2024\/06\/labb_03.jpg"},{"@type":"BreadcrumbList","@id":"https:\/\/cisternsolutions.eu\/sv\/testlabb\/#breadcrumb","itemListElement":[{"@type":"ListItem","position":1,"name":"Hem","item":"https:\/\/cisternsolutions.eu\/sv\/"},{"@type":"ListItem","position":2,"name":"Testlabb"}]},{"@type":"WebSite","@id":"https:\/\/cisternsolutions.eu\/sv\/#website","url":"https:\/\/cisternsolutions.eu\/sv\/","name":"Cistern Solutions Sweden","description":"Cistern Solutions Sweden","publisher":{"@id":"https:\/\/cisternsolutions.eu\/sv\/#organization"},"potentialAction":[{"@type":"SearchAction","target":{"@type":"EntryPoint","urlTemplate":"https:\/\/cisternsolutions.eu\/sv\/?s={search_term_string}"},"query-input":{"@type":"PropertyValueSpecification","valueRequired":true,"valueName":"search_term_string"}}],"inLanguage":"sv-SE"},{"@type":"Organization","@id":"https:\/\/cisternsolutions.eu\/sv\/#organization","name":"| Cistern Solutions Sweden AB","url":"https:\/\/cisternsolutions.eu\/sv\/","logo":{"@type":"ImageObject","inLanguage":"sv-SE","@id":"https:\/\/cisternsolutions.eu\/sv\/#\/schema\/logo\/image\/","url":"https:\/\/cisternsolutions.eu\/wp-content\/uploads\/2023\/11\/CisternSolutions_orginal-logo.png","contentUrl":"https:\/\/cisternsolutions.eu\/wp-content\/uploads\/2023\/11\/CisternSolutions_orginal-logo.png","width":1045,"height":293,"caption":"| Cistern Solutions Sweden AB"},"image":{"@id":"https:\/\/cisternsolutions.eu\/sv\/#\/schema\/logo\/image\/"}}]}},"_links":{"self":[{"href":"https:\/\/cisternsolutions.eu\/sv\/wp-json\/wp\/v2\/pages\/6464","targetHints":{"allow":["GET"]}}],"collection":[{"href":"https:\/\/cisternsolutions.eu\/sv\/wp-json\/wp\/v2\/pages"}],"about":[{"href":"https:\/\/cisternsolutions.eu\/sv\/wp-json\/wp\/v2\/types\/page"}],"author":[{"embeddable":true,"href":"https:\/\/cisternsolutions.eu\/sv\/wp-json\/wp\/v2\/users\/4"}],"replies":[{"embeddable":true,"href":"https:\/\/cisternsolutions.eu\/sv\/wp-json\/wp\/v2\/comments?post=6464"}],"version-history":[{"count":5,"href":"https:\/\/cisternsolutions.eu\/sv\/wp-json\/wp\/v2\/pages\/6464\/revisions"}],"predecessor-version":[{"id":6496,"href":"https:\/\/cisternsolutions.eu\/sv\/wp-json\/wp\/v2\/pages\/6464\/revisions\/6496"}],"wp:attachment":[{"href":"https:\/\/cisternsolutions.eu\/sv\/wp-json\/wp\/v2\/media?parent=6464"}],"curies":[{"name":"wp","href":"https:\/\/api.w.org\/{rel}","templated":true}]}}