{"id":5909,"date":"2024-04-19T07:30:00","date_gmt":"2024-04-19T05:30:00","guid":{"rendered":"https:\/\/cisternsolutions.eu\/?page_id=5909"},"modified":"2024-05-10T15:42:30","modified_gmt":"2024-05-10T13:42:30","slug":"tankmaterial-och-vanliga-skador","status":"publish","type":"page","link":"https:\/\/cisternsolutions.eu\/sv\/tankmaterial-och-vanliga-skador\/","title":{"rendered":"Tankmaterial och vanliga skador"},"content":{"rendered":"\n\n\t\t<h1>\n\t\t\tTankmaterial\n\t\t<\/h1>\n\t\t\t<p>&#8211; anv\u00e4ndningsomr\u00e5de och typiska skador\u00a0<\/p>\t\t\n<h2>\n\t\tVanliga skador i olika typer av tankar\n\t<\/h2>\n\t<p>Tankar och cisterner tillverkas i olika material beroende p\u00e5 vad som ska lagras i dem. Kombinationen av tankmaterial och \u00e4mnet som lagras i den, ger upphov till olika typer av skador.<\/p>\n<p>H\u00e4r \u00e4r n\u00e5gra exempel p\u00e5 vanliga material i tankar, hur tanktypen anv\u00e4nds och de vanligaste skadorna.<\/p>\n\t\t\t<h3>Kontakta mig!<\/h3>\n\t\t    <form data-form_id=\"8\" id=\"fluentform_8\" data-form_instance=\"ff_form_instance_8_1\" method=\"POST\"><fieldset>\n                    <legend>Snabbkontakt &#8211; SE<\/legend><input type='hidden' name='__fluent_form_embded_post_id' value='5909' \/><input type=\"hidden\" id=\"_fluentform_8_fluentformnonce\" name=\"_fluentform_8_fluentformnonce\" value=\"950f5acc30\" \/><input type=\"hidden\" name=\"_wp_http_referer\" value=\"\/sv\/?page_id=5909&#038;fl_builder\" \/><input type=\"text\" name=\"names[first_name]\" id=\"ff_8_names_first_name_\" placeholder=\"F\u00f6r- och efternamn\" aria-invalid=\"false\" aria-required=true\/><input type=\"email\" name=\"email\" id=\"ff_8_email\" placeholder=\"Min mejladress\" data-name=\"email\"  aria-invalid=\"false\" aria-required=true\/><textarea aria-invalid=\"false\" aria-required=true name=\"message\" id=\"ff_8_message\" placeholder=\"Kontakta mig ang\u00e5ende ...\" rows=\"1\" cols=\"2\" data-name=\"message\"><\/textarea><label aria-label='terms &#038; conditions' class='ff-el-form-check-label ff_tc_label' for=gdpr-agreement_7f151afa0796882148068c9b93d7bef6><input type=\"checkbox\" name=\"gdpr-agreement\" data-name=\"gdpr-agreement\" id=\"gdpr-agreement_7f151afa0796882148068c9b93d7bef6\"  value='on' aria-invalid='false' aria-required=true\/> Jag samtycker till att denna webbplats lagrar min inl\u00e4mnade information s\u00e5 att de kan svara p\u00e5 min f\u00f6rfr\u00e5gan. Informationen lagras i 1 \u00e5r. <\/label><button type=\"submit\">Skicka<\/button><\/fieldset><\/form>        \n\t\t\t\t\t\t\t\t\t<img decoding=\"async\" src=\"https:\/\/cisternsolutions.eu\/wp-content\/uploads\/2024\/02\/korrosion_i_tank_03.jpg\" alt=\"korrosion_i_tank_03\" itemprop=\"image\" height=\"250\" width=\"700\" srcset=\"https:\/\/cisternsolutions.eu\/wp-content\/uploads\/2024\/02\/korrosion_i_tank_03.jpg 700w, https:\/\/cisternsolutions.eu\/wp-content\/uploads\/2024\/02\/korrosion_i_tank_03-300x107.jpg 300w\" sizes=\"(max-width: 700px) 100vw, 700px\" title=\"korrosion_i_tank_03\" onerror=\"this.style.display='none'\"  \/>\n<h3>\n\t\tSt\u00e5ltankar\n\t<\/h3>\n\t<p>St\u00e5l, eller galvaniserat st\u00e5l, \u00e4r det vanligaste materialet i industritankar. St\u00e5ltankar anv\u00e4nds f\u00f6r att lagra allt fr\u00e5n kemikalier, r\u00e5olja och gas till livsmedel och drycker.<\/p>\n<p><strong>Var:<\/strong> olje- och gasindustri, kemisk industri, livsmedelsindustri, brandskydd<\/p>\n<p><strong>Typiska skador:<\/strong> \u00a0korrosion, rostbildning, utmattningssprickor<\/p>\n<p>Korrosion kan uppst\u00e5 om vatten- eller syrahaltiga medier kommer i kontakt med tanken. Det kan h\u00e4nda om skyddsfilmen (linern) p\u00e5 tankens insida skadas. Korrosion kan i sin tur leda till rostbildning. Rost kan ocks\u00e5 bildas runt inf\u00e4stningar och svetsfogar.<\/p>\n<p>Utmattningssprickor kan orsakas av den statiska belastningen p\u00e5 tanken. Omr\u00e5det runt svetsfogar \u00e4r s\u00e4rskilt k\u00e4nsligt.<\/p>\n\t\t\t\t\t\t\t\t\t<img decoding=\"async\" src=\"https:\/\/cisternsolutions.eu\/wp-content\/uploads\/2024\/04\/tank_rostfritt.jpg\" alt=\"tank_rostfritt\" itemprop=\"image\" height=\"250\" width=\"700\" srcset=\"https:\/\/cisternsolutions.eu\/wp-content\/uploads\/2024\/04\/tank_rostfritt.jpg 700w, https:\/\/cisternsolutions.eu\/wp-content\/uploads\/2024\/04\/tank_rostfritt-300x107.jpg 300w\" sizes=\"(max-width: 700px) 100vw, 700px\" title=\"tank_rostfritt\" onerror=\"this.style.display='none'\"  \/>\n<h3>\n\t\tRostfritt st\u00e5l\n\t<\/h3>\n\t<p>Tankar i rostfritt st\u00e5l \u00e4r har god korrosionsbest\u00e4ndighet och anv\u00e4nds f\u00f6r att lagra v\u00e4tskor som vatten, mj\u00f6lk, juice och vin. De anv\u00e4nds ocks\u00e5 f\u00f6r kemikalier och l\u00e4kemedel.<\/p>\n<p><strong>Var:<\/strong> kemisk industri, livsmedels- och dryckesindustri, l\u00e4kemedelsindustri<\/p>\n<p><strong>Typiska skador:<\/strong> \u00a0rostfl\u00e4ckar, sp\u00e4nningskorrosion eller gropkorrosion<\/p>\n<p>Rostfl\u00e4ckar kan orsakas av felaktig reng\u00f6ring.<\/p>\n<p>Sp\u00e4nningskorrosion kan uppst\u00e5 vid mekanisk bearbetning som svetsning eller slipning.<\/p>\n<p>Gropkorrosion \u00e4r en typ av korrosion som uppst\u00e5r n\u00e4r sura eller kloridhaltiga medier kommer i kontakt med tanken.<\/p>\n\t\t\t\t\t\t\t\t\t<img decoding=\"async\" src=\"https:\/\/cisternsolutions.eu\/wp-content\/uploads\/2024\/03\/lacka_01.jpg\" alt=\"lacka_01\" itemprop=\"image\" height=\"250\" width=\"700\" srcset=\"https:\/\/cisternsolutions.eu\/wp-content\/uploads\/2024\/03\/lacka_01.jpg 700w, https:\/\/cisternsolutions.eu\/wp-content\/uploads\/2024\/03\/lacka_01-300x107.jpg 300w\" sizes=\"(max-width: 700px) 100vw, 700px\" title=\"lacka_01\" onerror=\"this.style.display='none'\"  \/>\n<h3>\n\t\tTankar av betong\n\t<\/h3>\n\t<p>Betongtankar \u00e4r robusta och h\u00e5llbara. De \u00e4r ett vanligt alternativ f\u00f6r lagring av vatten, spillvatten, kemikalier och brandfarliga v\u00e4tskor. I vissa fall kl\u00e4r man tankens insida med n\u00e5gon form av bel\u00e4ggning.<\/p>\n<p><strong>Var:<\/strong> vatten- och avloppsrening, byggindustri,<\/p>\n<p><strong>Typiska skador:<\/strong> sprickor, korrosion av armering och s\u00f6ndervittring<\/p>\n<p>Sprickor kan uppst\u00e5 om betongen krymper vid torkningen eller vid \u00f6verbelastning.<\/p>\n<p>Korrosion av armering kan orsakas av att vatten eller salt tr\u00e4nger in i betongen. P\u00e5 senare tid har man \u00e4ven uppt\u00e4ckt att betong \u00e5ldras (karbonatisering) och att processen till slut f\u00e5r armeringen att b\u00f6rja rosta.<\/p>\n<p>Betong kan vittra s\u00f6nder om den uts\u00e4tts f\u00f6r \u00e4mnen (t.ex. svavel eller klor) som l\u00f6ser upp bindemedlen i betongen.<\/p>\n\t\t\t\t\t\t\t\t\t<img decoding=\"async\" src=\"https:\/\/cisternsolutions.eu\/wp-content\/uploads\/2024\/04\/glasfibertank.jpg\" alt=\"glasfibertank\" itemprop=\"image\" height=\"250\" width=\"700\" srcset=\"https:\/\/cisternsolutions.eu\/wp-content\/uploads\/2024\/04\/glasfibertank.jpg 700w, https:\/\/cisternsolutions.eu\/wp-content\/uploads\/2024\/04\/glasfibertank-300x107.jpg 300w\" sizes=\"(max-width: 700px) 100vw, 700px\" title=\"glasfibertank\" onerror=\"this.style.display='none'\"  \/>\n\t\t\t\t\t\t\t\t\t\t\t<img decoding=\"async\" src=\"https:\/\/cisternsolutions.eu\/wp-content\/uploads\/2024\/04\/glasfibertank.jpg\" alt=\"glasfibertank\" itemprop=\"image\" height=\"250\" width=\"700\" srcset=\"https:\/\/cisternsolutions.eu\/wp-content\/uploads\/2024\/04\/glasfibertank.jpg 700w, https:\/\/cisternsolutions.eu\/wp-content\/uploads\/2024\/04\/glasfibertank-300x107.jpg 300w\" sizes=\"(max-width: 700px) 100vw, 700px\" title=\"glasfibertank\" onerror=\"this.style.display='none'\"  \/>\n<h3>\n\t\t\u00a0Glasfibertankar\n\t<\/h3>\n\t<p>Glasfibertankar \u00e4r korrosionsbest\u00e4ndiga och anv\u00e4nds bl.a. f\u00f6r att lagra kemikalier och olja.<\/p>\n<p><strong>Var:<\/strong> kemisk och petrokemisk industri, livsmedelsindustri, vatten- och avlopp<\/p>\n<p><strong>Typiska skador:<\/strong> sprickor<\/p>\n<p>Tankar av glasfiberf\u00f6rst\u00e4rkt plast \u00e4r k\u00e4nsliga f\u00f6r sprickor och skador p\u00e5 grund av mekanisk belastning eller \u00f6verbelastning. V\u00e4derp\u00e5verkan, kemiska reaktioner och \u00e5ldrad plast kan ocks\u00e5 ge upphov till skador.<\/p>\n\t\t\t\t\t\t\t\t\t<img decoding=\"async\" src=\"https:\/\/cisternsolutions.eu\/wp-content\/uploads\/2024\/04\/plasttank.jpg\" alt=\"plasttank\" itemprop=\"image\" height=\"250\" width=\"700\" srcset=\"https:\/\/cisternsolutions.eu\/wp-content\/uploads\/2024\/04\/plasttank.jpg 700w, https:\/\/cisternsolutions.eu\/wp-content\/uploads\/2024\/04\/plasttank-300x107.jpg 300w\" sizes=\"(max-width: 700px) 100vw, 700px\" title=\"plasttank\" onerror=\"this.style.display='none'\"  \/>\n<h3>\n\t\tPlasttankar\n\t<\/h3>\n\t<p>Plasttankar kan tillverkas av olika material, bland annat polyeten, polypropen och PVC. Plasttankar \u00e4r ett bra val f\u00f6r att lagra syror, alkalier, salter och vatten.<\/p>\n<p><strong>Var:<\/strong> kemisk industri, textilindustri, livsmedelsindustri, vatten- och avloppsrening<\/p>\n<p><strong>Typiska skador:<\/strong>\u00a0sprickor, brott och missf\u00e4rgning<\/p>\n<p>Sprickor och brott kan bero p\u00e5 \u00f6verbelastning eller att konstruktionen \u00e4r feldimensionerad.<\/p>\n<p>Missf\u00e4rgning kan bero p\u00e5 UV-str\u00e5lning, v\u00e4rme eller kemiska reaktioner med det \u00e4mne som lagras i tanken.<\/p>\n\t\t<h2>\n\t\t\tVi kan hj\u00e4lpa dig!\n\t\t<\/h2>\n\t<p>Skador p\u00e5 tankar och cisterner kan uppst\u00e5 av m\u00e5nga olika orsaker. F\u00f6r att f\u00f6rhindra l\u00e4ckage och olyckor \u00e4r det viktigt att inspektera tankarna regelbundet. D\u00e5 kan du uppt\u00e4cka och reparera skador innan en akut situation uppst\u00e5r.<\/p>\n<p>Se till att dina tankar \u00e4r s\u00e4kra genom att planera in regelbundna inspektioner och underh\u00e5ll. Vi svarar g\u00e4rna p\u00e5 dina fr\u00e5gor om inspektion och reparation av tankar.<\/p>\n<p><strong>Kontakta oss idag f\u00f6r att boka en tid!<\/strong><\/p>\n\t\t<h3>\n\t\t\tJag vill veta mer om tankrenovering\n\t\t<\/h3>\n\t\t    <form data-form_id=\"1\" id=\"fluentform_1\" data-form_instance=\"ff_form_instance_1_2\" method=\"POST\"><fieldset>\n                    <legend>Kontaktformul\u00e4r &#8211; SE<\/legend><input type='hidden' name='__fluent_form_embded_post_id' value='5909' \/><input type=\"hidden\" id=\"_fluentform_1_fluentformnonce\" name=\"_fluentform_1_fluentformnonce\" value=\"950f5acc30\" \/><input type=\"hidden\" name=\"_wp_http_referer\" value=\"\/sv\/?page_id=5909&#038;fl_builder\" \/><label for='ff_1_2_names_first_name_' aria-label=\"Jag heter ...\">Jag heter &#8230;<\/label><input type=\"text\" name=\"names[first_name]\" id=\"ff_1_2_names_first_name_\" placeholder=\"F\u00f6r- och efternamn\" aria-invalid=\"false\" aria-required=true\/><label for='ff_1_2_input_text' aria-label=\"F\u00f6retag\">F\u00f6retag<\/label><input type=\"text\" name=\"input_text\" placeholder=\"Jag jobbar ...\" data-name=\"input_text\" id=\"ff_1_2_input_text\"  aria-invalid=\"false\" aria-required=true\/><label for='ff_1_2_email' aria-label=\"Mejladress\">Mejladress<\/label><input type=\"email\" name=\"email\" id=\"ff_1_2_email\" placeholder=\"Mejla till mig p\u00e5 ...\" data-name=\"email\"  aria-invalid=\"false\" aria-required=true\/><label for='ff_1_2_phone' aria-label=\"Telefonnummer\">Telefonnummer<\/label><input name=\"phone\" type=\"tel\" placeholder=\"Mitt nummer ...\" data-name=\"phone\" id=\"ff_1_2_phone\" inputmode=\"tel\"  aria-invalid='false' aria-required=true\/><label for='ff_1_2_subject' aria-label=\"\u00c4mne\">\u00c4mne<\/label><input type=\"text\" name=\"subject\" placeholder=\"Jag \u00e4r intresserad av ....\" data-name=\"subject\" id=\"ff_1_2_subject\"  aria-invalid=\"false\" aria-required=true\/><label  aria-label=\"Typ av tank\">Typ av tank<\/label><label class='ff-el-form-check-label' for=checkbox_1_55a848ee622b822be98b7db0f3625cd0><input type=\"checkbox\" name=\"checkbox_1[]\" data-name=\"checkbox_1\" value=\"Sprinklertank\"  id='checkbox_1_55a848ee622b822be98b7db0f3625cd0' aria-label='Sprinklertank' aria-invalid='false' aria-required=false\/> Sprinklertank<\/label><label class='ff-el-form-check-label' for=checkbox_1_48362fe73f9c39712cd7caa9f50b8d6d><input type=\"checkbox\" name=\"checkbox_1[]\" data-name=\"checkbox_1\" value=\"Processtank\"  id='checkbox_1_48362fe73f9c39712cd7caa9f50b8d6d' aria-label='Processtank' aria-invalid='false' aria-required=false\/> Processtank<\/label><label class='ff-el-form-check-label' for=checkbox_1_bee7980babe8d0709b1bfb3e4b1472db><input type=\"checkbox\" name=\"checkbox_1[]\" data-name=\"checkbox_1\" value=\"Annan tank\"  id='checkbox_1_bee7980babe8d0709b1bfb3e4b1472db' aria-label='Annan tank' aria-invalid='false' aria-required=false\/> Annan tank<\/label><label  aria-label=\"Tj\u00e4nst \">Tj\u00e4nst <\/label><label class='ff-el-form-check-label' for=checkbox_1c0e23e2bbdf59124032371d51b80777><input type=\"checkbox\" name=\"checkbox[]\" data-name=\"checkbox\" value=\"Inspektion\"  id='checkbox_1c0e23e2bbdf59124032371d51b80777' aria-label='Inspektion' aria-invalid='false' aria-required=false\/> Inspektion<\/label><label class='ff-el-form-check-label' for=checkbox_27ccbd577e482e978dc25039833932ec><input type=\"checkbox\" name=\"checkbox[]\" data-name=\"checkbox\" value=\"Renovering\"  id='checkbox_27ccbd577e482e978dc25039833932ec' aria-label='Renovering' aria-invalid='false' aria-required=false\/> Renovering<\/label><label class='ff-el-form-check-label' for=checkbox_4f365b854b975d1d524260d4904104ce><input type=\"checkbox\" name=\"checkbox[]\" data-name=\"checkbox\" value=\"Annant\"  id='checkbox_4f365b854b975d1d524260d4904104ce' aria-label='Annant' aria-invalid='false' aria-required=false\/> Annant<\/label><label for='ff_1_2_multi_select_1' aria-label=\"Antal tankar\">Antal tankar<\/label><select name=\"multi_select_1[]\" id=\"ff_1_2_multi_select_1\" placeholder=\"Antal tankar\" multiple=\"1\" data-name=\"multi_select_1\" data-calc_value=\"0\"  aria-invalid=\"false\" aria-required=false><option value=\"\">Antal tankar<\/option><option value=\"0\">0<\/option><option value=\"1\">1<\/option><option value=\"2\">2<\/option><option value=\"3\">3<\/option><option value=\"4\">4<\/option><option value=\"5\">5<\/option><option value=\"6\">6<\/option><option value=\"7\">7<\/option><option value=\"8\">8<\/option><option value=\"9\">9<\/option><option value=\"10 eller fler\">10 eller fler<\/option><\/select><label for='ff_1_2_message' aria-label=\"Meddelande\">Meddelande<\/label><textarea aria-invalid=\"false\" aria-required=true name=\"message\" id=\"ff_1_2_message\" placeholder=\"Ytterligare fr\u00e5gor eller kommentarer ....\" rows=\"4\" cols=\"2\" data-name=\"message\"><\/textarea><label aria-label='terms &#038; conditions' class='ff-el-form-check-label ff_tc_label' for=gdpr-agreement_ce13329e916ade31ddbb44866953b637><input type=\"checkbox\" name=\"gdpr-agreement\" data-name=\"gdpr-agreement\" id=\"gdpr-agreement_ce13329e916ade31ddbb44866953b637\"  value='on' aria-invalid='false' aria-required=true\/> Jag samtycker till att denna webbplats lagrar min inl\u00e4mnade information s\u00e5 att de kan svara p\u00e5 min f\u00f6rfr\u00e5gan. Informationen lagras i 1 \u00e5r. <\/label><button type=\"submit\">Skicka<\/button><\/fieldset><\/form>        \n\n","protected":false},"excerpt":{"rendered":"<p>Tankmaterial &#8211; anv\u00e4ndningsomr\u00e5de och typiska skador\u00a0 Vanliga skador i olika typer av tankar Tankar och cisterner tillverkas i olika material beroende p\u00e5 vad som ska lagras i dem. Kombinationen av tankmaterial och \u00e4mnet som lagras i den, ger upphov till olika typer av skador. H\u00e4r \u00e4r n\u00e5gra exempel p\u00e5 vanliga &#8230; <a title=\"Tankmaterial och vanliga skador\" class=\"read-more\" href=\"https:\/\/cisternsolutions.eu\/sv\/tankmaterial-och-vanliga-skador\/\" aria-label=\"L\u00e4s mer om Tankmaterial och vanliga skador\">L\u00e4s mer<\/a><\/p>\n","protected":false},"author":4,"featured_media":0,"parent":0,"menu_order":0,"comment_status":"closed","ping_status":"closed","template":"","meta":{"footnotes":""},"class_list":["post-5909","page","type-page","status-publish"],"yoast_head":"<!-- This site is optimized with the Yoast SEO plugin v27.4 - https:\/\/yoast.com\/product\/yoast-seo-wordpress\/ -->\n<title>Tankmaterial och vanliga skador | Cistern Solutions Sweden<\/title>\n<meta name=\"description\" content=\"Tankar tillverkas i olika material f\u00f6r olika \u00e4ndam\u00e5l. Varje material har sin specifika typ av skador och det flesta kan vi laga. L\u00e4s mer ...\" \/>\n<meta name=\"robots\" content=\"index, follow, max-snippet:-1, max-image-preview:large, max-video-preview:-1\" \/>\n<link rel=\"canonical\" href=\"https:\/\/cisternsolutions.eu\/sv\/tankmaterial-och-vanliga-skador\/\" \/>\n<meta property=\"og:locale\" content=\"sv_SE\" \/>\n<meta property=\"og:type\" content=\"article\" \/>\n<meta property=\"og:title\" content=\"Tankmaterial och vanliga skador | Cistern Solutions Sweden\" \/>\n<meta property=\"og:description\" content=\"Tankar tillverkas i olika material f\u00f6r olika \u00e4ndam\u00e5l. Varje material har sin specifika typ av skador och det flesta kan vi laga. L\u00e4s mer ...\" \/>\n<meta property=\"og:url\" content=\"https:\/\/cisternsolutions.eu\/sv\/tankmaterial-och-vanliga-skador\/\" \/>\n<meta property=\"og:site_name\" content=\"Cistern Solutions Sweden\" \/>\n<meta property=\"article:modified_time\" content=\"2024-05-10T13:42:30+00:00\" \/>\n<meta property=\"og:image\" content=\"https:\/\/cisternsolutions.eu\/wp-content\/uploads\/2024\/02\/korrosion_i_tank_03.jpg\" \/>\n<meta name=\"twitter:card\" content=\"summary_large_image\" \/>\n<meta name=\"twitter:label1\" content=\"Ber\u00e4knad l\u00e4stid\" \/>\n\t<meta name=\"twitter:data1\" content=\"4 minuter\" \/>\n<script type=\"application\/ld+json\" class=\"yoast-schema-graph\">{\"@context\":\"https:\\\/\\\/schema.org\",\"@graph\":[{\"@type\":\"WebPage\",\"@id\":\"https:\\\/\\\/cisternsolutions.eu\\\/sv\\\/tankmaterial-och-vanliga-skador\\\/\",\"url\":\"https:\\\/\\\/cisternsolutions.eu\\\/sv\\\/tankmaterial-och-vanliga-skador\\\/\",\"name\":\"Tankmaterial och vanliga skador | Cistern Solutions Sweden\",\"isPartOf\":{\"@id\":\"https:\\\/\\\/cisternsolutions.eu\\\/sv\\\/#website\"},\"primaryImageOfPage\":{\"@id\":\"https:\\\/\\\/cisternsolutions.eu\\\/sv\\\/tankmaterial-och-vanliga-skador\\\/#primaryimage\"},\"image\":{\"@id\":\"https:\\\/\\\/cisternsolutions.eu\\\/sv\\\/tankmaterial-och-vanliga-skador\\\/#primaryimage\"},\"thumbnailUrl\":\"https:\\\/\\\/cisternsolutions.eu\\\/wp-content\\\/uploads\\\/2024\\\/02\\\/korrosion_i_tank_03.jpg\",\"datePublished\":\"2024-04-19T05:30:00+00:00\",\"dateModified\":\"2024-05-10T13:42:30+00:00\",\"description\":\"Tankar tillverkas i olika material f\u00f6r olika \u00e4ndam\u00e5l. Varje material har sin specifika typ av skador och det flesta kan vi laga. L\u00e4s mer ...\",\"breadcrumb\":{\"@id\":\"https:\\\/\\\/cisternsolutions.eu\\\/sv\\\/tankmaterial-och-vanliga-skador\\\/#breadcrumb\"},\"inLanguage\":\"sv-SE\",\"potentialAction\":[{\"@type\":\"ReadAction\",\"target\":[\"https:\\\/\\\/cisternsolutions.eu\\\/sv\\\/tankmaterial-och-vanliga-skador\\\/\"]}]},{\"@type\":\"ImageObject\",\"inLanguage\":\"sv-SE\",\"@id\":\"https:\\\/\\\/cisternsolutions.eu\\\/sv\\\/tankmaterial-och-vanliga-skador\\\/#primaryimage\",\"url\":\"https:\\\/\\\/cisternsolutions.eu\\\/wp-content\\\/uploads\\\/2024\\\/02\\\/korrosion_i_tank_03.jpg\",\"contentUrl\":\"https:\\\/\\\/cisternsolutions.eu\\\/wp-content\\\/uploads\\\/2024\\\/02\\\/korrosion_i_tank_03.jpg\"},{\"@type\":\"BreadcrumbList\",\"@id\":\"https:\\\/\\\/cisternsolutions.eu\\\/sv\\\/tankmaterial-och-vanliga-skador\\\/#breadcrumb\",\"itemListElement\":[{\"@type\":\"ListItem\",\"position\":1,\"name\":\"Hem\",\"item\":\"https:\\\/\\\/cisternsolutions.eu\\\/sv\\\/\"},{\"@type\":\"ListItem\",\"position\":2,\"name\":\"Tankmaterial och vanliga skador\"}]},{\"@type\":\"WebSite\",\"@id\":\"https:\\\/\\\/cisternsolutions.eu\\\/sv\\\/#website\",\"url\":\"https:\\\/\\\/cisternsolutions.eu\\\/sv\\\/\",\"name\":\"Cistern Solutions Sweden\",\"description\":\"Cistern Solutions Sweden\",\"publisher\":{\"@id\":\"https:\\\/\\\/cisternsolutions.eu\\\/sv\\\/#organization\"},\"potentialAction\":[{\"@type\":\"SearchAction\",\"target\":{\"@type\":\"EntryPoint\",\"urlTemplate\":\"https:\\\/\\\/cisternsolutions.eu\\\/sv\\\/?s={search_term_string}\"},\"query-input\":{\"@type\":\"PropertyValueSpecification\",\"valueRequired\":true,\"valueName\":\"search_term_string\"}}],\"inLanguage\":\"sv-SE\"},{\"@type\":\"Organization\",\"@id\":\"https:\\\/\\\/cisternsolutions.eu\\\/sv\\\/#organization\",\"name\":\"| Cistern Solutions Sweden AB\",\"url\":\"https:\\\/\\\/cisternsolutions.eu\\\/sv\\\/\",\"logo\":{\"@type\":\"ImageObject\",\"inLanguage\":\"sv-SE\",\"@id\":\"https:\\\/\\\/cisternsolutions.eu\\\/sv\\\/#\\\/schema\\\/logo\\\/image\\\/\",\"url\":\"https:\\\/\\\/cisternsolutions.eu\\\/wp-content\\\/uploads\\\/2023\\\/11\\\/CisternSolutions_orginal-logo.png\",\"contentUrl\":\"https:\\\/\\\/cisternsolutions.eu\\\/wp-content\\\/uploads\\\/2023\\\/11\\\/CisternSolutions_orginal-logo.png\",\"width\":1045,\"height\":293,\"caption\":\"| Cistern Solutions Sweden AB\"},\"image\":{\"@id\":\"https:\\\/\\\/cisternsolutions.eu\\\/sv\\\/#\\\/schema\\\/logo\\\/image\\\/\"}}]}<\/script>\n<!-- \/ Yoast SEO plugin. -->","yoast_head_json":{"title":"Tankmaterial och vanliga skador | Cistern Solutions Sweden","description":"Tankar tillverkas i olika material f\u00f6r olika \u00e4ndam\u00e5l. Varje material har sin specifika typ av skador och det flesta kan vi laga. L\u00e4s mer ...","robots":{"index":"index","follow":"follow","max-snippet":"max-snippet:-1","max-image-preview":"max-image-preview:large","max-video-preview":"max-video-preview:-1"},"canonical":"https:\/\/cisternsolutions.eu\/sv\/tankmaterial-och-vanliga-skador\/","og_locale":"sv_SE","og_type":"article","og_title":"Tankmaterial och vanliga skador | Cistern Solutions Sweden","og_description":"Tankar tillverkas i olika material f\u00f6r olika \u00e4ndam\u00e5l. Varje material har sin specifika typ av skador och det flesta kan vi laga. L\u00e4s mer ...","og_url":"https:\/\/cisternsolutions.eu\/sv\/tankmaterial-och-vanliga-skador\/","og_site_name":"Cistern Solutions Sweden","article_modified_time":"2024-05-10T13:42:30+00:00","og_image":[{"url":"https:\/\/cisternsolutions.eu\/wp-content\/uploads\/2024\/02\/korrosion_i_tank_03.jpg","type":"","width":"","height":""}],"twitter_card":"summary_large_image","twitter_misc":{"Ber\u00e4knad l\u00e4stid":"4 minuter"},"schema":{"@context":"https:\/\/schema.org","@graph":[{"@type":"WebPage","@id":"https:\/\/cisternsolutions.eu\/sv\/tankmaterial-och-vanliga-skador\/","url":"https:\/\/cisternsolutions.eu\/sv\/tankmaterial-och-vanliga-skador\/","name":"Tankmaterial och vanliga skador | Cistern Solutions Sweden","isPartOf":{"@id":"https:\/\/cisternsolutions.eu\/sv\/#website"},"primaryImageOfPage":{"@id":"https:\/\/cisternsolutions.eu\/sv\/tankmaterial-och-vanliga-skador\/#primaryimage"},"image":{"@id":"https:\/\/cisternsolutions.eu\/sv\/tankmaterial-och-vanliga-skador\/#primaryimage"},"thumbnailUrl":"https:\/\/cisternsolutions.eu\/wp-content\/uploads\/2024\/02\/korrosion_i_tank_03.jpg","datePublished":"2024-04-19T05:30:00+00:00","dateModified":"2024-05-10T13:42:30+00:00","description":"Tankar tillverkas i olika material f\u00f6r olika \u00e4ndam\u00e5l. Varje material har sin specifika typ av skador och det flesta kan vi laga. L\u00e4s mer ...","breadcrumb":{"@id":"https:\/\/cisternsolutions.eu\/sv\/tankmaterial-och-vanliga-skador\/#breadcrumb"},"inLanguage":"sv-SE","potentialAction":[{"@type":"ReadAction","target":["https:\/\/cisternsolutions.eu\/sv\/tankmaterial-och-vanliga-skador\/"]}]},{"@type":"ImageObject","inLanguage":"sv-SE","@id":"https:\/\/cisternsolutions.eu\/sv\/tankmaterial-och-vanliga-skador\/#primaryimage","url":"https:\/\/cisternsolutions.eu\/wp-content\/uploads\/2024\/02\/korrosion_i_tank_03.jpg","contentUrl":"https:\/\/cisternsolutions.eu\/wp-content\/uploads\/2024\/02\/korrosion_i_tank_03.jpg"},{"@type":"BreadcrumbList","@id":"https:\/\/cisternsolutions.eu\/sv\/tankmaterial-och-vanliga-skador\/#breadcrumb","itemListElement":[{"@type":"ListItem","position":1,"name":"Hem","item":"https:\/\/cisternsolutions.eu\/sv\/"},{"@type":"ListItem","position":2,"name":"Tankmaterial och vanliga skador"}]},{"@type":"WebSite","@id":"https:\/\/cisternsolutions.eu\/sv\/#website","url":"https:\/\/cisternsolutions.eu\/sv\/","name":"Cistern Solutions Sweden","description":"Cistern Solutions Sweden","publisher":{"@id":"https:\/\/cisternsolutions.eu\/sv\/#organization"},"potentialAction":[{"@type":"SearchAction","target":{"@type":"EntryPoint","urlTemplate":"https:\/\/cisternsolutions.eu\/sv\/?s={search_term_string}"},"query-input":{"@type":"PropertyValueSpecification","valueRequired":true,"valueName":"search_term_string"}}],"inLanguage":"sv-SE"},{"@type":"Organization","@id":"https:\/\/cisternsolutions.eu\/sv\/#organization","name":"| Cistern Solutions Sweden AB","url":"https:\/\/cisternsolutions.eu\/sv\/","logo":{"@type":"ImageObject","inLanguage":"sv-SE","@id":"https:\/\/cisternsolutions.eu\/sv\/#\/schema\/logo\/image\/","url":"https:\/\/cisternsolutions.eu\/wp-content\/uploads\/2023\/11\/CisternSolutions_orginal-logo.png","contentUrl":"https:\/\/cisternsolutions.eu\/wp-content\/uploads\/2023\/11\/CisternSolutions_orginal-logo.png","width":1045,"height":293,"caption":"| Cistern Solutions Sweden AB"},"image":{"@id":"https:\/\/cisternsolutions.eu\/sv\/#\/schema\/logo\/image\/"}}]}},"_links":{"self":[{"href":"https:\/\/cisternsolutions.eu\/sv\/wp-json\/wp\/v2\/pages\/5909","targetHints":{"allow":["GET"]}}],"collection":[{"href":"https:\/\/cisternsolutions.eu\/sv\/wp-json\/wp\/v2\/pages"}],"about":[{"href":"https:\/\/cisternsolutions.eu\/sv\/wp-json\/wp\/v2\/types\/page"}],"author":[{"embeddable":true,"href":"https:\/\/cisternsolutions.eu\/sv\/wp-json\/wp\/v2\/users\/4"}],"replies":[{"embeddable":true,"href":"https:\/\/cisternsolutions.eu\/sv\/wp-json\/wp\/v2\/comments?post=5909"}],"version-history":[{"count":7,"href":"https:\/\/cisternsolutions.eu\/sv\/wp-json\/wp\/v2\/pages\/5909\/revisions"}],"predecessor-version":[{"id":6191,"href":"https:\/\/cisternsolutions.eu\/sv\/wp-json\/wp\/v2\/pages\/5909\/revisions\/6191"}],"wp:attachment":[{"href":"https:\/\/cisternsolutions.eu\/sv\/wp-json\/wp\/v2\/media?parent=5909"}],"curies":[{"name":"wp","href":"https:\/\/api.w.org\/{rel}","templated":true}]}}