{"id":5146,"date":"2024-03-05T10:35:13","date_gmt":"2024-03-05T09:35:13","guid":{"rendered":"https:\/\/cisternsolutions.eu\/?page_id=5146"},"modified":"2026-01-13T17:10:53","modified_gmt":"2026-01-13T16:10:53","slug":"renovera-tankar","status":"publish","type":"page","link":"https:\/\/cisternsolutions.eu\/sv\/renovera-tankar\/","title":{"rendered":"Renovera tankar"},"content":{"rendered":"\r\n<h1>R\u00e4dda din cistern<\/h1>\r\n<p>&#8211; smart l\u00f6sning med armerad epoxi\u00a0<\/p>\r\n<h2>Samma l\u00f6sning f\u00f6r alla typer av cisterner*<\/h2>\r\n<p>Cistern eller tank? Vad s\u00e4ger du? Oavsett namn \u00e4r har de samma funktion: att f\u00f6rvara v\u00e4tska. En cistern kan inneh\u00e5lla brandfarliga v\u00e4tskor, kemikalier, eller olja. En vattencistern kan anv\u00e4ndas f\u00f6r dricksvatten, processvatten eller vatten f\u00f6r brandskydds\u00e4ndam\u00e5l, till exempel en sprinklercistern.<\/p>\r\n<p>Cisterner kan tillverkas i betong, galvaniserad pl\u00e5t och rostfritt st\u00e5l. Cisterner kan ocks\u00e5 vara gjorda av glasfiberarmerad plast eller polyeten. Storleken kan variera fr\u00e5n n\u00e5gra f\u00e5 kubikmeter till flera hundra kubik.<\/p>\r\n<p>Med tanke p\u00e5 de volymer och farliga \u00e4mnen som en cistern kan inneh\u00e5lla, \u00e4r det oerh\u00f6rt viktigt att den inte g\u00e5r s\u00f6nder eller l\u00e4cker. Om en cistern som inneh\u00e5ller olja eller kemikalier kollapsar, kan det skada b\u00e5de m\u00e4nniskor och natur allvarligt.\u00a0Vad g\u00f6r du om du misst\u00e4nker att en cistern inte l\u00e4ngre \u00e4r i gott skick? Beh\u00f6ver den bytas ut eller finns det ett s\u00e4tt att r\u00e4dda den p\u00e5 ett s\u00e4kert, h\u00e5llbart och ekonomiskt s\u00e4tt?<\/p>\r\n<p><strong>Cistern Solutions Sweden har utvecklat en metod d\u00e4r vi reparerar cisterner med epoxibel\u00e4ggning.<\/strong> Den h\u00e4r l\u00f6sningen ger cisternen ett nytt liv och kan i princip anv\u00e4ndas p\u00e5 alla typer av cisterner. I de flesta fall kan vi utf\u00f6ra renoveringen utan att st\u00f6ra din dagliga verksamhet.<\/p>\r\n<p><em>*) Observera att alla h\u00e4nvisningar till regelverk, lagar och myndigheter p\u00e5 hemsidan g\u00e4ller Sverige och svenska f\u00f6rh\u00e5llanden.\u00a0<\/em><\/p>\r\n<h3>Kontakta mig!<\/h3>\r\n<form id=\"fluentform_8\" method=\"POST\" data-form_id=\"8\" data-form_instance=\"ff_form_instance_8_1\" data-recptcha_key=\"6LclVsMpAAAAALbQlfjI40nUI01kkMo-WKOg0nvc\"><fieldset><legend>Snabbkontakt &#8211; SE<\/legend><input name=\"__fluent_form_embded_post_id\" type=\"hidden\" value=\"5146\" \/><input id=\"_fluentform_8_fluentformnonce\" name=\"_fluentform_8_fluentformnonce\" type=\"hidden\" value=\"8a78bd40a0\" \/><input name=\"_wp_http_referer\" type=\"hidden\" value=\"\/sv\/?page_id=5146&amp;fl_builder\" \/><input id=\"ff_8_names_first_name_\" name=\"names[first_name]\" type=\"text\" placeholder=\"F\u00f6r- och efternamn\" aria-invalid=\"false\" aria-required=\"true\/\" \/><input id=\"ff_8_email\" name=\"email\" type=\"email\" placeholder=\"Min mejladress\" data-name=\"email\" aria-invalid=\"false\" aria-required=\"true\/\" \/><textarea id=\"ff_8_message\" cols=\"2\" name=\"message\" rows=\"1\" placeholder=\"Kontakta mig ang\u00e5ende ...\" aria-invalid=\"false\" aria-required=\"true\" data-name=\"message\"><\/textarea><label class=\"ff-el-form-check-label ff_tc_label\" for=\"gdpr-agreement_c39b21ade20c227d431a78befb3701c8\" aria-label=\"terms &amp; conditions\"><input id=\"gdpr-agreement_c39b21ade20c227d431a78befb3701c8\" name=\"gdpr-agreement\" type=\"checkbox\" value=\"on\" data-name=\"gdpr-agreement\" aria-invalid=\"false\" aria-required=\"true\/\" \/> Jag samtycker till att denna webbplats lagrar min inl\u00e4mnade information s\u00e5 att de kan svara p\u00e5 min f\u00f6rfr\u00e5gan. Informationen lagras i 1 \u00e5r. <\/label><button type=\"submit\">Skicka<\/button><\/fieldset><\/form>\r\n<h3>Vi har l\u00f6sningar f\u00f6r:<\/h3>\r\n<ul>\r\n<li>Oljetankar\u00a0<\/li>\r\n<li>Kemikalietankar\u00a0<\/li>\r\n<li>Vattenreservoarer<\/li>\r\n<li><a href=\"https:\/\/cisternsolutions.eu\/sprinklertankar\/\">Sprinklertankar<\/a><\/li>\r\n<li>Betongcisterner\u00a0<\/li>\r\n<li>Biogastankar<\/li>\r\n<\/ul>\r\n<h3>Vad kan p\u00e5verka en cisterns h\u00e5llfasthet?<\/h3>\r\n<p>Konstruktionen, materialet och v\u00e4tskan som finns i cisternen, p\u00e5verkar h\u00e5llbarhet och livsl\u00e4ngd. H\u00e4r \u00e4r n\u00e5gra exemple p\u00e5 vad som kan h\u00e4nda:<\/p>\r\n<p>Plastcisterner kan ta skada av tillsats\u00e4mnen som finns i olja och brandfarliga v\u00e4tskor. De kan ocks\u00e5 f\u00f6rsvagas av s\u00e4ttningar i marken,<\/p>\r\n<p>St\u00e5lcisterner rostar s\u00e5 sm\u00e5ningom, \u00e4ven om pl\u00e5ten \u00e4r galvaniserad. Om zinkbel\u00e4ggningen uts\u00e4tts f\u00f6r mekaniska skador kan pl\u00e5ten exponeras f\u00f6r syre eller kemikalier i v\u00e4tskan och b\u00f6rja rosta.<\/p>\r\n<p>N\u00e4r v\u00e4ggarna v\u00e4l b\u00f6rjat rosta, \u00e4r risken stor att flagor lossnar och bildar en tjock s\u00f6rja i botten. I en sprinklercistern \u00e4r det ett allvarligt problem. Vid ett larm trycks s\u00f6rjan ut i sprinklersystemet och kan l\u00e4tt s\u00e4tta igen r\u00f6r och sprinklerhuvuden.<\/p>\r\n<h3>Regler runt cisterner<\/h3>\r\n<p>Den som har en cistern p\u00e5 sin egendom eller i sin verksamhet, ansvarar f\u00f6r att den \u00e4r s\u00e4ker. Bara det att v\u00e4tskan ut\u00f6var ett enormt tryck p\u00e5 botten och v\u00e4ggar, \u00e4r en riskfaktor. En cistern r\u00e4knas faktiskt som en trycksatt anordning.<\/p>\r\n<p>F\u00f6r vissa cisterner, t.ex. de som inneh\u00e5ller olja och brandfarliga v\u00e4tskor, ska kontroller utf\u00f6ras av ackrediterade kontrollorgan regelbundet.<\/p>\r\n<p>\u00c4ven en vattencistern beh\u00f6ver inspekteras regelbundet. En sprinklercistern ska uppfylla villkoren f\u00f6r ISO 6182-1:2021 och ska t.ex. genomg\u00e5 en kontroll vart 10:e \u00e5r.<\/p>\r\n<p><img decoding=\"async\" title=\"inspection_of_tank\" src=\"https:\/\/cisternsolutions.eu\/wp-content\/uploads\/2024\/03\/inspection_of_tank.jpg\" sizes=\"(max-width: 700px) 100vw, 700px\" srcset=\"https:\/\/cisternsolutions.eu\/wp-content\/uploads\/2024\/03\/inspection_of_tank.jpg 700w, https:\/\/cisternsolutions.eu\/wp-content\/uploads\/2024\/03\/inspection_of_tank-300x171.jpg 300w\" alt=\"inspection_of_tank\" width=\"700\" height=\"400\" \/><\/p>\r\n<p>Du m\u00e5ste inspektera din cistern och tillh\u00f6rande r\u00f6rledningar regelbundet. Kontroll av cisterner ska utf\u00f6ras av ett ackrediterat f\u00f6retag.<\/p>\r\n<h3>Du har ett ansvar genom cisternens hela livscykel<\/h3>\r\n<p>Det \u00e4r viktigt att ta reda p\u00e5 vad som g\u00e4ller innan du ska installera en cistern, vilka f\u00f6reskrifter som \u00e4r aktuella och om du ska informera n\u00e5gon myndighet.<\/p>\r\n<p>N\u00e4r cisternen \u00e4r i bruk \u00e4r det viktigt att underh\u00e5ll och \u00e5terkommande kontroller utf\u00f6rs p\u00e5 r\u00e4tt s\u00e4tt.<\/p>\r\n<p>Om du ska ta en cistern ur bruk ska det i regel anm\u00e4las till kommunen. Naturv\u00e5rdsverket har ocks\u00e5 f\u00f6reskrifter som g\u00e4ller n\u00e4r en cistern tas ur bruk. Bland annat ska den t\u00f6mmas och reng\u00f6ras. Om det \u00e4r m\u00f6jligt ska den tas bort. Ett annat alternativ \u00e4r att fylla cisternen med sand eller p\u00e5 n\u00e5got s\u00e4tt f\u00f6rhindra att den kan fyllas igen.<\/p>\r\n<h3>F\u00f6reskrivande myndigheter<\/h3>\r\n<p>MSB Arbetsmilj\u00f6verket Naturv\u00e5rdsverket Boverket: MSB<\/p>\r\n<p>MSB (myndigheten f\u00f6r samh\u00e4llsskydd och beredskap): H\u00e4r hittar du f\u00f6reskrifter och allm\u00e4nna r\u00e5d om cisterner med anslutna r\u00f6rledningar f\u00f6r brandfarliga v\u00e4tskor.<\/p>\r\n<p>Arbetsmilj\u00f6verket<\/p>\r\n<p>Arbetsmilj\u00f6verket har f\u00f6rskrifter som ska f\u00f6rebygga oh\u00e4lsa och olycksfall<\/p>\r\n<p>Naturv\u00e5rdsverket<\/p>\r\n<p>Naturv\u00e5rdsverket har direktiv som skyddar mark och vatten fr\u00e5n f\u00f6roreningar. F\u00f6reskrifterna g\u00e4ller bl.a. f\u00f6r cisterner fr\u00e5n 250 liter och upp\u00e5t som inneh\u00e5ller spillolja eller brandfarlig v\u00e4tska.<\/p>\r\n<p>Boverket:<\/p>\r\n<p>Fasta cisterner kan omfattas av PBL (Plan och bygglag)<\/p>\r\n<h2>R\u00e4dda din cistern, vattencistern eller sprinklercistern i st\u00e4llet f\u00f6r att byta<\/h2>\r\n<p>Vill du veta mer om Cistern Solutions Swedens l\u00f6sningar f\u00f6r cisterner som \u00e4r i behov av renovering?<\/p>\r\n<p><strong>Ta kontakt med oss via formul\u00e4ret eller hitta <a href=\"https:\/\/cisternsolutions.eu\/sv\/kontakt\/\">direktnummer h\u00e4r<\/a>.<\/strong><\/p>\r\n<p>Passa p\u00e5 att l\u00e4sa om hur vi <a href=\"https:\/\/cisternsolutions.eu\/sv\/sprinklertankrenovering-i-ransby-och-torsby\/\">renoverade en sprinklercistern<\/a> utan att st\u00f6ra kundens verksamhet.<\/p>\r\n<p>En generell beskrivning av hur vi kan <a href=\"https:\/\/cisternsolutions.eu\/sv\/renovera-sprinklertank\/\">r\u00e4dda din cistern<\/a> med epoxibel\u00e4ggning hittar du h\u00e4r. Prinicipen \u00e4r densamma f\u00f6r de flesta cisterner.<\/p>\r\n<p>Titta g\u00e4rna n\u00e4rmare p\u00e5 n\u00e5gra av v\u00e5ra andra <a href=\"https:\/\/cisternsolutions.eu\/sv\/referenser\/\">referensprojekt<\/a>.<\/p>\r\n<h3>Jag vill veta mer om renovering av cisterner<\/h3>\r\n<form id=\"fluentform_1\" method=\"POST\" data-form_id=\"1\" data-form_instance=\"ff_form_instance_1_2\" data-recptcha_key=\"6LclVsMpAAAAALbQlfjI40nUI01kkMo-WKOg0nvc\"><fieldset><legend>Kontaktformul\u00e4r &#8211; SE<\/legend><input name=\"__fluent_form_embded_post_id\" type=\"hidden\" value=\"5146\" \/><input id=\"_fluentform_1_fluentformnonce\" name=\"_fluentform_1_fluentformnonce\" type=\"hidden\" value=\"8a78bd40a0\" \/><input name=\"_wp_http_referer\" type=\"hidden\" value=\"\/sv\/?page_id=5146&amp;fl_builder\" \/><label for=\"ff_1_2_names_first_name_\" aria-label=\"Jag heter ...\">Jag heter &#8230;<\/label><input id=\"ff_1_2_names_first_name_\" name=\"names[first_name]\" type=\"text\" placeholder=\"F\u00f6r- och efternamn\" aria-invalid=\"false\" aria-required=\"true\/\" \/><label for=\"ff_1_2_input_text\" aria-label=\"F\u00f6retag\">F\u00f6retag<\/label><input id=\"ff_1_2_input_text\" name=\"input_text\" type=\"text\" placeholder=\"Jag jobbar ...\" data-name=\"input_text\" aria-invalid=\"false\" aria-required=\"true\/\" \/><label for=\"ff_1_2_email\" aria-label=\"Mejladress\">Mejladress<\/label><input id=\"ff_1_2_email\" name=\"email\" type=\"email\" placeholder=\"Mejla till mig p\u00e5 ...\" data-name=\"email\" aria-invalid=\"false\" aria-required=\"true\/\" \/><label for=\"ff_1_2_phone\" aria-label=\"Telefonnummer\">Telefonnummer<\/label><input id=\"ff_1_2_phone\" name=\"phone\" type=\"tel\" placeholder=\"Mitt nummer ...\" data-name=\"phone\" aria-invalid=\"false\" aria-required=\"true\/\" \/><label for=\"ff_1_2_subject\" aria-label=\"\u00c4mne\">\u00c4mne<\/label><input id=\"ff_1_2_subject\" name=\"subject\" type=\"text\" placeholder=\"Jag \u00e4r intresserad av ....\" data-name=\"subject\" aria-invalid=\"false\" aria-required=\"true\/\" \/><label aria-label=\"Typ av tank\">Typ av tank<\/label><label class=\"ff-el-form-check-label\" for=\"checkbox_1_ae06f4fca868b276438ac57d56537549\"><input id=\"checkbox_1_ae06f4fca868b276438ac57d56537549\" name=\"checkbox_1[]\" type=\"checkbox\" value=\"Sprinklertank\" data-name=\"checkbox_1\" aria-label=\"Sprinklertank\" aria-invalid=\"false\" aria-required=\"false\/\" \/> Sprinklertank<\/label><label class=\"ff-el-form-check-label\" for=\"checkbox_1_3f4ccbc9cdfc66877f4bc4cb5bfcf480\"><input id=\"checkbox_1_3f4ccbc9cdfc66877f4bc4cb5bfcf480\" name=\"checkbox_1[]\" type=\"checkbox\" value=\"Processtank\" data-name=\"checkbox_1\" aria-label=\"Processtank\" aria-invalid=\"false\" aria-required=\"false\/\" \/> Processtank<\/label><label class=\"ff-el-form-check-label\" for=\"checkbox_1_1a6fcbba1ffd383f74bc114b0f45b9f1\"><input id=\"checkbox_1_1a6fcbba1ffd383f74bc114b0f45b9f1\" name=\"checkbox_1[]\" type=\"checkbox\" value=\"Annan tank\" data-name=\"checkbox_1\" aria-label=\"Annan tank\" aria-invalid=\"false\" aria-required=\"false\/\" \/> Annan tank<\/label><label aria-label=\"Tj\u00e4nst \">Tj\u00e4nst <\/label><label class=\"ff-el-form-check-label\" for=\"checkbox_635ff44c860cd4cc3334fa6cee12e80b\"><input id=\"checkbox_635ff44c860cd4cc3334fa6cee12e80b\" name=\"checkbox[]\" type=\"checkbox\" value=\"Inspektion\" data-name=\"checkbox\" aria-label=\"Inspektion\" aria-invalid=\"false\" aria-required=\"false\/\" \/> Inspektion<\/label><label class=\"ff-el-form-check-label\" for=\"checkbox_a98beea8f0e0f36216ec75da00eabf94\"><input id=\"checkbox_a98beea8f0e0f36216ec75da00eabf94\" name=\"checkbox[]\" type=\"checkbox\" value=\"Renovering\" data-name=\"checkbox\" aria-label=\"Renovering\" aria-invalid=\"false\" aria-required=\"false\/\" \/> Renovering<\/label><label class=\"ff-el-form-check-label\" for=\"checkbox_c42c8f8063ca4ea04544a0b623184b06\"><input id=\"checkbox_c42c8f8063ca4ea04544a0b623184b06\" name=\"checkbox[]\" type=\"checkbox\" value=\"Annant\" data-name=\"checkbox\" aria-label=\"Annant\" aria-invalid=\"false\" aria-required=\"false\/\" \/> Annant<\/label><label for=\"ff_1_2_multi_select_1\" aria-label=\"Antal tankar\">Antal tankar<\/label><select id=\"ff_1_2_multi_select_1\" multiple=\"multiple\" name=\"multi_select_1[]\" data-name=\"multi_select_1\" data-calc_value=\"0\" aria-invalid=\"false\" aria-required=\"false\">\r\n<option value=\"\">Antal tankar<\/option>\r\n<option value=\"0\">0<\/option>\r\n<option value=\"1\">1<\/option>\r\n<option value=\"2\">2<\/option>\r\n<option value=\"3\">3<\/option>\r\n<option value=\"4\">4<\/option>\r\n<option value=\"5\">5<\/option>\r\n<option value=\"6\">6<\/option>\r\n<option value=\"7\">7<\/option>\r\n<option value=\"8\">8<\/option>\r\n<option value=\"9\">9<\/option>\r\n<option value=\"10 eller fler\">10 eller fler<\/option>\r\n<\/select><label for=\"ff_1_2_message\" aria-label=\"Meddelande\">Meddelande<\/label><textarea id=\"ff_1_2_message\" cols=\"2\" name=\"message\" rows=\"4\" placeholder=\"Ytterligare fr\u00e5gor eller kommentarer ....\" aria-invalid=\"false\" aria-required=\"true\" data-name=\"message\"><\/textarea><label class=\"ff-el-form-check-label ff_tc_label\" for=\"gdpr-agreement_5e4f829e5e6d0fdc25c320f5eb2bacfc\" aria-label=\"terms &amp; conditions\"><input id=\"gdpr-agreement_5e4f829e5e6d0fdc25c320f5eb2bacfc\" name=\"gdpr-agreement\" type=\"checkbox\" value=\"on\" data-name=\"gdpr-agreement\" aria-invalid=\"false\" aria-required=\"true\/\" \/> Jag samtycker till att denna webbplats lagrar min inl\u00e4mnade information s\u00e5 att de kan svara p\u00e5 min f\u00f6rfr\u00e5gan. Informationen lagras i 1 \u00e5r. <\/label><button type=\"submit\">Skicka<\/button><\/fieldset><\/form>","protected":false},"excerpt":{"rendered":"<p>R\u00e4dda din cistern &#8211; smart l\u00f6sning med armerad epoxi\u00a0 Samma l\u00f6sning f\u00f6r alla typer av cisterner* Cistern eller tank? Vad s\u00e4ger du? Oavsett namn \u00e4r har de samma funktion: att f\u00f6rvara v\u00e4tska. En cistern kan inneh\u00e5lla brandfarliga v\u00e4tskor, kemikalier, eller olja. En vattencistern kan anv\u00e4ndas f\u00f6r dricksvatten, processvatten eller vatten &#8230; <a title=\"Renovera tankar\" class=\"read-more\" href=\"https:\/\/cisternsolutions.eu\/sv\/renovera-tankar\/\" aria-label=\"L\u00e4s mer om Renovera tankar\">L\u00e4s mer<\/a><\/p>\n","protected":false},"author":4,"featured_media":0,"parent":0,"menu_order":0,"comment_status":"closed","ping_status":"closed","template":"","meta":{"footnotes":""},"class_list":["post-5146","page","type-page","status-publish"],"yoast_head":"<!-- This site is optimized with the Yoast SEO plugin v27.4 - https:\/\/yoast.com\/product\/yoast-seo-wordpress\/ -->\n<title>Vi renoverar alla typer av cisterner | Cistern Solutions Sweden<\/title>\n<meta name=\"description\" content=\"Vi har en l\u00f6sning f\u00f6r att renovera alla typer av cisterner (sprinklercistern, vattencistern m.m). L\u00e4s mer om hur vi r\u00e4ddar din cistern.\" \/>\n<meta name=\"robots\" content=\"index, follow, max-snippet:-1, max-image-preview:large, max-video-preview:-1\" \/>\n<link rel=\"canonical\" href=\"https:\/\/cisternsolutions.eu\/sv\/renovera-tankar\/\" \/>\n<meta property=\"og:locale\" content=\"sv_SE\" \/>\n<meta property=\"og:type\" content=\"article\" \/>\n<meta property=\"og:title\" content=\"Vi renoverar alla typer av cisterner | Cistern Solutions Sweden\" \/>\n<meta property=\"og:description\" content=\"Vi har en l\u00f6sning f\u00f6r att renovera alla typer av cisterner (sprinklercistern, vattencistern m.m). L\u00e4s mer om hur vi r\u00e4ddar din cistern.\" \/>\n<meta property=\"og:url\" content=\"https:\/\/cisternsolutions.eu\/sv\/renovera-tankar\/\" \/>\n<meta property=\"og:site_name\" content=\"Cistern Solutions Sweden\" \/>\n<meta property=\"article:modified_time\" content=\"2026-01-13T16:10:53+00:00\" \/>\n<meta property=\"og:image\" content=\"https:\/\/cisternsolutions.eu\/wp-content\/uploads\/2024\/03\/inspection_of_tank.jpg\" \/>\n<meta name=\"twitter:card\" content=\"summary_large_image\" \/>\n<meta name=\"twitter:label1\" content=\"Ber\u00e4knad l\u00e4stid\" \/>\n\t<meta name=\"twitter:data1\" content=\"4 minuter\" \/>\n<script type=\"application\/ld+json\" class=\"yoast-schema-graph\">{\"@context\":\"https:\\\/\\\/schema.org\",\"@graph\":[{\"@type\":\"WebPage\",\"@id\":\"https:\\\/\\\/cisternsolutions.eu\\\/sv\\\/renovera-tankar\\\/\",\"url\":\"https:\\\/\\\/cisternsolutions.eu\\\/sv\\\/renovera-tankar\\\/\",\"name\":\"Vi renoverar alla typer av cisterner | Cistern Solutions Sweden\",\"isPartOf\":{\"@id\":\"https:\\\/\\\/cisternsolutions.eu\\\/sv\\\/#website\"},\"primaryImageOfPage\":{\"@id\":\"https:\\\/\\\/cisternsolutions.eu\\\/sv\\\/renovera-tankar\\\/#primaryimage\"},\"image\":{\"@id\":\"https:\\\/\\\/cisternsolutions.eu\\\/sv\\\/renovera-tankar\\\/#primaryimage\"},\"thumbnailUrl\":\"https:\\\/\\\/cisternsolutions.eu\\\/wp-content\\\/uploads\\\/2024\\\/03\\\/inspection_of_tank.jpg\",\"datePublished\":\"2024-03-05T09:35:13+00:00\",\"dateModified\":\"2026-01-13T16:10:53+00:00\",\"description\":\"Vi har en l\u00f6sning f\u00f6r att renovera alla typer av cisterner (sprinklercistern, vattencistern m.m). L\u00e4s mer om hur vi r\u00e4ddar din cistern.\",\"breadcrumb\":{\"@id\":\"https:\\\/\\\/cisternsolutions.eu\\\/sv\\\/renovera-tankar\\\/#breadcrumb\"},\"inLanguage\":\"sv-SE\",\"potentialAction\":[{\"@type\":\"ReadAction\",\"target\":[\"https:\\\/\\\/cisternsolutions.eu\\\/sv\\\/renovera-tankar\\\/\"]}]},{\"@type\":\"ImageObject\",\"inLanguage\":\"sv-SE\",\"@id\":\"https:\\\/\\\/cisternsolutions.eu\\\/sv\\\/renovera-tankar\\\/#primaryimage\",\"url\":\"https:\\\/\\\/cisternsolutions.eu\\\/wp-content\\\/uploads\\\/2024\\\/03\\\/inspection_of_tank.jpg\",\"contentUrl\":\"https:\\\/\\\/cisternsolutions.eu\\\/wp-content\\\/uploads\\\/2024\\\/03\\\/inspection_of_tank.jpg\"},{\"@type\":\"BreadcrumbList\",\"@id\":\"https:\\\/\\\/cisternsolutions.eu\\\/sv\\\/renovera-tankar\\\/#breadcrumb\",\"itemListElement\":[{\"@type\":\"ListItem\",\"position\":1,\"name\":\"Hem\",\"item\":\"https:\\\/\\\/cisternsolutions.eu\\\/sv\\\/\"},{\"@type\":\"ListItem\",\"position\":2,\"name\":\"Renovera tankar\"}]},{\"@type\":\"WebSite\",\"@id\":\"https:\\\/\\\/cisternsolutions.eu\\\/sv\\\/#website\",\"url\":\"https:\\\/\\\/cisternsolutions.eu\\\/sv\\\/\",\"name\":\"Cistern Solutions Sweden\",\"description\":\"Cistern Solutions Sweden\",\"publisher\":{\"@id\":\"https:\\\/\\\/cisternsolutions.eu\\\/sv\\\/#organization\"},\"potentialAction\":[{\"@type\":\"SearchAction\",\"target\":{\"@type\":\"EntryPoint\",\"urlTemplate\":\"https:\\\/\\\/cisternsolutions.eu\\\/sv\\\/?s={search_term_string}\"},\"query-input\":{\"@type\":\"PropertyValueSpecification\",\"valueRequired\":true,\"valueName\":\"search_term_string\"}}],\"inLanguage\":\"sv-SE\"},{\"@type\":\"Organization\",\"@id\":\"https:\\\/\\\/cisternsolutions.eu\\\/sv\\\/#organization\",\"name\":\"| Cistern Solutions Sweden AB\",\"url\":\"https:\\\/\\\/cisternsolutions.eu\\\/sv\\\/\",\"logo\":{\"@type\":\"ImageObject\",\"inLanguage\":\"sv-SE\",\"@id\":\"https:\\\/\\\/cisternsolutions.eu\\\/sv\\\/#\\\/schema\\\/logo\\\/image\\\/\",\"url\":\"https:\\\/\\\/cisternsolutions.eu\\\/wp-content\\\/uploads\\\/2023\\\/11\\\/CisternSolutions_orginal-logo.png\",\"contentUrl\":\"https:\\\/\\\/cisternsolutions.eu\\\/wp-content\\\/uploads\\\/2023\\\/11\\\/CisternSolutions_orginal-logo.png\",\"width\":1045,\"height\":293,\"caption\":\"| Cistern Solutions Sweden AB\"},\"image\":{\"@id\":\"https:\\\/\\\/cisternsolutions.eu\\\/sv\\\/#\\\/schema\\\/logo\\\/image\\\/\"}}]}<\/script>\n<!-- \/ Yoast SEO plugin. -->","yoast_head_json":{"title":"Vi renoverar alla typer av cisterner | Cistern Solutions Sweden","description":"Vi har en l\u00f6sning f\u00f6r att renovera alla typer av cisterner (sprinklercistern, vattencistern m.m). L\u00e4s mer om hur vi r\u00e4ddar din cistern.","robots":{"index":"index","follow":"follow","max-snippet":"max-snippet:-1","max-image-preview":"max-image-preview:large","max-video-preview":"max-video-preview:-1"},"canonical":"https:\/\/cisternsolutions.eu\/sv\/renovera-tankar\/","og_locale":"sv_SE","og_type":"article","og_title":"Vi renoverar alla typer av cisterner | Cistern Solutions Sweden","og_description":"Vi har en l\u00f6sning f\u00f6r att renovera alla typer av cisterner (sprinklercistern, vattencistern m.m). L\u00e4s mer om hur vi r\u00e4ddar din cistern.","og_url":"https:\/\/cisternsolutions.eu\/sv\/renovera-tankar\/","og_site_name":"Cistern Solutions Sweden","article_modified_time":"2026-01-13T16:10:53+00:00","og_image":[{"url":"https:\/\/cisternsolutions.eu\/wp-content\/uploads\/2024\/03\/inspection_of_tank.jpg","type":"","width":"","height":""}],"twitter_card":"summary_large_image","twitter_misc":{"Ber\u00e4knad l\u00e4stid":"4 minuter"},"schema":{"@context":"https:\/\/schema.org","@graph":[{"@type":"WebPage","@id":"https:\/\/cisternsolutions.eu\/sv\/renovera-tankar\/","url":"https:\/\/cisternsolutions.eu\/sv\/renovera-tankar\/","name":"Vi renoverar alla typer av cisterner | Cistern Solutions Sweden","isPartOf":{"@id":"https:\/\/cisternsolutions.eu\/sv\/#website"},"primaryImageOfPage":{"@id":"https:\/\/cisternsolutions.eu\/sv\/renovera-tankar\/#primaryimage"},"image":{"@id":"https:\/\/cisternsolutions.eu\/sv\/renovera-tankar\/#primaryimage"},"thumbnailUrl":"https:\/\/cisternsolutions.eu\/wp-content\/uploads\/2024\/03\/inspection_of_tank.jpg","datePublished":"2024-03-05T09:35:13+00:00","dateModified":"2026-01-13T16:10:53+00:00","description":"Vi har en l\u00f6sning f\u00f6r att renovera alla typer av cisterner (sprinklercistern, vattencistern m.m). L\u00e4s mer om hur vi r\u00e4ddar din cistern.","breadcrumb":{"@id":"https:\/\/cisternsolutions.eu\/sv\/renovera-tankar\/#breadcrumb"},"inLanguage":"sv-SE","potentialAction":[{"@type":"ReadAction","target":["https:\/\/cisternsolutions.eu\/sv\/renovera-tankar\/"]}]},{"@type":"ImageObject","inLanguage":"sv-SE","@id":"https:\/\/cisternsolutions.eu\/sv\/renovera-tankar\/#primaryimage","url":"https:\/\/cisternsolutions.eu\/wp-content\/uploads\/2024\/03\/inspection_of_tank.jpg","contentUrl":"https:\/\/cisternsolutions.eu\/wp-content\/uploads\/2024\/03\/inspection_of_tank.jpg"},{"@type":"BreadcrumbList","@id":"https:\/\/cisternsolutions.eu\/sv\/renovera-tankar\/#breadcrumb","itemListElement":[{"@type":"ListItem","position":1,"name":"Hem","item":"https:\/\/cisternsolutions.eu\/sv\/"},{"@type":"ListItem","position":2,"name":"Renovera tankar"}]},{"@type":"WebSite","@id":"https:\/\/cisternsolutions.eu\/sv\/#website","url":"https:\/\/cisternsolutions.eu\/sv\/","name":"Cistern Solutions Sweden","description":"Cistern Solutions Sweden","publisher":{"@id":"https:\/\/cisternsolutions.eu\/sv\/#organization"},"potentialAction":[{"@type":"SearchAction","target":{"@type":"EntryPoint","urlTemplate":"https:\/\/cisternsolutions.eu\/sv\/?s={search_term_string}"},"query-input":{"@type":"PropertyValueSpecification","valueRequired":true,"valueName":"search_term_string"}}],"inLanguage":"sv-SE"},{"@type":"Organization","@id":"https:\/\/cisternsolutions.eu\/sv\/#organization","name":"| Cistern Solutions Sweden AB","url":"https:\/\/cisternsolutions.eu\/sv\/","logo":{"@type":"ImageObject","inLanguage":"sv-SE","@id":"https:\/\/cisternsolutions.eu\/sv\/#\/schema\/logo\/image\/","url":"https:\/\/cisternsolutions.eu\/wp-content\/uploads\/2023\/11\/CisternSolutions_orginal-logo.png","contentUrl":"https:\/\/cisternsolutions.eu\/wp-content\/uploads\/2023\/11\/CisternSolutions_orginal-logo.png","width":1045,"height":293,"caption":"| Cistern Solutions Sweden AB"},"image":{"@id":"https:\/\/cisternsolutions.eu\/sv\/#\/schema\/logo\/image\/"}}]}},"_links":{"self":[{"href":"https:\/\/cisternsolutions.eu\/sv\/wp-json\/wp\/v2\/pages\/5146","targetHints":{"allow":["GET"]}}],"collection":[{"href":"https:\/\/cisternsolutions.eu\/sv\/wp-json\/wp\/v2\/pages"}],"about":[{"href":"https:\/\/cisternsolutions.eu\/sv\/wp-json\/wp\/v2\/types\/page"}],"author":[{"embeddable":true,"href":"https:\/\/cisternsolutions.eu\/sv\/wp-json\/wp\/v2\/users\/4"}],"replies":[{"embeddable":true,"href":"https:\/\/cisternsolutions.eu\/sv\/wp-json\/wp\/v2\/comments?post=5146"}],"version-history":[{"count":11,"href":"https:\/\/cisternsolutions.eu\/sv\/wp-json\/wp\/v2\/pages\/5146\/revisions"}],"predecessor-version":[{"id":8681,"href":"https:\/\/cisternsolutions.eu\/sv\/wp-json\/wp\/v2\/pages\/5146\/revisions\/8681"}],"wp:attachment":[{"href":"https:\/\/cisternsolutions.eu\/sv\/wp-json\/wp\/v2\/media?parent=5146"}],"curies":[{"name":"wp","href":"https:\/\/api.w.org\/{rel}","templated":true}]}}