{"id":5137,"date":"2024-03-05T15:06:53","date_gmt":"2024-03-05T14:06:53","guid":{"rendered":"https:\/\/cisternsolutions.eu\/?page_id=5137"},"modified":"2024-07-02T15:35:46","modified_gmt":"2024-07-02T13:35:46","slug":"skadad-sprinklertank","status":"publish","type":"page","link":"https:\/\/cisternsolutions.eu\/sv\/skadad-sprinklertank\/","title":{"rendered":"Skadad sprinklertank"},"content":{"rendered":"\r\n<h1>Skadad sprinklertank<\/h1>\r\n<p>&#8211; orsaker och \u00e5tg\u00e4rder<\/p>\r\n<h2>Risker med en skadad sprinklertank<\/h2>\r\n<p>F\u00f6r att ge ett fullgott brandskydd, m\u00e5ste alla delar i sprinklersystemet fungera som f\u00f6rv\u00e4ntat. En skadad sprinklertank kan \u00e4ventyra s\u00e4kerheten p\u00e5 flera s\u00e4tt. Om tanken inte inneh\u00e5ller tillr\u00e4ckligt med vatten, kan elden f\u00e5 f\u00e4ste innan bygganden \u00e4r utrymd och brandk\u00e5r p\u00e5 plats. Om sediment fr\u00e5n tanken pumpas ut i systemet kan det bli igensatt. I v\u00e4rsta fall kan hela r\u00f6rsystemet att kollapsa eftersom det bara \u00e4r dimensionerat f\u00f6r att transportera vatten.<\/p>\r\n<p>Det \u00e4r allts\u00e5 oerh\u00f6rt viktigt att inte ha en skadad sprinklertank.<\/p>\r\n<p><strong>Hur tar du reda p\u00e5 om tanken \u00e4r i gott skick? Vilka \u00e4r de vanligaste problemen med sprinklertankar och vad kan du g\u00f6ra f\u00f6r att fixa dem?<\/strong><\/p>\r\n<p><em>*) Observera att alla h\u00e4nvisningar till regelverk, lagar och myndigheter p\u00e5 hemsidan g\u00e4ller Sverige och svenska f\u00f6rh\u00e5llanden.\u00a0<\/em><\/p>\r\n<h3>Kontakta mig!<\/h3>\r\n<form id=\"fluentform_8\" method=\"POST\" data-form_id=\"8\" data-form_instance=\"ff_form_instance_8_1\"><fieldset><legend>Snabbkontakt &#8211; SE<\/legend><input name=\"__fluent_form_embded_post_id\" type=\"hidden\" value=\"5137\" \/><input id=\"_fluentform_8_fluentformnonce\" name=\"_fluentform_8_fluentformnonce\" type=\"hidden\" value=\"950f5acc30\" \/><input name=\"_wp_http_referer\" type=\"hidden\" value=\"\/sv\/?page_id=5137&amp;fl_builder\" \/><input id=\"ff_8_names_first_name_\" name=\"names[first_name]\" type=\"text\" placeholder=\"F\u00f6r- och efternamn\" aria-invalid=\"false\" aria-required=\"true\/\" \/><input id=\"ff_8_email\" name=\"email\" type=\"email\" placeholder=\"Min mejladress\" data-name=\"email\" aria-invalid=\"false\" aria-required=\"true\/\" \/><textarea id=\"ff_8_message\" cols=\"2\" name=\"message\" rows=\"1\" placeholder=\"Kontakta mig ang\u00e5ende ...\" aria-invalid=\"false\" aria-required=\"true\" data-name=\"message\"><\/textarea><label class=\"ff-el-form-check-label ff_tc_label\" for=\"gdpr-agreement_53517bbf27bfa8be516f2fced62f8d96\" aria-label=\"terms &amp; conditions\"><input id=\"gdpr-agreement_53517bbf27bfa8be516f2fced62f8d96\" name=\"gdpr-agreement\" type=\"checkbox\" value=\"on\" data-name=\"gdpr-agreement\" aria-invalid=\"false\" aria-required=\"true\/\" \/> Jag samtycker till att denna webbplats lagrar min inl\u00e4mnade information s\u00e5 att de kan svara p\u00e5 min f\u00f6rfr\u00e5gan. Informationen lagras i 1 \u00e5r. <\/label><button type=\"submit\">Skicka<\/button><\/fieldset><\/form>\r\n<h3>Vanliga skador:<\/h3>\r\n<ul>\r\n<li>Korrosion<\/li>\r\n<li>Sediment<\/li>\r\n<li>L\u00e4ckage<\/li>\r\n<li>F\u00f6rsvagad konstruktion<\/li>\r\n<li>Detaljer som t.ex. inf\u00e4stningar rostar s\u00f6nder<\/li>\r\n<\/ul>\r\n<h2>Tre vanliga problem med sprinklertankar<\/h2>\r\n<p><img decoding=\"async\" title=\"korrosion_i_tank_03\" src=\"https:\/\/cisternsolutions.eu\/wp-content\/uploads\/2024\/02\/korrosion_i_tank_03.jpg\" sizes=\"(max-width: 700px) 100vw, 700px\" srcset=\"https:\/\/cisternsolutions.eu\/wp-content\/uploads\/2024\/02\/korrosion_i_tank_03.jpg 700w, https:\/\/cisternsolutions.eu\/wp-content\/uploads\/2024\/02\/korrosion_i_tank_03-300x107.jpg 300w\" alt=\"korrosion_i_tank_03\" width=\"700\" height=\"250\" \/><\/p>\r\n<h3>Korrosion<\/h3>\r\n<p>Korrosion \u00e4r ett vanligt problem i sprinklertankar. Rosten fr\u00e4ter s\u00f6nder pl\u00e5ten och p\u00e5verkar konstruktionens h\u00e5llfasthet. Vad h\u00e4nder om sprinklertanken skulle kollapsa? M\u00e5nga hundratals kubikmeter vatten skulle forsa ut och orsaka stora skador.<\/p>\r\n<p><strong>Varf\u00f6r b\u00f6rjar tanken rosta?<\/strong><br \/>Vattnet kan bidra till korrosion p\u00e5 flera s\u00e4tt.<\/p>\r\n<ul>\r\n<li>Om det regnar in i tanken, kommer vattnets pH-v\u00e4rde att sjunka och risken f\u00f6r korrosion \u00f6kar.<\/li>\r\n<li>Detsamma g\u00e4ller om vattnet inneh\u00e5ller mycket syre, vilket det g\u00f6r om man t.ex. anv\u00e4nder f\u00e4rskvatten fr\u00e5n en sj\u00f6. Ju mer syre, desto l\u00e4ttare bildas rost.<\/li>\r\n<li>V\u00e4rmev\u00e4xling s\u00e4tter vatten i r\u00f6relse och p\u00e5verkar hur snabbt tanken korroderar. V\u00e4rmev\u00e4xling kan uppst\u00e5 om sprinklertanken \u00e4r isolerad och pumphuset \u00e4r uppv\u00e4rmt.<\/li>\r\n<\/ul>\r\n<p>Materialen i tanken kan ocks\u00e5 p\u00e5verka. Om man s\u00e4tter in rostfria r\u00f6r i en sprinklertank av st\u00e5lpl\u00e5t blir uppst\u00e5r en process som kallas galvanisk korrosion.<\/p>\r\n<p><img decoding=\"async\" title=\"lacka_01\" src=\"https:\/\/cisternsolutions.eu\/wp-content\/uploads\/2024\/03\/lacka_01.jpg\" sizes=\"(max-width: 700px) 100vw, 700px\" srcset=\"https:\/\/cisternsolutions.eu\/wp-content\/uploads\/2024\/03\/lacka_01.jpg 700w, https:\/\/cisternsolutions.eu\/wp-content\/uploads\/2024\/03\/lacka_01-300x107.jpg 300w\" alt=\"lacka_01\" width=\"700\" height=\"250\" \/><\/p>\r\n<h3>L\u00e4ckage<\/h3>\r\n<p>Rostskador kan s\u00e5 sm\u00e5ningom resultera i att det g\u00e5r h\u00e5l i sprinklertanken. Om en skadad sprinklertank st\u00e5r ute, kanske vattenl\u00e4ckan inte orsakar n\u00e5gra st\u00f6rre katastrofer. Du kanske inte ens m\u00e4rker l\u00e4ckaget, om det bara sipprar vatten ur de nedersta skarvarna. Men l\u00e4ckaget inneb\u00e4r troligtvis att tanken fylls med nytt, syrerikt vatten f\u00f6r att h\u00e5lla r\u00e4tt volym. Och mer syre kan skynda p\u00e5 korrosionsprocessen.<\/p>\r\n<p>Om sprinklertanken st\u00e5r inomhus kan bli mer problematiskt. En stor l\u00e4cka kan leda till akuta och besv\u00e4rliga vattenskador. Och vad kostar det om du inte kan anv\u00e4nda lokalerna under en l\u00e4ngre tid?<\/p>\r\n<p><img decoding=\"async\" title=\"korrosion_i_tank_01\" src=\"https:\/\/cisternsolutions.eu\/wp-content\/uploads\/2024\/02\/korrosion_i_tank_01-1.jpg\" sizes=\"(max-width: 700px) 100vw, 700px\" srcset=\"https:\/\/cisternsolutions.eu\/wp-content\/uploads\/2024\/02\/korrosion_i_tank_01-1.jpg 700w, https:\/\/cisternsolutions.eu\/wp-content\/uploads\/2024\/02\/korrosion_i_tank_01-1-300x107.jpg 300w\" alt=\"korrosion_i_tank_01\" width=\"700\" height=\"250\" \/><\/p>\r\n<h3>Sediment<\/h3>\r\n<p>Ett annat problem \u00e4r rost och avlagringar som samlas i botten p\u00e5 tanken. L\u00e4gg till alger och annan mikrobiell p\u00e5v\u00e4xt fr\u00e5n v\u00e4ggarna och du har ganska stora m\u00e4ngder sediment efter n\u00e5gra \u00e5r.<\/p>\r\n<p>Bottenslammet blir det f\u00f6rsta som trycks ut i sprinklersystemet n\u00e4r det aktiveras. Risken \u00e4r stor att r\u00f6r och sprinklerhuvuden s\u00e4tts igen och inget, eller bara lite, vatten kommer fram.<\/p>\r\n<h3>Hur vet jag om jag har en skadad sprinklertank?<\/h3>\r\n<p>Fels\u00f6kning av problem med sprinklertank<\/p>\r\n<p>Det b\u00e4sta \u00e4r naturligtvis att f\u00f6rebygga problem med sprinklertanken. Det kan du g\u00f6ra genom att inspektera och g\u00f6ra rent tanken regelbundet. En skadad sprinklertank kan bli en dyr historia.<\/p>\r\n<p>En noggrann visuell inspektion av tanken ger bra v\u00e4gledning. Titta efter rostfl\u00e4ckar, sprickor och l\u00e4ckage. Gl\u00f6m inte att inspektera fogar och anslutningar. Det \u00e4r bra om det finns m\u00f6jlighet att titta ner i tanken.<\/p>\r\n<p>Med hj\u00e4lp av en undervattensdr\u00f6nare kan man genomf\u00f6ra en realtidsinspektion av tankens insida utan att t\u00f6mma den p\u00e5 vatten. Du ser direkt om det finns skador som beh\u00f6ver \u00e5tg\u00e4rdas. Dr\u00f6naren kan ta bilder och filmer som inspekt\u00f6ren kan analysera f\u00f6r att sammanst\u00e4lla en detaljerad rapport om eventuella skador och brister.<\/p>\r\n<p><iframe allowfullscreen=\"allowfullscreen\" data-src=\"https:\/\/www.youtube.com\/embed\/c4R_IL0Dp20?feature=oembed&amp;start&amp;end&amp;wmode=opaque&amp;loop=0&amp;controls=1&amp;mute=0&amp;rel=0&amp;modestbranding=0\"><\/iframe> Play Video<\/p>\r\n<p>En av v\u00e5ra samarbetspartners i Tyskland, Kopterflug, anv\u00e4nder\u00a0 undervattensdr\u00f6nare n\u00e4r de inspekterar sprinklertankar.<\/p>\r\n<h2>Har du en skadad sprinklertank?<\/h2>\r\n<p>\u00c5tg\u00e4rder f\u00f6r skadad sprinklertank<\/p>\r\n<p>I de allra flesta fallen \u00e4r l\u00f6sningen p\u00e5 en brusten sprinklertank reparation. P\u00e5 Cistern Solutions Sweden har vi m\u00e5nga \u00e5rs erfarenhet av att hitta och fixa problem med sprinklertankar. Det har resulterat i en effektiv metod d\u00e4r vi lagar skadade sprinklertankar med armerad epoxi.<\/p>\r\n<p>Du kan <a href=\"https:\/\/cisternsolutions.eu\/sv\/renovera-sprinklertank\/\">l\u00e4sa mer om metoden h\u00e4r<\/a> och se flera <a href=\"https:\/\/cisternsolutions.eu\/sv\/referenser\/\">exempel p\u00e5 hur vi l\u00f6st problem<\/a> med sprinklertankar f\u00f6r andra kunder.<\/p>\r\n<p>Om du har en skadad sprinklertank h\u00f6r du av dig till oss<strong>! <\/strong>Vi l\u00f6ser dina problem med sprinklertankar hela v\u00e4gen fr\u00e5n inspektion och f\u00f6rslag p\u00e5 \u00e5tg\u00e4rder till att genomf\u00f6ra renoveringen.<\/p>\r\n<h3>Jag vill veta mer om renovering av sprinklertankar<\/h3>\r\n<form id=\"fluentform_1\" method=\"POST\" data-form_id=\"1\" data-form_instance=\"ff_form_instance_1_2\"><fieldset><legend>Kontaktformul\u00e4r &#8211; SE<\/legend><input name=\"__fluent_form_embded_post_id\" type=\"hidden\" value=\"5137\" \/><input id=\"_fluentform_1_fluentformnonce\" name=\"_fluentform_1_fluentformnonce\" type=\"hidden\" value=\"950f5acc30\" \/><input name=\"_wp_http_referer\" type=\"hidden\" value=\"\/sv\/?page_id=5137&amp;fl_builder\" \/><label for=\"ff_1_2_names_first_name_\" aria-label=\"Jag heter ...\">Jag heter &#8230;<\/label><input id=\"ff_1_2_names_first_name_\" name=\"names[first_name]\" type=\"text\" placeholder=\"F\u00f6r- och efternamn\" aria-invalid=\"false\" aria-required=\"true\/\" \/><label for=\"ff_1_2_input_text\" aria-label=\"F\u00f6retag\">F\u00f6retag<\/label><input id=\"ff_1_2_input_text\" name=\"input_text\" type=\"text\" placeholder=\"Jag jobbar ...\" data-name=\"input_text\" aria-invalid=\"false\" aria-required=\"true\/\" \/><label for=\"ff_1_2_email\" aria-label=\"Mejladress\">Mejladress<\/label><input id=\"ff_1_2_email\" name=\"email\" type=\"email\" placeholder=\"Mejla till mig p\u00e5 ...\" data-name=\"email\" aria-invalid=\"false\" aria-required=\"true\/\" \/><label for=\"ff_1_2_phone\" aria-label=\"Telefonnummer\">Telefonnummer<\/label><input id=\"ff_1_2_phone\" name=\"phone\" type=\"tel\" placeholder=\"Mitt nummer ...\" data-name=\"phone\" aria-invalid=\"false\" aria-required=\"true\/\" \/><label for=\"ff_1_2_subject\" aria-label=\"\u00c4mne\">\u00c4mne<\/label><input id=\"ff_1_2_subject\" name=\"subject\" type=\"text\" placeholder=\"Jag \u00e4r intresserad av ....\" data-name=\"subject\" aria-invalid=\"false\" aria-required=\"true\/\" \/><label aria-label=\"Typ av tank\">Typ av tank<\/label><label class=\"ff-el-form-check-label\" for=\"checkbox_1_729e29c94d774146939d7e215748bba4\"><input id=\"checkbox_1_729e29c94d774146939d7e215748bba4\" name=\"checkbox_1[]\" type=\"checkbox\" value=\"Sprinklertank\" data-name=\"checkbox_1\" aria-label=\"Sprinklertank\" aria-invalid=\"false\" aria-required=\"false\/\" \/> Sprinklertank<\/label><label class=\"ff-el-form-check-label\" for=\"checkbox_1_c0a2333facf596a5ce1cc0be22a60fdb\"><input id=\"checkbox_1_c0a2333facf596a5ce1cc0be22a60fdb\" name=\"checkbox_1[]\" type=\"checkbox\" value=\"Processtank\" data-name=\"checkbox_1\" aria-label=\"Processtank\" aria-invalid=\"false\" aria-required=\"false\/\" \/> Processtank<\/label><label class=\"ff-el-form-check-label\" for=\"checkbox_1_18bfed6f6bbe74c40962cb9f9464a9ac\"><input id=\"checkbox_1_18bfed6f6bbe74c40962cb9f9464a9ac\" name=\"checkbox_1[]\" type=\"checkbox\" value=\"Annan tank\" data-name=\"checkbox_1\" aria-label=\"Annan tank\" aria-invalid=\"false\" aria-required=\"false\/\" \/> Annan tank<\/label><label aria-label=\"Tj\u00e4nst \">Tj\u00e4nst <\/label><label class=\"ff-el-form-check-label\" for=\"checkbox_3e0c5e1eb8d94299c0664d0c575620b6\"><input id=\"checkbox_3e0c5e1eb8d94299c0664d0c575620b6\" name=\"checkbox[]\" type=\"checkbox\" value=\"Inspektion\" data-name=\"checkbox\" aria-label=\"Inspektion\" aria-invalid=\"false\" aria-required=\"false\/\" \/> Inspektion<\/label><label class=\"ff-el-form-check-label\" for=\"checkbox_44b4ec24fdbe4f048e7eff56d10a25a6\"><input id=\"checkbox_44b4ec24fdbe4f048e7eff56d10a25a6\" name=\"checkbox[]\" type=\"checkbox\" value=\"Renovering\" data-name=\"checkbox\" aria-label=\"Renovering\" aria-invalid=\"false\" aria-required=\"false\/\" \/> Renovering<\/label><label class=\"ff-el-form-check-label\" for=\"checkbox_a699503afcc68179d056b5dda593b313\"><input id=\"checkbox_a699503afcc68179d056b5dda593b313\" name=\"checkbox[]\" type=\"checkbox\" value=\"Annant\" data-name=\"checkbox\" aria-label=\"Annant\" aria-invalid=\"false\" aria-required=\"false\/\" \/> Annant<\/label><label for=\"ff_1_2_multi_select_1\" aria-label=\"Antal tankar\">Antal tankar<\/label><select id=\"ff_1_2_multi_select_1\" multiple=\"multiple\" name=\"multi_select_1[]\" data-name=\"multi_select_1\" data-calc_value=\"0\" aria-invalid=\"false\" aria-required=\"false\">\r\n<option value=\"\">Antal tankar<\/option>\r\n<option value=\"0\">0<\/option>\r\n<option value=\"1\">1<\/option>\r\n<option value=\"2\">2<\/option>\r\n<option value=\"3\">3<\/option>\r\n<option value=\"4\">4<\/option>\r\n<option value=\"5\">5<\/option>\r\n<option value=\"6\">6<\/option>\r\n<option value=\"7\">7<\/option>\r\n<option value=\"8\">8<\/option>\r\n<option value=\"9\">9<\/option>\r\n<option value=\"10 eller fler\">10 eller fler<\/option>\r\n<\/select><label for=\"ff_1_2_message\" aria-label=\"Meddelande\">Meddelande<\/label><textarea id=\"ff_1_2_message\" cols=\"2\" name=\"message\" rows=\"4\" placeholder=\"Ytterligare fr\u00e5gor eller kommentarer ....\" aria-invalid=\"false\" aria-required=\"true\" data-name=\"message\"><\/textarea><label class=\"ff-el-form-check-label ff_tc_label\" for=\"gdpr-agreement_d3f775089a014b6ee2ec6725f40311ba\" aria-label=\"terms &amp; conditions\"><input id=\"gdpr-agreement_d3f775089a014b6ee2ec6725f40311ba\" name=\"gdpr-agreement\" type=\"checkbox\" value=\"on\" data-name=\"gdpr-agreement\" aria-invalid=\"false\" aria-required=\"true\/\" \/> Jag samtycker till att denna webbplats lagrar min inl\u00e4mnade information s\u00e5 att de kan svara p\u00e5 min f\u00f6rfr\u00e5gan. Informationen lagras i 1 \u00e5r. <\/label><button type=\"submit\">Skicka<\/button><\/fieldset><\/form>","protected":false},"excerpt":{"rendered":"<p>Skadad sprinklertank &#8211; orsaker och \u00e5tg\u00e4rder Risker med en skadad sprinklertank F\u00f6r att ge ett fullgott brandskydd, m\u00e5ste alla delar i sprinklersystemet fungera som f\u00f6rv\u00e4ntat. En skadad sprinklertank kan \u00e4ventyra s\u00e4kerheten p\u00e5 flera s\u00e4tt. Om tanken inte inneh\u00e5ller tillr\u00e4ckligt med vatten, kan elden f\u00e5 f\u00e4ste innan bygganden \u00e4r utrymd och &#8230; <a title=\"Skadad sprinklertank\" class=\"read-more\" href=\"https:\/\/cisternsolutions.eu\/sv\/skadad-sprinklertank\/\" aria-label=\"L\u00e4s mer om Skadad sprinklertank\">L\u00e4s mer<\/a><\/p>\n","protected":false},"author":4,"featured_media":0,"parent":0,"menu_order":0,"comment_status":"closed","ping_status":"closed","template":"","meta":{"footnotes":""},"class_list":["post-5137","page","type-page","status-publish"],"yoast_head":"<!-- This site is optimized with the Yoast SEO plugin v27.4 - https:\/\/yoast.com\/product\/yoast-seo-wordpress\/ -->\n<title>Laga skadad sprinklertank med epoxi | Cistern Solutions Sweden<\/title>\n<meta name=\"description\" content=\"Det g\u00e5r att laga en skadad sprinklertank! Vi har m\u00e5nga \u00e5rs erfarenhet av att lagar skadade sprinklertankar med armerad epoxi. L\u00e4s mer ...\" \/>\n<meta name=\"robots\" content=\"index, follow, max-snippet:-1, max-image-preview:large, max-video-preview:-1\" \/>\n<link rel=\"canonical\" href=\"https:\/\/cisternsolutions.eu\/sv\/skadad-sprinklertank\/\" \/>\n<meta property=\"og:locale\" content=\"sv_SE\" \/>\n<meta property=\"og:type\" content=\"article\" \/>\n<meta property=\"og:title\" content=\"Laga skadad sprinklertank med epoxi | Cistern Solutions Sweden\" \/>\n<meta property=\"og:description\" content=\"Det g\u00e5r att laga en skadad sprinklertank! Vi har m\u00e5nga \u00e5rs erfarenhet av att lagar skadade sprinklertankar med armerad epoxi. L\u00e4s mer ...\" \/>\n<meta property=\"og:url\" content=\"https:\/\/cisternsolutions.eu\/sv\/skadad-sprinklertank\/\" \/>\n<meta property=\"og:site_name\" content=\"Cistern Solutions Sweden\" \/>\n<meta property=\"article:modified_time\" content=\"2024-07-02T13:35:46+00:00\" \/>\n<meta property=\"og:image\" content=\"https:\/\/cisternsolutions.eu\/wp-content\/uploads\/2024\/02\/korrosion_i_tank_03.jpg\" \/>\n<meta name=\"twitter:card\" content=\"summary_large_image\" \/>\n<meta name=\"twitter:label1\" content=\"Ber\u00e4knad l\u00e4stid\" \/>\n\t<meta name=\"twitter:data1\" content=\"5 minuter\" \/>\n<script type=\"application\/ld+json\" class=\"yoast-schema-graph\">{\"@context\":\"https:\\\/\\\/schema.org\",\"@graph\":[{\"@type\":\"WebPage\",\"@id\":\"https:\\\/\\\/cisternsolutions.eu\\\/sv\\\/skadad-sprinklertank\\\/\",\"url\":\"https:\\\/\\\/cisternsolutions.eu\\\/sv\\\/skadad-sprinklertank\\\/\",\"name\":\"Laga skadad sprinklertank med epoxi | Cistern Solutions Sweden\",\"isPartOf\":{\"@id\":\"https:\\\/\\\/cisternsolutions.eu\\\/sv\\\/#website\"},\"primaryImageOfPage\":{\"@id\":\"https:\\\/\\\/cisternsolutions.eu\\\/sv\\\/skadad-sprinklertank\\\/#primaryimage\"},\"image\":{\"@id\":\"https:\\\/\\\/cisternsolutions.eu\\\/sv\\\/skadad-sprinklertank\\\/#primaryimage\"},\"thumbnailUrl\":\"https:\\\/\\\/cisternsolutions.eu\\\/wp-content\\\/uploads\\\/2024\\\/02\\\/korrosion_i_tank_03.jpg\",\"datePublished\":\"2024-03-05T14:06:53+00:00\",\"dateModified\":\"2024-07-02T13:35:46+00:00\",\"description\":\"Det g\u00e5r att laga en skadad sprinklertank! Vi har m\u00e5nga \u00e5rs erfarenhet av att lagar skadade sprinklertankar med armerad epoxi. L\u00e4s mer ...\",\"breadcrumb\":{\"@id\":\"https:\\\/\\\/cisternsolutions.eu\\\/sv\\\/skadad-sprinklertank\\\/#breadcrumb\"},\"inLanguage\":\"sv-SE\",\"potentialAction\":[{\"@type\":\"ReadAction\",\"target\":[\"https:\\\/\\\/cisternsolutions.eu\\\/sv\\\/skadad-sprinklertank\\\/\"]}]},{\"@type\":\"ImageObject\",\"inLanguage\":\"sv-SE\",\"@id\":\"https:\\\/\\\/cisternsolutions.eu\\\/sv\\\/skadad-sprinklertank\\\/#primaryimage\",\"url\":\"https:\\\/\\\/cisternsolutions.eu\\\/wp-content\\\/uploads\\\/2024\\\/02\\\/korrosion_i_tank_03.jpg\",\"contentUrl\":\"https:\\\/\\\/cisternsolutions.eu\\\/wp-content\\\/uploads\\\/2024\\\/02\\\/korrosion_i_tank_03.jpg\"},{\"@type\":\"BreadcrumbList\",\"@id\":\"https:\\\/\\\/cisternsolutions.eu\\\/sv\\\/skadad-sprinklertank\\\/#breadcrumb\",\"itemListElement\":[{\"@type\":\"ListItem\",\"position\":1,\"name\":\"Hem\",\"item\":\"https:\\\/\\\/cisternsolutions.eu\\\/sv\\\/\"},{\"@type\":\"ListItem\",\"position\":2,\"name\":\"Skadad sprinklertank\"}]},{\"@type\":\"WebSite\",\"@id\":\"https:\\\/\\\/cisternsolutions.eu\\\/sv\\\/#website\",\"url\":\"https:\\\/\\\/cisternsolutions.eu\\\/sv\\\/\",\"name\":\"Cistern Solutions Sweden\",\"description\":\"Cistern Solutions Sweden\",\"publisher\":{\"@id\":\"https:\\\/\\\/cisternsolutions.eu\\\/sv\\\/#organization\"},\"potentialAction\":[{\"@type\":\"SearchAction\",\"target\":{\"@type\":\"EntryPoint\",\"urlTemplate\":\"https:\\\/\\\/cisternsolutions.eu\\\/sv\\\/?s={search_term_string}\"},\"query-input\":{\"@type\":\"PropertyValueSpecification\",\"valueRequired\":true,\"valueName\":\"search_term_string\"}}],\"inLanguage\":\"sv-SE\"},{\"@type\":\"Organization\",\"@id\":\"https:\\\/\\\/cisternsolutions.eu\\\/sv\\\/#organization\",\"name\":\"| Cistern Solutions Sweden AB\",\"url\":\"https:\\\/\\\/cisternsolutions.eu\\\/sv\\\/\",\"logo\":{\"@type\":\"ImageObject\",\"inLanguage\":\"sv-SE\",\"@id\":\"https:\\\/\\\/cisternsolutions.eu\\\/sv\\\/#\\\/schema\\\/logo\\\/image\\\/\",\"url\":\"https:\\\/\\\/cisternsolutions.eu\\\/wp-content\\\/uploads\\\/2023\\\/11\\\/CisternSolutions_orginal-logo.png\",\"contentUrl\":\"https:\\\/\\\/cisternsolutions.eu\\\/wp-content\\\/uploads\\\/2023\\\/11\\\/CisternSolutions_orginal-logo.png\",\"width\":1045,\"height\":293,\"caption\":\"| Cistern Solutions Sweden AB\"},\"image\":{\"@id\":\"https:\\\/\\\/cisternsolutions.eu\\\/sv\\\/#\\\/schema\\\/logo\\\/image\\\/\"}}]}<\/script>\n<!-- \/ Yoast SEO plugin. -->","yoast_head_json":{"title":"Laga skadad sprinklertank med epoxi | Cistern Solutions Sweden","description":"Det g\u00e5r att laga en skadad sprinklertank! Vi har m\u00e5nga \u00e5rs erfarenhet av att lagar skadade sprinklertankar med armerad epoxi. L\u00e4s mer ...","robots":{"index":"index","follow":"follow","max-snippet":"max-snippet:-1","max-image-preview":"max-image-preview:large","max-video-preview":"max-video-preview:-1"},"canonical":"https:\/\/cisternsolutions.eu\/sv\/skadad-sprinklertank\/","og_locale":"sv_SE","og_type":"article","og_title":"Laga skadad sprinklertank med epoxi | Cistern Solutions Sweden","og_description":"Det g\u00e5r att laga en skadad sprinklertank! Vi har m\u00e5nga \u00e5rs erfarenhet av att lagar skadade sprinklertankar med armerad epoxi. L\u00e4s mer ...","og_url":"https:\/\/cisternsolutions.eu\/sv\/skadad-sprinklertank\/","og_site_name":"Cistern Solutions Sweden","article_modified_time":"2024-07-02T13:35:46+00:00","og_image":[{"url":"https:\/\/cisternsolutions.eu\/wp-content\/uploads\/2024\/02\/korrosion_i_tank_03.jpg","type":"","width":"","height":""}],"twitter_card":"summary_large_image","twitter_misc":{"Ber\u00e4knad l\u00e4stid":"5 minuter"},"schema":{"@context":"https:\/\/schema.org","@graph":[{"@type":"WebPage","@id":"https:\/\/cisternsolutions.eu\/sv\/skadad-sprinklertank\/","url":"https:\/\/cisternsolutions.eu\/sv\/skadad-sprinklertank\/","name":"Laga skadad sprinklertank med epoxi | Cistern Solutions Sweden","isPartOf":{"@id":"https:\/\/cisternsolutions.eu\/sv\/#website"},"primaryImageOfPage":{"@id":"https:\/\/cisternsolutions.eu\/sv\/skadad-sprinklertank\/#primaryimage"},"image":{"@id":"https:\/\/cisternsolutions.eu\/sv\/skadad-sprinklertank\/#primaryimage"},"thumbnailUrl":"https:\/\/cisternsolutions.eu\/wp-content\/uploads\/2024\/02\/korrosion_i_tank_03.jpg","datePublished":"2024-03-05T14:06:53+00:00","dateModified":"2024-07-02T13:35:46+00:00","description":"Det g\u00e5r att laga en skadad sprinklertank! Vi har m\u00e5nga \u00e5rs erfarenhet av att lagar skadade sprinklertankar med armerad epoxi. L\u00e4s mer ...","breadcrumb":{"@id":"https:\/\/cisternsolutions.eu\/sv\/skadad-sprinklertank\/#breadcrumb"},"inLanguage":"sv-SE","potentialAction":[{"@type":"ReadAction","target":["https:\/\/cisternsolutions.eu\/sv\/skadad-sprinklertank\/"]}]},{"@type":"ImageObject","inLanguage":"sv-SE","@id":"https:\/\/cisternsolutions.eu\/sv\/skadad-sprinklertank\/#primaryimage","url":"https:\/\/cisternsolutions.eu\/wp-content\/uploads\/2024\/02\/korrosion_i_tank_03.jpg","contentUrl":"https:\/\/cisternsolutions.eu\/wp-content\/uploads\/2024\/02\/korrosion_i_tank_03.jpg"},{"@type":"BreadcrumbList","@id":"https:\/\/cisternsolutions.eu\/sv\/skadad-sprinklertank\/#breadcrumb","itemListElement":[{"@type":"ListItem","position":1,"name":"Hem","item":"https:\/\/cisternsolutions.eu\/sv\/"},{"@type":"ListItem","position":2,"name":"Skadad sprinklertank"}]},{"@type":"WebSite","@id":"https:\/\/cisternsolutions.eu\/sv\/#website","url":"https:\/\/cisternsolutions.eu\/sv\/","name":"Cistern Solutions Sweden","description":"Cistern Solutions Sweden","publisher":{"@id":"https:\/\/cisternsolutions.eu\/sv\/#organization"},"potentialAction":[{"@type":"SearchAction","target":{"@type":"EntryPoint","urlTemplate":"https:\/\/cisternsolutions.eu\/sv\/?s={search_term_string}"},"query-input":{"@type":"PropertyValueSpecification","valueRequired":true,"valueName":"search_term_string"}}],"inLanguage":"sv-SE"},{"@type":"Organization","@id":"https:\/\/cisternsolutions.eu\/sv\/#organization","name":"| Cistern Solutions Sweden AB","url":"https:\/\/cisternsolutions.eu\/sv\/","logo":{"@type":"ImageObject","inLanguage":"sv-SE","@id":"https:\/\/cisternsolutions.eu\/sv\/#\/schema\/logo\/image\/","url":"https:\/\/cisternsolutions.eu\/wp-content\/uploads\/2023\/11\/CisternSolutions_orginal-logo.png","contentUrl":"https:\/\/cisternsolutions.eu\/wp-content\/uploads\/2023\/11\/CisternSolutions_orginal-logo.png","width":1045,"height":293,"caption":"| Cistern Solutions Sweden AB"},"image":{"@id":"https:\/\/cisternsolutions.eu\/sv\/#\/schema\/logo\/image\/"}}]}},"_links":{"self":[{"href":"https:\/\/cisternsolutions.eu\/sv\/wp-json\/wp\/v2\/pages\/5137","targetHints":{"allow":["GET"]}}],"collection":[{"href":"https:\/\/cisternsolutions.eu\/sv\/wp-json\/wp\/v2\/pages"}],"about":[{"href":"https:\/\/cisternsolutions.eu\/sv\/wp-json\/wp\/v2\/types\/page"}],"author":[{"embeddable":true,"href":"https:\/\/cisternsolutions.eu\/sv\/wp-json\/wp\/v2\/users\/4"}],"replies":[{"embeddable":true,"href":"https:\/\/cisternsolutions.eu\/sv\/wp-json\/wp\/v2\/comments?post=5137"}],"version-history":[{"count":12,"href":"https:\/\/cisternsolutions.eu\/sv\/wp-json\/wp\/v2\/pages\/5137\/revisions"}],"predecessor-version":[{"id":6667,"href":"https:\/\/cisternsolutions.eu\/sv\/wp-json\/wp\/v2\/pages\/5137\/revisions\/6667"}],"wp:attachment":[{"href":"https:\/\/cisternsolutions.eu\/sv\/wp-json\/wp\/v2\/media?parent=5137"}],"curies":[{"name":"wp","href":"https:\/\/api.w.org\/{rel}","templated":true}]}}