{"id":5111,"date":"2024-03-05T14:36:38","date_gmt":"2024-03-05T13:36:38","guid":{"rendered":"https:\/\/cisternsolutions.eu\/?page_id=5111"},"modified":"2025-11-25T11:34:48","modified_gmt":"2025-11-25T10:34:48","slug":"sprinklertankar","status":"publish","type":"page","link":"https:\/\/cisternsolutions.eu\/sv\/sprinklertankar\/","title":{"rendered":"Sprinklertankar"},"content":{"rendered":"\r\n<h1>Sprinklertankar<\/h1>\r\n<p>&#8211; en central del i brandskyddet<\/p>\r\n<h2>H\u00e5ll sprinklertanken i gott skick<\/h2>\r\n<p>Sprinklertankar finns \u00f6verallt &#8211; vid industrifastigheter, varuhus, lagerlokaler och andra byggnader d\u00e4r man vill ha ett gott brandskydd. De finns i ett stort antal olika utf\u00f6randen n\u00e4r det g\u00e4ller material i v\u00e4ggar, isolering eller fasadbekl\u00e4dnad. Det finns sprinklertankar i plast och st\u00e5lpl\u00e5t, de kan vara runda eller fyrkantiga. En del \u00e4r isolerade och st\u00e5r utomhus ovan jord, andra \u00e4r oisolerade och st\u00e5r inomhus. Vid k\u00f6pcenter \u00e4r det inte ovanligt att sprinklertanken \u00e4r nedgr\u00e4vd under byggnaden.<\/p>\r\n<p>Gemensamt \u00e4r att de m\u00e5ste uppfylla kraven f\u00f6r ISO 6182-1:2021. Den dag det verkligen g\u00e4ller m\u00e5ste en sprinklertank kunna leverera.\u00a0\u00c4r du s\u00e4ker p\u00e5 att din sprinklertank levererar?<\/p>\r\n<p><em>*) Observera att alla h\u00e4nvisningar till regelverk, lagar och myndigheter p\u00e5 hemsidan g\u00e4ller Sverige och svenska f\u00f6rh\u00e5llanden.\u00a0<\/em><\/p>\r\n<h3>Kontakta mig!<\/h3>\r\n<form id=\"fluentform_8\" method=\"POST\" data-form_id=\"8\" data-form_instance=\"ff_form_instance_8_1\" data-recptcha_key=\"6LclVsMpAAAAALbQlfjI40nUI01kkMo-WKOg0nvc\"><fieldset><legend>Snabbkontakt &#8211; SE<\/legend><input name=\"__fluent_form_embded_post_id\" type=\"hidden\" value=\"5111\" \/><input id=\"_fluentform_8_fluentformnonce\" name=\"_fluentform_8_fluentformnonce\" type=\"hidden\" value=\"08da1cd4b5\" \/><input name=\"_wp_http_referer\" type=\"hidden\" value=\"\/sv\/?page_id=5111&amp;fl_builder\" \/><input id=\"ff_8_names_first_name_\" name=\"names[first_name]\" type=\"text\" placeholder=\"F\u00f6r- och efternamn\" aria-invalid=\"false\" aria-required=\"true\/\" \/><input id=\"ff_8_email\" name=\"email\" type=\"email\" placeholder=\"Min mejladress\" data-name=\"email\" aria-invalid=\"false\" aria-required=\"true\/\" \/><textarea id=\"ff_8_message\" cols=\"2\" name=\"message\" rows=\"1\" placeholder=\"Kontakta mig ang\u00e5ende ...\" aria-invalid=\"false\" aria-required=\"true\" data-name=\"message\"><\/textarea><label class=\"ff-el-form-check-label ff_tc_label\" for=\"gdpr-agreement_fe23bb8ddc68a3df7f850e8c349582b5\" aria-label=\"terms &amp; conditions\"><input id=\"gdpr-agreement_fe23bb8ddc68a3df7f850e8c349582b5\" name=\"gdpr-agreement\" type=\"checkbox\" value=\"on\" data-name=\"gdpr-agreement\" aria-invalid=\"false\" aria-required=\"true\/\" \/> Jag samtycker till att denna webbplats lagrar min inl\u00e4mnade information s\u00e5 att de kan svara p\u00e5 min f\u00f6rfr\u00e5gan. Informationen lagras i 1 \u00e5r. <\/label><button type=\"submit\">Skicka<\/button><\/fieldset><\/form>\r\n<h3>Vanliga problem:<\/h3>\r\n<ul>\r\n<li>Korrosion<\/li>\r\n<li>Sediment i botten<\/li>\r\n<li>L\u00e4ckage<\/li>\r\n<\/ul>\r\n<h2>Vanliga problem med sprinklertankar<\/h2>\r\n<p><img decoding=\"async\" title=\"korrosion_i_tank_02\" src=\"https:\/\/cisternsolutions.eu\/wp-content\/uploads\/2024\/02\/korrosion_i_tank_02.jpg\" sizes=\"(max-width: 700px) 100vw, 700px\" srcset=\"https:\/\/cisternsolutions.eu\/wp-content\/uploads\/2024\/02\/korrosion_i_tank_02.jpg 700w, https:\/\/cisternsolutions.eu\/wp-content\/uploads\/2024\/02\/korrosion_i_tank_02-300x171.jpg 300w\" alt=\"korrosion_i_tank_02\" width=\"700\" height=\"400\" \/><\/p>\r\n<p>En sprinklertank \u00e4r en n\u00f6dv\u00e4ndig komponent i varje brandskyddssystem. Det \u00e4r sj\u00e4lvklart. \u00c4nd\u00e5 \u00e4r det l\u00e4tt att tillsyn och underh\u00e5ll av sprinklertankar hamnar i skymundan. Lagen kr\u00e4ver bara att tankarna besiktigas vart 10:e \u00e5r. Det \u00e4r ett v\u00e4ldigt l\u00e5ngt intervall, om sprinklertanken angrips av rost.<\/p>\r\n<p>Ett vanligt problem \u00e4r korrosion. Korrosion kan ge strukturella skador p\u00e5 tanken som g\u00f6r den instabil och rent av farlig.<\/p>\r\n<p>F\u00e5r rosten h\u00e4rja fritt kan det g\u00e5 h\u00e5l i tanken och l\u00e4ckaget \u00e4r ett faktum. Om tanken st\u00e5r ute kanske vattenl\u00e4ckan inte orsakar s\u00e5 stora skador. Men finns tillr\u00e4ckligt med vatten kvar f\u00f6r att sl\u00e4cka en brand?<\/p>\r\n<p>En l\u00e4ckande sprinklertank inomhus kan ge dyra vattenskador. I v\u00e4rsta fall kanske det inte g\u00e5r att anv\u00e4nda lokalen under en tid, n\u00e5got som ocks\u00e5 kan vara kostsamt.<\/p>\r\n<p>Ett annat problem \u00e4r sediment och skr\u00e4p som samlas i botten p\u00e5 tanken. Om larmet g\u00e5r och sprinklersystemet aktiveras finns en stor risk att sedimentet sugs in och blockerar vattentillf\u00f6rseln.<\/p>\r\n<h2>Vad orsakar problem i sprinklertankar<\/h2>\r\n<p><img decoding=\"async\" title=\"galvanisk-korrosion_01\" src=\"https:\/\/cisternsolutions.eu\/wp-content\/uploads\/2024\/03\/galvanisk-korrosion_01.jpg\" sizes=\"(max-width: 700px) 100vw, 700px\" srcset=\"https:\/\/cisternsolutions.eu\/wp-content\/uploads\/2024\/03\/galvanisk-korrosion_01.jpg 700w, https:\/\/cisternsolutions.eu\/wp-content\/uploads\/2024\/03\/galvanisk-korrosion_01-300x171.jpg 300w\" alt=\"galvanisk-korrosion_01\" width=\"700\" height=\"400\" \/><\/p>\r\n<p>B\u00e5de tankens konstruktion och vattnet i den, kan bidra till korrosion och sediment.<\/p>\r\n<p>Rostfria r\u00f6r i en sprinklertank av st\u00e5lpl\u00e5t kan till exempel ge upphov till galvanisk korrosion. Surt regnvatten kan s\u00e4nka vattnets pH-v\u00e4rde och \u00f6kar risken f\u00f6r korrosion.<\/p>\r\n<p>Vatten med h\u00f6g syrehalt kan ocks\u00e5 p\u00e5skynda korrosion. Om vattnet i tanken kommer fr\u00e5n en sj\u00f6 eller det kommunala vattenn\u00e4tet har det en relativt h\u00f6g syrehalt. Finns det dessutom mikroorganismer i vattnet \u00f6kar risken f\u00f6r mikrobiell tillv\u00e4xt. Bakterier och alger trivs som bekant i fuktiga och m\u00f6rka milj\u00f6er.<\/p>\r\n<h2>Vi kan renovera din sprinklertank<\/h2>\r\n<p>F\u00f6r att undvika korrosion och l\u00e4ckage \u00e4r det viktigt med regelbundna och t\u00e4ta inspektioner. Med hj\u00e4lp av en undervattensdr\u00f6nare f\u00e5r vi en bra \u00f6verblick av tankens kondition utan att beh\u00f6va t\u00f6mma den.<\/p>\r\n<p>Om sprinklertanken \u00e4r skadad kan den vi ge den ett nytt liv med hj\u00e4lp av armerad epoxi. Bel\u00e4ggningen skyddar st\u00e5lpl\u00e5ten fr\u00e5n vattnet. Epoxibel\u00e4ggningen st\u00e4rker ocks\u00e5 konstruktionen. I princip f\u00e5r du en ny tank inuti den gamla som kommer att h\u00e5lla under mycket l\u00e5ng tid.<\/p>\r\n<p>P\u00e5 Cistern Solutions Sweden kan vi ocks\u00e5 fixa andra skador p\u00e5 eller i anslutning till sprinklertanken.<\/p>\r\n<p><strong>F\u00f6rs\u00e4kra dig om ett s\u00e4kert brandskydd genom att h\u00e5lla sprinklertanken i gott skick. Kontakta oss g\u00e4rna f\u00f6r en inspektion och f\u00f6rslag p\u00e5 \u00e5tg\u00e4rder.<\/strong><\/p>\r\n<h3>Jag vill veta mer om renovering av sprinklertankar<\/h3>\r\n<form id=\"fluentform_1\" method=\"POST\" data-form_id=\"1\" data-form_instance=\"ff_form_instance_1_2\" data-recptcha_key=\"6LclVsMpAAAAALbQlfjI40nUI01kkMo-WKOg0nvc\"><fieldset><legend>Kontaktformul\u00e4r &#8211; SE<\/legend><input name=\"__fluent_form_embded_post_id\" type=\"hidden\" value=\"5111\" \/><input id=\"_fluentform_1_fluentformnonce\" name=\"_fluentform_1_fluentformnonce\" type=\"hidden\" value=\"08da1cd4b5\" \/><input name=\"_wp_http_referer\" type=\"hidden\" value=\"\/sv\/?page_id=5111&amp;fl_builder\" \/><label for=\"ff_1_2_names_first_name_\" aria-label=\"Jag heter ...\">Jag heter &#8230;<\/label><input id=\"ff_1_2_names_first_name_\" name=\"names[first_name]\" type=\"text\" placeholder=\"F\u00f6r- och efternamn\" aria-invalid=\"false\" aria-required=\"true\/\" \/><label for=\"ff_1_2_input_text\" aria-label=\"F\u00f6retag\">F\u00f6retag<\/label><input id=\"ff_1_2_input_text\" name=\"input_text\" type=\"text\" placeholder=\"Jag jobbar ...\" data-name=\"input_text\" aria-invalid=\"false\" aria-required=\"true\/\" \/><label for=\"ff_1_2_email\" aria-label=\"Mejladress\">Mejladress<\/label><input id=\"ff_1_2_email\" name=\"email\" type=\"email\" placeholder=\"Mejla till mig p\u00e5 ...\" data-name=\"email\" aria-invalid=\"false\" aria-required=\"true\/\" \/><label for=\"ff_1_2_phone\" aria-label=\"Telefonnummer\">Telefonnummer<\/label><input id=\"ff_1_2_phone\" name=\"phone\" type=\"tel\" placeholder=\"Mitt nummer ...\" data-name=\"phone\" aria-invalid=\"false\" aria-required=\"true\/\" \/><label for=\"ff_1_2_subject\" aria-label=\"\u00c4mne\">\u00c4mne<\/label><input id=\"ff_1_2_subject\" name=\"subject\" type=\"text\" placeholder=\"Jag \u00e4r intresserad av ....\" data-name=\"subject\" aria-invalid=\"false\" aria-required=\"true\/\" \/><label aria-label=\"Typ av tank\">Typ av tank<\/label><label class=\"ff-el-form-check-label\" for=\"checkbox_1_832acee598c9c467f4a77edfe46c1713\"><input id=\"checkbox_1_832acee598c9c467f4a77edfe46c1713\" name=\"checkbox_1[]\" type=\"checkbox\" value=\"Sprinklertank\" data-name=\"checkbox_1\" aria-label=\"Sprinklertank\" aria-invalid=\"false\" aria-required=\"false\/\" \/> Sprinklertank<\/label><label class=\"ff-el-form-check-label\" for=\"checkbox_1_5a75b00ce767d5de7b48ca6646a7ed9f\"><input id=\"checkbox_1_5a75b00ce767d5de7b48ca6646a7ed9f\" name=\"checkbox_1[]\" type=\"checkbox\" value=\"Processtank\" data-name=\"checkbox_1\" aria-label=\"Processtank\" aria-invalid=\"false\" aria-required=\"false\/\" \/> Processtank<\/label><label class=\"ff-el-form-check-label\" for=\"checkbox_1_ac54bf9e6eb430fcc4ca7e2bf4b8825d\"><input id=\"checkbox_1_ac54bf9e6eb430fcc4ca7e2bf4b8825d\" name=\"checkbox_1[]\" type=\"checkbox\" value=\"Annan tank\" data-name=\"checkbox_1\" aria-label=\"Annan tank\" aria-invalid=\"false\" aria-required=\"false\/\" \/> Annan tank<\/label><label aria-label=\"Tj\u00e4nst \">Tj\u00e4nst <\/label><label class=\"ff-el-form-check-label\" for=\"checkbox_7b6b279ef19075651bea60a0cecedaf8\"><input id=\"checkbox_7b6b279ef19075651bea60a0cecedaf8\" name=\"checkbox[]\" type=\"checkbox\" value=\"Inspektion\" data-name=\"checkbox\" aria-label=\"Inspektion\" aria-invalid=\"false\" aria-required=\"false\/\" \/> Inspektion<\/label><label class=\"ff-el-form-check-label\" for=\"checkbox_ea0bd04b305455163a2cbe713ff8730d\"><input id=\"checkbox_ea0bd04b305455163a2cbe713ff8730d\" name=\"checkbox[]\" type=\"checkbox\" value=\"Renovering\" data-name=\"checkbox\" aria-label=\"Renovering\" aria-invalid=\"false\" aria-required=\"false\/\" \/> Renovering<\/label><label class=\"ff-el-form-check-label\" for=\"checkbox_b8239716aa6a6ebfede79b2de5f6d3a3\"><input id=\"checkbox_b8239716aa6a6ebfede79b2de5f6d3a3\" name=\"checkbox[]\" type=\"checkbox\" value=\"Annant\" data-name=\"checkbox\" aria-label=\"Annant\" aria-invalid=\"false\" aria-required=\"false\/\" \/> Annant<\/label><label for=\"ff_1_2_multi_select_1\" aria-label=\"Antal tankar\">Antal tankar<\/label><select id=\"ff_1_2_multi_select_1\" multiple=\"multiple\" name=\"multi_select_1[]\" data-name=\"multi_select_1\" data-calc_value=\"0\" aria-invalid=\"false\" aria-required=\"false\">\r\n<option value=\"\">Antal tankar<\/option>\r\n<option value=\"0\">0<\/option>\r\n<option value=\"1\">1<\/option>\r\n<option value=\"2\">2<\/option>\r\n<option value=\"3\">3<\/option>\r\n<option value=\"4\">4<\/option>\r\n<option value=\"5\">5<\/option>\r\n<option value=\"6\">6<\/option>\r\n<option value=\"7\">7<\/option>\r\n<option value=\"8\">8<\/option>\r\n<option value=\"9\">9<\/option>\r\n<option value=\"10 eller fler\">10 eller fler<\/option>\r\n<\/select><label for=\"ff_1_2_message\" aria-label=\"Meddelande\">Meddelande<\/label><textarea id=\"ff_1_2_message\" cols=\"2\" name=\"message\" rows=\"4\" placeholder=\"Ytterligare fr\u00e5gor eller kommentarer ....\" aria-invalid=\"false\" aria-required=\"true\" data-name=\"message\"><\/textarea><label class=\"ff-el-form-check-label ff_tc_label\" for=\"gdpr-agreement_9b022943d049ab7fae3991e35bfd6220\" aria-label=\"terms &amp; conditions\"><input id=\"gdpr-agreement_9b022943d049ab7fae3991e35bfd6220\" name=\"gdpr-agreement\" type=\"checkbox\" value=\"on\" data-name=\"gdpr-agreement\" aria-invalid=\"false\" aria-required=\"true\/\" \/> Jag samtycker till att denna webbplats lagrar min inl\u00e4mnade information s\u00e5 att de kan svara p\u00e5 min f\u00f6rfr\u00e5gan. Informationen lagras i 1 \u00e5r. <\/label><button type=\"submit\">Skicka<\/button><\/fieldset><\/form>","protected":false},"excerpt":{"rendered":"<p>Sprinklertankar m\u00e5ste fungera om det b\u00f6rjar brinna. Inspektera ofta f\u00f6r att s\u00e4kra branddkyddet.<\/p>\n","protected":false},"author":4,"featured_media":5255,"parent":0,"menu_order":0,"comment_status":"closed","ping_status":"closed","template":"","meta":{"footnotes":""},"class_list":["post-5111","page","type-page","status-publish","has-post-thumbnail"],"yoast_head":"<!-- This site is optimized with the Yoast SEO plugin v27.4 - https:\/\/yoast.com\/product\/yoast-seo-wordpress\/ -->\n<title>Sprinklertankar, centrala i brandskyddet | Cistern Solutions Sweden<\/title>\n<meta name=\"description\" content=\"Sprinklertankar \u00e4r oumb\u00e4rliga f\u00f6r ett s\u00e4kert brandskydd. H\u00e5ll sprinklertanken i gott skick genom att inspektera ofta! S\u00e5 hj\u00e4lper vi dig ...\" \/>\n<meta name=\"robots\" content=\"index, follow, max-snippet:-1, max-image-preview:large, max-video-preview:-1\" \/>\n<link rel=\"canonical\" href=\"https:\/\/cisternsolutions.eu\/sv\/sprinklertankar\/\" \/>\n<meta property=\"og:locale\" content=\"sv_SE\" \/>\n<meta property=\"og:type\" content=\"article\" \/>\n<meta property=\"og:title\" content=\"Sprinklertankar, centrala i brandskyddet | Cistern Solutions Sweden\" \/>\n<meta property=\"og:description\" content=\"Sprinklertankar \u00e4r oumb\u00e4rliga f\u00f6r ett s\u00e4kert brandskydd. H\u00e5ll sprinklertanken i gott skick genom att inspektera ofta! S\u00e5 hj\u00e4lper vi dig ...\" \/>\n<meta property=\"og:url\" content=\"https:\/\/cisternsolutions.eu\/sv\/sprinklertankar\/\" \/>\n<meta property=\"og:site_name\" content=\"Cistern Solutions Sweden\" \/>\n<meta property=\"article:modified_time\" content=\"2025-11-25T10:34:48+00:00\" \/>\n<meta property=\"og:image\" content=\"https:\/\/cisternsolutions.eu\/wp-content\/uploads\/2024\/03\/sprinklertankar.jpg\" \/>\n\t<meta property=\"og:image:width\" content=\"1920\" \/>\n\t<meta property=\"og:image:height\" content=\"526\" \/>\n\t<meta property=\"og:image:type\" content=\"image\/jpeg\" \/>\n<meta name=\"twitter:card\" content=\"summary_large_image\" \/>\n<meta name=\"twitter:label1\" content=\"Ber\u00e4knad l\u00e4stid\" \/>\n\t<meta name=\"twitter:data1\" content=\"4 minuter\" \/>\n<script type=\"application\/ld+json\" class=\"yoast-schema-graph\">{\"@context\":\"https:\\\/\\\/schema.org\",\"@graph\":[{\"@type\":\"WebPage\",\"@id\":\"https:\\\/\\\/cisternsolutions.eu\\\/sv\\\/sprinklertankar\\\/\",\"url\":\"https:\\\/\\\/cisternsolutions.eu\\\/sv\\\/sprinklertankar\\\/\",\"name\":\"Sprinklertankar, centrala i brandskyddet | Cistern Solutions Sweden\",\"isPartOf\":{\"@id\":\"https:\\\/\\\/cisternsolutions.eu\\\/sv\\\/#website\"},\"primaryImageOfPage\":{\"@id\":\"https:\\\/\\\/cisternsolutions.eu\\\/sv\\\/sprinklertankar\\\/#primaryimage\"},\"image\":{\"@id\":\"https:\\\/\\\/cisternsolutions.eu\\\/sv\\\/sprinklertankar\\\/#primaryimage\"},\"thumbnailUrl\":\"https:\\\/\\\/cisternsolutions.eu\\\/wp-content\\\/uploads\\\/2024\\\/03\\\/sprinklertankar.jpg\",\"datePublished\":\"2024-03-05T13:36:38+00:00\",\"dateModified\":\"2025-11-25T10:34:48+00:00\",\"description\":\"Sprinklertankar \u00e4r oumb\u00e4rliga f\u00f6r ett s\u00e4kert brandskydd. H\u00e5ll sprinklertanken i gott skick genom att inspektera ofta! S\u00e5 hj\u00e4lper vi dig ...\",\"breadcrumb\":{\"@id\":\"https:\\\/\\\/cisternsolutions.eu\\\/sv\\\/sprinklertankar\\\/#breadcrumb\"},\"inLanguage\":\"sv-SE\",\"potentialAction\":[{\"@type\":\"ReadAction\",\"target\":[\"https:\\\/\\\/cisternsolutions.eu\\\/sv\\\/sprinklertankar\\\/\"]}]},{\"@type\":\"ImageObject\",\"inLanguage\":\"sv-SE\",\"@id\":\"https:\\\/\\\/cisternsolutions.eu\\\/sv\\\/sprinklertankar\\\/#primaryimage\",\"url\":\"https:\\\/\\\/cisternsolutions.eu\\\/wp-content\\\/uploads\\\/2024\\\/03\\\/sprinklertankar.jpg\",\"contentUrl\":\"https:\\\/\\\/cisternsolutions.eu\\\/wp-content\\\/uploads\\\/2024\\\/03\\\/sprinklertankar.jpg\",\"width\":1920,\"height\":526},{\"@type\":\"BreadcrumbList\",\"@id\":\"https:\\\/\\\/cisternsolutions.eu\\\/sv\\\/sprinklertankar\\\/#breadcrumb\",\"itemListElement\":[{\"@type\":\"ListItem\",\"position\":1,\"name\":\"Hem\",\"item\":\"https:\\\/\\\/cisternsolutions.eu\\\/sv\\\/\"},{\"@type\":\"ListItem\",\"position\":2,\"name\":\"Sprinklertankar\"}]},{\"@type\":\"WebSite\",\"@id\":\"https:\\\/\\\/cisternsolutions.eu\\\/sv\\\/#website\",\"url\":\"https:\\\/\\\/cisternsolutions.eu\\\/sv\\\/\",\"name\":\"Cistern Solutions Sweden\",\"description\":\"Cistern Solutions Sweden\",\"publisher\":{\"@id\":\"https:\\\/\\\/cisternsolutions.eu\\\/sv\\\/#organization\"},\"potentialAction\":[{\"@type\":\"SearchAction\",\"target\":{\"@type\":\"EntryPoint\",\"urlTemplate\":\"https:\\\/\\\/cisternsolutions.eu\\\/sv\\\/?s={search_term_string}\"},\"query-input\":{\"@type\":\"PropertyValueSpecification\",\"valueRequired\":true,\"valueName\":\"search_term_string\"}}],\"inLanguage\":\"sv-SE\"},{\"@type\":\"Organization\",\"@id\":\"https:\\\/\\\/cisternsolutions.eu\\\/sv\\\/#organization\",\"name\":\"| Cistern Solutions Sweden AB\",\"url\":\"https:\\\/\\\/cisternsolutions.eu\\\/sv\\\/\",\"logo\":{\"@type\":\"ImageObject\",\"inLanguage\":\"sv-SE\",\"@id\":\"https:\\\/\\\/cisternsolutions.eu\\\/sv\\\/#\\\/schema\\\/logo\\\/image\\\/\",\"url\":\"https:\\\/\\\/cisternsolutions.eu\\\/wp-content\\\/uploads\\\/2023\\\/11\\\/CisternSolutions_orginal-logo.png\",\"contentUrl\":\"https:\\\/\\\/cisternsolutions.eu\\\/wp-content\\\/uploads\\\/2023\\\/11\\\/CisternSolutions_orginal-logo.png\",\"width\":1045,\"height\":293,\"caption\":\"| Cistern Solutions Sweden AB\"},\"image\":{\"@id\":\"https:\\\/\\\/cisternsolutions.eu\\\/sv\\\/#\\\/schema\\\/logo\\\/image\\\/\"}}]}<\/script>\n<!-- \/ Yoast SEO plugin. -->","yoast_head_json":{"title":"Sprinklertankar, centrala i brandskyddet | Cistern Solutions Sweden","description":"Sprinklertankar \u00e4r oumb\u00e4rliga f\u00f6r ett s\u00e4kert brandskydd. H\u00e5ll sprinklertanken i gott skick genom att inspektera ofta! S\u00e5 hj\u00e4lper vi dig ...","robots":{"index":"index","follow":"follow","max-snippet":"max-snippet:-1","max-image-preview":"max-image-preview:large","max-video-preview":"max-video-preview:-1"},"canonical":"https:\/\/cisternsolutions.eu\/sv\/sprinklertankar\/","og_locale":"sv_SE","og_type":"article","og_title":"Sprinklertankar, centrala i brandskyddet | Cistern Solutions Sweden","og_description":"Sprinklertankar \u00e4r oumb\u00e4rliga f\u00f6r ett s\u00e4kert brandskydd. H\u00e5ll sprinklertanken i gott skick genom att inspektera ofta! S\u00e5 hj\u00e4lper vi dig ...","og_url":"https:\/\/cisternsolutions.eu\/sv\/sprinklertankar\/","og_site_name":"Cistern Solutions Sweden","article_modified_time":"2025-11-25T10:34:48+00:00","og_image":[{"width":1920,"height":526,"url":"https:\/\/cisternsolutions.eu\/wp-content\/uploads\/2024\/03\/sprinklertankar.jpg","type":"image\/jpeg"}],"twitter_card":"summary_large_image","twitter_misc":{"Ber\u00e4knad l\u00e4stid":"4 minuter"},"schema":{"@context":"https:\/\/schema.org","@graph":[{"@type":"WebPage","@id":"https:\/\/cisternsolutions.eu\/sv\/sprinklertankar\/","url":"https:\/\/cisternsolutions.eu\/sv\/sprinklertankar\/","name":"Sprinklertankar, centrala i brandskyddet | Cistern Solutions Sweden","isPartOf":{"@id":"https:\/\/cisternsolutions.eu\/sv\/#website"},"primaryImageOfPage":{"@id":"https:\/\/cisternsolutions.eu\/sv\/sprinklertankar\/#primaryimage"},"image":{"@id":"https:\/\/cisternsolutions.eu\/sv\/sprinklertankar\/#primaryimage"},"thumbnailUrl":"https:\/\/cisternsolutions.eu\/wp-content\/uploads\/2024\/03\/sprinklertankar.jpg","datePublished":"2024-03-05T13:36:38+00:00","dateModified":"2025-11-25T10:34:48+00:00","description":"Sprinklertankar \u00e4r oumb\u00e4rliga f\u00f6r ett s\u00e4kert brandskydd. H\u00e5ll sprinklertanken i gott skick genom att inspektera ofta! S\u00e5 hj\u00e4lper vi dig ...","breadcrumb":{"@id":"https:\/\/cisternsolutions.eu\/sv\/sprinklertankar\/#breadcrumb"},"inLanguage":"sv-SE","potentialAction":[{"@type":"ReadAction","target":["https:\/\/cisternsolutions.eu\/sv\/sprinklertankar\/"]}]},{"@type":"ImageObject","inLanguage":"sv-SE","@id":"https:\/\/cisternsolutions.eu\/sv\/sprinklertankar\/#primaryimage","url":"https:\/\/cisternsolutions.eu\/wp-content\/uploads\/2024\/03\/sprinklertankar.jpg","contentUrl":"https:\/\/cisternsolutions.eu\/wp-content\/uploads\/2024\/03\/sprinklertankar.jpg","width":1920,"height":526},{"@type":"BreadcrumbList","@id":"https:\/\/cisternsolutions.eu\/sv\/sprinklertankar\/#breadcrumb","itemListElement":[{"@type":"ListItem","position":1,"name":"Hem","item":"https:\/\/cisternsolutions.eu\/sv\/"},{"@type":"ListItem","position":2,"name":"Sprinklertankar"}]},{"@type":"WebSite","@id":"https:\/\/cisternsolutions.eu\/sv\/#website","url":"https:\/\/cisternsolutions.eu\/sv\/","name":"Cistern Solutions Sweden","description":"Cistern Solutions Sweden","publisher":{"@id":"https:\/\/cisternsolutions.eu\/sv\/#organization"},"potentialAction":[{"@type":"SearchAction","target":{"@type":"EntryPoint","urlTemplate":"https:\/\/cisternsolutions.eu\/sv\/?s={search_term_string}"},"query-input":{"@type":"PropertyValueSpecification","valueRequired":true,"valueName":"search_term_string"}}],"inLanguage":"sv-SE"},{"@type":"Organization","@id":"https:\/\/cisternsolutions.eu\/sv\/#organization","name":"| Cistern Solutions Sweden AB","url":"https:\/\/cisternsolutions.eu\/sv\/","logo":{"@type":"ImageObject","inLanguage":"sv-SE","@id":"https:\/\/cisternsolutions.eu\/sv\/#\/schema\/logo\/image\/","url":"https:\/\/cisternsolutions.eu\/wp-content\/uploads\/2023\/11\/CisternSolutions_orginal-logo.png","contentUrl":"https:\/\/cisternsolutions.eu\/wp-content\/uploads\/2023\/11\/CisternSolutions_orginal-logo.png","width":1045,"height":293,"caption":"| Cistern Solutions Sweden AB"},"image":{"@id":"https:\/\/cisternsolutions.eu\/sv\/#\/schema\/logo\/image\/"}}]}},"_links":{"self":[{"href":"https:\/\/cisternsolutions.eu\/sv\/wp-json\/wp\/v2\/pages\/5111","targetHints":{"allow":["GET"]}}],"collection":[{"href":"https:\/\/cisternsolutions.eu\/sv\/wp-json\/wp\/v2\/pages"}],"about":[{"href":"https:\/\/cisternsolutions.eu\/sv\/wp-json\/wp\/v2\/types\/page"}],"author":[{"embeddable":true,"href":"https:\/\/cisternsolutions.eu\/sv\/wp-json\/wp\/v2\/users\/4"}],"replies":[{"embeddable":true,"href":"https:\/\/cisternsolutions.eu\/sv\/wp-json\/wp\/v2\/comments?post=5111"}],"version-history":[{"count":30,"href":"https:\/\/cisternsolutions.eu\/sv\/wp-json\/wp\/v2\/pages\/5111\/revisions"}],"predecessor-version":[{"id":7096,"href":"https:\/\/cisternsolutions.eu\/sv\/wp-json\/wp\/v2\/pages\/5111\/revisions\/7096"}],"wp:featuredmedia":[{"embeddable":true,"href":"https:\/\/cisternsolutions.eu\/sv\/wp-json\/wp\/v2\/media\/5255"}],"wp:attachment":[{"href":"https:\/\/cisternsolutions.eu\/sv\/wp-json\/wp\/v2\/media?parent=5111"}],"curies":[{"name":"wp","href":"https:\/\/api.w.org\/{rel}","templated":true}]}}