{"id":4249,"date":"2023-12-07T17:00:29","date_gmt":"2023-12-07T16:00:29","guid":{"rendered":"https:\/\/cisternsolutions.eu\/?page_id=4249"},"modified":"2024-04-25T10:25:26","modified_gmt":"2024-04-25T08:25:26","slug":"om-oss","status":"publish","type":"page","link":"https:\/\/cisternsolutions.eu\/sv\/om-oss\/","title":{"rendered":"Om oss"},"content":{"rendered":"\n\n\t\t<h1>\n\t\t\tCistern Solutions Sweden\n\t\t<\/h1>\n\t\t\t<p>Vi ser till att din tank \u00e4r s\u00e4ker<\/p>\t\t\n<h2>\n\t\tRenovering av sprinklertankar \n\t<\/h2>\n\t<p><strong>Har du ansvar f\u00f6r en sprinklertank? Eller en tank med processvatten? Eller en cistern med kemikalier eller olja? Jobbar du med att besiktiga tankar och vill ha en samarbetspartner som kan ta vid och fixa brister du hittar? \u00c4r du i akut behov av att laga en tank som l\u00e4cker? D\u00e5 kan vi hj\u00e4lpa dig!\u00a0Vi \u00e4r n\u00e4mligen specialister p\u00e5 att renovera tankar och cisterner.<\/strong><\/p>\n\t<p>Cistern Solutions Sweden har sin grund i AJ Floor Solutions &#8211; ett f\u00f6retag som arbetat med epoxibel\u00e4ggning i olika sammanhang i \u00f6ver 40 \u00e5r. Ett av f\u00f6retagets specialomr\u00e5de var renovering av tankar. Under v\u00e5ra uppdrag de senaste \u00e5ren, har vi f\u00f6rst\u00e5tt att m\u00e5nga sprinklertankar runt om i Sverige har n\u00e4rmare 20 \u00e5r p\u00e5 nacken och \u00e4r i stort behov av renovering.<\/p>\n<p>Mot den bakgrunden har vi valt att bryta ut segmentet tankbel\u00e4ggning och starta ett nytt bolag d\u00e4r vi inriktar oss p\u00e5 att renovera tankar och cisterner. Sedan 2023 driver Ulf Johansson Cistern Solutions Sweden AB.<\/p>\n\t\t<h3>Tankar vi kan besiktiga och renovera:<\/h3>\n\t\t\t<ul><li>Sprinklertankar<\/li><li>Vattenreservoarer<\/li><li>Betongcisterner f\u00f6r t.ex. r\u00f6tslam<\/li><li>Kemikalietankar f\u00f6r t.ex. glukol<\/li><li>Oljetankar\u00a0<\/li><\/ul>\t\t\n<h3>\n\t\tF\u00f6rdelar med att fokusera p\u00e5 tankrenovering\n\t<\/h3>\n\t<p>Med ett arbetslag som fokuserar p\u00e5 epoxibel\u00e4ggning i tankar, kan vi utveckla och f\u00f6rb\u00e4ttra v\u00e5r metod \u00e4nnu mer. Den speciella arbetsmilj\u00f6n inneb\u00e4r att vi m\u00e5ste vara \u00e4nnu mer lyh\u00f6rda och flexibla. Du vill ju inte att vi st\u00f6r produktionen mer \u00e4n absolut n\u00f6dv\u00e4ndigt. Det \u00e4r ocks\u00e5 viktigt att du kan vara s\u00e4ker p\u00e5 att vi h\u00e5ller tidsplanen. Och sj\u00e4lvklart ska resultatet alltid vara en tank eller cistern som \u00e4r lika bra, eller b\u00e4ttre, \u00e4n den ursprungliga.<\/p>\n<h3>\n\t\tBesiktning och renovering av samma leverant\u00f6r\n\t<\/h3>\n\t<p>Visst uppskattar du att f\u00e5 problem som h\u00e4nger ihop l\u00f6sta av samma leverant\u00f6r? Eftersom en renovering alltid f\u00f6reg\u00e5s av n\u00e5gon form av besiktning &#8211; antingen en planerad eller en akut p.g.a. problem med tanken &#8211; har vi ut\u00f6kat v\u00e5r kompentens p\u00e5 det omr\u00e5det. Du kan nu \u00e4ven anlita oss f\u00f6r att besiktiga tankar med hj\u00e4lp av en undervattensrobot.<\/p>\n<h3>\n\t\tVi jobbar i hela Norden och Europa\n\t<\/h3>\n\t<p>Cistern Solutions har sitt ursprung i Sverige men vi renoverar tankar och cisterner i hela Norden och Europa. Idag har vi tv\u00e5 mobila containrar med utrustning som st\u00e5r redo f\u00f6r nya uppdrag.<\/p>\n\t\t<h3>\n\t\t\tH\u00f6r av dig till oss!\n\t\t<\/h3>\n\t<h3>Hugo Kjellberg<\/h3>\n<p><a href=\"mailto:hk@cisternsolutions.se\">hk@cisternsolutions.se<\/a><\/p>\n<p><a href=\"tel:073 - 815 91 00\"><strong>073 &#8211; 815 91 00<\/strong><\/a><\/p>\n\n","protected":false},"excerpt":{"rendered":"<p>Cistern Solutions Sweden Vi ser till att din tank \u00e4r s\u00e4ker Renovering av sprinklertankar Har du ansvar f\u00f6r en sprinklertank? Eller en tank med processvatten? Eller en cistern med kemikalier eller olja? Jobbar du med att besiktiga tankar och vill ha en samarbetspartner som kan ta vid och fixa brister &#8230; <a title=\"Om oss\" class=\"read-more\" href=\"https:\/\/cisternsolutions.eu\/sv\/om-oss\/\" aria-label=\"L\u00e4s mer om Om oss\">L\u00e4s mer<\/a><\/p>\n","protected":false},"author":4,"featured_media":0,"parent":0,"menu_order":0,"comment_status":"closed","ping_status":"closed","template":"","meta":{"footnotes":""},"class_list":["post-4249","page","type-page","status-publish"],"yoast_head":"<!-- This site is optimized with the Yoast SEO plugin v27.4 - https:\/\/yoast.com\/product\/yoast-seo-wordpress\/ -->\n<title>Specialist p\u00e5 tank- &amp; cisternrenovering | Cistern Solutions Sweden<\/title>\n<meta name=\"description\" content=\"Cistern Solutions Sweden - specialister p\u00e5 att renovera tankar och cisterner. Kontakta oss idag f\u00f6r att f\u00e5 hj\u00e4lp med dina behov.\" \/>\n<meta name=\"robots\" content=\"index, follow, max-snippet:-1, max-image-preview:large, max-video-preview:-1\" \/>\n<link rel=\"canonical\" href=\"https:\/\/cisternsolutions.eu\/sv\/om-oss\/\" \/>\n<meta property=\"og:locale\" content=\"sv_SE\" \/>\n<meta property=\"og:type\" content=\"article\" \/>\n<meta property=\"og:title\" content=\"Specialist p\u00e5 tank- &amp; cisternrenovering | Cistern Solutions Sweden\" \/>\n<meta property=\"og:description\" content=\"Cistern Solutions Sweden - specialister p\u00e5 att renovera tankar och cisterner. Kontakta oss idag f\u00f6r att f\u00e5 hj\u00e4lp med dina behov.\" \/>\n<meta property=\"og:url\" content=\"https:\/\/cisternsolutions.eu\/sv\/om-oss\/\" \/>\n<meta property=\"og:site_name\" content=\"Cistern Solutions Sweden\" \/>\n<meta property=\"article:modified_time\" content=\"2024-04-25T08:25:26+00:00\" \/>\n<meta name=\"twitter:card\" content=\"summary_large_image\" \/>\n<meta name=\"twitter:label1\" content=\"Ber\u00e4knad l\u00e4stid\" \/>\n\t<meta name=\"twitter:data1\" content=\"2 minuter\" \/>\n<script type=\"application\/ld+json\" class=\"yoast-schema-graph\">{\"@context\":\"https:\\\/\\\/schema.org\",\"@graph\":[{\"@type\":\"WebPage\",\"@id\":\"https:\\\/\\\/cisternsolutions.eu\\\/sv\\\/om-oss\\\/\",\"url\":\"https:\\\/\\\/cisternsolutions.eu\\\/sv\\\/om-oss\\\/\",\"name\":\"Specialist p\u00e5 tank- & cisternrenovering | Cistern Solutions Sweden\",\"isPartOf\":{\"@id\":\"https:\\\/\\\/cisternsolutions.eu\\\/sv\\\/#website\"},\"datePublished\":\"2023-12-07T16:00:29+00:00\",\"dateModified\":\"2024-04-25T08:25:26+00:00\",\"description\":\"Cistern Solutions Sweden - specialister p\u00e5 att renovera tankar och cisterner. Kontakta oss idag f\u00f6r att f\u00e5 hj\u00e4lp med dina behov.\",\"breadcrumb\":{\"@id\":\"https:\\\/\\\/cisternsolutions.eu\\\/sv\\\/om-oss\\\/#breadcrumb\"},\"inLanguage\":\"sv-SE\",\"potentialAction\":[{\"@type\":\"ReadAction\",\"target\":[\"https:\\\/\\\/cisternsolutions.eu\\\/sv\\\/om-oss\\\/\"]}]},{\"@type\":\"BreadcrumbList\",\"@id\":\"https:\\\/\\\/cisternsolutions.eu\\\/sv\\\/om-oss\\\/#breadcrumb\",\"itemListElement\":[{\"@type\":\"ListItem\",\"position\":1,\"name\":\"Hem\",\"item\":\"https:\\\/\\\/cisternsolutions.eu\\\/sv\\\/\"},{\"@type\":\"ListItem\",\"position\":2,\"name\":\"Om oss\"}]},{\"@type\":\"WebSite\",\"@id\":\"https:\\\/\\\/cisternsolutions.eu\\\/sv\\\/#website\",\"url\":\"https:\\\/\\\/cisternsolutions.eu\\\/sv\\\/\",\"name\":\"Cistern Solutions Sweden\",\"description\":\"Cistern Solutions Sweden\",\"publisher\":{\"@id\":\"https:\\\/\\\/cisternsolutions.eu\\\/sv\\\/#organization\"},\"potentialAction\":[{\"@type\":\"SearchAction\",\"target\":{\"@type\":\"EntryPoint\",\"urlTemplate\":\"https:\\\/\\\/cisternsolutions.eu\\\/sv\\\/?s={search_term_string}\"},\"query-input\":{\"@type\":\"PropertyValueSpecification\",\"valueRequired\":true,\"valueName\":\"search_term_string\"}}],\"inLanguage\":\"sv-SE\"},{\"@type\":\"Organization\",\"@id\":\"https:\\\/\\\/cisternsolutions.eu\\\/sv\\\/#organization\",\"name\":\"| Cistern Solutions Sweden AB\",\"url\":\"https:\\\/\\\/cisternsolutions.eu\\\/sv\\\/\",\"logo\":{\"@type\":\"ImageObject\",\"inLanguage\":\"sv-SE\",\"@id\":\"https:\\\/\\\/cisternsolutions.eu\\\/sv\\\/#\\\/schema\\\/logo\\\/image\\\/\",\"url\":\"https:\\\/\\\/cisternsolutions.eu\\\/wp-content\\\/uploads\\\/2023\\\/11\\\/CisternSolutions_orginal-logo.png\",\"contentUrl\":\"https:\\\/\\\/cisternsolutions.eu\\\/wp-content\\\/uploads\\\/2023\\\/11\\\/CisternSolutions_orginal-logo.png\",\"width\":1045,\"height\":293,\"caption\":\"| Cistern Solutions Sweden AB\"},\"image\":{\"@id\":\"https:\\\/\\\/cisternsolutions.eu\\\/sv\\\/#\\\/schema\\\/logo\\\/image\\\/\"}}]}<\/script>\n<!-- \/ Yoast SEO plugin. -->","yoast_head_json":{"title":"Specialist p\u00e5 tank- & cisternrenovering | Cistern Solutions Sweden","description":"Cistern Solutions Sweden - specialister p\u00e5 att renovera tankar och cisterner. Kontakta oss idag f\u00f6r att f\u00e5 hj\u00e4lp med dina behov.","robots":{"index":"index","follow":"follow","max-snippet":"max-snippet:-1","max-image-preview":"max-image-preview:large","max-video-preview":"max-video-preview:-1"},"canonical":"https:\/\/cisternsolutions.eu\/sv\/om-oss\/","og_locale":"sv_SE","og_type":"article","og_title":"Specialist p\u00e5 tank- & cisternrenovering | Cistern Solutions Sweden","og_description":"Cistern Solutions Sweden - specialister p\u00e5 att renovera tankar och cisterner. Kontakta oss idag f\u00f6r att f\u00e5 hj\u00e4lp med dina behov.","og_url":"https:\/\/cisternsolutions.eu\/sv\/om-oss\/","og_site_name":"Cistern Solutions Sweden","article_modified_time":"2024-04-25T08:25:26+00:00","twitter_card":"summary_large_image","twitter_misc":{"Ber\u00e4knad l\u00e4stid":"2 minuter"},"schema":{"@context":"https:\/\/schema.org","@graph":[{"@type":"WebPage","@id":"https:\/\/cisternsolutions.eu\/sv\/om-oss\/","url":"https:\/\/cisternsolutions.eu\/sv\/om-oss\/","name":"Specialist p\u00e5 tank- & cisternrenovering | Cistern Solutions Sweden","isPartOf":{"@id":"https:\/\/cisternsolutions.eu\/sv\/#website"},"datePublished":"2023-12-07T16:00:29+00:00","dateModified":"2024-04-25T08:25:26+00:00","description":"Cistern Solutions Sweden - specialister p\u00e5 att renovera tankar och cisterner. Kontakta oss idag f\u00f6r att f\u00e5 hj\u00e4lp med dina behov.","breadcrumb":{"@id":"https:\/\/cisternsolutions.eu\/sv\/om-oss\/#breadcrumb"},"inLanguage":"sv-SE","potentialAction":[{"@type":"ReadAction","target":["https:\/\/cisternsolutions.eu\/sv\/om-oss\/"]}]},{"@type":"BreadcrumbList","@id":"https:\/\/cisternsolutions.eu\/sv\/om-oss\/#breadcrumb","itemListElement":[{"@type":"ListItem","position":1,"name":"Hem","item":"https:\/\/cisternsolutions.eu\/sv\/"},{"@type":"ListItem","position":2,"name":"Om oss"}]},{"@type":"WebSite","@id":"https:\/\/cisternsolutions.eu\/sv\/#website","url":"https:\/\/cisternsolutions.eu\/sv\/","name":"Cistern Solutions Sweden","description":"Cistern Solutions Sweden","publisher":{"@id":"https:\/\/cisternsolutions.eu\/sv\/#organization"},"potentialAction":[{"@type":"SearchAction","target":{"@type":"EntryPoint","urlTemplate":"https:\/\/cisternsolutions.eu\/sv\/?s={search_term_string}"},"query-input":{"@type":"PropertyValueSpecification","valueRequired":true,"valueName":"search_term_string"}}],"inLanguage":"sv-SE"},{"@type":"Organization","@id":"https:\/\/cisternsolutions.eu\/sv\/#organization","name":"| Cistern Solutions Sweden AB","url":"https:\/\/cisternsolutions.eu\/sv\/","logo":{"@type":"ImageObject","inLanguage":"sv-SE","@id":"https:\/\/cisternsolutions.eu\/sv\/#\/schema\/logo\/image\/","url":"https:\/\/cisternsolutions.eu\/wp-content\/uploads\/2023\/11\/CisternSolutions_orginal-logo.png","contentUrl":"https:\/\/cisternsolutions.eu\/wp-content\/uploads\/2023\/11\/CisternSolutions_orginal-logo.png","width":1045,"height":293,"caption":"| Cistern Solutions Sweden AB"},"image":{"@id":"https:\/\/cisternsolutions.eu\/sv\/#\/schema\/logo\/image\/"}}]}},"_links":{"self":[{"href":"https:\/\/cisternsolutions.eu\/sv\/wp-json\/wp\/v2\/pages\/4249","targetHints":{"allow":["GET"]}}],"collection":[{"href":"https:\/\/cisternsolutions.eu\/sv\/wp-json\/wp\/v2\/pages"}],"about":[{"href":"https:\/\/cisternsolutions.eu\/sv\/wp-json\/wp\/v2\/types\/page"}],"author":[{"embeddable":true,"href":"https:\/\/cisternsolutions.eu\/sv\/wp-json\/wp\/v2\/users\/4"}],"replies":[{"embeddable":true,"href":"https:\/\/cisternsolutions.eu\/sv\/wp-json\/wp\/v2\/comments?post=4249"}],"version-history":[{"count":13,"href":"https:\/\/cisternsolutions.eu\/sv\/wp-json\/wp\/v2\/pages\/4249\/revisions"}],"predecessor-version":[{"id":5963,"href":"https:\/\/cisternsolutions.eu\/sv\/wp-json\/wp\/v2\/pages\/4249\/revisions\/5963"}],"wp:attachment":[{"href":"https:\/\/cisternsolutions.eu\/sv\/wp-json\/wp\/v2\/media?parent=4249"}],"curies":[{"name":"wp","href":"https:\/\/api.w.org\/{rel}","templated":true}]}}