{"id":39,"date":"2014-09-07T09:47:49","date_gmt":"2014-09-07T07:47:49","guid":{"rendered":"http:\/\/golv.fogfria.se\/?page_id=39"},"modified":"2025-12-12T15:51:51","modified_gmt":"2025-12-12T14:51:51","slug":"referenser","status":"publish","type":"page","link":"https:\/\/cisternsolutions.eu\/sv\/referenser\/","title":{"rendered":"Referenser"},"content":{"rendered":"\n\n\t\t<h1>\n\t\t\tNyfiken p\u00e5 v\u00e5ra referensjobb?\n\t\t<\/h1>\n\t\t\t<p>H\u00e4r hittar du mer information om olika typer av jobb som vi utf\u00f6rt inom olika omr\u00e5den.\u00a0<\/p>\t\t\n\n","protected":false},"excerpt":{"rendered":"<p>Nyfiken p\u00e5 v\u00e5ra referensjobb? H\u00e4r hittar du mer information om olika typer av jobb som vi utf\u00f6rt inom olika omr\u00e5den.\u00a0<\/p>\n","protected":false},"author":4,"featured_media":0,"parent":0,"menu_order":4,"comment_status":"closed","ping_status":"closed","template":"","meta":{"footnotes":""},"class_list":["post-39","page","type-page","status-publish"],"yoast_head":"<!-- This site is optimized with the Yoast SEO plugin v27.4 - https:\/\/yoast.com\/product\/yoast-seo-wordpress\/ -->\n<title>Referenser tank- och cisternrenovering | Cistern Soultions Sweden<\/title>\n<meta name=\"description\" content=\"Nyfiken p\u00e5 referenser f\u00f6r Cistern Solutions Sweden? Har vi kanske gjort ett jobb som p\u00e5minner om det ditt projekt? L\u00e4s mer h\u00e4r ...\" \/>\n<meta name=\"robots\" content=\"index, follow, max-snippet:-1, max-image-preview:large, max-video-preview:-1\" \/>\n<link rel=\"canonical\" href=\"https:\/\/cisternsolutions.eu\/sv\/referenser\/\" \/>\n<meta property=\"og:locale\" content=\"sv_SE\" \/>\n<meta property=\"og:type\" content=\"article\" \/>\n<meta property=\"og:title\" content=\"Referenser tank- och cisternrenovering | Cistern Soultions Sweden\" \/>\n<meta property=\"og:description\" content=\"Nyfiken p\u00e5 referenser f\u00f6r Cistern Solutions Sweden? Har vi kanske gjort ett jobb som p\u00e5minner om det ditt projekt? L\u00e4s mer h\u00e4r ...\" \/>\n<meta property=\"og:url\" content=\"https:\/\/cisternsolutions.eu\/sv\/referenser\/\" \/>\n<meta property=\"og:site_name\" content=\"Cistern Solutions Sweden\" \/>\n<meta property=\"article:modified_time\" content=\"2025-12-12T14:51:51+00:00\" \/>\n<meta name=\"twitter:card\" content=\"summary_large_image\" \/>\n<meta name=\"twitter:label1\" content=\"Ber\u00e4knad l\u00e4stid\" \/>\n\t<meta name=\"twitter:data1\" content=\"2 minuter\" \/>\n<script type=\"application\/ld+json\" class=\"yoast-schema-graph\">{\"@context\":\"https:\\\/\\\/schema.org\",\"@graph\":[{\"@type\":\"WebPage\",\"@id\":\"https:\\\/\\\/cisternsolutions.eu\\\/sv\\\/referenser\\\/\",\"url\":\"https:\\\/\\\/cisternsolutions.eu\\\/sv\\\/referenser\\\/\",\"name\":\"Referenser tank- och cisternrenovering | Cistern Soultions Sweden\",\"isPartOf\":{\"@id\":\"https:\\\/\\\/cisternsolutions.eu\\\/sv\\\/#website\"},\"datePublished\":\"2014-09-07T07:47:49+00:00\",\"dateModified\":\"2025-12-12T14:51:51+00:00\",\"description\":\"Nyfiken p\u00e5 referenser f\u00f6r Cistern Solutions Sweden? Har vi kanske gjort ett jobb som p\u00e5minner om det ditt projekt? L\u00e4s mer h\u00e4r ...\",\"breadcrumb\":{\"@id\":\"https:\\\/\\\/cisternsolutions.eu\\\/sv\\\/referenser\\\/#breadcrumb\"},\"inLanguage\":\"sv-SE\",\"potentialAction\":[{\"@type\":\"ReadAction\",\"target\":[\"https:\\\/\\\/cisternsolutions.eu\\\/sv\\\/referenser\\\/\"]}]},{\"@type\":\"BreadcrumbList\",\"@id\":\"https:\\\/\\\/cisternsolutions.eu\\\/sv\\\/referenser\\\/#breadcrumb\",\"itemListElement\":[{\"@type\":\"ListItem\",\"position\":1,\"name\":\"Hem\",\"item\":\"https:\\\/\\\/cisternsolutions.eu\\\/sv\\\/\"},{\"@type\":\"ListItem\",\"position\":2,\"name\":\"Referenser\"}]},{\"@type\":\"WebSite\",\"@id\":\"https:\\\/\\\/cisternsolutions.eu\\\/sv\\\/#website\",\"url\":\"https:\\\/\\\/cisternsolutions.eu\\\/sv\\\/\",\"name\":\"Cistern Solutions Sweden\",\"description\":\"Cistern Solutions Sweden\",\"publisher\":{\"@id\":\"https:\\\/\\\/cisternsolutions.eu\\\/sv\\\/#organization\"},\"potentialAction\":[{\"@type\":\"SearchAction\",\"target\":{\"@type\":\"EntryPoint\",\"urlTemplate\":\"https:\\\/\\\/cisternsolutions.eu\\\/sv\\\/?s={search_term_string}\"},\"query-input\":{\"@type\":\"PropertyValueSpecification\",\"valueRequired\":true,\"valueName\":\"search_term_string\"}}],\"inLanguage\":\"sv-SE\"},{\"@type\":\"Organization\",\"@id\":\"https:\\\/\\\/cisternsolutions.eu\\\/sv\\\/#organization\",\"name\":\"| Cistern Solutions Sweden AB\",\"url\":\"https:\\\/\\\/cisternsolutions.eu\\\/sv\\\/\",\"logo\":{\"@type\":\"ImageObject\",\"inLanguage\":\"sv-SE\",\"@id\":\"https:\\\/\\\/cisternsolutions.eu\\\/sv\\\/#\\\/schema\\\/logo\\\/image\\\/\",\"url\":\"https:\\\/\\\/cisternsolutions.eu\\\/wp-content\\\/uploads\\\/2023\\\/11\\\/CisternSolutions_orginal-logo.png\",\"contentUrl\":\"https:\\\/\\\/cisternsolutions.eu\\\/wp-content\\\/uploads\\\/2023\\\/11\\\/CisternSolutions_orginal-logo.png\",\"width\":1045,\"height\":293,\"caption\":\"| Cistern Solutions Sweden AB\"},\"image\":{\"@id\":\"https:\\\/\\\/cisternsolutions.eu\\\/sv\\\/#\\\/schema\\\/logo\\\/image\\\/\"}}]}<\/script>\n<!-- \/ Yoast SEO plugin. -->","yoast_head_json":{"title":"Referenser tank- och cisternrenovering | Cistern Soultions Sweden","description":"Nyfiken p\u00e5 referenser f\u00f6r Cistern Solutions Sweden? Har vi kanske gjort ett jobb som p\u00e5minner om det ditt projekt? L\u00e4s mer h\u00e4r ...","robots":{"index":"index","follow":"follow","max-snippet":"max-snippet:-1","max-image-preview":"max-image-preview:large","max-video-preview":"max-video-preview:-1"},"canonical":"https:\/\/cisternsolutions.eu\/sv\/referenser\/","og_locale":"sv_SE","og_type":"article","og_title":"Referenser tank- och cisternrenovering | Cistern Soultions Sweden","og_description":"Nyfiken p\u00e5 referenser f\u00f6r Cistern Solutions Sweden? Har vi kanske gjort ett jobb som p\u00e5minner om det ditt projekt? L\u00e4s mer h\u00e4r ...","og_url":"https:\/\/cisternsolutions.eu\/sv\/referenser\/","og_site_name":"Cistern Solutions Sweden","article_modified_time":"2025-12-12T14:51:51+00:00","twitter_card":"summary_large_image","twitter_misc":{"Ber\u00e4knad l\u00e4stid":"2 minuter"},"schema":{"@context":"https:\/\/schema.org","@graph":[{"@type":"WebPage","@id":"https:\/\/cisternsolutions.eu\/sv\/referenser\/","url":"https:\/\/cisternsolutions.eu\/sv\/referenser\/","name":"Referenser tank- och cisternrenovering | Cistern Soultions Sweden","isPartOf":{"@id":"https:\/\/cisternsolutions.eu\/sv\/#website"},"datePublished":"2014-09-07T07:47:49+00:00","dateModified":"2025-12-12T14:51:51+00:00","description":"Nyfiken p\u00e5 referenser f\u00f6r Cistern Solutions Sweden? Har vi kanske gjort ett jobb som p\u00e5minner om det ditt projekt? L\u00e4s mer h\u00e4r ...","breadcrumb":{"@id":"https:\/\/cisternsolutions.eu\/sv\/referenser\/#breadcrumb"},"inLanguage":"sv-SE","potentialAction":[{"@type":"ReadAction","target":["https:\/\/cisternsolutions.eu\/sv\/referenser\/"]}]},{"@type":"BreadcrumbList","@id":"https:\/\/cisternsolutions.eu\/sv\/referenser\/#breadcrumb","itemListElement":[{"@type":"ListItem","position":1,"name":"Hem","item":"https:\/\/cisternsolutions.eu\/sv\/"},{"@type":"ListItem","position":2,"name":"Referenser"}]},{"@type":"WebSite","@id":"https:\/\/cisternsolutions.eu\/sv\/#website","url":"https:\/\/cisternsolutions.eu\/sv\/","name":"Cistern Solutions Sweden","description":"Cistern Solutions Sweden","publisher":{"@id":"https:\/\/cisternsolutions.eu\/sv\/#organization"},"potentialAction":[{"@type":"SearchAction","target":{"@type":"EntryPoint","urlTemplate":"https:\/\/cisternsolutions.eu\/sv\/?s={search_term_string}"},"query-input":{"@type":"PropertyValueSpecification","valueRequired":true,"valueName":"search_term_string"}}],"inLanguage":"sv-SE"},{"@type":"Organization","@id":"https:\/\/cisternsolutions.eu\/sv\/#organization","name":"| Cistern Solutions Sweden AB","url":"https:\/\/cisternsolutions.eu\/sv\/","logo":{"@type":"ImageObject","inLanguage":"sv-SE","@id":"https:\/\/cisternsolutions.eu\/sv\/#\/schema\/logo\/image\/","url":"https:\/\/cisternsolutions.eu\/wp-content\/uploads\/2023\/11\/CisternSolutions_orginal-logo.png","contentUrl":"https:\/\/cisternsolutions.eu\/wp-content\/uploads\/2023\/11\/CisternSolutions_orginal-logo.png","width":1045,"height":293,"caption":"| Cistern Solutions Sweden AB"},"image":{"@id":"https:\/\/cisternsolutions.eu\/sv\/#\/schema\/logo\/image\/"}}]}},"_links":{"self":[{"href":"https:\/\/cisternsolutions.eu\/sv\/wp-json\/wp\/v2\/pages\/39","targetHints":{"allow":["GET"]}}],"collection":[{"href":"https:\/\/cisternsolutions.eu\/sv\/wp-json\/wp\/v2\/pages"}],"about":[{"href":"https:\/\/cisternsolutions.eu\/sv\/wp-json\/wp\/v2\/types\/page"}],"author":[{"embeddable":true,"href":"https:\/\/cisternsolutions.eu\/sv\/wp-json\/wp\/v2\/users\/4"}],"replies":[{"embeddable":true,"href":"https:\/\/cisternsolutions.eu\/sv\/wp-json\/wp\/v2\/comments?post=39"}],"version-history":[{"count":11,"href":"https:\/\/cisternsolutions.eu\/sv\/wp-json\/wp\/v2\/pages\/39\/revisions"}],"predecessor-version":[{"id":8104,"href":"https:\/\/cisternsolutions.eu\/sv\/wp-json\/wp\/v2\/pages\/39\/revisions\/8104"}],"wp:attachment":[{"href":"https:\/\/cisternsolutions.eu\/sv\/wp-json\/wp\/v2\/media?parent=39"}],"curies":[{"name":"wp","href":"https:\/\/api.w.org\/{rel}","templated":true}]}}