{"id":3611,"date":"2022-05-03T16:59:50","date_gmt":"2022-05-03T14:59:50","guid":{"rendered":"https:\/\/cisternsolutions.eu\/?page_id=3611"},"modified":"2024-02-06T10:21:38","modified_gmt":"2024-02-06T09:21:38","slug":"cookiepolicy","status":"publish","type":"page","link":"https:\/\/cisternsolutions.eu\/sv\/cookiepolicy\/","title":{"rendered":"Cookiepolicy"},"content":{"rendered":"\r\n<h1>Cookiepolicy<\/h1>\r\n<p>f\u00f6r Cistern Solutions Sweden AB<\/p>\r\n<p>Cookies \u00e4r sm\u00e5 textfiler som hemsidan lagrar p\u00e5 din dator. Cookien skickar sedan tillbaka information till oss eller en tredje part.\u00a0 En tredje part kan t.ex. vara sociala medier och annons- och analysf\u00f6retag. Vilken typ av information som skickas beror p\u00e5 vilken cookie det \u00e4r.<\/p>\r\n<p><strong>Strikta cookies eller sessionscookies:<\/strong>\u00a0Cookies som beh\u00f6vs f\u00f6r att\u00a0 hemsidan ska fungera. Den h\u00e4r typen av cookies f\u00f6rsvinner n\u00e4r du st\u00e4nger din webbl\u00e4sare eller enhet.<\/p>\r\n<p><strong>Funktionalitetscookies eller varaktiga cookies:<\/strong>\u00a0Cookies som anv\u00e4nds f\u00f6r att g\u00f6ra det enklare att anv\u00e4nda hemsidan s\u00e5 att du t.ex. inte beh\u00f6ver g\u00f6ra samma inst\u00e4llningar igen.<\/p>\r\n<p><strong>Analytiska cookies eller tredjepartscookies:<\/strong>\u00a0Cookies som anv\u00e4nds f\u00f6r att analysera hur bes\u00f6kare anv\u00e4nder hemsidan t.ex. hur m\u00e5nga som bes\u00f6ker en viss sida eller hur l\u00e4nge de \u00e4r inne p\u00e5 hemsidan. Google Analytics samlar in information och rapporterar anv\u00e4ndningsstatistik f\u00f6r webbsidor\u00a0utan att personligen identifiera enskilda bes\u00f6kare\u00a0p\u00e5 Google.<\/p>\r\n<p>Du kan l\u00e4sa mer om Googles <a href=\"https:\/\/policies.google.com\/privacy?hl=sv\">integritetsregler h\u00e4r<\/a>, om <a href=\"https:\/\/policies.google.com\/technologies\/ads\">annonser h\u00e4r<\/a> och hur Google anv\u00e4nder <a href=\"https:\/\/policies.google.com\/technologies\/cookies\">cookies h\u00e4r<\/a>.<\/p>\r\n<p>Om du inte vill att dina bes\u00f6k p\u00e5 denna webbplats ska visas i statistiken i Google Analytics finns det ett till\u00e4gg som du kan installera i din webbl\u00e4sare. Till\u00e4gget h\u00e4mtar du p\u00e5 Googles webbplats.<\/p>\r\n<h3>Vilka cookies anv\u00e4nder vi?<\/h3>\r\n<p>Se vilka cookies vi anv\u00e4nder genom att klicka p\u00e5 &#8221;Hantera cookies&#8221; l\u00e4ngst ner p\u00e5 sidan.<\/p>\r\n<h3>St\u00e4ng av cookies<\/h3>\r\n<p>Du kan surfa utan cookies genom att du \u00e4ndra inst\u00e4llningarna i din webbl\u00e4sare. OBS! Om du v\u00e4ljer att surfa utan cookies kanske vissa funktioner p\u00e5 hemsidan inte l\u00e4ngre fungerar. F\u00f6r att ta bort cookies: se hj\u00e4lpdokumentationen f\u00f6r din aktuella webbl\u00e4sare:<\/p>\r\n<ul>\r\n<li><a href=\"https:\/\/support.google.com\/accounts\/answer\/32050?hl=sv&amp;co=GENIE.Platform%3DDesktop\" target=\"_blank\" rel=\"noopener\">Google Chrome<\/a><\/li>\r\n<li><a href=\"https:\/\/support.microsoft.com\/sv-se\/windows\/ta-bort-och-hantera-cookies-168dab11-0753-043d-7c16-ede5947fc64d\" target=\"_blank\" rel=\"noopener\">Internet Explorer<\/a><\/li>\r\n<li><a href=\"https:\/\/support.mozilla.org\/sv\/kb\/rensa-kakor-och-webbplatsdata-firefox\" target=\"_blank\" rel=\"noopener\">Mozilla Firefox<\/a><\/li>\r\n<li><a href=\"https:\/\/support.microsoft.com\/sv-se\/microsoft-edge\/ta-bort-cookies-i-microsoft-edge-63947406-40ac-c3b8-57b9-2a946a29ae09\" target=\"_blank\" rel=\"noopener\">Edge<\/a><\/li>\r\n<li><a href=\"https:\/\/support.apple.com\/sv-se\/guide\/safari\/sfri11471\/11.0\/mac\/10.13\" target=\"_blank\" rel=\"noopener\">Safari (dator)<\/a><\/li>\r\n<li><a href=\"https:\/\/support.apple.com\/sv-se\/HT201265\" target=\"_blank\" rel=\"noopener\">Safari (mobil)<\/a><\/li>\r\n<li><a href=\"https:\/\/support.google.com\/nexus\/answer\/54068?visit_id=638367063625101613-921820139&amp;hl=en&amp;rd=1\" target=\"_blank\" rel=\"noopener\">Webbl\u00e4sare Android<\/a><\/li>\r\n<li><a href=\"https:\/\/blogs.opera.com\/tips-and-tricks\/2023\/04\/clean-browser-and-remove-trackers\/\" target=\"_blank\" rel=\"noopener\">Opera<\/a><\/li>\r\n<\/ul>\r\n","protected":false},"excerpt":{"rendered":"<p>Cookiepolicy f\u00f6r Cistern Solutions Sweden AB Cookies \u00e4r sm\u00e5 textfiler som hemsidan lagrar p\u00e5 din dator. Cookien skickar sedan tillbaka information till oss eller en tredje part.\u00a0 En tredje part kan t.ex. vara sociala medier och annons- och analysf\u00f6retag. Vilken typ av information som skickas beror p\u00e5 vilken cookie det &#8230; <a title=\"Cookiepolicy\" class=\"read-more\" href=\"https:\/\/cisternsolutions.eu\/sv\/cookiepolicy\/\" aria-label=\"L\u00e4s mer om Cookiepolicy\">L\u00e4s mer<\/a><\/p>\n","protected":false},"author":4,"featured_media":0,"parent":0,"menu_order":0,"comment_status":"closed","ping_status":"closed","template":"","meta":{"footnotes":""},"class_list":["post-3611","page","type-page","status-publish"],"yoast_head":"<!-- This site is optimized with the Yoast SEO plugin v27.5 - https:\/\/yoast.com\/product\/yoast-seo-wordpress\/ -->\n<title>Cookiepolicy | Cistern Solutions Sweden<\/title>\n<meta name=\"description\" content=\"H\u00e4r kan du l\u00e4sa mer om cookies, vad det \u00e4r och hur Cistern Solutions Sweden anv\u00e4nder dem p\u00e5 hemsidan. L\u00e4s mer ...\" \/>\n<meta name=\"robots\" content=\"index, follow, max-snippet:-1, max-image-preview:large, max-video-preview:-1\" \/>\n<link rel=\"canonical\" href=\"https:\/\/cisternsolutions.eu\/sv\/cookiepolicy\/\" \/>\n<meta property=\"og:locale\" content=\"sv_SE\" \/>\n<meta property=\"og:type\" content=\"article\" \/>\n<meta property=\"og:title\" content=\"Cookiepolicy | Cistern Solutions Sweden\" \/>\n<meta property=\"og:description\" content=\"H\u00e4r kan du l\u00e4sa mer om cookies, vad det \u00e4r och hur Cistern Solutions Sweden anv\u00e4nder dem p\u00e5 hemsidan. L\u00e4s mer ...\" \/>\n<meta property=\"og:url\" content=\"https:\/\/cisternsolutions.eu\/sv\/cookiepolicy\/\" \/>\n<meta property=\"og:site_name\" content=\"Cistern Solutions Sweden\" \/>\n<meta property=\"article:modified_time\" content=\"2024-02-06T09:21:38+00:00\" \/>\n<meta name=\"twitter:card\" content=\"summary_large_image\" \/>\n<meta name=\"twitter:label1\" content=\"Ber\u00e4knad l\u00e4stid\" \/>\n\t<meta name=\"twitter:data1\" content=\"2 minuter\" \/>\n<script type=\"application\/ld+json\" class=\"yoast-schema-graph\">{\"@context\":\"https:\\\/\\\/schema.org\",\"@graph\":[{\"@type\":\"WebPage\",\"@id\":\"https:\\\/\\\/cisternsolutions.eu\\\/sv\\\/cookiepolicy\\\/\",\"url\":\"https:\\\/\\\/cisternsolutions.eu\\\/sv\\\/cookiepolicy\\\/\",\"name\":\"Cookiepolicy | Cistern Solutions Sweden\",\"isPartOf\":{\"@id\":\"https:\\\/\\\/cisternsolutions.eu\\\/sv\\\/#website\"},\"datePublished\":\"2022-05-03T14:59:50+00:00\",\"dateModified\":\"2024-02-06T09:21:38+00:00\",\"description\":\"H\u00e4r kan du l\u00e4sa mer om cookies, vad det \u00e4r och hur Cistern Solutions Sweden anv\u00e4nder dem p\u00e5 hemsidan. L\u00e4s mer ...\",\"breadcrumb\":{\"@id\":\"https:\\\/\\\/cisternsolutions.eu\\\/sv\\\/cookiepolicy\\\/#breadcrumb\"},\"inLanguage\":\"sv-SE\",\"potentialAction\":[{\"@type\":\"ReadAction\",\"target\":[\"https:\\\/\\\/cisternsolutions.eu\\\/sv\\\/cookiepolicy\\\/\"]}]},{\"@type\":\"BreadcrumbList\",\"@id\":\"https:\\\/\\\/cisternsolutions.eu\\\/sv\\\/cookiepolicy\\\/#breadcrumb\",\"itemListElement\":[{\"@type\":\"ListItem\",\"position\":1,\"name\":\"Hem\",\"item\":\"https:\\\/\\\/cisternsolutions.eu\\\/sv\\\/\"},{\"@type\":\"ListItem\",\"position\":2,\"name\":\"Cookiepolicy\"}]},{\"@type\":\"WebSite\",\"@id\":\"https:\\\/\\\/cisternsolutions.eu\\\/sv\\\/#website\",\"url\":\"https:\\\/\\\/cisternsolutions.eu\\\/sv\\\/\",\"name\":\"Cistern Solutions Sweden\",\"description\":\"Cistern Solutions Sweden\",\"publisher\":{\"@id\":\"https:\\\/\\\/cisternsolutions.eu\\\/sv\\\/#organization\"},\"potentialAction\":[{\"@type\":\"SearchAction\",\"target\":{\"@type\":\"EntryPoint\",\"urlTemplate\":\"https:\\\/\\\/cisternsolutions.eu\\\/sv\\\/?s={search_term_string}\"},\"query-input\":{\"@type\":\"PropertyValueSpecification\",\"valueRequired\":true,\"valueName\":\"search_term_string\"}}],\"inLanguage\":\"sv-SE\"},{\"@type\":\"Organization\",\"@id\":\"https:\\\/\\\/cisternsolutions.eu\\\/sv\\\/#organization\",\"name\":\"| Cistern Solutions Sweden AB\",\"url\":\"https:\\\/\\\/cisternsolutions.eu\\\/sv\\\/\",\"logo\":{\"@type\":\"ImageObject\",\"inLanguage\":\"sv-SE\",\"@id\":\"https:\\\/\\\/cisternsolutions.eu\\\/sv\\\/#\\\/schema\\\/logo\\\/image\\\/\",\"url\":\"https:\\\/\\\/cisternsolutions.eu\\\/wp-content\\\/uploads\\\/2023\\\/11\\\/CisternSolutions_orginal-logo.png\",\"contentUrl\":\"https:\\\/\\\/cisternsolutions.eu\\\/wp-content\\\/uploads\\\/2023\\\/11\\\/CisternSolutions_orginal-logo.png\",\"width\":1045,\"height\":293,\"caption\":\"| Cistern Solutions Sweden AB\"},\"image\":{\"@id\":\"https:\\\/\\\/cisternsolutions.eu\\\/sv\\\/#\\\/schema\\\/logo\\\/image\\\/\"}}]}<\/script>\n<!-- \/ Yoast SEO plugin. -->","yoast_head_json":{"title":"Cookiepolicy | Cistern Solutions Sweden","description":"H\u00e4r kan du l\u00e4sa mer om cookies, vad det \u00e4r och hur Cistern Solutions Sweden anv\u00e4nder dem p\u00e5 hemsidan. L\u00e4s mer ...","robots":{"index":"index","follow":"follow","max-snippet":"max-snippet:-1","max-image-preview":"max-image-preview:large","max-video-preview":"max-video-preview:-1"},"canonical":"https:\/\/cisternsolutions.eu\/sv\/cookiepolicy\/","og_locale":"sv_SE","og_type":"article","og_title":"Cookiepolicy | Cistern Solutions Sweden","og_description":"H\u00e4r kan du l\u00e4sa mer om cookies, vad det \u00e4r och hur Cistern Solutions Sweden anv\u00e4nder dem p\u00e5 hemsidan. L\u00e4s mer ...","og_url":"https:\/\/cisternsolutions.eu\/sv\/cookiepolicy\/","og_site_name":"Cistern Solutions Sweden","article_modified_time":"2024-02-06T09:21:38+00:00","twitter_card":"summary_large_image","twitter_misc":{"Ber\u00e4knad l\u00e4stid":"2 minuter"},"schema":{"@context":"https:\/\/schema.org","@graph":[{"@type":"WebPage","@id":"https:\/\/cisternsolutions.eu\/sv\/cookiepolicy\/","url":"https:\/\/cisternsolutions.eu\/sv\/cookiepolicy\/","name":"Cookiepolicy | Cistern Solutions Sweden","isPartOf":{"@id":"https:\/\/cisternsolutions.eu\/sv\/#website"},"datePublished":"2022-05-03T14:59:50+00:00","dateModified":"2024-02-06T09:21:38+00:00","description":"H\u00e4r kan du l\u00e4sa mer om cookies, vad det \u00e4r och hur Cistern Solutions Sweden anv\u00e4nder dem p\u00e5 hemsidan. L\u00e4s mer ...","breadcrumb":{"@id":"https:\/\/cisternsolutions.eu\/sv\/cookiepolicy\/#breadcrumb"},"inLanguage":"sv-SE","potentialAction":[{"@type":"ReadAction","target":["https:\/\/cisternsolutions.eu\/sv\/cookiepolicy\/"]}]},{"@type":"BreadcrumbList","@id":"https:\/\/cisternsolutions.eu\/sv\/cookiepolicy\/#breadcrumb","itemListElement":[{"@type":"ListItem","position":1,"name":"Hem","item":"https:\/\/cisternsolutions.eu\/sv\/"},{"@type":"ListItem","position":2,"name":"Cookiepolicy"}]},{"@type":"WebSite","@id":"https:\/\/cisternsolutions.eu\/sv\/#website","url":"https:\/\/cisternsolutions.eu\/sv\/","name":"Cistern Solutions Sweden","description":"Cistern Solutions Sweden","publisher":{"@id":"https:\/\/cisternsolutions.eu\/sv\/#organization"},"potentialAction":[{"@type":"SearchAction","target":{"@type":"EntryPoint","urlTemplate":"https:\/\/cisternsolutions.eu\/sv\/?s={search_term_string}"},"query-input":{"@type":"PropertyValueSpecification","valueRequired":true,"valueName":"search_term_string"}}],"inLanguage":"sv-SE"},{"@type":"Organization","@id":"https:\/\/cisternsolutions.eu\/sv\/#organization","name":"| Cistern Solutions Sweden AB","url":"https:\/\/cisternsolutions.eu\/sv\/","logo":{"@type":"ImageObject","inLanguage":"sv-SE","@id":"https:\/\/cisternsolutions.eu\/sv\/#\/schema\/logo\/image\/","url":"https:\/\/cisternsolutions.eu\/wp-content\/uploads\/2023\/11\/CisternSolutions_orginal-logo.png","contentUrl":"https:\/\/cisternsolutions.eu\/wp-content\/uploads\/2023\/11\/CisternSolutions_orginal-logo.png","width":1045,"height":293,"caption":"| Cistern Solutions Sweden AB"},"image":{"@id":"https:\/\/cisternsolutions.eu\/sv\/#\/schema\/logo\/image\/"}}]}},"_links":{"self":[{"href":"https:\/\/cisternsolutions.eu\/sv\/wp-json\/wp\/v2\/pages\/3611","targetHints":{"allow":["GET"]}}],"collection":[{"href":"https:\/\/cisternsolutions.eu\/sv\/wp-json\/wp\/v2\/pages"}],"about":[{"href":"https:\/\/cisternsolutions.eu\/sv\/wp-json\/wp\/v2\/types\/page"}],"author":[{"embeddable":true,"href":"https:\/\/cisternsolutions.eu\/sv\/wp-json\/wp\/v2\/users\/4"}],"replies":[{"embeddable":true,"href":"https:\/\/cisternsolutions.eu\/sv\/wp-json\/wp\/v2\/comments?post=3611"}],"version-history":[{"count":11,"href":"https:\/\/cisternsolutions.eu\/sv\/wp-json\/wp\/v2\/pages\/3611\/revisions"}],"predecessor-version":[{"id":4946,"href":"https:\/\/cisternsolutions.eu\/sv\/wp-json\/wp\/v2\/pages\/3611\/revisions\/4946"}],"wp:attachment":[{"href":"https:\/\/cisternsolutions.eu\/sv\/wp-json\/wp\/v2\/media?parent=3611"}],"curies":[{"name":"wp","href":"https:\/\/api.w.org\/{rel}","templated":true}]}}