{"id":306,"date":"2016-06-30T11:20:12","date_gmt":"2016-06-30T09:20:12","guid":{"rendered":"http:\/\/golv.fogfria.se\/?page_id=306"},"modified":"2026-01-07T12:28:43","modified_gmt":"2026-01-07T11:28:43","slug":"kontakt","status":"publish","type":"page","link":"https:\/\/cisternsolutions.eu\/sv\/kontakt\/","title":{"rendered":"Kontakt"},"content":{"rendered":"\n\n\t\t<h1>\n\t\t\tV\u00e4lkommen till oss!\n\t\t<\/h1>\n\t\t\t<p>&#8211; din expert p\u00e5 tank- och cisternrenovering<\/p>\t\t\n\t<p>Vi p\u00e5 Cistern Solutions Sweden har mer \u00e4n 30 \u00e5rs erfarenhet av tankbel\u00e4ggningar. Vi hj\u00e4lper dig b\u00e5de med inspekton och renovering. Fyll i formul\u00e4ret, mejla eller ring.\u00a0<\/p>\n\t\t<ul>\n\t\t\t\t\t<li>\n\t\t\t\t\t<a href=\"tel:+46%2010-211%2051%2052\" target=\"_self\">\n\t\t\t\t<h2>+46  (0)10-211 51 52<\/h2>\n\t\t\t\t\t<\/a>\n\t\t\t<\/li>\n\t\t\t\t<\/ul>\n\t\t<ul>\n\t\t\t\t\t<li>\n\t\t\t\t\t<a href=\"mailto:info@cisternsolutions.se\" target=\"_self\">\n\t\t\t\t<h2>info@cisternsolutions.se<\/h2>\n\t\t\t\t\t<\/a>\n\t\t\t<\/li>\n\t\t\t\t<\/ul>\n\t\t<ul>\n\t\t\t\t\t<li>\n\t\t\t\t\t<a href=\"https:\/\/maps.app.goo.gl\/tPFJJj55EQ3L3iny7\" target=\"_blank\">\n\t\t\t\t\n\t\t<h3>Markbov\u00e4gen 6,\u00a0423 70 S\u00e4ve<br \/>Sweden<\/h3>\t\t\t\n\t<\/a>\n\t\t\t<\/li>\n\t\t\t\t<\/ul>\n\t\t\t<h3>Kontakta mig!<\/h3>\n\t\t    <form data-form_id=\"8\" id=\"fluentform_8\" data-form_instance=\"ff_form_instance_8_1\" method=\"POST\" data-recptcha_key=\"6LclVsMpAAAAALbQlfjI40nUI01kkMo-WKOg0nvc\"><fieldset>\n                    <legend>Snabbkontakt &#8211; SE<\/legend><input type='hidden' name='__fluent_form_embded_post_id' value='306' \/><input type=\"hidden\" id=\"_fluentform_8_fluentformnonce\" name=\"_fluentform_8_fluentformnonce\" value=\"1530ec46e1\" \/><input type=\"hidden\" name=\"_wp_http_referer\" value=\"\/sv\/?page_id=306&#038;fl_builder\" \/><input type=\"text\" name=\"names[first_name]\" id=\"ff_8_names_first_name_\" placeholder=\"F\u00f6r- och efternamn\" aria-invalid=\"false\" aria-required=true\/><input type=\"email\" name=\"email\" id=\"ff_8_email\" placeholder=\"Min mejladress\" data-name=\"email\"  aria-invalid=\"false\" aria-required=true\/><textarea aria-required=\"true\" aria-labelledby=\"label_ff_8_message\" name=\"message\" id=\"ff_8_message\" placeholder=\"Kontakta mig ang\u00e5ende ...\" rows=\"1\" cols=\"2\" data-name=\"message\"><\/textarea><label aria-label='Jag samtycker till att denna webbplats lagrar min inl\u00e4mnade information s\u00e5 att de kan svara p\u00e5 min f\u00f6rfr\u00e5gan. Informationen lagras i 1 \u00e5r.' class='ff-el-form-check-label ff_tc_label' for=gdpr-agreement_e5507940fe739979c5e8e48d3151beaf><input type=\"checkbox\" name=\"gdpr-agreement\" data-name=\"gdpr-agreement\" id=\"gdpr-agreement_e5507940fe739979c5e8e48d3151beaf\"  value='on' aria-invalid='false' aria-required=true\/> Jag samtycker till att denna webbplats lagrar min inl\u00e4mnade information s\u00e5 att de kan svara p\u00e5 min f\u00f6rfr\u00e5gan. Informationen lagras i 1 \u00e5r. <\/label><button type=\"submit\"  aria-label=\"Skicka\">Skicka<\/button><\/fieldset><\/form>            \n\t\t<h2>\n\t\t\tPersonal\n\t\t<\/h2>\n\t\t\t\t<img decoding=\"async\" src=\"https:\/\/cisternsolutions.eu\/wp-content\/uploads\/2024\/01\/ulf.jpg\" alt=\"ulf\" itemprop=\"image\" height=\"1051\" width=\"969\" title=\"ulf\" onerror=\"this.style.display='none'\" loading=\"lazy\" \/>\n\t<h3>Ulf Johansson<\/h3>\n<p>\u00c4gare<\/p>\n<p><a href=\"mailto:uj@cisternsolutions.se\">uj@cisternsolutions.se<\/a><\/p>\n<p><a href=\"tel:46 70 790 99 62\"><strong>+46 70 790 99 62<\/strong><\/a><\/p>\n\t\t\t\t<img decoding=\"async\" src=\"https:\/\/cisternsolutions.eu\/wp-content\/uploads\/2024\/01\/magnus.jpg\" alt=\"magnus\" itemprop=\"image\" height=\"1051\" width=\"969\" title=\"magnus\" onerror=\"this.style.display='none'\" loading=\"lazy\" \/>\n\t<h3>Magnus Josefsson<\/h3>\n<p>VD<\/p>\n<p><a href=\"mailto:mj@cisternsolutions.se\">mj@cisternsolutions.se<\/a><\/p>\n<p><a href=\"tel:+46 70 590 99 37\"><strong>+46 70 590 99 37<\/strong><\/a><\/p>\n\t\t\t\t<img decoding=\"async\" src=\"https:\/\/cisternsolutions.eu\/wp-content\/uploads\/2024\/03\/foto-kommer-personal.jpg\" alt=\"foto-kommer-personal\" itemprop=\"image\" height=\"1051\" width=\"969\" title=\"foto-kommer-personal\" onerror=\"this.style.display='none'\" loading=\"lazy\" \/>\n\t<h3>Filip Karlsson<\/h3>\n<p>Projektledare<\/p>\n<p><a href=\"mailto:fk@cisternsolutions.se\">fk@cisternsolutions.se<\/a><\/p>\n<p><a href=\"tel:+46 73 815 91 00\"><strong>+46 73 960 37 80<\/strong><\/a><\/p>\n\n","protected":false},"excerpt":{"rendered":"<p>V\u00e4lkommen till oss! &#8211; din expert p\u00e5 tank- och cisternrenovering Vi p\u00e5 Cistern Solutions Sweden har mer \u00e4n 30 \u00e5rs erfarenhet av tankbel\u00e4ggningar. Vi hj\u00e4lper dig b\u00e5de med inspekton och renovering. Fyll i formul\u00e4ret, mejla eller ring.\u00a0 +46 (0)10-211 51 52 info@cisternsolutions.se Markbov\u00e4gen 6,\u00a0423 70 S\u00e4veSweden Kontakta mig! Snabbkontakt &#8211; &#8230; <a title=\"Kontakt\" class=\"read-more\" href=\"https:\/\/cisternsolutions.eu\/sv\/kontakt\/\" aria-label=\"L\u00e4s mer om Kontakt\">L\u00e4s mer<\/a><\/p>\n","protected":false},"author":4,"featured_media":0,"parent":0,"menu_order":1,"comment_status":"closed","ping_status":"closed","template":"","meta":{"footnotes":""},"class_list":["post-306","page","type-page","status-publish"],"yoast_head":"<!-- This site is optimized with the Yoast SEO plugin v27.4 - https:\/\/yoast.com\/product\/yoast-seo-wordpress\/ -->\n<title>Kontakta oss restaureing av tankar | Cistern Solutions Sweden<\/title>\n<meta name=\"description\" content=\"Vi \u00e4r experter med \u00f6ver 40 \u00e5rs erfarenhet av att \u00e5tg\u00e4rda l\u00e4ckande tankar och cisterner. Kontakta oss f\u00f6r mer information.\" \/>\n<meta name=\"robots\" content=\"index, follow, max-snippet:-1, max-image-preview:large, max-video-preview:-1\" \/>\n<link rel=\"canonical\" href=\"https:\/\/cisternsolutions.eu\/sv\/kontakt\/\" \/>\n<meta property=\"og:locale\" content=\"sv_SE\" \/>\n<meta property=\"og:type\" content=\"article\" \/>\n<meta property=\"og:title\" content=\"Kontakta oss restaureing av tankar | Cistern Solutions Sweden\" \/>\n<meta property=\"og:description\" content=\"Vi \u00e4r experter med \u00f6ver 40 \u00e5rs erfarenhet av att \u00e5tg\u00e4rda l\u00e4ckande tankar och cisterner. Kontakta oss f\u00f6r mer information.\" \/>\n<meta property=\"og:url\" content=\"https:\/\/cisternsolutions.eu\/sv\/kontakt\/\" \/>\n<meta property=\"og:site_name\" content=\"Cistern Solutions Sweden\" \/>\n<meta property=\"article:modified_time\" content=\"2026-01-07T11:28:43+00:00\" \/>\n<meta property=\"og:image\" content=\"https:\/\/cisternsolutions.eu\/wp-content\/uploads\/2024\/01\/ulf.jpg\" \/>\n<meta name=\"twitter:card\" content=\"summary_large_image\" \/>\n<meta name=\"twitter:label1\" content=\"Ber\u00e4knad l\u00e4stid\" \/>\n\t<meta name=\"twitter:data1\" content=\"1 minut\" \/>\n<script type=\"application\/ld+json\" class=\"yoast-schema-graph\">{\"@context\":\"https:\\\/\\\/schema.org\",\"@graph\":[{\"@type\":\"WebPage\",\"@id\":\"https:\\\/\\\/cisternsolutions.eu\\\/sv\\\/kontakt\\\/\",\"url\":\"https:\\\/\\\/cisternsolutions.eu\\\/sv\\\/kontakt\\\/\",\"name\":\"Kontakta oss restaureing av tankar | Cistern Solutions Sweden\",\"isPartOf\":{\"@id\":\"https:\\\/\\\/cisternsolutions.eu\\\/sv\\\/#website\"},\"primaryImageOfPage\":{\"@id\":\"https:\\\/\\\/cisternsolutions.eu\\\/sv\\\/kontakt\\\/#primaryimage\"},\"image\":{\"@id\":\"https:\\\/\\\/cisternsolutions.eu\\\/sv\\\/kontakt\\\/#primaryimage\"},\"thumbnailUrl\":\"https:\\\/\\\/cisternsolutions.eu\\\/wp-content\\\/uploads\\\/2024\\\/01\\\/ulf.jpg\",\"datePublished\":\"2016-06-30T09:20:12+00:00\",\"dateModified\":\"2026-01-07T11:28:43+00:00\",\"description\":\"Vi \u00e4r experter med \u00f6ver 40 \u00e5rs erfarenhet av att \u00e5tg\u00e4rda l\u00e4ckande tankar och cisterner. Kontakta oss f\u00f6r mer information.\",\"breadcrumb\":{\"@id\":\"https:\\\/\\\/cisternsolutions.eu\\\/sv\\\/kontakt\\\/#breadcrumb\"},\"inLanguage\":\"sv-SE\",\"potentialAction\":[{\"@type\":\"ReadAction\",\"target\":[\"https:\\\/\\\/cisternsolutions.eu\\\/sv\\\/kontakt\\\/\"]}]},{\"@type\":\"ImageObject\",\"inLanguage\":\"sv-SE\",\"@id\":\"https:\\\/\\\/cisternsolutions.eu\\\/sv\\\/kontakt\\\/#primaryimage\",\"url\":\"https:\\\/\\\/cisternsolutions.eu\\\/wp-content\\\/uploads\\\/2024\\\/01\\\/ulf.jpg\",\"contentUrl\":\"https:\\\/\\\/cisternsolutions.eu\\\/wp-content\\\/uploads\\\/2024\\\/01\\\/ulf.jpg\"},{\"@type\":\"BreadcrumbList\",\"@id\":\"https:\\\/\\\/cisternsolutions.eu\\\/sv\\\/kontakt\\\/#breadcrumb\",\"itemListElement\":[{\"@type\":\"ListItem\",\"position\":1,\"name\":\"Hem\",\"item\":\"https:\\\/\\\/cisternsolutions.eu\\\/sv\\\/\"},{\"@type\":\"ListItem\",\"position\":2,\"name\":\"Kontakt\"}]},{\"@type\":\"WebSite\",\"@id\":\"https:\\\/\\\/cisternsolutions.eu\\\/sv\\\/#website\",\"url\":\"https:\\\/\\\/cisternsolutions.eu\\\/sv\\\/\",\"name\":\"Cistern Solutions Sweden\",\"description\":\"Cistern Solutions Sweden\",\"publisher\":{\"@id\":\"https:\\\/\\\/cisternsolutions.eu\\\/sv\\\/#organization\"},\"potentialAction\":[{\"@type\":\"SearchAction\",\"target\":{\"@type\":\"EntryPoint\",\"urlTemplate\":\"https:\\\/\\\/cisternsolutions.eu\\\/sv\\\/?s={search_term_string}\"},\"query-input\":{\"@type\":\"PropertyValueSpecification\",\"valueRequired\":true,\"valueName\":\"search_term_string\"}}],\"inLanguage\":\"sv-SE\"},{\"@type\":\"Organization\",\"@id\":\"https:\\\/\\\/cisternsolutions.eu\\\/sv\\\/#organization\",\"name\":\"| Cistern Solutions Sweden AB\",\"url\":\"https:\\\/\\\/cisternsolutions.eu\\\/sv\\\/\",\"logo\":{\"@type\":\"ImageObject\",\"inLanguage\":\"sv-SE\",\"@id\":\"https:\\\/\\\/cisternsolutions.eu\\\/sv\\\/#\\\/schema\\\/logo\\\/image\\\/\",\"url\":\"https:\\\/\\\/cisternsolutions.eu\\\/wp-content\\\/uploads\\\/2023\\\/11\\\/CisternSolutions_orginal-logo.png\",\"contentUrl\":\"https:\\\/\\\/cisternsolutions.eu\\\/wp-content\\\/uploads\\\/2023\\\/11\\\/CisternSolutions_orginal-logo.png\",\"width\":1045,\"height\":293,\"caption\":\"| Cistern Solutions Sweden AB\"},\"image\":{\"@id\":\"https:\\\/\\\/cisternsolutions.eu\\\/sv\\\/#\\\/schema\\\/logo\\\/image\\\/\"}}]}<\/script>\n<!-- \/ Yoast SEO plugin. -->","yoast_head_json":{"title":"Kontakta oss restaureing av tankar | Cistern Solutions Sweden","description":"Vi \u00e4r experter med \u00f6ver 40 \u00e5rs erfarenhet av att \u00e5tg\u00e4rda l\u00e4ckande tankar och cisterner. Kontakta oss f\u00f6r mer information.","robots":{"index":"index","follow":"follow","max-snippet":"max-snippet:-1","max-image-preview":"max-image-preview:large","max-video-preview":"max-video-preview:-1"},"canonical":"https:\/\/cisternsolutions.eu\/sv\/kontakt\/","og_locale":"sv_SE","og_type":"article","og_title":"Kontakta oss restaureing av tankar | Cistern Solutions Sweden","og_description":"Vi \u00e4r experter med \u00f6ver 40 \u00e5rs erfarenhet av att \u00e5tg\u00e4rda l\u00e4ckande tankar och cisterner. Kontakta oss f\u00f6r mer information.","og_url":"https:\/\/cisternsolutions.eu\/sv\/kontakt\/","og_site_name":"Cistern Solutions Sweden","article_modified_time":"2026-01-07T11:28:43+00:00","og_image":[{"url":"https:\/\/cisternsolutions.eu\/wp-content\/uploads\/2024\/01\/ulf.jpg","type":"","width":"","height":""}],"twitter_card":"summary_large_image","twitter_misc":{"Ber\u00e4knad l\u00e4stid":"1 minut"},"schema":{"@context":"https:\/\/schema.org","@graph":[{"@type":"WebPage","@id":"https:\/\/cisternsolutions.eu\/sv\/kontakt\/","url":"https:\/\/cisternsolutions.eu\/sv\/kontakt\/","name":"Kontakta oss restaureing av tankar | Cistern Solutions Sweden","isPartOf":{"@id":"https:\/\/cisternsolutions.eu\/sv\/#website"},"primaryImageOfPage":{"@id":"https:\/\/cisternsolutions.eu\/sv\/kontakt\/#primaryimage"},"image":{"@id":"https:\/\/cisternsolutions.eu\/sv\/kontakt\/#primaryimage"},"thumbnailUrl":"https:\/\/cisternsolutions.eu\/wp-content\/uploads\/2024\/01\/ulf.jpg","datePublished":"2016-06-30T09:20:12+00:00","dateModified":"2026-01-07T11:28:43+00:00","description":"Vi \u00e4r experter med \u00f6ver 40 \u00e5rs erfarenhet av att \u00e5tg\u00e4rda l\u00e4ckande tankar och cisterner. Kontakta oss f\u00f6r mer information.","breadcrumb":{"@id":"https:\/\/cisternsolutions.eu\/sv\/kontakt\/#breadcrumb"},"inLanguage":"sv-SE","potentialAction":[{"@type":"ReadAction","target":["https:\/\/cisternsolutions.eu\/sv\/kontakt\/"]}]},{"@type":"ImageObject","inLanguage":"sv-SE","@id":"https:\/\/cisternsolutions.eu\/sv\/kontakt\/#primaryimage","url":"https:\/\/cisternsolutions.eu\/wp-content\/uploads\/2024\/01\/ulf.jpg","contentUrl":"https:\/\/cisternsolutions.eu\/wp-content\/uploads\/2024\/01\/ulf.jpg"},{"@type":"BreadcrumbList","@id":"https:\/\/cisternsolutions.eu\/sv\/kontakt\/#breadcrumb","itemListElement":[{"@type":"ListItem","position":1,"name":"Hem","item":"https:\/\/cisternsolutions.eu\/sv\/"},{"@type":"ListItem","position":2,"name":"Kontakt"}]},{"@type":"WebSite","@id":"https:\/\/cisternsolutions.eu\/sv\/#website","url":"https:\/\/cisternsolutions.eu\/sv\/","name":"Cistern Solutions Sweden","description":"Cistern Solutions Sweden","publisher":{"@id":"https:\/\/cisternsolutions.eu\/sv\/#organization"},"potentialAction":[{"@type":"SearchAction","target":{"@type":"EntryPoint","urlTemplate":"https:\/\/cisternsolutions.eu\/sv\/?s={search_term_string}"},"query-input":{"@type":"PropertyValueSpecification","valueRequired":true,"valueName":"search_term_string"}}],"inLanguage":"sv-SE"},{"@type":"Organization","@id":"https:\/\/cisternsolutions.eu\/sv\/#organization","name":"| Cistern Solutions Sweden AB","url":"https:\/\/cisternsolutions.eu\/sv\/","logo":{"@type":"ImageObject","inLanguage":"sv-SE","@id":"https:\/\/cisternsolutions.eu\/sv\/#\/schema\/logo\/image\/","url":"https:\/\/cisternsolutions.eu\/wp-content\/uploads\/2023\/11\/CisternSolutions_orginal-logo.png","contentUrl":"https:\/\/cisternsolutions.eu\/wp-content\/uploads\/2023\/11\/CisternSolutions_orginal-logo.png","width":1045,"height":293,"caption":"| Cistern Solutions Sweden AB"},"image":{"@id":"https:\/\/cisternsolutions.eu\/sv\/#\/schema\/logo\/image\/"}}]}},"_links":{"self":[{"href":"https:\/\/cisternsolutions.eu\/sv\/wp-json\/wp\/v2\/pages\/306","targetHints":{"allow":["GET"]}}],"collection":[{"href":"https:\/\/cisternsolutions.eu\/sv\/wp-json\/wp\/v2\/pages"}],"about":[{"href":"https:\/\/cisternsolutions.eu\/sv\/wp-json\/wp\/v2\/types\/page"}],"author":[{"embeddable":true,"href":"https:\/\/cisternsolutions.eu\/sv\/wp-json\/wp\/v2\/users\/4"}],"replies":[{"embeddable":true,"href":"https:\/\/cisternsolutions.eu\/sv\/wp-json\/wp\/v2\/comments?post=306"}],"version-history":[{"count":11,"href":"https:\/\/cisternsolutions.eu\/sv\/wp-json\/wp\/v2\/pages\/306\/revisions"}],"predecessor-version":[{"id":8224,"href":"https:\/\/cisternsolutions.eu\/sv\/wp-json\/wp\/v2\/pages\/306\/revisions\/8224"}],"wp:attachment":[{"href":"https:\/\/cisternsolutions.eu\/sv\/wp-json\/wp\/v2\/media?parent=306"}],"curies":[{"name":"wp","href":"https:\/\/api.w.org\/{rel}","templated":true}]}}