{"id":8486,"date":"2025-11-26T15:58:53","date_gmt":"2025-11-26T14:58:53","guid":{"rendered":"https:\/\/cisternsolutions.eu\/pagina-inicial-2\/"},"modified":"2026-01-29T15:44:12","modified_gmt":"2026-01-29T14:44:12","slug":"pagina-inicial","status":"publish","type":"page","link":"https:\/\/cisternsolutions.eu\/pt-pt\/","title":{"rendered":"P\u00e1gina inicial"},"content":{"rendered":"\r\n<h1>\u00c9s especialista em tanques e cisternas<\/h1>\r\n<p>  A Cistern Solutions trabalha, renova e melhora as cisternas em toda a Europa.<\/p>\r\n<p> <a role=\"button\" href=\"tel:+46%2010-211%2051%2052\" target=\"_self\" aria-label=\"+46 (0)10-211 51 52\"> +46 (0)10-211 51 52 <\/a> <a role=\"button\" href=\"mailto:info@cisternsolutions.se\" target=\"_self\" aria-label=\"info@cisternsolutions.se\"> info@cisternsolutions.se <\/a> <\/p>\r\n<h2>Sprinklertankar byggda f\u00f6r framtidens brandskydd<\/h2>\r\n<p>A Cistern Solutions constr\u00f3i e fornece tanques de aspers\u00e3o e cisternas em todas as \u00e1reas &#8211; desde as mais industriais at\u00e9 aos tanques para aspers\u00e3o de edif\u00edcios. O nosso objetivo \u00e9 o seguinte: m\u00e1xima deriva, baixa vida \u00fatil e m\u00ednimo desgaste. <\/p>\r\n<p>A sua constru\u00e7\u00e3o \u00fanica gera tanques robustos, resistentes e flex\u00edveis que podem ser ultrapassados depois de serem utilizados com rapidez e seguran\u00e7a. O resultado \u00e9 um sistema que custa o m\u00ednimo poss\u00edvel e que gera um grande prest\u00edgio de ano para ano &#8211; e em d\u00e9cadas. <\/p>\r\n<p>Um investimento inteligente e duradouro para quem quer ter uma marca est\u00e1vel, s\u00f3lida e segura.<\/p>\r\n<p><a role=\"button\" target=\"_self\" aria-label=\"Tanktillverkning\">  Tanktillverkning  <\/a><\/p>\r\n<h2>Vi renoverar tankar<\/h2>\r\n<p>A Cistern Solutions renova os tanques de aspers\u00e3o com o m\u00ednimo de esfor\u00e7o poss\u00edvel. Estamos a par de todo o processo &#8211; desde a inspe\u00e7\u00e3o e planeamento at\u00e9 ao controlo de gest\u00e3o e controlo de cortes. <\/p>\r\n<p>Ao renovar o sistema de aspers\u00e3o, podes ter uma vis\u00e3o abrangente, que te permita ter um sistema de aspers\u00e3o totalmente ativo no teu jardim. Elimina o risco de custos com marcas comerciais e permite que a marca seja cont\u00ednua e de qualidade durante o per\u00edodo de renova\u00e7\u00e3o. <\/p>\r\n<p><a role=\"button\" target=\"_self\" aria-label=\"Renovera tank\">  Tanque Renovera  <\/a><\/p>\r\n<h2>Vi besiktigar tankar<\/h2>\r\n<p>A Cistern Solutions fornece um tanque de aspers\u00e3o com um sistema de subtens\u00e3o avan\u00e7ado.<\/p>\r\n<p>O m\u00e9todo consiste em poupar o tid och pengar samtidigt som du f\u00e5r en konkret \u00f6verblick av eventuella skador, korrosion och avlagringar.<\/p>\r\n<p>Atrav\u00e9s de uma descri\u00e7\u00e3o pormenorizada, podes planear o teu trabalho e resolver qualquer problema.<\/p>\r\n<p><a role=\"button\" target=\"_self\" aria-label=\"Inspektera tank\">  Tanque Inspektera  <\/a><\/p>\r\n<h2>Exemplo de um tanque que foi utilizado<\/h2>\r\n<p>J\u00e1 trabalhaste num projeto recente como o que te parece ser a tua ideia? Aqui podes dizer-me se encontraste algum problema para a tua empresa.   <\/p>\r\n<h2>Queres um tanque de rega ou um tanque de rega?<\/h2>\r\n<p>J\u00e1 procuraste um tanque de rega bonito? Como \u00e9 que o teu pai pode ajudar-te a renovar o teu tanque de rega? <\/p>\r\n<p>A Cistern Solutions pode ajudar-te em todas as tr\u00eas situa\u00e7\u00f5es.<\/p>\r\n<p>Se quiseres instalar um tanque de \u00e1gua pot\u00e1vel, podes ver o que h\u00e1 de melhor em termos de tanques de \u00e1gua pot\u00e1vel com foco na seguran\u00e7a ou na deriva.<\/p>\r\n<p><strong>Contacta-nos atrav\u00e9s de um formul\u00e1rio para saberes mais sobre os resultados, as vantagens e desvantagens.<\/strong><\/p>\r\n<form id=\"fluentform_1\" method=\"POST\" data-form_id=\"1\" data-form_instance=\"ff_form_instance_1_1\" data-recptcha_key=\"6LclVsMpAAAAALbQlfjI40nUI01kkMo-WKOg0nvc\"><fieldset><legend>Formul\u00e1rio de contacto &#8211; SE<\/legend><input name=\"__fluent_form_embded_post_id\" type=\"hidden\" value=\"8069\"><input id=\"_fluentform_1_fluentformnonce\" name=\"_fluentform_1_fluentformnonce\" type=\"hidden\" value=\"fcde2d9e7f\"><input name=\"_wp_http_referer\" type=\"hidden\" value=\"\/sv\/?page_id=8069&amp;fl_builder\"><label id=\"label_ff_1_names_first_name_\" for=\"ff_1_names_first_name_\">Jag heter &#8230;<\/label><input id=\"ff_1_names_first_name_\" name=\"names[first_name]\" type=\"text\" placeholder=\"F\u00f6r- och efternamn\" aria-invalid=\"false\" aria-required=\"true\/\"><label id=\"label_ff_1_input_text\" for=\"ff_1_input_text\" aria-label=\"F\u00f6retag\">Nome da empresa<\/label><input id=\"ff_1_input_text\" name=\"input_text\" type=\"text\" placeholder=\"Trabalha no emprego ...\" data-name=\"input_text\" aria-invalid=\"false\" aria-required=\"true\/\"><label id=\"label_ff_1_email\" for=\"ff_1_email\" aria-label=\"Mejladress\">Mejladress<\/label><input id=\"ff_1_email\" name=\"email\" type=\"email\" placeholder=\"Mejla till mig p\u00e5 ...\" data-name=\"email\" aria-invalid=\"false\" aria-required=\"true\/\"><label id=\"label_ff_1_phone\" for=\"ff_1_phone\" aria-label=\"Telefonnummer\">N\u00famero de telefone<\/label><input id=\"ff_1_phone\" name=\"phone\" type=\"tel\" placeholder=\"Mitt nummer ...\" data-name=\"phone\" aria-invalid=\"false\" aria-required=\"true\/\"><label id=\"label_ff_1_subject\" for=\"ff_1_subject\" aria-label=\"\u00c4mne\">\u00c4mne<\/label><input id=\"ff_1_subject\" name=\"subject\" type=\"text\" placeholder=\"Est\u00e1s interessado em ....\" data-name=\"subject\" aria-invalid=\"false\" aria-required=\"true\/\"><label aria-label=\"Typ av tank\">Dep\u00f3sito t\u00edpico<\/label><label class=\"ff-el-form-check-label\"><input id=\"checkbox_1_11ea235f52ae65af76cb30d1245eaf2c\" name=\"checkbox_1[]\" type=\"checkbox\" value=\"Sprinklertank\" data-name=\"checkbox_1\" aria-label=\"Sprinklertank\" aria-invalid=\"false\" aria-required=\"false\/\">  Tanque de aspers\u00e3o<\/label><label class=\"ff-el-form-check-label\"><input id=\"checkbox_1_cec3dd2333584eb6de2bc2e644a68a74\" name=\"checkbox_1[]\" type=\"checkbox\" value=\"Processtank\" data-name=\"checkbox_1\" aria-label=\"Processtank\" aria-invalid=\"false\" aria-required=\"false\/\">  Processa o tanque<\/label><label class=\"ff-el-form-check-label\"><input id=\"checkbox_1_29a373548a9fbd9bddc0af5f11aa7d2b\" name=\"checkbox_1[]\" type=\"checkbox\" value=\"Annan tank\" data-name=\"checkbox_1\" aria-label=\"Annan tank\" aria-invalid=\"false\" aria-required=\"false\/\">  Tanque de Annan<\/label><label aria-label=\"Tj\u00e4nst\">Tj\u00e4nst  <\/label><label class=\"ff-el-form-check-label\"><input id=\"checkbox_554e8be31bd42ec5d76e8e0619ca98fe\" name=\"checkbox[]\" type=\"checkbox\" value=\"Inspektion\" data-name=\"checkbox\" aria-label=\"Inspektion\" aria-invalid=\"false\" aria-required=\"false\/\">  Inspe\u00e7\u00e3o<\/label><label class=\"ff-el-form-check-label\"><input id=\"checkbox_a38634e25b9693d9dcf5cb3ca82f5f5b\" name=\"checkbox[]\" type=\"checkbox\" value=\"Renovering\" data-name=\"checkbox\" aria-label=\"Renovering\" aria-invalid=\"false\" aria-required=\"false\/\">  Renovering<\/label><label class=\"ff-el-form-check-label\"><input id=\"checkbox_4913e1b9f463ef180eab2121698b08c3\" name=\"checkbox[]\" type=\"checkbox\" value=\"Annant\" data-name=\"checkbox\" aria-label=\"Annant\" aria-invalid=\"false\" aria-required=\"false\/\">  Anuncia\u00e7\u00e3o<\/label><label id=\"label_ff_1_multi_select_1\" for=\"ff_1_multi_select_1\" aria-label=\"Antal tankar\">Antal tankar<\/label><select id=\"ff_1_multi_select_1\" multiple name=\"multi_select_1[]\" data-name=\"multi_select_1\" data-calc_value=\"0\" aria-invalid=\"false\" aria-required=\"false\" aria-labelledby=\"label_ff_1_multi_select_1\">\r\n<option value=\"\">Antal tankar<\/option>\r\n<option value=\"0\">0<\/option>\r\n<option value=\"1\">1<\/option>\r\n<option value=\"2\">2<\/option>\r\n<option value=\"3\">3<\/option>\r\n<option value=\"4\">4<\/option>\r\n<option value=\"5\">5<\/option>\r\n<option value=\"6\">6<\/option>\r\n<option value=\"7\">7<\/option>\r\n<option value=\"8\">8<\/option>\r\n<option value=\"9\">9<\/option>\r\n<option value=\"10 eller fler\">10 eller fler<\/option>\r\n<\/select><label id=\"label_ff_1_message\" for=\"ff_1_message\" aria-label=\"Meddelande\">Meddelande<\/label><textarea id=\"ff_1_message\" cols=\"2\" name=\"message\" rows=\"4\" placeholder=\"Escreve coment\u00e1rios ou coment\u00e1rios em ....\" aria-required=\"true\" aria-labelledby=\"label_ff_1_message\" data-name=\"message\"><\/textarea><label class=\"ff-el-form-check-label ff_tc_label\" for=\"gdpr-agreement_b79364e3a381354b10fe86e56fb98848\" aria-label=\"Jag samtycker till att denna webbplats lagrar min inl\u00e4mnade information s\u00e5 att de kan svara p\u00e5 min f\u00f6rfr\u00e5gan. Informationen lagras i 1 \u00e5r.\"><input id=\"gdpr-agreement_b79364e3a381354b10fe86e56fb98848\" name=\"gdpr-agreement\" type=\"checkbox\" value=\"on\" data-name=\"gdpr-agreement\" aria-invalid=\"false\" aria-required=\"true\/\">  A tua p\u00e1gina de Internet est\u00e1 a disponibilizar informa\u00e7\u00f5es sobre os meus clientes, para que eles possam ajudar no meu trabalho. As informa\u00e7\u00f5es s\u00e3o v\u00e1lidas por 1 ano.   <\/label><button type=\"submit\" aria-label=\"Skicka\">Skicka<\/button><\/fieldset><\/form>","protected":false},"excerpt":{"rendered":"<p>\u00c9s especialista em tanques e cisternas A Cistern Solutions trabalha, renova e melhora as cisternas em toda a Europa. +46 (0)10-211 51 52 info@cisternsolutions.se Sprinklertankar byggda f\u00f6r framtidens brandskydd A Cistern Solutions constr\u00f3i e fornece tanques de aspers\u00e3o e cisternas em todas as \u00e1reas &#8211; desde as mais industriais at\u00e9 &#8230; <a title=\"P\u00e1gina inicial\" class=\"read-more\" href=\"https:\/\/cisternsolutions.eu\/pt-pt\/\" aria-label=\"Leia mais sobre P\u00e1gina inicial\">L\u00e4s mer<\/a><\/p>\n","protected":false},"author":4,"featured_media":0,"parent":0,"menu_order":0,"comment_status":"closed","ping_status":"closed","template":"","meta":{"footnotes":""},"class_list":["post-8486","page","type-page","status-publish"],"yoast_head":"<!-- This site is optimized with the Yoast SEO plugin v27.4 - https:\/\/yoast.com\/product\/yoast-seo-wordpress\/ -->\n<title>Fabrico e renova\u00e7\u00e3o de tanques de aspers\u00e3o | Cistern Solutions<\/title>\n<meta name=\"description\" content=\"Fabricamos, inspeccionamos e renovamos tanques de aspers\u00e3o e cisternas. Solu\u00e7\u00f5es sustent\u00e1veis com foco na seguran\u00e7a e longevidade.\" \/>\n<meta name=\"robots\" content=\"index, follow, max-snippet:-1, max-image-preview:large, max-video-preview:-1\" \/>\n<link rel=\"canonical\" href=\"https:\/\/cisternsolutions.eu\/pt-pt\/\" \/>\n<meta property=\"og:locale\" content=\"pt_PT\" \/>\n<meta property=\"og:type\" content=\"article\" \/>\n<meta property=\"og:title\" content=\"Fabrico e renova\u00e7\u00e3o de tanques de aspers\u00e3o | Cistern Solutions\" \/>\n<meta property=\"og:description\" content=\"Fabricamos, inspeccionamos e renovamos tanques de aspers\u00e3o e cisternas. Solu\u00e7\u00f5es sustent\u00e1veis com foco na seguran\u00e7a e longevidade.\" \/>\n<meta property=\"og:url\" content=\"https:\/\/cisternsolutions.eu\/pt-pt\/\" \/>\n<meta property=\"og:site_name\" content=\"Cistern Solutions Sweden\" \/>\n<meta property=\"article:modified_time\" content=\"2026-01-29T14:44:12+00:00\" \/>\n<meta name=\"twitter:card\" content=\"summary_large_image\" \/>\n<meta name=\"twitter:label1\" content=\"Tempo estimado de leitura\" \/>\n\t<meta name=\"twitter:data1\" content=\"3 minutos\" \/>\n<script type=\"application\/ld+json\" class=\"yoast-schema-graph\">{\"@context\":\"https:\\\/\\\/schema.org\",\"@graph\":[{\"@type\":\"WebPage\",\"@id\":\"https:\\\/\\\/cisternsolutions.eu\\\/pt-pt\\\/\",\"url\":\"https:\\\/\\\/cisternsolutions.eu\\\/pt-pt\\\/\",\"name\":\"Fabrico e renova\u00e7\u00e3o de tanques de aspers\u00e3o | Cistern Solutions\",\"isPartOf\":{\"@id\":\"https:\\\/\\\/cisternsolutions.eu\\\/pt-pt\\\/#website\"},\"datePublished\":\"2025-11-26T14:58:53+00:00\",\"dateModified\":\"2026-01-29T14:44:12+00:00\",\"description\":\"Fabricamos, inspeccionamos e renovamos tanques de aspers\u00e3o e cisternas. Solu\u00e7\u00f5es sustent\u00e1veis com foco na seguran\u00e7a e longevidade.\",\"breadcrumb\":{\"@id\":\"https:\\\/\\\/cisternsolutions.eu\\\/pt-pt\\\/#breadcrumb\"},\"inLanguage\":\"pt-PT\",\"potentialAction\":[{\"@type\":\"ReadAction\",\"target\":[\"https:\\\/\\\/cisternsolutions.eu\\\/pt-pt\\\/\"]}]},{\"@type\":\"BreadcrumbList\",\"@id\":\"https:\\\/\\\/cisternsolutions.eu\\\/pt-pt\\\/#breadcrumb\",\"itemListElement\":[{\"@type\":\"ListItem\",\"position\":1,\"name\":\"Hem\",\"item\":\"https:\\\/\\\/cisternsolutions.eu\\\/pt-pt\\\/pagina-inicial\\\/\"},{\"@type\":\"ListItem\",\"position\":2,\"name\":\"P\u00e1gina inicial\"}]},{\"@type\":\"WebSite\",\"@id\":\"https:\\\/\\\/cisternsolutions.eu\\\/pt-pt\\\/#website\",\"url\":\"https:\\\/\\\/cisternsolutions.eu\\\/pt-pt\\\/\",\"name\":\"Cistern Solutions Sweden\",\"description\":\"Cistern Solutions Sweden\",\"publisher\":{\"@id\":\"https:\\\/\\\/cisternsolutions.eu\\\/pt-pt\\\/#organization\"},\"potentialAction\":[{\"@type\":\"SearchAction\",\"target\":{\"@type\":\"EntryPoint\",\"urlTemplate\":\"https:\\\/\\\/cisternsolutions.eu\\\/pt-pt\\\/?s={search_term_string}\"},\"query-input\":{\"@type\":\"PropertyValueSpecification\",\"valueRequired\":true,\"valueName\":\"search_term_string\"}}],\"inLanguage\":\"pt-PT\"},{\"@type\":\"Organization\",\"@id\":\"https:\\\/\\\/cisternsolutions.eu\\\/pt-pt\\\/#organization\",\"name\":\"| Cistern Solutions Sweden AB\",\"url\":\"https:\\\/\\\/cisternsolutions.eu\\\/pt-pt\\\/\",\"logo\":{\"@type\":\"ImageObject\",\"inLanguage\":\"pt-PT\",\"@id\":\"https:\\\/\\\/cisternsolutions.eu\\\/pt-pt\\\/#\\\/schema\\\/logo\\\/image\\\/\",\"url\":\"https:\\\/\\\/cisternsolutions.eu\\\/wp-content\\\/uploads\\\/2023\\\/11\\\/CisternSolutions_orginal-logo.png\",\"contentUrl\":\"https:\\\/\\\/cisternsolutions.eu\\\/wp-content\\\/uploads\\\/2023\\\/11\\\/CisternSolutions_orginal-logo.png\",\"width\":1045,\"height\":293,\"caption\":\"| Cistern Solutions Sweden AB\"},\"image\":{\"@id\":\"https:\\\/\\\/cisternsolutions.eu\\\/pt-pt\\\/#\\\/schema\\\/logo\\\/image\\\/\"}}]}<\/script>\n<!-- \/ Yoast SEO plugin. -->","yoast_head_json":{"title":"Fabrico e renova\u00e7\u00e3o de tanques de aspers\u00e3o | Cistern Solutions","description":"Fabricamos, inspeccionamos e renovamos tanques de aspers\u00e3o e cisternas. Solu\u00e7\u00f5es sustent\u00e1veis com foco na seguran\u00e7a e longevidade.","robots":{"index":"index","follow":"follow","max-snippet":"max-snippet:-1","max-image-preview":"max-image-preview:large","max-video-preview":"max-video-preview:-1"},"canonical":"https:\/\/cisternsolutions.eu\/pt-pt\/","og_locale":"pt_PT","og_type":"article","og_title":"Fabrico e renova\u00e7\u00e3o de tanques de aspers\u00e3o | Cistern Solutions","og_description":"Fabricamos, inspeccionamos e renovamos tanques de aspers\u00e3o e cisternas. Solu\u00e7\u00f5es sustent\u00e1veis com foco na seguran\u00e7a e longevidade.","og_url":"https:\/\/cisternsolutions.eu\/pt-pt\/","og_site_name":"Cistern Solutions Sweden","article_modified_time":"2026-01-29T14:44:12+00:00","twitter_card":"summary_large_image","twitter_misc":{"Tempo estimado de leitura":"3 minutos"},"schema":{"@context":"https:\/\/schema.org","@graph":[{"@type":"WebPage","@id":"https:\/\/cisternsolutions.eu\/pt-pt\/","url":"https:\/\/cisternsolutions.eu\/pt-pt\/","name":"Fabrico e renova\u00e7\u00e3o de tanques de aspers\u00e3o | Cistern Solutions","isPartOf":{"@id":"https:\/\/cisternsolutions.eu\/pt-pt\/#website"},"datePublished":"2025-11-26T14:58:53+00:00","dateModified":"2026-01-29T14:44:12+00:00","description":"Fabricamos, inspeccionamos e renovamos tanques de aspers\u00e3o e cisternas. Solu\u00e7\u00f5es sustent\u00e1veis com foco na seguran\u00e7a e longevidade.","breadcrumb":{"@id":"https:\/\/cisternsolutions.eu\/pt-pt\/#breadcrumb"},"inLanguage":"pt-PT","potentialAction":[{"@type":"ReadAction","target":["https:\/\/cisternsolutions.eu\/pt-pt\/"]}]},{"@type":"BreadcrumbList","@id":"https:\/\/cisternsolutions.eu\/pt-pt\/#breadcrumb","itemListElement":[{"@type":"ListItem","position":1,"name":"Hem","item":"https:\/\/cisternsolutions.eu\/pt-pt\/pagina-inicial\/"},{"@type":"ListItem","position":2,"name":"P\u00e1gina inicial"}]},{"@type":"WebSite","@id":"https:\/\/cisternsolutions.eu\/pt-pt\/#website","url":"https:\/\/cisternsolutions.eu\/pt-pt\/","name":"Cistern Solutions Sweden","description":"Cistern Solutions Sweden","publisher":{"@id":"https:\/\/cisternsolutions.eu\/pt-pt\/#organization"},"potentialAction":[{"@type":"SearchAction","target":{"@type":"EntryPoint","urlTemplate":"https:\/\/cisternsolutions.eu\/pt-pt\/?s={search_term_string}"},"query-input":{"@type":"PropertyValueSpecification","valueRequired":true,"valueName":"search_term_string"}}],"inLanguage":"pt-PT"},{"@type":"Organization","@id":"https:\/\/cisternsolutions.eu\/pt-pt\/#organization","name":"| Cistern Solutions Sweden AB","url":"https:\/\/cisternsolutions.eu\/pt-pt\/","logo":{"@type":"ImageObject","inLanguage":"pt-PT","@id":"https:\/\/cisternsolutions.eu\/pt-pt\/#\/schema\/logo\/image\/","url":"https:\/\/cisternsolutions.eu\/wp-content\/uploads\/2023\/11\/CisternSolutions_orginal-logo.png","contentUrl":"https:\/\/cisternsolutions.eu\/wp-content\/uploads\/2023\/11\/CisternSolutions_orginal-logo.png","width":1045,"height":293,"caption":"| Cistern Solutions Sweden AB"},"image":{"@id":"https:\/\/cisternsolutions.eu\/pt-pt\/#\/schema\/logo\/image\/"}}]}},"_links":{"self":[{"href":"https:\/\/cisternsolutions.eu\/pt-pt\/wp-json\/wp\/v2\/pages\/8486","targetHints":{"allow":["GET"]}}],"collection":[{"href":"https:\/\/cisternsolutions.eu\/pt-pt\/wp-json\/wp\/v2\/pages"}],"about":[{"href":"https:\/\/cisternsolutions.eu\/pt-pt\/wp-json\/wp\/v2\/types\/page"}],"author":[{"embeddable":true,"href":"https:\/\/cisternsolutions.eu\/pt-pt\/wp-json\/wp\/v2\/users\/4"}],"replies":[{"embeddable":true,"href":"https:\/\/cisternsolutions.eu\/pt-pt\/wp-json\/wp\/v2\/comments?post=8486"}],"version-history":[{"count":2,"href":"https:\/\/cisternsolutions.eu\/pt-pt\/wp-json\/wp\/v2\/pages\/8486\/revisions"}],"predecessor-version":[{"id":8563,"href":"https:\/\/cisternsolutions.eu\/pt-pt\/wp-json\/wp\/v2\/pages\/8486\/revisions\/8563"}],"wp:attachment":[{"href":"https:\/\/cisternsolutions.eu\/pt-pt\/wp-json\/wp\/v2\/media?parent=8486"}],"curies":[{"name":"wp","href":"https:\/\/api.w.org\/{rel}","templated":true}]}}