{"id":7633,"date":"2014-09-07T09:47:49","date_gmt":"2014-09-07T07:47:49","guid":{"rendered":"https:\/\/cisternsolutions.eu\/referencias\/"},"modified":"2025-12-12T15:56:49","modified_gmt":"2025-12-12T14:56:49","slug":"referencias","status":"publish","type":"page","link":"https:\/\/cisternsolutions.eu\/pt-pt\/referencias\/","title":{"rendered":"Refer\u00eancias"},"content":{"rendered":"\n\n\t\t<h1>\n\t\t\tTens curiosidade em conhecer os nossos empregos de refer\u00eancia?\n\t\t<\/h1>\n\t\t\t<p>Aqui podes encontrar mais informa\u00e7\u00f5es sobre os diferentes tipos de trabalhos que realiz\u00e1mos em diferentes \u00e1reas.  <\/p>\t\t\n\n","protected":false},"excerpt":{"rendered":"<p>Tens curiosidade em conhecer os nossos empregos de refer\u00eancia? Aqui podes encontrar mais informa\u00e7\u00f5es sobre os diferentes tipos de trabalhos que realiz\u00e1mos em diferentes \u00e1reas.<\/p>\n","protected":false},"author":4,"featured_media":0,"parent":0,"menu_order":4,"comment_status":"closed","ping_status":"closed","template":"","meta":{"footnotes":""},"class_list":["post-7633","page","type-page","status-publish"],"yoast_head":"<!-- This site is optimized with the Yoast SEO plugin v27.4 - https:\/\/yoast.com\/product\/yoast-seo-wordpress\/ -->\n<title>Renova\u00e7\u00e3o de tanques e cisternas de refer\u00eancia | Cistern Soultions Sweden<\/title>\n<meta name=\"description\" content=\"Tens curiosidade em conhecer as refer\u00eancias da Cistern Solutions Sweden? Fizemos um trabalho semelhante ao teu projeto? L\u00ea mais aqui ...\" \/>\n<meta name=\"robots\" content=\"index, follow, max-snippet:-1, max-image-preview:large, max-video-preview:-1\" \/>\n<link rel=\"canonical\" href=\"https:\/\/cisternsolutions.eu\/pt-pt\/referencias\/\" \/>\n<meta property=\"og:locale\" content=\"pt_PT\" \/>\n<meta property=\"og:type\" content=\"article\" \/>\n<meta property=\"og:title\" content=\"Renova\u00e7\u00e3o de tanques e cisternas de refer\u00eancia | Cistern Soultions Sweden\" \/>\n<meta property=\"og:description\" content=\"Tens curiosidade em conhecer as refer\u00eancias da Cistern Solutions Sweden? Fizemos um trabalho semelhante ao teu projeto? L\u00ea mais aqui ...\" \/>\n<meta property=\"og:url\" content=\"https:\/\/cisternsolutions.eu\/pt-pt\/referencias\/\" \/>\n<meta property=\"og:site_name\" content=\"Cistern Solutions Sweden\" \/>\n<meta property=\"article:modified_time\" content=\"2025-12-12T14:56:49+00:00\" \/>\n<meta name=\"twitter:card\" content=\"summary_large_image\" \/>\n<script type=\"application\/ld+json\" class=\"yoast-schema-graph\">{\"@context\":\"https:\\\/\\\/schema.org\",\"@graph\":[{\"@type\":\"WebPage\",\"@id\":\"https:\\\/\\\/cisternsolutions.eu\\\/pt-pt\\\/referencias\\\/\",\"url\":\"https:\\\/\\\/cisternsolutions.eu\\\/pt-pt\\\/referencias\\\/\",\"name\":\"Renova\u00e7\u00e3o de tanques e cisternas de refer\u00eancia | Cistern Soultions Sweden\",\"isPartOf\":{\"@id\":\"https:\\\/\\\/cisternsolutions.eu\\\/pt-pt\\\/#website\"},\"datePublished\":\"2014-09-07T07:47:49+00:00\",\"dateModified\":\"2025-12-12T14:56:49+00:00\",\"description\":\"Tens curiosidade em conhecer as refer\u00eancias da Cistern Solutions Sweden? Fizemos um trabalho semelhante ao teu projeto? L\u00ea mais aqui ...\",\"breadcrumb\":{\"@id\":\"https:\\\/\\\/cisternsolutions.eu\\\/pt-pt\\\/referencias\\\/#breadcrumb\"},\"inLanguage\":\"pt-PT\",\"potentialAction\":[{\"@type\":\"ReadAction\",\"target\":[\"https:\\\/\\\/cisternsolutions.eu\\\/pt-pt\\\/referencias\\\/\"]}]},{\"@type\":\"BreadcrumbList\",\"@id\":\"https:\\\/\\\/cisternsolutions.eu\\\/pt-pt\\\/referencias\\\/#breadcrumb\",\"itemListElement\":[{\"@type\":\"ListItem\",\"position\":1,\"name\":\"Hem\",\"item\":\"https:\\\/\\\/cisternsolutions.eu\\\/pt-pt\\\/pagina-inicial\\\/\"},{\"@type\":\"ListItem\",\"position\":2,\"name\":\"Refer\u00eancias\"}]},{\"@type\":\"WebSite\",\"@id\":\"https:\\\/\\\/cisternsolutions.eu\\\/pt-pt\\\/#website\",\"url\":\"https:\\\/\\\/cisternsolutions.eu\\\/pt-pt\\\/\",\"name\":\"Cistern Solutions Sweden\",\"description\":\"Cistern Solutions Sweden\",\"publisher\":{\"@id\":\"https:\\\/\\\/cisternsolutions.eu\\\/pt-pt\\\/#organization\"},\"potentialAction\":[{\"@type\":\"SearchAction\",\"target\":{\"@type\":\"EntryPoint\",\"urlTemplate\":\"https:\\\/\\\/cisternsolutions.eu\\\/pt-pt\\\/?s={search_term_string}\"},\"query-input\":{\"@type\":\"PropertyValueSpecification\",\"valueRequired\":true,\"valueName\":\"search_term_string\"}}],\"inLanguage\":\"pt-PT\"},{\"@type\":\"Organization\",\"@id\":\"https:\\\/\\\/cisternsolutions.eu\\\/pt-pt\\\/#organization\",\"name\":\"| Cistern Solutions Sweden AB\",\"url\":\"https:\\\/\\\/cisternsolutions.eu\\\/pt-pt\\\/\",\"logo\":{\"@type\":\"ImageObject\",\"inLanguage\":\"pt-PT\",\"@id\":\"https:\\\/\\\/cisternsolutions.eu\\\/pt-pt\\\/#\\\/schema\\\/logo\\\/image\\\/\",\"url\":\"https:\\\/\\\/cisternsolutions.eu\\\/wp-content\\\/uploads\\\/2023\\\/11\\\/CisternSolutions_orginal-logo.png\",\"contentUrl\":\"https:\\\/\\\/cisternsolutions.eu\\\/wp-content\\\/uploads\\\/2023\\\/11\\\/CisternSolutions_orginal-logo.png\",\"width\":1045,\"height\":293,\"caption\":\"| Cistern Solutions Sweden AB\"},\"image\":{\"@id\":\"https:\\\/\\\/cisternsolutions.eu\\\/pt-pt\\\/#\\\/schema\\\/logo\\\/image\\\/\"}}]}<\/script>\n<!-- \/ Yoast SEO plugin. -->","yoast_head_json":{"title":"Renova\u00e7\u00e3o de tanques e cisternas de refer\u00eancia | Cistern Soultions Sweden","description":"Tens curiosidade em conhecer as refer\u00eancias da Cistern Solutions Sweden? Fizemos um trabalho semelhante ao teu projeto? L\u00ea mais aqui ...","robots":{"index":"index","follow":"follow","max-snippet":"max-snippet:-1","max-image-preview":"max-image-preview:large","max-video-preview":"max-video-preview:-1"},"canonical":"https:\/\/cisternsolutions.eu\/pt-pt\/referencias\/","og_locale":"pt_PT","og_type":"article","og_title":"Renova\u00e7\u00e3o de tanques e cisternas de refer\u00eancia | Cistern Soultions Sweden","og_description":"Tens curiosidade em conhecer as refer\u00eancias da Cistern Solutions Sweden? Fizemos um trabalho semelhante ao teu projeto? L\u00ea mais aqui ...","og_url":"https:\/\/cisternsolutions.eu\/pt-pt\/referencias\/","og_site_name":"Cistern Solutions Sweden","article_modified_time":"2025-12-12T14:56:49+00:00","twitter_card":"summary_large_image","schema":{"@context":"https:\/\/schema.org","@graph":[{"@type":"WebPage","@id":"https:\/\/cisternsolutions.eu\/pt-pt\/referencias\/","url":"https:\/\/cisternsolutions.eu\/pt-pt\/referencias\/","name":"Renova\u00e7\u00e3o de tanques e cisternas de refer\u00eancia | Cistern Soultions Sweden","isPartOf":{"@id":"https:\/\/cisternsolutions.eu\/pt-pt\/#website"},"datePublished":"2014-09-07T07:47:49+00:00","dateModified":"2025-12-12T14:56:49+00:00","description":"Tens curiosidade em conhecer as refer\u00eancias da Cistern Solutions Sweden? Fizemos um trabalho semelhante ao teu projeto? L\u00ea mais aqui ...","breadcrumb":{"@id":"https:\/\/cisternsolutions.eu\/pt-pt\/referencias\/#breadcrumb"},"inLanguage":"pt-PT","potentialAction":[{"@type":"ReadAction","target":["https:\/\/cisternsolutions.eu\/pt-pt\/referencias\/"]}]},{"@type":"BreadcrumbList","@id":"https:\/\/cisternsolutions.eu\/pt-pt\/referencias\/#breadcrumb","itemListElement":[{"@type":"ListItem","position":1,"name":"Hem","item":"https:\/\/cisternsolutions.eu\/pt-pt\/pagina-inicial\/"},{"@type":"ListItem","position":2,"name":"Refer\u00eancias"}]},{"@type":"WebSite","@id":"https:\/\/cisternsolutions.eu\/pt-pt\/#website","url":"https:\/\/cisternsolutions.eu\/pt-pt\/","name":"Cistern Solutions Sweden","description":"Cistern Solutions Sweden","publisher":{"@id":"https:\/\/cisternsolutions.eu\/pt-pt\/#organization"},"potentialAction":[{"@type":"SearchAction","target":{"@type":"EntryPoint","urlTemplate":"https:\/\/cisternsolutions.eu\/pt-pt\/?s={search_term_string}"},"query-input":{"@type":"PropertyValueSpecification","valueRequired":true,"valueName":"search_term_string"}}],"inLanguage":"pt-PT"},{"@type":"Organization","@id":"https:\/\/cisternsolutions.eu\/pt-pt\/#organization","name":"| Cistern Solutions Sweden AB","url":"https:\/\/cisternsolutions.eu\/pt-pt\/","logo":{"@type":"ImageObject","inLanguage":"pt-PT","@id":"https:\/\/cisternsolutions.eu\/pt-pt\/#\/schema\/logo\/image\/","url":"https:\/\/cisternsolutions.eu\/wp-content\/uploads\/2023\/11\/CisternSolutions_orginal-logo.png","contentUrl":"https:\/\/cisternsolutions.eu\/wp-content\/uploads\/2023\/11\/CisternSolutions_orginal-logo.png","width":1045,"height":293,"caption":"| Cistern Solutions Sweden AB"},"image":{"@id":"https:\/\/cisternsolutions.eu\/pt-pt\/#\/schema\/logo\/image\/"}}]}},"_links":{"self":[{"href":"https:\/\/cisternsolutions.eu\/pt-pt\/wp-json\/wp\/v2\/pages\/7633","targetHints":{"allow":["GET"]}}],"collection":[{"href":"https:\/\/cisternsolutions.eu\/pt-pt\/wp-json\/wp\/v2\/pages"}],"about":[{"href":"https:\/\/cisternsolutions.eu\/pt-pt\/wp-json\/wp\/v2\/types\/page"}],"author":[{"embeddable":true,"href":"https:\/\/cisternsolutions.eu\/pt-pt\/wp-json\/wp\/v2\/users\/4"}],"replies":[{"embeddable":true,"href":"https:\/\/cisternsolutions.eu\/pt-pt\/wp-json\/wp\/v2\/comments?post=7633"}],"version-history":[{"count":2,"href":"https:\/\/cisternsolutions.eu\/pt-pt\/wp-json\/wp\/v2\/pages\/7633\/revisions"}],"predecessor-version":[{"id":8117,"href":"https:\/\/cisternsolutions.eu\/pt-pt\/wp-json\/wp\/v2\/pages\/7633\/revisions\/8117"}],"wp:attachment":[{"href":"https:\/\/cisternsolutions.eu\/pt-pt\/wp-json\/wp\/v2\/media?parent=7633"}],"curies":[{"name":"wp","href":"https:\/\/api.w.org\/{rel}","templated":true}]}}