{"id":7599,"date":"2024-06-18T10:11:10","date_gmt":"2024-06-18T08:11:10","guid":{"rendered":"https:\/\/cisternsolutions.eu\/laboratorio-de-testes\/"},"modified":"2024-10-23T19:37:10","modified_gmt":"2024-10-23T17:37:10","slug":"laboratorio-de-testes","status":"publish","type":"page","link":"https:\/\/cisternsolutions.eu\/pt-pt\/laboratorio-de-testes\/","title":{"rendered":"Laborat\u00f3rio de testes"},"content":{"rendered":"\n<h1>Testamos produtos e constru\u00e7\u00f5es<\/h1>\n<p><strong>i eget laboratorium  <\/strong><\/p>\n<h2>N\u00e3o te preocupes<\/h2>\n<p>A Cistern Solutions, a Aj Floor Solutions e a Dens 3 s\u00e3o empresas de servi\u00e7os que t\u00eam a mesma ambi\u00e7\u00e3o para as \u00e1rvores que utiliza. A empresa est\u00e1 a trabalhar em conjunto com os seus clientes e est\u00e1 sempre interessada em testar novos m\u00e9todos, constru\u00e7\u00f5es e tecnologias. Men det viktigaste f\u00f6r oss, \u00e4ven om vi \u00e4r p\u00e5 jakt efter innovativa s\u00e4tt att tackla problem, \u00e4r att erbjuda v\u00e5ra kunder p\u00e5litliga l\u00f6sningar som h\u00e5ller vad vi lovar. Para o conseguires, tens de fazer um teste de medi\u00e7\u00e3o na tua regi\u00e3o.   <\/p>\n<h3>O que est\u00e1s a testar?<\/h3>\n<p>Queres ir at\u00e9 l\u00e1? Fazes alguma recomenda\u00e7\u00e3o? Eu n\u00e3o me importo com isso, mas tamb\u00e9m n\u00e3o me importo que as recomenda\u00e7\u00f5es sejam mais fortes. Se n\u00e3o tiveres a certeza, podes fazer mais testes, mesmo que os teus fornecedores garantam que os produtos cumprem as normas. Det \u00e4r dessutom viktigt f\u00f6r oss att se hur produkterna fungerar i de sammanhang och konstruktioner vi anv\u00e4nder dem.    <\/p>\n<h3>Tester vi kan utf\u00f6ra:<\/h3>\n<ul>\n<li>O que \u00e9 o Mekaniska?<\/li>\n<li>P\u00e9s de galinha<\/li>\n<li>Como \u00e9 que a temperatura se mant\u00e9m<\/li>\n<li>Como \u00e9 que a luftfuktighet p\u00e5verkar<\/li>\n<\/ul>\n<h3>O que est\u00e1s a testar?<\/h3>\n<p>Det \u00e4r framf\u00f6r allt mekaniska och kemiska egenskaper vi testar. As tuas constru\u00e7\u00f5es podem ser usadas com base em crit\u00e9rios mec\u00e2nicos e de seguran\u00e7a. Podes, por exemplo, testar as constru\u00e7\u00f5es de estilo, de arrasto ou de fixa\u00e7\u00e3o. Se tiveres d\u00favidas sobre a qualidade do produto qu\u00edmico, testa se o produto \u00e9 feito com leite, \u00e1lcool, xarope (por exemplo, mirra ou sal) ou soda.    <\/p>\n<h3>Faz o teste at\u00e9<\/h3>\n<p>Como \u00e9 que o teste funciona? Tens um exemplo: Um fornecedor de bebidas alco\u00f3licas diz que um produto de epoxibela\u00e7\u00e3o tem 10 % de \u00e1lcool. Vi testar vad bel\u00e4ggningen g\u00e5r f\u00f6r genom att exponera ett prov f\u00f6r den angivna alkoholhalten, ibland \u00e4ven f\u00f6r en h\u00f6gre halt, under en tid och registrerar vad som h\u00e4nder. Den h\u00e4r typen av test ger oss bland annat en tydlig uppfattning om vilka marginaler vi har att r\u00f6ra oss med.   <\/p>\n<h3>Simula\u00e7\u00e3o de leite de vaca<\/h3>\n<p>Tens a possibilidade de testar o material e os produtos em fun\u00e7\u00e3o do clima. I sk\u00e5pet kan vi simulera olika klimatf\u00f6rh\u00e5llanden (v\u00e4rme\/kyla, fuktighet\/ torrhet) f\u00f6r att att testa h\u00e5llbarhet och prestanda under olika omst\u00e4ndigheter. Vi kan skapa \u00e5rstidscykler som stressar materialet\/produkten p\u00e5 ett s\u00e4tt som p\u00e5minner om den milj\u00f6 som det \u00e4r t\u00e4nkt att anv\u00e4ndas i. Det ger oss en bra bild av hur h\u00e5llbar l\u00f6sningen \u00e4r.   <\/p>\n<h3>Procura uma certifica\u00e7\u00e3o<\/h3>\n<p>A tua ambi\u00e7\u00e3o \u00e9 certificar o m\u00e9todo Cistern Solutions como um sistema de abastecimento para cisternas com v\u00e1rios tipos de combust\u00edvel, desde \u00e1gua e combust\u00edvel at\u00e9 gas\u00f3leo e biog\u00e1s. Para obteres uma certifica\u00e7\u00e3o, deves testar um laborat\u00f3rio acreditado. Se o material\/constru\u00e7\u00e3o for de cor clara, o laborat\u00f3rio deve efetuar testes espec\u00edficos.  <\/p>\n<p>A Vi tem vindo a recorrer ao RISE para testar os produtos que utiliza no \u00e2mbito do nome de produto Dens 3 &#8211; um sistema de prote\u00e7\u00e3o contra o rad\u00e3o, os emissores e o fumo. Os resultados dos testes revelam a nossa maior ambi\u00e7\u00e3o, mesmo em rela\u00e7\u00e3o ao m\u00e9todo da Cistern Solutions. <\/p>\n<p>Esperamos que a documenta\u00e7\u00e3o que nos foi fornecida seja \u00fatil para a descri\u00e7\u00e3o do m\u00e9todo da Cistern Solutions &#8211; que \u00e9 um m\u00e9todo de trabalho que permite a renova\u00e7\u00e3o de todos os tipos de cisternas.<\/p>\n<p><img decoding=\"async\" title=\"labb_03\" src=\"https:\/\/cisternsolutions.eu\/wp-content\/uploads\/2024\/06\/labb_03.jpg\" sizes=\"(max-width: 400px) 100vw, 400px\" srcset=\"https:\/\/cisternsolutions.eu\/wp-content\/uploads\/2024\/06\/labb_03.jpg 400w, https:\/\/cisternsolutions.eu\/wp-content\/uploads\/2024\/06\/labb_03-196x300.jpg 196w\" alt=\"labb_03\" width=\"400\" height=\"612\"><\/p>\n","protected":false},"excerpt":{"rendered":"<p>Testamos produtos e constru\u00e7\u00f5es i eget laboratorium N\u00e3o te preocupes A Cistern Solutions, a Aj Floor Solutions e a Dens 3 s\u00e3o empresas de servi\u00e7os que t\u00eam a mesma ambi\u00e7\u00e3o para as \u00e1rvores que utiliza. A empresa est\u00e1 a trabalhar em conjunto com os seus clientes e est\u00e1 sempre interessada &#8230; <a title=\"Laborat\u00f3rio de testes\" class=\"read-more\" href=\"https:\/\/cisternsolutions.eu\/pt-pt\/laboratorio-de-testes\/\" aria-label=\"Leia mais sobre Laborat\u00f3rio de testes\">L\u00e4s mer<\/a><\/p>\n","protected":false},"author":4,"featured_media":0,"parent":0,"menu_order":0,"comment_status":"closed","ping_status":"closed","template":"","meta":{"footnotes":""},"class_list":["post-7599","page","type-page","status-publish"],"yoast_head":"<!-- This site is optimized with the Yoast SEO plugin v27.4 - https:\/\/yoast.com\/product\/yoast-seo-wordpress\/ -->\n<title>Testamos os produtos no nosso pr\u00f3prio laborat\u00f3rio | Cistern Solutions Sweden<\/title>\n<meta name=\"description\" content=\"A Cistern Solutions Sweden quer estar na vanguarda do desenvolvimento. Testa novos m\u00e9todos, designs e tecnologias no seu pr\u00f3prio laborat\u00f3rio\" \/>\n<meta name=\"robots\" content=\"index, follow, max-snippet:-1, max-image-preview:large, max-video-preview:-1\" \/>\n<link rel=\"canonical\" href=\"https:\/\/cisternsolutions.eu\/pt-pt\/laboratorio-de-testes\/\" \/>\n<meta property=\"og:locale\" content=\"pt_PT\" \/>\n<meta property=\"og:type\" content=\"article\" \/>\n<meta property=\"og:title\" content=\"Testamos os produtos no nosso pr\u00f3prio laborat\u00f3rio | Cistern Solutions Sweden\" \/>\n<meta property=\"og:description\" content=\"A Cistern Solutions Sweden quer estar na vanguarda do desenvolvimento. Testa novos m\u00e9todos, designs e tecnologias no seu pr\u00f3prio laborat\u00f3rio\" \/>\n<meta property=\"og:url\" content=\"https:\/\/cisternsolutions.eu\/pt-pt\/laboratorio-de-testes\/\" \/>\n<meta property=\"og:site_name\" content=\"Cistern Solutions Sweden\" \/>\n<meta property=\"article:modified_time\" content=\"2024-10-23T17:37:10+00:00\" \/>\n<meta property=\"og:image\" content=\"https:\/\/cisternsolutions.eu\/wp-content\/uploads\/2024\/06\/labb_03.jpg\" \/>\n<meta name=\"twitter:card\" content=\"summary_large_image\" \/>\n<meta name=\"twitter:label1\" content=\"Tempo estimado de leitura\" \/>\n\t<meta name=\"twitter:data1\" content=\"3 minutos\" \/>\n<script type=\"application\/ld+json\" class=\"yoast-schema-graph\">{\"@context\":\"https:\\\/\\\/schema.org\",\"@graph\":[{\"@type\":\"WebPage\",\"@id\":\"https:\\\/\\\/cisternsolutions.eu\\\/pt-pt\\\/laboratorio-de-testes\\\/\",\"url\":\"https:\\\/\\\/cisternsolutions.eu\\\/pt-pt\\\/laboratorio-de-testes\\\/\",\"name\":\"Testamos os produtos no nosso pr\u00f3prio laborat\u00f3rio | Cistern Solutions Sweden\",\"isPartOf\":{\"@id\":\"https:\\\/\\\/cisternsolutions.eu\\\/pt-pt\\\/#website\"},\"primaryImageOfPage\":{\"@id\":\"https:\\\/\\\/cisternsolutions.eu\\\/pt-pt\\\/laboratorio-de-testes\\\/#primaryimage\"},\"image\":{\"@id\":\"https:\\\/\\\/cisternsolutions.eu\\\/pt-pt\\\/laboratorio-de-testes\\\/#primaryimage\"},\"thumbnailUrl\":\"https:\\\/\\\/cisternsolutions.eu\\\/wp-content\\\/uploads\\\/2024\\\/06\\\/labb_03.jpg\",\"datePublished\":\"2024-06-18T08:11:10+00:00\",\"dateModified\":\"2024-10-23T17:37:10+00:00\",\"description\":\"A Cistern Solutions Sweden quer estar na vanguarda do desenvolvimento. Testa novos m\u00e9todos, designs e tecnologias no seu pr\u00f3prio laborat\u00f3rio\",\"breadcrumb\":{\"@id\":\"https:\\\/\\\/cisternsolutions.eu\\\/pt-pt\\\/laboratorio-de-testes\\\/#breadcrumb\"},\"inLanguage\":\"pt-PT\",\"potentialAction\":[{\"@type\":\"ReadAction\",\"target\":[\"https:\\\/\\\/cisternsolutions.eu\\\/pt-pt\\\/laboratorio-de-testes\\\/\"]}]},{\"@type\":\"ImageObject\",\"inLanguage\":\"pt-PT\",\"@id\":\"https:\\\/\\\/cisternsolutions.eu\\\/pt-pt\\\/laboratorio-de-testes\\\/#primaryimage\",\"url\":\"https:\\\/\\\/cisternsolutions.eu\\\/wp-content\\\/uploads\\\/2024\\\/06\\\/labb_03.jpg\",\"contentUrl\":\"https:\\\/\\\/cisternsolutions.eu\\\/wp-content\\\/uploads\\\/2024\\\/06\\\/labb_03.jpg\"},{\"@type\":\"BreadcrumbList\",\"@id\":\"https:\\\/\\\/cisternsolutions.eu\\\/pt-pt\\\/laboratorio-de-testes\\\/#breadcrumb\",\"itemListElement\":[{\"@type\":\"ListItem\",\"position\":1,\"name\":\"Hem\",\"item\":\"https:\\\/\\\/cisternsolutions.eu\\\/pt-pt\\\/pagina-inicial\\\/\"},{\"@type\":\"ListItem\",\"position\":2,\"name\":\"Laborat\u00f3rio de testes\"}]},{\"@type\":\"WebSite\",\"@id\":\"https:\\\/\\\/cisternsolutions.eu\\\/pt-pt\\\/#website\",\"url\":\"https:\\\/\\\/cisternsolutions.eu\\\/pt-pt\\\/\",\"name\":\"Cistern Solutions Sweden\",\"description\":\"Cistern Solutions Sweden\",\"publisher\":{\"@id\":\"https:\\\/\\\/cisternsolutions.eu\\\/pt-pt\\\/#organization\"},\"potentialAction\":[{\"@type\":\"SearchAction\",\"target\":{\"@type\":\"EntryPoint\",\"urlTemplate\":\"https:\\\/\\\/cisternsolutions.eu\\\/pt-pt\\\/?s={search_term_string}\"},\"query-input\":{\"@type\":\"PropertyValueSpecification\",\"valueRequired\":true,\"valueName\":\"search_term_string\"}}],\"inLanguage\":\"pt-PT\"},{\"@type\":\"Organization\",\"@id\":\"https:\\\/\\\/cisternsolutions.eu\\\/pt-pt\\\/#organization\",\"name\":\"| Cistern Solutions Sweden AB\",\"url\":\"https:\\\/\\\/cisternsolutions.eu\\\/pt-pt\\\/\",\"logo\":{\"@type\":\"ImageObject\",\"inLanguage\":\"pt-PT\",\"@id\":\"https:\\\/\\\/cisternsolutions.eu\\\/pt-pt\\\/#\\\/schema\\\/logo\\\/image\\\/\",\"url\":\"https:\\\/\\\/cisternsolutions.eu\\\/wp-content\\\/uploads\\\/2023\\\/11\\\/CisternSolutions_orginal-logo.png\",\"contentUrl\":\"https:\\\/\\\/cisternsolutions.eu\\\/wp-content\\\/uploads\\\/2023\\\/11\\\/CisternSolutions_orginal-logo.png\",\"width\":1045,\"height\":293,\"caption\":\"| Cistern Solutions Sweden AB\"},\"image\":{\"@id\":\"https:\\\/\\\/cisternsolutions.eu\\\/pt-pt\\\/#\\\/schema\\\/logo\\\/image\\\/\"}}]}<\/script>\n<!-- \/ Yoast SEO plugin. -->","yoast_head_json":{"title":"Testamos os produtos no nosso pr\u00f3prio laborat\u00f3rio | Cistern Solutions Sweden","description":"A Cistern Solutions Sweden quer estar na vanguarda do desenvolvimento. Testa novos m\u00e9todos, designs e tecnologias no seu pr\u00f3prio laborat\u00f3rio","robots":{"index":"index","follow":"follow","max-snippet":"max-snippet:-1","max-image-preview":"max-image-preview:large","max-video-preview":"max-video-preview:-1"},"canonical":"https:\/\/cisternsolutions.eu\/pt-pt\/laboratorio-de-testes\/","og_locale":"pt_PT","og_type":"article","og_title":"Testamos os produtos no nosso pr\u00f3prio laborat\u00f3rio | Cistern Solutions Sweden","og_description":"A Cistern Solutions Sweden quer estar na vanguarda do desenvolvimento. Testa novos m\u00e9todos, designs e tecnologias no seu pr\u00f3prio laborat\u00f3rio","og_url":"https:\/\/cisternsolutions.eu\/pt-pt\/laboratorio-de-testes\/","og_site_name":"Cistern Solutions Sweden","article_modified_time":"2024-10-23T17:37:10+00:00","og_image":[{"url":"https:\/\/cisternsolutions.eu\/wp-content\/uploads\/2024\/06\/labb_03.jpg","type":"","width":"","height":""}],"twitter_card":"summary_large_image","twitter_misc":{"Tempo estimado de leitura":"3 minutos"},"schema":{"@context":"https:\/\/schema.org","@graph":[{"@type":"WebPage","@id":"https:\/\/cisternsolutions.eu\/pt-pt\/laboratorio-de-testes\/","url":"https:\/\/cisternsolutions.eu\/pt-pt\/laboratorio-de-testes\/","name":"Testamos os produtos no nosso pr\u00f3prio laborat\u00f3rio | Cistern Solutions Sweden","isPartOf":{"@id":"https:\/\/cisternsolutions.eu\/pt-pt\/#website"},"primaryImageOfPage":{"@id":"https:\/\/cisternsolutions.eu\/pt-pt\/laboratorio-de-testes\/#primaryimage"},"image":{"@id":"https:\/\/cisternsolutions.eu\/pt-pt\/laboratorio-de-testes\/#primaryimage"},"thumbnailUrl":"https:\/\/cisternsolutions.eu\/wp-content\/uploads\/2024\/06\/labb_03.jpg","datePublished":"2024-06-18T08:11:10+00:00","dateModified":"2024-10-23T17:37:10+00:00","description":"A Cistern Solutions Sweden quer estar na vanguarda do desenvolvimento. Testa novos m\u00e9todos, designs e tecnologias no seu pr\u00f3prio laborat\u00f3rio","breadcrumb":{"@id":"https:\/\/cisternsolutions.eu\/pt-pt\/laboratorio-de-testes\/#breadcrumb"},"inLanguage":"pt-PT","potentialAction":[{"@type":"ReadAction","target":["https:\/\/cisternsolutions.eu\/pt-pt\/laboratorio-de-testes\/"]}]},{"@type":"ImageObject","inLanguage":"pt-PT","@id":"https:\/\/cisternsolutions.eu\/pt-pt\/laboratorio-de-testes\/#primaryimage","url":"https:\/\/cisternsolutions.eu\/wp-content\/uploads\/2024\/06\/labb_03.jpg","contentUrl":"https:\/\/cisternsolutions.eu\/wp-content\/uploads\/2024\/06\/labb_03.jpg"},{"@type":"BreadcrumbList","@id":"https:\/\/cisternsolutions.eu\/pt-pt\/laboratorio-de-testes\/#breadcrumb","itemListElement":[{"@type":"ListItem","position":1,"name":"Hem","item":"https:\/\/cisternsolutions.eu\/pt-pt\/pagina-inicial\/"},{"@type":"ListItem","position":2,"name":"Laborat\u00f3rio de testes"}]},{"@type":"WebSite","@id":"https:\/\/cisternsolutions.eu\/pt-pt\/#website","url":"https:\/\/cisternsolutions.eu\/pt-pt\/","name":"Cistern Solutions Sweden","description":"Cistern Solutions Sweden","publisher":{"@id":"https:\/\/cisternsolutions.eu\/pt-pt\/#organization"},"potentialAction":[{"@type":"SearchAction","target":{"@type":"EntryPoint","urlTemplate":"https:\/\/cisternsolutions.eu\/pt-pt\/?s={search_term_string}"},"query-input":{"@type":"PropertyValueSpecification","valueRequired":true,"valueName":"search_term_string"}}],"inLanguage":"pt-PT"},{"@type":"Organization","@id":"https:\/\/cisternsolutions.eu\/pt-pt\/#organization","name":"| Cistern Solutions Sweden AB","url":"https:\/\/cisternsolutions.eu\/pt-pt\/","logo":{"@type":"ImageObject","inLanguage":"pt-PT","@id":"https:\/\/cisternsolutions.eu\/pt-pt\/#\/schema\/logo\/image\/","url":"https:\/\/cisternsolutions.eu\/wp-content\/uploads\/2023\/11\/CisternSolutions_orginal-logo.png","contentUrl":"https:\/\/cisternsolutions.eu\/wp-content\/uploads\/2023\/11\/CisternSolutions_orginal-logo.png","width":1045,"height":293,"caption":"| Cistern Solutions Sweden AB"},"image":{"@id":"https:\/\/cisternsolutions.eu\/pt-pt\/#\/schema\/logo\/image\/"}}]}},"_links":{"self":[{"href":"https:\/\/cisternsolutions.eu\/pt-pt\/wp-json\/wp\/v2\/pages\/7599","targetHints":{"allow":["GET"]}}],"collection":[{"href":"https:\/\/cisternsolutions.eu\/pt-pt\/wp-json\/wp\/v2\/pages"}],"about":[{"href":"https:\/\/cisternsolutions.eu\/pt-pt\/wp-json\/wp\/v2\/types\/page"}],"author":[{"embeddable":true,"href":"https:\/\/cisternsolutions.eu\/pt-pt\/wp-json\/wp\/v2\/users\/4"}],"replies":[{"embeddable":true,"href":"https:\/\/cisternsolutions.eu\/pt-pt\/wp-json\/wp\/v2\/comments?post=7599"}],"version-history":[{"count":1,"href":"https:\/\/cisternsolutions.eu\/pt-pt\/wp-json\/wp\/v2\/pages\/7599\/revisions"}],"predecessor-version":[{"id":7602,"href":"https:\/\/cisternsolutions.eu\/pt-pt\/wp-json\/wp\/v2\/pages\/7599\/revisions\/7602"}],"wp:attachment":[{"href":"https:\/\/cisternsolutions.eu\/pt-pt\/wp-json\/wp\/v2\/media?parent=7599"}],"curies":[{"name":"wp","href":"https:\/\/api.w.org\/{rel}","templated":true}]}}