{"id":7590,"date":"2016-06-30T11:20:12","date_gmt":"2016-06-30T09:20:12","guid":{"rendered":"https:\/\/cisternsolutions.eu\/contacta-nos\/"},"modified":"2026-01-12T17:05:31","modified_gmt":"2026-01-12T16:05:31","slug":"contacta-nos","status":"publish","type":"page","link":"https:\/\/cisternsolutions.eu\/pt-pt\/contacta-nos\/","title":{"rendered":"Contacta-nos"},"content":{"rendered":"\n\n\t\t<h1>\n\t\t\tS\u00ea bem-vindo!\n\t\t<\/h1>\n\t\t\t<p>&#8211; o teu especialista em renova\u00e7\u00e3o de tanques e cisternas<\/p>\t\t\n\t<p>Na Cistern Solutions Sweden, temos mais de 30 anos de experi\u00eancia em revestimentos de cisternas. Ajudamos-te tanto na inspe\u00e7\u00e3o como na renova\u00e7\u00e3o. Preenche o formul\u00e1rio, envia um e-mail ou telefona.    <\/p>\n\t\t<ul>\n\t\t\t\t\t<li>\n\t\t\t\t\t<a href=\"tel:+46%2010-211%2051%2052\" target=\"_self\">\n\t\t\t\t<h2>+46  (0)10-211 51 52<\/h2>\n\t\t\t\t\t<\/a>\n\t\t\t<\/li>\n\t\t\t\t<\/ul>\n\t\t<ul>\n\t\t\t\t\t<li>\n\t\t\t\t\t<a href=\"mailto:info@cisternsolutions.se\" target=\"_self\">\n\t\t\t\t<h2>info@cisternsolutions.se<\/h2>\n\t\t\t\t\t<\/a>\n\t\t\t<\/li>\n\t\t\t\t<\/ul>\n\t\t<ul>\n\t\t\t\t\t<li>\n\t\t\t\t\t<a href=\"https:\/\/maps.app.goo.gl\/tPFJJj55EQ3L3iny7\" target=\"_blank\">\n\t\t\t\t\n\t\t<h3>Markbov\u00e4gen 6, 423 70 S\u00e4ve<br \/>Su\u00e9cia<\/h3>\t\t\t\n\t<\/a>\n\t\t\t<\/li>\n\t\t\t\t<\/ul>\n\t\t\t<h3>Contacta-me!<\/h3>\n\t\t    <form data-form_id=\"23\" id=\"fluentform_23\" data-form_instance=\"ff_form_instance_23_1\" method=\"POST\" data-recptcha_key=\"6LclVsMpAAAAALbQlfjI40nUI01kkMo-WKOg0nvc\"><fieldset>\n                    <legend>Contato r\u00e1pido &#8211; PT (#23)<\/legend><input type='hidden' name='__fluent_form_embded_post_id' value='7590' \/><input type=\"hidden\" id=\"_fluentform_23_fluentformnonce\" name=\"_fluentform_23_fluentformnonce\" value=\"1d15c8070c\" \/><input type=\"hidden\" name=\"_wp_http_referer\" value=\"\/pt-pt\/?page_id=7590&#038;fl_builder\" \/><input type=\"email\" name=\"email\" id=\"ff_23_email\" placeholder=\"O meu endere\u00e7o de e-mail\" data-name=\"email\"  aria-invalid=\"false\" aria-required=true\/><input type=\"text\" name=\"names[first_name]\" id=\"ff_23_names_first_name_\" placeholder=\"Nome e apelido\" aria-invalid=\"false\" aria-required=true\/><textarea aria-required=\"true\" aria-labelledby=\"label_ff_23_message\" name=\"message\" id=\"ff_23_message\" placeholder=\"Contacte-me a respeito...\" rows=\"1\" cols=\"2\" data-name=\"message\"><\/textarea><label aria-label='Autorizo \u200b\u200bque este site armazene as minhas informa\u00e7\u00f5es enviadas para que possam responder ao meu pedido. As informa\u00e7\u00f5es s\u00e3o armazenadas durante 1 ano.' class='ff-el-form-check-label ff_tc_label' for=gdpr-agreement_18635176a894a30dd009002fa49b5bcb><input type=\"checkbox\" name=\"gdpr-agreement\" data-name=\"gdpr-agreement\" id=\"gdpr-agreement_18635176a894a30dd009002fa49b5bcb\"  value='on' aria-invalid='false' aria-required=true\/> Autorizo \u200b\u200bque este site armazene as minhas informa\u00e7\u00f5es enviadas para que possam responder ao meu pedido. As informa\u00e7\u00f5es s\u00e3o armazenadas durante 1 ano.<\/label><button type=\"submit\"  aria-label=\"Enviar\">Enviar<\/button><\/fieldset><\/form>            \n\t\t<h2>\n\t\t\tPessoal\n\t\t<\/h2>\n\t\t\t\t<img decoding=\"async\" src=\"https:\/\/cisternsolutions.eu\/wp-content\/uploads\/2024\/01\/ulf.jpg\" alt=\"ulf\" itemprop=\"image\" height=\"1051\" width=\"969\" title=\"ulf\" onerror=\"this.style.display='none'\" loading=\"lazy\" \/>\n\t<h3>Sr. Ulf Johansson<\/h3>\n<p>Propriet\u00e1rio<\/p>\n<p><a href=\"mailto:uj@cisternsolutions.se\">uj@cisternsolutions.se<\/a><\/p>\n<p><a href=\"tel:46%2070%20790%2099%2062\"><strong>+46 70 790 99 62<\/strong><\/a><\/p>\n\t\t\t\t<img decoding=\"async\" src=\"https:\/\/cisternsolutions.eu\/wp-content\/uploads\/2024\/01\/magnus.jpg\" alt=\"magnus\" itemprop=\"image\" height=\"1051\" width=\"969\" title=\"magnus\" onerror=\"this.style.display='none'\" loading=\"lazy\" \/>\n\t<h3>Magnus Josefsson<\/h3>\n<p>DIRECTOR GERAL<\/p>\n<p><a href=\"mailto:mj@cisternsolutions.se\">mj@cisternsolutions.se<\/a><\/p>\n<p><a href=\"tel:+46%2070%20590%2099%2037\"><strong>+46 70 590 99 37<\/strong><\/a><\/p>\n\t\t\t\t<img decoding=\"async\" src=\"https:\/\/cisternsolutions.eu\/wp-content\/uploads\/2024\/03\/foto-kommer-personal.jpg\" alt=\"foto-kommer-personal\" itemprop=\"image\" height=\"1051\" width=\"969\" title=\"foto-kommer-personal\" onerror=\"this.style.display='none'\" loading=\"lazy\" \/>\n\t<h3>Filip Karlsson<\/h3>\n<p>Gestor de projectos<\/p>\n<p><a href=\"mailto:fk@cisternsolutions.se\">fk@cisternsolutions.se<\/a><\/p>\n<p><a href=\"tel:+46%2073%20815%2091%2000\"><strong>+46 73 960 37 80<\/strong><\/a><\/p>\n\n","protected":false},"excerpt":{"rendered":"<p>S\u00ea bem-vindo! &#8211; o teu especialista em renova\u00e7\u00e3o de tanques e cisternas Na Cistern Solutions Sweden, temos mais de 30 anos de experi\u00eancia em revestimentos de cisternas. Ajudamos-te tanto na inspe\u00e7\u00e3o como na renova\u00e7\u00e3o. Preenche o formul\u00e1rio, envia um e-mail ou telefona. +46 (0)10-211 51 52 info@cisternsolutions.se Markbov\u00e4gen 6, 423 &#8230; <a title=\"Contacta-nos\" class=\"read-more\" href=\"https:\/\/cisternsolutions.eu\/pt-pt\/contacta-nos\/\" aria-label=\"Leia mais sobre Contacta-nos\">L\u00e4s mer<\/a><\/p>\n","protected":false},"author":4,"featured_media":0,"parent":0,"menu_order":1,"comment_status":"closed","ping_status":"closed","template":"","meta":{"footnotes":""},"class_list":["post-7590","page","type-page","status-publish"],"yoast_head":"<!-- This site is optimized with the Yoast SEO plugin v27.5 - https:\/\/yoast.com\/product\/yoast-seo-wordpress\/ -->\n<title>Contacta-nos restaura\u00e7\u00e3o de tanques | Cisterna Solu\u00e7\u00f5es Su\u00e9cia<\/title>\n<meta name=\"description\" content=\"Somos especialistas com mais de 40 anos de experi\u00eancia na repara\u00e7\u00e3o de cisternas e tanques com fugas. Contacta-nos para mais informa\u00e7\u00f5es.\" \/>\n<meta name=\"robots\" content=\"index, follow, max-snippet:-1, max-image-preview:large, max-video-preview:-1\" \/>\n<link rel=\"canonical\" href=\"https:\/\/cisternsolutions.eu\/pt-pt\/contacta-nos\/\" \/>\n<meta property=\"og:locale\" content=\"pt_PT\" \/>\n<meta property=\"og:type\" content=\"article\" \/>\n<meta property=\"og:title\" content=\"Contacta-nos restaura\u00e7\u00e3o de tanques | Cisterna Solu\u00e7\u00f5es Su\u00e9cia\" \/>\n<meta property=\"og:description\" content=\"Somos especialistas com mais de 40 anos de experi\u00eancia na repara\u00e7\u00e3o de cisternas e tanques com fugas. Contacta-nos para mais informa\u00e7\u00f5es.\" \/>\n<meta property=\"og:url\" content=\"https:\/\/cisternsolutions.eu\/pt-pt\/contacta-nos\/\" \/>\n<meta property=\"og:site_name\" content=\"Cistern Solutions Sweden\" \/>\n<meta property=\"article:modified_time\" content=\"2026-01-12T16:05:31+00:00\" \/>\n<meta property=\"og:image\" content=\"https:\/\/cisternsolutions.eu\/wp-content\/uploads\/2024\/01\/ulf.jpg\" \/>\n<meta name=\"twitter:card\" content=\"summary_large_image\" \/>\n<meta name=\"twitter:label1\" content=\"Tempo estimado de leitura\" \/>\n\t<meta name=\"twitter:data1\" content=\"1 minuto\" \/>\n<script type=\"application\/ld+json\" class=\"yoast-schema-graph\">{\"@context\":\"https:\\\/\\\/schema.org\",\"@graph\":[{\"@type\":\"WebPage\",\"@id\":\"https:\\\/\\\/cisternsolutions.eu\\\/pt-pt\\\/contacta-nos\\\/\",\"url\":\"https:\\\/\\\/cisternsolutions.eu\\\/pt-pt\\\/contacta-nos\\\/\",\"name\":\"Contacta-nos restaura\u00e7\u00e3o de tanques | Cisterna Solu\u00e7\u00f5es Su\u00e9cia\",\"isPartOf\":{\"@id\":\"https:\\\/\\\/cisternsolutions.eu\\\/pt-pt\\\/#website\"},\"primaryImageOfPage\":{\"@id\":\"https:\\\/\\\/cisternsolutions.eu\\\/pt-pt\\\/contacta-nos\\\/#primaryimage\"},\"image\":{\"@id\":\"https:\\\/\\\/cisternsolutions.eu\\\/pt-pt\\\/contacta-nos\\\/#primaryimage\"},\"thumbnailUrl\":\"https:\\\/\\\/cisternsolutions.eu\\\/wp-content\\\/uploads\\\/2024\\\/01\\\/ulf.jpg\",\"datePublished\":\"2016-06-30T09:20:12+00:00\",\"dateModified\":\"2026-01-12T16:05:31+00:00\",\"description\":\"Somos especialistas com mais de 40 anos de experi\u00eancia na repara\u00e7\u00e3o de cisternas e tanques com fugas. Contacta-nos para mais informa\u00e7\u00f5es.\",\"breadcrumb\":{\"@id\":\"https:\\\/\\\/cisternsolutions.eu\\\/pt-pt\\\/contacta-nos\\\/#breadcrumb\"},\"inLanguage\":\"pt-PT\",\"potentialAction\":[{\"@type\":\"ReadAction\",\"target\":[\"https:\\\/\\\/cisternsolutions.eu\\\/pt-pt\\\/contacta-nos\\\/\"]}]},{\"@type\":\"ImageObject\",\"inLanguage\":\"pt-PT\",\"@id\":\"https:\\\/\\\/cisternsolutions.eu\\\/pt-pt\\\/contacta-nos\\\/#primaryimage\",\"url\":\"https:\\\/\\\/cisternsolutions.eu\\\/wp-content\\\/uploads\\\/2024\\\/01\\\/ulf.jpg\",\"contentUrl\":\"https:\\\/\\\/cisternsolutions.eu\\\/wp-content\\\/uploads\\\/2024\\\/01\\\/ulf.jpg\"},{\"@type\":\"BreadcrumbList\",\"@id\":\"https:\\\/\\\/cisternsolutions.eu\\\/pt-pt\\\/contacta-nos\\\/#breadcrumb\",\"itemListElement\":[{\"@type\":\"ListItem\",\"position\":1,\"name\":\"Hem\",\"item\":\"https:\\\/\\\/cisternsolutions.eu\\\/pt-pt\\\/pagina-inicial\\\/\"},{\"@type\":\"ListItem\",\"position\":2,\"name\":\"Contacta-nos\"}]},{\"@type\":\"WebSite\",\"@id\":\"https:\\\/\\\/cisternsolutions.eu\\\/pt-pt\\\/#website\",\"url\":\"https:\\\/\\\/cisternsolutions.eu\\\/pt-pt\\\/\",\"name\":\"Cistern Solutions Sweden\",\"description\":\"Cistern Solutions Sweden\",\"publisher\":{\"@id\":\"https:\\\/\\\/cisternsolutions.eu\\\/pt-pt\\\/#organization\"},\"potentialAction\":[{\"@type\":\"SearchAction\",\"target\":{\"@type\":\"EntryPoint\",\"urlTemplate\":\"https:\\\/\\\/cisternsolutions.eu\\\/pt-pt\\\/?s={search_term_string}\"},\"query-input\":{\"@type\":\"PropertyValueSpecification\",\"valueRequired\":true,\"valueName\":\"search_term_string\"}}],\"inLanguage\":\"pt-PT\"},{\"@type\":\"Organization\",\"@id\":\"https:\\\/\\\/cisternsolutions.eu\\\/pt-pt\\\/#organization\",\"name\":\"| Cistern Solutions Sweden AB\",\"url\":\"https:\\\/\\\/cisternsolutions.eu\\\/pt-pt\\\/\",\"logo\":{\"@type\":\"ImageObject\",\"inLanguage\":\"pt-PT\",\"@id\":\"https:\\\/\\\/cisternsolutions.eu\\\/pt-pt\\\/#\\\/schema\\\/logo\\\/image\\\/\",\"url\":\"https:\\\/\\\/cisternsolutions.eu\\\/wp-content\\\/uploads\\\/2023\\\/11\\\/CisternSolutions_orginal-logo.png\",\"contentUrl\":\"https:\\\/\\\/cisternsolutions.eu\\\/wp-content\\\/uploads\\\/2023\\\/11\\\/CisternSolutions_orginal-logo.png\",\"width\":1045,\"height\":293,\"caption\":\"| Cistern Solutions Sweden AB\"},\"image\":{\"@id\":\"https:\\\/\\\/cisternsolutions.eu\\\/pt-pt\\\/#\\\/schema\\\/logo\\\/image\\\/\"}}]}<\/script>\n<!-- \/ Yoast SEO plugin. -->","yoast_head_json":{"title":"Contacta-nos restaura\u00e7\u00e3o de tanques | Cisterna Solu\u00e7\u00f5es Su\u00e9cia","description":"Somos especialistas com mais de 40 anos de experi\u00eancia na repara\u00e7\u00e3o de cisternas e tanques com fugas. Contacta-nos para mais informa\u00e7\u00f5es.","robots":{"index":"index","follow":"follow","max-snippet":"max-snippet:-1","max-image-preview":"max-image-preview:large","max-video-preview":"max-video-preview:-1"},"canonical":"https:\/\/cisternsolutions.eu\/pt-pt\/contacta-nos\/","og_locale":"pt_PT","og_type":"article","og_title":"Contacta-nos restaura\u00e7\u00e3o de tanques | Cisterna Solu\u00e7\u00f5es Su\u00e9cia","og_description":"Somos especialistas com mais de 40 anos de experi\u00eancia na repara\u00e7\u00e3o de cisternas e tanques com fugas. Contacta-nos para mais informa\u00e7\u00f5es.","og_url":"https:\/\/cisternsolutions.eu\/pt-pt\/contacta-nos\/","og_site_name":"Cistern Solutions Sweden","article_modified_time":"2026-01-12T16:05:31+00:00","og_image":[{"url":"https:\/\/cisternsolutions.eu\/wp-content\/uploads\/2024\/01\/ulf.jpg","type":"","width":"","height":""}],"twitter_card":"summary_large_image","twitter_misc":{"Tempo estimado de leitura":"1 minuto"},"schema":{"@context":"https:\/\/schema.org","@graph":[{"@type":"WebPage","@id":"https:\/\/cisternsolutions.eu\/pt-pt\/contacta-nos\/","url":"https:\/\/cisternsolutions.eu\/pt-pt\/contacta-nos\/","name":"Contacta-nos restaura\u00e7\u00e3o de tanques | Cisterna Solu\u00e7\u00f5es Su\u00e9cia","isPartOf":{"@id":"https:\/\/cisternsolutions.eu\/pt-pt\/#website"},"primaryImageOfPage":{"@id":"https:\/\/cisternsolutions.eu\/pt-pt\/contacta-nos\/#primaryimage"},"image":{"@id":"https:\/\/cisternsolutions.eu\/pt-pt\/contacta-nos\/#primaryimage"},"thumbnailUrl":"https:\/\/cisternsolutions.eu\/wp-content\/uploads\/2024\/01\/ulf.jpg","datePublished":"2016-06-30T09:20:12+00:00","dateModified":"2026-01-12T16:05:31+00:00","description":"Somos especialistas com mais de 40 anos de experi\u00eancia na repara\u00e7\u00e3o de cisternas e tanques com fugas. Contacta-nos para mais informa\u00e7\u00f5es.","breadcrumb":{"@id":"https:\/\/cisternsolutions.eu\/pt-pt\/contacta-nos\/#breadcrumb"},"inLanguage":"pt-PT","potentialAction":[{"@type":"ReadAction","target":["https:\/\/cisternsolutions.eu\/pt-pt\/contacta-nos\/"]}]},{"@type":"ImageObject","inLanguage":"pt-PT","@id":"https:\/\/cisternsolutions.eu\/pt-pt\/contacta-nos\/#primaryimage","url":"https:\/\/cisternsolutions.eu\/wp-content\/uploads\/2024\/01\/ulf.jpg","contentUrl":"https:\/\/cisternsolutions.eu\/wp-content\/uploads\/2024\/01\/ulf.jpg"},{"@type":"BreadcrumbList","@id":"https:\/\/cisternsolutions.eu\/pt-pt\/contacta-nos\/#breadcrumb","itemListElement":[{"@type":"ListItem","position":1,"name":"Hem","item":"https:\/\/cisternsolutions.eu\/pt-pt\/pagina-inicial\/"},{"@type":"ListItem","position":2,"name":"Contacta-nos"}]},{"@type":"WebSite","@id":"https:\/\/cisternsolutions.eu\/pt-pt\/#website","url":"https:\/\/cisternsolutions.eu\/pt-pt\/","name":"Cistern Solutions Sweden","description":"Cistern Solutions Sweden","publisher":{"@id":"https:\/\/cisternsolutions.eu\/pt-pt\/#organization"},"potentialAction":[{"@type":"SearchAction","target":{"@type":"EntryPoint","urlTemplate":"https:\/\/cisternsolutions.eu\/pt-pt\/?s={search_term_string}"},"query-input":{"@type":"PropertyValueSpecification","valueRequired":true,"valueName":"search_term_string"}}],"inLanguage":"pt-PT"},{"@type":"Organization","@id":"https:\/\/cisternsolutions.eu\/pt-pt\/#organization","name":"| Cistern Solutions Sweden AB","url":"https:\/\/cisternsolutions.eu\/pt-pt\/","logo":{"@type":"ImageObject","inLanguage":"pt-PT","@id":"https:\/\/cisternsolutions.eu\/pt-pt\/#\/schema\/logo\/image\/","url":"https:\/\/cisternsolutions.eu\/wp-content\/uploads\/2023\/11\/CisternSolutions_orginal-logo.png","contentUrl":"https:\/\/cisternsolutions.eu\/wp-content\/uploads\/2023\/11\/CisternSolutions_orginal-logo.png","width":1045,"height":293,"caption":"| Cistern Solutions Sweden AB"},"image":{"@id":"https:\/\/cisternsolutions.eu\/pt-pt\/#\/schema\/logo\/image\/"}}]}},"_links":{"self":[{"href":"https:\/\/cisternsolutions.eu\/pt-pt\/wp-json\/wp\/v2\/pages\/7590","targetHints":{"allow":["GET"]}}],"collection":[{"href":"https:\/\/cisternsolutions.eu\/pt-pt\/wp-json\/wp\/v2\/pages"}],"about":[{"href":"https:\/\/cisternsolutions.eu\/pt-pt\/wp-json\/wp\/v2\/types\/page"}],"author":[{"embeddable":true,"href":"https:\/\/cisternsolutions.eu\/pt-pt\/wp-json\/wp\/v2\/users\/4"}],"replies":[{"embeddable":true,"href":"https:\/\/cisternsolutions.eu\/pt-pt\/wp-json\/wp\/v2\/comments?post=7590"}],"version-history":[{"count":2,"href":"https:\/\/cisternsolutions.eu\/pt-pt\/wp-json\/wp\/v2\/pages\/7590\/revisions"}],"predecessor-version":[{"id":8640,"href":"https:\/\/cisternsolutions.eu\/pt-pt\/wp-json\/wp\/v2\/pages\/7590\/revisions\/8640"}],"wp:attachment":[{"href":"https:\/\/cisternsolutions.eu\/pt-pt\/wp-json\/wp\/v2\/media?parent=7590"}],"curies":[{"name":"wp","href":"https:\/\/api.w.org\/{rel}","templated":true}]}}