{"id":7586,"date":"2016-06-30T11:19:44","date_gmt":"2016-06-30T09:19:44","guid":{"rendered":"https:\/\/cisternsolutions.eu\/qualidade-e-ambiente\/"},"modified":"2024-10-23T19:35:27","modified_gmt":"2024-10-23T17:35:27","slug":"qualidade-e-ambiente","status":"publish","type":"page","link":"https:\/\/cisternsolutions.eu\/pt-pt\/qualidade-e-ambiente\/","title":{"rendered":"Qualidade e Ambiente"},"content":{"rendered":"\n<h1>Valoriza\u00e7\u00e3o e qualidade<\/h1>\n<p>Pol\u00edticas de V\u00e5ra<\/p>\n<p><strong>A partir do momento em que se procura resolver um problema de funcionamento, o resultado \u00e9 um produto de qualidade que dura mais tempo. As melhores solu\u00e7\u00f5es s\u00e3o as mais econ\u00f3micas e ecol\u00f3gicas, que consistem em renovar um tanque ou uma cisterna para instalar um novo tanque. <\/strong><\/p>\n<p>Estamos empenhados em utilizar os nossos produtos de forma a garantir a sua qualidade e qualidade. Depois de cada projeto, faz uma revis\u00e3o completa do produto. <\/p>\n<p><strong>Egenkontroll<br><\/strong>Entreprenaderna kvalitetsdokumenteras. Controla a entrada de dados: <\/p>\n<ul>\n<li>inledande besiktning<\/li>\n<li>a utiliza\u00e7\u00e3o de planerat utf\u00f6rande<\/li>\n<li>controlo da constru\u00e7\u00e3o de edif\u00edcios<\/li>\n<li>temperatura e arrastamento<\/li>\n<li>utf\u00f6randet dokumenteras<\/li>\n<li>efterbesiktning<\/li>\n<\/ul>\n<h3>Pol\u00edtica de valida\u00e7\u00e3o<\/h3>\n<p>O envolvimento r\u00e1pido gera valor em v\u00e1rias situa\u00e7\u00f5es. A sua capacidade de se adaptar \u00e0s necessidades dos seus clientes \u00e9 muito maior do que a sua capacidade de se envolver com eles. <\/p>\n<p>A variedade de medalhas, compet\u00eancias e outros aspectos relacionados com o mercado deve contribuir para que todos os interessados se sintam bem.<\/p>\n<p>A tua experi\u00eancia e o teu bom relacionamento com os teus colegas de trabalho contribuem para uma aprendizagem eficaz.<\/p>\n<p>A Cistern Solutions Sweden AB tem um exemplo positivo de um conjunto de produtos de limpeza no mesmo local e vai oferecer um servi\u00e7o de apoio. Tem uma estrat\u00e9gia para se ver em sintonia com a natureza. <\/p>\n<h3>Pol\u00edtica de Milj\u00f6<\/h3>\n<p>V\u00e5rt milj\u00f6arbetetet sker genom att vi noggrant f\u00f6ljer g\u00e4llande lagar och normer och att agerar p\u00e5 ett ansvarsfullt s\u00e4tt. Vi lyssnar aktivt p\u00e5 v\u00e5ra kunder och deras krav, i v\u00e5r str\u00e4van att st\u00e4ndigt f\u00f6rb\u00e4ttra v\u00e5rt s\u00e4tt att arbeta. P\u00e5 samma s\u00e4tt f\u00f6ljer vi produkttillverkares utvecklingsarbete s\u00e5 att vi kan v\u00e4lja b\u00e4sta, tillg\u00e4ngliga teknik.  <\/p>\n<p>Podes ficar \u00e0 vontade para fazer o que quiseres:<\/p>\n<ul>\n<li>Utiliza os recursos naturais de uma forma eficaz.<\/li>\n<li>Eu tenho um material de qualidade e um material de qualidade para um trabalho de qualidade.<\/li>\n<li>A \u00e1rea de trabalho e o transporte s\u00e3o bem organizados.<\/li>\n<li>Princ\u00edpio de sele\u00e7\u00e3o: Se provares um novo m\u00e9todo ou material, deves ter em conta a necessidade de o fazer.<\/li>\n<\/ul>\n<h3>Arbetsmilj\u00f6policy<\/h3>\n<p>Os produtos que vendemos na Cistern Solutions Sweden AB s\u00e3o um meio de obter uma solu\u00e7\u00e3o para a procura de produtos de limpeza de \u00e1rvores.<\/p>\n<p>N\u00e3o podes deixar de fazer o teu trabalho, mesmo que haja algum tipo de problema que possa ser resolvido. Se te preocupares com a seguran\u00e7a, podes correr riscos. A utiliza\u00e7\u00e3o de um sistema de gest\u00e3o de riscos permite-te evitar riscos.  <\/p>\n<p>O bom arbetsmilj\u00f6 \u00e9 muito mais importante do que a tua sorte. Este permite que os teus clientes fa\u00e7am apostas em apostas de emprego e que tenham a possibilidade de as utilizar no seu registo de apostas. Ao tentar obter mais informa\u00e7\u00f5es sobre os v\u00e1rios sin\u00f3pticos, podes obter mais informa\u00e7\u00f5es sobre os mesmos.  <\/p>\n","protected":false},"excerpt":{"rendered":"<p>Valoriza\u00e7\u00e3o e qualidade Pol\u00edticas de V\u00e5ra A partir do momento em que se procura resolver um problema de funcionamento, o resultado \u00e9 um produto de qualidade que dura mais tempo. As melhores solu\u00e7\u00f5es s\u00e3o as mais econ\u00f3micas e ecol\u00f3gicas, que consistem em renovar um tanque ou uma cisterna para instalar &#8230; <a title=\"Qualidade e Ambiente\" class=\"read-more\" href=\"https:\/\/cisternsolutions.eu\/pt-pt\/qualidade-e-ambiente\/\" aria-label=\"Leia mais sobre Qualidade e Ambiente\">L\u00e4s mer<\/a><\/p>\n","protected":false},"author":4,"featured_media":0,"parent":0,"menu_order":0,"comment_status":"closed","ping_status":"closed","template":"","meta":{"footnotes":""},"class_list":["post-7586","page","type-page","status-publish"],"yoast_head":"<!-- This site is optimized with the Yoast SEO plugin v27.4 - https:\/\/yoast.com\/product\/yoast-seo-wordpress\/ -->\n<title>Renova\u00e7\u00e3o de autoclismos com a mais alta qualidade | Cistern Solutions Sweden<\/title>\n<meta name=\"description\" content=\"Na Cistern Solutions Sweden AB, trabalhamos arduamente com a qualidade e os aspectos ambientais. L\u00ea mais sobre o nosso compromisso com a qualidade e o ambiente.\" \/>\n<meta name=\"robots\" content=\"index, follow, max-snippet:-1, max-image-preview:large, max-video-preview:-1\" \/>\n<link rel=\"canonical\" href=\"https:\/\/cisternsolutions.eu\/pt-pt\/qualidade-e-ambiente\/\" \/>\n<meta property=\"og:locale\" content=\"pt_PT\" \/>\n<meta property=\"og:type\" content=\"article\" \/>\n<meta property=\"og:title\" content=\"Renova\u00e7\u00e3o de autoclismos com a mais alta qualidade | Cistern Solutions Sweden\" \/>\n<meta property=\"og:description\" content=\"Na Cistern Solutions Sweden AB, trabalhamos arduamente com a qualidade e os aspectos ambientais. L\u00ea mais sobre o nosso compromisso com a qualidade e o ambiente.\" \/>\n<meta property=\"og:url\" content=\"https:\/\/cisternsolutions.eu\/pt-pt\/qualidade-e-ambiente\/\" \/>\n<meta property=\"og:site_name\" content=\"Cistern Solutions Sweden\" \/>\n<meta property=\"article:modified_time\" content=\"2024-10-23T17:35:27+00:00\" \/>\n<meta name=\"twitter:card\" content=\"summary_large_image\" \/>\n<meta name=\"twitter:label1\" content=\"Tempo estimado de leitura\" \/>\n\t<meta name=\"twitter:data1\" content=\"3 minutos\" \/>\n<script type=\"application\/ld+json\" class=\"yoast-schema-graph\">{\"@context\":\"https:\\\/\\\/schema.org\",\"@graph\":[{\"@type\":\"WebPage\",\"@id\":\"https:\\\/\\\/cisternsolutions.eu\\\/pt-pt\\\/qualidade-e-ambiente\\\/\",\"url\":\"https:\\\/\\\/cisternsolutions.eu\\\/pt-pt\\\/qualidade-e-ambiente\\\/\",\"name\":\"Renova\u00e7\u00e3o de autoclismos com a mais alta qualidade | Cistern Solutions Sweden\",\"isPartOf\":{\"@id\":\"https:\\\/\\\/cisternsolutions.eu\\\/pt-pt\\\/#website\"},\"datePublished\":\"2016-06-30T09:19:44+00:00\",\"dateModified\":\"2024-10-23T17:35:27+00:00\",\"description\":\"Na Cistern Solutions Sweden AB, trabalhamos arduamente com a qualidade e os aspectos ambientais. L\u00ea mais sobre o nosso compromisso com a qualidade e o ambiente.\",\"breadcrumb\":{\"@id\":\"https:\\\/\\\/cisternsolutions.eu\\\/pt-pt\\\/qualidade-e-ambiente\\\/#breadcrumb\"},\"inLanguage\":\"pt-PT\",\"potentialAction\":[{\"@type\":\"ReadAction\",\"target\":[\"https:\\\/\\\/cisternsolutions.eu\\\/pt-pt\\\/qualidade-e-ambiente\\\/\"]}]},{\"@type\":\"BreadcrumbList\",\"@id\":\"https:\\\/\\\/cisternsolutions.eu\\\/pt-pt\\\/qualidade-e-ambiente\\\/#breadcrumb\",\"itemListElement\":[{\"@type\":\"ListItem\",\"position\":1,\"name\":\"Hem\",\"item\":\"https:\\\/\\\/cisternsolutions.eu\\\/pt-pt\\\/pagina-inicial\\\/\"},{\"@type\":\"ListItem\",\"position\":2,\"name\":\"Qualidade e Ambiente\"}]},{\"@type\":\"WebSite\",\"@id\":\"https:\\\/\\\/cisternsolutions.eu\\\/pt-pt\\\/#website\",\"url\":\"https:\\\/\\\/cisternsolutions.eu\\\/pt-pt\\\/\",\"name\":\"Cistern Solutions Sweden\",\"description\":\"Cistern Solutions Sweden\",\"publisher\":{\"@id\":\"https:\\\/\\\/cisternsolutions.eu\\\/pt-pt\\\/#organization\"},\"potentialAction\":[{\"@type\":\"SearchAction\",\"target\":{\"@type\":\"EntryPoint\",\"urlTemplate\":\"https:\\\/\\\/cisternsolutions.eu\\\/pt-pt\\\/?s={search_term_string}\"},\"query-input\":{\"@type\":\"PropertyValueSpecification\",\"valueRequired\":true,\"valueName\":\"search_term_string\"}}],\"inLanguage\":\"pt-PT\"},{\"@type\":\"Organization\",\"@id\":\"https:\\\/\\\/cisternsolutions.eu\\\/pt-pt\\\/#organization\",\"name\":\"| Cistern Solutions Sweden AB\",\"url\":\"https:\\\/\\\/cisternsolutions.eu\\\/pt-pt\\\/\",\"logo\":{\"@type\":\"ImageObject\",\"inLanguage\":\"pt-PT\",\"@id\":\"https:\\\/\\\/cisternsolutions.eu\\\/pt-pt\\\/#\\\/schema\\\/logo\\\/image\\\/\",\"url\":\"https:\\\/\\\/cisternsolutions.eu\\\/wp-content\\\/uploads\\\/2023\\\/11\\\/CisternSolutions_orginal-logo.png\",\"contentUrl\":\"https:\\\/\\\/cisternsolutions.eu\\\/wp-content\\\/uploads\\\/2023\\\/11\\\/CisternSolutions_orginal-logo.png\",\"width\":1045,\"height\":293,\"caption\":\"| Cistern Solutions Sweden AB\"},\"image\":{\"@id\":\"https:\\\/\\\/cisternsolutions.eu\\\/pt-pt\\\/#\\\/schema\\\/logo\\\/image\\\/\"}}]}<\/script>\n<!-- \/ Yoast SEO plugin. -->","yoast_head_json":{"title":"Renova\u00e7\u00e3o de autoclismos com a mais alta qualidade | Cistern Solutions Sweden","description":"Na Cistern Solutions Sweden AB, trabalhamos arduamente com a qualidade e os aspectos ambientais. L\u00ea mais sobre o nosso compromisso com a qualidade e o ambiente.","robots":{"index":"index","follow":"follow","max-snippet":"max-snippet:-1","max-image-preview":"max-image-preview:large","max-video-preview":"max-video-preview:-1"},"canonical":"https:\/\/cisternsolutions.eu\/pt-pt\/qualidade-e-ambiente\/","og_locale":"pt_PT","og_type":"article","og_title":"Renova\u00e7\u00e3o de autoclismos com a mais alta qualidade | Cistern Solutions Sweden","og_description":"Na Cistern Solutions Sweden AB, trabalhamos arduamente com a qualidade e os aspectos ambientais. L\u00ea mais sobre o nosso compromisso com a qualidade e o ambiente.","og_url":"https:\/\/cisternsolutions.eu\/pt-pt\/qualidade-e-ambiente\/","og_site_name":"Cistern Solutions Sweden","article_modified_time":"2024-10-23T17:35:27+00:00","twitter_card":"summary_large_image","twitter_misc":{"Tempo estimado de leitura":"3 minutos"},"schema":{"@context":"https:\/\/schema.org","@graph":[{"@type":"WebPage","@id":"https:\/\/cisternsolutions.eu\/pt-pt\/qualidade-e-ambiente\/","url":"https:\/\/cisternsolutions.eu\/pt-pt\/qualidade-e-ambiente\/","name":"Renova\u00e7\u00e3o de autoclismos com a mais alta qualidade | Cistern Solutions Sweden","isPartOf":{"@id":"https:\/\/cisternsolutions.eu\/pt-pt\/#website"},"datePublished":"2016-06-30T09:19:44+00:00","dateModified":"2024-10-23T17:35:27+00:00","description":"Na Cistern Solutions Sweden AB, trabalhamos arduamente com a qualidade e os aspectos ambientais. L\u00ea mais sobre o nosso compromisso com a qualidade e o ambiente.","breadcrumb":{"@id":"https:\/\/cisternsolutions.eu\/pt-pt\/qualidade-e-ambiente\/#breadcrumb"},"inLanguage":"pt-PT","potentialAction":[{"@type":"ReadAction","target":["https:\/\/cisternsolutions.eu\/pt-pt\/qualidade-e-ambiente\/"]}]},{"@type":"BreadcrumbList","@id":"https:\/\/cisternsolutions.eu\/pt-pt\/qualidade-e-ambiente\/#breadcrumb","itemListElement":[{"@type":"ListItem","position":1,"name":"Hem","item":"https:\/\/cisternsolutions.eu\/pt-pt\/pagina-inicial\/"},{"@type":"ListItem","position":2,"name":"Qualidade e Ambiente"}]},{"@type":"WebSite","@id":"https:\/\/cisternsolutions.eu\/pt-pt\/#website","url":"https:\/\/cisternsolutions.eu\/pt-pt\/","name":"Cistern Solutions Sweden","description":"Cistern Solutions Sweden","publisher":{"@id":"https:\/\/cisternsolutions.eu\/pt-pt\/#organization"},"potentialAction":[{"@type":"SearchAction","target":{"@type":"EntryPoint","urlTemplate":"https:\/\/cisternsolutions.eu\/pt-pt\/?s={search_term_string}"},"query-input":{"@type":"PropertyValueSpecification","valueRequired":true,"valueName":"search_term_string"}}],"inLanguage":"pt-PT"},{"@type":"Organization","@id":"https:\/\/cisternsolutions.eu\/pt-pt\/#organization","name":"| Cistern Solutions Sweden AB","url":"https:\/\/cisternsolutions.eu\/pt-pt\/","logo":{"@type":"ImageObject","inLanguage":"pt-PT","@id":"https:\/\/cisternsolutions.eu\/pt-pt\/#\/schema\/logo\/image\/","url":"https:\/\/cisternsolutions.eu\/wp-content\/uploads\/2023\/11\/CisternSolutions_orginal-logo.png","contentUrl":"https:\/\/cisternsolutions.eu\/wp-content\/uploads\/2023\/11\/CisternSolutions_orginal-logo.png","width":1045,"height":293,"caption":"| Cistern Solutions Sweden AB"},"image":{"@id":"https:\/\/cisternsolutions.eu\/pt-pt\/#\/schema\/logo\/image\/"}}]}},"_links":{"self":[{"href":"https:\/\/cisternsolutions.eu\/pt-pt\/wp-json\/wp\/v2\/pages\/7586","targetHints":{"allow":["GET"]}}],"collection":[{"href":"https:\/\/cisternsolutions.eu\/pt-pt\/wp-json\/wp\/v2\/pages"}],"about":[{"href":"https:\/\/cisternsolutions.eu\/pt-pt\/wp-json\/wp\/v2\/types\/page"}],"author":[{"embeddable":true,"href":"https:\/\/cisternsolutions.eu\/pt-pt\/wp-json\/wp\/v2\/users\/4"}],"replies":[{"embeddable":true,"href":"https:\/\/cisternsolutions.eu\/pt-pt\/wp-json\/wp\/v2\/comments?post=7586"}],"version-history":[{"count":1,"href":"https:\/\/cisternsolutions.eu\/pt-pt\/wp-json\/wp\/v2\/pages\/7586\/revisions"}],"predecessor-version":[{"id":7588,"href":"https:\/\/cisternsolutions.eu\/pt-pt\/wp-json\/wp\/v2\/pages\/7586\/revisions\/7588"}],"wp:attachment":[{"href":"https:\/\/cisternsolutions.eu\/pt-pt\/wp-json\/wp\/v2\/media?parent=7586"}],"curies":[{"name":"wp","href":"https:\/\/api.w.org\/{rel}","templated":true}]}}