{"id":7566,"date":"2022-05-03T16:59:50","date_gmt":"2022-05-03T14:59:50","guid":{"rendered":"https:\/\/cisternsolutions.eu\/politica-de-cookies\/"},"modified":"2024-10-23T19:11:15","modified_gmt":"2024-10-23T17:11:15","slug":"politica-de-cookies","status":"publish","type":"page","link":"https:\/\/cisternsolutions.eu\/pt-pt\/politica-de-cookies\/","title":{"rendered":"Pol\u00edtica de cookies"},"content":{"rendered":"\n<h1>Pol\u00edtica de cozinha<\/h1>\n<p>f\u00f6r Cistern Solutions Sweden AB<\/p>\n<p>Os cookies s\u00e3o pequenos ficheiros de texto que s\u00e3o armazenados no teu leitor. Os cookies permitem que as informa\u00e7\u00f5es sejam transferidas para n\u00f3s ou para uma parte espec\u00edfica. Uma parte espec\u00edfica pode ser, por exemplo, as redes sociais, os an\u00fancios e os registos de an\u00e1lise. Qual \u00e9 o tipo de informa\u00e7\u00e3o que o skickas fornece sobre qual cookie \u00e9.    <\/p>\n<p><strong>Marca os cookies ou os cookies de sess\u00e3o:<\/strong> Cookies que te ajudam a fazer com que o teu site funcione. Este tipo de cookies \u00e9 fornecido quando o utilizador inicia o seu navegador ou melhora a sua experi\u00eancia. <\/p>\n<p><strong>Cookies de funcionalidade ou outros cookies:<\/strong> Cookies que s\u00e3o activados para te ajudar a encontrar uma forma de acederes a um servi\u00e7o, por exemplo, para que possas aceder \u00e0s mesmas aplica\u00e7\u00f5es. <\/p>\n<p><strong>Cookies anal\u00edticos ou cookies de rastreio:<\/strong> Cookies que s\u00e3o utilizados para analisar a forma como as pessoas o fazem, por exemplo, se a maioria das pessoas o faz ou se est\u00e1 a fazer. O Google Analytics recolhe informa\u00e7\u00f5es e apresenta estat\u00edsticas de navega\u00e7\u00e3o para os visitantes da Web, para que as pessoas possam identificar os seus dados pessoais no Google.  <\/p>\n<p>Podes saber mais sobre os <a href=\"https:\/\/policies.google.com\/privacy?hl=sv\">reguladores de integra\u00e7\u00e3o<\/a> do Google, sobre <a href=\"https:\/\/policies.google.com\/technologies\/ads\">os anunciantes<\/a> e sobre como o Google aceita <a href=\"https:\/\/policies.google.com\/technologies\/cookies\">cookies<\/a>.<\/p>\n<p>Se quiseres que a tua procura por estes webbplats se traduza em estat\u00edsticas no Google Analytics, encontras aqui uma ferramenta que podes instalar no teu webblazer. Esta ferramenta est\u00e1 dispon\u00edvel nas plataformas web do Google. <\/p>\n<h3>Quais s\u00e3o os cookies que te incomodam?<\/h3>\n<p>V\u00ea quais s\u00e3o os cookies que podes aceitar quando clicas em &#8220;Alterar cookies&#8221; logo ap\u00f3s a p\u00e1gina inicial.<\/p>\n<h3>Armazena os cookies<\/h3>\n<p>Podes navegar atrav\u00e9s de cookies quando procuras informa\u00e7\u00f5es sobre a tua p\u00e1gina web. OBS! Se quiseres utilizar os cookies, podes ver algumas fun\u00e7\u00f5es que funcionam aqui. Para saber mais sobre cookies: consulta a documenta\u00e7\u00e3o de ajuda para o teu site atual:   <\/p>\n<ul>\n<li><a href=\"https:\/\/support.google.com\/accounts\/answer\/32050?hl=sv&amp;co=GENIE.Platform%3DDesktop\" target=\"_blank\" rel=\"noopener\">Google Chrome<\/a><\/li>\n<li><a href=\"https:\/\/support.microsoft.com\/sv-se\/windows\/ta-bort-och-hantera-cookies-168dab11-0753-043d-7c16-ede5947fc64d\" target=\"_blank\" rel=\"noopener\">Internet Explorer<\/a><\/li>\n<li><a href=\"https:\/\/support.mozilla.org\/sv\/kb\/rensa-kakor-och-webbplatsdata-firefox\" target=\"_blank\" rel=\"noopener\">Mozilla Firefox<\/a><\/li>\n<li><a href=\"https:\/\/support.microsoft.com\/sv-se\/microsoft-edge\/ta-bort-cookies-i-microsoft-edge-63947406-40ac-c3b8-57b9-2a946a29ae09\" target=\"_blank\" rel=\"noopener\">Borda<\/a><\/li>\n<li><a href=\"https:\/\/support.apple.com\/sv-se\/guide\/safari\/sfri11471\/11.0\/mac\/10.13\" target=\"_blank\" rel=\"noopener\">Safari (dator)<\/a><\/li>\n<li><a href=\"https:\/\/support.apple.com\/sv-se\/HT201265\" target=\"_blank\" rel=\"noopener\">Safari (mobil)<\/a><\/li>\n<li><a href=\"https:\/\/support.google.com\/nexus\/answer\/54068?visit_id=638367063625101613-921820139&amp;hl=en&amp;rd=1\" target=\"_blank\" rel=\"noopener\">Abre a tua conta no Android<\/a><\/li>\n<li><a href=\"https:\/\/blogs.opera.com\/tips-and-tricks\/2023\/04\/clean-browser-and-remove-trackers\/\" target=\"_blank\" rel=\"noopener\">\u00d3pera<\/a><\/li>\n<\/ul>\n","protected":false},"excerpt":{"rendered":"<p>Pol\u00edtica de cozinha f\u00f6r Cistern Solutions Sweden AB Os cookies s\u00e3o pequenos ficheiros de texto que s\u00e3o armazenados no teu leitor. Os cookies permitem que as informa\u00e7\u00f5es sejam transferidas para n\u00f3s ou para uma parte espec\u00edfica. Uma parte espec\u00edfica pode ser, por exemplo, as redes sociais, os an\u00fancios e os &#8230; <a title=\"Pol\u00edtica de cookies\" class=\"read-more\" href=\"https:\/\/cisternsolutions.eu\/pt-pt\/politica-de-cookies\/\" aria-label=\"Leia mais sobre Pol\u00edtica de cookies\">L\u00e4s mer<\/a><\/p>\n","protected":false},"author":4,"featured_media":0,"parent":0,"menu_order":0,"comment_status":"closed","ping_status":"closed","template":"","meta":{"footnotes":""},"class_list":["post-7566","page","type-page","status-publish"],"yoast_head":"<!-- This site is optimized with the Yoast SEO plugin v27.5 - https:\/\/yoast.com\/product\/yoast-seo-wordpress\/ -->\n<title>Pol\u00edtica de cookies | Cistern Solutions Sweden<\/title>\n<meta name=\"description\" content=\"Aqui podes ler mais sobre cookies, o que s\u00e3o e como a Cistern Solutions Sweden os utiliza no s\u00edtio Web. L\u00ea mais ...\" \/>\n<meta name=\"robots\" content=\"index, follow, max-snippet:-1, max-image-preview:large, max-video-preview:-1\" \/>\n<link rel=\"canonical\" href=\"https:\/\/cisternsolutions.eu\/pt-pt\/politica-de-cookies\/\" \/>\n<meta property=\"og:locale\" content=\"pt_PT\" \/>\n<meta property=\"og:type\" content=\"article\" \/>\n<meta property=\"og:title\" content=\"Pol\u00edtica de cookies | Cistern Solutions Sweden\" \/>\n<meta property=\"og:description\" content=\"Aqui podes ler mais sobre cookies, o que s\u00e3o e como a Cistern Solutions Sweden os utiliza no s\u00edtio Web. L\u00ea mais ...\" \/>\n<meta property=\"og:url\" content=\"https:\/\/cisternsolutions.eu\/pt-pt\/politica-de-cookies\/\" \/>\n<meta property=\"og:site_name\" content=\"Cistern Solutions Sweden\" \/>\n<meta property=\"article:modified_time\" content=\"2024-10-23T17:11:15+00:00\" \/>\n<meta name=\"twitter:card\" content=\"summary_large_image\" \/>\n<meta name=\"twitter:label1\" content=\"Tempo estimado de leitura\" \/>\n\t<meta name=\"twitter:data1\" content=\"2 minutos\" \/>\n<script type=\"application\/ld+json\" class=\"yoast-schema-graph\">{\"@context\":\"https:\\\/\\\/schema.org\",\"@graph\":[{\"@type\":\"WebPage\",\"@id\":\"https:\\\/\\\/cisternsolutions.eu\\\/pt-pt\\\/politica-de-cookies\\\/\",\"url\":\"https:\\\/\\\/cisternsolutions.eu\\\/pt-pt\\\/politica-de-cookies\\\/\",\"name\":\"Pol\u00edtica de cookies | Cistern Solutions Sweden\",\"isPartOf\":{\"@id\":\"https:\\\/\\\/cisternsolutions.eu\\\/pt-pt\\\/#website\"},\"datePublished\":\"2022-05-03T14:59:50+00:00\",\"dateModified\":\"2024-10-23T17:11:15+00:00\",\"description\":\"Aqui podes ler mais sobre cookies, o que s\u00e3o e como a Cistern Solutions Sweden os utiliza no s\u00edtio Web. L\u00ea mais ...\",\"breadcrumb\":{\"@id\":\"https:\\\/\\\/cisternsolutions.eu\\\/pt-pt\\\/politica-de-cookies\\\/#breadcrumb\"},\"inLanguage\":\"pt-PT\",\"potentialAction\":[{\"@type\":\"ReadAction\",\"target\":[\"https:\\\/\\\/cisternsolutions.eu\\\/pt-pt\\\/politica-de-cookies\\\/\"]}]},{\"@type\":\"BreadcrumbList\",\"@id\":\"https:\\\/\\\/cisternsolutions.eu\\\/pt-pt\\\/politica-de-cookies\\\/#breadcrumb\",\"itemListElement\":[{\"@type\":\"ListItem\",\"position\":1,\"name\":\"Hem\",\"item\":\"https:\\\/\\\/cisternsolutions.eu\\\/pt-pt\\\/pagina-inicial\\\/\"},{\"@type\":\"ListItem\",\"position\":2,\"name\":\"Pol\u00edtica de cookies\"}]},{\"@type\":\"WebSite\",\"@id\":\"https:\\\/\\\/cisternsolutions.eu\\\/pt-pt\\\/#website\",\"url\":\"https:\\\/\\\/cisternsolutions.eu\\\/pt-pt\\\/\",\"name\":\"Cistern Solutions Sweden\",\"description\":\"Cistern Solutions Sweden\",\"publisher\":{\"@id\":\"https:\\\/\\\/cisternsolutions.eu\\\/pt-pt\\\/#organization\"},\"potentialAction\":[{\"@type\":\"SearchAction\",\"target\":{\"@type\":\"EntryPoint\",\"urlTemplate\":\"https:\\\/\\\/cisternsolutions.eu\\\/pt-pt\\\/?s={search_term_string}\"},\"query-input\":{\"@type\":\"PropertyValueSpecification\",\"valueRequired\":true,\"valueName\":\"search_term_string\"}}],\"inLanguage\":\"pt-PT\"},{\"@type\":\"Organization\",\"@id\":\"https:\\\/\\\/cisternsolutions.eu\\\/pt-pt\\\/#organization\",\"name\":\"| Cistern Solutions Sweden AB\",\"url\":\"https:\\\/\\\/cisternsolutions.eu\\\/pt-pt\\\/\",\"logo\":{\"@type\":\"ImageObject\",\"inLanguage\":\"pt-PT\",\"@id\":\"https:\\\/\\\/cisternsolutions.eu\\\/pt-pt\\\/#\\\/schema\\\/logo\\\/image\\\/\",\"url\":\"https:\\\/\\\/cisternsolutions.eu\\\/wp-content\\\/uploads\\\/2023\\\/11\\\/CisternSolutions_orginal-logo.png\",\"contentUrl\":\"https:\\\/\\\/cisternsolutions.eu\\\/wp-content\\\/uploads\\\/2023\\\/11\\\/CisternSolutions_orginal-logo.png\",\"width\":1045,\"height\":293,\"caption\":\"| Cistern Solutions Sweden AB\"},\"image\":{\"@id\":\"https:\\\/\\\/cisternsolutions.eu\\\/pt-pt\\\/#\\\/schema\\\/logo\\\/image\\\/\"}}]}<\/script>\n<!-- \/ Yoast SEO plugin. -->","yoast_head_json":{"title":"Pol\u00edtica de cookies | Cistern Solutions Sweden","description":"Aqui podes ler mais sobre cookies, o que s\u00e3o e como a Cistern Solutions Sweden os utiliza no s\u00edtio Web. L\u00ea mais ...","robots":{"index":"index","follow":"follow","max-snippet":"max-snippet:-1","max-image-preview":"max-image-preview:large","max-video-preview":"max-video-preview:-1"},"canonical":"https:\/\/cisternsolutions.eu\/pt-pt\/politica-de-cookies\/","og_locale":"pt_PT","og_type":"article","og_title":"Pol\u00edtica de cookies | Cistern Solutions Sweden","og_description":"Aqui podes ler mais sobre cookies, o que s\u00e3o e como a Cistern Solutions Sweden os utiliza no s\u00edtio Web. L\u00ea mais ...","og_url":"https:\/\/cisternsolutions.eu\/pt-pt\/politica-de-cookies\/","og_site_name":"Cistern Solutions Sweden","article_modified_time":"2024-10-23T17:11:15+00:00","twitter_card":"summary_large_image","twitter_misc":{"Tempo estimado de leitura":"2 minutos"},"schema":{"@context":"https:\/\/schema.org","@graph":[{"@type":"WebPage","@id":"https:\/\/cisternsolutions.eu\/pt-pt\/politica-de-cookies\/","url":"https:\/\/cisternsolutions.eu\/pt-pt\/politica-de-cookies\/","name":"Pol\u00edtica de cookies | Cistern Solutions Sweden","isPartOf":{"@id":"https:\/\/cisternsolutions.eu\/pt-pt\/#website"},"datePublished":"2022-05-03T14:59:50+00:00","dateModified":"2024-10-23T17:11:15+00:00","description":"Aqui podes ler mais sobre cookies, o que s\u00e3o e como a Cistern Solutions Sweden os utiliza no s\u00edtio Web. L\u00ea mais ...","breadcrumb":{"@id":"https:\/\/cisternsolutions.eu\/pt-pt\/politica-de-cookies\/#breadcrumb"},"inLanguage":"pt-PT","potentialAction":[{"@type":"ReadAction","target":["https:\/\/cisternsolutions.eu\/pt-pt\/politica-de-cookies\/"]}]},{"@type":"BreadcrumbList","@id":"https:\/\/cisternsolutions.eu\/pt-pt\/politica-de-cookies\/#breadcrumb","itemListElement":[{"@type":"ListItem","position":1,"name":"Hem","item":"https:\/\/cisternsolutions.eu\/pt-pt\/pagina-inicial\/"},{"@type":"ListItem","position":2,"name":"Pol\u00edtica de cookies"}]},{"@type":"WebSite","@id":"https:\/\/cisternsolutions.eu\/pt-pt\/#website","url":"https:\/\/cisternsolutions.eu\/pt-pt\/","name":"Cistern Solutions Sweden","description":"Cistern Solutions Sweden","publisher":{"@id":"https:\/\/cisternsolutions.eu\/pt-pt\/#organization"},"potentialAction":[{"@type":"SearchAction","target":{"@type":"EntryPoint","urlTemplate":"https:\/\/cisternsolutions.eu\/pt-pt\/?s={search_term_string}"},"query-input":{"@type":"PropertyValueSpecification","valueRequired":true,"valueName":"search_term_string"}}],"inLanguage":"pt-PT"},{"@type":"Organization","@id":"https:\/\/cisternsolutions.eu\/pt-pt\/#organization","name":"| Cistern Solutions Sweden AB","url":"https:\/\/cisternsolutions.eu\/pt-pt\/","logo":{"@type":"ImageObject","inLanguage":"pt-PT","@id":"https:\/\/cisternsolutions.eu\/pt-pt\/#\/schema\/logo\/image\/","url":"https:\/\/cisternsolutions.eu\/wp-content\/uploads\/2023\/11\/CisternSolutions_orginal-logo.png","contentUrl":"https:\/\/cisternsolutions.eu\/wp-content\/uploads\/2023\/11\/CisternSolutions_orginal-logo.png","width":1045,"height":293,"caption":"| Cistern Solutions Sweden AB"},"image":{"@id":"https:\/\/cisternsolutions.eu\/pt-pt\/#\/schema\/logo\/image\/"}}]}},"_links":{"self":[{"href":"https:\/\/cisternsolutions.eu\/pt-pt\/wp-json\/wp\/v2\/pages\/7566","targetHints":{"allow":["GET"]}}],"collection":[{"href":"https:\/\/cisternsolutions.eu\/pt-pt\/wp-json\/wp\/v2\/pages"}],"about":[{"href":"https:\/\/cisternsolutions.eu\/pt-pt\/wp-json\/wp\/v2\/types\/page"}],"author":[{"embeddable":true,"href":"https:\/\/cisternsolutions.eu\/pt-pt\/wp-json\/wp\/v2\/users\/4"}],"replies":[{"embeddable":true,"href":"https:\/\/cisternsolutions.eu\/pt-pt\/wp-json\/wp\/v2\/comments?post=7566"}],"version-history":[{"count":1,"href":"https:\/\/cisternsolutions.eu\/pt-pt\/wp-json\/wp\/v2\/pages\/7566\/revisions"}],"predecessor-version":[{"id":7567,"href":"https:\/\/cisternsolutions.eu\/pt-pt\/wp-json\/wp\/v2\/pages\/7566\/revisions\/7567"}],"wp:attachment":[{"href":"https:\/\/cisternsolutions.eu\/pt-pt\/wp-json\/wp\/v2\/media?parent=7566"}],"curies":[{"name":"wp","href":"https:\/\/api.w.org\/{rel}","templated":true}]}}