{"id":7519,"date":"2023-12-07T17:00:29","date_gmt":"2023-12-07T16:00:29","guid":{"rendered":"https:\/\/cisternsolutions.eu\/sobre-nos\/"},"modified":"2024-10-23T17:49:26","modified_gmt":"2024-10-23T15:49:26","slug":"sobre-nos","status":"publish","type":"page","link":"https:\/\/cisternsolutions.eu\/pt-pt\/sobre-nos\/","title":{"rendered":"Sobre n\u00f3s"},"content":{"rendered":"\n\n\t\t<h1>\n  Solu\u00e7\u00f5es para autoclismos Su\u00e9cia\n\t\t<\/h1>\n\t\t\t<p>Eu vou at\u00e9 que o teu tanque esteja a funcionar<\/p>\t\t\n<h2>\n  Renovering av sprinklertankar  \n\t<\/h2>\n\t<p><strong>Queres comprar um tanque de rega? Queres uma cisterna de processamento? Ou de uma cisterna com um sistema de aquecimento ou de um sistema de aquecimento? Trabalhas para gerir um tanque e tens um parceiro que te pode ajudar a consertar o tanque que est\u00e1s a utilizar? Est\u00e1s a ser obrigado a alugar um tanque? Podes ajudar-me a encontrar! Somos especialistas em renova\u00e7\u00e3o de tanques e cisternas.      <\/strong><\/p>\n\t<p>A Cistern Solutions Sweden tem a sua origem na AJ Floor Solutions &#8211; uma empresa que se dedica \u00e0 constru\u00e7\u00e3o de cisternas em epoxibel\u00e4ggning em mais de 40 anos. A especialidade da empresa \u00e9 a renova\u00e7\u00e3o de tanques. Under v\u00e5ra uppdrag de senaste \u00e5ren, har vi f\u00f6rst\u00e5tt att m\u00e5nga sprinklertankar runt om i Sverige har n\u00e4rmare 20 \u00e5r p\u00e5 nacken och \u00e4r i stort behov av renovering.  <\/p>\n<p>Mot den bakgrunden har vi valt att bryta ut segmentet tankbel\u00e4ggning och starta ett nytt bolag d\u00e4r vi inriktar oss p\u00e5 att renovera tankar och cisterner. Sedan 2023 driver Ulf Johansson Cistern Solutions Sweden AB. <\/p>\n\t\t<h3>O tanque pode ser limpo ou renovado:<\/h3>\n\t\t\t<ul><li>Esguicho de \u00e1gua<\/li><li>Reservat\u00f3rio de \u00e1gua<\/li><li>Betongcisterner f\u00f6r t.ex. r\u00f6tslam <\/li><li>Kemikalietankar f\u00f6r t.ex. glukol <\/li><li>Oljetankar  <\/li><\/ul>\t\t\n<h3>\n  Ajuda-te a focar a tua aten\u00e7\u00e3o na recupera\u00e7\u00e3o de tanques\n\t<\/h3>\n\t<p>Com a ajuda de um dispositivo de fixa\u00e7\u00e3o de tanques em epoxibel\u00e4ggning, podes verificar e melhorar o teu m\u00e9todo. O especial arbetsmilj\u00f6n permite que o teu m\u00e9todo seja mais leve e flex\u00edvel. Vais querer saber se a produ\u00e7\u00e3o \u00e9 absolutamente necess\u00e1ria. \u00c9 muito importante que consigas obter resultados para que possas planear as tuas tarefas. Och sj\u00e4lvklart ska resultatet alltid vara en tank eller cistern som \u00e4r lika bra, eller b\u00e4ttre, \u00e4n den ursprungliga.    <\/p>\n<h3>\n  Sele\u00e7\u00e3o e renova\u00e7\u00e3o do mesmo fornecedor\n\t<\/h3>\n\t<p>Como \u00e9 que podes resolver um problema que te leva a um problema mais grave? Se te tiveres esfor\u00e7ado por resolver um problema de forma diferente &#8211; por exemplo, um problema de planeamento ou um problema de akut p.g.a. com um tanque -, podes dizer que o teu problema est\u00e1 relacionado com o assunto. Tamb\u00e9m podes anular os seus problemas de combust\u00edvel com a ajuda de um rob\u00f4 de manuten\u00e7\u00e3o.  <\/p>\n<h3>\n  Trabalha aqui no Norte e na Europa\n\t<\/h3>\n\t<p>A Cistern Solutions tem a sua sede em Sverige e a Cistern Solutions renova cisternas e tanques nos pa\u00edses n\u00f3rdicos e europeus. No in\u00edcio, vimos v\u00e1rios contentores m\u00f3veis com um sistema de abastecimento que est\u00e1 a ser renovado para uma nova utiliza\u00e7\u00e3o. <\/p>\n\t\t<h3>\n  H\u00f6r av dig till oss!\n\t\t<\/h3>\n\t<h3>Hugo Kjellberg<\/h3>\n<p><a href=\"mailto:hk@cisternsolutions.se\">hk@cisternsolutions.se<\/a><\/p>\n<p><a href=\"tel:073%20-%20815%2091%2000\"><strong>073 &#8211; 815 91 00<\/strong><\/a><\/p>\n\n","protected":false},"excerpt":{"rendered":"<p>Solu\u00e7\u00f5es para autoclismos Su\u00e9cia Eu vou at\u00e9 que o teu tanque esteja a funcionar Renovering av sprinklertankar Queres comprar um tanque de rega? Queres uma cisterna de processamento? Ou de uma cisterna com um sistema de aquecimento ou de um sistema de aquecimento? Trabalhas para gerir um tanque e tens &#8230; <a title=\"Sobre n\u00f3s\" class=\"read-more\" href=\"https:\/\/cisternsolutions.eu\/pt-pt\/sobre-nos\/\" aria-label=\"Leia mais sobre Sobre n\u00f3s\">L\u00e4s mer<\/a><\/p>\n","protected":false},"author":4,"featured_media":0,"parent":0,"menu_order":0,"comment_status":"closed","ping_status":"closed","template":"","meta":{"footnotes":""},"class_list":["post-7519","page","type-page","status-publish"],"yoast_head":"<!-- This site is optimized with the Yoast SEO plugin v27.4 - https:\/\/yoast.com\/product\/yoast-seo-wordpress\/ -->\n<title>Especialista em renova\u00e7\u00e3o de tanques e cisternas | Cistern Solutions Sweden<\/title>\n<meta name=\"description\" content=\"Cistern Solutions Sweden - especialistas na renova\u00e7\u00e3o de tanques e cisternas. Contacta-nos hoje para obter ajuda para as tuas necessidades.\" \/>\n<meta name=\"robots\" content=\"index, follow, max-snippet:-1, max-image-preview:large, max-video-preview:-1\" \/>\n<link rel=\"canonical\" href=\"https:\/\/cisternsolutions.eu\/pt-pt\/sobre-nos\/\" \/>\n<meta property=\"og:locale\" content=\"pt_PT\" \/>\n<meta property=\"og:type\" content=\"article\" \/>\n<meta property=\"og:title\" content=\"Especialista em renova\u00e7\u00e3o de tanques e cisternas | Cistern Solutions Sweden\" \/>\n<meta property=\"og:description\" content=\"Cistern Solutions Sweden - especialistas na renova\u00e7\u00e3o de tanques e cisternas. Contacta-nos hoje para obter ajuda para as tuas necessidades.\" \/>\n<meta property=\"og:url\" content=\"https:\/\/cisternsolutions.eu\/pt-pt\/sobre-nos\/\" \/>\n<meta property=\"og:site_name\" content=\"Cistern Solutions Sweden\" \/>\n<meta property=\"article:modified_time\" content=\"2024-10-23T15:49:26+00:00\" \/>\n<meta name=\"twitter:card\" content=\"summary_large_image\" \/>\n<meta name=\"twitter:label1\" content=\"Tempo estimado de leitura\" \/>\n\t<meta name=\"twitter:data1\" content=\"2 minutos\" \/>\n<script type=\"application\/ld+json\" class=\"yoast-schema-graph\">{\"@context\":\"https:\\\/\\\/schema.org\",\"@graph\":[{\"@type\":\"WebPage\",\"@id\":\"https:\\\/\\\/cisternsolutions.eu\\\/pt-pt\\\/sobre-nos\\\/\",\"url\":\"https:\\\/\\\/cisternsolutions.eu\\\/pt-pt\\\/sobre-nos\\\/\",\"name\":\"Especialista em renova\u00e7\u00e3o de tanques e cisternas | Cistern Solutions Sweden\",\"isPartOf\":{\"@id\":\"https:\\\/\\\/cisternsolutions.eu\\\/pt-pt\\\/#website\"},\"datePublished\":\"2023-12-07T16:00:29+00:00\",\"dateModified\":\"2024-10-23T15:49:26+00:00\",\"description\":\"Cistern Solutions Sweden - especialistas na renova\u00e7\u00e3o de tanques e cisternas. Contacta-nos hoje para obter ajuda para as tuas necessidades.\",\"breadcrumb\":{\"@id\":\"https:\\\/\\\/cisternsolutions.eu\\\/pt-pt\\\/sobre-nos\\\/#breadcrumb\"},\"inLanguage\":\"pt-PT\",\"potentialAction\":[{\"@type\":\"ReadAction\",\"target\":[\"https:\\\/\\\/cisternsolutions.eu\\\/pt-pt\\\/sobre-nos\\\/\"]}]},{\"@type\":\"BreadcrumbList\",\"@id\":\"https:\\\/\\\/cisternsolutions.eu\\\/pt-pt\\\/sobre-nos\\\/#breadcrumb\",\"itemListElement\":[{\"@type\":\"ListItem\",\"position\":1,\"name\":\"Hem\",\"item\":\"https:\\\/\\\/cisternsolutions.eu\\\/pt-pt\\\/pagina-inicial\\\/\"},{\"@type\":\"ListItem\",\"position\":2,\"name\":\"Sobre n\u00f3s\"}]},{\"@type\":\"WebSite\",\"@id\":\"https:\\\/\\\/cisternsolutions.eu\\\/pt-pt\\\/#website\",\"url\":\"https:\\\/\\\/cisternsolutions.eu\\\/pt-pt\\\/\",\"name\":\"Cistern Solutions Sweden\",\"description\":\"Cistern Solutions Sweden\",\"publisher\":{\"@id\":\"https:\\\/\\\/cisternsolutions.eu\\\/pt-pt\\\/#organization\"},\"potentialAction\":[{\"@type\":\"SearchAction\",\"target\":{\"@type\":\"EntryPoint\",\"urlTemplate\":\"https:\\\/\\\/cisternsolutions.eu\\\/pt-pt\\\/?s={search_term_string}\"},\"query-input\":{\"@type\":\"PropertyValueSpecification\",\"valueRequired\":true,\"valueName\":\"search_term_string\"}}],\"inLanguage\":\"pt-PT\"},{\"@type\":\"Organization\",\"@id\":\"https:\\\/\\\/cisternsolutions.eu\\\/pt-pt\\\/#organization\",\"name\":\"| Cistern Solutions Sweden AB\",\"url\":\"https:\\\/\\\/cisternsolutions.eu\\\/pt-pt\\\/\",\"logo\":{\"@type\":\"ImageObject\",\"inLanguage\":\"pt-PT\",\"@id\":\"https:\\\/\\\/cisternsolutions.eu\\\/pt-pt\\\/#\\\/schema\\\/logo\\\/image\\\/\",\"url\":\"https:\\\/\\\/cisternsolutions.eu\\\/wp-content\\\/uploads\\\/2023\\\/11\\\/CisternSolutions_orginal-logo.png\",\"contentUrl\":\"https:\\\/\\\/cisternsolutions.eu\\\/wp-content\\\/uploads\\\/2023\\\/11\\\/CisternSolutions_orginal-logo.png\",\"width\":1045,\"height\":293,\"caption\":\"| Cistern Solutions Sweden AB\"},\"image\":{\"@id\":\"https:\\\/\\\/cisternsolutions.eu\\\/pt-pt\\\/#\\\/schema\\\/logo\\\/image\\\/\"}}]}<\/script>\n<!-- \/ Yoast SEO plugin. -->","yoast_head_json":{"title":"Especialista em renova\u00e7\u00e3o de tanques e cisternas | Cistern Solutions Sweden","description":"Cistern Solutions Sweden - especialistas na renova\u00e7\u00e3o de tanques e cisternas. Contacta-nos hoje para obter ajuda para as tuas necessidades.","robots":{"index":"index","follow":"follow","max-snippet":"max-snippet:-1","max-image-preview":"max-image-preview:large","max-video-preview":"max-video-preview:-1"},"canonical":"https:\/\/cisternsolutions.eu\/pt-pt\/sobre-nos\/","og_locale":"pt_PT","og_type":"article","og_title":"Especialista em renova\u00e7\u00e3o de tanques e cisternas | Cistern Solutions Sweden","og_description":"Cistern Solutions Sweden - especialistas na renova\u00e7\u00e3o de tanques e cisternas. Contacta-nos hoje para obter ajuda para as tuas necessidades.","og_url":"https:\/\/cisternsolutions.eu\/pt-pt\/sobre-nos\/","og_site_name":"Cistern Solutions Sweden","article_modified_time":"2024-10-23T15:49:26+00:00","twitter_card":"summary_large_image","twitter_misc":{"Tempo estimado de leitura":"2 minutos"},"schema":{"@context":"https:\/\/schema.org","@graph":[{"@type":"WebPage","@id":"https:\/\/cisternsolutions.eu\/pt-pt\/sobre-nos\/","url":"https:\/\/cisternsolutions.eu\/pt-pt\/sobre-nos\/","name":"Especialista em renova\u00e7\u00e3o de tanques e cisternas | Cistern Solutions Sweden","isPartOf":{"@id":"https:\/\/cisternsolutions.eu\/pt-pt\/#website"},"datePublished":"2023-12-07T16:00:29+00:00","dateModified":"2024-10-23T15:49:26+00:00","description":"Cistern Solutions Sweden - especialistas na renova\u00e7\u00e3o de tanques e cisternas. Contacta-nos hoje para obter ajuda para as tuas necessidades.","breadcrumb":{"@id":"https:\/\/cisternsolutions.eu\/pt-pt\/sobre-nos\/#breadcrumb"},"inLanguage":"pt-PT","potentialAction":[{"@type":"ReadAction","target":["https:\/\/cisternsolutions.eu\/pt-pt\/sobre-nos\/"]}]},{"@type":"BreadcrumbList","@id":"https:\/\/cisternsolutions.eu\/pt-pt\/sobre-nos\/#breadcrumb","itemListElement":[{"@type":"ListItem","position":1,"name":"Hem","item":"https:\/\/cisternsolutions.eu\/pt-pt\/pagina-inicial\/"},{"@type":"ListItem","position":2,"name":"Sobre n\u00f3s"}]},{"@type":"WebSite","@id":"https:\/\/cisternsolutions.eu\/pt-pt\/#website","url":"https:\/\/cisternsolutions.eu\/pt-pt\/","name":"Cistern Solutions Sweden","description":"Cistern Solutions Sweden","publisher":{"@id":"https:\/\/cisternsolutions.eu\/pt-pt\/#organization"},"potentialAction":[{"@type":"SearchAction","target":{"@type":"EntryPoint","urlTemplate":"https:\/\/cisternsolutions.eu\/pt-pt\/?s={search_term_string}"},"query-input":{"@type":"PropertyValueSpecification","valueRequired":true,"valueName":"search_term_string"}}],"inLanguage":"pt-PT"},{"@type":"Organization","@id":"https:\/\/cisternsolutions.eu\/pt-pt\/#organization","name":"| Cistern Solutions Sweden AB","url":"https:\/\/cisternsolutions.eu\/pt-pt\/","logo":{"@type":"ImageObject","inLanguage":"pt-PT","@id":"https:\/\/cisternsolutions.eu\/pt-pt\/#\/schema\/logo\/image\/","url":"https:\/\/cisternsolutions.eu\/wp-content\/uploads\/2023\/11\/CisternSolutions_orginal-logo.png","contentUrl":"https:\/\/cisternsolutions.eu\/wp-content\/uploads\/2023\/11\/CisternSolutions_orginal-logo.png","width":1045,"height":293,"caption":"| Cistern Solutions Sweden AB"},"image":{"@id":"https:\/\/cisternsolutions.eu\/pt-pt\/#\/schema\/logo\/image\/"}}]}},"_links":{"self":[{"href":"https:\/\/cisternsolutions.eu\/pt-pt\/wp-json\/wp\/v2\/pages\/7519","targetHints":{"allow":["GET"]}}],"collection":[{"href":"https:\/\/cisternsolutions.eu\/pt-pt\/wp-json\/wp\/v2\/pages"}],"about":[{"href":"https:\/\/cisternsolutions.eu\/pt-pt\/wp-json\/wp\/v2\/types\/page"}],"author":[{"embeddable":true,"href":"https:\/\/cisternsolutions.eu\/pt-pt\/wp-json\/wp\/v2\/users\/4"}],"replies":[{"embeddable":true,"href":"https:\/\/cisternsolutions.eu\/pt-pt\/wp-json\/wp\/v2\/comments?post=7519"}],"version-history":[{"count":1,"href":"https:\/\/cisternsolutions.eu\/pt-pt\/wp-json\/wp\/v2\/pages\/7519\/revisions"}],"predecessor-version":[{"id":7521,"href":"https:\/\/cisternsolutions.eu\/pt-pt\/wp-json\/wp\/v2\/pages\/7519\/revisions\/7521"}],"wp:attachment":[{"href":"https:\/\/cisternsolutions.eu\/pt-pt\/wp-json\/wp\/v2\/media?parent=7519"}],"curies":[{"name":"wp","href":"https:\/\/api.w.org\/{rel}","templated":true}]}}