{"id":7325,"date":"2024-10-07T16:26:37","date_gmt":"2024-10-07T14:26:37","guid":{"rendered":"https:\/\/cisternsolutions.eu\/cysterny-na-zywnosc\/"},"modified":"2024-10-23T12:43:06","modified_gmt":"2024-10-23T10:43:06","slug":"cysterny-na-zywnosc","status":"publish","type":"page","link":"https:\/\/cisternsolutions.eu\/pl\/cysterny-na-zywnosc\/","title":{"rendered":"Cysterny na \u017cywno\u015b\u0107"},"content":{"rendered":"","protected":false},"excerpt":{"rendered":"<p>Uszkodzone zbiorniki na \u017cywno\u015b\u0107 mog\u0105 zosta\u0107 przywr\u00f3cone do stanu jak nowe przy u\u017cyciu metody Cistern Solutions Sweden.  <\/p>\n","protected":false},"author":4,"featured_media":6930,"parent":0,"menu_order":0,"comment_status":"closed","ping_status":"closed","template":"","meta":{"footnotes":""},"class_list":["post-7325","page","type-page","status-publish","has-post-thumbnail"],"yoast_head":"<!-- This site is optimized with the Yoast SEO plugin v27.4 - https:\/\/yoast.com\/product\/yoast-seo-wordpress\/ -->\n<title>Rozwi\u0105zania do zbiornik\u00f3w na \u017cywno\u015b\u0107 | Cistern Solutions Sweden<\/title>\n<meta name=\"description\" content=\"Zbiorniki na \u017cywno\u015b\u0107, kt\u00f3re uleg\u0142y uszkodzeniu, mo\u017cna odnowi\u0107 za pomoc\u0105 metody Cistern Solutions Sweden. Przeczytaj o tym, jak zbiornik na \u017cywno\u015b\u0107 zn\u00f3w staje si\u0119 jak nowy!\" \/>\n<meta name=\"robots\" content=\"index, follow, max-snippet:-1, max-image-preview:large, max-video-preview:-1\" \/>\n<link rel=\"canonical\" href=\"https:\/\/cisternsolutions.eu\/pl\/cysterny-na-zywnosc\/\" \/>\n<meta property=\"og:locale\" content=\"pl_PL\" \/>\n<meta property=\"og:type\" content=\"article\" \/>\n<meta property=\"og:title\" content=\"Rozwi\u0105zania do zbiornik\u00f3w na \u017cywno\u015b\u0107 | Cistern Solutions Sweden\" \/>\n<meta property=\"og:description\" content=\"Zbiorniki na \u017cywno\u015b\u0107, kt\u00f3re uleg\u0142y uszkodzeniu, mo\u017cna odnowi\u0107 za pomoc\u0105 metody Cistern Solutions Sweden. Przeczytaj o tym, jak zbiornik na \u017cywno\u015b\u0107 zn\u00f3w staje si\u0119 jak nowy!\" \/>\n<meta property=\"og:url\" content=\"https:\/\/cisternsolutions.eu\/pl\/cysterny-na-zywnosc\/\" \/>\n<meta property=\"og:site_name\" content=\"Cistern Solutions Sweden\" \/>\n<meta property=\"article:modified_time\" content=\"2024-10-23T10:43:06+00:00\" \/>\n<meta property=\"og:image\" content=\"https:\/\/cisternsolutions.eu\/wp-content\/uploads\/2024\/10\/cisterner_livsmedel-hero.jpg\" \/>\n\t<meta property=\"og:image:width\" content=\"1920\" \/>\n\t<meta property=\"og:image:height\" content=\"526\" \/>\n\t<meta property=\"og:image:type\" content=\"image\/jpeg\" \/>\n<meta name=\"twitter:card\" content=\"summary_large_image\" \/>\n<meta name=\"twitter:label1\" content=\"Szacowany czas czytania\" \/>\n\t<meta name=\"twitter:data1\" content=\"6 minut\" \/>\n<script type=\"application\/ld+json\" class=\"yoast-schema-graph\">{\"@context\":\"https:\\\/\\\/schema.org\",\"@graph\":[{\"@type\":\"WebPage\",\"@id\":\"https:\\\/\\\/cisternsolutions.eu\\\/pl\\\/cysterny-na-zywnosc\\\/\",\"url\":\"https:\\\/\\\/cisternsolutions.eu\\\/pl\\\/cysterny-na-zywnosc\\\/\",\"name\":\"Rozwi\u0105zania do zbiornik\u00f3w na \u017cywno\u015b\u0107 | Cistern Solutions Sweden\",\"isPartOf\":{\"@id\":\"https:\\\/\\\/cisternsolutions.eu\\\/pl\\\/#website\"},\"primaryImageOfPage\":{\"@id\":\"https:\\\/\\\/cisternsolutions.eu\\\/pl\\\/cysterny-na-zywnosc\\\/#primaryimage\"},\"image\":{\"@id\":\"https:\\\/\\\/cisternsolutions.eu\\\/pl\\\/cysterny-na-zywnosc\\\/#primaryimage\"},\"thumbnailUrl\":\"https:\\\/\\\/cisternsolutions.eu\\\/wp-content\\\/uploads\\\/2024\\\/10\\\/cisterner_livsmedel-hero.jpg\",\"datePublished\":\"2024-10-07T14:26:37+00:00\",\"dateModified\":\"2024-10-23T10:43:06+00:00\",\"description\":\"Zbiorniki na \u017cywno\u015b\u0107, kt\u00f3re uleg\u0142y uszkodzeniu, mo\u017cna odnowi\u0107 za pomoc\u0105 metody Cistern Solutions Sweden. Przeczytaj o tym, jak zbiornik na \u017cywno\u015b\u0107 zn\u00f3w staje si\u0119 jak nowy!\",\"breadcrumb\":{\"@id\":\"https:\\\/\\\/cisternsolutions.eu\\\/pl\\\/cysterny-na-zywnosc\\\/#breadcrumb\"},\"inLanguage\":\"pl-PL\",\"potentialAction\":[{\"@type\":\"ReadAction\",\"target\":[\"https:\\\/\\\/cisternsolutions.eu\\\/pl\\\/cysterny-na-zywnosc\\\/\"]}]},{\"@type\":\"ImageObject\",\"inLanguage\":\"pl-PL\",\"@id\":\"https:\\\/\\\/cisternsolutions.eu\\\/pl\\\/cysterny-na-zywnosc\\\/#primaryimage\",\"url\":\"https:\\\/\\\/cisternsolutions.eu\\\/wp-content\\\/uploads\\\/2024\\\/10\\\/cisterner_livsmedel-hero.jpg\",\"contentUrl\":\"https:\\\/\\\/cisternsolutions.eu\\\/wp-content\\\/uploads\\\/2024\\\/10\\\/cisterner_livsmedel-hero.jpg\",\"width\":1920,\"height\":526},{\"@type\":\"BreadcrumbList\",\"@id\":\"https:\\\/\\\/cisternsolutions.eu\\\/pl\\\/cysterny-na-zywnosc\\\/#breadcrumb\",\"itemListElement\":[{\"@type\":\"ListItem\",\"position\":1,\"name\":\"Hem\",\"item\":\"https:\\\/\\\/cisternsolutions.eu\\\/pl\\\/strona-glowna\\\/\"},{\"@type\":\"ListItem\",\"position\":2,\"name\":\"Cysterny na \u017cywno\u015b\u0107\"}]},{\"@type\":\"WebSite\",\"@id\":\"https:\\\/\\\/cisternsolutions.eu\\\/pl\\\/#website\",\"url\":\"https:\\\/\\\/cisternsolutions.eu\\\/pl\\\/\",\"name\":\"Cistern Solutions Sweden\",\"description\":\"Cistern Solutions Sweden\",\"publisher\":{\"@id\":\"https:\\\/\\\/cisternsolutions.eu\\\/pl\\\/#organization\"},\"potentialAction\":[{\"@type\":\"SearchAction\",\"target\":{\"@type\":\"EntryPoint\",\"urlTemplate\":\"https:\\\/\\\/cisternsolutions.eu\\\/pl\\\/?s={search_term_string}\"},\"query-input\":{\"@type\":\"PropertyValueSpecification\",\"valueRequired\":true,\"valueName\":\"search_term_string\"}}],\"inLanguage\":\"pl-PL\"},{\"@type\":\"Organization\",\"@id\":\"https:\\\/\\\/cisternsolutions.eu\\\/pl\\\/#organization\",\"name\":\"| Cistern Solutions Sweden AB\",\"url\":\"https:\\\/\\\/cisternsolutions.eu\\\/pl\\\/\",\"logo\":{\"@type\":\"ImageObject\",\"inLanguage\":\"pl-PL\",\"@id\":\"https:\\\/\\\/cisternsolutions.eu\\\/pl\\\/#\\\/schema\\\/logo\\\/image\\\/\",\"url\":\"https:\\\/\\\/cisternsolutions.eu\\\/wp-content\\\/uploads\\\/2023\\\/11\\\/CisternSolutions_orginal-logo.png\",\"contentUrl\":\"https:\\\/\\\/cisternsolutions.eu\\\/wp-content\\\/uploads\\\/2023\\\/11\\\/CisternSolutions_orginal-logo.png\",\"width\":1045,\"height\":293,\"caption\":\"| Cistern Solutions Sweden AB\"},\"image\":{\"@id\":\"https:\\\/\\\/cisternsolutions.eu\\\/pl\\\/#\\\/schema\\\/logo\\\/image\\\/\"}}]}<\/script>\n<!-- \/ Yoast SEO plugin. -->","yoast_head_json":{"title":"Rozwi\u0105zania do zbiornik\u00f3w na \u017cywno\u015b\u0107 | Cistern Solutions Sweden","description":"Zbiorniki na \u017cywno\u015b\u0107, kt\u00f3re uleg\u0142y uszkodzeniu, mo\u017cna odnowi\u0107 za pomoc\u0105 metody Cistern Solutions Sweden. Przeczytaj o tym, jak zbiornik na \u017cywno\u015b\u0107 zn\u00f3w staje si\u0119 jak nowy!","robots":{"index":"index","follow":"follow","max-snippet":"max-snippet:-1","max-image-preview":"max-image-preview:large","max-video-preview":"max-video-preview:-1"},"canonical":"https:\/\/cisternsolutions.eu\/pl\/cysterny-na-zywnosc\/","og_locale":"pl_PL","og_type":"article","og_title":"Rozwi\u0105zania do zbiornik\u00f3w na \u017cywno\u015b\u0107 | Cistern Solutions Sweden","og_description":"Zbiorniki na \u017cywno\u015b\u0107, kt\u00f3re uleg\u0142y uszkodzeniu, mo\u017cna odnowi\u0107 za pomoc\u0105 metody Cistern Solutions Sweden. Przeczytaj o tym, jak zbiornik na \u017cywno\u015b\u0107 zn\u00f3w staje si\u0119 jak nowy!","og_url":"https:\/\/cisternsolutions.eu\/pl\/cysterny-na-zywnosc\/","og_site_name":"Cistern Solutions Sweden","article_modified_time":"2024-10-23T10:43:06+00:00","og_image":[{"width":1920,"height":526,"url":"https:\/\/cisternsolutions.eu\/wp-content\/uploads\/2024\/10\/cisterner_livsmedel-hero.jpg","type":"image\/jpeg"}],"twitter_card":"summary_large_image","twitter_misc":{"Szacowany czas czytania":"6 minut"},"schema":{"@context":"https:\/\/schema.org","@graph":[{"@type":"WebPage","@id":"https:\/\/cisternsolutions.eu\/pl\/cysterny-na-zywnosc\/","url":"https:\/\/cisternsolutions.eu\/pl\/cysterny-na-zywnosc\/","name":"Rozwi\u0105zania do zbiornik\u00f3w na \u017cywno\u015b\u0107 | Cistern Solutions Sweden","isPartOf":{"@id":"https:\/\/cisternsolutions.eu\/pl\/#website"},"primaryImageOfPage":{"@id":"https:\/\/cisternsolutions.eu\/pl\/cysterny-na-zywnosc\/#primaryimage"},"image":{"@id":"https:\/\/cisternsolutions.eu\/pl\/cysterny-na-zywnosc\/#primaryimage"},"thumbnailUrl":"https:\/\/cisternsolutions.eu\/wp-content\/uploads\/2024\/10\/cisterner_livsmedel-hero.jpg","datePublished":"2024-10-07T14:26:37+00:00","dateModified":"2024-10-23T10:43:06+00:00","description":"Zbiorniki na \u017cywno\u015b\u0107, kt\u00f3re uleg\u0142y uszkodzeniu, mo\u017cna odnowi\u0107 za pomoc\u0105 metody Cistern Solutions Sweden. Przeczytaj o tym, jak zbiornik na \u017cywno\u015b\u0107 zn\u00f3w staje si\u0119 jak nowy!","breadcrumb":{"@id":"https:\/\/cisternsolutions.eu\/pl\/cysterny-na-zywnosc\/#breadcrumb"},"inLanguage":"pl-PL","potentialAction":[{"@type":"ReadAction","target":["https:\/\/cisternsolutions.eu\/pl\/cysterny-na-zywnosc\/"]}]},{"@type":"ImageObject","inLanguage":"pl-PL","@id":"https:\/\/cisternsolutions.eu\/pl\/cysterny-na-zywnosc\/#primaryimage","url":"https:\/\/cisternsolutions.eu\/wp-content\/uploads\/2024\/10\/cisterner_livsmedel-hero.jpg","contentUrl":"https:\/\/cisternsolutions.eu\/wp-content\/uploads\/2024\/10\/cisterner_livsmedel-hero.jpg","width":1920,"height":526},{"@type":"BreadcrumbList","@id":"https:\/\/cisternsolutions.eu\/pl\/cysterny-na-zywnosc\/#breadcrumb","itemListElement":[{"@type":"ListItem","position":1,"name":"Hem","item":"https:\/\/cisternsolutions.eu\/pl\/strona-glowna\/"},{"@type":"ListItem","position":2,"name":"Cysterny na \u017cywno\u015b\u0107"}]},{"@type":"WebSite","@id":"https:\/\/cisternsolutions.eu\/pl\/#website","url":"https:\/\/cisternsolutions.eu\/pl\/","name":"Cistern Solutions Sweden","description":"Cistern Solutions Sweden","publisher":{"@id":"https:\/\/cisternsolutions.eu\/pl\/#organization"},"potentialAction":[{"@type":"SearchAction","target":{"@type":"EntryPoint","urlTemplate":"https:\/\/cisternsolutions.eu\/pl\/?s={search_term_string}"},"query-input":{"@type":"PropertyValueSpecification","valueRequired":true,"valueName":"search_term_string"}}],"inLanguage":"pl-PL"},{"@type":"Organization","@id":"https:\/\/cisternsolutions.eu\/pl\/#organization","name":"| Cistern Solutions Sweden AB","url":"https:\/\/cisternsolutions.eu\/pl\/","logo":{"@type":"ImageObject","inLanguage":"pl-PL","@id":"https:\/\/cisternsolutions.eu\/pl\/#\/schema\/logo\/image\/","url":"https:\/\/cisternsolutions.eu\/wp-content\/uploads\/2023\/11\/CisternSolutions_orginal-logo.png","contentUrl":"https:\/\/cisternsolutions.eu\/wp-content\/uploads\/2023\/11\/CisternSolutions_orginal-logo.png","width":1045,"height":293,"caption":"| Cistern Solutions Sweden AB"},"image":{"@id":"https:\/\/cisternsolutions.eu\/pl\/#\/schema\/logo\/image\/"}}]}},"_links":{"self":[{"href":"https:\/\/cisternsolutions.eu\/pl\/wp-json\/wp\/v2\/pages\/7325","targetHints":{"allow":["GET"]}}],"collection":[{"href":"https:\/\/cisternsolutions.eu\/pl\/wp-json\/wp\/v2\/pages"}],"about":[{"href":"https:\/\/cisternsolutions.eu\/pl\/wp-json\/wp\/v2\/types\/page"}],"author":[{"embeddable":true,"href":"https:\/\/cisternsolutions.eu\/pl\/wp-json\/wp\/v2\/users\/4"}],"replies":[{"embeddable":true,"href":"https:\/\/cisternsolutions.eu\/pl\/wp-json\/wp\/v2\/comments?post=7325"}],"version-history":[{"count":1,"href":"https:\/\/cisternsolutions.eu\/pl\/wp-json\/wp\/v2\/pages\/7325\/revisions"}],"predecessor-version":[{"id":7332,"href":"https:\/\/cisternsolutions.eu\/pl\/wp-json\/wp\/v2\/pages\/7325\/revisions\/7332"}],"wp:featuredmedia":[{"embeddable":true,"href":"https:\/\/cisternsolutions.eu\/pl\/wp-json\/wp\/v2\/media\/6930"}],"wp:attachment":[{"href":"https:\/\/cisternsolutions.eu\/pl\/wp-json\/wp\/v2\/media?parent=7325"}],"curies":[{"name":"wp","href":"https:\/\/api.w.org\/{rel}","templated":true}]}}