{"id":6505,"date":"2024-06-18T10:11:10","date_gmt":"2024-06-18T08:11:10","guid":{"rendered":"https:\/\/cisternsolutions.eu\/laboratorium-testowe\/"},"modified":"2024-06-18T10:11:10","modified_gmt":"2024-06-18T08:11:10","slug":"laboratorium-testowe","status":"publish","type":"page","link":"https:\/\/cisternsolutions.eu\/pl\/laboratorium-testowe\/","title":{"rendered":"Laboratorium testowe"},"content":{"rendered":"","protected":false},"excerpt":{"rendered":"","protected":false},"author":4,"featured_media":0,"parent":0,"menu_order":0,"comment_status":"closed","ping_status":"closed","template":"","meta":{"footnotes":""},"class_list":["post-6505","page","type-page","status-publish"],"yoast_head":"<!-- This site is optimized with the Yoast SEO plugin v27.4 - https:\/\/yoast.com\/product\/yoast-seo-wordpress\/ -->\n<title>Testujemy produkty w naszym w\u0142asnym laboratorium | Cistern Solutions Sweden<\/title>\n<meta name=\"description\" content=\"Cistern Solutions Sweden chce by\u0107 liderem w dziedzinie rozwoju. W tym celu testujemy nowe metody, projekty i technologie w naszym w\u0142asnym laboratorium\" \/>\n<meta name=\"robots\" content=\"index, follow, max-snippet:-1, max-image-preview:large, max-video-preview:-1\" \/>\n<link rel=\"canonical\" href=\"https:\/\/cisternsolutions.eu\/pl\/laboratorium-testowe\/\" \/>\n<meta property=\"og:locale\" content=\"pl_PL\" \/>\n<meta property=\"og:type\" content=\"article\" \/>\n<meta property=\"og:title\" content=\"Testujemy produkty w naszym w\u0142asnym laboratorium | Cistern Solutions Sweden\" \/>\n<meta property=\"og:description\" content=\"Cistern Solutions Sweden chce by\u0107 liderem w dziedzinie rozwoju. W tym celu testujemy nowe metody, projekty i technologie w naszym w\u0142asnym laboratorium\" \/>\n<meta property=\"og:url\" content=\"https:\/\/cisternsolutions.eu\/pl\/laboratorium-testowe\/\" \/>\n<meta property=\"og:site_name\" content=\"Cistern Solutions Sweden\" \/>\n<meta name=\"twitter:card\" content=\"summary_large_image\" \/>\n<script type=\"application\/ld+json\" class=\"yoast-schema-graph\">{\"@context\":\"https:\\\/\\\/schema.org\",\"@graph\":[{\"@type\":\"WebPage\",\"@id\":\"https:\\\/\\\/cisternsolutions.eu\\\/pl\\\/laboratorium-testowe\\\/\",\"url\":\"https:\\\/\\\/cisternsolutions.eu\\\/pl\\\/laboratorium-testowe\\\/\",\"name\":\"Testujemy produkty w naszym w\u0142asnym laboratorium | Cistern Solutions Sweden\",\"isPartOf\":{\"@id\":\"https:\\\/\\\/cisternsolutions.eu\\\/pl\\\/#website\"},\"datePublished\":\"2024-06-18T08:11:10+00:00\",\"description\":\"Cistern Solutions Sweden chce by\u0107 liderem w dziedzinie rozwoju. W tym celu testujemy nowe metody, projekty i technologie w naszym w\u0142asnym laboratorium\",\"breadcrumb\":{\"@id\":\"https:\\\/\\\/cisternsolutions.eu\\\/pl\\\/laboratorium-testowe\\\/#breadcrumb\"},\"inLanguage\":\"pl-PL\",\"potentialAction\":[{\"@type\":\"ReadAction\",\"target\":[\"https:\\\/\\\/cisternsolutions.eu\\\/pl\\\/laboratorium-testowe\\\/\"]}]},{\"@type\":\"BreadcrumbList\",\"@id\":\"https:\\\/\\\/cisternsolutions.eu\\\/pl\\\/laboratorium-testowe\\\/#breadcrumb\",\"itemListElement\":[{\"@type\":\"ListItem\",\"position\":1,\"name\":\"Hem\",\"item\":\"https:\\\/\\\/cisternsolutions.eu\\\/pl\\\/strona-glowna\\\/\"},{\"@type\":\"ListItem\",\"position\":2,\"name\":\"Laboratorium testowe\"}]},{\"@type\":\"WebSite\",\"@id\":\"https:\\\/\\\/cisternsolutions.eu\\\/pl\\\/#website\",\"url\":\"https:\\\/\\\/cisternsolutions.eu\\\/pl\\\/\",\"name\":\"Cistern Solutions Sweden\",\"description\":\"Cistern Solutions Sweden\",\"publisher\":{\"@id\":\"https:\\\/\\\/cisternsolutions.eu\\\/pl\\\/#organization\"},\"potentialAction\":[{\"@type\":\"SearchAction\",\"target\":{\"@type\":\"EntryPoint\",\"urlTemplate\":\"https:\\\/\\\/cisternsolutions.eu\\\/pl\\\/?s={search_term_string}\"},\"query-input\":{\"@type\":\"PropertyValueSpecification\",\"valueRequired\":true,\"valueName\":\"search_term_string\"}}],\"inLanguage\":\"pl-PL\"},{\"@type\":\"Organization\",\"@id\":\"https:\\\/\\\/cisternsolutions.eu\\\/pl\\\/#organization\",\"name\":\"| Cistern Solutions Sweden AB\",\"url\":\"https:\\\/\\\/cisternsolutions.eu\\\/pl\\\/\",\"logo\":{\"@type\":\"ImageObject\",\"inLanguage\":\"pl-PL\",\"@id\":\"https:\\\/\\\/cisternsolutions.eu\\\/pl\\\/#\\\/schema\\\/logo\\\/image\\\/\",\"url\":\"https:\\\/\\\/cisternsolutions.eu\\\/wp-content\\\/uploads\\\/2023\\\/11\\\/CisternSolutions_orginal-logo.png\",\"contentUrl\":\"https:\\\/\\\/cisternsolutions.eu\\\/wp-content\\\/uploads\\\/2023\\\/11\\\/CisternSolutions_orginal-logo.png\",\"width\":1045,\"height\":293,\"caption\":\"| Cistern Solutions Sweden AB\"},\"image\":{\"@id\":\"https:\\\/\\\/cisternsolutions.eu\\\/pl\\\/#\\\/schema\\\/logo\\\/image\\\/\"}}]}<\/script>\n<!-- \/ Yoast SEO plugin. -->","yoast_head_json":{"title":"Testujemy produkty w naszym w\u0142asnym laboratorium | Cistern Solutions Sweden","description":"Cistern Solutions Sweden chce by\u0107 liderem w dziedzinie rozwoju. W tym celu testujemy nowe metody, projekty i technologie w naszym w\u0142asnym laboratorium","robots":{"index":"index","follow":"follow","max-snippet":"max-snippet:-1","max-image-preview":"max-image-preview:large","max-video-preview":"max-video-preview:-1"},"canonical":"https:\/\/cisternsolutions.eu\/pl\/laboratorium-testowe\/","og_locale":"pl_PL","og_type":"article","og_title":"Testujemy produkty w naszym w\u0142asnym laboratorium | Cistern Solutions Sweden","og_description":"Cistern Solutions Sweden chce by\u0107 liderem w dziedzinie rozwoju. W tym celu testujemy nowe metody, projekty i technologie w naszym w\u0142asnym laboratorium","og_url":"https:\/\/cisternsolutions.eu\/pl\/laboratorium-testowe\/","og_site_name":"Cistern Solutions Sweden","twitter_card":"summary_large_image","schema":{"@context":"https:\/\/schema.org","@graph":[{"@type":"WebPage","@id":"https:\/\/cisternsolutions.eu\/pl\/laboratorium-testowe\/","url":"https:\/\/cisternsolutions.eu\/pl\/laboratorium-testowe\/","name":"Testujemy produkty w naszym w\u0142asnym laboratorium | Cistern Solutions Sweden","isPartOf":{"@id":"https:\/\/cisternsolutions.eu\/pl\/#website"},"datePublished":"2024-06-18T08:11:10+00:00","description":"Cistern Solutions Sweden chce by\u0107 liderem w dziedzinie rozwoju. W tym celu testujemy nowe metody, projekty i technologie w naszym w\u0142asnym laboratorium","breadcrumb":{"@id":"https:\/\/cisternsolutions.eu\/pl\/laboratorium-testowe\/#breadcrumb"},"inLanguage":"pl-PL","potentialAction":[{"@type":"ReadAction","target":["https:\/\/cisternsolutions.eu\/pl\/laboratorium-testowe\/"]}]},{"@type":"BreadcrumbList","@id":"https:\/\/cisternsolutions.eu\/pl\/laboratorium-testowe\/#breadcrumb","itemListElement":[{"@type":"ListItem","position":1,"name":"Hem","item":"https:\/\/cisternsolutions.eu\/pl\/strona-glowna\/"},{"@type":"ListItem","position":2,"name":"Laboratorium testowe"}]},{"@type":"WebSite","@id":"https:\/\/cisternsolutions.eu\/pl\/#website","url":"https:\/\/cisternsolutions.eu\/pl\/","name":"Cistern Solutions Sweden","description":"Cistern Solutions Sweden","publisher":{"@id":"https:\/\/cisternsolutions.eu\/pl\/#organization"},"potentialAction":[{"@type":"SearchAction","target":{"@type":"EntryPoint","urlTemplate":"https:\/\/cisternsolutions.eu\/pl\/?s={search_term_string}"},"query-input":{"@type":"PropertyValueSpecification","valueRequired":true,"valueName":"search_term_string"}}],"inLanguage":"pl-PL"},{"@type":"Organization","@id":"https:\/\/cisternsolutions.eu\/pl\/#organization","name":"| Cistern Solutions Sweden AB","url":"https:\/\/cisternsolutions.eu\/pl\/","logo":{"@type":"ImageObject","inLanguage":"pl-PL","@id":"https:\/\/cisternsolutions.eu\/pl\/#\/schema\/logo\/image\/","url":"https:\/\/cisternsolutions.eu\/wp-content\/uploads\/2023\/11\/CisternSolutions_orginal-logo.png","contentUrl":"https:\/\/cisternsolutions.eu\/wp-content\/uploads\/2023\/11\/CisternSolutions_orginal-logo.png","width":1045,"height":293,"caption":"| Cistern Solutions Sweden AB"},"image":{"@id":"https:\/\/cisternsolutions.eu\/pl\/#\/schema\/logo\/image\/"}}]}},"_links":{"self":[{"href":"https:\/\/cisternsolutions.eu\/pl\/wp-json\/wp\/v2\/pages\/6505","targetHints":{"allow":["GET"]}}],"collection":[{"href":"https:\/\/cisternsolutions.eu\/pl\/wp-json\/wp\/v2\/pages"}],"about":[{"href":"https:\/\/cisternsolutions.eu\/pl\/wp-json\/wp\/v2\/types\/page"}],"author":[{"embeddable":true,"href":"https:\/\/cisternsolutions.eu\/pl\/wp-json\/wp\/v2\/users\/4"}],"replies":[{"embeddable":true,"href":"https:\/\/cisternsolutions.eu\/pl\/wp-json\/wp\/v2\/comments?post=6505"}],"version-history":[{"count":0,"href":"https:\/\/cisternsolutions.eu\/pl\/wp-json\/wp\/v2\/pages\/6505\/revisions"}],"wp:attachment":[{"href":"https:\/\/cisternsolutions.eu\/pl\/wp-json\/wp\/v2\/media?parent=6505"}],"curies":[{"name":"wp","href":"https:\/\/api.w.org\/{rel}","templated":true}]}}