{"id":6388,"date":"2024-03-05T14:36:38","date_gmt":"2024-03-05T13:36:38","guid":{"rendered":"https:\/\/cisternsolutions.eu\/zbiorniki-tryskaczy\/"},"modified":"2026-01-13T16:48:28","modified_gmt":"2026-01-13T15:48:28","slug":"zbiorniki-tryskaczy","status":"publish","type":"page","link":"https:\/\/cisternsolutions.eu\/pl\/zbiorniki-tryskaczy\/","title":{"rendered":"Zbiorniki tryskaczy"},"content":{"rendered":"\r\n<h1>Zbiorniki tryskaczy<\/h1>\r\n<p>&#8211; kluczowy element ochrony przeciwpo\u017carowej<\/p>\r\n<h2>Zbiornik zraszacza nale\u017cy utrzymywa\u0107 w dobrym stanie<\/h2>\r\n<p>Zbiorniki tryskaczowe s\u0105 wsz\u0119dzie &#8211; w obiektach przemys\u0142owych, magazynach, przechowalniach i innych budynkach, w kt\u00f3rych wymagana jest dobra ochrona przeciwpo\u017carowa. S\u0105 one dost\u0119pne w szerokiej gamie wzor\u00f3w pod wzgl\u0119dem materia\u0142\u00f3w \u015bciennych, izolacji lub ok\u0142adzin. Zbiorniki tryskaczy s\u0105 dost\u0119pne w wersji z tworzywa sztucznego i blachy stalowej, mog\u0105 by\u0107 okr\u0105g\u0142e lub kwadratowe. Niekt\u00f3re s\u0105 izolowane i stoj\u0105 na zewn\u0105trz nad ziemi\u0105, inne s\u0105 nieizolowane i stoj\u0105 w pomieszczeniach. W centrach handlowych nierzadko zbiornik tryskacza jest zakopany pod budynkiem.<\/p>\r\n<p>Wsp\u00f3lnie musz\u0105 one spe\u0142nia\u0107 wymagania normy ISO 6182-1:2021. W dniu, w kt\u00f3rym naprawd\u0119 liczy si\u0119 wydajno\u015b\u0107, zbiornik zraszacza musi by\u0107 w stanie j\u0105 zapewni\u0107. Czy zbiornik zraszacza jest na pewno zasilany?<\/p>\r\n<p><em>*) Nale\u017cy pami\u0119ta\u0107, \u017ce wszystkie odniesienia do przepis\u00f3w, praw i organ\u00f3w na stronie internetowej dotycz\u0105 Szwecji i szwedzkich warunk\u00f3w. <\/em><\/p>\r\n<h3>Skontaktuj si\u0119 ze mn\u0105!<\/h3>\r\n<form id=\"fluentform_22\" method=\"POST\" data-form_id=\"22\" data-form_instance=\"ff_form_instance_22_1\" data-recptcha_key=\"6LclVsMpAAAAALbQlfjI40nUI01kkMo-WKOg0nvc\"><fieldset><legend>Szybki kontakt &#8211; PL (#22)<\/legend><input name=\"__fluent_form_embded_post_id\" type=\"hidden\" value=\"6388\" \/><input id=\"_fluentform_22_fluentformnonce\" name=\"_fluentform_22_fluentformnonce\" type=\"hidden\" value=\"08da1cd4b5\" \/><input name=\"_wp_http_referer\" type=\"hidden\" value=\"\/pl\/?page_id=6388&amp;fl_builder\" \/><input id=\"ff_22_names_first_name_\" name=\"names[first_name]\" type=\"text\" placeholder=\"Imi\u0119 i nazwisko ...\" aria-invalid=\"false\" aria-required=\"true\/\" \/><input id=\"ff_22_email\" name=\"email\" type=\"email\" placeholder=\"Napisz do mnie na adres...\" data-name=\"email\" aria-invalid=\"false\" aria-required=\"true\/\" \/><textarea id=\"ff_22_message\" cols=\"2\" name=\"message\" rows=\"4\" placeholder=\"Skontaktuj si\u0119 ze mn\u0105 w sprawie...\" aria-invalid=\"false\" aria-required=\"true\" data-name=\"message\"><\/textarea><label class=\"ff-el-form-check-label ff_tc_label\" for=\"gdpr-agreement_ea6a12ee66195347bc644fec35ff7571\" aria-label=\"terms &amp; conditions\"><input id=\"gdpr-agreement_ea6a12ee66195347bc644fec35ff7571\" name=\"gdpr-agreement\" type=\"checkbox\" value=\"on\" data-name=\"gdpr-agreement\" aria-invalid=\"false\" aria-required=\"true\/\" \/> Wyra\u017cam zgod\u0119 na przechowywanie przez t\u0119 witryn\u0119 przes\u0142anych przeze mnie informacji, aby mog\u0142a odpowiedzie\u0107 na moj\u0105 pro\u015bb\u0119. Informacje s\u0105 przechowywane przez 1 rok.<\/label><button type=\"submit\">Wys\u0142a\u0107<\/button><\/fieldset><\/form>\r\n<h3>Typowe problemy:<\/h3>\r\n<ul>\r\n<li>Korozja<\/li>\r\n<li>Osad na dnie<\/li>\r\n<li>Wyciek<\/li>\r\n<\/ul>\r\n<h2>Typowe problemy ze zbiornikami zraszacza<\/h2>\r\n<p><img decoding=\"async\" title=\"korrosion_i_tank_02\" src=\"https:\/\/cisternsolutions.eu\/wp-content\/uploads\/2024\/02\/korrosion_i_tank_02.jpg\" sizes=\"(max-width: 700px) 100vw, 700px\" srcset=\"https:\/\/cisternsolutions.eu\/wp-content\/uploads\/2024\/02\/korrosion_i_tank_02.jpg 700w, https:\/\/cisternsolutions.eu\/wp-content\/uploads\/2024\/02\/korrosion_i_tank_02-300x171.jpg 300w\" alt=\"korrosion_i_tank_02\" width=\"700\" height=\"400\" \/><\/p>\r\n<p>Zbiornik tryskaczowy jest niezb\u0119dnym elementem ka\u017cdego systemu przeciwpo\u017carowego. To oczywiste. Mimo to \u0142atwo jest przeoczy\u0107 inspekcj\u0119 i konserwacj\u0119 zbiornik\u00f3w tryskaczowych. Prawo wymaga jedynie, aby zbiorniki by\u0142y kontrolowane co 10 lat. Jest to bardzo d\u0142ugi okres, je\u015bli zbiornik zraszacza jest zaatakowany przez rdz\u0119.<\/p>\r\n<p>Cz\u0119stym problemem jest korozja. Korozja mo\u017ce spowodowa\u0107 uszkodzenia strukturalne zbiornika, czyni\u0105c go niestabilnym, a nawet niebezpiecznym.<\/p>\r\n<p>Je\u015bli rdza rozprzestrzeni si\u0119 swobodnie, zbiornik mo\u017ce p\u0119kn\u0105\u0107, a wyciek jest faktem. Je\u015bli zbiornik znajduje si\u0119 na zewn\u0105trz, wyciek wody mo\u017ce nie spowodowa\u0107 wi\u0119kszych szk\u00f3d. Ale czy zosta\u0142o wystarczaj\u0105co du\u017co wody, aby ugasi\u0107 po\u017car?<\/p>\r\n<p>Nieszczelny wewn\u0119trzny zbiornik zraszacza mo\u017ce spowodowa\u0107 kosztowne szkody spowodowane przez wod\u0119. W najgorszym przypadku korzystanie z lokalu mo\u017ce by\u0107 przez pewien czas niemo\u017cliwe, co r\u00f3wnie\u017c mo\u017ce by\u0107 kosztowne.<\/p>\r\n<p>Innym problemem jest osad i zanieczyszczenia gromadz\u0105ce si\u0119 na dnie zbiornika. Je\u015bli alarm w\u0142\u0105czy si\u0119 i system zraszaczy zostanie uruchomiony, istnieje wysokie ryzyko zassania osadu i zablokowania dop\u0142ywu wody.<\/p>\r\n<h2>Co powoduje problemy w zbiornikach zraszacza<\/h2>\r\n<p><img decoding=\"async\" title=\"galvanisk-korrosion_01\" src=\"https:\/\/cisternsolutions.eu\/wp-content\/uploads\/2024\/03\/galvanisk-korrosion_01.jpg\" sizes=\"(max-width: 700px) 100vw, 700px\" srcset=\"https:\/\/cisternsolutions.eu\/wp-content\/uploads\/2024\/03\/galvanisk-korrosion_01.jpg 700w, https:\/\/cisternsolutions.eu\/wp-content\/uploads\/2024\/03\/galvanisk-korrosion_01-300x171.jpg 300w\" alt=\"galvanisk-korrosion_01\" width=\"700\" height=\"400\" \/><\/p>\r\n<p>Zar\u00f3wno konstrukcja zbiornika, jak i znajduj\u0105ca si\u0119 w nim woda mog\u0105 przyczynia\u0107 si\u0119 do powstawania korozji i osad\u00f3w.<\/p>\r\n<p>Na przyk\u0142ad, rury ze stali nierdzewnej w zbiorniku tryskaczowym z blachy stalowej mog\u0105 powodowa\u0107 korozj\u0119 galwaniczn\u0105. Kwa\u015bna woda deszczowa mo\u017ce obni\u017cy\u0107 pH wody i zwi\u0119kszy\u0107 ryzyko korozji.<\/p>\r\n<p>Woda o wysokiej zawarto\u015bci tlenu mo\u017ce r\u00f3wnie\u017c przyspieszy\u0107 korozj\u0119. Je\u015bli woda w zbiorniku pochodzi z jeziora lub miejskiej sieci wodoci\u0105gowej, ma stosunkowo wysok\u0105 zawarto\u015b\u0107 tlenu. Je\u015bli w wodzie znajduj\u0105 si\u0119 r\u00f3wnie\u017c mikroorganizmy, ryzyko ich rozwoju wzrasta. Wiadomo, \u017ce bakterie i glony rozwijaj\u0105 si\u0119 w wilgotnym i ciemnym \u015brodowisku.<\/p>\r\n<h2>Mo\u017cemy odnowi\u0107 zbiornik zraszacza<\/h2>\r\n<p>Aby unikn\u0105\u0107 korozji i wyciek\u00f3w, niezb\u0119dne s\u0105 regularne i cz\u0119ste kontrole. Z pomoc\u0105 podwodnego drona uzyskujemy dobry przegl\u0105d stanu zbiornika bez konieczno\u015bci jego opr\u00f3\u017cniania.<\/p>\r\n<p>Je\u015bli zbiornik zraszacza jest uszkodzony, mo\u017cemy nada\u0107 mu nowe \u017cycie za pomoc\u0105 wzmocnionej \u017cywicy epoksydowej. Pow\u0142oka chroni blach\u0119 stalow\u0105 przed wod\u0105. Pow\u0142oka epoksydowa wzmacnia r\u00f3wnie\u017c konstrukcj\u0119. Zasadniczo, wewn\u0105trz starego zbiornika znajduje si\u0119 nowy, kt\u00f3ry b\u0119dzie s\u0142u\u017cy\u0142 przez bardzo d\u0142ugi czas.<\/p>\r\n<p>W Cistern Solutions Sweden mo\u017cemy r\u00f3wnie\u017c naprawi\u0107 inne uszkodzenia zbiornika zraszacza lub w zwi\u0105zku z nim.<\/p>\r\n<p><strong>Zapewnij bezpieczn\u0105 ochron\u0119 przeciwpo\u017carow\u0105, utrzymuj\u0105c zbiornik tryskacza w dobrym stanie. Prosimy o kontakt w celu przeprowadzenia inspekcji i uzyskania propozycji dzia\u0142a\u0144.<\/strong><\/p>\r\n<h3>Chc\u0119 dowiedzie\u0107 si\u0119 wi\u0119cej o renowacji zbiornika zraszacza<\/h3>\r\n<form id=\"fluentform_21\" method=\"POST\" data-form_id=\"21\" data-form_instance=\"ff_form_instance_21_2\" data-recptcha_key=\"6LclVsMpAAAAALbQlfjI40nUI01kkMo-WKOg0nvc\"><fieldset><legend>Formularz kontaktowy &#8211; PL (#21)<\/legend><input name=\"__fluent_form_embded_post_id\" type=\"hidden\" value=\"6388\" \/><input id=\"_fluentform_21_fluentformnonce\" name=\"_fluentform_21_fluentformnonce\" type=\"hidden\" value=\"08da1cd4b5\" \/><input name=\"_wp_http_referer\" type=\"hidden\" value=\"\/pl\/?page_id=6388&amp;fl_builder\" \/><label for=\"ff_21_2_names_first_name_\" aria-label=\"Moje imi\u0119\">Moje imi\u0119<\/label><input id=\"ff_21_2_names_first_name_\" name=\"names[first_name]\" type=\"text\" placeholder=\"Imi\u0119 i nazwisko ...\" aria-invalid=\"false\" aria-required=\"true\/\" \/><label for=\"ff_21_2_input_text\" aria-label=\"Firma\">Firma<\/label><input id=\"ff_21_2_input_text\" name=\"input_text\" type=\"text\" placeholder=\"Pracuj\u0119 ...\" data-name=\"input_text\" aria-invalid=\"false\" aria-required=\"true\/\" \/><label for=\"ff_21_2_email\" aria-label=\"Adres e-mail\">Adres e-mail<\/label><input id=\"ff_21_2_email\" name=\"email\" type=\"email\" placeholder=\"Napisz do mnie na adres...\" data-name=\"email\" aria-invalid=\"false\" aria-required=\"true\/\" \/><label for=\"ff_21_2_phone\" aria-label=\"Numer telefonu\">Numer telefonu<\/label><input id=\"ff_21_2_phone\" name=\"phone\" type=\"tel\" placeholder=\"M\u00f3j numer ...\" data-name=\"phone\" aria-invalid=\"false\" aria-required=\"true\/\" \/><label for=\"ff_21_2_subject\" aria-label=\"Temat\">Temat<\/label><input id=\"ff_21_2_subject\" name=\"subject\" type=\"text\" placeholder=\"Interesuje si\u0119 ....\" data-name=\"subject\" aria-invalid=\"false\" aria-required=\"true\/\" \/><label aria-label=\"Typ zbiornika\">Typ zbiornika<\/label><label class=\"ff-el-form-check-label\" for=\"checkbox_1_1393a4799050586abbf5078f122d6ad5\"><input id=\"checkbox_1_1393a4799050586abbf5078f122d6ad5\" name=\"checkbox_1[]\" type=\"checkbox\" value=\"Zbiornik zraszacza\" data-name=\"checkbox_1\" aria-label=\"Zbiornik zraszacza\" aria-invalid=\"false\" aria-required=\"false\/\" \/> Zbiornik zraszacza<\/label><label class=\"ff-el-form-check-label\" for=\"checkbox_1_2876557154bfba82e6df3cc113a0764e\"><input id=\"checkbox_1_2876557154bfba82e6df3cc113a0764e\" name=\"checkbox_1[]\" type=\"checkbox\" value=\"Zbiornik procesowy\" data-name=\"checkbox_1\" aria-label=\"Zbiornik procesowy\" aria-invalid=\"false\" aria-required=\"false\/\" \/> Zbiornik procesowy<\/label><label class=\"ff-el-form-check-label\" for=\"checkbox_1_86975688444411a01251d7e8e2a7c49a\"><input id=\"checkbox_1_86975688444411a01251d7e8e2a7c49a\" name=\"checkbox_1[]\" type=\"checkbox\" value=\"Inny zbiornik\" data-name=\"checkbox_1\" aria-label=\"Inny zbiornik\" aria-invalid=\"false\" aria-required=\"false\/\" \/> Inny zbiornik<\/label><label aria-label=\"Praca\">Praca<\/label><label class=\"ff-el-form-check-label\" for=\"checkbox_ea16d096fbbdcab4f7c63f8563fa13c9\"><input id=\"checkbox_ea16d096fbbdcab4f7c63f8563fa13c9\" name=\"checkbox[]\" type=\"checkbox\" value=\"Kontrola\" data-name=\"checkbox\" aria-label=\"Kontrola\" aria-invalid=\"false\" aria-required=\"false\/\" \/> Kontrola<\/label><label class=\"ff-el-form-check-label\" for=\"checkbox_5e7b45354a65177020a18689f30260e7\"><input id=\"checkbox_5e7b45354a65177020a18689f30260e7\" name=\"checkbox[]\" type=\"checkbox\" value=\"Renowacja\" data-name=\"checkbox\" aria-label=\"Renowacja\" aria-invalid=\"false\" aria-required=\"false\/\" \/> Renowacja<\/label><label class=\"ff-el-form-check-label\" for=\"checkbox_a68260e15c998ab6d65c765752fbe9aa\"><input id=\"checkbox_a68260e15c998ab6d65c765752fbe9aa\" name=\"checkbox[]\" type=\"checkbox\" value=\"Inny zbiornik\" data-name=\"checkbox\" aria-label=\"Inny zbiornik\" aria-invalid=\"false\" aria-required=\"false\/\" \/> Inny zbiornik<\/label><label for=\"ff_21_2_multi_select_1\" aria-label=\"Liczba zbiornik\u00f3w\">Liczba zbiornik\u00f3w<\/label><select id=\"ff_21_2_multi_select_1\" multiple=\"multiple\" name=\"multi_select_1[]\" data-name=\"multi_select_1\" data-calc_value=\"0\" aria-invalid=\"false\" aria-required=\"false\">\r\n<option value=\"\">Liczba zbiornik\u00f3w<\/option>\r\n<option value=\"0\">0<\/option>\r\n<option value=\"1\">1<\/option>\r\n<option value=\"2\">2<\/option>\r\n<option value=\"3\">3<\/option>\r\n<option value=\"4\">4<\/option>\r\n<option value=\"5\">5<\/option>\r\n<option value=\"6\">6<\/option>\r\n<option value=\"7\">7<\/option>\r\n<option value=\"8\">8<\/option>\r\n<option value=\"9\">9<\/option>\r\n<option value=\"10 eller fler\">10 eller fler<\/option>\r\n<\/select><label for=\"ff_21_2_message\" aria-label=\"Wiadomo\u015b\u0107\">Wiadomo\u015b\u0107<\/label><textarea id=\"ff_21_2_message\" cols=\"2\" name=\"message\" rows=\"4\" placeholder=\"Dodatkowe pytania lub uwagi....\" aria-invalid=\"false\" aria-required=\"true\" data-name=\"message\"><\/textarea><label class=\"ff-el-form-check-label ff_tc_label\" for=\"gdpr-agreement_37ff456ba43bd4b4c847bdf2640b2798\" aria-label=\"terms &amp; conditions\"><input id=\"gdpr-agreement_37ff456ba43bd4b4c847bdf2640b2798\" name=\"gdpr-agreement\" type=\"checkbox\" value=\"on\" data-name=\"gdpr-agreement\" aria-invalid=\"false\" aria-required=\"true\/\" \/> Wyra\u017cam zgod\u0119 na przechowywanie przez t\u0119 witryn\u0119 przes\u0142anych przeze mnie informacji, aby mog\u0142a odpowiedzie\u0107 na moj\u0105 pro\u015bb\u0119. Informacje s\u0105 przechowywane przez 1 rok.<\/label><button type=\"submit\">Wys\u0142a\u0107<\/button><\/fieldset><\/form>","protected":false},"excerpt":{"rendered":"<p>Zbiorniki zraszaj\u0105ce musz\u0105 dzia\u0142a\u0107 w przypadku po\u017caru. Nale\u017cy je cz\u0119sto sprawdza\u0107, aby zapewni\u0107 ochron\u0119 przeciwpo\u017carow\u0105. <\/p>\n","protected":false},"author":4,"featured_media":6391,"parent":0,"menu_order":0,"comment_status":"closed","ping_status":"closed","template":"","meta":{"footnotes":""},"class_list":["post-6388","page","type-page","status-publish","has-post-thumbnail"],"yoast_head":"<!-- This site is optimized with the Yoast SEO plugin v27.4 - https:\/\/yoast.com\/product\/yoast-seo-wordpress\/ -->\n<title>Zbiorniki tryskaczowe, centralny element ochrony przeciwpo\u017carowej | Cistern Solutions Sweden<\/title>\n<meta name=\"description\" content=\"Zbiorniki tryskaczowe s\u0105 niezb\u0119dne dla bezpiecznej ochrony przeciwpo\u017carowej. Utrzymuj zbiornik zraszacza w dobrym stanie, cz\u0119sto go sprawdzaj\u0105c! Jak pomagamy...\" \/>\n<meta name=\"robots\" content=\"index, follow, max-snippet:-1, max-image-preview:large, max-video-preview:-1\" \/>\n<link rel=\"canonical\" href=\"https:\/\/cisternsolutions.eu\/pl\/zbiorniki-tryskaczy\/\" \/>\n<meta property=\"og:locale\" content=\"pl_PL\" \/>\n<meta property=\"og:type\" content=\"article\" \/>\n<meta property=\"og:title\" content=\"Zbiorniki tryskaczowe, centralny element ochrony przeciwpo\u017carowej | Cistern Solutions Sweden\" \/>\n<meta property=\"og:description\" content=\"Zbiorniki tryskaczowe s\u0105 niezb\u0119dne dla bezpiecznej ochrony przeciwpo\u017carowej. Utrzymuj zbiornik zraszacza w dobrym stanie, cz\u0119sto go sprawdzaj\u0105c! Jak pomagamy...\" \/>\n<meta property=\"og:url\" content=\"https:\/\/cisternsolutions.eu\/pl\/zbiorniki-tryskaczy\/\" \/>\n<meta property=\"og:site_name\" content=\"Cistern Solutions Sweden\" \/>\n<meta property=\"article:modified_time\" content=\"2026-01-13T15:48:28+00:00\" \/>\n<meta property=\"og:image\" content=\"https:\/\/cisternsolutions.eu\/wp-content\/uploads\/2024\/03\/sprinklertankar.jpg\" \/>\n\t<meta property=\"og:image:width\" content=\"1920\" \/>\n\t<meta property=\"og:image:height\" content=\"526\" \/>\n\t<meta property=\"og:image:type\" content=\"image\/jpeg\" \/>\n<meta name=\"twitter:card\" content=\"summary_large_image\" \/>\n<meta name=\"twitter:label1\" content=\"Szacowany czas czytania\" \/>\n\t<meta name=\"twitter:data1\" content=\"4 minuty\" \/>\n<script type=\"application\/ld+json\" class=\"yoast-schema-graph\">{\"@context\":\"https:\\\/\\\/schema.org\",\"@graph\":[{\"@type\":\"WebPage\",\"@id\":\"https:\\\/\\\/cisternsolutions.eu\\\/pl\\\/zbiorniki-tryskaczy\\\/\",\"url\":\"https:\\\/\\\/cisternsolutions.eu\\\/pl\\\/zbiorniki-tryskaczy\\\/\",\"name\":\"Zbiorniki tryskaczowe, centralny element ochrony przeciwpo\u017carowej | Cistern Solutions Sweden\",\"isPartOf\":{\"@id\":\"https:\\\/\\\/cisternsolutions.eu\\\/pl\\\/#website\"},\"primaryImageOfPage\":{\"@id\":\"https:\\\/\\\/cisternsolutions.eu\\\/pl\\\/zbiorniki-tryskaczy\\\/#primaryimage\"},\"image\":{\"@id\":\"https:\\\/\\\/cisternsolutions.eu\\\/pl\\\/zbiorniki-tryskaczy\\\/#primaryimage\"},\"thumbnailUrl\":\"https:\\\/\\\/cisternsolutions.eu\\\/wp-content\\\/uploads\\\/2024\\\/03\\\/sprinklertankar.jpg\",\"datePublished\":\"2024-03-05T13:36:38+00:00\",\"dateModified\":\"2026-01-13T15:48:28+00:00\",\"description\":\"Zbiorniki tryskaczowe s\u0105 niezb\u0119dne dla bezpiecznej ochrony przeciwpo\u017carowej. Utrzymuj zbiornik zraszacza w dobrym stanie, cz\u0119sto go sprawdzaj\u0105c! Jak pomagamy...\",\"breadcrumb\":{\"@id\":\"https:\\\/\\\/cisternsolutions.eu\\\/pl\\\/zbiorniki-tryskaczy\\\/#breadcrumb\"},\"inLanguage\":\"pl-PL\",\"potentialAction\":[{\"@type\":\"ReadAction\",\"target\":[\"https:\\\/\\\/cisternsolutions.eu\\\/pl\\\/zbiorniki-tryskaczy\\\/\"]}]},{\"@type\":\"ImageObject\",\"inLanguage\":\"pl-PL\",\"@id\":\"https:\\\/\\\/cisternsolutions.eu\\\/pl\\\/zbiorniki-tryskaczy\\\/#primaryimage\",\"url\":\"https:\\\/\\\/cisternsolutions.eu\\\/wp-content\\\/uploads\\\/2024\\\/03\\\/sprinklertankar.jpg\",\"contentUrl\":\"https:\\\/\\\/cisternsolutions.eu\\\/wp-content\\\/uploads\\\/2024\\\/03\\\/sprinklertankar.jpg\",\"width\":1920,\"height\":526},{\"@type\":\"BreadcrumbList\",\"@id\":\"https:\\\/\\\/cisternsolutions.eu\\\/pl\\\/zbiorniki-tryskaczy\\\/#breadcrumb\",\"itemListElement\":[{\"@type\":\"ListItem\",\"position\":1,\"name\":\"Hem\",\"item\":\"https:\\\/\\\/cisternsolutions.eu\\\/pl\\\/strona-glowna\\\/\"},{\"@type\":\"ListItem\",\"position\":2,\"name\":\"Zbiorniki tryskaczy\"}]},{\"@type\":\"WebSite\",\"@id\":\"https:\\\/\\\/cisternsolutions.eu\\\/pl\\\/#website\",\"url\":\"https:\\\/\\\/cisternsolutions.eu\\\/pl\\\/\",\"name\":\"Cistern Solutions Sweden\",\"description\":\"Cistern Solutions Sweden\",\"publisher\":{\"@id\":\"https:\\\/\\\/cisternsolutions.eu\\\/pl\\\/#organization\"},\"potentialAction\":[{\"@type\":\"SearchAction\",\"target\":{\"@type\":\"EntryPoint\",\"urlTemplate\":\"https:\\\/\\\/cisternsolutions.eu\\\/pl\\\/?s={search_term_string}\"},\"query-input\":{\"@type\":\"PropertyValueSpecification\",\"valueRequired\":true,\"valueName\":\"search_term_string\"}}],\"inLanguage\":\"pl-PL\"},{\"@type\":\"Organization\",\"@id\":\"https:\\\/\\\/cisternsolutions.eu\\\/pl\\\/#organization\",\"name\":\"| Cistern Solutions Sweden AB\",\"url\":\"https:\\\/\\\/cisternsolutions.eu\\\/pl\\\/\",\"logo\":{\"@type\":\"ImageObject\",\"inLanguage\":\"pl-PL\",\"@id\":\"https:\\\/\\\/cisternsolutions.eu\\\/pl\\\/#\\\/schema\\\/logo\\\/image\\\/\",\"url\":\"https:\\\/\\\/cisternsolutions.eu\\\/wp-content\\\/uploads\\\/2023\\\/11\\\/CisternSolutions_orginal-logo.png\",\"contentUrl\":\"https:\\\/\\\/cisternsolutions.eu\\\/wp-content\\\/uploads\\\/2023\\\/11\\\/CisternSolutions_orginal-logo.png\",\"width\":1045,\"height\":293,\"caption\":\"| Cistern Solutions Sweden AB\"},\"image\":{\"@id\":\"https:\\\/\\\/cisternsolutions.eu\\\/pl\\\/#\\\/schema\\\/logo\\\/image\\\/\"}}]}<\/script>\n<!-- \/ Yoast SEO plugin. -->","yoast_head_json":{"title":"Zbiorniki tryskaczowe, centralny element ochrony przeciwpo\u017carowej | Cistern Solutions Sweden","description":"Zbiorniki tryskaczowe s\u0105 niezb\u0119dne dla bezpiecznej ochrony przeciwpo\u017carowej. Utrzymuj zbiornik zraszacza w dobrym stanie, cz\u0119sto go sprawdzaj\u0105c! Jak pomagamy...","robots":{"index":"index","follow":"follow","max-snippet":"max-snippet:-1","max-image-preview":"max-image-preview:large","max-video-preview":"max-video-preview:-1"},"canonical":"https:\/\/cisternsolutions.eu\/pl\/zbiorniki-tryskaczy\/","og_locale":"pl_PL","og_type":"article","og_title":"Zbiorniki tryskaczowe, centralny element ochrony przeciwpo\u017carowej | Cistern Solutions Sweden","og_description":"Zbiorniki tryskaczowe s\u0105 niezb\u0119dne dla bezpiecznej ochrony przeciwpo\u017carowej. Utrzymuj zbiornik zraszacza w dobrym stanie, cz\u0119sto go sprawdzaj\u0105c! Jak pomagamy...","og_url":"https:\/\/cisternsolutions.eu\/pl\/zbiorniki-tryskaczy\/","og_site_name":"Cistern Solutions Sweden","article_modified_time":"2026-01-13T15:48:28+00:00","og_image":[{"width":1920,"height":526,"url":"https:\/\/cisternsolutions.eu\/wp-content\/uploads\/2024\/03\/sprinklertankar.jpg","type":"image\/jpeg"}],"twitter_card":"summary_large_image","twitter_misc":{"Szacowany czas czytania":"4 minuty"},"schema":{"@context":"https:\/\/schema.org","@graph":[{"@type":"WebPage","@id":"https:\/\/cisternsolutions.eu\/pl\/zbiorniki-tryskaczy\/","url":"https:\/\/cisternsolutions.eu\/pl\/zbiorniki-tryskaczy\/","name":"Zbiorniki tryskaczowe, centralny element ochrony przeciwpo\u017carowej | Cistern Solutions Sweden","isPartOf":{"@id":"https:\/\/cisternsolutions.eu\/pl\/#website"},"primaryImageOfPage":{"@id":"https:\/\/cisternsolutions.eu\/pl\/zbiorniki-tryskaczy\/#primaryimage"},"image":{"@id":"https:\/\/cisternsolutions.eu\/pl\/zbiorniki-tryskaczy\/#primaryimage"},"thumbnailUrl":"https:\/\/cisternsolutions.eu\/wp-content\/uploads\/2024\/03\/sprinklertankar.jpg","datePublished":"2024-03-05T13:36:38+00:00","dateModified":"2026-01-13T15:48:28+00:00","description":"Zbiorniki tryskaczowe s\u0105 niezb\u0119dne dla bezpiecznej ochrony przeciwpo\u017carowej. Utrzymuj zbiornik zraszacza w dobrym stanie, cz\u0119sto go sprawdzaj\u0105c! Jak pomagamy...","breadcrumb":{"@id":"https:\/\/cisternsolutions.eu\/pl\/zbiorniki-tryskaczy\/#breadcrumb"},"inLanguage":"pl-PL","potentialAction":[{"@type":"ReadAction","target":["https:\/\/cisternsolutions.eu\/pl\/zbiorniki-tryskaczy\/"]}]},{"@type":"ImageObject","inLanguage":"pl-PL","@id":"https:\/\/cisternsolutions.eu\/pl\/zbiorniki-tryskaczy\/#primaryimage","url":"https:\/\/cisternsolutions.eu\/wp-content\/uploads\/2024\/03\/sprinklertankar.jpg","contentUrl":"https:\/\/cisternsolutions.eu\/wp-content\/uploads\/2024\/03\/sprinklertankar.jpg","width":1920,"height":526},{"@type":"BreadcrumbList","@id":"https:\/\/cisternsolutions.eu\/pl\/zbiorniki-tryskaczy\/#breadcrumb","itemListElement":[{"@type":"ListItem","position":1,"name":"Hem","item":"https:\/\/cisternsolutions.eu\/pl\/strona-glowna\/"},{"@type":"ListItem","position":2,"name":"Zbiorniki tryskaczy"}]},{"@type":"WebSite","@id":"https:\/\/cisternsolutions.eu\/pl\/#website","url":"https:\/\/cisternsolutions.eu\/pl\/","name":"Cistern Solutions Sweden","description":"Cistern Solutions Sweden","publisher":{"@id":"https:\/\/cisternsolutions.eu\/pl\/#organization"},"potentialAction":[{"@type":"SearchAction","target":{"@type":"EntryPoint","urlTemplate":"https:\/\/cisternsolutions.eu\/pl\/?s={search_term_string}"},"query-input":{"@type":"PropertyValueSpecification","valueRequired":true,"valueName":"search_term_string"}}],"inLanguage":"pl-PL"},{"@type":"Organization","@id":"https:\/\/cisternsolutions.eu\/pl\/#organization","name":"| Cistern Solutions Sweden AB","url":"https:\/\/cisternsolutions.eu\/pl\/","logo":{"@type":"ImageObject","inLanguage":"pl-PL","@id":"https:\/\/cisternsolutions.eu\/pl\/#\/schema\/logo\/image\/","url":"https:\/\/cisternsolutions.eu\/wp-content\/uploads\/2023\/11\/CisternSolutions_orginal-logo.png","contentUrl":"https:\/\/cisternsolutions.eu\/wp-content\/uploads\/2023\/11\/CisternSolutions_orginal-logo.png","width":1045,"height":293,"caption":"| Cistern Solutions Sweden AB"},"image":{"@id":"https:\/\/cisternsolutions.eu\/pl\/#\/schema\/logo\/image\/"}}]}},"_links":{"self":[{"href":"https:\/\/cisternsolutions.eu\/pl\/wp-json\/wp\/v2\/pages\/6388","targetHints":{"allow":["GET"]}}],"collection":[{"href":"https:\/\/cisternsolutions.eu\/pl\/wp-json\/wp\/v2\/pages"}],"about":[{"href":"https:\/\/cisternsolutions.eu\/pl\/wp-json\/wp\/v2\/types\/page"}],"author":[{"embeddable":true,"href":"https:\/\/cisternsolutions.eu\/pl\/wp-json\/wp\/v2\/users\/4"}],"replies":[{"embeddable":true,"href":"https:\/\/cisternsolutions.eu\/pl\/wp-json\/wp\/v2\/comments?post=6388"}],"version-history":[{"count":4,"href":"https:\/\/cisternsolutions.eu\/pl\/wp-json\/wp\/v2\/pages\/6388\/revisions"}],"predecessor-version":[{"id":7333,"href":"https:\/\/cisternsolutions.eu\/pl\/wp-json\/wp\/v2\/pages\/6388\/revisions\/7333"}],"wp:featuredmedia":[{"embeddable":true,"href":"https:\/\/cisternsolutions.eu\/pl\/wp-json\/wp\/v2\/media\/6391"}],"wp:attachment":[{"href":"https:\/\/cisternsolutions.eu\/pl\/wp-json\/wp\/v2\/media?parent=6388"}],"curies":[{"name":"wp","href":"https:\/\/api.w.org\/{rel}","templated":true}]}}