{"id":6369,"date":"2016-06-30T11:19:44","date_gmt":"2016-06-30T09:19:44","guid":{"rendered":"https:\/\/cisternsolutions.eu\/jakosc-i-srodowisko\/"},"modified":"2024-05-10T17:09:57","modified_gmt":"2024-05-10T15:09:57","slug":"jakosc-i-srodowisko","status":"publish","type":"page","link":"https:\/\/cisternsolutions.eu\/pl\/jakosc-i-srodowisko\/","title":{"rendered":"Jako\u015b\u0107 i \u015brodowisko"},"content":{"rendered":"","protected":false},"excerpt":{"rendered":"","protected":false},"author":4,"featured_media":0,"parent":0,"menu_order":0,"comment_status":"closed","ping_status":"closed","template":"","meta":{"footnotes":""},"class_list":["post-6369","page","type-page","status-publish"],"yoast_head":"<!-- This site is optimized with the Yoast SEO plugin v27.4 - https:\/\/yoast.com\/product\/yoast-seo-wordpress\/ -->\n<title>Renowacja sp\u0142uczki z najwy\u017csz\u0105 jako\u015bci\u0105 | Cistern Solutions Sweden<\/title>\n<meta name=\"description\" content=\"W Cistern Solutions Sweden AB ci\u0119\u017cko pracujemy nad jako\u015bci\u0105 i aspektami \u015brodowiskowymi. Dowiedz si\u0119 wi\u0119cej o naszym zaanga\u017cowaniu w jako\u015b\u0107 i ochron\u0119 \u015brodowiska.\" \/>\n<meta name=\"robots\" content=\"index, follow, max-snippet:-1, max-image-preview:large, max-video-preview:-1\" \/>\n<link rel=\"canonical\" href=\"https:\/\/cisternsolutions.eu\/pl\/jakosc-i-srodowisko\/\" \/>\n<meta property=\"og:locale\" content=\"pl_PL\" \/>\n<meta property=\"og:type\" content=\"article\" \/>\n<meta property=\"og:title\" content=\"Renowacja sp\u0142uczki z najwy\u017csz\u0105 jako\u015bci\u0105 | Cistern Solutions Sweden\" \/>\n<meta property=\"og:description\" content=\"W Cistern Solutions Sweden AB ci\u0119\u017cko pracujemy nad jako\u015bci\u0105 i aspektami \u015brodowiskowymi. Dowiedz si\u0119 wi\u0119cej o naszym zaanga\u017cowaniu w jako\u015b\u0107 i ochron\u0119 \u015brodowiska.\" \/>\n<meta property=\"og:url\" content=\"https:\/\/cisternsolutions.eu\/pl\/jakosc-i-srodowisko\/\" \/>\n<meta property=\"og:site_name\" content=\"Cistern Solutions Sweden\" \/>\n<meta property=\"article:modified_time\" content=\"2024-05-10T15:09:57+00:00\" \/>\n<meta name=\"twitter:card\" content=\"summary_large_image\" \/>\n<script type=\"application\/ld+json\" class=\"yoast-schema-graph\">{\"@context\":\"https:\\\/\\\/schema.org\",\"@graph\":[{\"@type\":\"WebPage\",\"@id\":\"https:\\\/\\\/cisternsolutions.eu\\\/pl\\\/jakosc-i-srodowisko\\\/\",\"url\":\"https:\\\/\\\/cisternsolutions.eu\\\/pl\\\/jakosc-i-srodowisko\\\/\",\"name\":\"Renowacja sp\u0142uczki z najwy\u017csz\u0105 jako\u015bci\u0105 | Cistern Solutions Sweden\",\"isPartOf\":{\"@id\":\"https:\\\/\\\/cisternsolutions.eu\\\/pl\\\/#website\"},\"datePublished\":\"2016-06-30T09:19:44+00:00\",\"dateModified\":\"2024-05-10T15:09:57+00:00\",\"description\":\"W Cistern Solutions Sweden AB ci\u0119\u017cko pracujemy nad jako\u015bci\u0105 i aspektami \u015brodowiskowymi. Dowiedz si\u0119 wi\u0119cej o naszym zaanga\u017cowaniu w jako\u015b\u0107 i ochron\u0119 \u015brodowiska.\",\"breadcrumb\":{\"@id\":\"https:\\\/\\\/cisternsolutions.eu\\\/pl\\\/jakosc-i-srodowisko\\\/#breadcrumb\"},\"inLanguage\":\"pl-PL\",\"potentialAction\":[{\"@type\":\"ReadAction\",\"target\":[\"https:\\\/\\\/cisternsolutions.eu\\\/pl\\\/jakosc-i-srodowisko\\\/\"]}]},{\"@type\":\"BreadcrumbList\",\"@id\":\"https:\\\/\\\/cisternsolutions.eu\\\/pl\\\/jakosc-i-srodowisko\\\/#breadcrumb\",\"itemListElement\":[{\"@type\":\"ListItem\",\"position\":1,\"name\":\"Hem\",\"item\":\"https:\\\/\\\/cisternsolutions.eu\\\/pl\\\/strona-glowna\\\/\"},{\"@type\":\"ListItem\",\"position\":2,\"name\":\"Jako\u015b\u0107 i \u015brodowisko\"}]},{\"@type\":\"WebSite\",\"@id\":\"https:\\\/\\\/cisternsolutions.eu\\\/pl\\\/#website\",\"url\":\"https:\\\/\\\/cisternsolutions.eu\\\/pl\\\/\",\"name\":\"Cistern Solutions Sweden\",\"description\":\"Cistern Solutions Sweden\",\"publisher\":{\"@id\":\"https:\\\/\\\/cisternsolutions.eu\\\/pl\\\/#organization\"},\"potentialAction\":[{\"@type\":\"SearchAction\",\"target\":{\"@type\":\"EntryPoint\",\"urlTemplate\":\"https:\\\/\\\/cisternsolutions.eu\\\/pl\\\/?s={search_term_string}\"},\"query-input\":{\"@type\":\"PropertyValueSpecification\",\"valueRequired\":true,\"valueName\":\"search_term_string\"}}],\"inLanguage\":\"pl-PL\"},{\"@type\":\"Organization\",\"@id\":\"https:\\\/\\\/cisternsolutions.eu\\\/pl\\\/#organization\",\"name\":\"| Cistern Solutions Sweden AB\",\"url\":\"https:\\\/\\\/cisternsolutions.eu\\\/pl\\\/\",\"logo\":{\"@type\":\"ImageObject\",\"inLanguage\":\"pl-PL\",\"@id\":\"https:\\\/\\\/cisternsolutions.eu\\\/pl\\\/#\\\/schema\\\/logo\\\/image\\\/\",\"url\":\"https:\\\/\\\/cisternsolutions.eu\\\/wp-content\\\/uploads\\\/2023\\\/11\\\/CisternSolutions_orginal-logo.png\",\"contentUrl\":\"https:\\\/\\\/cisternsolutions.eu\\\/wp-content\\\/uploads\\\/2023\\\/11\\\/CisternSolutions_orginal-logo.png\",\"width\":1045,\"height\":293,\"caption\":\"| Cistern Solutions Sweden AB\"},\"image\":{\"@id\":\"https:\\\/\\\/cisternsolutions.eu\\\/pl\\\/#\\\/schema\\\/logo\\\/image\\\/\"}}]}<\/script>\n<!-- \/ Yoast SEO plugin. -->","yoast_head_json":{"title":"Renowacja sp\u0142uczki z najwy\u017csz\u0105 jako\u015bci\u0105 | Cistern Solutions Sweden","description":"W Cistern Solutions Sweden AB ci\u0119\u017cko pracujemy nad jako\u015bci\u0105 i aspektami \u015brodowiskowymi. Dowiedz si\u0119 wi\u0119cej o naszym zaanga\u017cowaniu w jako\u015b\u0107 i ochron\u0119 \u015brodowiska.","robots":{"index":"index","follow":"follow","max-snippet":"max-snippet:-1","max-image-preview":"max-image-preview:large","max-video-preview":"max-video-preview:-1"},"canonical":"https:\/\/cisternsolutions.eu\/pl\/jakosc-i-srodowisko\/","og_locale":"pl_PL","og_type":"article","og_title":"Renowacja sp\u0142uczki z najwy\u017csz\u0105 jako\u015bci\u0105 | Cistern Solutions Sweden","og_description":"W Cistern Solutions Sweden AB ci\u0119\u017cko pracujemy nad jako\u015bci\u0105 i aspektami \u015brodowiskowymi. Dowiedz si\u0119 wi\u0119cej o naszym zaanga\u017cowaniu w jako\u015b\u0107 i ochron\u0119 \u015brodowiska.","og_url":"https:\/\/cisternsolutions.eu\/pl\/jakosc-i-srodowisko\/","og_site_name":"Cistern Solutions Sweden","article_modified_time":"2024-05-10T15:09:57+00:00","twitter_card":"summary_large_image","schema":{"@context":"https:\/\/schema.org","@graph":[{"@type":"WebPage","@id":"https:\/\/cisternsolutions.eu\/pl\/jakosc-i-srodowisko\/","url":"https:\/\/cisternsolutions.eu\/pl\/jakosc-i-srodowisko\/","name":"Renowacja sp\u0142uczki z najwy\u017csz\u0105 jako\u015bci\u0105 | Cistern Solutions Sweden","isPartOf":{"@id":"https:\/\/cisternsolutions.eu\/pl\/#website"},"datePublished":"2016-06-30T09:19:44+00:00","dateModified":"2024-05-10T15:09:57+00:00","description":"W Cistern Solutions Sweden AB ci\u0119\u017cko pracujemy nad jako\u015bci\u0105 i aspektami \u015brodowiskowymi. Dowiedz si\u0119 wi\u0119cej o naszym zaanga\u017cowaniu w jako\u015b\u0107 i ochron\u0119 \u015brodowiska.","breadcrumb":{"@id":"https:\/\/cisternsolutions.eu\/pl\/jakosc-i-srodowisko\/#breadcrumb"},"inLanguage":"pl-PL","potentialAction":[{"@type":"ReadAction","target":["https:\/\/cisternsolutions.eu\/pl\/jakosc-i-srodowisko\/"]}]},{"@type":"BreadcrumbList","@id":"https:\/\/cisternsolutions.eu\/pl\/jakosc-i-srodowisko\/#breadcrumb","itemListElement":[{"@type":"ListItem","position":1,"name":"Hem","item":"https:\/\/cisternsolutions.eu\/pl\/strona-glowna\/"},{"@type":"ListItem","position":2,"name":"Jako\u015b\u0107 i \u015brodowisko"}]},{"@type":"WebSite","@id":"https:\/\/cisternsolutions.eu\/pl\/#website","url":"https:\/\/cisternsolutions.eu\/pl\/","name":"Cistern Solutions Sweden","description":"Cistern Solutions Sweden","publisher":{"@id":"https:\/\/cisternsolutions.eu\/pl\/#organization"},"potentialAction":[{"@type":"SearchAction","target":{"@type":"EntryPoint","urlTemplate":"https:\/\/cisternsolutions.eu\/pl\/?s={search_term_string}"},"query-input":{"@type":"PropertyValueSpecification","valueRequired":true,"valueName":"search_term_string"}}],"inLanguage":"pl-PL"},{"@type":"Organization","@id":"https:\/\/cisternsolutions.eu\/pl\/#organization","name":"| Cistern Solutions Sweden AB","url":"https:\/\/cisternsolutions.eu\/pl\/","logo":{"@type":"ImageObject","inLanguage":"pl-PL","@id":"https:\/\/cisternsolutions.eu\/pl\/#\/schema\/logo\/image\/","url":"https:\/\/cisternsolutions.eu\/wp-content\/uploads\/2023\/11\/CisternSolutions_orginal-logo.png","contentUrl":"https:\/\/cisternsolutions.eu\/wp-content\/uploads\/2023\/11\/CisternSolutions_orginal-logo.png","width":1045,"height":293,"caption":"| Cistern Solutions Sweden AB"},"image":{"@id":"https:\/\/cisternsolutions.eu\/pl\/#\/schema\/logo\/image\/"}}]}},"_links":{"self":[{"href":"https:\/\/cisternsolutions.eu\/pl\/wp-json\/wp\/v2\/pages\/6369","targetHints":{"allow":["GET"]}}],"collection":[{"href":"https:\/\/cisternsolutions.eu\/pl\/wp-json\/wp\/v2\/pages"}],"about":[{"href":"https:\/\/cisternsolutions.eu\/pl\/wp-json\/wp\/v2\/types\/page"}],"author":[{"embeddable":true,"href":"https:\/\/cisternsolutions.eu\/pl\/wp-json\/wp\/v2\/users\/4"}],"replies":[{"embeddable":true,"href":"https:\/\/cisternsolutions.eu\/pl\/wp-json\/wp\/v2\/comments?post=6369"}],"version-history":[{"count":1,"href":"https:\/\/cisternsolutions.eu\/pl\/wp-json\/wp\/v2\/pages\/6369\/revisions"}],"predecessor-version":[{"id":6371,"href":"https:\/\/cisternsolutions.eu\/pl\/wp-json\/wp\/v2\/pages\/6369\/revisions\/6371"}],"wp:attachment":[{"href":"https:\/\/cisternsolutions.eu\/pl\/wp-json\/wp\/v2\/media?parent=6369"}],"curies":[{"name":"wp","href":"https:\/\/api.w.org\/{rel}","templated":true}]}}