{"id":6349,"date":"2024-03-05T10:35:13","date_gmt":"2024-03-05T09:35:13","guid":{"rendered":"https:\/\/cisternsolutions.eu\/cysterny\/"},"modified":"2026-01-13T17:12:53","modified_gmt":"2026-01-13T16:12:53","slug":"renowacja-zbiornikow","status":"publish","type":"page","link":"https:\/\/cisternsolutions.eu\/pl\/renowacja-zbiornikow\/","title":{"rendered":"Renowacja zbiornik\u00f3w"},"content":{"rendered":"\r\n<h1>Oszcz\u0119dzaj swoj\u0105 sp\u0142uczk\u0119<\/h1>\r\n<p>&#8211; Inteligentne rozwi\u0105zanie ze wzmocnion\u0105 \u017cywic\u0105 epoksydow\u0105<\/p>\r\n<h2>To samo rozwi\u0105zanie dla wszystkich typ\u00f3w sp\u0142uczek*<\/h2>\r\n<p>Cysterna czy zbiornik? Co ty na to? Niezale\u017cnie od nazwy, maj\u0105 one t\u0119 sam\u0105 funkcj\u0119: przechowywanie p\u0142yn\u00f3w. Cysterna mo\u017ce zawiera\u0107 \u0142atwopalne ciecze, chemikalia lub olej. Cysterna wodna mo\u017ce by\u0107 u\u017cywana do wody pitnej, wody technologicznej lub wody do cel\u00f3w przeciwpo\u017carowych, takich jak cysterna tryskaczowa.<\/p>\r\n<p>Cysterny mog\u0105 by\u0107 wykonane z betonu, blachy ocynkowanej i stali nierdzewnej. Cysterny mog\u0105 by\u0107 r\u00f3wnie\u017c wykonane z tworzywa sztucznego wzmocnionego w\u0142\u00f3knem szklanym lub polietylenu. Rozmiar mo\u017ce waha\u0107 si\u0119 od kilku metr\u00f3w sze\u015bciennych do kilkuset metr\u00f3w sze\u015bciennych.<\/p>\r\n<p>Bior\u0105c pod uwag\u0119 obj\u0119to\u015b\u0107 i niebezpieczne substancje, kt\u00f3re mo\u017ce zawiera\u0107 cysterna, niezwykle wa\u017cne jest, aby nie uleg\u0142a ona uszkodzeniu lub wyciekowi. Zawalenie si\u0119 cysterny zawieraj\u0105cej rop\u0119 lub chemikalia mo\u017ce powa\u017cnie zaszkodzi\u0107 zar\u00f3wno ludziom, jak i przyrodzie. Co nale\u017cy zrobi\u0107 w przypadku podejrzenia, \u017ce cysterna nie jest ju\u017c w dobrym stanie? Czy nale\u017cy go wymieni\u0107, czy te\u017c istnieje spos\u00f3b na jego uratowanie w bezpieczny, zr\u00f3wnowa\u017cony i ekonomiczny spos\u00f3b?<\/p>\r\n<p><strong>Firma Cistern Solutions Sweden opracowa\u0142a metod\u0119 naprawy cystern za pomoc\u0105 pow\u0142oki epoksydowej.<\/strong> Rozwi\u0105zanie to daje sp\u0142uczce nowe \u017cycie i zasadniczo mo\u017ce by\u0107 stosowane we wszystkich typach sp\u0142uczek. W wi\u0119kszo\u015bci przypadk\u00f3w mo\u017cemy przeprowadzi\u0107 renowacj\u0119 bez zak\u0142\u00f3cania codziennej dzia\u0142alno\u015bci.<\/p>\r\n<p><em>*) Nale\u017cy pami\u0119ta\u0107, \u017ce wszystkie odniesienia do przepis\u00f3w, praw i organ\u00f3w na stronie internetowej dotycz\u0105 Szwecji i szwedzkich warunk\u00f3w. <\/em><\/p>\r\n<h3>Skontaktuj si\u0119 ze mn\u0105!<\/h3>\r\n<form id=\"fluentform_22\" method=\"POST\" data-form_id=\"22\" data-form_instance=\"ff_form_instance_22_1\"><fieldset><legend>Szybki kontakt &#8211; PL (#22)<\/legend><input name=\"__fluent_form_embded_post_id\" type=\"hidden\" value=\"6349\" \/><input id=\"_fluentform_22_fluentformnonce\" name=\"_fluentform_22_fluentformnonce\" type=\"hidden\" value=\"950f5acc30\" \/><input name=\"_wp_http_referer\" type=\"hidden\" value=\"\/pl\/?page_id=6349&amp;fl_builder\" \/><input id=\"ff_22_names_first_name_\" name=\"names[first_name]\" type=\"text\" placeholder=\"Imi\u0119 i nazwisko ...\" aria-invalid=\"false\" aria-required=\"true\/\" \/><input id=\"ff_22_email\" name=\"email\" type=\"email\" placeholder=\"Napisz do mnie na adres...\" data-name=\"email\" aria-invalid=\"false\" aria-required=\"true\/\" \/><textarea id=\"ff_22_message\" cols=\"2\" name=\"message\" rows=\"4\" placeholder=\"Skontaktuj si\u0119 ze mn\u0105 w sprawie...\" aria-invalid=\"false\" aria-required=\"true\" data-name=\"message\"><\/textarea><label class=\"ff-el-form-check-label ff_tc_label\" for=\"gdpr-agreement_82c84e8be34090ebf04da60e21b8d364\" aria-label=\"terms &amp; conditions\"><input id=\"gdpr-agreement_82c84e8be34090ebf04da60e21b8d364\" name=\"gdpr-agreement\" type=\"checkbox\" value=\"on\" data-name=\"gdpr-agreement\" aria-invalid=\"false\" aria-required=\"true\/\" \/> Wyra\u017cam zgod\u0119 na przechowywanie przez t\u0119 witryn\u0119 przes\u0142anych przeze mnie informacji, aby mog\u0142a odpowiedzie\u0107 na moj\u0105 pro\u015bb\u0119. Informacje s\u0105 przechowywane przez 1 rok.<\/label><button type=\"submit\">Wys\u0142a\u0107<\/button><\/fieldset><\/form>\r\n<h3>Mamy rozwi\u0105zania dla:<\/h3>\r\n<ul>\r\n<li>Zbiorniki oleju<\/li>\r\n<li>Zbiorniki na chemikalia<\/li>\r\n<li>Zbiorniki wodne<\/li>\r\n<li><a href=\"https:\/\/cisternsolutions.eu\/sprinklertankar\/\">Zbiorniki tryskaczy<\/a><\/li>\r\n<li>Cysterny betonowe<\/li>\r\n<li>Zbiorniki biogazu<\/li>\r\n<\/ul>\r\n<h3>Co mo\u017ce wp\u0142ywa\u0107 na wytrzyma\u0142o\u015b\u0107 cysterny?<\/h3>\r\n<p>Konstrukcja, materia\u0142 i ciecz zawarta w zbiorniku wp\u0142ywaj\u0105 na jego trwa\u0142o\u015b\u0107 i \u017cywotno\u015b\u0107. Oto kilka przyk\u0142ad\u00f3w tego, co mo\u017ce si\u0119 wydarzy\u0107:<\/p>\r\n<p>Plastikowe zbiorniki mog\u0105 zosta\u0107 uszkodzone przez dodatki znajduj\u0105ce si\u0119 w oleju i \u0142atwopalnych cieczach. Mog\u0105 one r\u00f3wnie\u017c zosta\u0107 os\u0142abione przez osiadanie,<\/p>\r\n<p>Stalowe cysterny w ko\u0144cu rdzewiej\u0105, nawet je\u015bli blacha jest ocynkowana. Je\u015bli pow\u0142oka cynkowa zostanie uszkodzona mechanicznie, blacha mo\u017ce zosta\u0107 wystawiona na dzia\u0142anie tlenu lub substancji chemicznych w cieczy i zacz\u0105\u0107 rdzewie\u0107.<\/p>\r\n<p>Gdy \u015bcianki zaczn\u0105 rdzewie\u0107, istnieje du\u017ce ryzyko, \u017ce p\u0142atki odpadn\u0105 i utworz\u0105 grub\u0105 warstw\u0119 szlamu na dnie. W zbiorniku zraszacza jest to powa\u017cny problem. W przypadku alarmu szlam jest wypychany do systemu zraszaczy i mo\u017ce \u0142atwo zatka\u0107 rury i g\u0142owice zraszaczy.<\/p>\r\n<h3>Zasady dotycz\u0105ce cystern<\/h3>\r\n<p>Ka\u017cdy, kto posiada cystern\u0119 na swojej posesji lub w swojej firmie, jest odpowiedzialny za zapewnienie jej bezpiecze\u0144stwa. Sam fakt, \u017ce ciecz wywiera ogromny nacisk na dno i \u015bciany, stanowi czynnik ryzyka. Cysterna jest w rzeczywisto\u015bci urz\u0105dzeniem ci\u015bnieniowym.<\/p>\r\n<p>W przypadku niekt\u00f3rych zbiornik\u00f3w, np. zawieraj\u0105cych olej i \u0142atwopalne ciecze, kontrole powinny by\u0107 przeprowadzane regularnie przez akredytowane organy kontrolne.<\/p>\r\n<p>Nawet cysterna na wod\u0119 musi by\u0107 regularnie sprawdzana. Na przyk\u0142ad cysterna zraszacza. podlegaj\u0105 okresowej kontroli co 10 lat.<\/p>\r\n<p><img decoding=\"async\" title=\"inspection_of_tank\" src=\"https:\/\/cisternsolutions.eu\/wp-content\/uploads\/2024\/03\/inspection_of_tank.jpg\" sizes=\"(max-width: 700px) 100vw, 700px\" srcset=\"https:\/\/cisternsolutions.eu\/wp-content\/uploads\/2024\/03\/inspection_of_tank.jpg 700w, https:\/\/cisternsolutions.eu\/wp-content\/uploads\/2024\/03\/inspection_of_tank-300x171.jpg 300w\" alt=\"inspection_of_tank\" width=\"700\" height=\"400\" \/><\/p>\r\n<p>Nale\u017cy regularnie sprawdza\u0107 cystern\u0119 i powi\u0105zane z ni\u0105 przewody rurowe. Inspekcja zbiornik\u00f3w powinna by\u0107 przeprowadzana przez akredytowan\u0105 firm\u0119.<\/p>\r\n<h3>U\u017cytkownik ponosi odpowiedzialno\u015b\u0107 przez ca\u0142y cykl \u017cycia zbiornika<\/h3>\r\n<h3>U\u017cytkownik ponosi odpowiedzialno\u015b\u0107 przez ca\u0142y cykl \u017cycia zbiornika<\/h3>\r\n<p>Przed zainstalowaniem cysterny wa\u017cne jest, aby dowiedzie\u0107 si\u0119, jakie s\u0105 zasady, jakie przepisy maj\u0105 zastosowanie i czy nale\u017cy poinformowa\u0107 jakiekolwiek w\u0142adze.<\/p>\r\n<p>Gdy cysterna jest ju\u017c u\u017cywana, wa\u017cne jest, aby konserwacja i okresowe kontrole by\u0142y przeprowadzane prawid\u0142owo.<\/p>\r\n<p>Je\u015bli zamierzasz wy\u0142\u0105czy\u0107 cystern\u0119 z u\u017cytku, musisz zasadniczo powiadomi\u0107 o tym gmin\u0119. Szwedzka Agencja Ochrony \u015arodowiska ma r\u00f3wnie\u017c przepisy, kt\u00f3re maj\u0105 zastosowanie, gdy cysterna jest wy\u0142\u0105czona z u\u017cytku. Zostanie on mi\u0119dzy innymi opr\u00f3\u017cniony i wyczyszczony. Je\u015bli to mo\u017cliwe, nale\u017cy go usun\u0105\u0107. Inn\u0105 opcj\u0105 jest wype\u0142nienie cysterny piaskiem lub zabezpieczenie jej przed ponownym nape\u0142nieniem.<\/p>\r\n<h3>Organy wydaj\u0105ce recepty<\/h3>\r\n<p>MSB Szwedzki urz\u0105d ds. \u015brodowiska pracy Agencja Ochrony \u015arodowiska Boverket: MSB<\/p>\r\n<p>MSB (Szwedzka Agencja ds. Sytuacji Nadzwyczajnych): Tutaj mo\u017cna znale\u017a\u0107 przepisy i og\u00f3lne porady dotycz\u0105ce zbiornik\u00f3w z pod\u0142\u0105czonymi ruroci\u0105gami do cieczy \u0142atwopalnych.<\/p>\r\n<p>Szwedzki urz\u0105d ds. \u015brodowiska pracy<\/p>\r\n<p>Szwedzki Urz\u0105d ds. \u015arodowiska Pracy posiada przepisy maj\u0105ce na celu zapobieganie chorobom i wypadkom<\/p>\r\n<p>Agencja Ochrony \u015arodowiska<\/p>\r\n<p>Szwedzka Agencja Ochrony \u015arodowiska ma dyrektywy, kt\u00f3re chroni\u0105 gleb\u0119 i wod\u0119 przed zanieczyszczeniem. Przepisy te maj\u0105 zastosowanie mi\u0119dzy innymi do do zbiornik\u00f3w o pojemno\u015bci od 250 litr\u00f3w wzwy\u017c zawieraj\u0105cych zu\u017cyty olej lub \u0142atwopaln\u0105 ciecz. (nowe zasady? Od 150 litr\u00f3w w obszarze chronionym)<\/p>\r\n<p>Boverket:<\/p>\r\n<p>Sta\u0142e cysterny mog\u0105 podlega\u0107 przepisom PBL (ustawa o planowaniu i budownictwie).<\/p>\r\n<h2>Oszcz\u0119dzaj cystern\u0119, zbiornik na wod\u0119 lub cystern\u0119 zraszacza zamiast je wymienia\u0107.<\/h2>\r\n<h2>Oszcz\u0119dzaj cystern\u0119, zbiornik na wod\u0119 lub cystern\u0119 zraszacza zamiast je wymienia\u0107.<\/h2>\r\n<p>Chcesz dowiedzie\u0107 si\u0119 wi\u0119cej o rozwi\u0105zaniach Cistern Solutions Sweden dla sp\u0142uczek wymagaj\u0105cych renowacji?<\/p>\r\n<p><strong>Skontaktuj si\u0119 z nami za po\u015brednictwem formularza lub znajd\u017a <a href=\"https:\/\/cisternsolutions.eu\/pl\/skontaktuj-sie-z-nami\/\">bezpo\u015brednie numery tutaj<\/a>.<\/strong><\/p>\r\n<p>Przeczytaj, jak <a href=\"https:\/\/cisternsolutions.eu\/pl\/renowacja-zbiornika-zraszacza-w-ransby-i-torsby\/\">odnowili\u015bmy cystern\u0119 zraszacza<\/a> bez zak\u0142\u00f3cania dzia\u0142alno\u015bci klienta.<\/p>\r\n<p>Og\u00f3lny opis tego, jak mo\u017cemy <a href=\"https:\/\/cisternsolutions.eu\/pl\/renowacja-zbiornika-zraszacza\/\">uratowa\u0107 sp\u0142uczk\u0119<\/a> za pomoc\u0105 pow\u0142oki epoksydowej, mo\u017cna znale\u017a\u0107 tutaj. Zasada jest taka sama dla wi\u0119kszo\u015bci cystern.<\/p>\r\n<p>Przyjrzyj si\u0119 bli\u017cej niekt\u00f3rym z naszych innych <a href=\"https:\/\/cisternsolutions.eu\/pl\/referencje\/\">projekt\u00f3w referencyjnych<\/a>.<\/p>\r\n<h3>Chc\u0119 dowiedzie\u0107 si\u0119 wi\u0119cej o renowacji cystern<\/h3>\r\n<form id=\"fluentform_21\" method=\"POST\" data-form_id=\"21\" data-form_instance=\"ff_form_instance_21_2\"><fieldset><legend>Formularz kontaktowy &#8211; PL (#21)<\/legend><input name=\"__fluent_form_embded_post_id\" type=\"hidden\" value=\"6349\" \/><input id=\"_fluentform_21_fluentformnonce\" name=\"_fluentform_21_fluentformnonce\" type=\"hidden\" value=\"950f5acc30\" \/><input name=\"_wp_http_referer\" type=\"hidden\" value=\"\/pl\/?page_id=6349&amp;fl_builder\" \/><label for=\"ff_21_2_names_first_name_\" aria-label=\"Moje imi\u0119\">Moje imi\u0119<\/label><input id=\"ff_21_2_names_first_name_\" name=\"names[first_name]\" type=\"text\" placeholder=\"Imi\u0119 i nazwisko ...\" aria-invalid=\"false\" aria-required=\"true\/\" \/><label for=\"ff_21_2_input_text\" aria-label=\"Firma\">Firma<\/label><input id=\"ff_21_2_input_text\" name=\"input_text\" type=\"text\" placeholder=\"Pracuj\u0119 ...\" data-name=\"input_text\" aria-invalid=\"false\" aria-required=\"true\/\" \/><label for=\"ff_21_2_email\" aria-label=\"Adres e-mail\">Adres e-mail<\/label><input id=\"ff_21_2_email\" name=\"email\" type=\"email\" placeholder=\"Napisz do mnie na adres...\" data-name=\"email\" aria-invalid=\"false\" aria-required=\"true\/\" \/><label for=\"ff_21_2_phone\" aria-label=\"Numer telefonu\">Numer telefonu<\/label><input id=\"ff_21_2_phone\" name=\"phone\" type=\"tel\" placeholder=\"M\u00f3j numer ...\" data-name=\"phone\" aria-invalid=\"false\" aria-required=\"true\/\" \/><label for=\"ff_21_2_subject\" aria-label=\"Temat\">Temat<\/label><input id=\"ff_21_2_subject\" name=\"subject\" type=\"text\" placeholder=\"Interesuje si\u0119 ....\" data-name=\"subject\" aria-invalid=\"false\" aria-required=\"true\/\" \/><label aria-label=\"Typ zbiornika\">Typ zbiornika<\/label><label class=\"ff-el-form-check-label\" for=\"checkbox_1_5472db6960b7660880964eba6d743140\"><input id=\"checkbox_1_5472db6960b7660880964eba6d743140\" name=\"checkbox_1[]\" type=\"checkbox\" value=\"Zbiornik zraszacza\" data-name=\"checkbox_1\" aria-label=\"Zbiornik zraszacza\" aria-invalid=\"false\" aria-required=\"false\/\" \/> Zbiornik zraszacza<\/label><label class=\"ff-el-form-check-label\" for=\"checkbox_1_df254ae3cefa55de0c680ac71724ab0d\"><input id=\"checkbox_1_df254ae3cefa55de0c680ac71724ab0d\" name=\"checkbox_1[]\" type=\"checkbox\" value=\"Zbiornik procesowy\" data-name=\"checkbox_1\" aria-label=\"Zbiornik procesowy\" aria-invalid=\"false\" aria-required=\"false\/\" \/> Zbiornik procesowy<\/label><label class=\"ff-el-form-check-label\" for=\"checkbox_1_a3f57d2cb4a35d361191a3e7e32c07ea\"><input id=\"checkbox_1_a3f57d2cb4a35d361191a3e7e32c07ea\" name=\"checkbox_1[]\" type=\"checkbox\" value=\"Inny zbiornik\" data-name=\"checkbox_1\" aria-label=\"Inny zbiornik\" aria-invalid=\"false\" aria-required=\"false\/\" \/> Inny zbiornik<\/label><label aria-label=\"Praca\">Praca<\/label><label class=\"ff-el-form-check-label\" for=\"checkbox_1cc9abb602d4d00cdc8e3ab925027993\"><input id=\"checkbox_1cc9abb602d4d00cdc8e3ab925027993\" name=\"checkbox[]\" type=\"checkbox\" value=\"Kontrola\" data-name=\"checkbox\" aria-label=\"Kontrola\" aria-invalid=\"false\" aria-required=\"false\/\" \/> Kontrola<\/label><label class=\"ff-el-form-check-label\" for=\"checkbox_42663c62742136acaa1b208c87e2f376\"><input id=\"checkbox_42663c62742136acaa1b208c87e2f376\" name=\"checkbox[]\" type=\"checkbox\" value=\"Renowacja\" data-name=\"checkbox\" aria-label=\"Renowacja\" aria-invalid=\"false\" aria-required=\"false\/\" \/> Renowacja<\/label><label class=\"ff-el-form-check-label\" for=\"checkbox_733bc57f42db037df642905d4d2953ea\"><input id=\"checkbox_733bc57f42db037df642905d4d2953ea\" name=\"checkbox[]\" type=\"checkbox\" value=\"Inny zbiornik\" data-name=\"checkbox\" aria-label=\"Inny zbiornik\" aria-invalid=\"false\" aria-required=\"false\/\" \/> Inny zbiornik<\/label><label for=\"ff_21_2_multi_select_1\" aria-label=\"Liczba zbiornik\u00f3w\">Liczba zbiornik\u00f3w<\/label><select id=\"ff_21_2_multi_select_1\" multiple=\"multiple\" name=\"multi_select_1[]\" data-name=\"multi_select_1\" data-calc_value=\"0\" aria-invalid=\"false\" aria-required=\"false\">\r\n<option value=\"\">Liczba zbiornik\u00f3w<\/option>\r\n<option value=\"0\">0<\/option>\r\n<option value=\"1\">1<\/option>\r\n<option value=\"2\">2<\/option>\r\n<option value=\"3\">3<\/option>\r\n<option value=\"4\">4<\/option>\r\n<option value=\"5\">5<\/option>\r\n<option value=\"6\">6<\/option>\r\n<option value=\"7\">7<\/option>\r\n<option value=\"8\">8<\/option>\r\n<option value=\"9\">9<\/option>\r\n<option value=\"10 eller fler\">10 eller fler<\/option>\r\n<\/select><label for=\"ff_21_2_message\" aria-label=\"Wiadomo\u015b\u0107\">Wiadomo\u015b\u0107<\/label><textarea id=\"ff_21_2_message\" cols=\"2\" name=\"message\" rows=\"4\" placeholder=\"Dodatkowe pytania lub uwagi....\" aria-invalid=\"false\" aria-required=\"true\" data-name=\"message\"><\/textarea><label class=\"ff-el-form-check-label ff_tc_label\" for=\"gdpr-agreement_255fb73feeb81c9c9e068ed8e9a94188\" aria-label=\"terms &amp; conditions\"><input id=\"gdpr-agreement_255fb73feeb81c9c9e068ed8e9a94188\" name=\"gdpr-agreement\" type=\"checkbox\" value=\"on\" data-name=\"gdpr-agreement\" aria-invalid=\"false\" aria-required=\"true\/\" \/> Wyra\u017cam zgod\u0119 na przechowywanie przez t\u0119 witryn\u0119 przes\u0142anych przeze mnie informacji, aby mog\u0142a odpowiedzie\u0107 na moj\u0105 pro\u015bb\u0119. Informacje s\u0105 przechowywane przez 1 rok.<\/label><button type=\"submit\">Wys\u0142a\u0107<\/button><\/fieldset><\/form>","protected":false},"excerpt":{"rendered":"<p>Oszcz\u0119dzaj swoj\u0105 sp\u0142uczk\u0119 &#8211; Inteligentne rozwi\u0105zanie ze wzmocnion\u0105 \u017cywic\u0105 epoksydow\u0105 To samo rozwi\u0105zanie dla wszystkich typ\u00f3w sp\u0142uczek* Cysterna czy zbiornik? Co ty na to? Niezale\u017cnie od nazwy, maj\u0105 one t\u0119 sam\u0105 funkcj\u0119: przechowywanie p\u0142yn\u00f3w. Cysterna mo\u017ce zawiera\u0107 \u0142atwopalne ciecze, chemikalia lub olej. Cysterna wodna mo\u017ce by\u0107 u\u017cywana do wody pitnej, &#8230; <a title=\"Renowacja zbiornik\u00f3w\" class=\"read-more\" href=\"https:\/\/cisternsolutions.eu\/pl\/renowacja-zbiornikow\/\" aria-label=\"Dowiedz si\u0119 wi\u0119cej o Renowacja zbiornik\u00f3w\">L\u00e4s mer<\/a><\/p>\n","protected":false},"author":4,"featured_media":0,"parent":0,"menu_order":0,"comment_status":"closed","ping_status":"closed","template":"","meta":{"footnotes":""},"class_list":["post-6349","page","type-page","status-publish"],"yoast_head":"<!-- This site is optimized with the Yoast SEO plugin v27.4 - https:\/\/yoast.com\/product\/yoast-seo-wordpress\/ -->\n<title>Odnawiamy wszystkie typy sp\u0142uczek | Cistern Solutions Sweden<\/title>\n<meta name=\"description\" content=\"Mamy rozwi\u0105zanie do renowacji wszystkich typ\u00f3w cystern (cystern zraszaj\u0105cych, cystern wodnych itp.). Dowiedz si\u0119 wi\u0119cej o tym, jak oszcz\u0119dzamy Twoj\u0105 sp\u0142uczk\u0119.\" \/>\n<meta name=\"robots\" content=\"index, follow, max-snippet:-1, max-image-preview:large, max-video-preview:-1\" \/>\n<link rel=\"canonical\" href=\"https:\/\/cisternsolutions.eu\/pl\/renowacja-zbiornikow\/\" \/>\n<meta property=\"og:locale\" content=\"pl_PL\" \/>\n<meta property=\"og:type\" content=\"article\" \/>\n<meta property=\"og:title\" content=\"Odnawiamy wszystkie typy sp\u0142uczek | Cistern Solutions Sweden\" \/>\n<meta property=\"og:description\" content=\"Mamy rozwi\u0105zanie do renowacji wszystkich typ\u00f3w cystern (cystern zraszaj\u0105cych, cystern wodnych itp.). Dowiedz si\u0119 wi\u0119cej o tym, jak oszcz\u0119dzamy Twoj\u0105 sp\u0142uczk\u0119.\" \/>\n<meta property=\"og:url\" content=\"https:\/\/cisternsolutions.eu\/pl\/renowacja-zbiornikow\/\" \/>\n<meta property=\"og:site_name\" content=\"Cistern Solutions Sweden\" \/>\n<meta property=\"article:modified_time\" content=\"2026-01-13T16:12:53+00:00\" \/>\n<meta property=\"og:image\" content=\"https:\/\/cisternsolutions.eu\/wp-content\/uploads\/2024\/03\/inspection_of_tank.jpg\" \/>\n<meta name=\"twitter:card\" content=\"summary_large_image\" \/>\n<meta name=\"twitter:label1\" content=\"Szacowany czas czytania\" \/>\n\t<meta name=\"twitter:data1\" content=\"4 minuty\" \/>\n<script type=\"application\/ld+json\" class=\"yoast-schema-graph\">{\"@context\":\"https:\\\/\\\/schema.org\",\"@graph\":[{\"@type\":\"WebPage\",\"@id\":\"https:\\\/\\\/cisternsolutions.eu\\\/pl\\\/renowacja-zbiornikow\\\/\",\"url\":\"https:\\\/\\\/cisternsolutions.eu\\\/pl\\\/renowacja-zbiornikow\\\/\",\"name\":\"Odnawiamy wszystkie typy sp\u0142uczek | Cistern Solutions Sweden\",\"isPartOf\":{\"@id\":\"https:\\\/\\\/cisternsolutions.eu\\\/pl\\\/#website\"},\"primaryImageOfPage\":{\"@id\":\"https:\\\/\\\/cisternsolutions.eu\\\/pl\\\/renowacja-zbiornikow\\\/#primaryimage\"},\"image\":{\"@id\":\"https:\\\/\\\/cisternsolutions.eu\\\/pl\\\/renowacja-zbiornikow\\\/#primaryimage\"},\"thumbnailUrl\":\"https:\\\/\\\/cisternsolutions.eu\\\/wp-content\\\/uploads\\\/2024\\\/03\\\/inspection_of_tank.jpg\",\"datePublished\":\"2024-03-05T09:35:13+00:00\",\"dateModified\":\"2026-01-13T16:12:53+00:00\",\"description\":\"Mamy rozwi\u0105zanie do renowacji wszystkich typ\u00f3w cystern (cystern zraszaj\u0105cych, cystern wodnych itp.). Dowiedz si\u0119 wi\u0119cej o tym, jak oszcz\u0119dzamy Twoj\u0105 sp\u0142uczk\u0119.\",\"breadcrumb\":{\"@id\":\"https:\\\/\\\/cisternsolutions.eu\\\/pl\\\/renowacja-zbiornikow\\\/#breadcrumb\"},\"inLanguage\":\"pl-PL\",\"potentialAction\":[{\"@type\":\"ReadAction\",\"target\":[\"https:\\\/\\\/cisternsolutions.eu\\\/pl\\\/renowacja-zbiornikow\\\/\"]}]},{\"@type\":\"ImageObject\",\"inLanguage\":\"pl-PL\",\"@id\":\"https:\\\/\\\/cisternsolutions.eu\\\/pl\\\/renowacja-zbiornikow\\\/#primaryimage\",\"url\":\"https:\\\/\\\/cisternsolutions.eu\\\/wp-content\\\/uploads\\\/2024\\\/03\\\/inspection_of_tank.jpg\",\"contentUrl\":\"https:\\\/\\\/cisternsolutions.eu\\\/wp-content\\\/uploads\\\/2024\\\/03\\\/inspection_of_tank.jpg\"},{\"@type\":\"BreadcrumbList\",\"@id\":\"https:\\\/\\\/cisternsolutions.eu\\\/pl\\\/renowacja-zbiornikow\\\/#breadcrumb\",\"itemListElement\":[{\"@type\":\"ListItem\",\"position\":1,\"name\":\"Hem\",\"item\":\"https:\\\/\\\/cisternsolutions.eu\\\/pl\\\/strona-glowna\\\/\"},{\"@type\":\"ListItem\",\"position\":2,\"name\":\"Renowacja zbiornik\u00f3w\"}]},{\"@type\":\"WebSite\",\"@id\":\"https:\\\/\\\/cisternsolutions.eu\\\/pl\\\/#website\",\"url\":\"https:\\\/\\\/cisternsolutions.eu\\\/pl\\\/\",\"name\":\"Cistern Solutions Sweden\",\"description\":\"Cistern Solutions Sweden\",\"publisher\":{\"@id\":\"https:\\\/\\\/cisternsolutions.eu\\\/pl\\\/#organization\"},\"potentialAction\":[{\"@type\":\"SearchAction\",\"target\":{\"@type\":\"EntryPoint\",\"urlTemplate\":\"https:\\\/\\\/cisternsolutions.eu\\\/pl\\\/?s={search_term_string}\"},\"query-input\":{\"@type\":\"PropertyValueSpecification\",\"valueRequired\":true,\"valueName\":\"search_term_string\"}}],\"inLanguage\":\"pl-PL\"},{\"@type\":\"Organization\",\"@id\":\"https:\\\/\\\/cisternsolutions.eu\\\/pl\\\/#organization\",\"name\":\"| Cistern Solutions Sweden AB\",\"url\":\"https:\\\/\\\/cisternsolutions.eu\\\/pl\\\/\",\"logo\":{\"@type\":\"ImageObject\",\"inLanguage\":\"pl-PL\",\"@id\":\"https:\\\/\\\/cisternsolutions.eu\\\/pl\\\/#\\\/schema\\\/logo\\\/image\\\/\",\"url\":\"https:\\\/\\\/cisternsolutions.eu\\\/wp-content\\\/uploads\\\/2023\\\/11\\\/CisternSolutions_orginal-logo.png\",\"contentUrl\":\"https:\\\/\\\/cisternsolutions.eu\\\/wp-content\\\/uploads\\\/2023\\\/11\\\/CisternSolutions_orginal-logo.png\",\"width\":1045,\"height\":293,\"caption\":\"| Cistern Solutions Sweden AB\"},\"image\":{\"@id\":\"https:\\\/\\\/cisternsolutions.eu\\\/pl\\\/#\\\/schema\\\/logo\\\/image\\\/\"}}]}<\/script>\n<!-- \/ Yoast SEO plugin. -->","yoast_head_json":{"title":"Odnawiamy wszystkie typy sp\u0142uczek | Cistern Solutions Sweden","description":"Mamy rozwi\u0105zanie do renowacji wszystkich typ\u00f3w cystern (cystern zraszaj\u0105cych, cystern wodnych itp.). Dowiedz si\u0119 wi\u0119cej o tym, jak oszcz\u0119dzamy Twoj\u0105 sp\u0142uczk\u0119.","robots":{"index":"index","follow":"follow","max-snippet":"max-snippet:-1","max-image-preview":"max-image-preview:large","max-video-preview":"max-video-preview:-1"},"canonical":"https:\/\/cisternsolutions.eu\/pl\/renowacja-zbiornikow\/","og_locale":"pl_PL","og_type":"article","og_title":"Odnawiamy wszystkie typy sp\u0142uczek | Cistern Solutions Sweden","og_description":"Mamy rozwi\u0105zanie do renowacji wszystkich typ\u00f3w cystern (cystern zraszaj\u0105cych, cystern wodnych itp.). Dowiedz si\u0119 wi\u0119cej o tym, jak oszcz\u0119dzamy Twoj\u0105 sp\u0142uczk\u0119.","og_url":"https:\/\/cisternsolutions.eu\/pl\/renowacja-zbiornikow\/","og_site_name":"Cistern Solutions Sweden","article_modified_time":"2026-01-13T16:12:53+00:00","og_image":[{"url":"https:\/\/cisternsolutions.eu\/wp-content\/uploads\/2024\/03\/inspection_of_tank.jpg","type":"","width":"","height":""}],"twitter_card":"summary_large_image","twitter_misc":{"Szacowany czas czytania":"4 minuty"},"schema":{"@context":"https:\/\/schema.org","@graph":[{"@type":"WebPage","@id":"https:\/\/cisternsolutions.eu\/pl\/renowacja-zbiornikow\/","url":"https:\/\/cisternsolutions.eu\/pl\/renowacja-zbiornikow\/","name":"Odnawiamy wszystkie typy sp\u0142uczek | Cistern Solutions Sweden","isPartOf":{"@id":"https:\/\/cisternsolutions.eu\/pl\/#website"},"primaryImageOfPage":{"@id":"https:\/\/cisternsolutions.eu\/pl\/renowacja-zbiornikow\/#primaryimage"},"image":{"@id":"https:\/\/cisternsolutions.eu\/pl\/renowacja-zbiornikow\/#primaryimage"},"thumbnailUrl":"https:\/\/cisternsolutions.eu\/wp-content\/uploads\/2024\/03\/inspection_of_tank.jpg","datePublished":"2024-03-05T09:35:13+00:00","dateModified":"2026-01-13T16:12:53+00:00","description":"Mamy rozwi\u0105zanie do renowacji wszystkich typ\u00f3w cystern (cystern zraszaj\u0105cych, cystern wodnych itp.). Dowiedz si\u0119 wi\u0119cej o tym, jak oszcz\u0119dzamy Twoj\u0105 sp\u0142uczk\u0119.","breadcrumb":{"@id":"https:\/\/cisternsolutions.eu\/pl\/renowacja-zbiornikow\/#breadcrumb"},"inLanguage":"pl-PL","potentialAction":[{"@type":"ReadAction","target":["https:\/\/cisternsolutions.eu\/pl\/renowacja-zbiornikow\/"]}]},{"@type":"ImageObject","inLanguage":"pl-PL","@id":"https:\/\/cisternsolutions.eu\/pl\/renowacja-zbiornikow\/#primaryimage","url":"https:\/\/cisternsolutions.eu\/wp-content\/uploads\/2024\/03\/inspection_of_tank.jpg","contentUrl":"https:\/\/cisternsolutions.eu\/wp-content\/uploads\/2024\/03\/inspection_of_tank.jpg"},{"@type":"BreadcrumbList","@id":"https:\/\/cisternsolutions.eu\/pl\/renowacja-zbiornikow\/#breadcrumb","itemListElement":[{"@type":"ListItem","position":1,"name":"Hem","item":"https:\/\/cisternsolutions.eu\/pl\/strona-glowna\/"},{"@type":"ListItem","position":2,"name":"Renowacja zbiornik\u00f3w"}]},{"@type":"WebSite","@id":"https:\/\/cisternsolutions.eu\/pl\/#website","url":"https:\/\/cisternsolutions.eu\/pl\/","name":"Cistern Solutions Sweden","description":"Cistern Solutions Sweden","publisher":{"@id":"https:\/\/cisternsolutions.eu\/pl\/#organization"},"potentialAction":[{"@type":"SearchAction","target":{"@type":"EntryPoint","urlTemplate":"https:\/\/cisternsolutions.eu\/pl\/?s={search_term_string}"},"query-input":{"@type":"PropertyValueSpecification","valueRequired":true,"valueName":"search_term_string"}}],"inLanguage":"pl-PL"},{"@type":"Organization","@id":"https:\/\/cisternsolutions.eu\/pl\/#organization","name":"| Cistern Solutions Sweden AB","url":"https:\/\/cisternsolutions.eu\/pl\/","logo":{"@type":"ImageObject","inLanguage":"pl-PL","@id":"https:\/\/cisternsolutions.eu\/pl\/#\/schema\/logo\/image\/","url":"https:\/\/cisternsolutions.eu\/wp-content\/uploads\/2023\/11\/CisternSolutions_orginal-logo.png","contentUrl":"https:\/\/cisternsolutions.eu\/wp-content\/uploads\/2023\/11\/CisternSolutions_orginal-logo.png","width":1045,"height":293,"caption":"| Cistern Solutions Sweden AB"},"image":{"@id":"https:\/\/cisternsolutions.eu\/pl\/#\/schema\/logo\/image\/"}}]}},"_links":{"self":[{"href":"https:\/\/cisternsolutions.eu\/pl\/wp-json\/wp\/v2\/pages\/6349","targetHints":{"allow":["GET"]}}],"collection":[{"href":"https:\/\/cisternsolutions.eu\/pl\/wp-json\/wp\/v2\/pages"}],"about":[{"href":"https:\/\/cisternsolutions.eu\/pl\/wp-json\/wp\/v2\/types\/page"}],"author":[{"embeddable":true,"href":"https:\/\/cisternsolutions.eu\/pl\/wp-json\/wp\/v2\/users\/4"}],"replies":[{"embeddable":true,"href":"https:\/\/cisternsolutions.eu\/pl\/wp-json\/wp\/v2\/comments?post=6349"}],"version-history":[{"count":5,"href":"https:\/\/cisternsolutions.eu\/pl\/wp-json\/wp\/v2\/pages\/6349\/revisions"}],"predecessor-version":[{"id":8679,"href":"https:\/\/cisternsolutions.eu\/pl\/wp-json\/wp\/v2\/pages\/6349\/revisions\/8679"}],"wp:attachment":[{"href":"https:\/\/cisternsolutions.eu\/pl\/wp-json\/wp\/v2\/media?parent=6349"}],"curies":[{"name":"wp","href":"https:\/\/api.w.org\/{rel}","templated":true}]}}