{"id":7304,"date":"2024-10-08T15:57:58","date_gmt":"2024-10-08T13:57:58","guid":{"rendered":"https:\/\/cisternsolutions.eu\/cisterner-for-prosessvann\/"},"modified":"2026-01-12T16:57:17","modified_gmt":"2026-01-12T15:57:17","slug":"sisterner-for-prosessvann","status":"publish","type":"page","link":"https:\/\/cisternsolutions.eu\/no\/sisterner-for-prosessvann\/","title":{"rendered":"Sisterner for prosessvann"},"content":{"rendered":"\n\n\t\t<h1>\n\t\t\tSisterner for prosessvann\n\t\t<\/h1>\n\t\t\t<p>&#8211; en garanti for b\u00e6rekraftige produkter<\/p>\t\t\n<h2>\n\t\t\tHver prosessvannssisterne er viktig\t<\/h2>\n\t<p>Prosessvann i industrien st\u00e5r for rundt 60 % av alt vannforbruk i Sverige. H\u00e5ndteringen av prosessvann m\u00e5 v\u00e6re trygg. Det er n\u00f8dvendig for \u00e5 holde produksjonen i gang og for \u00e5 beskytte naturen v\u00e5r. Sisterner som inneholder prosessvann, skal kunne levere det som forventes &#8211; riktig vannkvalitet med forventet kapasitet. En lekk prosessvannssisterne kan g\u00e5 p\u00e5 bekostning av b\u00e5de produksjonskapasitet og produktkvalitet. Under produksjonen kan prosessvannet bli forurenset. For \u00e5 gi god beskyttelse for b\u00e5de mennesker og milj\u00f8 m\u00e5 prosessvannstanker holde h\u00f8y standard        <\/p>\n\t\t\t<h3>Ta kontakt med meg!<\/h3>\n\t\t    <form data-form_id=\"12\" id=\"fluentform_12\" data-form_instance=\"ff_form_instance_12_1\" method=\"POST\" data-recptcha_key=\"6LclVsMpAAAAALbQlfjI40nUI01kkMo-WKOg0nvc\"><fieldset>\n                    <legend>Rask kontakt &#8211; NO<\/legend><input type='hidden' name='__fluent_form_embded_post_id' value='7304' \/><input type=\"hidden\" id=\"_fluentform_12_fluentformnonce\" name=\"_fluentform_12_fluentformnonce\" value=\"1d15c8070c\" \/><input type=\"hidden\" name=\"_wp_http_referer\" value=\"\/no\/?page_id=7304&#038;fl_builder\" \/><input type=\"text\" name=\"names[first_name]\" id=\"ff_12_names_first_name_\" placeholder=\"Fornavn og etternavn\" aria-invalid=\"false\" aria-required=true\/><input type=\"email\" name=\"email\" id=\"ff_12_email\" placeholder=\"Min epostadresse\" data-name=\"email\"  aria-invalid=\"false\" aria-required=true\/><textarea aria-required=\"true\" aria-labelledby=\"label_ff_12_message\" name=\"message\" id=\"ff_12_message\" placeholder=\"Kontakt meg ang\u00e5ende...\" rows=\"1\" cols=\"2\" data-name=\"message\"><\/textarea><label aria-label='Jeg samtykker til at denne nettsiden lagrer min innsendte informasjon slik at de kan svare p\u00e5 foresp\u00f8rselen min. Opplysningene lagres i 1 \u00e5r.' class='ff-el-form-check-label ff_tc_label' for=gdpr-agreement_46da64c3275f9917a05c66a072ace979><input type=\"checkbox\" name=\"gdpr-agreement\" data-name=\"gdpr-agreement\" id=\"gdpr-agreement_46da64c3275f9917a05c66a072ace979\"  value='on' aria-invalid='false' aria-required=true\/> Jeg samtykker til at denne nettsiden lagrer min innsendte informasjon slik at de kan svare p\u00e5 foresp\u00f8rselen min. Opplysningene lagres i 1 \u00e5r.<\/label><button type=\"submit\"  aria-label=\"Sende\">Sende<\/button><\/fieldset><\/form>            \n<h2>\n\t\t\tProsessvannssisterner kan se forskjellige ut\t<\/h2>\n\t<p>Prosessvann kan lagres p\u00e5 ulike m\u00e5ter. Hvilken l\u00f8sning som velges, avhenger av hvor mye vann som skal lagres, hvordan det skal brukes og kvaliteten p\u00e5 vannet. Her er noen av de vanligste l\u00f8sningene: <strong>Prosessvannssisterne\/prosessvannstank<\/strong>: Prosessvann lagres ofte i store sisterner eller tanker. De kan installeres enten over eller under bakken. De kan v\u00e6re laget av st\u00e5l, betong eller plast (PE eller GAP). Hvilket materiale som brukes, avhenger av produksjonens krav til vannkvalitet og om prosessvannet inneholder kjemikalier eller forurensende stoffer. <strong>Damanlegg<\/strong>: I gruve- eller kraftindustrien er det vanlig med damanlegg i betong.       <\/p>\n<h2>\n\t\t\tProsessvann brukes til:\t<\/h2>\n\t<ul>\n\t\t\t<li>\n\t\t\t\tOppvarming  \n\t\t\t<\/li>\n\t\t\t<li>\n\t\t\t\tKj\u00f8ling\n\t\t\t<\/li>\n\t\t\t<li>\n\t\t\t\tRengj\u00f8ringstjenester\n\t\t\t<\/li>\n\t\t\t<li>\n\t\t\t\tDrift\n\t\t\t<\/li>\n\t\t\t<li>\n\t\t\t\tL\u00f8semidler\n\t\t\t<\/li>\n\t\t\t<li>\n\t\t\t\tKomponent i produksjon\n\t\t\t<\/li>\n\t\t<\/ul>\n\t\t<h2>\n\t\t\tVanlige problemer med prosessvannstanker\n\t\t<\/h2>\n\t\t\t<p>Vann er sv\u00e6rt reaktivt. Sammen med ulike kjemikalier og stoffer kan vann danne forbindelser som kan skade sisternen.   <\/p>\t\t\n\t\t\t\t\t\t\t\t\t<img decoding=\"async\" src=\"https:\/\/cisternsolutions.eu\/wp-content\/uploads\/2024\/02\/korrosion_i_tank_03.jpg\" alt=\"korrosion_i_tank_03\" itemprop=\"image\" height=\"250\" width=\"700\" srcset=\"https:\/\/cisternsolutions.eu\/wp-content\/uploads\/2024\/02\/korrosion_i_tank_03.jpg 700w, https:\/\/cisternsolutions.eu\/wp-content\/uploads\/2024\/02\/korrosion_i_tank_03-300x107.jpg 300w\" sizes=\"(max-width: 700px) 100vw, 700px\" title=\"korrosion_i_tank_03\" onerror=\"this.style.display='none'\"  \/>\n\t<p><strong>Korrosjon <\/strong>er et av de vanligste problemene. Vann som inneholder mye salt (klorider eller sulfater), har lav pH-verdi eller inneholder aggressive kjemikalier, kan for\u00e5rsake korrosjon. Oksygen som l\u00f8ses opp i vannet, kan for\u00e5rsake korrosjon. Korrosjon bryter ned veggene i tanken. Til \u00e5 begynne med er skadene mikroskopiske, men hvis det ikke gj\u00f8res noe med dem, vil det oppst\u00e5 sprekker og tanken vil lekke. I verste fall kan tanken kollapse.       <\/p>\n\t\t\t\t\t\t\t\t\t<img decoding=\"async\" src=\"https:\/\/cisternsolutions.eu\/wp-content\/uploads\/2024\/03\/lacka_01.jpg\" alt=\"lacka_01\" itemprop=\"image\" height=\"250\" width=\"700\" srcset=\"https:\/\/cisternsolutions.eu\/wp-content\/uploads\/2024\/03\/lacka_01.jpg 700w, https:\/\/cisternsolutions.eu\/wp-content\/uploads\/2024\/03\/lacka_01-300x107.jpg 300w\" sizes=\"(max-width: 700px) 100vw, 700px\" title=\"lacka_01\" onerror=\"this.style.display='none'\"  \/>\n\t<p><strong>Sprekker <\/strong>kan oppst\u00e5 p\u00e5 grunn av korrosjon, men det finnes ogs\u00e5 andre \u00e5rsaker. Sprekkdannelser er mer vanlig i tanker som utsettes for endringer i temperatur og trykk. Temperatur- og trykkendringer kan svekke sammenf\u00f8yninger og s\u00f8mmer, slik at det dannes sprekker. En tank med sprekker vil lekke. Lekkasjen kan bety at det ikke er nok prosessvann til produksjonen. Da m\u00e5 det tilsettes mer vann, og energiforbruket blir ogs\u00e5 h\u00f8yere.       <\/p>\n\t\t\t\t\t\t\t\t\t<img decoding=\"async\" src=\"https:\/\/cisternsolutions.eu\/wp-content\/uploads\/2024\/10\/processvattentank_sediment.jpg\" alt=\"processvattentank_sediment\" itemprop=\"image\" height=\"250\" width=\"700\" srcset=\"https:\/\/cisternsolutions.eu\/wp-content\/uploads\/2024\/10\/processvattentank_sediment.jpg 700w, https:\/\/cisternsolutions.eu\/wp-content\/uploads\/2024\/10\/processvattentank_sediment-300x107.jpg 300w\" sizes=\"(max-width: 700px) 100vw, 700px\" title=\"processvattentank_sediment\" onerror=\"this.style.display='none'\"  \/>\n\t<p><strong>Sedimenter <\/strong>dannes n\u00e5r rust og andre avleiringer l\u00f8sner fra tankens vegger. Sedimentene kan tette r\u00f8r og ventiler, noe som f\u00f8rer til redusert gjennomstr\u00f8mning og \u00f8kt trykk. Det kan ogs\u00e5 forurense prosessvannet. Et annet problem er <strong>vekst av mikroorganismer<\/strong>, som kan oppst\u00e5 n\u00e5r vannet lagres over lengre perioder og utsettes for sollys. Problemet er spesielt plagsomt i n\u00e6ringsmiddel- og legemiddelindustrien, der kravene til renhet er h\u00f8ye.      <\/p>\n<h2>\n\t\t\tUnng\u00e5 problemer med inspeksjon\t<\/h2>\n\t<p>Siden prosessvann kan p\u00e5virke b\u00e5de mennesker og milj\u00f8, har myndighetene utviklet regler for hvor ofte sisterner skal inspiseres. Regelverket varierer avhengig av bransje og omstendigheter. Hvis tanken inneholder brannfarlige v\u00e6sker, for eksempel l\u00f8semidler, er det lovp\u00e5lagt at inspeksjon av installasjonen skal utf\u00f8res av akkrediterte organer. Intervallene er 6 eller 12 \u00e5r. Mer informasjon om hva som gjelder for sisterner, finner du her      <\/p>\n<p> &gt;&gt;  (intern lenke) Ved \u00e5 inspisere ofte, gjerne oftere enn det myndighetene krever, kan du oppdage og utbedre mangler p\u00e5 et tidlig stadium. Du finner flere argumenter for <a href=\"https:\/\/cisternsolutions.eu\/no\/inspeksjon-av-sprinklertanker\/\">hyppige inspeksjoner<\/a> p\u00e5 nettstedet v\u00e5rt.  <\/p>\n\t\t<h2>\n\t\t\tVi kan renovere alle typer prosessvannstanker\n\t\t<\/h2>\n\t<p>Cistern Solutions kan renovere prosessvannssisterner uavhengig av tankmateriale og problemer. Dette gj\u00f8r vi ved \u00e5 skape en beskyttende barriere mellom prosessvannet og tankmaterialet. Vi tilpasser belegget etter prosessvannets egenskaper og skadens omfang. Vi arbeider vanligvis med ulike epoksy- eller polyuretanl\u00f8sninger. Vi kan selvf\u00f8lgelig ogs\u00e5 arbeide etter kundespesifikke \u00f8nsker. Cistern Solutions tilbyr en kostnadseffektiv og b\u00e6rekraftig l\u00f8sning som sikrer produksjonen og reduserer risikoen for milj\u00f8p\u00e5virkning:       <\/p>\n<ul>\n<li>Epoksybelegget minimerer risikoen for korrosjon.<\/li>\n<li>Det styrker sisternens konstruksjon og gir lengre levetid.<\/li>\n<li>Prosessvannet vil v\u00e6re rent og<\/li>\n<li>er risikoen for lekkasje borte.<\/li>\n<\/ul>\n<p><a href=\"https:\/\/cisternsolutions.eu\/no\/renovering-av-prosessvannstanker-for-serverhallene\/\">Les mer om hvordan vi sikret forsyningen av prosessvann i en serverhall.  &gt;&gt;<\/a><\/p>\n\t\t<h3>\n\t\t\tVil du vite mer om hvordan vi jobber?\n\t\t<\/h3>\n\t\t\t<p>Ta <a href=\"https:\/\/cisternsolutions.eu\/no\/kontakt-oss\/\">kontakt<\/a> med oss for \u00e5 finne ut mer.<\/p>\t\t\n\t\t<h3>\n\t\t\tJeg vil vite mer om renovering av prosesstanker\n\t\t<\/h3>\n\t\t    <form data-form_id=\"13\" id=\"fluentform_13\" data-form_instance=\"ff_form_instance_13_2\" method=\"POST\" data-recptcha_key=\"6LclVsMpAAAAALbQlfjI40nUI01kkMo-WKOg0nvc\"><fieldset>\n                    <legend>Kontakt skjema &#8211; NO<\/legend><input type='hidden' name='__fluent_form_embded_post_id' value='7304' \/><input type=\"hidden\" id=\"_fluentform_13_fluentformnonce\" name=\"_fluentform_13_fluentformnonce\" value=\"1d15c8070c\" \/><input type=\"hidden\" name=\"_wp_http_referer\" value=\"\/no\/?page_id=7304&#038;fl_builder\" \/><label for='ff_13_2_names_first_name_' id='label_ff_13_2_names_first_name_'>Mitt navn er &#8230;<\/label><input type=\"text\" name=\"names[first_name]\" id=\"ff_13_2_names_first_name_\" placeholder=\"Fornavn og etternavn\" aria-invalid=\"false\" aria-required=true\/><label for='ff_13_2_input_text' id='label_ff_13_2_input_text' aria-label=\"Virksomhet\">Virksomhet<\/label><input type=\"text\" name=\"input_text\" placeholder=\"Jeg jobber ...\" data-name=\"input_text\" id=\"ff_13_2_input_text\"  aria-invalid=\"false\" aria-required=true\/><label for='ff_13_2_email' id='label_ff_13_2_email' aria-label=\"Epostadresse\">Epostadresse<\/label><input type=\"email\" name=\"email\" id=\"ff_13_2_email\" placeholder=\"Send meg en e-post p\u00e5...\" data-name=\"email\"  aria-invalid=\"false\" aria-required=true\/><label for='ff_13_2_phone' id='label_ff_13_2_phone' aria-label=\"Telefonnummer\">Telefonnummer<\/label><input name=\"phone\" type=\"tel\" placeholder=\"Nummeret mitt ...\" data-name=\"phone\" id=\"ff_13_2_phone\" inputmode=\"tel\"  aria-invalid='false' aria-required=true\/><label   aria-label=\"Type tank\">Type tank<\/label><label class='ff-el-form-check-label' for='checkbox_1_3156a504c356581315538d7b9b6c06f3'><input type=\"checkbox\" name=\"checkbox_1[]\" data-name=\"checkbox_1\" value=\"Sprinklertank\"  id='checkbox_1_3156a504c356581315538d7b9b6c06f3' aria-label='Sprinklertank' aria-invalid='false' aria-required=false\/> Sprinklertank<\/label><label class='ff-el-form-check-label' for='checkbox_1_77567f2cae4a174cba0fa2357c65e9da'><input type=\"checkbox\" name=\"checkbox_1[]\" data-name=\"checkbox_1\" value=\"Prosesstank\"  id='checkbox_1_77567f2cae4a174cba0fa2357c65e9da' aria-label='Prosesstank' aria-invalid='false' aria-required=false\/> Prosesstank<\/label><label class='ff-el-form-check-label' for='checkbox_1_8d1e7bc88b220cbe4c5247ec107c6e14'><input type=\"checkbox\" name=\"checkbox_1[]\" data-name=\"checkbox_1\" value=\"Annen tank\"  id='checkbox_1_8d1e7bc88b220cbe4c5247ec107c6e14' aria-label='Annen tank' aria-invalid='false' aria-required=false\/> Annen tank<\/label><label   aria-label=\"Service\">Service<\/label><label class='ff-el-form-check-label' for='checkbox_8bbcbc8675486cf10a60f5e8f06e53c2'><input type=\"checkbox\" name=\"checkbox[]\" data-name=\"checkbox\" value=\"Unders\u00f8kelse\"  id='checkbox_8bbcbc8675486cf10a60f5e8f06e53c2' aria-label='Unders\u00f8kelse' aria-invalid='false' aria-required=false\/> Unders\u00f8kelse<\/label><label class='ff-el-form-check-label' for='checkbox_9d877f298a6e6e037f65a8a0b9b88834'><input type=\"checkbox\" name=\"checkbox[]\" data-name=\"checkbox\" value=\"Renovering\"  id='checkbox_9d877f298a6e6e037f65a8a0b9b88834' aria-label='Renovering' aria-invalid='false' aria-required=false\/> Renovering<\/label><label class='ff-el-form-check-label' for='checkbox_22347cb21685a8969902a8c0e4cb69bd'><input type=\"checkbox\" name=\"checkbox[]\" data-name=\"checkbox\" value=\"Annen\"  id='checkbox_22347cb21685a8969902a8c0e4cb69bd' aria-label='Annen' aria-invalid='false' aria-required=false\/> Annen<\/label><label for='ff_13_2_multi_select_1' id='label_ff_13_2_multi_select_1' aria-label=\"Antall tanker\">Antall tanker<\/label><select name=\"multi_select_1[]\" id=\"ff_13_2_multi_select_1\" placeholder=\"Antall tanker\" multiple=\"1\" data-name=\"multi_select_1\" data-calc_value=\"0\"  aria-invalid=\"false\" aria-required=\"false\" aria-labelledby=\"label_ff_13_2_multi_select_1\"><option value=\"\">Antall tanker<\/option><option value=\"0\">0<\/option><option value=\"1\">1<\/option><option value=\"2\">2<\/option><option value=\"3\">3<\/option><option value=\"4\">4<\/option><option value=\"5\">5<\/option><option value=\"6\">6<\/option><option value=\"7\">7<\/option><option value=\"8\">8<\/option><option value=\"9\">9<\/option><option value=\"10 eller fler\">10 eller fler<\/option><\/select><label for='ff_13_2_subject' id='label_ff_13_2_subject' aria-label=\"Emne\">Emne<\/label><input type=\"text\" name=\"subject\" placeholder=\"Jeg er interessert i ....\" data-name=\"subject\" id=\"ff_13_2_subject\"  aria-invalid=\"false\" aria-required=true\/><label for='ff_13_2_message' id='label_ff_13_2_message' aria-label=\"Beskjed\">Beskjed<\/label><textarea aria-required=\"true\" aria-labelledby=\"label_ff_13_2_message\" name=\"message\" id=\"ff_13_2_message\" placeholder=\"Ytterligere sp\u00f8rsm\u00e5l eller kommentarer....\" rows=\"4\" cols=\"2\" data-name=\"message\"><\/textarea><label aria-label='Jeg samtykker til at denne nettsiden lagrer min innsendte informasjon slik at de kan svare p\u00e5 foresp\u00f8rselen min. Opplysningene lagres i 1 \u00e5r.' class='ff-el-form-check-label ff_tc_label' for=gdpr-agreement_bf9d36b3904912aac174afa18cdbf79d><input type=\"checkbox\" name=\"gdpr-agreement\" data-name=\"gdpr-agreement\" id=\"gdpr-agreement_bf9d36b3904912aac174afa18cdbf79d\"  value='on' aria-invalid='false' aria-required=true\/> Jeg samtykker til at denne nettsiden lagrer min innsendte informasjon slik at de kan svare p\u00e5 foresp\u00f8rselen min. Opplysningene lagres i 1 \u00e5r.<\/label><button type=\"submit\"  aria-label=\"Sende\">Sende<\/button><\/fieldset><\/form>            \n\n","protected":false},"excerpt":{"rendered":"<p>Prosessvannstanker m\u00e5 garantere sikker produksjon. V\u00e6r p\u00e5 den sikre siden ved \u00e5 inspisere tanken ofte.   <\/p>\n","protected":false},"author":4,"featured_media":7050,"parent":0,"menu_order":0,"comment_status":"closed","ping_status":"closed","template":"","meta":{"footnotes":""},"class_list":["post-7304","page","type-page","status-publish","has-post-thumbnail"],"yoast_head":"<!-- This site is optimized with the Yoast SEO plugin v27.4 - https:\/\/yoast.com\/product\/yoast-seo-wordpress\/ -->\n<title>Vi reparerer prosessvannssisterner | Cistern Solutions Sweden<\/title>\n<meta name=\"description\" content=\"Prosessvannstanker er avgj\u00f8rende for sikker og kontinuerlig produksjon. Unng\u00e5 problemer ved \u00e5 inspisere i tide!\" \/>\n<meta name=\"robots\" content=\"index, follow, max-snippet:-1, max-image-preview:large, max-video-preview:-1\" \/>\n<link rel=\"canonical\" href=\"https:\/\/cisternsolutions.eu\/no\/sisterner-for-prosessvann\/\" \/>\n<meta property=\"og:locale\" content=\"nb_NO\" \/>\n<meta property=\"og:type\" content=\"article\" \/>\n<meta property=\"og:title\" content=\"Vi reparerer prosessvannssisterner | Cistern Solutions Sweden\" \/>\n<meta property=\"og:description\" content=\"Prosessvannstanker er avgj\u00f8rende for sikker og kontinuerlig produksjon. Unng\u00e5 problemer ved \u00e5 inspisere i tide!\" \/>\n<meta property=\"og:url\" content=\"https:\/\/cisternsolutions.eu\/no\/sisterner-for-prosessvann\/\" \/>\n<meta property=\"og:site_name\" content=\"Cistern Solutions Sweden\" \/>\n<meta property=\"article:modified_time\" content=\"2026-01-12T15:57:17+00:00\" \/>\n<meta property=\"og:image\" content=\"https:\/\/cisternsolutions.eu\/wp-content\/uploads\/2024\/10\/cisterner_processvatten_hero.jpg\" \/>\n\t<meta property=\"og:image:width\" content=\"1920\" \/>\n\t<meta property=\"og:image:height\" content=\"526\" \/>\n\t<meta property=\"og:image:type\" content=\"image\/jpeg\" \/>\n<meta name=\"twitter:card\" content=\"summary_large_image\" \/>\n<meta name=\"twitter:label1\" content=\"Ansl. lesetid\" \/>\n\t<meta name=\"twitter:data1\" content=\"4 minutter\" \/>\n<script type=\"application\/ld+json\" class=\"yoast-schema-graph\">{\"@context\":\"https:\\\/\\\/schema.org\",\"@graph\":[{\"@type\":\"WebPage\",\"@id\":\"https:\\\/\\\/cisternsolutions.eu\\\/no\\\/sisterner-for-prosessvann\\\/\",\"url\":\"https:\\\/\\\/cisternsolutions.eu\\\/no\\\/sisterner-for-prosessvann\\\/\",\"name\":\"Vi reparerer prosessvannssisterner | Cistern Solutions Sweden\",\"isPartOf\":{\"@id\":\"https:\\\/\\\/cisternsolutions.eu\\\/no\\\/#website\"},\"primaryImageOfPage\":{\"@id\":\"https:\\\/\\\/cisternsolutions.eu\\\/no\\\/sisterner-for-prosessvann\\\/#primaryimage\"},\"image\":{\"@id\":\"https:\\\/\\\/cisternsolutions.eu\\\/no\\\/sisterner-for-prosessvann\\\/#primaryimage\"},\"thumbnailUrl\":\"https:\\\/\\\/cisternsolutions.eu\\\/wp-content\\\/uploads\\\/2024\\\/10\\\/cisterner_processvatten_hero.jpg\",\"datePublished\":\"2024-10-08T13:57:58+00:00\",\"dateModified\":\"2026-01-12T15:57:17+00:00\",\"description\":\"Prosessvannstanker er avgj\u00f8rende for sikker og kontinuerlig produksjon. Unng\u00e5 problemer ved \u00e5 inspisere i tide!\",\"breadcrumb\":{\"@id\":\"https:\\\/\\\/cisternsolutions.eu\\\/no\\\/sisterner-for-prosessvann\\\/#breadcrumb\"},\"inLanguage\":\"nb-NO\",\"potentialAction\":[{\"@type\":\"ReadAction\",\"target\":[\"https:\\\/\\\/cisternsolutions.eu\\\/no\\\/sisterner-for-prosessvann\\\/\"]}]},{\"@type\":\"ImageObject\",\"inLanguage\":\"nb-NO\",\"@id\":\"https:\\\/\\\/cisternsolutions.eu\\\/no\\\/sisterner-for-prosessvann\\\/#primaryimage\",\"url\":\"https:\\\/\\\/cisternsolutions.eu\\\/wp-content\\\/uploads\\\/2024\\\/10\\\/cisterner_processvatten_hero.jpg\",\"contentUrl\":\"https:\\\/\\\/cisternsolutions.eu\\\/wp-content\\\/uploads\\\/2024\\\/10\\\/cisterner_processvatten_hero.jpg\",\"width\":1920,\"height\":526},{\"@type\":\"BreadcrumbList\",\"@id\":\"https:\\\/\\\/cisternsolutions.eu\\\/no\\\/sisterner-for-prosessvann\\\/#breadcrumb\",\"itemListElement\":[{\"@type\":\"ListItem\",\"position\":1,\"name\":\"Hem\",\"item\":\"https:\\\/\\\/cisternsolutions.eu\\\/no\\\/startside-2\\\/\"},{\"@type\":\"ListItem\",\"position\":2,\"name\":\"Sisterner for prosessvann\"}]},{\"@type\":\"WebSite\",\"@id\":\"https:\\\/\\\/cisternsolutions.eu\\\/no\\\/#website\",\"url\":\"https:\\\/\\\/cisternsolutions.eu\\\/no\\\/\",\"name\":\"Cistern Solutions Sweden\",\"description\":\"Cistern Solutions Sweden\",\"publisher\":{\"@id\":\"https:\\\/\\\/cisternsolutions.eu\\\/no\\\/#organization\"},\"potentialAction\":[{\"@type\":\"SearchAction\",\"target\":{\"@type\":\"EntryPoint\",\"urlTemplate\":\"https:\\\/\\\/cisternsolutions.eu\\\/no\\\/?s={search_term_string}\"},\"query-input\":{\"@type\":\"PropertyValueSpecification\",\"valueRequired\":true,\"valueName\":\"search_term_string\"}}],\"inLanguage\":\"nb-NO\"},{\"@type\":\"Organization\",\"@id\":\"https:\\\/\\\/cisternsolutions.eu\\\/no\\\/#organization\",\"name\":\"| Cistern Solutions Sweden AB\",\"url\":\"https:\\\/\\\/cisternsolutions.eu\\\/no\\\/\",\"logo\":{\"@type\":\"ImageObject\",\"inLanguage\":\"nb-NO\",\"@id\":\"https:\\\/\\\/cisternsolutions.eu\\\/no\\\/#\\\/schema\\\/logo\\\/image\\\/\",\"url\":\"https:\\\/\\\/cisternsolutions.eu\\\/wp-content\\\/uploads\\\/2023\\\/11\\\/CisternSolutions_orginal-logo.png\",\"contentUrl\":\"https:\\\/\\\/cisternsolutions.eu\\\/wp-content\\\/uploads\\\/2023\\\/11\\\/CisternSolutions_orginal-logo.png\",\"width\":1045,\"height\":293,\"caption\":\"| Cistern Solutions Sweden AB\"},\"image\":{\"@id\":\"https:\\\/\\\/cisternsolutions.eu\\\/no\\\/#\\\/schema\\\/logo\\\/image\\\/\"}}]}<\/script>\n<!-- \/ Yoast SEO plugin. -->","yoast_head_json":{"title":"Vi reparerer prosessvannssisterner | Cistern Solutions Sweden","description":"Prosessvannstanker er avgj\u00f8rende for sikker og kontinuerlig produksjon. Unng\u00e5 problemer ved \u00e5 inspisere i tide!","robots":{"index":"index","follow":"follow","max-snippet":"max-snippet:-1","max-image-preview":"max-image-preview:large","max-video-preview":"max-video-preview:-1"},"canonical":"https:\/\/cisternsolutions.eu\/no\/sisterner-for-prosessvann\/","og_locale":"nb_NO","og_type":"article","og_title":"Vi reparerer prosessvannssisterner | Cistern Solutions Sweden","og_description":"Prosessvannstanker er avgj\u00f8rende for sikker og kontinuerlig produksjon. Unng\u00e5 problemer ved \u00e5 inspisere i tide!","og_url":"https:\/\/cisternsolutions.eu\/no\/sisterner-for-prosessvann\/","og_site_name":"Cistern Solutions Sweden","article_modified_time":"2026-01-12T15:57:17+00:00","og_image":[{"width":1920,"height":526,"url":"https:\/\/cisternsolutions.eu\/wp-content\/uploads\/2024\/10\/cisterner_processvatten_hero.jpg","type":"image\/jpeg"}],"twitter_card":"summary_large_image","twitter_misc":{"Ansl. lesetid":"4 minutter"},"schema":{"@context":"https:\/\/schema.org","@graph":[{"@type":"WebPage","@id":"https:\/\/cisternsolutions.eu\/no\/sisterner-for-prosessvann\/","url":"https:\/\/cisternsolutions.eu\/no\/sisterner-for-prosessvann\/","name":"Vi reparerer prosessvannssisterner | Cistern Solutions Sweden","isPartOf":{"@id":"https:\/\/cisternsolutions.eu\/no\/#website"},"primaryImageOfPage":{"@id":"https:\/\/cisternsolutions.eu\/no\/sisterner-for-prosessvann\/#primaryimage"},"image":{"@id":"https:\/\/cisternsolutions.eu\/no\/sisterner-for-prosessvann\/#primaryimage"},"thumbnailUrl":"https:\/\/cisternsolutions.eu\/wp-content\/uploads\/2024\/10\/cisterner_processvatten_hero.jpg","datePublished":"2024-10-08T13:57:58+00:00","dateModified":"2026-01-12T15:57:17+00:00","description":"Prosessvannstanker er avgj\u00f8rende for sikker og kontinuerlig produksjon. Unng\u00e5 problemer ved \u00e5 inspisere i tide!","breadcrumb":{"@id":"https:\/\/cisternsolutions.eu\/no\/sisterner-for-prosessvann\/#breadcrumb"},"inLanguage":"nb-NO","potentialAction":[{"@type":"ReadAction","target":["https:\/\/cisternsolutions.eu\/no\/sisterner-for-prosessvann\/"]}]},{"@type":"ImageObject","inLanguage":"nb-NO","@id":"https:\/\/cisternsolutions.eu\/no\/sisterner-for-prosessvann\/#primaryimage","url":"https:\/\/cisternsolutions.eu\/wp-content\/uploads\/2024\/10\/cisterner_processvatten_hero.jpg","contentUrl":"https:\/\/cisternsolutions.eu\/wp-content\/uploads\/2024\/10\/cisterner_processvatten_hero.jpg","width":1920,"height":526},{"@type":"BreadcrumbList","@id":"https:\/\/cisternsolutions.eu\/no\/sisterner-for-prosessvann\/#breadcrumb","itemListElement":[{"@type":"ListItem","position":1,"name":"Hem","item":"https:\/\/cisternsolutions.eu\/no\/startside-2\/"},{"@type":"ListItem","position":2,"name":"Sisterner for prosessvann"}]},{"@type":"WebSite","@id":"https:\/\/cisternsolutions.eu\/no\/#website","url":"https:\/\/cisternsolutions.eu\/no\/","name":"Cistern Solutions Sweden","description":"Cistern Solutions Sweden","publisher":{"@id":"https:\/\/cisternsolutions.eu\/no\/#organization"},"potentialAction":[{"@type":"SearchAction","target":{"@type":"EntryPoint","urlTemplate":"https:\/\/cisternsolutions.eu\/no\/?s={search_term_string}"},"query-input":{"@type":"PropertyValueSpecification","valueRequired":true,"valueName":"search_term_string"}}],"inLanguage":"nb-NO"},{"@type":"Organization","@id":"https:\/\/cisternsolutions.eu\/no\/#organization","name":"| Cistern Solutions Sweden AB","url":"https:\/\/cisternsolutions.eu\/no\/","logo":{"@type":"ImageObject","inLanguage":"nb-NO","@id":"https:\/\/cisternsolutions.eu\/no\/#\/schema\/logo\/image\/","url":"https:\/\/cisternsolutions.eu\/wp-content\/uploads\/2023\/11\/CisternSolutions_orginal-logo.png","contentUrl":"https:\/\/cisternsolutions.eu\/wp-content\/uploads\/2023\/11\/CisternSolutions_orginal-logo.png","width":1045,"height":293,"caption":"| Cistern Solutions Sweden AB"},"image":{"@id":"https:\/\/cisternsolutions.eu\/no\/#\/schema\/logo\/image\/"}}]}},"_links":{"self":[{"href":"https:\/\/cisternsolutions.eu\/no\/wp-json\/wp\/v2\/pages\/7304","targetHints":{"allow":["GET"]}}],"collection":[{"href":"https:\/\/cisternsolutions.eu\/no\/wp-json\/wp\/v2\/pages"}],"about":[{"href":"https:\/\/cisternsolutions.eu\/no\/wp-json\/wp\/v2\/types\/page"}],"author":[{"embeddable":true,"href":"https:\/\/cisternsolutions.eu\/no\/wp-json\/wp\/v2\/users\/4"}],"replies":[{"embeddable":true,"href":"https:\/\/cisternsolutions.eu\/no\/wp-json\/wp\/v2\/comments?post=7304"}],"version-history":[{"count":3,"href":"https:\/\/cisternsolutions.eu\/no\/wp-json\/wp\/v2\/pages\/7304\/revisions"}],"predecessor-version":[{"id":8630,"href":"https:\/\/cisternsolutions.eu\/no\/wp-json\/wp\/v2\/pages\/7304\/revisions\/8630"}],"wp:featuredmedia":[{"embeddable":true,"href":"https:\/\/cisternsolutions.eu\/no\/wp-json\/wp\/v2\/media\/7050"}],"wp:attachment":[{"href":"https:\/\/cisternsolutions.eu\/no\/wp-json\/wp\/v2\/media?parent=7304"}],"curies":[{"name":"wp","href":"https:\/\/api.w.org\/{rel}","templated":true}]}}