{"id":5366,"date":"2016-06-30T11:20:12","date_gmt":"2016-06-30T09:20:12","guid":{"rendered":"https:\/\/cisternsolutions.eu\/kontakt-oss\/"},"modified":"2026-01-12T16:45:50","modified_gmt":"2026-01-12T15:45:50","slug":"kontakt-oss","status":"publish","type":"page","link":"https:\/\/cisternsolutions.eu\/no\/kontakt-oss\/","title":{"rendered":"Kontakt oss"},"content":{"rendered":"\n\n\t\t<h1>\n\t\t\tVelkommen til oss!\n\t\t<\/h1>\n\t\t\t<p>&#8211; din ekspert p\u00e5 renovering av tanker og sisterner<\/p>\t\t\n\t<p>Vi i Cistern Solutions Sweden har mer enn 30 \u00e5rs erfaring med tankbelegg. Vi hjelper deg med b\u00e5de inspeksjon og renovering. Fyll ut skjemaet, send en e-post eller ring.  <\/p>\n\t\t<ul>\n\t\t\t\t\t<li>\n\t\t\t\t\t<a href=\"tel:+46%2010-211%2051%2052\" target=\"_self\">\n\t\t\t\t<h2>+46  (0)10-211 51 52<\/h2>\n\t\t\t\t\t<\/a>\n\t\t\t<\/li>\n\t\t\t\t<\/ul>\n\t\t<ul>\n\t\t\t\t\t<li>\n\t\t\t\t\t<a href=\"mailto:info@cisternsolutions.se\" target=\"_self\">\n\t\t\t\t<h2>info@cisternsolutions.se<\/h2>\n\t\t\t\t\t<\/a>\n\t\t\t<\/li>\n\t\t\t\t<\/ul>\n\t\t<ul>\n\t\t\t\t\t<li>\n\t\t\t\t\t<a href=\"https:\/\/maps.app.goo.gl\/tPFJJj55EQ3L3iny7\" target=\"_blank\">\n\t\t\t\t\n\t\t<h3>Markbov\u00e4gen 6, 423 70 S\u00e4ve<br \/>Sverige<\/h3>\t\t\t\n\t<\/a>\n\t\t\t<\/li>\n\t\t\t\t<\/ul>\n\t\t\t<h3>Ta kontakt med meg!<\/h3>\n\t\t    <form data-form_id=\"12\" id=\"fluentform_12\" data-form_instance=\"ff_form_instance_12_1\" method=\"POST\" data-recptcha_key=\"6LclVsMpAAAAALbQlfjI40nUI01kkMo-WKOg0nvc\"><fieldset>\n                    <legend>Rask kontakt &#8211; NO<\/legend><input type='hidden' name='__fluent_form_embded_post_id' value='5366' \/><input type=\"hidden\" id=\"_fluentform_12_fluentformnonce\" name=\"_fluentform_12_fluentformnonce\" value=\"1d15c8070c\" \/><input type=\"hidden\" name=\"_wp_http_referer\" value=\"\/no\/?page_id=5366&#038;fl_builder\" \/><input type=\"text\" name=\"names[first_name]\" id=\"ff_12_names_first_name_\" placeholder=\"Fornavn og etternavn\" aria-invalid=\"false\" aria-required=true\/><input type=\"email\" name=\"email\" id=\"ff_12_email\" placeholder=\"Min epostadresse\" data-name=\"email\"  aria-invalid=\"false\" aria-required=true\/><textarea aria-required=\"true\" aria-labelledby=\"label_ff_12_message\" name=\"message\" id=\"ff_12_message\" placeholder=\"Kontakt meg ang\u00e5ende...\" rows=\"1\" cols=\"2\" data-name=\"message\"><\/textarea><label aria-label='Jeg samtykker til at denne nettsiden lagrer min innsendte informasjon slik at de kan svare p\u00e5 foresp\u00f8rselen min. Opplysningene lagres i 1 \u00e5r.' class='ff-el-form-check-label ff_tc_label' for=gdpr-agreement_16705073fb7fff26d7484c558f86b8b7><input type=\"checkbox\" name=\"gdpr-agreement\" data-name=\"gdpr-agreement\" id=\"gdpr-agreement_16705073fb7fff26d7484c558f86b8b7\"  value='on' aria-invalid='false' aria-required=true\/> Jeg samtykker til at denne nettsiden lagrer min innsendte informasjon slik at de kan svare p\u00e5 foresp\u00f8rselen min. Opplysningene lagres i 1 \u00e5r.<\/label><button type=\"submit\"  aria-label=\"Sende\">Sende<\/button><\/fieldset><\/form>            \n\t\t<h2>\n\t\t\tAnsatte\n\t\t<\/h2>\n\t\t\t\t<img decoding=\"async\" src=\"https:\/\/cisternsolutions.eu\/wp-content\/uploads\/2024\/01\/ulf.jpg\" alt=\"ulf\" itemprop=\"image\" height=\"1051\" width=\"969\" title=\"ulf\" onerror=\"this.style.display='none'\" loading=\"lazy\" \/>\n\t<h3>Ulf Johansson<\/h3>\n<p>Eiere<\/p>\n<p><a href=\"mailto:uj@cisternsolutions.se\">uj@cisternsolutions.se<\/a><\/p>\n<p><a href=\"tel:46207%2099%062\"><strong>+46 70 790 99 62<\/strong><\/a><\/p>\n\t\t\t\t<img decoding=\"async\" src=\"https:\/\/cisternsolutions.eu\/wp-content\/uploads\/2024\/01\/magnus.jpg\" alt=\"magnus\" itemprop=\"image\" height=\"1051\" width=\"969\" title=\"magnus\" onerror=\"this.style.display='none'\" loading=\"lazy\" \/>\n\t<h3>Magnus Josefsson<\/h3>\n<p>VD<\/p>\n<p><a href=\"mailto:mj@cisternsolutions.se\">mj@cisternsolutions.se<\/a><\/p>\n<p><a href=\"tel:+462070205%2099%037\"><strong>+46 70 590 99 37<\/strong><\/a><\/p>\n\t\t\t\t<img decoding=\"async\" src=\"https:\/\/cisternsolutions.eu\/wp-content\/uploads\/2024\/03\/foto-kommer-personal.jpg\" alt=\"foto-kommer-personal\" itemprop=\"image\" height=\"1051\" width=\"969\" title=\"foto-kommer-personal\" onerror=\"this.style.display='none'\" loading=\"lazy\" \/>\n\t<h3>Filip Karlsson<\/h3>\n<p>Prosjektleder<\/p>\n<p><a href=\"mailto:fk@cisternsolutions.se\">fk@cisternsolutions.se<\/a><\/p>\n<p><a href=\"tel:+462073208%2091%000\"><strong>+46 73 960 37 80<\/strong><\/a><\/p>\n\n","protected":false},"excerpt":{"rendered":"<p>Velkommen til oss! &#8211; din ekspert p\u00e5 renovering av tanker og sisterner Vi i Cistern Solutions Sweden har mer enn 30 \u00e5rs erfaring med tankbelegg. Vi hjelper deg med b\u00e5de inspeksjon og renovering. Fyll ut skjemaet, send en e-post eller ring. +46 (0)10-211 51 52 info@cisternsolutions.se Markbov\u00e4gen 6, 423 70 &#8230; <a title=\"Kontakt oss\" class=\"read-more\" href=\"https:\/\/cisternsolutions.eu\/no\/kontakt-oss\/\" aria-label=\"Read more about Kontakt oss\">L\u00e4s mer<\/a><\/p>\n","protected":false},"author":4,"featured_media":0,"parent":0,"menu_order":1,"comment_status":"closed","ping_status":"closed","template":"","meta":{"footnotes":""},"class_list":["post-5366","page","type-page","status-publish"],"yoast_head":"<!-- This site is optimized with the Yoast SEO plugin v27.4 - https:\/\/yoast.com\/product\/yoast-seo-wordpress\/ -->\n<title>Kontakt oss for restaurering av sisterner | Cistern Solutions Sverige<\/title>\n<meta name=\"description\" content=\"Vi er eksperter med over 40 \u00e5rs erfaring i \u00e5 reparere tanker og sisterner som lekker. Kontakt oss for mer informasjon.\" \/>\n<meta name=\"robots\" content=\"index, follow, max-snippet:-1, max-image-preview:large, max-video-preview:-1\" \/>\n<link rel=\"canonical\" href=\"https:\/\/cisternsolutions.eu\/no\/kontakt-oss\/\" \/>\n<meta property=\"og:locale\" content=\"nb_NO\" \/>\n<meta property=\"og:type\" content=\"article\" \/>\n<meta property=\"og:title\" content=\"Kontakt oss for restaurering av sisterner | Cistern Solutions Sverige\" \/>\n<meta property=\"og:description\" content=\"Vi er eksperter med over 40 \u00e5rs erfaring i \u00e5 reparere tanker og sisterner som lekker. Kontakt oss for mer informasjon.\" \/>\n<meta property=\"og:url\" content=\"https:\/\/cisternsolutions.eu\/no\/kontakt-oss\/\" \/>\n<meta property=\"og:site_name\" content=\"Cistern Solutions Sweden\" \/>\n<meta property=\"article:modified_time\" content=\"2026-01-12T15:45:50+00:00\" \/>\n<meta property=\"og:image\" content=\"https:\/\/cisternsolutions.eu\/wp-content\/uploads\/2024\/01\/ulf.jpg\" \/>\n<meta name=\"twitter:card\" content=\"summary_large_image\" \/>\n<meta name=\"twitter:label1\" content=\"Ansl. lesetid\" \/>\n\t<meta name=\"twitter:data1\" content=\"1 minutt\" \/>\n<script type=\"application\/ld+json\" class=\"yoast-schema-graph\">{\"@context\":\"https:\\\/\\\/schema.org\",\"@graph\":[{\"@type\":\"WebPage\",\"@id\":\"https:\\\/\\\/cisternsolutions.eu\\\/no\\\/kontakt-oss\\\/\",\"url\":\"https:\\\/\\\/cisternsolutions.eu\\\/no\\\/kontakt-oss\\\/\",\"name\":\"Kontakt oss for restaurering av sisterner | Cistern Solutions Sverige\",\"isPartOf\":{\"@id\":\"https:\\\/\\\/cisternsolutions.eu\\\/no\\\/#website\"},\"primaryImageOfPage\":{\"@id\":\"https:\\\/\\\/cisternsolutions.eu\\\/no\\\/kontakt-oss\\\/#primaryimage\"},\"image\":{\"@id\":\"https:\\\/\\\/cisternsolutions.eu\\\/no\\\/kontakt-oss\\\/#primaryimage\"},\"thumbnailUrl\":\"https:\\\/\\\/cisternsolutions.eu\\\/wp-content\\\/uploads\\\/2024\\\/01\\\/ulf.jpg\",\"datePublished\":\"2016-06-30T09:20:12+00:00\",\"dateModified\":\"2026-01-12T15:45:50+00:00\",\"description\":\"Vi er eksperter med over 40 \u00e5rs erfaring i \u00e5 reparere tanker og sisterner som lekker. Kontakt oss for mer informasjon.\",\"breadcrumb\":{\"@id\":\"https:\\\/\\\/cisternsolutions.eu\\\/no\\\/kontakt-oss\\\/#breadcrumb\"},\"inLanguage\":\"nb-NO\",\"potentialAction\":[{\"@type\":\"ReadAction\",\"target\":[\"https:\\\/\\\/cisternsolutions.eu\\\/no\\\/kontakt-oss\\\/\"]}]},{\"@type\":\"ImageObject\",\"inLanguage\":\"nb-NO\",\"@id\":\"https:\\\/\\\/cisternsolutions.eu\\\/no\\\/kontakt-oss\\\/#primaryimage\",\"url\":\"https:\\\/\\\/cisternsolutions.eu\\\/wp-content\\\/uploads\\\/2024\\\/01\\\/ulf.jpg\",\"contentUrl\":\"https:\\\/\\\/cisternsolutions.eu\\\/wp-content\\\/uploads\\\/2024\\\/01\\\/ulf.jpg\"},{\"@type\":\"BreadcrumbList\",\"@id\":\"https:\\\/\\\/cisternsolutions.eu\\\/no\\\/kontakt-oss\\\/#breadcrumb\",\"itemListElement\":[{\"@type\":\"ListItem\",\"position\":1,\"name\":\"Hem\",\"item\":\"https:\\\/\\\/cisternsolutions.eu\\\/no\\\/startside-2\\\/\"},{\"@type\":\"ListItem\",\"position\":2,\"name\":\"Kontakt oss\"}]},{\"@type\":\"WebSite\",\"@id\":\"https:\\\/\\\/cisternsolutions.eu\\\/no\\\/#website\",\"url\":\"https:\\\/\\\/cisternsolutions.eu\\\/no\\\/\",\"name\":\"Cistern Solutions Sweden\",\"description\":\"Cistern Solutions Sweden\",\"publisher\":{\"@id\":\"https:\\\/\\\/cisternsolutions.eu\\\/no\\\/#organization\"},\"potentialAction\":[{\"@type\":\"SearchAction\",\"target\":{\"@type\":\"EntryPoint\",\"urlTemplate\":\"https:\\\/\\\/cisternsolutions.eu\\\/no\\\/?s={search_term_string}\"},\"query-input\":{\"@type\":\"PropertyValueSpecification\",\"valueRequired\":true,\"valueName\":\"search_term_string\"}}],\"inLanguage\":\"nb-NO\"},{\"@type\":\"Organization\",\"@id\":\"https:\\\/\\\/cisternsolutions.eu\\\/no\\\/#organization\",\"name\":\"| Cistern Solutions Sweden AB\",\"url\":\"https:\\\/\\\/cisternsolutions.eu\\\/no\\\/\",\"logo\":{\"@type\":\"ImageObject\",\"inLanguage\":\"nb-NO\",\"@id\":\"https:\\\/\\\/cisternsolutions.eu\\\/no\\\/#\\\/schema\\\/logo\\\/image\\\/\",\"url\":\"https:\\\/\\\/cisternsolutions.eu\\\/wp-content\\\/uploads\\\/2023\\\/11\\\/CisternSolutions_orginal-logo.png\",\"contentUrl\":\"https:\\\/\\\/cisternsolutions.eu\\\/wp-content\\\/uploads\\\/2023\\\/11\\\/CisternSolutions_orginal-logo.png\",\"width\":1045,\"height\":293,\"caption\":\"| Cistern Solutions Sweden AB\"},\"image\":{\"@id\":\"https:\\\/\\\/cisternsolutions.eu\\\/no\\\/#\\\/schema\\\/logo\\\/image\\\/\"}}]}<\/script>\n<!-- \/ Yoast SEO plugin. -->","yoast_head_json":{"title":"Kontakt oss for restaurering av sisterner | Cistern Solutions Sverige","description":"Vi er eksperter med over 40 \u00e5rs erfaring i \u00e5 reparere tanker og sisterner som lekker. Kontakt oss for mer informasjon.","robots":{"index":"index","follow":"follow","max-snippet":"max-snippet:-1","max-image-preview":"max-image-preview:large","max-video-preview":"max-video-preview:-1"},"canonical":"https:\/\/cisternsolutions.eu\/no\/kontakt-oss\/","og_locale":"nb_NO","og_type":"article","og_title":"Kontakt oss for restaurering av sisterner | Cistern Solutions Sverige","og_description":"Vi er eksperter med over 40 \u00e5rs erfaring i \u00e5 reparere tanker og sisterner som lekker. Kontakt oss for mer informasjon.","og_url":"https:\/\/cisternsolutions.eu\/no\/kontakt-oss\/","og_site_name":"Cistern Solutions Sweden","article_modified_time":"2026-01-12T15:45:50+00:00","og_image":[{"url":"https:\/\/cisternsolutions.eu\/wp-content\/uploads\/2024\/01\/ulf.jpg","type":"","width":"","height":""}],"twitter_card":"summary_large_image","twitter_misc":{"Ansl. lesetid":"1 minutt"},"schema":{"@context":"https:\/\/schema.org","@graph":[{"@type":"WebPage","@id":"https:\/\/cisternsolutions.eu\/no\/kontakt-oss\/","url":"https:\/\/cisternsolutions.eu\/no\/kontakt-oss\/","name":"Kontakt oss for restaurering av sisterner | Cistern Solutions Sverige","isPartOf":{"@id":"https:\/\/cisternsolutions.eu\/no\/#website"},"primaryImageOfPage":{"@id":"https:\/\/cisternsolutions.eu\/no\/kontakt-oss\/#primaryimage"},"image":{"@id":"https:\/\/cisternsolutions.eu\/no\/kontakt-oss\/#primaryimage"},"thumbnailUrl":"https:\/\/cisternsolutions.eu\/wp-content\/uploads\/2024\/01\/ulf.jpg","datePublished":"2016-06-30T09:20:12+00:00","dateModified":"2026-01-12T15:45:50+00:00","description":"Vi er eksperter med over 40 \u00e5rs erfaring i \u00e5 reparere tanker og sisterner som lekker. Kontakt oss for mer informasjon.","breadcrumb":{"@id":"https:\/\/cisternsolutions.eu\/no\/kontakt-oss\/#breadcrumb"},"inLanguage":"nb-NO","potentialAction":[{"@type":"ReadAction","target":["https:\/\/cisternsolutions.eu\/no\/kontakt-oss\/"]}]},{"@type":"ImageObject","inLanguage":"nb-NO","@id":"https:\/\/cisternsolutions.eu\/no\/kontakt-oss\/#primaryimage","url":"https:\/\/cisternsolutions.eu\/wp-content\/uploads\/2024\/01\/ulf.jpg","contentUrl":"https:\/\/cisternsolutions.eu\/wp-content\/uploads\/2024\/01\/ulf.jpg"},{"@type":"BreadcrumbList","@id":"https:\/\/cisternsolutions.eu\/no\/kontakt-oss\/#breadcrumb","itemListElement":[{"@type":"ListItem","position":1,"name":"Hem","item":"https:\/\/cisternsolutions.eu\/no\/startside-2\/"},{"@type":"ListItem","position":2,"name":"Kontakt oss"}]},{"@type":"WebSite","@id":"https:\/\/cisternsolutions.eu\/no\/#website","url":"https:\/\/cisternsolutions.eu\/no\/","name":"Cistern Solutions Sweden","description":"Cistern Solutions Sweden","publisher":{"@id":"https:\/\/cisternsolutions.eu\/no\/#organization"},"potentialAction":[{"@type":"SearchAction","target":{"@type":"EntryPoint","urlTemplate":"https:\/\/cisternsolutions.eu\/no\/?s={search_term_string}"},"query-input":{"@type":"PropertyValueSpecification","valueRequired":true,"valueName":"search_term_string"}}],"inLanguage":"nb-NO"},{"@type":"Organization","@id":"https:\/\/cisternsolutions.eu\/no\/#organization","name":"| Cistern Solutions Sweden AB","url":"https:\/\/cisternsolutions.eu\/no\/","logo":{"@type":"ImageObject","inLanguage":"nb-NO","@id":"https:\/\/cisternsolutions.eu\/no\/#\/schema\/logo\/image\/","url":"https:\/\/cisternsolutions.eu\/wp-content\/uploads\/2023\/11\/CisternSolutions_orginal-logo.png","contentUrl":"https:\/\/cisternsolutions.eu\/wp-content\/uploads\/2023\/11\/CisternSolutions_orginal-logo.png","width":1045,"height":293,"caption":"| Cistern Solutions Sweden AB"},"image":{"@id":"https:\/\/cisternsolutions.eu\/no\/#\/schema\/logo\/image\/"}}]}},"_links":{"self":[{"href":"https:\/\/cisternsolutions.eu\/no\/wp-json\/wp\/v2\/pages\/5366","targetHints":{"allow":["GET"]}}],"collection":[{"href":"https:\/\/cisternsolutions.eu\/no\/wp-json\/wp\/v2\/pages"}],"about":[{"href":"https:\/\/cisternsolutions.eu\/no\/wp-json\/wp\/v2\/types\/page"}],"author":[{"embeddable":true,"href":"https:\/\/cisternsolutions.eu\/no\/wp-json\/wp\/v2\/users\/4"}],"replies":[{"embeddable":true,"href":"https:\/\/cisternsolutions.eu\/no\/wp-json\/wp\/v2\/comments?post=5366"}],"version-history":[{"count":2,"href":"https:\/\/cisternsolutions.eu\/no\/wp-json\/wp\/v2\/pages\/5366\/revisions"}],"predecessor-version":[{"id":8617,"href":"https:\/\/cisternsolutions.eu\/no\/wp-json\/wp\/v2\/pages\/5366\/revisions\/8617"}],"wp:attachment":[{"href":"https:\/\/cisternsolutions.eu\/no\/wp-json\/wp\/v2\/media?parent=5366"}],"curies":[{"name":"wp","href":"https:\/\/api.w.org\/{rel}","templated":true}]}}