{"id":5358,"date":"2024-03-05T14:36:38","date_gmt":"2024-03-05T13:36:38","guid":{"rendered":"https:\/\/cisternsolutions.eu\/sprinklertanker\/"},"modified":"2026-01-13T16:47:59","modified_gmt":"2026-01-13T15:47:59","slug":"sprinklertanker","status":"publish","type":"page","link":"https:\/\/cisternsolutions.eu\/no\/sprinklertanker\/","title":{"rendered":"Sprinklertanker"},"content":{"rendered":"\r\n<h1>Sprinklertanker<\/h1>\r\n<p>&#8211; en viktig del av brannvernet<\/p>\r\n<h2>Hold sprinklertanken i god stand<\/h2>\r\n<p>Sprinklertanker finnes overalt &#8211; i industrianlegg, varehus, lagerbygninger og andre bygninger der det kreves god brannbeskyttelse. De er tilgjengelige i mange forskjellige utf\u00f8relser n\u00e5r det gjelder veggmaterialer, isolasjon eller fasadekledning. Sprinklertankene er tilgjengelige i plast og st\u00e5lplate, og kan v\u00e6re runde eller firkantede. Noen er isolerte og plassert utend\u00f8rs over bakken, andre er uisolerte og plassert innend\u00f8rs. I kj\u00f8pesentre er det ikke uvanlig at sprinklertanken er nedgravd under bygningen.<\/p>\r\n<p>Felles for dem er at de m\u00e5 oppfylle kravene i ISO 6182-1:2021. Den dagen det virkelig gjelder, m\u00e5 en sprinklertank v\u00e6re i stand til \u00e5 levere. Er du sikker p\u00e5 at sprinklertanken leverer?<\/p>\r\n<p><em>*) V\u00e6r oppmerksom p\u00e5 at alle henvisninger til forskrifter, lover og myndigheter p\u00e5 nettstedet gjelder Sverige og svenske forhold. <\/em><\/p>\r\n<h3>Ta kontakt med meg!<\/h3>\r\n<form id=\"fluentform_12\" method=\"POST\" data-form_id=\"12\" data-form_instance=\"ff_form_instance_12_1\" data-recptcha_key=\"6LclVsMpAAAAALbQlfjI40nUI01kkMo-WKOg0nvc\"><fieldset><legend>Rask kontakt &#8211; NO<\/legend><input name=\"__fluent_form_embded_post_id\" type=\"hidden\" value=\"5358\" \/><input id=\"_fluentform_12_fluentformnonce\" name=\"_fluentform_12_fluentformnonce\" type=\"hidden\" value=\"08da1cd4b5\" \/><input name=\"_wp_http_referer\" type=\"hidden\" value=\"\/no\/?page_id=5358&amp;fl_builder\" \/><input id=\"ff_12_names_first_name_\" name=\"names[first_name]\" type=\"text\" placeholder=\"Fornavn og etternavn\" aria-invalid=\"false\" aria-required=\"true\/\" \/><input id=\"ff_12_email\" name=\"email\" type=\"email\" placeholder=\"Min epostadresse\" data-name=\"email\" aria-invalid=\"false\" aria-required=\"true\/\" \/><textarea id=\"ff_12_message\" cols=\"2\" name=\"message\" rows=\"1\" placeholder=\"Kontakt meg ang\u00e5ende...\" aria-invalid=\"false\" aria-required=\"true\" data-name=\"message\"><\/textarea><label class=\"ff-el-form-check-label ff_tc_label\" for=\"gdpr-agreement_51906bd8e590bc2ad6ab43dffdc47420\" aria-label=\"terms &amp; conditions\"><input id=\"gdpr-agreement_51906bd8e590bc2ad6ab43dffdc47420\" name=\"gdpr-agreement\" type=\"checkbox\" value=\"on\" data-name=\"gdpr-agreement\" aria-invalid=\"false\" aria-required=\"true\/\" \/> Jeg samtykker til at denne nettsiden lagrer min innsendte informasjon slik at de kan svare p\u00e5 foresp\u00f8rselen min. Opplysningene lagres i 1 \u00e5r.<\/label><button type=\"submit\">Sende<\/button><\/fieldset><\/form>\r\n<h3>Vanlige problemer:<\/h3>\r\n<ul>\r\n<li>Korrosjon<\/li>\r\n<li>Sedimenter p\u00e5 bunnen<\/li>\r\n<li>Lekkasje<\/li>\r\n<\/ul>\r\n<h2>Vanlige problemer med sprinklertanker<\/h2>\r\n<p><img decoding=\"async\" title=\"korrosion_i_tank_02\" src=\"https:\/\/cisternsolutions.eu\/wp-content\/uploads\/2024\/02\/korrosion_i_tank_02.jpg\" sizes=\"(max-width: 700px) 100vw, 700px\" srcset=\"https:\/\/cisternsolutions.eu\/wp-content\/uploads\/2024\/02\/korrosion_i_tank_02.jpg 700w, https:\/\/cisternsolutions.eu\/wp-content\/uploads\/2024\/02\/korrosion_i_tank_02-300x171.jpg 300w\" alt=\"korrosion_i_tank_02\" width=\"700\" height=\"400\" \/><\/p>\r\n<p>En sprinklertank er en n\u00f8dvendig komponent i ethvert brannsikringssystem. Dette er \u00e5penbart. Likevel er det lett \u00e5 overse inspeksjon og vedlikehold av sprinklertanker. Loven krever kun at tankene inspiseres hvert 10. \u00e5r. Dette er et sv\u00e6rt langt intervall hvis sprinklertanken er angrepet av rust.<\/p>\r\n<p>Et vanlig problem er korrosjon. Korrosjon kan f\u00f8re til strukturelle skader p\u00e5 tanken, noe som kan gj\u00f8re den ustabil og til og med farlig.<\/p>\r\n<p>Hvis rusten f\u00e5r utvikle seg, kan tanken sprekke og lekke. Hvis tanken er plassert utend\u00f8rs, er det ikke sikkert at vannlekkasjen gj\u00f8r stor skade. Men er det nok vann igjen til \u00e5 slukke en brann?<\/p>\r\n<p>En lekkasje i en innend\u00f8rs sprinklertank kan for\u00e5rsake kostbare vannskader. I verste fall kan det f\u00f8re til at lokalene ikke kan brukes p\u00e5 en stund, noe som ogs\u00e5 kan bli kostbart.<\/p>\r\n<p>Et annet problem er sedimenter og rusk som samler seg i bunnen av tanken. Hvis alarmen utl\u00f8ses og sprinklersystemet aktiveres, er det stor risiko for at sedimentene suges inn og blokkerer vanntilf\u00f8rselen.<\/p>\r\n<h2>Hva for\u00e5rsaker problemer i sprinklertanker?<\/h2>\r\n<p><img decoding=\"async\" title=\"galvanisk-korrosion_01\" src=\"https:\/\/cisternsolutions.eu\/wp-content\/uploads\/2024\/03\/galvanisk-korrosion_01.jpg\" sizes=\"(max-width: 700px) 100vw, 700px\" srcset=\"https:\/\/cisternsolutions.eu\/wp-content\/uploads\/2024\/03\/galvanisk-korrosion_01.jpg 700w, https:\/\/cisternsolutions.eu\/wp-content\/uploads\/2024\/03\/galvanisk-korrosion_01-300x171.jpg 300w\" alt=\"galvanisk-korrosion_01\" width=\"700\" height=\"400\" \/><\/p>\r\n<p>B\u00e5de tankens utforming og vannet i den kan bidra til korrosjon og sedimentering.<\/p>\r\n<p>For eksempel kan r\u00f8r av rustfritt st\u00e5l i en sprinklertank av st\u00e5lplate for\u00e5rsake galvanisk korrosjon. Surt regnvann kan senke pH-verdien i vannet og \u00f8ke risikoen for korrosjon.<\/p>\r\n<p>Vann med h\u00f8yt oksygeninnhold kan ogs\u00e5 fremskynde korrosjon. Hvis vannet i tanken kommer fra en innsj\u00f8 eller det kommunale vannettet, har det et relativt h\u00f8yt oksygeninnhold. I tillegg \u00f8ker tilstedev\u00e6relsen av mikroorganismer i vannet risikoen for mikrobiell vekst. Bakterier og alger er kjent for \u00e5 trives i fuktige og m\u00f8rke omgivelser.<\/p>\r\n<h2>Vi kan renovere sprinklertanken din<\/h2>\r\n<p>For \u00e5 unng\u00e5 korrosjon og lekkasje er det viktig med regelmessige og hyppige inspeksjoner. En undervannsdrone gir oss god oversikt over tankens tilstand uten at vi trenger \u00e5 t\u00f8mme den.<\/p>\r\n<p>Hvis sprinklertanken er skadet, kan vi gi den nytt liv ved hjelp av forsterket epoksy. Belegget beskytter st\u00e5lplaten mot vann. Epoksybelegget styrker ogs\u00e5 strukturen. I utgangspunktet f\u00e5r du en ny tank inne i den gamle som vil vare veldig lenge.<\/p>\r\n<p>Hos Cistern Solutions Sweden kan vi ogs\u00e5 reparere andre skader p\u00e5 eller rundt sprinklertanken.<\/p>\r\n<p><strong>S\u00f8rg for sikker brannbeskyttelse ved \u00e5 holde sprinklertanken i god stand. Ta kontakt med oss for en inspeksjon og forslag til tiltak.<\/strong><\/p>\r\n<h3>Jeg vil vite mer om renovering av sprinklertanker<\/h3>\r\n<form id=\"fluentform_13\" method=\"POST\" data-form_id=\"13\" data-form_instance=\"ff_form_instance_13_2\" data-recptcha_key=\"6LclVsMpAAAAALbQlfjI40nUI01kkMo-WKOg0nvc\"><fieldset><legend>Kontakt skjema &#8211; NO<\/legend><input name=\"__fluent_form_embded_post_id\" type=\"hidden\" value=\"5358\" \/><input id=\"_fluentform_13_fluentformnonce\" name=\"_fluentform_13_fluentformnonce\" type=\"hidden\" value=\"08da1cd4b5\" \/><input name=\"_wp_http_referer\" type=\"hidden\" value=\"\/no\/?page_id=5358&amp;fl_builder\" \/><label for=\"ff_13_2_names_first_name_\" aria-label=\"Mitt navn er ...\">Mitt navn er &#8230;<\/label><input id=\"ff_13_2_names_first_name_\" name=\"names[first_name]\" type=\"text\" placeholder=\"Fornavn og etternavn\" aria-invalid=\"false\" aria-required=\"true\/\" \/><label for=\"ff_13_2_input_text\" aria-label=\"Virksomhet\">Virksomhet<\/label><input id=\"ff_13_2_input_text\" name=\"input_text\" type=\"text\" placeholder=\"Jeg jobber ...\" data-name=\"input_text\" aria-invalid=\"false\" aria-required=\"true\/\" \/><label for=\"ff_13_2_email\" aria-label=\"Epostadresse\">Epostadresse<\/label><input id=\"ff_13_2_email\" name=\"email\" type=\"email\" placeholder=\"Send meg en e-post p\u00e5...\" data-name=\"email\" aria-invalid=\"false\" aria-required=\"true\/\" \/><label for=\"ff_13_2_phone\" aria-label=\"Telefonnummer\">Telefonnummer<\/label><input id=\"ff_13_2_phone\" name=\"phone\" type=\"tel\" placeholder=\"Nummeret mitt ...\" data-name=\"phone\" aria-invalid=\"false\" aria-required=\"true\/\" \/><label aria-label=\"Type tank\">Type tank<\/label><label class=\"ff-el-form-check-label\" for=\"checkbox_1_374d5efaf881372e0d76d3d24833a67e\"><input id=\"checkbox_1_374d5efaf881372e0d76d3d24833a67e\" name=\"checkbox_1[]\" type=\"checkbox\" value=\"Sprinklertank\" data-name=\"checkbox_1\" aria-label=\"Sprinklertank\" aria-invalid=\"false\" aria-required=\"false\/\" \/> Sprinklertank<\/label><label class=\"ff-el-form-check-label\" for=\"checkbox_1_889306b98ceafc639bc23fd5fd9dde67\"><input id=\"checkbox_1_889306b98ceafc639bc23fd5fd9dde67\" name=\"checkbox_1[]\" type=\"checkbox\" value=\"Prosesstank\" data-name=\"checkbox_1\" aria-label=\"Prosesstank\" aria-invalid=\"false\" aria-required=\"false\/\" \/> Prosesstank<\/label><label class=\"ff-el-form-check-label\" for=\"checkbox_1_e8cbb193fff5f3e99a7cdff1d8cafba6\"><input id=\"checkbox_1_e8cbb193fff5f3e99a7cdff1d8cafba6\" name=\"checkbox_1[]\" type=\"checkbox\" value=\"Annen tank\" data-name=\"checkbox_1\" aria-label=\"Annen tank\" aria-invalid=\"false\" aria-required=\"false\/\" \/> Annen tank<\/label><label aria-label=\"Service\">Service<\/label><label class=\"ff-el-form-check-label\" for=\"checkbox_a0092df564a1f4cd2af853a91b9a516a\"><input id=\"checkbox_a0092df564a1f4cd2af853a91b9a516a\" name=\"checkbox[]\" type=\"checkbox\" value=\"Unders\u00f8kelse\" data-name=\"checkbox\" aria-label=\"Unders\u00f8kelse\" aria-invalid=\"false\" aria-required=\"false\/\" \/> Unders\u00f8kelse<\/label><label class=\"ff-el-form-check-label\" for=\"checkbox_15ba6609b46ddbce73bceacf2201d8e6\"><input id=\"checkbox_15ba6609b46ddbce73bceacf2201d8e6\" name=\"checkbox[]\" type=\"checkbox\" value=\"Renovering\" data-name=\"checkbox\" aria-label=\"Renovering\" aria-invalid=\"false\" aria-required=\"false\/\" \/> Renovering<\/label><label class=\"ff-el-form-check-label\" for=\"checkbox_ff926ef6875e2f486c048bda90763545\"><input id=\"checkbox_ff926ef6875e2f486c048bda90763545\" name=\"checkbox[]\" type=\"checkbox\" value=\"Annen\" data-name=\"checkbox\" aria-label=\"Annen\" aria-invalid=\"false\" aria-required=\"false\/\" \/> Annen<\/label><label for=\"ff_13_2_multi_select_1\" aria-label=\"Antall tanker\">Antall tanker<\/label><select id=\"ff_13_2_multi_select_1\" multiple=\"multiple\" name=\"multi_select_1[]\" data-name=\"multi_select_1\" data-calc_value=\"0\" aria-invalid=\"false\" aria-required=\"false\">\r\n<option value=\"\">Antall tanker<\/option>\r\n<option value=\"0\">0<\/option>\r\n<option value=\"1\">1<\/option>\r\n<option value=\"2\">2<\/option>\r\n<option value=\"3\">3<\/option>\r\n<option value=\"4\">4<\/option>\r\n<option value=\"5\">5<\/option>\r\n<option value=\"6\">6<\/option>\r\n<option value=\"7\">7<\/option>\r\n<option value=\"8\">8<\/option>\r\n<option value=\"9\">9<\/option>\r\n<option value=\"10 eller fler\">10 eller fler<\/option>\r\n<\/select><label for=\"ff_13_2_subject\" aria-label=\"Emne\">Emne<\/label><input id=\"ff_13_2_subject\" name=\"subject\" type=\"text\" placeholder=\"Jeg er interessert i ....\" data-name=\"subject\" aria-invalid=\"false\" aria-required=\"true\/\" \/><label for=\"ff_13_2_message\" aria-label=\"Beskjed\">Beskjed<\/label><textarea id=\"ff_13_2_message\" cols=\"2\" name=\"message\" rows=\"4\" placeholder=\"Ytterligere sp\u00f8rsm\u00e5l eller kommentarer....\" aria-invalid=\"false\" aria-required=\"true\" data-name=\"message\"><\/textarea><label class=\"ff-el-form-check-label ff_tc_label\" for=\"gdpr-agreement_eafc27f03b5f9ce9645bf4b829ed1b98\" aria-label=\"terms &amp; conditions\"><input id=\"gdpr-agreement_eafc27f03b5f9ce9645bf4b829ed1b98\" name=\"gdpr-agreement\" type=\"checkbox\" value=\"on\" data-name=\"gdpr-agreement\" aria-invalid=\"false\" aria-required=\"true\/\" \/> Jeg samtykker til at denne nettsiden lagrer min innsendte informasjon slik at de kan svare p\u00e5 foresp\u00f8rselen min. Opplysningene lagres i 1 \u00e5r.<\/label><button type=\"submit\">Sende<\/button><\/fieldset><\/form>","protected":false},"excerpt":{"rendered":"<p>Sprinklertankene m\u00e5 fungere hvis det oppst\u00e5r brann. Inspiser ofte for \u00e5 sikre brannbeskyttelse. <\/p>\n","protected":false},"author":4,"featured_media":5361,"parent":0,"menu_order":0,"comment_status":"closed","ping_status":"closed","template":"","meta":{"footnotes":""},"class_list":["post-5358","page","type-page","status-publish","has-post-thumbnail"],"yoast_head":"<!-- This site is optimized with the Yoast SEO plugin v27.5 - https:\/\/yoast.com\/product\/yoast-seo-wordpress\/ -->\n<title>Sprinklertanker, en sentral del av brannvernet | Cistern Solutions Sweden<\/title>\n<meta name=\"description\" content=\"Sprinklertanker er avgj\u00f8rende for sikker brannbeskyttelse. Hold sprinklertanken i god stand ved \u00e5 inspisere den ofte! Slik hjelper vi deg ...\" \/>\n<meta name=\"robots\" content=\"index, follow, max-snippet:-1, max-image-preview:large, max-video-preview:-1\" \/>\n<link rel=\"canonical\" href=\"https:\/\/cisternsolutions.eu\/no\/sprinklertanker\/\" \/>\n<meta property=\"og:locale\" content=\"nb_NO\" \/>\n<meta property=\"og:type\" content=\"article\" \/>\n<meta property=\"og:title\" content=\"Sprinklertanker, en sentral del av brannvernet | Cistern Solutions Sweden\" \/>\n<meta property=\"og:description\" content=\"Sprinklertanker er avgj\u00f8rende for sikker brannbeskyttelse. Hold sprinklertanken i god stand ved \u00e5 inspisere den ofte! Slik hjelper vi deg ...\" \/>\n<meta property=\"og:url\" content=\"https:\/\/cisternsolutions.eu\/no\/sprinklertanker\/\" \/>\n<meta property=\"og:site_name\" content=\"Cistern Solutions Sweden\" \/>\n<meta property=\"article:modified_time\" content=\"2026-01-13T15:47:59+00:00\" \/>\n<meta property=\"og:image\" content=\"https:\/\/cisternsolutions.eu\/wp-content\/uploads\/2024\/03\/sprinklertankar.jpg\" \/>\n\t<meta property=\"og:image:width\" content=\"1920\" \/>\n\t<meta property=\"og:image:height\" content=\"526\" \/>\n\t<meta property=\"og:image:type\" content=\"image\/jpeg\" \/>\n<meta name=\"twitter:card\" content=\"summary_large_image\" \/>\n<meta name=\"twitter:label1\" content=\"Ansl. lesetid\" \/>\n\t<meta name=\"twitter:data1\" content=\"4 minutter\" \/>\n<script type=\"application\/ld+json\" class=\"yoast-schema-graph\">{\"@context\":\"https:\\\/\\\/schema.org\",\"@graph\":[{\"@type\":\"WebPage\",\"@id\":\"https:\\\/\\\/cisternsolutions.eu\\\/no\\\/sprinklertanker\\\/\",\"url\":\"https:\\\/\\\/cisternsolutions.eu\\\/no\\\/sprinklertanker\\\/\",\"name\":\"Sprinklertanker, en sentral del av brannvernet | Cistern Solutions Sweden\",\"isPartOf\":{\"@id\":\"https:\\\/\\\/cisternsolutions.eu\\\/no\\\/#website\"},\"primaryImageOfPage\":{\"@id\":\"https:\\\/\\\/cisternsolutions.eu\\\/no\\\/sprinklertanker\\\/#primaryimage\"},\"image\":{\"@id\":\"https:\\\/\\\/cisternsolutions.eu\\\/no\\\/sprinklertanker\\\/#primaryimage\"},\"thumbnailUrl\":\"https:\\\/\\\/cisternsolutions.eu\\\/wp-content\\\/uploads\\\/2024\\\/03\\\/sprinklertankar.jpg\",\"datePublished\":\"2024-03-05T13:36:38+00:00\",\"dateModified\":\"2026-01-13T15:47:59+00:00\",\"description\":\"Sprinklertanker er avgj\u00f8rende for sikker brannbeskyttelse. Hold sprinklertanken i god stand ved \u00e5 inspisere den ofte! Slik hjelper vi deg ...\",\"breadcrumb\":{\"@id\":\"https:\\\/\\\/cisternsolutions.eu\\\/no\\\/sprinklertanker\\\/#breadcrumb\"},\"inLanguage\":\"nb-NO\",\"potentialAction\":[{\"@type\":\"ReadAction\",\"target\":[\"https:\\\/\\\/cisternsolutions.eu\\\/no\\\/sprinklertanker\\\/\"]}]},{\"@type\":\"ImageObject\",\"inLanguage\":\"nb-NO\",\"@id\":\"https:\\\/\\\/cisternsolutions.eu\\\/no\\\/sprinklertanker\\\/#primaryimage\",\"url\":\"https:\\\/\\\/cisternsolutions.eu\\\/wp-content\\\/uploads\\\/2024\\\/03\\\/sprinklertankar.jpg\",\"contentUrl\":\"https:\\\/\\\/cisternsolutions.eu\\\/wp-content\\\/uploads\\\/2024\\\/03\\\/sprinklertankar.jpg\",\"width\":1920,\"height\":526},{\"@type\":\"BreadcrumbList\",\"@id\":\"https:\\\/\\\/cisternsolutions.eu\\\/no\\\/sprinklertanker\\\/#breadcrumb\",\"itemListElement\":[{\"@type\":\"ListItem\",\"position\":1,\"name\":\"Hem\",\"item\":\"https:\\\/\\\/cisternsolutions.eu\\\/no\\\/startside-2\\\/\"},{\"@type\":\"ListItem\",\"position\":2,\"name\":\"Sprinklertanker\"}]},{\"@type\":\"WebSite\",\"@id\":\"https:\\\/\\\/cisternsolutions.eu\\\/no\\\/#website\",\"url\":\"https:\\\/\\\/cisternsolutions.eu\\\/no\\\/\",\"name\":\"Cistern Solutions Sweden\",\"description\":\"Cistern Solutions Sweden\",\"publisher\":{\"@id\":\"https:\\\/\\\/cisternsolutions.eu\\\/no\\\/#organization\"},\"potentialAction\":[{\"@type\":\"SearchAction\",\"target\":{\"@type\":\"EntryPoint\",\"urlTemplate\":\"https:\\\/\\\/cisternsolutions.eu\\\/no\\\/?s={search_term_string}\"},\"query-input\":{\"@type\":\"PropertyValueSpecification\",\"valueRequired\":true,\"valueName\":\"search_term_string\"}}],\"inLanguage\":\"nb-NO\"},{\"@type\":\"Organization\",\"@id\":\"https:\\\/\\\/cisternsolutions.eu\\\/no\\\/#organization\",\"name\":\"| Cistern Solutions Sweden AB\",\"url\":\"https:\\\/\\\/cisternsolutions.eu\\\/no\\\/\",\"logo\":{\"@type\":\"ImageObject\",\"inLanguage\":\"nb-NO\",\"@id\":\"https:\\\/\\\/cisternsolutions.eu\\\/no\\\/#\\\/schema\\\/logo\\\/image\\\/\",\"url\":\"https:\\\/\\\/cisternsolutions.eu\\\/wp-content\\\/uploads\\\/2023\\\/11\\\/CisternSolutions_orginal-logo.png\",\"contentUrl\":\"https:\\\/\\\/cisternsolutions.eu\\\/wp-content\\\/uploads\\\/2023\\\/11\\\/CisternSolutions_orginal-logo.png\",\"width\":1045,\"height\":293,\"caption\":\"| Cistern Solutions Sweden AB\"},\"image\":{\"@id\":\"https:\\\/\\\/cisternsolutions.eu\\\/no\\\/#\\\/schema\\\/logo\\\/image\\\/\"}}]}<\/script>\n<!-- \/ Yoast SEO plugin. -->","yoast_head_json":{"title":"Sprinklertanker, en sentral del av brannvernet | Cistern Solutions Sweden","description":"Sprinklertanker er avgj\u00f8rende for sikker brannbeskyttelse. Hold sprinklertanken i god stand ved \u00e5 inspisere den ofte! Slik hjelper vi deg ...","robots":{"index":"index","follow":"follow","max-snippet":"max-snippet:-1","max-image-preview":"max-image-preview:large","max-video-preview":"max-video-preview:-1"},"canonical":"https:\/\/cisternsolutions.eu\/no\/sprinklertanker\/","og_locale":"nb_NO","og_type":"article","og_title":"Sprinklertanker, en sentral del av brannvernet | Cistern Solutions Sweden","og_description":"Sprinklertanker er avgj\u00f8rende for sikker brannbeskyttelse. Hold sprinklertanken i god stand ved \u00e5 inspisere den ofte! Slik hjelper vi deg ...","og_url":"https:\/\/cisternsolutions.eu\/no\/sprinklertanker\/","og_site_name":"Cistern Solutions Sweden","article_modified_time":"2026-01-13T15:47:59+00:00","og_image":[{"width":1920,"height":526,"url":"https:\/\/cisternsolutions.eu\/wp-content\/uploads\/2024\/03\/sprinklertankar.jpg","type":"image\/jpeg"}],"twitter_card":"summary_large_image","twitter_misc":{"Ansl. lesetid":"4 minutter"},"schema":{"@context":"https:\/\/schema.org","@graph":[{"@type":"WebPage","@id":"https:\/\/cisternsolutions.eu\/no\/sprinklertanker\/","url":"https:\/\/cisternsolutions.eu\/no\/sprinklertanker\/","name":"Sprinklertanker, en sentral del av brannvernet | Cistern Solutions Sweden","isPartOf":{"@id":"https:\/\/cisternsolutions.eu\/no\/#website"},"primaryImageOfPage":{"@id":"https:\/\/cisternsolutions.eu\/no\/sprinklertanker\/#primaryimage"},"image":{"@id":"https:\/\/cisternsolutions.eu\/no\/sprinklertanker\/#primaryimage"},"thumbnailUrl":"https:\/\/cisternsolutions.eu\/wp-content\/uploads\/2024\/03\/sprinklertankar.jpg","datePublished":"2024-03-05T13:36:38+00:00","dateModified":"2026-01-13T15:47:59+00:00","description":"Sprinklertanker er avgj\u00f8rende for sikker brannbeskyttelse. Hold sprinklertanken i god stand ved \u00e5 inspisere den ofte! Slik hjelper vi deg ...","breadcrumb":{"@id":"https:\/\/cisternsolutions.eu\/no\/sprinklertanker\/#breadcrumb"},"inLanguage":"nb-NO","potentialAction":[{"@type":"ReadAction","target":["https:\/\/cisternsolutions.eu\/no\/sprinklertanker\/"]}]},{"@type":"ImageObject","inLanguage":"nb-NO","@id":"https:\/\/cisternsolutions.eu\/no\/sprinklertanker\/#primaryimage","url":"https:\/\/cisternsolutions.eu\/wp-content\/uploads\/2024\/03\/sprinklertankar.jpg","contentUrl":"https:\/\/cisternsolutions.eu\/wp-content\/uploads\/2024\/03\/sprinklertankar.jpg","width":1920,"height":526},{"@type":"BreadcrumbList","@id":"https:\/\/cisternsolutions.eu\/no\/sprinklertanker\/#breadcrumb","itemListElement":[{"@type":"ListItem","position":1,"name":"Hem","item":"https:\/\/cisternsolutions.eu\/no\/startside-2\/"},{"@type":"ListItem","position":2,"name":"Sprinklertanker"}]},{"@type":"WebSite","@id":"https:\/\/cisternsolutions.eu\/no\/#website","url":"https:\/\/cisternsolutions.eu\/no\/","name":"Cistern Solutions Sweden","description":"Cistern Solutions Sweden","publisher":{"@id":"https:\/\/cisternsolutions.eu\/no\/#organization"},"potentialAction":[{"@type":"SearchAction","target":{"@type":"EntryPoint","urlTemplate":"https:\/\/cisternsolutions.eu\/no\/?s={search_term_string}"},"query-input":{"@type":"PropertyValueSpecification","valueRequired":true,"valueName":"search_term_string"}}],"inLanguage":"nb-NO"},{"@type":"Organization","@id":"https:\/\/cisternsolutions.eu\/no\/#organization","name":"| Cistern Solutions Sweden AB","url":"https:\/\/cisternsolutions.eu\/no\/","logo":{"@type":"ImageObject","inLanguage":"nb-NO","@id":"https:\/\/cisternsolutions.eu\/no\/#\/schema\/logo\/image\/","url":"https:\/\/cisternsolutions.eu\/wp-content\/uploads\/2023\/11\/CisternSolutions_orginal-logo.png","contentUrl":"https:\/\/cisternsolutions.eu\/wp-content\/uploads\/2023\/11\/CisternSolutions_orginal-logo.png","width":1045,"height":293,"caption":"| Cistern Solutions Sweden AB"},"image":{"@id":"https:\/\/cisternsolutions.eu\/no\/#\/schema\/logo\/image\/"}}]}},"_links":{"self":[{"href":"https:\/\/cisternsolutions.eu\/no\/wp-json\/wp\/v2\/pages\/5358","targetHints":{"allow":["GET"]}}],"collection":[{"href":"https:\/\/cisternsolutions.eu\/no\/wp-json\/wp\/v2\/pages"}],"about":[{"href":"https:\/\/cisternsolutions.eu\/no\/wp-json\/wp\/v2\/types\/page"}],"author":[{"embeddable":true,"href":"https:\/\/cisternsolutions.eu\/no\/wp-json\/wp\/v2\/users\/4"}],"replies":[{"embeddable":true,"href":"https:\/\/cisternsolutions.eu\/no\/wp-json\/wp\/v2\/comments?post=5358"}],"version-history":[{"count":6,"href":"https:\/\/cisternsolutions.eu\/no\/wp-json\/wp\/v2\/pages\/5358\/revisions"}],"predecessor-version":[{"id":8672,"href":"https:\/\/cisternsolutions.eu\/no\/wp-json\/wp\/v2\/pages\/5358\/revisions\/8672"}],"wp:featuredmedia":[{"embeddable":true,"href":"https:\/\/cisternsolutions.eu\/no\/wp-json\/wp\/v2\/media\/5361"}],"wp:attachment":[{"href":"https:\/\/cisternsolutions.eu\/no\/wp-json\/wp\/v2\/media?parent=5358"}],"curies":[{"name":"wp","href":"https:\/\/api.w.org\/{rel}","templated":true}]}}