{"id":5346,"date":"2023-12-07T17:00:29","date_gmt":"2023-12-07T16:00:29","guid":{"rendered":"https:\/\/cisternsolutions.eu\/om-oss\/"},"modified":"2024-04-25T10:31:02","modified_gmt":"2024-04-25T08:31:02","slug":"om-oss","status":"publish","type":"page","link":"https:\/\/cisternsolutions.eu\/no\/om-oss\/","title":{"rendered":"Om oss"},"content":{"rendered":"","protected":false},"excerpt":{"rendered":"","protected":false},"author":4,"featured_media":0,"parent":0,"menu_order":0,"comment_status":"closed","ping_status":"closed","template":"","meta":{"footnotes":""},"class_list":["post-5346","page","type-page","status-publish"],"yoast_head":"<!-- This site is optimized with the Yoast SEO plugin v27.4 - https:\/\/yoast.com\/product\/yoast-seo-wordpress\/ -->\n<title>Spesialist p\u00e5 renovering av tanker og sisterner | Cistern Solutions Sverige<\/title>\n<meta name=\"description\" content=\"Cistern Solutions Sweden - spesialister p\u00e5 renovering av tanker og sisterner. Kontakt oss i dag for \u00e5 f\u00e5 hjelp med dine behov.\" \/>\n<meta name=\"robots\" content=\"index, follow, max-snippet:-1, max-image-preview:large, max-video-preview:-1\" \/>\n<link rel=\"canonical\" href=\"https:\/\/cisternsolutions.eu\/no\/om-oss\/\" \/>\n<meta property=\"og:locale\" content=\"nb_NO\" \/>\n<meta property=\"og:type\" content=\"article\" \/>\n<meta property=\"og:title\" content=\"Spesialist p\u00e5 renovering av tanker og sisterner | Cistern Solutions Sverige\" \/>\n<meta property=\"og:description\" content=\"Cistern Solutions Sweden - spesialister p\u00e5 renovering av tanker og sisterner. Kontakt oss i dag for \u00e5 f\u00e5 hjelp med dine behov.\" \/>\n<meta property=\"og:url\" content=\"https:\/\/cisternsolutions.eu\/no\/om-oss\/\" \/>\n<meta property=\"og:site_name\" content=\"Cistern Solutions Sweden\" \/>\n<meta property=\"article:modified_time\" content=\"2024-04-25T08:31:02+00:00\" \/>\n<meta name=\"twitter:card\" content=\"summary_large_image\" \/>\n<script type=\"application\/ld+json\" class=\"yoast-schema-graph\">{\"@context\":\"https:\\\/\\\/schema.org\",\"@graph\":[{\"@type\":\"WebPage\",\"@id\":\"https:\\\/\\\/cisternsolutions.eu\\\/no\\\/om-oss\\\/\",\"url\":\"https:\\\/\\\/cisternsolutions.eu\\\/no\\\/om-oss\\\/\",\"name\":\"Spesialist p\u00e5 renovering av tanker og sisterner | Cistern Solutions Sverige\",\"isPartOf\":{\"@id\":\"https:\\\/\\\/cisternsolutions.eu\\\/no\\\/#website\"},\"datePublished\":\"2023-12-07T16:00:29+00:00\",\"dateModified\":\"2024-04-25T08:31:02+00:00\",\"description\":\"Cistern Solutions Sweden - spesialister p\u00e5 renovering av tanker og sisterner. Kontakt oss i dag for \u00e5 f\u00e5 hjelp med dine behov.\",\"breadcrumb\":{\"@id\":\"https:\\\/\\\/cisternsolutions.eu\\\/no\\\/om-oss\\\/#breadcrumb\"},\"inLanguage\":\"nb-NO\",\"potentialAction\":[{\"@type\":\"ReadAction\",\"target\":[\"https:\\\/\\\/cisternsolutions.eu\\\/no\\\/om-oss\\\/\"]}]},{\"@type\":\"BreadcrumbList\",\"@id\":\"https:\\\/\\\/cisternsolutions.eu\\\/no\\\/om-oss\\\/#breadcrumb\",\"itemListElement\":[{\"@type\":\"ListItem\",\"position\":1,\"name\":\"Hem\",\"item\":\"https:\\\/\\\/cisternsolutions.eu\\\/no\\\/startside-2\\\/\"},{\"@type\":\"ListItem\",\"position\":2,\"name\":\"Om oss\"}]},{\"@type\":\"WebSite\",\"@id\":\"https:\\\/\\\/cisternsolutions.eu\\\/no\\\/#website\",\"url\":\"https:\\\/\\\/cisternsolutions.eu\\\/no\\\/\",\"name\":\"Cistern Solutions Sweden\",\"description\":\"Cistern Solutions Sweden\",\"publisher\":{\"@id\":\"https:\\\/\\\/cisternsolutions.eu\\\/no\\\/#organization\"},\"potentialAction\":[{\"@type\":\"SearchAction\",\"target\":{\"@type\":\"EntryPoint\",\"urlTemplate\":\"https:\\\/\\\/cisternsolutions.eu\\\/no\\\/?s={search_term_string}\"},\"query-input\":{\"@type\":\"PropertyValueSpecification\",\"valueRequired\":true,\"valueName\":\"search_term_string\"}}],\"inLanguage\":\"nb-NO\"},{\"@type\":\"Organization\",\"@id\":\"https:\\\/\\\/cisternsolutions.eu\\\/no\\\/#organization\",\"name\":\"| Cistern Solutions Sweden AB\",\"url\":\"https:\\\/\\\/cisternsolutions.eu\\\/no\\\/\",\"logo\":{\"@type\":\"ImageObject\",\"inLanguage\":\"nb-NO\",\"@id\":\"https:\\\/\\\/cisternsolutions.eu\\\/no\\\/#\\\/schema\\\/logo\\\/image\\\/\",\"url\":\"https:\\\/\\\/cisternsolutions.eu\\\/wp-content\\\/uploads\\\/2023\\\/11\\\/CisternSolutions_orginal-logo.png\",\"contentUrl\":\"https:\\\/\\\/cisternsolutions.eu\\\/wp-content\\\/uploads\\\/2023\\\/11\\\/CisternSolutions_orginal-logo.png\",\"width\":1045,\"height\":293,\"caption\":\"| Cistern Solutions Sweden AB\"},\"image\":{\"@id\":\"https:\\\/\\\/cisternsolutions.eu\\\/no\\\/#\\\/schema\\\/logo\\\/image\\\/\"}}]}<\/script>\n<!-- \/ Yoast SEO plugin. -->","yoast_head_json":{"title":"Spesialist p\u00e5 renovering av tanker og sisterner | Cistern Solutions Sverige","description":"Cistern Solutions Sweden - spesialister p\u00e5 renovering av tanker og sisterner. Kontakt oss i dag for \u00e5 f\u00e5 hjelp med dine behov.","robots":{"index":"index","follow":"follow","max-snippet":"max-snippet:-1","max-image-preview":"max-image-preview:large","max-video-preview":"max-video-preview:-1"},"canonical":"https:\/\/cisternsolutions.eu\/no\/om-oss\/","og_locale":"nb_NO","og_type":"article","og_title":"Spesialist p\u00e5 renovering av tanker og sisterner | Cistern Solutions Sverige","og_description":"Cistern Solutions Sweden - spesialister p\u00e5 renovering av tanker og sisterner. Kontakt oss i dag for \u00e5 f\u00e5 hjelp med dine behov.","og_url":"https:\/\/cisternsolutions.eu\/no\/om-oss\/","og_site_name":"Cistern Solutions Sweden","article_modified_time":"2024-04-25T08:31:02+00:00","twitter_card":"summary_large_image","schema":{"@context":"https:\/\/schema.org","@graph":[{"@type":"WebPage","@id":"https:\/\/cisternsolutions.eu\/no\/om-oss\/","url":"https:\/\/cisternsolutions.eu\/no\/om-oss\/","name":"Spesialist p\u00e5 renovering av tanker og sisterner | Cistern Solutions Sverige","isPartOf":{"@id":"https:\/\/cisternsolutions.eu\/no\/#website"},"datePublished":"2023-12-07T16:00:29+00:00","dateModified":"2024-04-25T08:31:02+00:00","description":"Cistern Solutions Sweden - spesialister p\u00e5 renovering av tanker og sisterner. Kontakt oss i dag for \u00e5 f\u00e5 hjelp med dine behov.","breadcrumb":{"@id":"https:\/\/cisternsolutions.eu\/no\/om-oss\/#breadcrumb"},"inLanguage":"nb-NO","potentialAction":[{"@type":"ReadAction","target":["https:\/\/cisternsolutions.eu\/no\/om-oss\/"]}]},{"@type":"BreadcrumbList","@id":"https:\/\/cisternsolutions.eu\/no\/om-oss\/#breadcrumb","itemListElement":[{"@type":"ListItem","position":1,"name":"Hem","item":"https:\/\/cisternsolutions.eu\/no\/startside-2\/"},{"@type":"ListItem","position":2,"name":"Om oss"}]},{"@type":"WebSite","@id":"https:\/\/cisternsolutions.eu\/no\/#website","url":"https:\/\/cisternsolutions.eu\/no\/","name":"Cistern Solutions Sweden","description":"Cistern Solutions Sweden","publisher":{"@id":"https:\/\/cisternsolutions.eu\/no\/#organization"},"potentialAction":[{"@type":"SearchAction","target":{"@type":"EntryPoint","urlTemplate":"https:\/\/cisternsolutions.eu\/no\/?s={search_term_string}"},"query-input":{"@type":"PropertyValueSpecification","valueRequired":true,"valueName":"search_term_string"}}],"inLanguage":"nb-NO"},{"@type":"Organization","@id":"https:\/\/cisternsolutions.eu\/no\/#organization","name":"| Cistern Solutions Sweden AB","url":"https:\/\/cisternsolutions.eu\/no\/","logo":{"@type":"ImageObject","inLanguage":"nb-NO","@id":"https:\/\/cisternsolutions.eu\/no\/#\/schema\/logo\/image\/","url":"https:\/\/cisternsolutions.eu\/wp-content\/uploads\/2023\/11\/CisternSolutions_orginal-logo.png","contentUrl":"https:\/\/cisternsolutions.eu\/wp-content\/uploads\/2023\/11\/CisternSolutions_orginal-logo.png","width":1045,"height":293,"caption":"| Cistern Solutions Sweden AB"},"image":{"@id":"https:\/\/cisternsolutions.eu\/no\/#\/schema\/logo\/image\/"}}]}},"_links":{"self":[{"href":"https:\/\/cisternsolutions.eu\/no\/wp-json\/wp\/v2\/pages\/5346","targetHints":{"allow":["GET"]}}],"collection":[{"href":"https:\/\/cisternsolutions.eu\/no\/wp-json\/wp\/v2\/pages"}],"about":[{"href":"https:\/\/cisternsolutions.eu\/no\/wp-json\/wp\/v2\/types\/page"}],"author":[{"embeddable":true,"href":"https:\/\/cisternsolutions.eu\/no\/wp-json\/wp\/v2\/users\/4"}],"replies":[{"embeddable":true,"href":"https:\/\/cisternsolutions.eu\/no\/wp-json\/wp\/v2\/comments?post=5346"}],"version-history":[{"count":1,"href":"https:\/\/cisternsolutions.eu\/no\/wp-json\/wp\/v2\/pages\/5346\/revisions"}],"predecessor-version":[{"id":5550,"href":"https:\/\/cisternsolutions.eu\/no\/wp-json\/wp\/v2\/pages\/5346\/revisions\/5550"}],"wp:attachment":[{"href":"https:\/\/cisternsolutions.eu\/no\/wp-json\/wp\/v2\/media?parent=5346"}],"curies":[{"name":"wp","href":"https:\/\/api.w.org\/{rel}","templated":true}]}}