{"id":5336,"date":"2024-03-05T10:35:13","date_gmt":"2024-03-05T09:35:13","guid":{"rendered":"https:\/\/cisternsolutions.eu\/sisterner\/"},"modified":"2026-01-13T17:12:50","modified_gmt":"2026-01-13T16:12:50","slug":"renovering-av-tanker","status":"publish","type":"page","link":"https:\/\/cisternsolutions.eu\/no\/renovering-av-tanker\/","title":{"rendered":"Renovering av tanker"},"content":{"rendered":"\n\n\t\t<h1>\n\t\t\tRedd sisternen din  \n\t\t<\/h1>\n\t\t\t<p>&#8211; smart l\u00f8sning med forsterket epoksy  <\/p>\t\t\n<h2>\n\t\tSamme l\u00f8sning for alle typer tanker*.\n\t<\/h2>\n\t<p>Sisterne eller tank? Hva sier du til det? Uansett hva de heter, har de samme funksjon: \u00e5 lagre v\u00e6ske. En tank kan inneholde brennbare v\u00e6sker, kjemikalier eller olje. En vanntank kan brukes til drikkevann, prosessvann eller vann til brannvernform\u00e5l, for eksempel en sprinklertank.<\/p>\n<p>Sisterner kan v\u00e6re laget av betong, galvanisert metall og rustfritt st\u00e5l. Sisterner kan ogs\u00e5 v\u00e6re laget av glassfiberarmert plast eller polyetylen. St\u00f8rrelsen kan variere fra noen f\u00e5 kubikkmeter til flere hundre kubikkmeter.<\/p>\n<p>Med tanke p\u00e5 volumene og de farlige stoffene en tank kan inneholde, er det ekstremt viktig at den ikke g\u00e5r i stykker eller lekker. Hvis en tank som inneholder olje eller kjemikalier kollapser, kan det f\u00f8re til alvorlige skader p\u00e5 b\u00e5de mennesker og natur. Hva gj\u00f8r du hvis du mistenker at en sisterne ikke lenger er i god stand? M\u00e5 den skiftes ut, eller finnes det en m\u00e5te \u00e5 redde den p\u00e5 en trygg, b\u00e6rekraftig og \u00f8konomisk m\u00e5te?<\/p>\n<p><strong>Cistern Solutions Sweden har utviklet en metode der vi reparerer tanker med epoksybelegg.<\/strong>  Denne l\u00f8sningen gir sisternen nytt liv og kan i prinsippet brukes p\u00e5 alle typer sisterner. I de fleste tilfeller kan vi utf\u00f8re renoveringen uten \u00e5 forstyrre de daglige aktivitetene dine.<\/p>\n\t<p><em>*) V\u00e6r oppmerksom p\u00e5 at alle henvisninger til forskrifter, lover og myndigheter p\u00e5 nettstedet gjelder Sverige og svenske forhold.  <\/em><\/p>\n\t\t\t<h3>Ta kontakt med meg!<\/h3>\n\t\t    <form data-form_id=\"12\" id=\"fluentform_12\" data-form_instance=\"ff_form_instance_12_1\" method=\"POST\" data-recptcha_key=\"6LclVsMpAAAAALbQlfjI40nUI01kkMo-WKOg0nvc\"><fieldset>\n                    <legend>Rask kontakt &#8211; NO<\/legend><input type='hidden' name='__fluent_form_embded_post_id' value='5336' \/><input type=\"hidden\" id=\"_fluentform_12_fluentformnonce\" name=\"_fluentform_12_fluentformnonce\" value=\"08da1cd4b5\" \/><input type=\"hidden\" name=\"_wp_http_referer\" value=\"\/no\/?page_id=5336&#038;fl_builder\" \/><input type=\"text\" name=\"names[first_name]\" id=\"ff_12_names_first_name_\" placeholder=\"Fornavn og etternavn\" aria-invalid=\"false\" aria-required=true\/><input type=\"email\" name=\"email\" id=\"ff_12_email\" placeholder=\"Min epostadresse\" data-name=\"email\"  aria-invalid=\"false\" aria-required=true\/><textarea aria-invalid=\"false\" aria-required=true name=\"message\" id=\"ff_12_message\" placeholder=\"Kontakt meg ang\u00e5ende...\" rows=\"1\" cols=\"2\" data-name=\"message\"><\/textarea><label aria-label='terms &#038; conditions' class='ff-el-form-check-label ff_tc_label' for=gdpr-agreement_878959cca70098d6167e14eaa6b236f6><input type=\"checkbox\" name=\"gdpr-agreement\" data-name=\"gdpr-agreement\" id=\"gdpr-agreement_878959cca70098d6167e14eaa6b236f6\"  value='on' aria-invalid='false' aria-required=true\/> Jeg samtykker til at denne nettsiden lagrer min innsendte informasjon slik at de kan svare p\u00e5 foresp\u00f8rselen min. Opplysningene lagres i 1 \u00e5r.<\/label><button type=\"submit\">Sende<\/button><\/fieldset><\/form>        \n\t\t<h3>Vi har l\u00f8sninger for:<\/h3>\n\t\t\t<ul><li>Oljetanker  <\/li><li>Kjemikalietanker  <\/li><li>Vannreservoarer<\/li><li><a href=\"https:\/\/cisternsolutions.eu\/sprinklertankar\/\">Sprinklertanker<\/a><\/li><li>Betongsisterner  <\/li><li>Biogasstanker<\/li><\/ul>\t\t\n<h3>\n\t\tHva kan p\u00e5virke styrken til en sisterne?\n\t<\/h3>\n\t<p>Utformingen, materialet og v\u00e6sken i tanken p\u00e5virker holdbarheten og levetiden. Her er noen eksempler p\u00e5 hva som kan skje:<\/p>\n<p>Plasttanker kan skades av tilsetningsstoffer som finnes i olje og brennbare v\u00e6sker. De kan ogs\u00e5 svekkes av at grunnen synker,<\/p>\n<p>St\u00e5ltanker vil etter hvert ruste, selv om platen er galvanisert. Hvis sinkbelegget utsettes for mekanisk skade, kan platen bli utsatt for oksygen eller kjemikalier i v\u00e6sken og begynne \u00e5 ruste.<\/p>\n<p>N\u00e5r veggene begynner \u00e5 ruste, er det stor risiko for at flak l\u00f8sner og danner et tykt slam i bunnen. I en sprinklertank er dette et alvorlig problem. Ved en alarm presses slammet inn i sprinklersystemet og kan lett tette r\u00f8r og sprinklerhoder.<\/p>\n<h3>\n\t\tRegler rundt sisterner\n\t<\/h3>\n\t<p>Alle som har en tank p\u00e5 eiendommen eller i virksomheten, er ansvarlige for \u00e5 holde den sikker. Bare det faktum at v\u00e6sken ut\u00f8ver et enormt trykk p\u00e5 bunn og vegger er en risikofaktor. En sisterne regnes faktisk som en trykksatt enhet.<\/p>\n<p>For noen tanker, f.eks. de som inneholder olje og brennbare v\u00e6sker, skal inspeksjoner utf\u00f8res regelmessig av akkrediterte inspeksjonsorganer.<\/p>\n<p>Selv en vannsisterne m\u00e5 inspiseres regelmessig. En sprinklersisterne skal oppfylle vilk\u00e5rene i ISO 6182-1:2021 og skal f.eks. gjennomg\u00e5r en kontroll hvert 10. \u00e5r.<\/p>\n\t\t\t\t\t\t\t\t\t<img decoding=\"async\" src=\"https:\/\/cisternsolutions.eu\/wp-content\/uploads\/2024\/03\/inspection_of_tank.jpg\" alt=\"inspection_of_tank\" itemprop=\"image\" height=\"400\" width=\"700\" srcset=\"https:\/\/cisternsolutions.eu\/wp-content\/uploads\/2024\/03\/inspection_of_tank.jpg 700w, https:\/\/cisternsolutions.eu\/wp-content\/uploads\/2024\/03\/inspection_of_tank-300x171.jpg 300w\" sizes=\"(max-width: 700px) 100vw, 700px\" title=\"inspection_of_tank\" onerror=\"this.style.display='none'\"  \/>\n\t<p>Du m\u00e5 inspisere tanken og tilh\u00f8rende r\u00f8rledninger regelmessig. Inspeksjon av tanker b\u00f8r utf\u00f8res av et akkreditert selskap.<\/p>\n<h3>\n\t\tDu har et ansvar gjennom hele livssyklusen til sisternen.\n\t<\/h3>\n\t<p>F\u00f8r du installerer en sisterne, er det viktig \u00e5 finne ut hva som gjelder, hvilke forskrifter som gjelder og om du m\u00e5 informere noen myndigheter.<\/p>\n<p>N\u00e5r tanken er i bruk, er det viktig at vedlikehold og periodiske kontroller utf\u00f8res p\u00e5 riktig m\u00e5te.<\/p>\n<p>Hvis du \u00f8nsker \u00e5 ta en sisterne ut av bruk, m\u00e5 du som hovedregel melde fra til kommunen. Milj\u00f8direktoratet har ogs\u00e5 regler som gjelder n\u00e5r en sisterne tas ut av bruk. Dette inkluderer t\u00f8mming og rengj\u00f8ring. Hvis det er mulig, b\u00f8r den fjernes. Et annet alternativ er \u00e5 fylle tanken med sand eller p\u00e5 annen m\u00e5te forhindre at den fylles opp igjen.<\/p>\n<h3>\n\t\tForeskrivende myndigheter\n\t<\/h3>\n\t\t\t\tMSB\n\t\t\t\tArbeidstilsynet\n\t\t\t\tMilj\u00f8verndepartementet\n\t\t\t\tBoverket:\n\t\t\t\t\t\t\tMSB\n\t\t\t\t<p>MSB (Myndigheten f\u00f6r samh\u00e4llsskydd och beredskap): Her finner du forskrifter og generelle r\u00e5d om tanker med tilkoblede r\u00f8rledninger for brannfarlige v\u00e6sker.<\/p>\n\t\t\t\t\t\t\tArbeidstilsynet\n\t\t\t\t<p>Det svenske Arbetsmilj\u00f6verket har forskrifter for \u00e5 forebygge sykdom og ulykker.<\/p>\n\t\t\t\t\t\t\tMilj\u00f8verndepartementet\n\t\t\t\t<p>Environmental Protection Agency har direktiver som beskytter jord og vann mot forurensning. Regelverket gjelder blant annet for tanker p\u00e5 250 liter eller mer som inneholder spillolje eller brennbare v\u00e6sker.<\/p>\n\t\t\t\t\t\t\tBoverket:\n\t\t\t\t<p>Faste sisterner kan v\u00e6re underlagt PBL (plan- og bygningsloven).<\/p>\n\t\t<h2>\n\t\t\tSparer du p\u00e5 sisternen, vanntanken eller sprinklertanken i stedet for \u00e5 bytte den ut?\n\t\t<\/h2>\n\t<p>Vil du vite mer om Cistern Solutions Swedens l\u00f8sninger for tanker som trenger renovering?<\/p>\n<p><strong>Kontakt oss via skjemaet eller finn <a href=\"https:\/\/cisternsolutions.eu\/no\/kontakt-oss\/\">direktenummeret her<\/a>.<\/strong><\/p>\n<p>Les om hvordan vi <a href=\"https:\/\/cisternsolutions.eu\/no\/renovering-av-sprinklertanker-i-ransby-og-torsby\/\">renoverte en sprinklersisterne<\/a> uten \u00e5 forstyrre kundens drift.<\/p>\n<p>En generell beskrivelse av hvordan vi kan <a href=\"https:\/\/cisternsolutions.eu\/no\/renovering-av-sprinklertank\/\">redde tanken din<\/a> med epoksybelegg finner du her. Prinsippet er det samme for de fleste sisterner.<\/p>\n<p>Ta en titt p\u00e5 noen av v\u00e5re andre <a href=\"https:\/\/cisternsolutions.eu\/no\/referanser\/\">referanseprosjekter<\/a>.<\/p>\n\t\t<h3>\n\t\t\tJeg vil vite mer om renovering av sisterne\n\t\t<\/h3>\n\t\t    <form data-form_id=\"13\" id=\"fluentform_13\" data-form_instance=\"ff_form_instance_13_2\" method=\"POST\" data-recptcha_key=\"6LclVsMpAAAAALbQlfjI40nUI01kkMo-WKOg0nvc\"><fieldset>\n                    <legend>Kontakt skjema &#8211; NO<\/legend><input type='hidden' name='__fluent_form_embded_post_id' value='5336' \/><input type=\"hidden\" id=\"_fluentform_13_fluentformnonce\" name=\"_fluentform_13_fluentformnonce\" value=\"08da1cd4b5\" \/><input type=\"hidden\" name=\"_wp_http_referer\" value=\"\/no\/?page_id=5336&#038;fl_builder\" \/><label for='ff_13_2_names_first_name_' aria-label=\"Mitt navn er ...\">Mitt navn er &#8230;<\/label><input type=\"text\" name=\"names[first_name]\" id=\"ff_13_2_names_first_name_\" placeholder=\"Fornavn og etternavn\" aria-invalid=\"false\" aria-required=true\/><label for='ff_13_2_input_text' aria-label=\"Virksomhet\">Virksomhet<\/label><input type=\"text\" name=\"input_text\" placeholder=\"Jeg jobber ...\" data-name=\"input_text\" id=\"ff_13_2_input_text\"  aria-invalid=\"false\" aria-required=true\/><label for='ff_13_2_email' aria-label=\"Epostadresse\">Epostadresse<\/label><input type=\"email\" name=\"email\" id=\"ff_13_2_email\" placeholder=\"Send meg en e-post p\u00e5...\" data-name=\"email\"  aria-invalid=\"false\" aria-required=true\/><label for='ff_13_2_phone' aria-label=\"Telefonnummer\">Telefonnummer<\/label><input name=\"phone\" type=\"tel\" placeholder=\"Nummeret mitt ...\" data-name=\"phone\" id=\"ff_13_2_phone\" inputmode=\"tel\"  aria-invalid='false' aria-required=true\/><label  aria-label=\"Type tank\">Type tank<\/label><label class='ff-el-form-check-label' for=checkbox_1_2d6a6482bb5d7b96fb81fc67712d05e4><input type=\"checkbox\" name=\"checkbox_1[]\" data-name=\"checkbox_1\" value=\"Sprinklertank\"  id='checkbox_1_2d6a6482bb5d7b96fb81fc67712d05e4' aria-label='Sprinklertank' aria-invalid='false' aria-required=false\/> Sprinklertank<\/label><label class='ff-el-form-check-label' for=checkbox_1_d57dca3387cab4a5f17a075ca6acd356><input type=\"checkbox\" name=\"checkbox_1[]\" data-name=\"checkbox_1\" value=\"Prosesstank\"  id='checkbox_1_d57dca3387cab4a5f17a075ca6acd356' aria-label='Prosesstank' aria-invalid='false' aria-required=false\/> Prosesstank<\/label><label class='ff-el-form-check-label' for=checkbox_1_ee8154ecf71aa0d7544fcfab1480096c><input type=\"checkbox\" name=\"checkbox_1[]\" data-name=\"checkbox_1\" value=\"Annen tank\"  id='checkbox_1_ee8154ecf71aa0d7544fcfab1480096c' aria-label='Annen tank' aria-invalid='false' aria-required=false\/> Annen tank<\/label><label  aria-label=\"Service\">Service<\/label><label class='ff-el-form-check-label' for=checkbox_95c6a9f9e2d83a8c2a92a442ed684134><input type=\"checkbox\" name=\"checkbox[]\" data-name=\"checkbox\" value=\"Unders\u00f8kelse\"  id='checkbox_95c6a9f9e2d83a8c2a92a442ed684134' aria-label='Unders\u00f8kelse' aria-invalid='false' aria-required=false\/> Unders\u00f8kelse<\/label><label class='ff-el-form-check-label' for=checkbox_e967e4e5051a8f941eaa9dea83dc6c1c><input type=\"checkbox\" name=\"checkbox[]\" data-name=\"checkbox\" value=\"Renovering\"  id='checkbox_e967e4e5051a8f941eaa9dea83dc6c1c' aria-label='Renovering' aria-invalid='false' aria-required=false\/> Renovering<\/label><label class='ff-el-form-check-label' for=checkbox_b2d30242bdf6c4c010a650f82e68e2ec><input type=\"checkbox\" name=\"checkbox[]\" data-name=\"checkbox\" value=\"Annen\"  id='checkbox_b2d30242bdf6c4c010a650f82e68e2ec' aria-label='Annen' aria-invalid='false' aria-required=false\/> Annen<\/label><label for='ff_13_2_multi_select_1' aria-label=\"Antall tanker\">Antall tanker<\/label><select name=\"multi_select_1[]\" id=\"ff_13_2_multi_select_1\" placeholder=\"Antall tanker\" multiple=\"1\" data-name=\"multi_select_1\" data-calc_value=\"0\"  aria-invalid=\"false\" aria-required=false><option value=\"\">Antall tanker<\/option><option value=\"0\">0<\/option><option value=\"1\">1<\/option><option value=\"2\">2<\/option><option value=\"3\">3<\/option><option value=\"4\">4<\/option><option value=\"5\">5<\/option><option value=\"6\">6<\/option><option value=\"7\">7<\/option><option value=\"8\">8<\/option><option value=\"9\">9<\/option><option value=\"10 eller fler\">10 eller fler<\/option><\/select><label for='ff_13_2_subject' aria-label=\"Emne\">Emne<\/label><input type=\"text\" name=\"subject\" placeholder=\"Jeg er interessert i ....\" data-name=\"subject\" id=\"ff_13_2_subject\"  aria-invalid=\"false\" aria-required=true\/><label for='ff_13_2_message' aria-label=\"Beskjed\">Beskjed<\/label><textarea aria-invalid=\"false\" aria-required=true name=\"message\" id=\"ff_13_2_message\" placeholder=\"Ytterligere sp\u00f8rsm\u00e5l eller kommentarer....\" rows=\"4\" cols=\"2\" data-name=\"message\"><\/textarea><label aria-label='terms &#038; conditions' class='ff-el-form-check-label ff_tc_label' for=gdpr-agreement_e9c336ba9e9f6be6ca1c75b4d041ae1d><input type=\"checkbox\" name=\"gdpr-agreement\" data-name=\"gdpr-agreement\" id=\"gdpr-agreement_e9c336ba9e9f6be6ca1c75b4d041ae1d\"  value='on' aria-invalid='false' aria-required=true\/> Jeg samtykker til at denne nettsiden lagrer min innsendte informasjon slik at de kan svare p\u00e5 foresp\u00f8rselen min. Opplysningene lagres i 1 \u00e5r.<\/label><button type=\"submit\">Sende<\/button><\/fieldset><\/form>        \n\n","protected":false},"excerpt":{"rendered":"<p>Redd sisternen din &#8211; smart l\u00f8sning med forsterket epoksy Samme l\u00f8sning for alle typer tanker*. Sisterne eller tank? Hva sier du til det? Uansett hva de heter, har de samme funksjon: \u00e5 lagre v\u00e6ske. En tank kan inneholde brennbare v\u00e6sker, kjemikalier eller olje. En vanntank kan brukes til drikkevann, prosessvann &#8230; <a title=\"Renovering av tanker\" class=\"read-more\" href=\"https:\/\/cisternsolutions.eu\/no\/renovering-av-tanker\/\" aria-label=\"Read more about Renovering av tanker\">L\u00e4s mer<\/a><\/p>\n","protected":false},"author":4,"featured_media":0,"parent":0,"menu_order":0,"comment_status":"closed","ping_status":"closed","template":"","meta":{"footnotes":""},"class_list":["post-5336","page","type-page","status-publish"],"yoast_head":"<!-- This site is optimized with the Yoast SEO plugin v27.4 - https:\/\/yoast.com\/product\/yoast-seo-wordpress\/ -->\n<title>Vi renoverer alle typer sisterner | Cistern Solutions Sverige<\/title>\n<meta name=\"description\" content=\"Vi har en l\u00f8sning for renovering av alle typer tanker (sprinklertanker, vanntanker osv.). Les mer om hvordan vi redder sisternen din.\" \/>\n<meta name=\"robots\" content=\"index, follow, max-snippet:-1, max-image-preview:large, max-video-preview:-1\" \/>\n<link rel=\"canonical\" href=\"https:\/\/cisternsolutions.eu\/no\/renovering-av-tanker\/\" \/>\n<meta property=\"og:locale\" content=\"nb_NO\" \/>\n<meta property=\"og:type\" content=\"article\" \/>\n<meta property=\"og:title\" content=\"Vi renoverer alle typer sisterner | Cistern Solutions Sverige\" \/>\n<meta property=\"og:description\" content=\"Vi har en l\u00f8sning for renovering av alle typer tanker (sprinklertanker, vanntanker osv.). Les mer om hvordan vi redder sisternen din.\" \/>\n<meta property=\"og:url\" content=\"https:\/\/cisternsolutions.eu\/no\/renovering-av-tanker\/\" \/>\n<meta property=\"og:site_name\" content=\"Cistern Solutions Sweden\" \/>\n<meta property=\"article:modified_time\" content=\"2026-01-13T16:12:50+00:00\" \/>\n<meta property=\"og:image\" content=\"https:\/\/cisternsolutions.eu\/wp-content\/uploads\/2024\/03\/inspection_of_tank.jpg\" \/>\n<meta name=\"twitter:card\" content=\"summary_large_image\" \/>\n<meta name=\"twitter:label1\" content=\"Ansl. lesetid\" \/>\n\t<meta name=\"twitter:data1\" content=\"4 minutter\" \/>\n<script type=\"application\/ld+json\" class=\"yoast-schema-graph\">{\"@context\":\"https:\\\/\\\/schema.org\",\"@graph\":[{\"@type\":\"WebPage\",\"@id\":\"https:\\\/\\\/cisternsolutions.eu\\\/no\\\/renovering-av-tanker\\\/\",\"url\":\"https:\\\/\\\/cisternsolutions.eu\\\/no\\\/renovering-av-tanker\\\/\",\"name\":\"Vi renoverer alle typer sisterner | Cistern Solutions Sverige\",\"isPartOf\":{\"@id\":\"https:\\\/\\\/cisternsolutions.eu\\\/no\\\/#website\"},\"primaryImageOfPage\":{\"@id\":\"https:\\\/\\\/cisternsolutions.eu\\\/no\\\/renovering-av-tanker\\\/#primaryimage\"},\"image\":{\"@id\":\"https:\\\/\\\/cisternsolutions.eu\\\/no\\\/renovering-av-tanker\\\/#primaryimage\"},\"thumbnailUrl\":\"https:\\\/\\\/cisternsolutions.eu\\\/wp-content\\\/uploads\\\/2024\\\/03\\\/inspection_of_tank.jpg\",\"datePublished\":\"2024-03-05T09:35:13+00:00\",\"dateModified\":\"2026-01-13T16:12:50+00:00\",\"description\":\"Vi har en l\u00f8sning for renovering av alle typer tanker (sprinklertanker, vanntanker osv.). Les mer om hvordan vi redder sisternen din.\",\"breadcrumb\":{\"@id\":\"https:\\\/\\\/cisternsolutions.eu\\\/no\\\/renovering-av-tanker\\\/#breadcrumb\"},\"inLanguage\":\"nb-NO\",\"potentialAction\":[{\"@type\":\"ReadAction\",\"target\":[\"https:\\\/\\\/cisternsolutions.eu\\\/no\\\/renovering-av-tanker\\\/\"]}]},{\"@type\":\"ImageObject\",\"inLanguage\":\"nb-NO\",\"@id\":\"https:\\\/\\\/cisternsolutions.eu\\\/no\\\/renovering-av-tanker\\\/#primaryimage\",\"url\":\"https:\\\/\\\/cisternsolutions.eu\\\/wp-content\\\/uploads\\\/2024\\\/03\\\/inspection_of_tank.jpg\",\"contentUrl\":\"https:\\\/\\\/cisternsolutions.eu\\\/wp-content\\\/uploads\\\/2024\\\/03\\\/inspection_of_tank.jpg\"},{\"@type\":\"BreadcrumbList\",\"@id\":\"https:\\\/\\\/cisternsolutions.eu\\\/no\\\/renovering-av-tanker\\\/#breadcrumb\",\"itemListElement\":[{\"@type\":\"ListItem\",\"position\":1,\"name\":\"Hem\",\"item\":\"https:\\\/\\\/cisternsolutions.eu\\\/no\\\/startside-2\\\/\"},{\"@type\":\"ListItem\",\"position\":2,\"name\":\"Renovering av tanker\"}]},{\"@type\":\"WebSite\",\"@id\":\"https:\\\/\\\/cisternsolutions.eu\\\/no\\\/#website\",\"url\":\"https:\\\/\\\/cisternsolutions.eu\\\/no\\\/\",\"name\":\"Cistern Solutions Sweden\",\"description\":\"Cistern Solutions Sweden\",\"publisher\":{\"@id\":\"https:\\\/\\\/cisternsolutions.eu\\\/no\\\/#organization\"},\"potentialAction\":[{\"@type\":\"SearchAction\",\"target\":{\"@type\":\"EntryPoint\",\"urlTemplate\":\"https:\\\/\\\/cisternsolutions.eu\\\/no\\\/?s={search_term_string}\"},\"query-input\":{\"@type\":\"PropertyValueSpecification\",\"valueRequired\":true,\"valueName\":\"search_term_string\"}}],\"inLanguage\":\"nb-NO\"},{\"@type\":\"Organization\",\"@id\":\"https:\\\/\\\/cisternsolutions.eu\\\/no\\\/#organization\",\"name\":\"| Cistern Solutions Sweden AB\",\"url\":\"https:\\\/\\\/cisternsolutions.eu\\\/no\\\/\",\"logo\":{\"@type\":\"ImageObject\",\"inLanguage\":\"nb-NO\",\"@id\":\"https:\\\/\\\/cisternsolutions.eu\\\/no\\\/#\\\/schema\\\/logo\\\/image\\\/\",\"url\":\"https:\\\/\\\/cisternsolutions.eu\\\/wp-content\\\/uploads\\\/2023\\\/11\\\/CisternSolutions_orginal-logo.png\",\"contentUrl\":\"https:\\\/\\\/cisternsolutions.eu\\\/wp-content\\\/uploads\\\/2023\\\/11\\\/CisternSolutions_orginal-logo.png\",\"width\":1045,\"height\":293,\"caption\":\"| Cistern Solutions Sweden AB\"},\"image\":{\"@id\":\"https:\\\/\\\/cisternsolutions.eu\\\/no\\\/#\\\/schema\\\/logo\\\/image\\\/\"}}]}<\/script>\n<!-- \/ Yoast SEO plugin. -->","yoast_head_json":{"title":"Vi renoverer alle typer sisterner | Cistern Solutions Sverige","description":"Vi har en l\u00f8sning for renovering av alle typer tanker (sprinklertanker, vanntanker osv.). Les mer om hvordan vi redder sisternen din.","robots":{"index":"index","follow":"follow","max-snippet":"max-snippet:-1","max-image-preview":"max-image-preview:large","max-video-preview":"max-video-preview:-1"},"canonical":"https:\/\/cisternsolutions.eu\/no\/renovering-av-tanker\/","og_locale":"nb_NO","og_type":"article","og_title":"Vi renoverer alle typer sisterner | Cistern Solutions Sverige","og_description":"Vi har en l\u00f8sning for renovering av alle typer tanker (sprinklertanker, vanntanker osv.). Les mer om hvordan vi redder sisternen din.","og_url":"https:\/\/cisternsolutions.eu\/no\/renovering-av-tanker\/","og_site_name":"Cistern Solutions Sweden","article_modified_time":"2026-01-13T16:12:50+00:00","og_image":[{"url":"https:\/\/cisternsolutions.eu\/wp-content\/uploads\/2024\/03\/inspection_of_tank.jpg","type":"","width":"","height":""}],"twitter_card":"summary_large_image","twitter_misc":{"Ansl. lesetid":"4 minutter"},"schema":{"@context":"https:\/\/schema.org","@graph":[{"@type":"WebPage","@id":"https:\/\/cisternsolutions.eu\/no\/renovering-av-tanker\/","url":"https:\/\/cisternsolutions.eu\/no\/renovering-av-tanker\/","name":"Vi renoverer alle typer sisterner | Cistern Solutions Sverige","isPartOf":{"@id":"https:\/\/cisternsolutions.eu\/no\/#website"},"primaryImageOfPage":{"@id":"https:\/\/cisternsolutions.eu\/no\/renovering-av-tanker\/#primaryimage"},"image":{"@id":"https:\/\/cisternsolutions.eu\/no\/renovering-av-tanker\/#primaryimage"},"thumbnailUrl":"https:\/\/cisternsolutions.eu\/wp-content\/uploads\/2024\/03\/inspection_of_tank.jpg","datePublished":"2024-03-05T09:35:13+00:00","dateModified":"2026-01-13T16:12:50+00:00","description":"Vi har en l\u00f8sning for renovering av alle typer tanker (sprinklertanker, vanntanker osv.). Les mer om hvordan vi redder sisternen din.","breadcrumb":{"@id":"https:\/\/cisternsolutions.eu\/no\/renovering-av-tanker\/#breadcrumb"},"inLanguage":"nb-NO","potentialAction":[{"@type":"ReadAction","target":["https:\/\/cisternsolutions.eu\/no\/renovering-av-tanker\/"]}]},{"@type":"ImageObject","inLanguage":"nb-NO","@id":"https:\/\/cisternsolutions.eu\/no\/renovering-av-tanker\/#primaryimage","url":"https:\/\/cisternsolutions.eu\/wp-content\/uploads\/2024\/03\/inspection_of_tank.jpg","contentUrl":"https:\/\/cisternsolutions.eu\/wp-content\/uploads\/2024\/03\/inspection_of_tank.jpg"},{"@type":"BreadcrumbList","@id":"https:\/\/cisternsolutions.eu\/no\/renovering-av-tanker\/#breadcrumb","itemListElement":[{"@type":"ListItem","position":1,"name":"Hem","item":"https:\/\/cisternsolutions.eu\/no\/startside-2\/"},{"@type":"ListItem","position":2,"name":"Renovering av tanker"}]},{"@type":"WebSite","@id":"https:\/\/cisternsolutions.eu\/no\/#website","url":"https:\/\/cisternsolutions.eu\/no\/","name":"Cistern Solutions Sweden","description":"Cistern Solutions Sweden","publisher":{"@id":"https:\/\/cisternsolutions.eu\/no\/#organization"},"potentialAction":[{"@type":"SearchAction","target":{"@type":"EntryPoint","urlTemplate":"https:\/\/cisternsolutions.eu\/no\/?s={search_term_string}"},"query-input":{"@type":"PropertyValueSpecification","valueRequired":true,"valueName":"search_term_string"}}],"inLanguage":"nb-NO"},{"@type":"Organization","@id":"https:\/\/cisternsolutions.eu\/no\/#organization","name":"| Cistern Solutions Sweden AB","url":"https:\/\/cisternsolutions.eu\/no\/","logo":{"@type":"ImageObject","inLanguage":"nb-NO","@id":"https:\/\/cisternsolutions.eu\/no\/#\/schema\/logo\/image\/","url":"https:\/\/cisternsolutions.eu\/wp-content\/uploads\/2023\/11\/CisternSolutions_orginal-logo.png","contentUrl":"https:\/\/cisternsolutions.eu\/wp-content\/uploads\/2023\/11\/CisternSolutions_orginal-logo.png","width":1045,"height":293,"caption":"| Cistern Solutions Sweden AB"},"image":{"@id":"https:\/\/cisternsolutions.eu\/no\/#\/schema\/logo\/image\/"}}]}},"_links":{"self":[{"href":"https:\/\/cisternsolutions.eu\/no\/wp-json\/wp\/v2\/pages\/5336","targetHints":{"allow":["GET"]}}],"collection":[{"href":"https:\/\/cisternsolutions.eu\/no\/wp-json\/wp\/v2\/pages"}],"about":[{"href":"https:\/\/cisternsolutions.eu\/no\/wp-json\/wp\/v2\/types\/page"}],"author":[{"embeddable":true,"href":"https:\/\/cisternsolutions.eu\/no\/wp-json\/wp\/v2\/users\/4"}],"replies":[{"embeddable":true,"href":"https:\/\/cisternsolutions.eu\/no\/wp-json\/wp\/v2\/comments?post=5336"}],"version-history":[{"count":5,"href":"https:\/\/cisternsolutions.eu\/no\/wp-json\/wp\/v2\/pages\/5336\/revisions"}],"predecessor-version":[{"id":8614,"href":"https:\/\/cisternsolutions.eu\/no\/wp-json\/wp\/v2\/pages\/5336\/revisions\/8614"}],"wp:attachment":[{"href":"https:\/\/cisternsolutions.eu\/no\/wp-json\/wp\/v2\/media?parent=5336"}],"curies":[{"name":"wp","href":"https:\/\/api.w.org\/{rel}","templated":true}]}}