{"id":6026,"date":"2016-06-30T11:19:44","date_gmt":"2016-06-30T09:19:44","guid":{"rendered":"https:\/\/cisternsolutions.eu\/kwaliteit-en-milieu\/"},"modified":"2024-05-08T08:50:33","modified_gmt":"2024-05-08T06:50:33","slug":"kwaliteit-en-milieu","status":"publish","type":"page","link":"https:\/\/cisternsolutions.eu\/nl\/kwaliteit-en-milieu\/","title":{"rendered":"Kwaliteit en milieu"},"content":{"rendered":"\n<h1>Kvalitet &amp; milj\u00f6<\/h1>\n<p>Beleid<\/p>\n<p><strong>Vi vill ta ett tydligt ansvar genom att erbjuda l\u00f6sningar som inte bara l\u00f6ser ett akut problem, resultatet av v\u00e5rt arbete ska vara en kvalitetsprodukt som h\u00e5ller l\u00e4nge. M\u00e5nga g\u00e5nger \u00e4r det mest ekonomiska och ekologiska \u00e4r renovera en tank eller cistern i st\u00e4llet f\u00f6r att installera nytt.<\/strong><\/p>\n<p>Vi ser st\u00e4ndigt till att utbilda v\u00e5ra medarbetare genom kvalitets- och milj\u00f6planer. Efter varje projekt inl\u00e4mnas en fullst\u00e4ndig produktredovisning.<\/p>\n<p><strong>Egenkontroll<br><\/strong>Entreprenaderna kvalitetsdokumenteras. Kontrollen innefattar:<\/p>\n<ul>\n<li>inledande besiktning<\/li>\n<li>genomg\u00e5ng av planerat utf\u00f6rande<\/li>\n<li>kontroll av konstruktionens h\u00e5llfasthet<\/li>\n<li>temperatur- en dragh\u00e5llfasthet<\/li>\n<li>utf\u00f6randet dokumenteras<\/li>\n<li>efterbesiktning<\/li>\n<\/ul>\n<h3>Kvalitetspolicy<\/h3>\n<p>H\u00f6gt engagemang ger r\u00e4tt kvalitet i varje uppdrag. Det \u00e4r en sj\u00e4lvklarhet att vi ska n\u00e5 avtalade kvalitetskrav men vi str\u00e4var ocks\u00e5 efter att f\u00e5nga upp kundens outtalade krav och f\u00f6rv\u00e4ntningar.<\/p>\n<p>Verschillende medarbetares yrkesstolthet, kompetens och den samlade erfarenheten inom f\u00f6retaget skall bidra till att varje utf\u00f6rt uppdrag blir till en referens.<\/p>\n<p>V\u00e5r gedigna erfarenhet och v\u00e5rt goda samarbete med v\u00e5ra leverant\u00f6rer bidrar till effektiva l\u00f6sningar.<\/p>\n<p>Cistern Solutions Sweden AB heeft een positieve instelling voor alle milj\u00f6arbetet i samh\u00e4llet en zal zich inzetten voor uw sektor. Vi har en str\u00e4van att verka i samklang med naturens krav.<\/p>\n<h3>Milj\u00f6beleid<\/h3>\n<p>V\u00e5rt milj\u00f6arbetet sker genom att vi noggrant f\u00f6ljer g\u00e4llande lagar och normer och att agerar p\u00e5 ett ansvarsfullt s\u00e4tt. Vi lyssnar aktivt p\u00e5 v\u00e5ra kunder och deras krav, i v\u00e5r str\u00e4van att st\u00e4ndigt f\u00f6rb\u00e4ttra v\u00e5rt s\u00e4tt att arbeta. Hetzelfde geldt voor het produkttillverkares utvecklingsarbete, zodat je de beste en meest uitgebreide teknik kunt vinden.<\/p>\n<p>Vi st\u00e4ller f\u00f6ljande krav p\u00e5 oss sj\u00e4lva:<\/p>\n<ul>\n<li>Vi utnyttjar naturresurser p\u00e5 ett effektivt s\u00e4tt.<\/li>\n<li>Vi hanterar kemikalier och \u00f6vrigt material p\u00e5 ett ansvarsfullt s\u00e4tt.<\/li>\n<li>Eget arbete och transporter \u00e4r v\u00e4lorganiserade.<\/li>\n<li>F\u00f6rsiktighetsprincipen: Om nya metoder och material te provarren, g\u00f6r vi alltid en noggrann granskning innan vi best\u00e4mmer oss f\u00f6r om vi ska anv\u00e4nda dem.<\/li>\n<\/ul>\n<h3>Arbetsmilj\u00f6beleid<\/h3>\n<p>De producten die we leveren aan Cistern Solutions Sweden AB geven ons de mogelijkheid om strikt te werken aan arbetsmilj\u00f6regler.<\/p>\n<p>Vi \u00e4r noga med att vara uppm\u00e4rksamma \u00e4ven n\u00e4r det g\u00e4ller s\u00e5dant som kan verka sj\u00e4lvklart. Genom ett korrekt arbetsutf\u00f6rande undanr\u00f6jer vi eventuella risker. Uppm\u00e4rksamhet inneb\u00e4r att vi inte heller uts\u00e4tter utomst\u00e5ende f\u00f6r risker.<\/p>\n<p>En god arbetsmilj\u00f6 inbegriper mycket mer \u00e4n att bara f\u00f6lja strikta arbetsmilj\u00f6regler. Dit zorgt ervoor dat je medarbetare je baan kan opzeggen en het is heel gemakkelijk om je eigen baan te vinden. Als je de synpunkter van Varandras wilt aanpassen, kun je trivsel och utvecklingsm\u00f6jligheter gebruiken.<\/p>\n","protected":false},"excerpt":{"rendered":"<p>Kvalitet &amp; milj\u00f6 Beleid Vi vill ta ett tydligt ansvar genom att erbjuda l\u00f6sningar som inte bara l\u00f6ser ett akut problem, resultatet av v\u00e5rt arbete ska vara en kvalitetsprodukt som h\u00e5ller l\u00e4nge. M\u00e5nga g\u00e5nger \u00e4r det mest ekonomiska och ekologiska \u00e4r renovera en tank eller cistern i st\u00e4llet f\u00f6r att &#8230; <a title=\"Kwaliteit en milieu\" class=\"read-more\" href=\"https:\/\/cisternsolutions.eu\/nl\/kwaliteit-en-milieu\/\" aria-label=\"Lees meer over Kwaliteit en milieu\">L\u00e4s mer<\/a><\/p>\n","protected":false},"author":4,"featured_media":0,"parent":0,"menu_order":0,"comment_status":"closed","ping_status":"closed","template":"","meta":{"footnotes":""},"class_list":["post-6026","page","type-page","status-publish"],"yoast_head":"<!-- This site is optimized with the Yoast SEO plugin v27.4 - https:\/\/yoast.com\/product\/yoast-seo-wordpress\/ -->\n<title>Reservoirrenovatie met de hoogste kwaliteit | Cistern Solutions Sweden<\/title>\n<meta name=\"description\" content=\"Bij Cistern Solutions Sweden AB werken we hard aan kwaliteit en milieuaspecten. Lees meer over onze inzet voor kwaliteit en milieu.\" \/>\n<meta name=\"robots\" content=\"index, follow, max-snippet:-1, max-image-preview:large, max-video-preview:-1\" \/>\n<link rel=\"canonical\" href=\"https:\/\/cisternsolutions.eu\/nl\/kwaliteit-en-milieu\/\" \/>\n<meta property=\"og:locale\" content=\"nl_NL\" \/>\n<meta property=\"og:type\" content=\"article\" \/>\n<meta property=\"og:title\" content=\"Reservoirrenovatie met de hoogste kwaliteit | Cistern Solutions Sweden\" \/>\n<meta property=\"og:description\" content=\"Bij Cistern Solutions Sweden AB werken we hard aan kwaliteit en milieuaspecten. Lees meer over onze inzet voor kwaliteit en milieu.\" \/>\n<meta property=\"og:url\" content=\"https:\/\/cisternsolutions.eu\/nl\/kwaliteit-en-milieu\/\" \/>\n<meta property=\"og:site_name\" content=\"Cistern Solutions Sweden\" \/>\n<meta property=\"article:modified_time\" content=\"2024-05-08T06:50:33+00:00\" \/>\n<meta name=\"twitter:card\" content=\"summary_large_image\" \/>\n<meta name=\"twitter:label1\" content=\"Geschatte leestijd\" \/>\n\t<meta name=\"twitter:data1\" content=\"2 minuten\" \/>\n<script type=\"application\/ld+json\" class=\"yoast-schema-graph\">{\"@context\":\"https:\\\/\\\/schema.org\",\"@graph\":[{\"@type\":\"WebPage\",\"@id\":\"https:\\\/\\\/cisternsolutions.eu\\\/nl\\\/kwaliteit-en-milieu\\\/\",\"url\":\"https:\\\/\\\/cisternsolutions.eu\\\/nl\\\/kwaliteit-en-milieu\\\/\",\"name\":\"Reservoirrenovatie met de hoogste kwaliteit | Cistern Solutions Sweden\",\"isPartOf\":{\"@id\":\"https:\\\/\\\/cisternsolutions.eu\\\/nl\\\/#website\"},\"datePublished\":\"2016-06-30T09:19:44+00:00\",\"dateModified\":\"2024-05-08T06:50:33+00:00\",\"description\":\"Bij Cistern Solutions Sweden AB werken we hard aan kwaliteit en milieuaspecten. Lees meer over onze inzet voor kwaliteit en milieu.\",\"breadcrumb\":{\"@id\":\"https:\\\/\\\/cisternsolutions.eu\\\/nl\\\/kwaliteit-en-milieu\\\/#breadcrumb\"},\"inLanguage\":\"nl-NL\",\"potentialAction\":[{\"@type\":\"ReadAction\",\"target\":[\"https:\\\/\\\/cisternsolutions.eu\\\/nl\\\/kwaliteit-en-milieu\\\/\"]}]},{\"@type\":\"BreadcrumbList\",\"@id\":\"https:\\\/\\\/cisternsolutions.eu\\\/nl\\\/kwaliteit-en-milieu\\\/#breadcrumb\",\"itemListElement\":[{\"@type\":\"ListItem\",\"position\":1,\"name\":\"Hem\",\"item\":\"https:\\\/\\\/cisternsolutions.eu\\\/nl\\\/startpagina-2\\\/\"},{\"@type\":\"ListItem\",\"position\":2,\"name\":\"Kwaliteit en milieu\"}]},{\"@type\":\"WebSite\",\"@id\":\"https:\\\/\\\/cisternsolutions.eu\\\/nl\\\/#website\",\"url\":\"https:\\\/\\\/cisternsolutions.eu\\\/nl\\\/\",\"name\":\"Cistern Solutions Sweden\",\"description\":\"Cistern Solutions Sweden\",\"publisher\":{\"@id\":\"https:\\\/\\\/cisternsolutions.eu\\\/nl\\\/#organization\"},\"potentialAction\":[{\"@type\":\"SearchAction\",\"target\":{\"@type\":\"EntryPoint\",\"urlTemplate\":\"https:\\\/\\\/cisternsolutions.eu\\\/nl\\\/?s={search_term_string}\"},\"query-input\":{\"@type\":\"PropertyValueSpecification\",\"valueRequired\":true,\"valueName\":\"search_term_string\"}}],\"inLanguage\":\"nl-NL\"},{\"@type\":\"Organization\",\"@id\":\"https:\\\/\\\/cisternsolutions.eu\\\/nl\\\/#organization\",\"name\":\"| Cistern Solutions Sweden AB\",\"url\":\"https:\\\/\\\/cisternsolutions.eu\\\/nl\\\/\",\"logo\":{\"@type\":\"ImageObject\",\"inLanguage\":\"nl-NL\",\"@id\":\"https:\\\/\\\/cisternsolutions.eu\\\/nl\\\/#\\\/schema\\\/logo\\\/image\\\/\",\"url\":\"https:\\\/\\\/cisternsolutions.eu\\\/wp-content\\\/uploads\\\/2023\\\/11\\\/CisternSolutions_orginal-logo.png\",\"contentUrl\":\"https:\\\/\\\/cisternsolutions.eu\\\/wp-content\\\/uploads\\\/2023\\\/11\\\/CisternSolutions_orginal-logo.png\",\"width\":1045,\"height\":293,\"caption\":\"| Cistern Solutions Sweden AB\"},\"image\":{\"@id\":\"https:\\\/\\\/cisternsolutions.eu\\\/nl\\\/#\\\/schema\\\/logo\\\/image\\\/\"}}]}<\/script>\n<!-- \/ Yoast SEO plugin. -->","yoast_head_json":{"title":"Reservoirrenovatie met de hoogste kwaliteit | Cistern Solutions Sweden","description":"Bij Cistern Solutions Sweden AB werken we hard aan kwaliteit en milieuaspecten. Lees meer over onze inzet voor kwaliteit en milieu.","robots":{"index":"index","follow":"follow","max-snippet":"max-snippet:-1","max-image-preview":"max-image-preview:large","max-video-preview":"max-video-preview:-1"},"canonical":"https:\/\/cisternsolutions.eu\/nl\/kwaliteit-en-milieu\/","og_locale":"nl_NL","og_type":"article","og_title":"Reservoirrenovatie met de hoogste kwaliteit | Cistern Solutions Sweden","og_description":"Bij Cistern Solutions Sweden AB werken we hard aan kwaliteit en milieuaspecten. Lees meer over onze inzet voor kwaliteit en milieu.","og_url":"https:\/\/cisternsolutions.eu\/nl\/kwaliteit-en-milieu\/","og_site_name":"Cistern Solutions Sweden","article_modified_time":"2024-05-08T06:50:33+00:00","twitter_card":"summary_large_image","twitter_misc":{"Geschatte leestijd":"2 minuten"},"schema":{"@context":"https:\/\/schema.org","@graph":[{"@type":"WebPage","@id":"https:\/\/cisternsolutions.eu\/nl\/kwaliteit-en-milieu\/","url":"https:\/\/cisternsolutions.eu\/nl\/kwaliteit-en-milieu\/","name":"Reservoirrenovatie met de hoogste kwaliteit | Cistern Solutions Sweden","isPartOf":{"@id":"https:\/\/cisternsolutions.eu\/nl\/#website"},"datePublished":"2016-06-30T09:19:44+00:00","dateModified":"2024-05-08T06:50:33+00:00","description":"Bij Cistern Solutions Sweden AB werken we hard aan kwaliteit en milieuaspecten. Lees meer over onze inzet voor kwaliteit en milieu.","breadcrumb":{"@id":"https:\/\/cisternsolutions.eu\/nl\/kwaliteit-en-milieu\/#breadcrumb"},"inLanguage":"nl-NL","potentialAction":[{"@type":"ReadAction","target":["https:\/\/cisternsolutions.eu\/nl\/kwaliteit-en-milieu\/"]}]},{"@type":"BreadcrumbList","@id":"https:\/\/cisternsolutions.eu\/nl\/kwaliteit-en-milieu\/#breadcrumb","itemListElement":[{"@type":"ListItem","position":1,"name":"Hem","item":"https:\/\/cisternsolutions.eu\/nl\/startpagina-2\/"},{"@type":"ListItem","position":2,"name":"Kwaliteit en milieu"}]},{"@type":"WebSite","@id":"https:\/\/cisternsolutions.eu\/nl\/#website","url":"https:\/\/cisternsolutions.eu\/nl\/","name":"Cistern Solutions Sweden","description":"Cistern Solutions Sweden","publisher":{"@id":"https:\/\/cisternsolutions.eu\/nl\/#organization"},"potentialAction":[{"@type":"SearchAction","target":{"@type":"EntryPoint","urlTemplate":"https:\/\/cisternsolutions.eu\/nl\/?s={search_term_string}"},"query-input":{"@type":"PropertyValueSpecification","valueRequired":true,"valueName":"search_term_string"}}],"inLanguage":"nl-NL"},{"@type":"Organization","@id":"https:\/\/cisternsolutions.eu\/nl\/#organization","name":"| Cistern Solutions Sweden AB","url":"https:\/\/cisternsolutions.eu\/nl\/","logo":{"@type":"ImageObject","inLanguage":"nl-NL","@id":"https:\/\/cisternsolutions.eu\/nl\/#\/schema\/logo\/image\/","url":"https:\/\/cisternsolutions.eu\/wp-content\/uploads\/2023\/11\/CisternSolutions_orginal-logo.png","contentUrl":"https:\/\/cisternsolutions.eu\/wp-content\/uploads\/2023\/11\/CisternSolutions_orginal-logo.png","width":1045,"height":293,"caption":"| Cistern Solutions Sweden AB"},"image":{"@id":"https:\/\/cisternsolutions.eu\/nl\/#\/schema\/logo\/image\/"}}]}},"_links":{"self":[{"href":"https:\/\/cisternsolutions.eu\/nl\/wp-json\/wp\/v2\/pages\/6026","targetHints":{"allow":["GET"]}}],"collection":[{"href":"https:\/\/cisternsolutions.eu\/nl\/wp-json\/wp\/v2\/pages"}],"about":[{"href":"https:\/\/cisternsolutions.eu\/nl\/wp-json\/wp\/v2\/types\/page"}],"author":[{"embeddable":true,"href":"https:\/\/cisternsolutions.eu\/nl\/wp-json\/wp\/v2\/users\/4"}],"replies":[{"embeddable":true,"href":"https:\/\/cisternsolutions.eu\/nl\/wp-json\/wp\/v2\/comments?post=6026"}],"version-history":[{"count":1,"href":"https:\/\/cisternsolutions.eu\/nl\/wp-json\/wp\/v2\/pages\/6026\/revisions"}],"predecessor-version":[{"id":6028,"href":"https:\/\/cisternsolutions.eu\/nl\/wp-json\/wp\/v2\/pages\/6026\/revisions\/6028"}],"wp:attachment":[{"href":"https:\/\/cisternsolutions.eu\/nl\/wp-json\/wp\/v2\/media?parent=6026"}],"curies":[{"name":"wp","href":"https:\/\/api.w.org\/{rel}","templated":true}]}}