{"id":6000,"date":"2022-05-03T16:59:50","date_gmt":"2022-05-03T14:59:50","guid":{"rendered":"https:\/\/cisternsolutions.eu\/cookiebeleid\/"},"modified":"2024-05-08T08:46:56","modified_gmt":"2024-05-08T06:46:56","slug":"cookiebeleid","status":"publish","type":"page","link":"https:\/\/cisternsolutions.eu\/nl\/cookiebeleid\/","title":{"rendered":"Cookiebeleid"},"content":{"rendered":"\n<h1>Kookbeleid<\/h1>\n<p>f\u00f6r Cistern Solutions Sweden AB<\/p>\n<p>Cookies \u00e4r sm\u00e5 textfiler som hemsidan lagrar p\u00e5 din dator. Cookien skickar sedan tillbaka information till oss eller en tredje part. En tredje deel kan t.ex. vara sociala medier och annons- och analysf\u00f6retag. Vilken type av informatie som skickas beror p\u00e5 vilken cookie det \u00e4r.<\/p>\n<p><strong>Strikta cookies eller sessionscookies:<\/strong> Cookies die worden gebruikt om hem te laten werken. Dit type cookies zorgt ervoor dat u uw webpagina&#8217;s op een andere manier kunt bekijken.<\/p>\n<p><strong>Funktionalitetscookies eller varaktiga cookies:<\/strong> Cookies som anv\u00e4nds f\u00f6r att g\u00f6ra det enklare att anv\u00e4nda hemsidan s\u00e5 att du t.ex. Het is heel eenvoudig om dezelfde instellingen te vinden.<\/p>\n<p><strong>Analytische cookies eller tredjepartscookies:<\/strong> Cookies som anv\u00e4nds f\u00f6r att analysera hur bes\u00f6kare anv\u00e4nder hemsidan t.ex. hur m\u00e5nga som bes\u00f6ker en viss sida eller hur l\u00e4nge de \u00e4r inne p\u00e5 hemsidan. Google Analytics verzamelt informatie en rapporteert anv\u00e4ndningsstatistik f\u00f6r webbsidor utan att personligen identifiera enskilda bes\u00f6kare p\u00e5 Google.<\/p>\n<p>Je kunt meer te weten komen over Googles <a href=\"https:\/\/policies.google.com\/privacy?hl=sv\">integritetsregler h\u00e4r<\/a>, over <a href=\"https:\/\/policies.google.com\/technologies\/ads\">annonser h\u00e4r<\/a> och hur Google anv\u00e4nder <a href=\"https:\/\/policies.google.com\/technologies\/cookies\">cookies h\u00e4r<\/a>.<\/p>\n<p>Om du inte vill att dina bes\u00f6k p\u00e5 denna webbplats ska visas i statistiken i Google Analytics finns det ett till\u00e4gg som du kan installera in din webbl\u00e4sare. Till\u00e4gget h\u00e4mtar du p\u00e5 Googles webbplats.<\/p>\n<h3>Vilka cookies anv\u00e4nder vi?<\/h3>\n<p>Bekijk alle cookies die u wilt verwijderen door op &#8220;Hantera cookies&#8221; te klikken.<\/p>\n<h3>Cookies verwijderen<\/h3>\n<p>Je kunt cookies gebruiken om je webbrowser aan te passen. OBS! Om du v\u00e4ljer att surfa utan cookies kanske vissa funktioner p\u00e5 hemsidan inte l\u00e4ngre fungerar. Om cookies te accepteren: zie de documentatie voor uw huidige webpagina:<\/p>\n<ul>\n<li><a href=\"https:\/\/support.google.com\/accounts\/answer\/32050?hl=sv&amp;co=GENIE.Platform%3DDesktop\" target=\"_blank\" rel=\"noopener\">Google Chrome<\/a><\/li>\n<li><a href=\"https:\/\/support.microsoft.com\/sv-se\/windows\/ta-bort-och-hantera-cookies-168dab11-0753-043d-7c16-ede5947fc64d\" target=\"_blank\" rel=\"noopener\">Internet Explorer<\/a><\/li>\n<li><a href=\"https:\/\/support.mozilla.org\/sv\/kb\/rensa-kakor-och-webbplatsdata-firefox\" target=\"_blank\" rel=\"noopener\">Mozilla Firefox<\/a><\/li>\n<li><a href=\"https:\/\/support.microsoft.com\/sv-se\/microsoft-edge\/ta-bort-cookies-i-microsoft-edge-63947406-40ac-c3b8-57b9-2a946a29ae09\" target=\"_blank\" rel=\"noopener\">Rand<\/a><\/li>\n<li><a href=\"https:\/\/support.apple.com\/sv-se\/guide\/safari\/sfri11471\/11.0\/mac\/10.13\" target=\"_blank\" rel=\"noopener\">Safari (dator)<\/a><\/li>\n<li><a href=\"https:\/\/support.apple.com\/sv-se\/HT201265\" target=\"_blank\" rel=\"noopener\">Safari (mobiel)<\/a><\/li>\n<li><a href=\"https:\/\/support.google.com\/nexus\/answer\/54068?visit_id=638367063625101613-921820139&amp;hl=en&amp;rd=1\" target=\"_blank\" rel=\"noopener\">Webbrowser Android<\/a><\/li>\n<li><a href=\"https:\/\/blogs.opera.com\/tips-and-tricks\/2023\/04\/clean-browser-and-remove-trackers\/\" target=\"_blank\" rel=\"noopener\">Opera<\/a><\/li>\n<\/ul>\n","protected":false},"excerpt":{"rendered":"<p>Kookbeleid f\u00f6r Cistern Solutions Sweden AB Cookies \u00e4r sm\u00e5 textfiler som hemsidan lagrar p\u00e5 din dator. Cookien skickar sedan tillbaka information till oss eller en tredje part. En tredje deel kan t.ex. vara sociala medier och annons- och analysf\u00f6retag. Vilken type av informatie som skickas beror p\u00e5 vilken cookie det &#8230; <a title=\"Cookiebeleid\" class=\"read-more\" href=\"https:\/\/cisternsolutions.eu\/nl\/cookiebeleid\/\" aria-label=\"Lees meer over Cookiebeleid\">L\u00e4s mer<\/a><\/p>\n","protected":false},"author":4,"featured_media":0,"parent":0,"menu_order":0,"comment_status":"closed","ping_status":"closed","template":"","meta":{"footnotes":""},"class_list":["post-6000","page","type-page","status-publish"],"yoast_head":"<!-- This site is optimized with the Yoast SEO plugin v27.5 - https:\/\/yoast.com\/product\/yoast-seo-wordpress\/ -->\n<title>Cookiebeleid | Cistern Solutions Zweden<\/title>\n<meta name=\"description\" content=\"Hier kun je meer lezen over cookies, wat ze zijn en hoe Cistern Solutions Sweden ze gebruikt op de website. Lees meer ...\" \/>\n<meta name=\"robots\" content=\"index, follow, max-snippet:-1, max-image-preview:large, max-video-preview:-1\" \/>\n<link rel=\"canonical\" href=\"https:\/\/cisternsolutions.eu\/nl\/cookiebeleid\/\" \/>\n<meta property=\"og:locale\" content=\"nl_NL\" \/>\n<meta property=\"og:type\" content=\"article\" \/>\n<meta property=\"og:title\" content=\"Cookiebeleid | Cistern Solutions Zweden\" \/>\n<meta property=\"og:description\" content=\"Hier kun je meer lezen over cookies, wat ze zijn en hoe Cistern Solutions Sweden ze gebruikt op de website. Lees meer ...\" \/>\n<meta property=\"og:url\" content=\"https:\/\/cisternsolutions.eu\/nl\/cookiebeleid\/\" \/>\n<meta property=\"og:site_name\" content=\"Cistern Solutions Sweden\" \/>\n<meta property=\"article:modified_time\" content=\"2024-05-08T06:46:56+00:00\" \/>\n<meta name=\"twitter:card\" content=\"summary_large_image\" \/>\n<meta name=\"twitter:label1\" content=\"Geschatte leestijd\" \/>\n\t<meta name=\"twitter:data1\" content=\"2 minuten\" \/>\n<script type=\"application\/ld+json\" class=\"yoast-schema-graph\">{\"@context\":\"https:\\\/\\\/schema.org\",\"@graph\":[{\"@type\":\"WebPage\",\"@id\":\"https:\\\/\\\/cisternsolutions.eu\\\/nl\\\/cookiebeleid\\\/\",\"url\":\"https:\\\/\\\/cisternsolutions.eu\\\/nl\\\/cookiebeleid\\\/\",\"name\":\"Cookiebeleid | Cistern Solutions Zweden\",\"isPartOf\":{\"@id\":\"https:\\\/\\\/cisternsolutions.eu\\\/nl\\\/#website\"},\"datePublished\":\"2022-05-03T14:59:50+00:00\",\"dateModified\":\"2024-05-08T06:46:56+00:00\",\"description\":\"Hier kun je meer lezen over cookies, wat ze zijn en hoe Cistern Solutions Sweden ze gebruikt op de website. Lees meer ...\",\"breadcrumb\":{\"@id\":\"https:\\\/\\\/cisternsolutions.eu\\\/nl\\\/cookiebeleid\\\/#breadcrumb\"},\"inLanguage\":\"nl-NL\",\"potentialAction\":[{\"@type\":\"ReadAction\",\"target\":[\"https:\\\/\\\/cisternsolutions.eu\\\/nl\\\/cookiebeleid\\\/\"]}]},{\"@type\":\"BreadcrumbList\",\"@id\":\"https:\\\/\\\/cisternsolutions.eu\\\/nl\\\/cookiebeleid\\\/#breadcrumb\",\"itemListElement\":[{\"@type\":\"ListItem\",\"position\":1,\"name\":\"Hem\",\"item\":\"https:\\\/\\\/cisternsolutions.eu\\\/nl\\\/startpagina-2\\\/\"},{\"@type\":\"ListItem\",\"position\":2,\"name\":\"Cookiebeleid\"}]},{\"@type\":\"WebSite\",\"@id\":\"https:\\\/\\\/cisternsolutions.eu\\\/nl\\\/#website\",\"url\":\"https:\\\/\\\/cisternsolutions.eu\\\/nl\\\/\",\"name\":\"Cistern Solutions Sweden\",\"description\":\"Cistern Solutions Sweden\",\"publisher\":{\"@id\":\"https:\\\/\\\/cisternsolutions.eu\\\/nl\\\/#organization\"},\"potentialAction\":[{\"@type\":\"SearchAction\",\"target\":{\"@type\":\"EntryPoint\",\"urlTemplate\":\"https:\\\/\\\/cisternsolutions.eu\\\/nl\\\/?s={search_term_string}\"},\"query-input\":{\"@type\":\"PropertyValueSpecification\",\"valueRequired\":true,\"valueName\":\"search_term_string\"}}],\"inLanguage\":\"nl-NL\"},{\"@type\":\"Organization\",\"@id\":\"https:\\\/\\\/cisternsolutions.eu\\\/nl\\\/#organization\",\"name\":\"| Cistern Solutions Sweden AB\",\"url\":\"https:\\\/\\\/cisternsolutions.eu\\\/nl\\\/\",\"logo\":{\"@type\":\"ImageObject\",\"inLanguage\":\"nl-NL\",\"@id\":\"https:\\\/\\\/cisternsolutions.eu\\\/nl\\\/#\\\/schema\\\/logo\\\/image\\\/\",\"url\":\"https:\\\/\\\/cisternsolutions.eu\\\/wp-content\\\/uploads\\\/2023\\\/11\\\/CisternSolutions_orginal-logo.png\",\"contentUrl\":\"https:\\\/\\\/cisternsolutions.eu\\\/wp-content\\\/uploads\\\/2023\\\/11\\\/CisternSolutions_orginal-logo.png\",\"width\":1045,\"height\":293,\"caption\":\"| Cistern Solutions Sweden AB\"},\"image\":{\"@id\":\"https:\\\/\\\/cisternsolutions.eu\\\/nl\\\/#\\\/schema\\\/logo\\\/image\\\/\"}}]}<\/script>\n<!-- \/ Yoast SEO plugin. -->","yoast_head_json":{"title":"Cookiebeleid | Cistern Solutions Zweden","description":"Hier kun je meer lezen over cookies, wat ze zijn en hoe Cistern Solutions Sweden ze gebruikt op de website. Lees meer ...","robots":{"index":"index","follow":"follow","max-snippet":"max-snippet:-1","max-image-preview":"max-image-preview:large","max-video-preview":"max-video-preview:-1"},"canonical":"https:\/\/cisternsolutions.eu\/nl\/cookiebeleid\/","og_locale":"nl_NL","og_type":"article","og_title":"Cookiebeleid | Cistern Solutions Zweden","og_description":"Hier kun je meer lezen over cookies, wat ze zijn en hoe Cistern Solutions Sweden ze gebruikt op de website. Lees meer ...","og_url":"https:\/\/cisternsolutions.eu\/nl\/cookiebeleid\/","og_site_name":"Cistern Solutions Sweden","article_modified_time":"2024-05-08T06:46:56+00:00","twitter_card":"summary_large_image","twitter_misc":{"Geschatte leestijd":"2 minuten"},"schema":{"@context":"https:\/\/schema.org","@graph":[{"@type":"WebPage","@id":"https:\/\/cisternsolutions.eu\/nl\/cookiebeleid\/","url":"https:\/\/cisternsolutions.eu\/nl\/cookiebeleid\/","name":"Cookiebeleid | Cistern Solutions Zweden","isPartOf":{"@id":"https:\/\/cisternsolutions.eu\/nl\/#website"},"datePublished":"2022-05-03T14:59:50+00:00","dateModified":"2024-05-08T06:46:56+00:00","description":"Hier kun je meer lezen over cookies, wat ze zijn en hoe Cistern Solutions Sweden ze gebruikt op de website. Lees meer ...","breadcrumb":{"@id":"https:\/\/cisternsolutions.eu\/nl\/cookiebeleid\/#breadcrumb"},"inLanguage":"nl-NL","potentialAction":[{"@type":"ReadAction","target":["https:\/\/cisternsolutions.eu\/nl\/cookiebeleid\/"]}]},{"@type":"BreadcrumbList","@id":"https:\/\/cisternsolutions.eu\/nl\/cookiebeleid\/#breadcrumb","itemListElement":[{"@type":"ListItem","position":1,"name":"Hem","item":"https:\/\/cisternsolutions.eu\/nl\/startpagina-2\/"},{"@type":"ListItem","position":2,"name":"Cookiebeleid"}]},{"@type":"WebSite","@id":"https:\/\/cisternsolutions.eu\/nl\/#website","url":"https:\/\/cisternsolutions.eu\/nl\/","name":"Cistern Solutions Sweden","description":"Cistern Solutions Sweden","publisher":{"@id":"https:\/\/cisternsolutions.eu\/nl\/#organization"},"potentialAction":[{"@type":"SearchAction","target":{"@type":"EntryPoint","urlTemplate":"https:\/\/cisternsolutions.eu\/nl\/?s={search_term_string}"},"query-input":{"@type":"PropertyValueSpecification","valueRequired":true,"valueName":"search_term_string"}}],"inLanguage":"nl-NL"},{"@type":"Organization","@id":"https:\/\/cisternsolutions.eu\/nl\/#organization","name":"| Cistern Solutions Sweden AB","url":"https:\/\/cisternsolutions.eu\/nl\/","logo":{"@type":"ImageObject","inLanguage":"nl-NL","@id":"https:\/\/cisternsolutions.eu\/nl\/#\/schema\/logo\/image\/","url":"https:\/\/cisternsolutions.eu\/wp-content\/uploads\/2023\/11\/CisternSolutions_orginal-logo.png","contentUrl":"https:\/\/cisternsolutions.eu\/wp-content\/uploads\/2023\/11\/CisternSolutions_orginal-logo.png","width":1045,"height":293,"caption":"| Cistern Solutions Sweden AB"},"image":{"@id":"https:\/\/cisternsolutions.eu\/nl\/#\/schema\/logo\/image\/"}}]}},"_links":{"self":[{"href":"https:\/\/cisternsolutions.eu\/nl\/wp-json\/wp\/v2\/pages\/6000","targetHints":{"allow":["GET"]}}],"collection":[{"href":"https:\/\/cisternsolutions.eu\/nl\/wp-json\/wp\/v2\/pages"}],"about":[{"href":"https:\/\/cisternsolutions.eu\/nl\/wp-json\/wp\/v2\/types\/page"}],"author":[{"embeddable":true,"href":"https:\/\/cisternsolutions.eu\/nl\/wp-json\/wp\/v2\/users\/4"}],"replies":[{"embeddable":true,"href":"https:\/\/cisternsolutions.eu\/nl\/wp-json\/wp\/v2\/comments?post=6000"}],"version-history":[{"count":1,"href":"https:\/\/cisternsolutions.eu\/nl\/wp-json\/wp\/v2\/pages\/6000\/revisions"}],"predecessor-version":[{"id":6001,"href":"https:\/\/cisternsolutions.eu\/nl\/wp-json\/wp\/v2\/pages\/6000\/revisions\/6001"}],"wp:attachment":[{"href":"https:\/\/cisternsolutions.eu\/nl\/wp-json\/wp\/v2\/media?parent=6000"}],"curies":[{"name":"wp","href":"https:\/\/api.w.org\/{rel}","templated":true}]}}