{"id":5991,"date":"2023-12-07T17:00:29","date_gmt":"2023-12-07T16:00:29","guid":{"rendered":"https:\/\/cisternsolutions.eu\/over-ons\/"},"modified":"2024-10-24T14:19:00","modified_gmt":"2024-10-24T12:19:00","slug":"over-ons","status":"publish","type":"page","link":"https:\/\/cisternsolutions.eu\/nl\/over-ons\/","title":{"rendered":"Over ons"},"content":{"rendered":"\n\n\t\t<h1>\n  Stortbakoplossingen Zweden\n\t\t<\/h1>\n\t\t\t<p>Wij zorgen ervoor dat uw tank veilig is<\/p>\t\t\n<h2>\n  Renovering av sprinklertankar  \n\t<\/h2>\n\t<p><strong>Heb je een ansvar voor een sprinklertank? Een tank met procesvaten? Een stortbak met een kemikalier of een andere tank? Ben je op zoek naar een geschikte tank en heb je een servicepartner die je kan helpen bij het repareren van je tank? \u00c4r du i akut behov av att laga en tank som l\u00e4cker? Dan kan ik je helpen! Vi \u00e4r n\u00e4mligen specialister p\u00e5 att renovera tankar och cisterner.      <\/strong><\/p>\n\t<p>Cistern Solutions Sweden heeft zijn basis in AJ Floor Solutions &#8211; een bedrijf dat al meer dan 40 jaar ervaring heeft met epoxibel\u00e4ggning. Ett av f\u00f6retagets specialomr\u00e5de var renovering av tankar. In het laatste jaar hebben we ontdekt dat de meeste sprinklertanks in Sverige meer dan 20 jaar in de buurt van de tank liggen.  <\/p>\n<p>Tegen deze achtergrond hebben wij ervoor gekozen om uit het tankcoatingsegment te breken en een nieuw bedrijf te starten waar wij ons richten op het renoveren van tanks en reservoirs. Sinds 2023 manager Ulf Johansson, Cistern Solutions Sweden AB. <\/p>\n\t\t<h3>Tanks die wij kunnen inspecteren en renoveren:<\/h3>\n\t\t\t<ul><li>Sproeiertankar<\/li><li>Waterreservoirs<\/li><li>Betonreservoirs voor bijv. vergistingsslib <\/li><li>Chemische tanks voor bijv. glycol <\/li><li>Oliereservoir <\/li><\/ul>\t\t\n<h3>\n  Hulp bij het fokuseren van tankrenovering\n\t<\/h3>\n\t<p>Met het gebruik van een epoxy-oplossing in de tank, kan het gebruik en de verwerking van de methode meer zijn. De specifieke zakelijke miljonair die u zoekt, is meer flexibel en flexibel. U zult uw productie absoluut niet meer willen zien. Het is van groot belang dat u uw tijdschema&#8217;s kunt bekijken. Of het resultaat is dat u een tank of stortbak als een beha of b\u00e4ttre kunt zien, en de doorstroming ervan.    <\/p>\n<h3>\n Beslissen en renoveren door dezelfde leverancier\n\t<\/h3>\n\t<p>Wilt u weten of er een probleem is dat u ophoudt met uw leverantie? Na het renoveren van alle nieuwe producten in de vorm van een aankoop &#8211; een plan of een p.g.a. probleem met tanken &#8211; u kunt uw problemen op de omgeving oplossen. U kunt nu een tankwagen gebruiken met een onderwaterrobot.  <\/p>\n<h3>\n Werk in Norden en Europa\n\t<\/h3>\n\t<p>Cistern Solutions heeft veel werk verzet in Zweden en heeft tankwagens en reservoirs gerenoveerd in Norden en Europa. Vandaag hebben we de mobiele telefoon in handen genomen met het vertrouwen dat we opnieuw moeten beginnen om te upgraden. <\/p>\n\t\t<h3>\n Kom naar ons toe!\n\t\t<\/h3>\n\t<h3>Hugo Kjellberg<\/h3>\n<p><a href=\"mailto:hk@cisternsolutions.se\">hk@cisternsolutions.se<\/a><\/p>\n<p><a href=\"tel:%2091%\"><strong>073 &#8211; 815 91 00<\/strong><\/a><\/p>\n\n","protected":false},"excerpt":{"rendered":"<p>Stortbakoplossingen Zweden Wij zorgen ervoor dat uw tank veilig is Renovering av sprinklertankar Heb je een ansvar voor een sprinklertank? Een tank met procesvaten? Een stortbak met een kemikalier of een andere tank? Ben je op zoek naar een geschikte tank en heb je een servicepartner die je kan helpen &#8230; <a title=\"Over ons\" class=\"read-more\" href=\"https:\/\/cisternsolutions.eu\/nl\/over-ons\/\" aria-label=\"Lees meer over Over ons\">L\u00e4s mer<\/a><\/p>\n","protected":false},"author":4,"featured_media":0,"parent":0,"menu_order":0,"comment_status":"closed","ping_status":"closed","template":"","meta":{"footnotes":""},"class_list":["post-5991","page","type-page","status-publish"],"yoast_head":"<!-- This site is optimized with the Yoast SEO plugin v27.4 - https:\/\/yoast.com\/product\/yoast-seo-wordpress\/ -->\n<title>Specialist in tank- en stortbakrenovatie | Cistern Solutions Zweden<\/title>\n<meta name=\"description\" content=\"Cistern Solutions Zweden - specialisten in het renoveren van tanks en reservoirs. Neem vandaag nog contact met ons op voor hulp.\" \/>\n<meta name=\"robots\" content=\"index, follow, max-snippet:-1, max-image-preview:large, max-video-preview:-1\" \/>\n<link rel=\"canonical\" href=\"https:\/\/cisternsolutions.eu\/nl\/over-ons\/\" \/>\n<meta property=\"og:locale\" content=\"nl_NL\" \/>\n<meta property=\"og:type\" content=\"article\" \/>\n<meta property=\"og:title\" content=\"Specialist in tank- en stortbakrenovatie | Cistern Solutions Zweden\" \/>\n<meta property=\"og:description\" content=\"Cistern Solutions Zweden - specialisten in het renoveren van tanks en reservoirs. Neem vandaag nog contact met ons op voor hulp.\" \/>\n<meta property=\"og:url\" content=\"https:\/\/cisternsolutions.eu\/nl\/over-ons\/\" \/>\n<meta property=\"og:site_name\" content=\"Cistern Solutions Sweden\" \/>\n<meta property=\"article:modified_time\" content=\"2024-10-24T12:19:00+00:00\" \/>\n<meta name=\"twitter:card\" content=\"summary_large_image\" \/>\n<meta name=\"twitter:label1\" content=\"Geschatte leestijd\" \/>\n\t<meta name=\"twitter:data1\" content=\"2 minuten\" \/>\n<script type=\"application\/ld+json\" class=\"yoast-schema-graph\">{\"@context\":\"https:\\\/\\\/schema.org\",\"@graph\":[{\"@type\":\"WebPage\",\"@id\":\"https:\\\/\\\/cisternsolutions.eu\\\/nl\\\/over-ons\\\/\",\"url\":\"https:\\\/\\\/cisternsolutions.eu\\\/nl\\\/over-ons\\\/\",\"name\":\"Specialist in tank- en stortbakrenovatie | Cistern Solutions Zweden\",\"isPartOf\":{\"@id\":\"https:\\\/\\\/cisternsolutions.eu\\\/nl\\\/#website\"},\"datePublished\":\"2023-12-07T16:00:29+00:00\",\"dateModified\":\"2024-10-24T12:19:00+00:00\",\"description\":\"Cistern Solutions Zweden - specialisten in het renoveren van tanks en reservoirs. Neem vandaag nog contact met ons op voor hulp.\",\"breadcrumb\":{\"@id\":\"https:\\\/\\\/cisternsolutions.eu\\\/nl\\\/over-ons\\\/#breadcrumb\"},\"inLanguage\":\"nl-NL\",\"potentialAction\":[{\"@type\":\"ReadAction\",\"target\":[\"https:\\\/\\\/cisternsolutions.eu\\\/nl\\\/over-ons\\\/\"]}]},{\"@type\":\"BreadcrumbList\",\"@id\":\"https:\\\/\\\/cisternsolutions.eu\\\/nl\\\/over-ons\\\/#breadcrumb\",\"itemListElement\":[{\"@type\":\"ListItem\",\"position\":1,\"name\":\"Hem\",\"item\":\"https:\\\/\\\/cisternsolutions.eu\\\/nl\\\/startpagina-2\\\/\"},{\"@type\":\"ListItem\",\"position\":2,\"name\":\"Over ons\"}]},{\"@type\":\"WebSite\",\"@id\":\"https:\\\/\\\/cisternsolutions.eu\\\/nl\\\/#website\",\"url\":\"https:\\\/\\\/cisternsolutions.eu\\\/nl\\\/\",\"name\":\"Cistern Solutions Sweden\",\"description\":\"Cistern Solutions Sweden\",\"publisher\":{\"@id\":\"https:\\\/\\\/cisternsolutions.eu\\\/nl\\\/#organization\"},\"potentialAction\":[{\"@type\":\"SearchAction\",\"target\":{\"@type\":\"EntryPoint\",\"urlTemplate\":\"https:\\\/\\\/cisternsolutions.eu\\\/nl\\\/?s={search_term_string}\"},\"query-input\":{\"@type\":\"PropertyValueSpecification\",\"valueRequired\":true,\"valueName\":\"search_term_string\"}}],\"inLanguage\":\"nl-NL\"},{\"@type\":\"Organization\",\"@id\":\"https:\\\/\\\/cisternsolutions.eu\\\/nl\\\/#organization\",\"name\":\"| Cistern Solutions Sweden AB\",\"url\":\"https:\\\/\\\/cisternsolutions.eu\\\/nl\\\/\",\"logo\":{\"@type\":\"ImageObject\",\"inLanguage\":\"nl-NL\",\"@id\":\"https:\\\/\\\/cisternsolutions.eu\\\/nl\\\/#\\\/schema\\\/logo\\\/image\\\/\",\"url\":\"https:\\\/\\\/cisternsolutions.eu\\\/wp-content\\\/uploads\\\/2023\\\/11\\\/CisternSolutions_orginal-logo.png\",\"contentUrl\":\"https:\\\/\\\/cisternsolutions.eu\\\/wp-content\\\/uploads\\\/2023\\\/11\\\/CisternSolutions_orginal-logo.png\",\"width\":1045,\"height\":293,\"caption\":\"| Cistern Solutions Sweden AB\"},\"image\":{\"@id\":\"https:\\\/\\\/cisternsolutions.eu\\\/nl\\\/#\\\/schema\\\/logo\\\/image\\\/\"}}]}<\/script>\n<!-- \/ Yoast SEO plugin. -->","yoast_head_json":{"title":"Specialist in tank- en stortbakrenovatie | Cistern Solutions Zweden","description":"Cistern Solutions Zweden - specialisten in het renoveren van tanks en reservoirs. Neem vandaag nog contact met ons op voor hulp.","robots":{"index":"index","follow":"follow","max-snippet":"max-snippet:-1","max-image-preview":"max-image-preview:large","max-video-preview":"max-video-preview:-1"},"canonical":"https:\/\/cisternsolutions.eu\/nl\/over-ons\/","og_locale":"nl_NL","og_type":"article","og_title":"Specialist in tank- en stortbakrenovatie | Cistern Solutions Zweden","og_description":"Cistern Solutions Zweden - specialisten in het renoveren van tanks en reservoirs. Neem vandaag nog contact met ons op voor hulp.","og_url":"https:\/\/cisternsolutions.eu\/nl\/over-ons\/","og_site_name":"Cistern Solutions Sweden","article_modified_time":"2024-10-24T12:19:00+00:00","twitter_card":"summary_large_image","twitter_misc":{"Geschatte leestijd":"2 minuten"},"schema":{"@context":"https:\/\/schema.org","@graph":[{"@type":"WebPage","@id":"https:\/\/cisternsolutions.eu\/nl\/over-ons\/","url":"https:\/\/cisternsolutions.eu\/nl\/over-ons\/","name":"Specialist in tank- en stortbakrenovatie | Cistern Solutions Zweden","isPartOf":{"@id":"https:\/\/cisternsolutions.eu\/nl\/#website"},"datePublished":"2023-12-07T16:00:29+00:00","dateModified":"2024-10-24T12:19:00+00:00","description":"Cistern Solutions Zweden - specialisten in het renoveren van tanks en reservoirs. Neem vandaag nog contact met ons op voor hulp.","breadcrumb":{"@id":"https:\/\/cisternsolutions.eu\/nl\/over-ons\/#breadcrumb"},"inLanguage":"nl-NL","potentialAction":[{"@type":"ReadAction","target":["https:\/\/cisternsolutions.eu\/nl\/over-ons\/"]}]},{"@type":"BreadcrumbList","@id":"https:\/\/cisternsolutions.eu\/nl\/over-ons\/#breadcrumb","itemListElement":[{"@type":"ListItem","position":1,"name":"Hem","item":"https:\/\/cisternsolutions.eu\/nl\/startpagina-2\/"},{"@type":"ListItem","position":2,"name":"Over ons"}]},{"@type":"WebSite","@id":"https:\/\/cisternsolutions.eu\/nl\/#website","url":"https:\/\/cisternsolutions.eu\/nl\/","name":"Cistern Solutions Sweden","description":"Cistern Solutions Sweden","publisher":{"@id":"https:\/\/cisternsolutions.eu\/nl\/#organization"},"potentialAction":[{"@type":"SearchAction","target":{"@type":"EntryPoint","urlTemplate":"https:\/\/cisternsolutions.eu\/nl\/?s={search_term_string}"},"query-input":{"@type":"PropertyValueSpecification","valueRequired":true,"valueName":"search_term_string"}}],"inLanguage":"nl-NL"},{"@type":"Organization","@id":"https:\/\/cisternsolutions.eu\/nl\/#organization","name":"| Cistern Solutions Sweden AB","url":"https:\/\/cisternsolutions.eu\/nl\/","logo":{"@type":"ImageObject","inLanguage":"nl-NL","@id":"https:\/\/cisternsolutions.eu\/nl\/#\/schema\/logo\/image\/","url":"https:\/\/cisternsolutions.eu\/wp-content\/uploads\/2023\/11\/CisternSolutions_orginal-logo.png","contentUrl":"https:\/\/cisternsolutions.eu\/wp-content\/uploads\/2023\/11\/CisternSolutions_orginal-logo.png","width":1045,"height":293,"caption":"| Cistern Solutions Sweden AB"},"image":{"@id":"https:\/\/cisternsolutions.eu\/nl\/#\/schema\/logo\/image\/"}}]}},"_links":{"self":[{"href":"https:\/\/cisternsolutions.eu\/nl\/wp-json\/wp\/v2\/pages\/5991","targetHints":{"allow":["GET"]}}],"collection":[{"href":"https:\/\/cisternsolutions.eu\/nl\/wp-json\/wp\/v2\/pages"}],"about":[{"href":"https:\/\/cisternsolutions.eu\/nl\/wp-json\/wp\/v2\/types\/page"}],"author":[{"embeddable":true,"href":"https:\/\/cisternsolutions.eu\/nl\/wp-json\/wp\/v2\/users\/4"}],"replies":[{"embeddable":true,"href":"https:\/\/cisternsolutions.eu\/nl\/wp-json\/wp\/v2\/comments?post=5991"}],"version-history":[{"count":3,"href":"https:\/\/cisternsolutions.eu\/nl\/wp-json\/wp\/v2\/pages\/5991\/revisions"}],"predecessor-version":[{"id":7722,"href":"https:\/\/cisternsolutions.eu\/nl\/wp-json\/wp\/v2\/pages\/5991\/revisions\/7722"}],"wp:attachment":[{"href":"https:\/\/cisternsolutions.eu\/nl\/wp-json\/wp\/v2\/media?parent=5991"}],"curies":[{"name":"wp","href":"https:\/\/api.w.org\/{rel}","templated":true}]}}