{"id":7422,"date":"2016-06-30T11:19:44","date_gmt":"2016-06-30T09:19:44","guid":{"rendered":"https:\/\/cisternsolutions.eu\/qualita-e-ambiente\/"},"modified":"2024-10-23T16:45:23","modified_gmt":"2024-10-23T14:45:23","slug":"qualita-e-ambiente","status":"publish","type":"page","link":"https:\/\/cisternsolutions.eu\/it\/qualita-e-ambiente\/","title":{"rendered":"Qualit\u00e0 e ambiente"},"content":{"rendered":"\n<h1>Kvalitet &amp; milj\u00f6<\/h1>\n<p>Politiche V\u00e5ra<\/p>\n<p><strong>Il risultato di questa scelta sar\u00e0 un prodotto di qualit\u00e0 che durer\u00e0 pi\u00f9 a lungo. La soluzione pi\u00f9 economica ed ecologica \u00e8 quella di ristrutturare un serbatoio o una cisterna in un edificio per installarla in modo semplice. <\/strong><\/p>\n<p>Vi siamo vicini per poter utilizzare le nostre medarbetare con i nostri piani di valore o di spesa. Dopo ogni progetto, abbiamo sviluppato una produzione completa. <\/p>\n<p><strong>Egenkontroll<br><\/strong>Entreprenaderna kvalitetsdokumenteras. Kontrollen innefattar: <\/p>\n<ul>\n<li>inledande besiktning<\/li>\n<li>genomg\u00e5ng av planerat utf\u00f6rande<\/li>\n<li>controllo della struttura e della velocit\u00e0 di costruzione<\/li>\n<li>temperatur- och dragh\u00e5llfasthet<\/li>\n<li>utf\u00f6randet dokumenteras<\/li>\n<li>efterbesiktning<\/li>\n<\/ul>\n<h3>Politica di sicurezza<\/h3>\n<p>L&#8217;impegno pi\u00f9 intenso comporta una maggiore valorizzazione in tutti i settori. \u00c8 un peccato che tu non riesca a ottenere una valutazione di valore, ma che tu riesca a trovare un punto d&#8217;incontro con i tuoi clienti. <\/p>\n<p>La variet\u00e0 di medarbetares, la loro qualit\u00e0, le loro competenze e le loro stesse caratteristiche sono in grado di far s\u00ec che un&#8217;azienda di questo tipo si rivolga a un referente.<\/p>\n<p>La tua buona reputazione e la tua ottima collaborazione con i tuoi clienti ti porteranno a ottenere risultati efficaci.<\/p>\n<p>Cistern Solutions Sweden AB ha un&#8217;istallazione positiva che coinvolge tutti i settori del milj\u00f6arbetetet in Samh\u00e4llet e che vuole offrire un contributo a questo settore. Vi har en str\u00e4van att verka i samklang med naturens krav. <\/p>\n<h3>Politica del lavoro<\/h3>\n<p>V\u00e5rt milj\u00f6arbetet \u00e8 il risultato del fatto che non si pu\u00f2 fare a meno di prendere in considerazione le norme e le regole e che si pu\u00f2 agire in modo da ottenere un risultato soddisfacente. Vi lyssnar aktivt p\u00e5 v\u00e5ra kunder och deras krav, i v\u00e5r str\u00e4van att st\u00e4ndigt f\u00f6rb\u00e4ttra v\u00e5rt s\u00e4tt att arbeta. In questo stesso modo, puoi produrre un&#8217;attrezzatura che ti permetta di trovare un prodotto migliore e pi\u00f9 adatto alle tue esigenze.  <\/p>\n<p>Vi \u00e8 una foglia di krav su oss sj\u00e4lva:<\/p>\n<ul>\n<li>Utilizza i prodotti naturali in modo efficace.<\/li>\n<li>Hai a disposizione kemikalier e materiale di alta qualit\u00e0.<\/li>\n<li>L&#8217;arbete e il trasportatore sono stati sistemati in modo ottimale.<\/li>\n<li>Principio di F\u00f6rsiktighetsprincipen: Se vuoi provare un nuovo metoder o un altro materiale, devi avere un&#8217;idea di come migliorare il tuo lavoro per ottenere un risultato.<\/li>\n<\/ul>\n<h3>Politica di Arbetsmilj\u00f6policy<\/h3>\n<p>I prodotti che anv\u00e4nder inom Cistern Solutions Sweden AB sono un&#8217;ottima fonte di ispirazione per la produzione di arbetsmilj\u00f6regler.<\/p>\n<p>Non \u00e8 necessario che tu faccia una ricerca di tipo &#8220;uppm\u00e4rksamma&#8221;, anche se ci sono dei fattori che possono far pensare a un&#8217;azione di tipo &#8220;sj\u00e4lvklart&#8221;. Se non hai ancora trovato il modo di farlo, non c&#8217;\u00e8 alcun rischio. Uppm\u00e4rksamhet inneb\u00e4r att att vi inte heller uts\u00e4tter utomst\u00e5ende f\u00f6r risker.  <\/p>\n<p>Un buon arbetsmilj\u00f6 ti permette di ottenere un risultato migliore per poter lavorare con un arbetsmilj\u00f6regler di alto livello. Questo permette di ottenere un&#8217;ottima qualit\u00e0 di guadagno per i tuoi clienti e di poterli utilizzare per il loro portafoglio. Se vuoi che la tua famiglia si senta a proprio agio con i sinottici di Varandras, puoi scegliere di fare un&#8217;offerta di lavoro.  <\/p>\n","protected":false},"excerpt":{"rendered":"<p>Kvalitet &amp; milj\u00f6 Politiche V\u00e5ra Il risultato di questa scelta sar\u00e0 un prodotto di qualit\u00e0 che durer\u00e0 pi\u00f9 a lungo. La soluzione pi\u00f9 economica ed ecologica \u00e8 quella di ristrutturare un serbatoio o una cisterna in un edificio per installarla in modo semplice. Vi siamo vicini per poter utilizzare le &#8230; <a title=\"Qualit\u00e0 e ambiente\" class=\"read-more\" href=\"https:\/\/cisternsolutions.eu\/it\/qualita-e-ambiente\/\" aria-label=\"Per saperne di pi\u00f9 su Qualit\u00e0 e ambiente\">L\u00e4s mer<\/a><\/p>\n","protected":false},"author":4,"featured_media":0,"parent":0,"menu_order":0,"comment_status":"closed","ping_status":"closed","template":"","meta":{"footnotes":""},"class_list":["post-7422","page","type-page","status-publish"],"yoast_head":"<!-- This site is optimized with the Yoast SEO plugin v27.4 - https:\/\/yoast.com\/product\/yoast-seo-wordpress\/ -->\n<title>Rinnovo della cisterna con la massima qualit\u00e0 | Cistern Solutions Sweden<\/title>\n<meta name=\"description\" content=\"Noi di Cistern Solutions Sweden AB ci impegniamo a fondo per la qualit\u00e0 e l&#039;ambiente. Leggi di pi\u00f9 sul nostro impegno per la qualit\u00e0 e l&#039;ambiente.\" \/>\n<meta name=\"robots\" content=\"index, follow, max-snippet:-1, max-image-preview:large, max-video-preview:-1\" \/>\n<link rel=\"canonical\" href=\"https:\/\/cisternsolutions.eu\/it\/qualita-e-ambiente\/\" \/>\n<meta property=\"og:locale\" content=\"it_IT\" \/>\n<meta property=\"og:type\" content=\"article\" \/>\n<meta property=\"og:title\" content=\"Rinnovo della cisterna con la massima qualit\u00e0 | Cistern Solutions Sweden\" \/>\n<meta property=\"og:description\" content=\"Noi di Cistern Solutions Sweden AB ci impegniamo a fondo per la qualit\u00e0 e l&#039;ambiente. Leggi di pi\u00f9 sul nostro impegno per la qualit\u00e0 e l&#039;ambiente.\" \/>\n<meta property=\"og:url\" content=\"https:\/\/cisternsolutions.eu\/it\/qualita-e-ambiente\/\" \/>\n<meta property=\"og:site_name\" content=\"Cistern Solutions Sweden\" \/>\n<meta property=\"article:modified_time\" content=\"2024-10-23T14:45:23+00:00\" \/>\n<meta name=\"twitter:card\" content=\"summary_large_image\" \/>\n<meta name=\"twitter:label1\" content=\"Tempo di lettura stimato\" \/>\n\t<meta name=\"twitter:data1\" content=\"3 minuti\" \/>\n<script type=\"application\/ld+json\" class=\"yoast-schema-graph\">{\"@context\":\"https:\\\/\\\/schema.org\",\"@graph\":[{\"@type\":\"WebPage\",\"@id\":\"https:\\\/\\\/cisternsolutions.eu\\\/it\\\/qualita-e-ambiente\\\/\",\"url\":\"https:\\\/\\\/cisternsolutions.eu\\\/it\\\/qualita-e-ambiente\\\/\",\"name\":\"Rinnovo della cisterna con la massima qualit\u00e0 | Cistern Solutions Sweden\",\"isPartOf\":{\"@id\":\"https:\\\/\\\/cisternsolutions.eu\\\/it\\\/#website\"},\"datePublished\":\"2016-06-30T09:19:44+00:00\",\"dateModified\":\"2024-10-23T14:45:23+00:00\",\"description\":\"Noi di Cistern Solutions Sweden AB ci impegniamo a fondo per la qualit\u00e0 e l'ambiente. Leggi di pi\u00f9 sul nostro impegno per la qualit\u00e0 e l'ambiente.\",\"breadcrumb\":{\"@id\":\"https:\\\/\\\/cisternsolutions.eu\\\/it\\\/qualita-e-ambiente\\\/#breadcrumb\"},\"inLanguage\":\"it-IT\",\"potentialAction\":[{\"@type\":\"ReadAction\",\"target\":[\"https:\\\/\\\/cisternsolutions.eu\\\/it\\\/qualita-e-ambiente\\\/\"]}]},{\"@type\":\"BreadcrumbList\",\"@id\":\"https:\\\/\\\/cisternsolutions.eu\\\/it\\\/qualita-e-ambiente\\\/#breadcrumb\",\"itemListElement\":[{\"@type\":\"ListItem\",\"position\":1,\"name\":\"Hem\",\"item\":\"https:\\\/\\\/cisternsolutions.eu\\\/it\\\/pagina-iniziale\\\/\"},{\"@type\":\"ListItem\",\"position\":2,\"name\":\"Qualit\u00e0 e ambiente\"}]},{\"@type\":\"WebSite\",\"@id\":\"https:\\\/\\\/cisternsolutions.eu\\\/it\\\/#website\",\"url\":\"https:\\\/\\\/cisternsolutions.eu\\\/it\\\/\",\"name\":\"Cistern Solutions Sweden\",\"description\":\"Cistern Solutions Sweden\",\"publisher\":{\"@id\":\"https:\\\/\\\/cisternsolutions.eu\\\/it\\\/#organization\"},\"potentialAction\":[{\"@type\":\"SearchAction\",\"target\":{\"@type\":\"EntryPoint\",\"urlTemplate\":\"https:\\\/\\\/cisternsolutions.eu\\\/it\\\/?s={search_term_string}\"},\"query-input\":{\"@type\":\"PropertyValueSpecification\",\"valueRequired\":true,\"valueName\":\"search_term_string\"}}],\"inLanguage\":\"it-IT\"},{\"@type\":\"Organization\",\"@id\":\"https:\\\/\\\/cisternsolutions.eu\\\/it\\\/#organization\",\"name\":\"| Cistern Solutions Sweden AB\",\"url\":\"https:\\\/\\\/cisternsolutions.eu\\\/it\\\/\",\"logo\":{\"@type\":\"ImageObject\",\"inLanguage\":\"it-IT\",\"@id\":\"https:\\\/\\\/cisternsolutions.eu\\\/it\\\/#\\\/schema\\\/logo\\\/image\\\/\",\"url\":\"https:\\\/\\\/cisternsolutions.eu\\\/wp-content\\\/uploads\\\/2023\\\/11\\\/CisternSolutions_orginal-logo.png\",\"contentUrl\":\"https:\\\/\\\/cisternsolutions.eu\\\/wp-content\\\/uploads\\\/2023\\\/11\\\/CisternSolutions_orginal-logo.png\",\"width\":1045,\"height\":293,\"caption\":\"| Cistern Solutions Sweden AB\"},\"image\":{\"@id\":\"https:\\\/\\\/cisternsolutions.eu\\\/it\\\/#\\\/schema\\\/logo\\\/image\\\/\"}}]}<\/script>\n<!-- \/ Yoast SEO plugin. -->","yoast_head_json":{"title":"Rinnovo della cisterna con la massima qualit\u00e0 | Cistern Solutions Sweden","description":"Noi di Cistern Solutions Sweden AB ci impegniamo a fondo per la qualit\u00e0 e l'ambiente. Leggi di pi\u00f9 sul nostro impegno per la qualit\u00e0 e l'ambiente.","robots":{"index":"index","follow":"follow","max-snippet":"max-snippet:-1","max-image-preview":"max-image-preview:large","max-video-preview":"max-video-preview:-1"},"canonical":"https:\/\/cisternsolutions.eu\/it\/qualita-e-ambiente\/","og_locale":"it_IT","og_type":"article","og_title":"Rinnovo della cisterna con la massima qualit\u00e0 | Cistern Solutions Sweden","og_description":"Noi di Cistern Solutions Sweden AB ci impegniamo a fondo per la qualit\u00e0 e l'ambiente. Leggi di pi\u00f9 sul nostro impegno per la qualit\u00e0 e l'ambiente.","og_url":"https:\/\/cisternsolutions.eu\/it\/qualita-e-ambiente\/","og_site_name":"Cistern Solutions Sweden","article_modified_time":"2024-10-23T14:45:23+00:00","twitter_card":"summary_large_image","twitter_misc":{"Tempo di lettura stimato":"3 minuti"},"schema":{"@context":"https:\/\/schema.org","@graph":[{"@type":"WebPage","@id":"https:\/\/cisternsolutions.eu\/it\/qualita-e-ambiente\/","url":"https:\/\/cisternsolutions.eu\/it\/qualita-e-ambiente\/","name":"Rinnovo della cisterna con la massima qualit\u00e0 | Cistern Solutions Sweden","isPartOf":{"@id":"https:\/\/cisternsolutions.eu\/it\/#website"},"datePublished":"2016-06-30T09:19:44+00:00","dateModified":"2024-10-23T14:45:23+00:00","description":"Noi di Cistern Solutions Sweden AB ci impegniamo a fondo per la qualit\u00e0 e l'ambiente. Leggi di pi\u00f9 sul nostro impegno per la qualit\u00e0 e l'ambiente.","breadcrumb":{"@id":"https:\/\/cisternsolutions.eu\/it\/qualita-e-ambiente\/#breadcrumb"},"inLanguage":"it-IT","potentialAction":[{"@type":"ReadAction","target":["https:\/\/cisternsolutions.eu\/it\/qualita-e-ambiente\/"]}]},{"@type":"BreadcrumbList","@id":"https:\/\/cisternsolutions.eu\/it\/qualita-e-ambiente\/#breadcrumb","itemListElement":[{"@type":"ListItem","position":1,"name":"Hem","item":"https:\/\/cisternsolutions.eu\/it\/pagina-iniziale\/"},{"@type":"ListItem","position":2,"name":"Qualit\u00e0 e ambiente"}]},{"@type":"WebSite","@id":"https:\/\/cisternsolutions.eu\/it\/#website","url":"https:\/\/cisternsolutions.eu\/it\/","name":"Cistern Solutions Sweden","description":"Cistern Solutions Sweden","publisher":{"@id":"https:\/\/cisternsolutions.eu\/it\/#organization"},"potentialAction":[{"@type":"SearchAction","target":{"@type":"EntryPoint","urlTemplate":"https:\/\/cisternsolutions.eu\/it\/?s={search_term_string}"},"query-input":{"@type":"PropertyValueSpecification","valueRequired":true,"valueName":"search_term_string"}}],"inLanguage":"it-IT"},{"@type":"Organization","@id":"https:\/\/cisternsolutions.eu\/it\/#organization","name":"| Cistern Solutions Sweden AB","url":"https:\/\/cisternsolutions.eu\/it\/","logo":{"@type":"ImageObject","inLanguage":"it-IT","@id":"https:\/\/cisternsolutions.eu\/it\/#\/schema\/logo\/image\/","url":"https:\/\/cisternsolutions.eu\/wp-content\/uploads\/2023\/11\/CisternSolutions_orginal-logo.png","contentUrl":"https:\/\/cisternsolutions.eu\/wp-content\/uploads\/2023\/11\/CisternSolutions_orginal-logo.png","width":1045,"height":293,"caption":"| Cistern Solutions Sweden AB"},"image":{"@id":"https:\/\/cisternsolutions.eu\/it\/#\/schema\/logo\/image\/"}}]}},"_links":{"self":[{"href":"https:\/\/cisternsolutions.eu\/it\/wp-json\/wp\/v2\/pages\/7422","targetHints":{"allow":["GET"]}}],"collection":[{"href":"https:\/\/cisternsolutions.eu\/it\/wp-json\/wp\/v2\/pages"}],"about":[{"href":"https:\/\/cisternsolutions.eu\/it\/wp-json\/wp\/v2\/types\/page"}],"author":[{"embeddable":true,"href":"https:\/\/cisternsolutions.eu\/it\/wp-json\/wp\/v2\/users\/4"}],"replies":[{"embeddable":true,"href":"https:\/\/cisternsolutions.eu\/it\/wp-json\/wp\/v2\/comments?post=7422"}],"version-history":[{"count":1,"href":"https:\/\/cisternsolutions.eu\/it\/wp-json\/wp\/v2\/pages\/7422\/revisions"}],"predecessor-version":[{"id":7424,"href":"https:\/\/cisternsolutions.eu\/it\/wp-json\/wp\/v2\/pages\/7422\/revisions\/7424"}],"wp:attachment":[{"href":"https:\/\/cisternsolutions.eu\/it\/wp-json\/wp\/v2\/media?parent=7422"}],"curies":[{"name":"wp","href":"https:\/\/api.w.org\/{rel}","templated":true}]}}