{"id":7413,"date":"2024-03-05T15:06:53","date_gmt":"2024-03-05T14:06:53","guid":{"rendered":"https:\/\/cisternsolutions.eu\/serbatoio-dellirrigatore-danneggiato\/"},"modified":"2024-10-23T16:42:03","modified_gmt":"2024-10-23T14:42:03","slug":"serbatoio-dellirrigatore-danneggiato","status":"publish","type":"page","link":"https:\/\/cisternsolutions.eu\/it\/serbatoio-dellirrigatore-danneggiato\/","title":{"rendered":"Serbatoio dell&#8217;irrigatore danneggiato"},"content":{"rendered":"\n<h1>Serbatoio dell&#8217;irrigatore danneggiato<\/h1>\n<p>&#8211; cause e misure<\/p>\n<h2>Rischio di un serbatoio a serbatoio dell&#8217;irrigatore<\/h2>\n<p>Per ottenere un marchio completo, \u00e8 necessario che tutti i componenti dell&#8217;impianto di irrigazione funzionino in modo corretto. Uno serbatoio dell&#8217;irrigatore di dimensioni ridotte pu\u00f2 essere utilizzato per la pulizia dell&#8217;acqua. Se la cisterna si riempie di sedimenti con acqua, pu\u00f2 essere utilizzata per eliminare i sedimenti e per marcare le piastre. Se i sedimenti provenienti dalle cisterne vengono pompati nel sistema, \u00e8 possibile che si verifichi un&#8217;anomalia. In caso contrario, il sistema di pompaggio pu\u00f2 essere utilizzato per il trasporto dei sedimenti.    <\/p>\n<p>\u00c8 quindi estremamente importante non avere il serbatoio dell&#8217;irrigatore danneggiato.<\/p>\n<p><strong>Come puoi capire se le cisterne sono in buone condizioni? Quali sono i problemi pi\u00f9 gravi degli serbatoi irrigatori e come puoi risolverli? <\/strong><\/p>\n<p><em>*) Si prega di notare che tutti i riferimenti a regolamenti, leggi e autorit\u00e0 presenti sul sito web si applicano alla Svezia e alle condizioni svedesi. <\/em><\/p>\n<h3>Kontakta mig!<\/h3>\n<form id=\"fluentform_8\" method=\"POST\" data-form_id=\"8\" data-form_instance=\"ff_form_instance_8_1\"><fieldset><legend>Snabbkontakt &#8211; SE<\/legend><input name=\"__fluent_form_embded_post_id\" type=\"hidden\" value=\"5137\"><input id=\"_fluentform_8_fluentformnonce\" name=\"_fluentform_8_fluentformnonce\" type=\"hidden\" value=\"950f5acc30\"><input name=\"_wp_http_referer\" type=\"hidden\" value=\"\/sv\/?page_id=5137&amp;fl_builder\"><input id=\"ff_8_names_first_name_\" name=\"names[first_name]\" type=\"text\" placeholder=\"Nome e cognome\" aria-invalid=\"false\" aria-required=\"true\/\"><input id=\"ff_8_email\" name=\"email\" type=\"email\" placeholder=\"Min mejladress\" data-name=\"email\" aria-invalid=\"false\" aria-required=\"true\/\"><textarea id=\"ff_8_message\" cols=\"2\" name=\"message\" rows=\"1\" placeholder=\"Contattaci per sapere come funziona ...\" aria-invalid=\"false\" aria-required=\"true\" data-name=\"message\"><\/textarea><label class=\"ff-el-form-check-label ff_tc_label\" for=\"gdpr-agreement_53517bbf27bfa8be516f2fced62f8d96\" aria-label=\"terms &amp; conditions\"><input id=\"gdpr-agreement_53517bbf27bfa8be516f2fced62f8d96\" name=\"gdpr-agreement\" type=\"checkbox\" value=\"su\" data-name=\"gdpr-agreement\" aria-invalid=\"false\" aria-required=\"true\/\"> Acconsento che questo sito Web memorizzi le informazioni inviate in modo che possano rispondere alla mia richiesta. Le informazioni sono disponibili da 1 anno.  <\/label><button type=\"submit\">Inviare<\/button><\/fieldset><\/form>\n<h3>Vanliga skador:<\/h3>\n<ul>\n<li>Corrosione<\/li>\n<li>Sedimenti<\/li>\n<li>L\u00e4ckage<\/li>\n<li>Costruzione di un edificio<\/li>\n<li>I dettagli che, ad esempio, infiltrano le stelle, sono pi\u00f9 difficili da trovare. <\/li>\n<\/ul>\n<h2>Tre problemi di tipo diverso con gli sprinklertankar<\/h2>\n<p><img decoding=\"async\" title=\"korrosion_i_tank_03\" src=\"https:\/\/cisternsolutions.eu\/wp-content\/uploads\/2024\/02\/korrosion_i_tank_03.jpg\" sizes=\"(max-width: 700px) 100vw, 700px\" srcset=\"https:\/\/cisternsolutions.eu\/wp-content\/uploads\/2024\/02\/korrosion_i_tank_03.jpg 700w, https:\/\/cisternsolutions.eu\/wp-content\/uploads\/2024\/02\/korrosion_i_tank_03-300x107.jpg 300w\" alt=\"korrosion_i_tank_03\" width=\"700\" height=\"250\"><\/p>\n<h3>Corrosione<\/h3>\n<p>La corrosione \u00e8 un problema molto diffuso negli sprinklertankar. La corrosione si deteriora e si deteriora anche la struttura del serbatoio. Cosa c&#8217;\u00e8 di strano se gli sprinklertanken non possono essere utilizzati? Un metro a centina per i tubi di scarico pu\u00f2 essere utilizzato come fonte di energia o come orsacchiotto.   <\/p>\n<p><strong>Varf\u00f6r b\u00f6rjar tanken rosta?<\/strong><br>La rete di protezione pu\u00f2 essere utilizzata per la corrosione su una superficie liscia.<\/p>\n<ul>\n<li>Se il liquido si deposita nella vasca, il pH della vasca si riduce e c&#8217;\u00e8 il rischio che si verifichi una corrosione.<\/li>\n<li>La Detsamma si occupa del fatto che il vattnet inneh\u00e5ller sia un po&#8217; pi\u00f9 semplice, ma anche del fatto che l&#8217;uomo, ad esempio, si trovi a dover affrontare il problema del cibo da un&#8217;altra parte. \u00c8 un po&#8217; pi\u00f9 semplice, ma non \u00e8 cos\u00ec semplice.  <\/li>\n<li>Il V\u00e4rmev\u00e4xling scruta i vatten in modo raro e cerca di capire se le cisterne sono pi\u00f9 piccole o meno. Il V\u00e4rmev\u00e4xling pu\u00f2 essere utilizzato se gli sprinklertanken sono isolati o se il pumphuset \u00e8 alto. <\/li>\n<\/ul>\n<p>Il materiale nelle cisterne pu\u00f2 essere ocks\u00e5 p\u00e5verka. Se l&#8217;uomo si mette in rostfria in uno sprinklertank con una superficie di roccia, si pu\u00f2 avviare un processo di corrosione galvanica. <\/p>\n<p><img decoding=\"async\" title=\"lacka_01\" src=\"https:\/\/cisternsolutions.eu\/wp-content\/uploads\/2024\/03\/lacka_01.jpg\" sizes=\"(max-width: 700px) 100vw, 700px\" srcset=\"https:\/\/cisternsolutions.eu\/wp-content\/uploads\/2024\/03\/lacka_01.jpg 700w, https:\/\/cisternsolutions.eu\/wp-content\/uploads\/2024\/03\/lacka_01-300x107.jpg 300w\" alt=\"lacka_01\" width=\"700\" height=\"250\"><\/p>\n<h3>L\u00e4ckage<\/h3>\n<p>Il Rostskador pu\u00f2 essere il risultato di un&#8217;azione di spruzzatura. Se uno sprinklertank vuoto si trova in una posizione di forza, \u00e8 possibile che il vattenl\u00e4ckan sia in grado di produrre un&#8217;unica e grave patata. Puoi anche scegliere di utilizzare il l\u00e4ckaget, in quanto non si pu\u00f2 bere il vino in un&#8217;unica soluzione. Ma la l\u00e4ckaget \u00e8 in grado di controllare che i serbatoi si riempiano di acqua dolce e sibaritica per poter bere un po&#8217; di vino. Inoltre, il processo di corrosione pu\u00f2 essere pi\u00f9 rapido.    <\/p>\n<p>Se gli sprinklertanken si trovano all&#8217;interno dell&#8217;edificio, possono esserci problemi. Un&#8217;acqua calda pu\u00f2 portare a un&#8217;acuta o a un&#8217;eccessiva usura. Och vad kostar det om du inte kan anv\u00e4nda lokalerna under en l\u00e4ngre tid?  <\/p>\n<p><img decoding=\"async\" title=\"korrosion_i_tank_01\" src=\"https:\/\/cisternsolutions.eu\/wp-content\/uploads\/2024\/02\/korrosion_i_tank_01-1.jpg\" sizes=\"(max-width: 700px) 100vw, 700px\" srcset=\"https:\/\/cisternsolutions.eu\/wp-content\/uploads\/2024\/02\/korrosion_i_tank_01-1.jpg 700w, https:\/\/cisternsolutions.eu\/wp-content\/uploads\/2024\/02\/korrosion_i_tank_01-1-300x107.jpg 300w\" alt=\"korrosion_i_tank_01\" width=\"700\" height=\"250\"><\/p>\n<h3>Sedimenti<\/h3>\n<p>Il problema pi\u00f9 annoso \u00e8 rappresentato da sedimenti e avanzi che si trovano in fondo alla vasca. L\u00e4gg till alger och annan mikrobiell p\u00e5v\u00e4xt fr\u00e5n v\u00e4ggarna och du har ganska stora m\u00e4ngder sediment efter n\u00e5gra \u00e5r. <\/p>\n<p>Bottenslammet \u00e8 la prima cosa che si cerca di fare nel sistema di sprinkler quando si attiva. Il rischio \u00e8 che il r\u00f6r o gli sprinklerhuvuden si spengano in un luogo chiuso o in un angolo, o comunque in una zona poco illuminata. <\/p>\n<h3>Hur vet jag om jag har en skadad sprinklertank?<\/h3>\n<p>Risolvi il problema con lo sprinklertank<\/p>\n<p>La prima cosa da fare \u00e8 risolvere i problemi con gli sprinklertanken. Puoi trovare il modo di inspektera e di affittare le cisterne in modo regolare. Uno sprinklertank a cielo aperto pu\u00f2 essere una storia d&#8217;amore.  <\/p>\n<p>Una nuova immagine visiva delle cisterne che offre un&#8217;ottima visione. Tienilo dopo i rostfl\u00e4ckar, gli sprickor e i l\u00e4ckage. Cerca di inspektera fogar o anslutningar. \u00c8 un bene che ci sia un&#8217;attenzione particolare per la titolazione dei ner nel serbatoio.   <\/p>\n<p>Con l&#8217;ausilio di un&#8217;analisi dei consumi \u00e8 possibile ottenere un&#8217;analisi reale dell&#8217;insidia dei serbatoi per poterla modificare in base alle proprie esigenze. \u00c8 possibile trovare direttamente lo skador che si comporta in modo diverso. I Dr\u00f6naren possono prendere i bilder o i filmati e gli inspekt\u00f6ren possono analizzarli per poter creare un rapporto dettagliato su eventuali skador o brister.  <\/p>\n<p><iframe allowfullscreen=\"allowfullscreen\" data-src=\"https:\/\/www.youtube.com\/embed\/c4R_IL0Dp20?feature=oembed&amp;start&amp;end&amp;wmode=opaque&amp;loop=0&amp;controls=1&amp;mute=0&amp;rel=0&amp;modestbranding=0\"><\/iframe>  Riproduci il video<\/p>\n<p>Kopterflug, uno dei soci della samarbet in Tyskland, ha deciso di sottovalutare i danni causati dall&#8217;incendio e di spruzzare i serbatoi a pioggia.<\/p>\n<h2>Hai una vasca per l&#8217;irrigazione?<\/h2>\n<p>Prodotti per l&#8217;irrigazione a secco<\/p>\n<p>In tutti i casi in cui si \u00e8 verificata una caduta, \u00e8 possibile trovare una soluzione per la riparazione di uno sprinklertank danneggiato. Da Cistern Solutions Sweden vi ha insegnato per diversi anni a risolvere i problemi con gli sprinklertankar. Il risultato \u00e8 stato un metodo efficace che vi ha permesso di tagliare gli sprinklertankar con resina epossidica.  <\/p>\n<p>Puoi <a href=\"https:\/\/cisternsolutions.eu\/sv\/renovera-sprinklertank\/\">leggere i dettagli del metodo<\/a> e vedere un <a href=\"https:\/\/cisternsolutions.eu\/sv\/referenser\/\">esempio di come si risolvono i problemi<\/a> con gli sprinklertankar per altri clienti.<\/p>\n<p>Se hai uno sprinklertank in legno, non puoi fare a meno di scavare fino all&#8217;osso<strong>! <\/strong>Vi risolviamo i problemi con gli sprinklertankar hela v\u00e4gen da inspektion och f\u00f6rslag p\u00e5 \u00e5tg\u00e4rder fino a genomf\u00f6ra renoveringen.<\/p>\n<h3>Jag vill veta mer om renovering av sprinklertankar<\/h3>\n<form id=\"fluentform_1\" method=\"POST\" data-form_id=\"1\" data-form_instance=\"ff_form_instance_1_2\"><fieldset><legend>Modulo di contatto &#8211; SE<\/legend><input name=\"__fluent_form_embded_post_id\" type=\"hidden\" value=\"5137\"><input id=\"_fluentform_1_fluentformnonce\" name=\"_fluentform_1_fluentformnonce\" type=\"hidden\" value=\"950f5acc30\"><input name=\"_wp_http_referer\" type=\"hidden\" value=\"\/sv\/?page_id=5137&amp;fl_builder\"><label for=\"ff_1_2_names_first_name_\" aria-label=\"Jag heter ...\">Mi chiamo &#8230;<\/label><input id=\"ff_1_2_names_first_name_\" name=\"names[first_name]\" type=\"text\" placeholder=\"Nome e cognome\" aria-invalid=\"false\" aria-required=\"true\/\"><label for=\"ff_1_2_input_text\" aria-label=\"F\u00f6retag\">Attivit\u00e0 commerciale<\/label><input id=\"ff_1_2_input_text\" name=\"input_text\" type=\"text\" placeholder=\"Lavoro...\" data-name=\"input_text\" aria-invalid=\"false\" aria-required=\"true\/\"><label for=\"ff_1_2_email\" aria-label=\"Mejladress\">Indirizzo e-mail<\/label><input id=\"ff_1_2_email\" name=\"email\" type=\"email\" placeholder=\"Scrivimi a ...\" data-name=\"email\" aria-invalid=\"false\" aria-required=\"true\/\"><label for=\"ff_1_2_phone\" aria-label=\"Telefonnummer\">Numero di telefono<\/label><input id=\"ff_1_2_phone\" name=\"phone\" type=\"tel\" placeholder=\"Il mio numero ...\" data-name=\"phone\" aria-invalid=\"false\" aria-required=\"true\/\"><label for=\"ff_1_2_subject\" aria-label=\"\u00c4mne\">Soggetto<\/label><input id=\"ff_1_2_subject\" name=\"subject\" type=\"text\" placeholder=\"Mi interessa ....\" data-name=\"subject\" aria-invalid=\"false\" aria-required=\"true\/\"><label aria-label=\"Typ av tank\">Tipo di serbatoio<\/label><label class=\"ff-el-form-check-label\" for=\"checkbox_1_729e29c94d774146939d7e215748bba4\"><input id=\"checkbox_1_729e29c94d774146939d7e215748bba4\" name=\"checkbox_1[]\" type=\"checkbox\" value=\"Serbatoio dell'irrigatore\" data-name=\"checkbox_1\" aria-label=\"Sprinklertank\" aria-invalid=\"false\" aria-required=\"false\/\"> Serbatoio dell&#8217;irrigatore<\/label><label class=\"ff-el-form-check-label\" for=\"checkbox_1_c0a2333facf596a5ce1cc0be22a60fdb\"><input id=\"checkbox_1_c0a2333facf596a5ce1cc0be22a60fdb\" name=\"checkbox_1[]\" type=\"checkbox\" value=\"Processo di scarico\" data-name=\"checkbox_1\" aria-label=\"Processtank\" aria-invalid=\"false\" aria-required=\"false\/\">  Processo di scarico<\/label><label class=\"ff-el-form-check-label\" for=\"checkbox_1_18bfed6f6bbe74c40962cb9f9464a9ac\"><input id=\"checkbox_1_18bfed6f6bbe74c40962cb9f9464a9ac\" name=\"checkbox_1[]\" type=\"checkbox\" value=\"Altro serbatoio\" data-name=\"checkbox_1\" aria-label=\"Annan tank\" aria-invalid=\"false\" aria-required=\"false\/\"> Altro serbatoio<\/label><label aria-label=\"Tj\u00e4nst  \">Servizio <\/label><label class=\"ff-el-form-check-label\" for=\"checkbox_3e0c5e1eb8d94299c0664d0c575620b6\"><input id=\"checkbox_3e0c5e1eb8d94299c0664d0c575620b6\" name=\"checkbox[]\" type=\"checkbox\" value=\"Ispezione\" data-name=\"checkbox\" aria-label=\"Inspektion\" aria-invalid=\"false\" aria-required=\"false\/\"> Ispezione<\/label><label class=\"ff-el-form-check-label\" for=\"checkbox_44b4ec24fdbe4f048e7eff56d10a25a6\"><input id=\"checkbox_44b4ec24fdbe4f048e7eff56d10a25a6\" name=\"checkbox[]\" type=\"checkbox\" value=\"Rinnovamento\" data-name=\"checkbox\" aria-label=\"Renovering\" aria-invalid=\"false\" aria-required=\"false\/\">  Rinnovamento<\/label><label class=\"ff-el-form-check-label\" for=\"checkbox_a699503afcc68179d056b5dda593b313\"><input id=\"checkbox_a699503afcc68179d056b5dda593b313\" name=\"checkbox[]\" type=\"checkbox\" value=\"Altro\" data-name=\"checkbox\" aria-label=\"Annant\" aria-invalid=\"false\" aria-required=\"false\/\"> Altro<\/label><label for=\"ff_1_2_multi_select_1\" aria-label=\"Antal tankar\">Numero di serbatoi<\/label><select id=\"ff_1_2_multi_select_1\" multiple name=\"multi_select_1[]\" data-name=\"multi_select_1\" data-calc_value=\"0\" aria-invalid=\"false\" aria-required=\"false\">\n<option value=\"\">Numero di serbatoi<\/option>\n<option value=\"0\">0<\/option>\n<option value=\"1\">1<\/option>\n<option value=\"2\">2<\/option>\n<option value=\"3\">3<\/option>\n<option value=\"4\">4<\/option>\n<option value=\"5\">5<\/option>\n<option value=\"6\">6<\/option>\n<option value=\"7\">7<\/option>\n<option value=\"8\">8<\/option>\n<option value=\"9\">9<\/option>\n<option value=\"10 o pi\u00f9\">10 o pi\u00f9<\/option>\n<\/select><label for=\"ff_1_2_message\" aria-label=\"Meddelande\">Messaggio<\/label><textarea id=\"ff_1_2_message\" cols=\"2\" name=\"message\" rows=\"4\" placeholder=\"Scrivi i tuoi commenti e le tue domande su ....\" aria-invalid=\"false\" aria-required=\"true\" data-name=\"message\"><\/textarea><label class=\"ff-el-form-check-label ff_tc_label\" for=\"gdpr-agreement_d3f775089a014b6ee2ec6725f40311ba\" aria-label=\"terms &amp; conditions\"><input id=\"gdpr-agreement_d3f775089a014b6ee2ec6725f40311ba\" name=\"gdpr-agreement\" type=\"checkbox\" value=\"su\" data-name=\"gdpr-agreement\" aria-invalid=\"false\" aria-required=\"true\/\"> Acconsento che questo sito Web memorizzi le informazioni inviate in modo che possano rispondere alla mia richiesta. Le informazioni sono disponibili da 1 anno.  <\/label><button type=\"submit\">Inviare<\/button><\/fieldset><\/form>","protected":false},"excerpt":{"rendered":"<p>Serbatoio dell&#8217;irrigatore danneggiato &#8211; cause e misure Rischio di un serbatoio a serbatoio dell&#8217;irrigatore Per ottenere un marchio completo, \u00e8 necessario che tutti i componenti dell&#8217;impianto di irrigazione funzionino in modo corretto. Uno serbatoio dell&#8217;irrigatore di dimensioni ridotte pu\u00f2 essere utilizzato per la pulizia dell&#8217;acqua. Se la cisterna si riempie &#8230; <a title=\"Serbatoio dell&#8217;irrigatore danneggiato\" class=\"read-more\" href=\"https:\/\/cisternsolutions.eu\/it\/serbatoio-dellirrigatore-danneggiato\/\" aria-label=\"Per saperne di pi\u00f9 su Serbatoio dell&#8217;irrigatore danneggiato\">L\u00e4s mer<\/a><\/p>\n","protected":false},"author":4,"featured_media":0,"parent":0,"menu_order":0,"comment_status":"closed","ping_status":"closed","template":"","meta":{"footnotes":""},"class_list":["post-7413","page","type-page","status-publish"],"yoast_head":"<!-- This site is optimized with the Yoast SEO plugin v27.4 - https:\/\/yoast.com\/product\/yoast-seo-wordpress\/ -->\n<title>Ripara il serbatoio danneggiato con resina epossidica | Cistern Solutions Sweden<\/title>\n<meta name=\"description\" content=\"\u00c8 possibile riparare un serbatoio sprinkler danneggiato! Abbiamo molti anni di esperienza nella riparazione di serbatoi sprinkler danneggiati con resina epossidica rinforzata. Per saperne di pi\u00f9 ...\" \/>\n<meta name=\"robots\" content=\"index, follow, max-snippet:-1, max-image-preview:large, max-video-preview:-1\" \/>\n<link rel=\"canonical\" href=\"https:\/\/cisternsolutions.eu\/it\/serbatoio-dellirrigatore-danneggiato\/\" \/>\n<meta property=\"og:locale\" content=\"it_IT\" \/>\n<meta property=\"og:type\" content=\"article\" \/>\n<meta property=\"og:title\" content=\"Ripara il serbatoio danneggiato con resina epossidica | Cistern Solutions Sweden\" \/>\n<meta property=\"og:description\" content=\"\u00c8 possibile riparare un serbatoio sprinkler danneggiato! Abbiamo molti anni di esperienza nella riparazione di serbatoi sprinkler danneggiati con resina epossidica rinforzata. Per saperne di pi\u00f9 ...\" \/>\n<meta property=\"og:url\" content=\"https:\/\/cisternsolutions.eu\/it\/serbatoio-dellirrigatore-danneggiato\/\" \/>\n<meta property=\"og:site_name\" content=\"Cistern Solutions Sweden\" \/>\n<meta property=\"article:modified_time\" content=\"2024-10-23T14:42:03+00:00\" \/>\n<meta property=\"og:image\" content=\"https:\/\/cisternsolutions.eu\/wp-content\/uploads\/2024\/02\/korrosion_i_tank_03.jpg\" \/>\n<meta name=\"twitter:card\" content=\"summary_large_image\" \/>\n<meta name=\"twitter:label1\" content=\"Tempo di lettura stimato\" \/>\n\t<meta name=\"twitter:data1\" content=\"5 minuti\" \/>\n<script type=\"application\/ld+json\" class=\"yoast-schema-graph\">{\"@context\":\"https:\\\/\\\/schema.org\",\"@graph\":[{\"@type\":\"WebPage\",\"@id\":\"https:\\\/\\\/cisternsolutions.eu\\\/it\\\/serbatoio-dellirrigatore-danneggiato\\\/\",\"url\":\"https:\\\/\\\/cisternsolutions.eu\\\/it\\\/serbatoio-dellirrigatore-danneggiato\\\/\",\"name\":\"Ripara il serbatoio danneggiato con resina epossidica | Cistern Solutions Sweden\",\"isPartOf\":{\"@id\":\"https:\\\/\\\/cisternsolutions.eu\\\/it\\\/#website\"},\"primaryImageOfPage\":{\"@id\":\"https:\\\/\\\/cisternsolutions.eu\\\/it\\\/serbatoio-dellirrigatore-danneggiato\\\/#primaryimage\"},\"image\":{\"@id\":\"https:\\\/\\\/cisternsolutions.eu\\\/it\\\/serbatoio-dellirrigatore-danneggiato\\\/#primaryimage\"},\"thumbnailUrl\":\"https:\\\/\\\/cisternsolutions.eu\\\/wp-content\\\/uploads\\\/2024\\\/02\\\/korrosion_i_tank_03.jpg\",\"datePublished\":\"2024-03-05T14:06:53+00:00\",\"dateModified\":\"2024-10-23T14:42:03+00:00\",\"description\":\"\u00c8 possibile riparare un serbatoio sprinkler danneggiato! Abbiamo molti anni di esperienza nella riparazione di serbatoi sprinkler danneggiati con resina epossidica rinforzata. Per saperne di pi\u00f9 ...\",\"breadcrumb\":{\"@id\":\"https:\\\/\\\/cisternsolutions.eu\\\/it\\\/serbatoio-dellirrigatore-danneggiato\\\/#breadcrumb\"},\"inLanguage\":\"it-IT\",\"potentialAction\":[{\"@type\":\"ReadAction\",\"target\":[\"https:\\\/\\\/cisternsolutions.eu\\\/it\\\/serbatoio-dellirrigatore-danneggiato\\\/\"]}]},{\"@type\":\"ImageObject\",\"inLanguage\":\"it-IT\",\"@id\":\"https:\\\/\\\/cisternsolutions.eu\\\/it\\\/serbatoio-dellirrigatore-danneggiato\\\/#primaryimage\",\"url\":\"https:\\\/\\\/cisternsolutions.eu\\\/wp-content\\\/uploads\\\/2024\\\/02\\\/korrosion_i_tank_03.jpg\",\"contentUrl\":\"https:\\\/\\\/cisternsolutions.eu\\\/wp-content\\\/uploads\\\/2024\\\/02\\\/korrosion_i_tank_03.jpg\"},{\"@type\":\"BreadcrumbList\",\"@id\":\"https:\\\/\\\/cisternsolutions.eu\\\/it\\\/serbatoio-dellirrigatore-danneggiato\\\/#breadcrumb\",\"itemListElement\":[{\"@type\":\"ListItem\",\"position\":1,\"name\":\"Hem\",\"item\":\"https:\\\/\\\/cisternsolutions.eu\\\/it\\\/pagina-iniziale\\\/\"},{\"@type\":\"ListItem\",\"position\":2,\"name\":\"Serbatoio dell&#8217;irrigatore danneggiato\"}]},{\"@type\":\"WebSite\",\"@id\":\"https:\\\/\\\/cisternsolutions.eu\\\/it\\\/#website\",\"url\":\"https:\\\/\\\/cisternsolutions.eu\\\/it\\\/\",\"name\":\"Cistern Solutions Sweden\",\"description\":\"Cistern Solutions Sweden\",\"publisher\":{\"@id\":\"https:\\\/\\\/cisternsolutions.eu\\\/it\\\/#organization\"},\"potentialAction\":[{\"@type\":\"SearchAction\",\"target\":{\"@type\":\"EntryPoint\",\"urlTemplate\":\"https:\\\/\\\/cisternsolutions.eu\\\/it\\\/?s={search_term_string}\"},\"query-input\":{\"@type\":\"PropertyValueSpecification\",\"valueRequired\":true,\"valueName\":\"search_term_string\"}}],\"inLanguage\":\"it-IT\"},{\"@type\":\"Organization\",\"@id\":\"https:\\\/\\\/cisternsolutions.eu\\\/it\\\/#organization\",\"name\":\"| Cistern Solutions Sweden AB\",\"url\":\"https:\\\/\\\/cisternsolutions.eu\\\/it\\\/\",\"logo\":{\"@type\":\"ImageObject\",\"inLanguage\":\"it-IT\",\"@id\":\"https:\\\/\\\/cisternsolutions.eu\\\/it\\\/#\\\/schema\\\/logo\\\/image\\\/\",\"url\":\"https:\\\/\\\/cisternsolutions.eu\\\/wp-content\\\/uploads\\\/2023\\\/11\\\/CisternSolutions_orginal-logo.png\",\"contentUrl\":\"https:\\\/\\\/cisternsolutions.eu\\\/wp-content\\\/uploads\\\/2023\\\/11\\\/CisternSolutions_orginal-logo.png\",\"width\":1045,\"height\":293,\"caption\":\"| Cistern Solutions Sweden AB\"},\"image\":{\"@id\":\"https:\\\/\\\/cisternsolutions.eu\\\/it\\\/#\\\/schema\\\/logo\\\/image\\\/\"}}]}<\/script>\n<!-- \/ Yoast SEO plugin. -->","yoast_head_json":{"title":"Ripara il serbatoio danneggiato con resina epossidica | Cistern Solutions Sweden","description":"\u00c8 possibile riparare un serbatoio sprinkler danneggiato! Abbiamo molti anni di esperienza nella riparazione di serbatoi sprinkler danneggiati con resina epossidica rinforzata. Per saperne di pi\u00f9 ...","robots":{"index":"index","follow":"follow","max-snippet":"max-snippet:-1","max-image-preview":"max-image-preview:large","max-video-preview":"max-video-preview:-1"},"canonical":"https:\/\/cisternsolutions.eu\/it\/serbatoio-dellirrigatore-danneggiato\/","og_locale":"it_IT","og_type":"article","og_title":"Ripara il serbatoio danneggiato con resina epossidica | Cistern Solutions Sweden","og_description":"\u00c8 possibile riparare un serbatoio sprinkler danneggiato! Abbiamo molti anni di esperienza nella riparazione di serbatoi sprinkler danneggiati con resina epossidica rinforzata. Per saperne di pi\u00f9 ...","og_url":"https:\/\/cisternsolutions.eu\/it\/serbatoio-dellirrigatore-danneggiato\/","og_site_name":"Cistern Solutions Sweden","article_modified_time":"2024-10-23T14:42:03+00:00","og_image":[{"url":"https:\/\/cisternsolutions.eu\/wp-content\/uploads\/2024\/02\/korrosion_i_tank_03.jpg","type":"","width":"","height":""}],"twitter_card":"summary_large_image","twitter_misc":{"Tempo di lettura stimato":"5 minuti"},"schema":{"@context":"https:\/\/schema.org","@graph":[{"@type":"WebPage","@id":"https:\/\/cisternsolutions.eu\/it\/serbatoio-dellirrigatore-danneggiato\/","url":"https:\/\/cisternsolutions.eu\/it\/serbatoio-dellirrigatore-danneggiato\/","name":"Ripara il serbatoio danneggiato con resina epossidica | Cistern Solutions Sweden","isPartOf":{"@id":"https:\/\/cisternsolutions.eu\/it\/#website"},"primaryImageOfPage":{"@id":"https:\/\/cisternsolutions.eu\/it\/serbatoio-dellirrigatore-danneggiato\/#primaryimage"},"image":{"@id":"https:\/\/cisternsolutions.eu\/it\/serbatoio-dellirrigatore-danneggiato\/#primaryimage"},"thumbnailUrl":"https:\/\/cisternsolutions.eu\/wp-content\/uploads\/2024\/02\/korrosion_i_tank_03.jpg","datePublished":"2024-03-05T14:06:53+00:00","dateModified":"2024-10-23T14:42:03+00:00","description":"\u00c8 possibile riparare un serbatoio sprinkler danneggiato! Abbiamo molti anni di esperienza nella riparazione di serbatoi sprinkler danneggiati con resina epossidica rinforzata. Per saperne di pi\u00f9 ...","breadcrumb":{"@id":"https:\/\/cisternsolutions.eu\/it\/serbatoio-dellirrigatore-danneggiato\/#breadcrumb"},"inLanguage":"it-IT","potentialAction":[{"@type":"ReadAction","target":["https:\/\/cisternsolutions.eu\/it\/serbatoio-dellirrigatore-danneggiato\/"]}]},{"@type":"ImageObject","inLanguage":"it-IT","@id":"https:\/\/cisternsolutions.eu\/it\/serbatoio-dellirrigatore-danneggiato\/#primaryimage","url":"https:\/\/cisternsolutions.eu\/wp-content\/uploads\/2024\/02\/korrosion_i_tank_03.jpg","contentUrl":"https:\/\/cisternsolutions.eu\/wp-content\/uploads\/2024\/02\/korrosion_i_tank_03.jpg"},{"@type":"BreadcrumbList","@id":"https:\/\/cisternsolutions.eu\/it\/serbatoio-dellirrigatore-danneggiato\/#breadcrumb","itemListElement":[{"@type":"ListItem","position":1,"name":"Hem","item":"https:\/\/cisternsolutions.eu\/it\/pagina-iniziale\/"},{"@type":"ListItem","position":2,"name":"Serbatoio dell&#8217;irrigatore danneggiato"}]},{"@type":"WebSite","@id":"https:\/\/cisternsolutions.eu\/it\/#website","url":"https:\/\/cisternsolutions.eu\/it\/","name":"Cistern Solutions Sweden","description":"Cistern Solutions Sweden","publisher":{"@id":"https:\/\/cisternsolutions.eu\/it\/#organization"},"potentialAction":[{"@type":"SearchAction","target":{"@type":"EntryPoint","urlTemplate":"https:\/\/cisternsolutions.eu\/it\/?s={search_term_string}"},"query-input":{"@type":"PropertyValueSpecification","valueRequired":true,"valueName":"search_term_string"}}],"inLanguage":"it-IT"},{"@type":"Organization","@id":"https:\/\/cisternsolutions.eu\/it\/#organization","name":"| Cistern Solutions Sweden AB","url":"https:\/\/cisternsolutions.eu\/it\/","logo":{"@type":"ImageObject","inLanguage":"it-IT","@id":"https:\/\/cisternsolutions.eu\/it\/#\/schema\/logo\/image\/","url":"https:\/\/cisternsolutions.eu\/wp-content\/uploads\/2023\/11\/CisternSolutions_orginal-logo.png","contentUrl":"https:\/\/cisternsolutions.eu\/wp-content\/uploads\/2023\/11\/CisternSolutions_orginal-logo.png","width":1045,"height":293,"caption":"| Cistern Solutions Sweden AB"},"image":{"@id":"https:\/\/cisternsolutions.eu\/it\/#\/schema\/logo\/image\/"}}]}},"_links":{"self":[{"href":"https:\/\/cisternsolutions.eu\/it\/wp-json\/wp\/v2\/pages\/7413","targetHints":{"allow":["GET"]}}],"collection":[{"href":"https:\/\/cisternsolutions.eu\/it\/wp-json\/wp\/v2\/pages"}],"about":[{"href":"https:\/\/cisternsolutions.eu\/it\/wp-json\/wp\/v2\/types\/page"}],"author":[{"embeddable":true,"href":"https:\/\/cisternsolutions.eu\/it\/wp-json\/wp\/v2\/users\/4"}],"replies":[{"embeddable":true,"href":"https:\/\/cisternsolutions.eu\/it\/wp-json\/wp\/v2\/comments?post=7413"}],"version-history":[{"count":1,"href":"https:\/\/cisternsolutions.eu\/it\/wp-json\/wp\/v2\/pages\/7413\/revisions"}],"predecessor-version":[{"id":7418,"href":"https:\/\/cisternsolutions.eu\/it\/wp-json\/wp\/v2\/pages\/7413\/revisions\/7418"}],"wp:attachment":[{"href":"https:\/\/cisternsolutions.eu\/it\/wp-json\/wp\/v2\/media?parent=7413"}],"curies":[{"name":"wp","href":"https:\/\/api.w.org\/{rel}","templated":true}]}}