{"id":7405,"date":"2024-03-05T10:35:13","date_gmt":"2024-03-05T09:35:13","guid":{"rendered":"https:\/\/cisternsolutions.eu\/cisterne\/"},"modified":"2026-01-13T17:14:57","modified_gmt":"2026-01-13T16:14:57","slug":"risanamento-dei-serbatoi","status":"publish","type":"page","link":"https:\/\/cisternsolutions.eu\/it\/risanamento-dei-serbatoi\/","title":{"rendered":"Risanamento dei serbatoi"},"content":{"rendered":"\r\n<h1>Salva la tua cisterna<\/h1>\r\n<p>&#8211; soluzione intelligente con epossidica rinforzata<\/p>\r\n<h2>La stessa soluzione per tutti i tipi di vasche*.<\/h2>\r\n<p>Cisterna o serbatoio? Cosa ne pensi? Qualunque sia il loro nome, hanno la stessa funzione: immagazzinare liquidi. Un serbatoio pu\u00f2 contenere liquidi infiammabili, sostanze chimiche o olio. Una cisterna pu\u00f2 essere utilizzata per l&#8217;acqua potabile, l&#8217;acqua di processo o l&#8217;acqua per scopi antincendio, come ad esempio un serbatoio sprinkler. Le cisterne possono essere realizzate in cemento, lamiera zincata e acciaio inossidabile. Le cisterne possono anche essere realizzate in plastica rinforzata con fibra di vetro o in polietilene. Le dimensioni possono variare da pochi metri cubi a diverse centinaia di metri cubi. Dati i volumi e le sostanze pericolose che una cisterna pu\u00f2 contenere, \u00e8 estremamente importante che non si rompa o non abbia perdite. Se un serbatoio contenente petrolio o sostanze chimiche crolla, pu\u00f2 causare gravi danni sia alle persone che alla natura. Cosa devi fare se sospetti che una cisterna non sia pi\u00f9 in buone condizioni? Deve essere sostituita o c&#8217;\u00e8 un modo per salvarla in modo sicuro, sostenibile ed economico?<\/p>\r\n<p><strong>Cistern Solutions Sweden ha sviluppato un metodo per riparare le cisterne con un rivestimento epossidico.<\/strong> Questa soluzione d\u00e0 una nuova vita alla cisterna e in linea di massima pu\u00f2 essere utilizzata su tutti i tipi di cisterne. Nella maggior parte dei casi, possiamo effettuare la ristrutturazione senza interrompere le tue attivit\u00e0 quotidiane.<\/p>\r\n<p><em>*) Si prega di notare che tutti i riferimenti a regolamenti, leggi e autorit\u00e0 presenti sul sito web si riferiscono alla Svezia e alle condizioni svedesi. <\/em><\/p>\r\n<h3>Contattatemi!<\/h3>\r\n<form id=\"fluentform_26\" method=\"POST\" data-form_id=\"26\" data-form_instance=\"ff_form_instance_26_1\" data-recptcha_key=\"6LclVsMpAAAAALbQlfjI40nUI01kkMo-WKOg0nvc\"><fieldset><legend>Modulo di contatto rapido &#8211; IT (#26)<\/legend><input name=\"__fluent_form_embded_post_id\" type=\"hidden\" value=\"7405\" \/><input id=\"_fluentform_26_fluentformnonce\" name=\"_fluentform_26_fluentformnonce\" type=\"hidden\" value=\"be071153a0\" \/><input name=\"_wp_http_referer\" type=\"hidden\" value=\"\/it\/?page_id=7405&amp;fl_builder\" \/><input id=\"ff_26_names_first_name_\" name=\"names[first_name]\" type=\"text\" placeholder=\"v\" aria-invalid=\"false\" aria-required=\"true\/\" \/><input id=\"ff_26_email\" name=\"email\" type=\"email\" placeholder=\"Mandami un'email a...\" data-name=\"email\" aria-invalid=\"false\" aria-required=\"true\/\" \/><textarea id=\"ff_26_message\" cols=\"2\" name=\"message\" rows=\"4\" placeholder=\"Contattatemi per ...\" aria-invalid=\"false\" aria-required=\"true\" data-name=\"message\"><\/textarea><label class=\"ff-el-form-check-label ff_tc_label\" for=\"gdpr-agreement_5e70e9c0c9cf0786db5e2ef13d892ff9\" aria-label=\"terms &amp; conditions\"><input id=\"gdpr-agreement_5e70e9c0c9cf0786db5e2ef13d892ff9\" name=\"gdpr-agreement\" type=\"checkbox\" value=\"on\" data-name=\"gdpr-agreement\" aria-invalid=\"false\" aria-required=\"true\/\" \/> Acconsento che questo sito web memorizzi le informazioni da me inviate in modo che possano rispondere alla mia richiesta. Le informazioni vengono conservate per 1 anno.<\/label><button type=\"submit\">Inviare<\/button><\/fieldset><\/form>\r\n<h3>Abbiamo soluzioni per:<\/h3>\r\n<ul>\r\n<li>Serbatoi di olio<\/li>\r\n<li>Serbatoi chimici<\/li>\r\n<li>Serbatoi d&#8217;acqua<\/li>\r\n<li><a href=\"https:\/\/cisternsolutions.eu\/sprinklertankar\/\">Serbatoi per irrigatori<\/a><\/li>\r\n<li>Cisterne in cemento<\/li>\r\n<li>Serbatoi di biogas<\/li>\r\n<\/ul>\r\n<h3>Cosa pu\u00f2 influenzare la resistenza di una cisterna?<\/h3>\r\n<p>Il design, il materiale e il liquido contenuto nella vasca influiscono sulla sua durata e sul suo ciclo di vita. Ecco alcuni esempi di ci\u00f2 che pu\u00f2 accadere: I serbatoi in plastica possono essere danneggiati dagli additivi presenti nel petrolio e nei liquidi infiammabili. I serbatoi in acciaio finiscono per arrugginire, anche se la lamiera \u00e8 zincata. Se il rivestimento di zinco subisce danni meccanici, la lamiera pu\u00f2 essere esposta all&#8217;ossigeno o alle sostanze chimiche presenti nel liquido e iniziare ad arrugginire. Una volta che le pareti iniziano ad arrugginire, c&#8217;\u00e8 un alto rischio che le scaglie si stacchino e formino una melma spessa sul fondo. In un serbatoio sprinkler questo \u00e8 un problema serio. In caso di allarme, il fango viene spinto nel sistema di irrigazione e pu\u00f2 facilmente intasare i tubi e le testine degli irrigatori.<\/p>\r\n<h3>Regole sulle cisterne<\/h3>\r\n<p>Chiunque abbia una cisterna nella propria propriet\u00e0 o nella propria attivit\u00e0 ha la responsabilit\u00e0 di mantenerla sicura. Il semplice fatto che il liquido eserciti un&#8217;enorme pressione sul fondo e sulle pareti \u00e8 un fattore di rischio. Una cisterna \u00e8 infatti considerata un dispositivo pressurizzato. Per alcune cisterne, ad esempio quelle che contengono olio e liquidi infiammabili, le ispezioni devono essere effettuate regolarmente da organismi di controllo accreditati. Anche una cisterna d&#8217;acqua deve essere ispezionata regolarmente. Una cisterna sprinkler deve essere conforme alle condizioni della norma ISO 6182-1:2021 e deve essere controllata, ad esempio, ogni 10 anni.<\/p>\r\n<p><img decoding=\"async\" title=\"inspection_of_tank\" src=\"https:\/\/cisternsolutions.eu\/wp-content\/uploads\/2024\/03\/inspection_of_tank.jpg\" sizes=\"(max-width: 700px) 100vw, 700px\" srcset=\"https:\/\/cisternsolutions.eu\/wp-content\/uploads\/2024\/03\/inspection_of_tank.jpg 700w, https:\/\/cisternsolutions.eu\/wp-content\/uploads\/2024\/03\/inspection_of_tank-300x171.jpg 300w\" alt=\"inspection_of_tank\" width=\"700\" height=\"400\" \/><\/p>\r\n<p>\u00c8 necessario ispezionare regolarmente il serbatoio e le relative tubature. L&#8217;ispezione dei serbatoi deve essere effettuata da un&#8217;azienda accreditata.<\/p>\r\n<h3>Hai una responsabilit\u00e0 per tutto il ciclo di vita del serbatoio<\/h3>\r\n<p>Prima di installare una cisterna, \u00e8 importante informarsi sulle normative vigenti e sull&#8217;eventuale necessit\u00e0 di informare le autorit\u00e0. Una volta che la cisterna \u00e8 in uso, \u00e8 importante che la manutenzione e i controlli periodici siano eseguiti correttamente. Se stai smantellando una cisterna, in genere devi informare il comune. Anche l&#8217;Agenzia per la Protezione dell&#8217;Ambiente ha dei regolamenti che si applicano quando una cisterna viene smantellata. Questo include lo svuotamento e la pulizia. Se possibile, dovrebbe essere rimossa. Un&#8217;altra opzione \u00e8 quella di riempire la cisterna di sabbia o di impedire in qualche modo che venga riempita di nuovo.<\/p>\r\n<h3>Autorit\u00e0 preposte alla prescrizione<\/h3>\r\n<p>MSB L&#8217;Esecutivo per la salute e la sicurezza Agenzia per la protezione dell&#8217;ambiente Boverket: MSB<\/p>\r\n<p>MSB (Agenzia Svedese per le Emergenze Civili): Qui troverai le norme e i consigli generali sui serbatoi con tubazioni collegate per liquidi infiammabili.<\/p>\r\n<p>L&#8217;Esecutivo per la salute e la sicurezza<\/p>\r\n<p>L&#8217;Autorit\u00e0 svedese per l&#8217;ambiente di lavoro ha emanato delle norme per prevenire malattie e infortuni.<\/p>\r\n<p>Agenzia per la protezione dell&#8217;ambiente<\/p>\r\n<p>L&#8217;Agenzia per la Protezione dell&#8217;Ambiente ha delle direttive che proteggono il suolo e l&#8217;acqua dall&#8217;inquinamento. Le norme riguardano, tra l&#8217;altro, le cisterne da 250 litri o pi\u00f9 contenenti oli esausti o liquidi infiammabili.<\/p>\r\n<p>Boverket:<\/p>\r\n<p>Le cisterne fisse possono essere soggette a PBL (Planning and Building Act).<\/p>\r\n<h2>Risparmia la tua cisterna, il serbatoio dell&#8217;acqua o il serbatoio dell&#8217;irrigatore invece di sostituirlo?<\/h2>\r\n<p>Vuoi saperne di pi\u00f9 sulle soluzioni di Cistern Solutions Sweden per i serbatoi da ristrutturare?<\/p>\r\n<p><strong>Contattaci tramite il modulo o trova il <a href=\"https:\/\/cisternsolutions.eu\/it\/contattaci\/\">numero diretto qui<\/a>.<\/strong><\/p>\r\n<p>Leggi come abbiamo <a href=\"https:\/\/cisternsolutions.eu\/it\/ristrutturazione-dei-serbatoi-degli-sprinkler-a-ransby-e-torsby\/\">ristrutturato una cisterna per sprinkler<\/a> senza interrompere le attivit\u00e0 del cliente. Una descrizione generale di come possiamo <a href=\"https:\/\/cisternsolutions.eu\/it\/ristrutturare-il-serbatoio-dellirrigatore\/\">salvare la tua cisterna<\/a> con il rivestimento epossidico \u00e8 disponibile qui. Il principio \u00e8 lo stesso per la maggior parte delle cisterne. Dai un&#8217;occhiata ad altri nostri <a href=\"https:\/\/cisternsolutions.eu\/it\/riferimenti\/\">progetti di riferimento<\/a>.<\/p>\r\n<h3>Voglio saperne di pi\u00f9 sulla ristrutturazione delle cisterne<\/h3>\r\n<form id=\"fluentform_25\" method=\"POST\" data-form_id=\"25\" data-form_instance=\"ff_form_instance_25_2\" data-recptcha_key=\"6LclVsMpAAAAALbQlfjI40nUI01kkMo-WKOg0nvc\"><fieldset><legend>Modulo di contatto &#8211; IT (#25)<\/legend><input name=\"__fluent_form_embded_post_id\" type=\"hidden\" value=\"7405\" \/><input id=\"_fluentform_25_fluentformnonce\" name=\"_fluentform_25_fluentformnonce\" type=\"hidden\" value=\"be071153a0\" \/><input name=\"_wp_http_referer\" type=\"hidden\" value=\"\/it\/?page_id=7405&amp;fl_builder\" \/><label for=\"ff_25_2_names_first_name_\" aria-label=\"Il mio nome\">Il mio nome<\/label><input id=\"ff_25_2_names_first_name_\" name=\"names[first_name]\" type=\"text\" placeholder=\"Nome e cognome ...\" aria-invalid=\"false\" aria-required=\"true\/\" \/><label for=\"ff_25_2_input_text\" aria-label=\"Azienda\">Azienda<\/label><input id=\"ff_25_2_input_text\" name=\"input_text\" type=\"text\" placeholder=\"Lavoro presso...\" data-name=\"input_text\" aria-invalid=\"false\" aria-required=\"true\/\" \/><label for=\"ff_25_2_email\" aria-label=\"Indirizzo e-mail\">Indirizzo e-mail<\/label><input id=\"ff_25_2_email\" name=\"email\" type=\"email\" placeholder=\"Mandami un'email a...\" data-name=\"email\" aria-invalid=\"false\" aria-required=\"true\/\" \/><label for=\"ff_25_2_phone\" aria-label=\"Numero di telefono\">Numero di telefono<\/label><input id=\"ff_25_2_phone\" name=\"phone\" type=\"tel\" placeholder=\"Il mio numero...\" data-name=\"phone\" aria-invalid=\"false\" aria-required=\"true\/\" \/><label for=\"ff_25_2_subject\" aria-label=\"Soggetto\">Soggetto<\/label><input id=\"ff_25_2_subject\" name=\"subject\" type=\"text\" placeholder=\"Sono interessato a ....\" data-name=\"subject\" aria-invalid=\"false\" aria-required=\"true\/\" \/><label aria-label=\"Tipo di serbatoio\">Tipo di serbatoio<\/label><label class=\"ff-el-form-check-label\" for=\"checkbox_1_6bbc126e69a7657ae0848c5966bf4033\"><input id=\"checkbox_1_6bbc126e69a7657ae0848c5966bf4033\" name=\"checkbox_1[]\" type=\"checkbox\" value=\"Serbatoio di irrigazione\" data-name=\"checkbox_1\" aria-label=\"Serbatoio di irrigazione\" aria-invalid=\"false\" aria-required=\"false\/\" \/> Serbatoio di irrigazione<\/label><label class=\"ff-el-form-check-label\" for=\"checkbox_1_8c3ff194becbff13a1a17024ed1f4f12\"><input id=\"checkbox_1_8c3ff194becbff13a1a17024ed1f4f12\" name=\"checkbox_1[]\" type=\"checkbox\" value=\"Serbatoio dell'acqua di processo\" data-name=\"checkbox_1\" aria-label=\"Serbatoio dell'acqua di processo\" aria-invalid=\"false\" aria-required=\"false\/\" \/> Serbatoio dell&#8217;acqua di processo<\/label><label class=\"ff-el-form-check-label\" for=\"checkbox_1_2285491706ee1101cee01c09f988a3d8\"><input id=\"checkbox_1_2285491706ee1101cee01c09f988a3d8\" name=\"checkbox_1[]\" type=\"checkbox\" value=\"Altri tipi di serbatoi\" data-name=\"checkbox_1\" aria-label=\"Altri tipi di serbatoi\" aria-invalid=\"false\" aria-required=\"false\/\" \/> Altri tipi di serbatoi<\/label><label aria-label=\"Servizio\">Servizio<\/label><label class=\"ff-el-form-check-label\" for=\"checkbox_d5ff5814bd48daa93497e90eea522ee6\"><input id=\"checkbox_d5ff5814bd48daa93497e90eea522ee6\" name=\"checkbox[]\" type=\"checkbox\" value=\"Ispezione\" data-name=\"checkbox\" aria-label=\"Ispezione\" aria-invalid=\"false\" aria-required=\"false\/\" \/> Ispezione<\/label><label class=\"ff-el-form-check-label\" for=\"checkbox_f706ae5a7e8fb076fc8fbc23ffb29c2c\"><input id=\"checkbox_f706ae5a7e8fb076fc8fbc23ffb29c2c\" name=\"checkbox[]\" type=\"checkbox\" value=\"Ristrutturazione\" data-name=\"checkbox\" aria-label=\"Ristrutturazione\" aria-invalid=\"false\" aria-required=\"false\/\" \/> Ristrutturazione<\/label><label class=\"ff-el-form-check-label\" for=\"checkbox_5a923c045df46daf7f1691bc803b0a8f\"><input id=\"checkbox_5a923c045df46daf7f1691bc803b0a8f\" name=\"checkbox[]\" type=\"checkbox\" value=\"Altro\" data-name=\"checkbox\" aria-label=\"Altro\" aria-invalid=\"false\" aria-required=\"false\/\" \/> Altro<\/label><label for=\"ff_25_2_multi_select_1\" aria-label=\"Numero di serbatoi\">Numero di serbatoi<\/label><select id=\"ff_25_2_multi_select_1\" multiple=\"multiple\" name=\"multi_select_1[]\" data-name=\"multi_select_1\" data-calc_value=\"0\" aria-invalid=\"false\" aria-required=\"false\">\r\n<option value=\"\">Number of tanks<\/option>\r\n<option value=\"0\">0<\/option>\r\n<option value=\"1\">1<\/option>\r\n<option value=\"2\">2<\/option>\r\n<option value=\"3\">3<\/option>\r\n<option value=\"4\">4<\/option>\r\n<option value=\"5\">5<\/option>\r\n<option value=\"6\">6<\/option>\r\n<option value=\"7\">7<\/option>\r\n<option value=\"8\">8<\/option>\r\n<option value=\"9\">9<\/option>\r\n<option value=\"10 eller fler\">10 eller fler<\/option>\r\n<\/select><label for=\"ff_25_2_message\" aria-label=\"Messaggio\">Messaggio<\/label><textarea id=\"ff_25_2_message\" cols=\"2\" name=\"message\" rows=\"4\" placeholder=\"Ulteriori domande o commenti...\" aria-invalid=\"false\" aria-required=\"true\" data-name=\"message\"><\/textarea><label class=\"ff-el-form-check-label ff_tc_label\" for=\"gdpr-agreement_8ac221486372e887fa38617ef2604348\" aria-label=\"terms &amp; conditions\"><input id=\"gdpr-agreement_8ac221486372e887fa38617ef2604348\" name=\"gdpr-agreement\" type=\"checkbox\" value=\"on\" data-name=\"gdpr-agreement\" aria-invalid=\"false\" aria-required=\"true\/\" \/> Acconsento che questo sito web memorizzi le informazioni da me inviate in modo che possano rispondere alla mia richiesta. Le informazioni vengono conservate per 1 anno.<\/label><button type=\"submit\">Inviare<\/button><\/fieldset><\/form>","protected":false},"excerpt":{"rendered":"<p>Salva la tua cisterna &#8211; soluzione intelligente con epossidica rinforzata La stessa soluzione per tutti i tipi di vasche*. Cisterna o serbatoio? Cosa ne pensi? Qualunque sia il loro nome, hanno la stessa funzione: immagazzinare liquidi. Un serbatoio pu\u00f2 contenere liquidi infiammabili, sostanze chimiche o olio. Una cisterna pu\u00f2 essere &#8230; <a title=\"Risanamento dei serbatoi\" class=\"read-more\" href=\"https:\/\/cisternsolutions.eu\/it\/risanamento-dei-serbatoi\/\" aria-label=\"Per saperne di pi\u00f9 su Risanamento dei serbatoi\">L\u00e4s mer<\/a><\/p>\n","protected":false},"author":4,"featured_media":0,"parent":0,"menu_order":0,"comment_status":"closed","ping_status":"closed","template":"","meta":{"footnotes":""},"class_list":["post-7405","page","type-page","status-publish"],"yoast_head":"<!-- This site is optimized with the Yoast SEO plugin v27.4 - https:\/\/yoast.com\/product\/yoast-seo-wordpress\/ -->\n<title>Rinnoviamo tutti i tipi di cisterne | Cistern Solutions Sweden<\/title>\n<meta name=\"description\" content=\"Abbiamo una soluzione per rinnovare tutti i tipi di cisterne (cisterne per irrigatori, cisterne per l&#039;acqua, ecc.). Scopri come salvare la tua cisterna.\" \/>\n<meta name=\"robots\" content=\"index, follow, max-snippet:-1, max-image-preview:large, max-video-preview:-1\" \/>\n<link rel=\"canonical\" href=\"https:\/\/cisternsolutions.eu\/it\/risanamento-dei-serbatoi\/\" \/>\n<meta property=\"og:locale\" content=\"it_IT\" \/>\n<meta property=\"og:type\" content=\"article\" \/>\n<meta property=\"og:title\" content=\"Rinnoviamo tutti i tipi di cisterne | Cistern Solutions Sweden\" \/>\n<meta property=\"og:description\" content=\"Abbiamo una soluzione per rinnovare tutti i tipi di cisterne (cisterne per irrigatori, cisterne per l&#039;acqua, ecc.). Scopri come salvare la tua cisterna.\" \/>\n<meta property=\"og:url\" content=\"https:\/\/cisternsolutions.eu\/it\/risanamento-dei-serbatoi\/\" \/>\n<meta property=\"og:site_name\" content=\"Cistern Solutions Sweden\" \/>\n<meta property=\"article:modified_time\" content=\"2026-01-13T16:14:57+00:00\" \/>\n<meta property=\"og:image\" content=\"https:\/\/cisternsolutions.eu\/wp-content\/uploads\/2024\/03\/inspection_of_tank.jpg\" \/>\n<meta name=\"twitter:card\" content=\"summary_large_image\" \/>\n<meta name=\"twitter:label1\" content=\"Tempo di lettura stimato\" \/>\n\t<meta name=\"twitter:data1\" content=\"5 minuti\" \/>\n<script type=\"application\/ld+json\" class=\"yoast-schema-graph\">{\"@context\":\"https:\\\/\\\/schema.org\",\"@graph\":[{\"@type\":\"WebPage\",\"@id\":\"https:\\\/\\\/cisternsolutions.eu\\\/it\\\/risanamento-dei-serbatoi\\\/\",\"url\":\"https:\\\/\\\/cisternsolutions.eu\\\/it\\\/risanamento-dei-serbatoi\\\/\",\"name\":\"Rinnoviamo tutti i tipi di cisterne | Cistern Solutions Sweden\",\"isPartOf\":{\"@id\":\"https:\\\/\\\/cisternsolutions.eu\\\/it\\\/#website\"},\"primaryImageOfPage\":{\"@id\":\"https:\\\/\\\/cisternsolutions.eu\\\/it\\\/risanamento-dei-serbatoi\\\/#primaryimage\"},\"image\":{\"@id\":\"https:\\\/\\\/cisternsolutions.eu\\\/it\\\/risanamento-dei-serbatoi\\\/#primaryimage\"},\"thumbnailUrl\":\"https:\\\/\\\/cisternsolutions.eu\\\/wp-content\\\/uploads\\\/2024\\\/03\\\/inspection_of_tank.jpg\",\"datePublished\":\"2024-03-05T09:35:13+00:00\",\"dateModified\":\"2026-01-13T16:14:57+00:00\",\"description\":\"Abbiamo una soluzione per rinnovare tutti i tipi di cisterne (cisterne per irrigatori, cisterne per l'acqua, ecc.). Scopri come salvare la tua cisterna.\",\"breadcrumb\":{\"@id\":\"https:\\\/\\\/cisternsolutions.eu\\\/it\\\/risanamento-dei-serbatoi\\\/#breadcrumb\"},\"inLanguage\":\"it-IT\",\"potentialAction\":[{\"@type\":\"ReadAction\",\"target\":[\"https:\\\/\\\/cisternsolutions.eu\\\/it\\\/risanamento-dei-serbatoi\\\/\"]}]},{\"@type\":\"ImageObject\",\"inLanguage\":\"it-IT\",\"@id\":\"https:\\\/\\\/cisternsolutions.eu\\\/it\\\/risanamento-dei-serbatoi\\\/#primaryimage\",\"url\":\"https:\\\/\\\/cisternsolutions.eu\\\/wp-content\\\/uploads\\\/2024\\\/03\\\/inspection_of_tank.jpg\",\"contentUrl\":\"https:\\\/\\\/cisternsolutions.eu\\\/wp-content\\\/uploads\\\/2024\\\/03\\\/inspection_of_tank.jpg\"},{\"@type\":\"BreadcrumbList\",\"@id\":\"https:\\\/\\\/cisternsolutions.eu\\\/it\\\/risanamento-dei-serbatoi\\\/#breadcrumb\",\"itemListElement\":[{\"@type\":\"ListItem\",\"position\":1,\"name\":\"Hem\",\"item\":\"https:\\\/\\\/cisternsolutions.eu\\\/it\\\/pagina-iniziale\\\/\"},{\"@type\":\"ListItem\",\"position\":2,\"name\":\"Risanamento dei serbatoi\"}]},{\"@type\":\"WebSite\",\"@id\":\"https:\\\/\\\/cisternsolutions.eu\\\/it\\\/#website\",\"url\":\"https:\\\/\\\/cisternsolutions.eu\\\/it\\\/\",\"name\":\"Cistern Solutions Sweden\",\"description\":\"Cistern Solutions Sweden\",\"publisher\":{\"@id\":\"https:\\\/\\\/cisternsolutions.eu\\\/it\\\/#organization\"},\"potentialAction\":[{\"@type\":\"SearchAction\",\"target\":{\"@type\":\"EntryPoint\",\"urlTemplate\":\"https:\\\/\\\/cisternsolutions.eu\\\/it\\\/?s={search_term_string}\"},\"query-input\":{\"@type\":\"PropertyValueSpecification\",\"valueRequired\":true,\"valueName\":\"search_term_string\"}}],\"inLanguage\":\"it-IT\"},{\"@type\":\"Organization\",\"@id\":\"https:\\\/\\\/cisternsolutions.eu\\\/it\\\/#organization\",\"name\":\"| Cistern Solutions Sweden AB\",\"url\":\"https:\\\/\\\/cisternsolutions.eu\\\/it\\\/\",\"logo\":{\"@type\":\"ImageObject\",\"inLanguage\":\"it-IT\",\"@id\":\"https:\\\/\\\/cisternsolutions.eu\\\/it\\\/#\\\/schema\\\/logo\\\/image\\\/\",\"url\":\"https:\\\/\\\/cisternsolutions.eu\\\/wp-content\\\/uploads\\\/2023\\\/11\\\/CisternSolutions_orginal-logo.png\",\"contentUrl\":\"https:\\\/\\\/cisternsolutions.eu\\\/wp-content\\\/uploads\\\/2023\\\/11\\\/CisternSolutions_orginal-logo.png\",\"width\":1045,\"height\":293,\"caption\":\"| Cistern Solutions Sweden AB\"},\"image\":{\"@id\":\"https:\\\/\\\/cisternsolutions.eu\\\/it\\\/#\\\/schema\\\/logo\\\/image\\\/\"}}]}<\/script>\n<!-- \/ Yoast SEO plugin. -->","yoast_head_json":{"title":"Rinnoviamo tutti i tipi di cisterne | Cistern Solutions Sweden","description":"Abbiamo una soluzione per rinnovare tutti i tipi di cisterne (cisterne per irrigatori, cisterne per l'acqua, ecc.). Scopri come salvare la tua cisterna.","robots":{"index":"index","follow":"follow","max-snippet":"max-snippet:-1","max-image-preview":"max-image-preview:large","max-video-preview":"max-video-preview:-1"},"canonical":"https:\/\/cisternsolutions.eu\/it\/risanamento-dei-serbatoi\/","og_locale":"it_IT","og_type":"article","og_title":"Rinnoviamo tutti i tipi di cisterne | Cistern Solutions Sweden","og_description":"Abbiamo una soluzione per rinnovare tutti i tipi di cisterne (cisterne per irrigatori, cisterne per l'acqua, ecc.). Scopri come salvare la tua cisterna.","og_url":"https:\/\/cisternsolutions.eu\/it\/risanamento-dei-serbatoi\/","og_site_name":"Cistern Solutions Sweden","article_modified_time":"2026-01-13T16:14:57+00:00","og_image":[{"url":"https:\/\/cisternsolutions.eu\/wp-content\/uploads\/2024\/03\/inspection_of_tank.jpg","type":"","width":"","height":""}],"twitter_card":"summary_large_image","twitter_misc":{"Tempo di lettura stimato":"5 minuti"},"schema":{"@context":"https:\/\/schema.org","@graph":[{"@type":"WebPage","@id":"https:\/\/cisternsolutions.eu\/it\/risanamento-dei-serbatoi\/","url":"https:\/\/cisternsolutions.eu\/it\/risanamento-dei-serbatoi\/","name":"Rinnoviamo tutti i tipi di cisterne | Cistern Solutions Sweden","isPartOf":{"@id":"https:\/\/cisternsolutions.eu\/it\/#website"},"primaryImageOfPage":{"@id":"https:\/\/cisternsolutions.eu\/it\/risanamento-dei-serbatoi\/#primaryimage"},"image":{"@id":"https:\/\/cisternsolutions.eu\/it\/risanamento-dei-serbatoi\/#primaryimage"},"thumbnailUrl":"https:\/\/cisternsolutions.eu\/wp-content\/uploads\/2024\/03\/inspection_of_tank.jpg","datePublished":"2024-03-05T09:35:13+00:00","dateModified":"2026-01-13T16:14:57+00:00","description":"Abbiamo una soluzione per rinnovare tutti i tipi di cisterne (cisterne per irrigatori, cisterne per l'acqua, ecc.). Scopri come salvare la tua cisterna.","breadcrumb":{"@id":"https:\/\/cisternsolutions.eu\/it\/risanamento-dei-serbatoi\/#breadcrumb"},"inLanguage":"it-IT","potentialAction":[{"@type":"ReadAction","target":["https:\/\/cisternsolutions.eu\/it\/risanamento-dei-serbatoi\/"]}]},{"@type":"ImageObject","inLanguage":"it-IT","@id":"https:\/\/cisternsolutions.eu\/it\/risanamento-dei-serbatoi\/#primaryimage","url":"https:\/\/cisternsolutions.eu\/wp-content\/uploads\/2024\/03\/inspection_of_tank.jpg","contentUrl":"https:\/\/cisternsolutions.eu\/wp-content\/uploads\/2024\/03\/inspection_of_tank.jpg"},{"@type":"BreadcrumbList","@id":"https:\/\/cisternsolutions.eu\/it\/risanamento-dei-serbatoi\/#breadcrumb","itemListElement":[{"@type":"ListItem","position":1,"name":"Hem","item":"https:\/\/cisternsolutions.eu\/it\/pagina-iniziale\/"},{"@type":"ListItem","position":2,"name":"Risanamento dei serbatoi"}]},{"@type":"WebSite","@id":"https:\/\/cisternsolutions.eu\/it\/#website","url":"https:\/\/cisternsolutions.eu\/it\/","name":"Cistern Solutions Sweden","description":"Cistern Solutions Sweden","publisher":{"@id":"https:\/\/cisternsolutions.eu\/it\/#organization"},"potentialAction":[{"@type":"SearchAction","target":{"@type":"EntryPoint","urlTemplate":"https:\/\/cisternsolutions.eu\/it\/?s={search_term_string}"},"query-input":{"@type":"PropertyValueSpecification","valueRequired":true,"valueName":"search_term_string"}}],"inLanguage":"it-IT"},{"@type":"Organization","@id":"https:\/\/cisternsolutions.eu\/it\/#organization","name":"| Cistern Solutions Sweden AB","url":"https:\/\/cisternsolutions.eu\/it\/","logo":{"@type":"ImageObject","inLanguage":"it-IT","@id":"https:\/\/cisternsolutions.eu\/it\/#\/schema\/logo\/image\/","url":"https:\/\/cisternsolutions.eu\/wp-content\/uploads\/2023\/11\/CisternSolutions_orginal-logo.png","contentUrl":"https:\/\/cisternsolutions.eu\/wp-content\/uploads\/2023\/11\/CisternSolutions_orginal-logo.png","width":1045,"height":293,"caption":"| Cistern Solutions Sweden AB"},"image":{"@id":"https:\/\/cisternsolutions.eu\/it\/#\/schema\/logo\/image\/"}}]}},"_links":{"self":[{"href":"https:\/\/cisternsolutions.eu\/it\/wp-json\/wp\/v2\/pages\/7405","targetHints":{"allow":["GET"]}}],"collection":[{"href":"https:\/\/cisternsolutions.eu\/it\/wp-json\/wp\/v2\/pages"}],"about":[{"href":"https:\/\/cisternsolutions.eu\/it\/wp-json\/wp\/v2\/types\/page"}],"author":[{"embeddable":true,"href":"https:\/\/cisternsolutions.eu\/it\/wp-json\/wp\/v2\/users\/4"}],"replies":[{"embeddable":true,"href":"https:\/\/cisternsolutions.eu\/it\/wp-json\/wp\/v2\/comments?post=7405"}],"version-history":[{"count":4,"href":"https:\/\/cisternsolutions.eu\/it\/wp-json\/wp\/v2\/pages\/7405\/revisions"}],"predecessor-version":[{"id":8678,"href":"https:\/\/cisternsolutions.eu\/it\/wp-json\/wp\/v2\/pages\/7405\/revisions\/8678"}],"wp:attachment":[{"href":"https:\/\/cisternsolutions.eu\/it\/wp-json\/wp\/v2\/media?parent=7405"}],"curies":[{"name":"wp","href":"https:\/\/api.w.org\/{rel}","templated":true}]}}