{"id":7402,"date":"2023-12-07T17:00:29","date_gmt":"2023-12-07T16:00:29","guid":{"rendered":"https:\/\/cisternsolutions.eu\/chi-siamo\/"},"modified":"2024-10-23T16:24:10","modified_gmt":"2024-10-23T14:24:10","slug":"chi-siamo","status":"publish","type":"page","link":"https:\/\/cisternsolutions.eu\/it\/chi-siamo\/","title":{"rendered":"Chi siamo"},"content":{"rendered":"\n\n\t\t<h1>\n  Soluzioni per cisterne Svezia\n\t\t<\/h1>\n\t\t\t<p>Vi ser till att din tank \u00e4r s\u00e4ker<\/p>\t\t\n<h2>\n  Rinnovo di Sprinklertankar  \n\t<\/h2>\n\t<p><strong>Hai un&#8217;idea per un impianto di irrigazione? Un serbatoio con un processo di lavorazione? Una cisterna con un impianto di riscaldamento o un&#8217;olja? Hai un lavoro da fare per assestare le cisterne e hai un socio che pu\u00f2 aiutarti e fissare le cisterne che hai preso? Sei in grado di gestire un carro armato? D\u00e5 kan vi hj\u00e4lpa dig! Siamo i migliori specialisti in fatto di restauro di cisterne e cisterne.      <\/strong><\/p>\n\t<p>Cistern Solutions Sweden ha le sue fondamenta in AJ Floor Solutions, un&#8217;azienda che ha lavorato con l&#8217;epossibel\u00e4ggning in oltre 40 anni. Uno dei settori speciali di AJ Floor Solutions \u00e8 il rinnovamento delle cisterne. Nell&#8217;ambito di un&#8217;indagine condotta in questi ultimi anni, \u00e8 stato rilevato che molti serbatoi a pioggia in Sverige non hanno ancora raggiunto i 20 anni di vita e sono in attesa di essere rimessi a posto.  <\/p>\n<p>Per il periodo estivo si \u00e8 valutato di dare un taglio al segmento delle cisterne e di avviare un nuovo bollo per rinnovare le cisterne e le cisterne. Sedan 2023 driver Ulf Johansson Cistern Solutions Sweden AB. <\/p>\n\t\t<h3>I serbatoi possono essere besiktiga o rinnovati:<\/h3>\n\t\t\t<ul><li>Sprinklertankar<\/li><li>Vattenreservoarer<\/li><li>Betongcisterner f\u00f6r t.ex. r\u00f6tslam <\/li><li>Kemikalietankar f\u00f6r t.ex. glukol <\/li><li>Oljetankar  <\/li><\/ul>\t\t\n<h3>\n  F\u00f6rdelar med med att fokusera p\u00e5 tankrenovering\n\t<\/h3>\n\t<p>Con un arbetslag che si basa sull&#8217;epoxibel\u00e4ggning in tankar, puoi utilizzare il tuo metodo per migliorare la qualit\u00e0. Den specialella arbetsmilj\u00f6n inneb\u00e4r att vi m\u00e5ste vara \u00e4nnu mer lyh\u00f6rda och flexibla. Non puoi fare a meno di pensare che i tuoi prodotti siano sempre pi\u00f9 difficili da produrre. Det \u00e4r ocks\u00e5 viktigt att du kan vara s\u00e4ker p\u00e5 att vi h\u00e5ller tidsplanen. Inoltre, il risultato potrebbe essere quello di trovare un serbatoio o una cisterna che sia pi\u00f9 o meno grande, o pi\u00f9 o meno grande, in una zona residenziale.    <\/p>\n<h3>\n  Besiktning och renovering av samma leverant\u00f6r\n\t<\/h3>\n\t<p>Vuoi risolvere il problema che ti affligge con un&#8217;unica leva? Dopo che il renovering alltid f\u00f6reg\u00e5s av n\u00e5gon form av besiktning &#8211; antingen en planerad eller en akut p.g.a. problem med tanken &#8211; har vi ut\u00f6kat v\u00e5r kompentens p\u00e5 det omr\u00e5det. Puoi anche scegliere di lavorare con un robot per la manutenzione delle cisterne.  <\/p>\n<h3>\n  Vi lavorate nel Norden o in Europa\n\t<\/h3>\n\t<p>Cistern Solutions ha un&#8217;attivit\u00e0 di ricerca in Sverige, ma ha rinnovato le cisterne e le cisterne in tutto il Nord e in Europa. Oggi hai visto una serie di contenitori mobili con un sistema di controllo che sta per essere rifatto per il tuo nuovo lavoro. <\/p>\n\t\t<h3>\n  H\u00f6r av dig till oss!\n\t\t<\/h3>\n\t<h3>Hugo Kjellberg<\/h3>\n<p><a href=\"mailto:hk@cisternsolutions.se\">hk@cisternsolutions.se<\/a><\/p>\n<p><a href=\"tel:073%20-%20815%2091%2000\"><strong>073 &#8211; 815 91 00<\/strong><\/a><\/p>\n\n","protected":false},"excerpt":{"rendered":"<p>Soluzioni per cisterne Svezia Vi ser till att din tank \u00e4r s\u00e4ker Rinnovo di Sprinklertankar Hai un&#8217;idea per un impianto di irrigazione? Un serbatoio con un processo di lavorazione? Una cisterna con un impianto di riscaldamento o un&#8217;olja? Hai un lavoro da fare per assestare le cisterne e hai un &#8230; <a title=\"Chi siamo\" class=\"read-more\" href=\"https:\/\/cisternsolutions.eu\/it\/chi-siamo\/\" aria-label=\"Per saperne di pi\u00f9 su Chi siamo\">L\u00e4s mer<\/a><\/p>\n","protected":false},"author":4,"featured_media":0,"parent":0,"menu_order":0,"comment_status":"closed","ping_status":"closed","template":"","meta":{"footnotes":""},"class_list":["post-7402","page","type-page","status-publish"],"yoast_head":"<!-- This site is optimized with the Yoast SEO plugin v27.4 - https:\/\/yoast.com\/product\/yoast-seo-wordpress\/ -->\n<title>Specialista nella ristrutturazione di serbatoi e cisterne | Cistern Solutions Sweden<\/title>\n<meta name=\"description\" content=\"Cistern Solutions Sweden - specialisti nella ristrutturazione di serbatoi e cisterne. Contattaci oggi stesso per ricevere aiuto per le tue esigenze.\" \/>\n<meta name=\"robots\" content=\"index, follow, max-snippet:-1, max-image-preview:large, max-video-preview:-1\" \/>\n<link rel=\"canonical\" href=\"https:\/\/cisternsolutions.eu\/it\/chi-siamo\/\" \/>\n<meta property=\"og:locale\" content=\"it_IT\" \/>\n<meta property=\"og:type\" content=\"article\" \/>\n<meta property=\"og:title\" content=\"Specialista nella ristrutturazione di serbatoi e cisterne | Cistern Solutions Sweden\" \/>\n<meta property=\"og:description\" content=\"Cistern Solutions Sweden - specialisti nella ristrutturazione di serbatoi e cisterne. Contattaci oggi stesso per ricevere aiuto per le tue esigenze.\" \/>\n<meta property=\"og:url\" content=\"https:\/\/cisternsolutions.eu\/it\/chi-siamo\/\" \/>\n<meta property=\"og:site_name\" content=\"Cistern Solutions Sweden\" \/>\n<meta property=\"article:modified_time\" content=\"2024-10-23T14:24:10+00:00\" \/>\n<meta name=\"twitter:card\" content=\"summary_large_image\" \/>\n<meta name=\"twitter:label1\" content=\"Tempo di lettura stimato\" \/>\n\t<meta name=\"twitter:data1\" content=\"2 minuti\" \/>\n<script type=\"application\/ld+json\" class=\"yoast-schema-graph\">{\"@context\":\"https:\\\/\\\/schema.org\",\"@graph\":[{\"@type\":\"WebPage\",\"@id\":\"https:\\\/\\\/cisternsolutions.eu\\\/it\\\/chi-siamo\\\/\",\"url\":\"https:\\\/\\\/cisternsolutions.eu\\\/it\\\/chi-siamo\\\/\",\"name\":\"Specialista nella ristrutturazione di serbatoi e cisterne | Cistern Solutions Sweden\",\"isPartOf\":{\"@id\":\"https:\\\/\\\/cisternsolutions.eu\\\/it\\\/#website\"},\"datePublished\":\"2023-12-07T16:00:29+00:00\",\"dateModified\":\"2024-10-23T14:24:10+00:00\",\"description\":\"Cistern Solutions Sweden - specialisti nella ristrutturazione di serbatoi e cisterne. Contattaci oggi stesso per ricevere aiuto per le tue esigenze.\",\"breadcrumb\":{\"@id\":\"https:\\\/\\\/cisternsolutions.eu\\\/it\\\/chi-siamo\\\/#breadcrumb\"},\"inLanguage\":\"it-IT\",\"potentialAction\":[{\"@type\":\"ReadAction\",\"target\":[\"https:\\\/\\\/cisternsolutions.eu\\\/it\\\/chi-siamo\\\/\"]}]},{\"@type\":\"BreadcrumbList\",\"@id\":\"https:\\\/\\\/cisternsolutions.eu\\\/it\\\/chi-siamo\\\/#breadcrumb\",\"itemListElement\":[{\"@type\":\"ListItem\",\"position\":1,\"name\":\"Hem\",\"item\":\"https:\\\/\\\/cisternsolutions.eu\\\/it\\\/pagina-iniziale\\\/\"},{\"@type\":\"ListItem\",\"position\":2,\"name\":\"Chi siamo\"}]},{\"@type\":\"WebSite\",\"@id\":\"https:\\\/\\\/cisternsolutions.eu\\\/it\\\/#website\",\"url\":\"https:\\\/\\\/cisternsolutions.eu\\\/it\\\/\",\"name\":\"Cistern Solutions Sweden\",\"description\":\"Cistern Solutions Sweden\",\"publisher\":{\"@id\":\"https:\\\/\\\/cisternsolutions.eu\\\/it\\\/#organization\"},\"potentialAction\":[{\"@type\":\"SearchAction\",\"target\":{\"@type\":\"EntryPoint\",\"urlTemplate\":\"https:\\\/\\\/cisternsolutions.eu\\\/it\\\/?s={search_term_string}\"},\"query-input\":{\"@type\":\"PropertyValueSpecification\",\"valueRequired\":true,\"valueName\":\"search_term_string\"}}],\"inLanguage\":\"it-IT\"},{\"@type\":\"Organization\",\"@id\":\"https:\\\/\\\/cisternsolutions.eu\\\/it\\\/#organization\",\"name\":\"| Cistern Solutions Sweden AB\",\"url\":\"https:\\\/\\\/cisternsolutions.eu\\\/it\\\/\",\"logo\":{\"@type\":\"ImageObject\",\"inLanguage\":\"it-IT\",\"@id\":\"https:\\\/\\\/cisternsolutions.eu\\\/it\\\/#\\\/schema\\\/logo\\\/image\\\/\",\"url\":\"https:\\\/\\\/cisternsolutions.eu\\\/wp-content\\\/uploads\\\/2023\\\/11\\\/CisternSolutions_orginal-logo.png\",\"contentUrl\":\"https:\\\/\\\/cisternsolutions.eu\\\/wp-content\\\/uploads\\\/2023\\\/11\\\/CisternSolutions_orginal-logo.png\",\"width\":1045,\"height\":293,\"caption\":\"| Cistern Solutions Sweden AB\"},\"image\":{\"@id\":\"https:\\\/\\\/cisternsolutions.eu\\\/it\\\/#\\\/schema\\\/logo\\\/image\\\/\"}}]}<\/script>\n<!-- \/ Yoast SEO plugin. -->","yoast_head_json":{"title":"Specialista nella ristrutturazione di serbatoi e cisterne | Cistern Solutions Sweden","description":"Cistern Solutions Sweden - specialisti nella ristrutturazione di serbatoi e cisterne. Contattaci oggi stesso per ricevere aiuto per le tue esigenze.","robots":{"index":"index","follow":"follow","max-snippet":"max-snippet:-1","max-image-preview":"max-image-preview:large","max-video-preview":"max-video-preview:-1"},"canonical":"https:\/\/cisternsolutions.eu\/it\/chi-siamo\/","og_locale":"it_IT","og_type":"article","og_title":"Specialista nella ristrutturazione di serbatoi e cisterne | Cistern Solutions Sweden","og_description":"Cistern Solutions Sweden - specialisti nella ristrutturazione di serbatoi e cisterne. Contattaci oggi stesso per ricevere aiuto per le tue esigenze.","og_url":"https:\/\/cisternsolutions.eu\/it\/chi-siamo\/","og_site_name":"Cistern Solutions Sweden","article_modified_time":"2024-10-23T14:24:10+00:00","twitter_card":"summary_large_image","twitter_misc":{"Tempo di lettura stimato":"2 minuti"},"schema":{"@context":"https:\/\/schema.org","@graph":[{"@type":"WebPage","@id":"https:\/\/cisternsolutions.eu\/it\/chi-siamo\/","url":"https:\/\/cisternsolutions.eu\/it\/chi-siamo\/","name":"Specialista nella ristrutturazione di serbatoi e cisterne | Cistern Solutions Sweden","isPartOf":{"@id":"https:\/\/cisternsolutions.eu\/it\/#website"},"datePublished":"2023-12-07T16:00:29+00:00","dateModified":"2024-10-23T14:24:10+00:00","description":"Cistern Solutions Sweden - specialisti nella ristrutturazione di serbatoi e cisterne. Contattaci oggi stesso per ricevere aiuto per le tue esigenze.","breadcrumb":{"@id":"https:\/\/cisternsolutions.eu\/it\/chi-siamo\/#breadcrumb"},"inLanguage":"it-IT","potentialAction":[{"@type":"ReadAction","target":["https:\/\/cisternsolutions.eu\/it\/chi-siamo\/"]}]},{"@type":"BreadcrumbList","@id":"https:\/\/cisternsolutions.eu\/it\/chi-siamo\/#breadcrumb","itemListElement":[{"@type":"ListItem","position":1,"name":"Hem","item":"https:\/\/cisternsolutions.eu\/it\/pagina-iniziale\/"},{"@type":"ListItem","position":2,"name":"Chi siamo"}]},{"@type":"WebSite","@id":"https:\/\/cisternsolutions.eu\/it\/#website","url":"https:\/\/cisternsolutions.eu\/it\/","name":"Cistern Solutions Sweden","description":"Cistern Solutions Sweden","publisher":{"@id":"https:\/\/cisternsolutions.eu\/it\/#organization"},"potentialAction":[{"@type":"SearchAction","target":{"@type":"EntryPoint","urlTemplate":"https:\/\/cisternsolutions.eu\/it\/?s={search_term_string}"},"query-input":{"@type":"PropertyValueSpecification","valueRequired":true,"valueName":"search_term_string"}}],"inLanguage":"it-IT"},{"@type":"Organization","@id":"https:\/\/cisternsolutions.eu\/it\/#organization","name":"| Cistern Solutions Sweden AB","url":"https:\/\/cisternsolutions.eu\/it\/","logo":{"@type":"ImageObject","inLanguage":"it-IT","@id":"https:\/\/cisternsolutions.eu\/it\/#\/schema\/logo\/image\/","url":"https:\/\/cisternsolutions.eu\/wp-content\/uploads\/2023\/11\/CisternSolutions_orginal-logo.png","contentUrl":"https:\/\/cisternsolutions.eu\/wp-content\/uploads\/2023\/11\/CisternSolutions_orginal-logo.png","width":1045,"height":293,"caption":"| Cistern Solutions Sweden AB"},"image":{"@id":"https:\/\/cisternsolutions.eu\/it\/#\/schema\/logo\/image\/"}}]}},"_links":{"self":[{"href":"https:\/\/cisternsolutions.eu\/it\/wp-json\/wp\/v2\/pages\/7402","targetHints":{"allow":["GET"]}}],"collection":[{"href":"https:\/\/cisternsolutions.eu\/it\/wp-json\/wp\/v2\/pages"}],"about":[{"href":"https:\/\/cisternsolutions.eu\/it\/wp-json\/wp\/v2\/types\/page"}],"author":[{"embeddable":true,"href":"https:\/\/cisternsolutions.eu\/it\/wp-json\/wp\/v2\/users\/4"}],"replies":[{"embeddable":true,"href":"https:\/\/cisternsolutions.eu\/it\/wp-json\/wp\/v2\/comments?post=7402"}],"version-history":[{"count":1,"href":"https:\/\/cisternsolutions.eu\/it\/wp-json\/wp\/v2\/pages\/7402\/revisions"}],"predecessor-version":[{"id":7404,"href":"https:\/\/cisternsolutions.eu\/it\/wp-json\/wp\/v2\/pages\/7402\/revisions\/7404"}],"wp:attachment":[{"href":"https:\/\/cisternsolutions.eu\/it\/wp-json\/wp\/v2\/media?parent=7402"}],"curies":[{"name":"wp","href":"https:\/\/api.w.org\/{rel}","templated":true}]}}