{"id":7380,"date":"2024-06-18T10:11:10","date_gmt":"2024-06-18T08:11:10","guid":{"rendered":"https:\/\/cisternsolutions.eu\/laboratorio-di-prova\/"},"modified":"2024-10-23T13:45:51","modified_gmt":"2024-10-23T11:45:51","slug":"laboratorio-di-prova","status":"publish","type":"page","link":"https:\/\/cisternsolutions.eu\/it\/laboratorio-di-prova\/","title":{"rendered":"Laboratorio di prova"},"content":{"rendered":"\n<h1>Testate i prodotti e le costruzioni<\/h1>\n<p><strong>i eget laboratorium  <\/strong><\/p>\n<h2>Nyfikna och nogranna<\/h2>\n<p>Cistern Solutions, Aj Floor Solutions o Dens 3 sono i gruppi di lavoro che hanno tutti la stessa ambizione per gli arbeti che utilizziamo. Vi troverete a lavorare in un contesto di utvecklingen e siete tutti interessati a testare i nuovi metodi, le nuove costruzioni e le nuove tecnologie. Ma la cosa pi\u00f9 importante per noi, anche se ci troviamo di fronte a una soluzione innovativa per affrontare il problema, \u00e8 che ci troviamo di fronte a un&#8217;offerta di soluzioni innovative che ci permettano di risolvere il problema. Per poterlo fare, ti consigliamo di utilizzare un numero maggiore di tester in un&#8217;unica regione.   <\/p>\n<h3>Varf\u00f6r testar vi sj\u00e4lva?<\/h3>\n<p>Vuoi provare a fare un viaggio? Ti piace il fatto che i consigli di leverant\u00f6rens siano stati fatti? Vi tycker inte alltid det, s\u00e4rskilt inte om rekommendationen v\u00e4cker fr\u00e5gor hos oss. Se vuoi che i prodotti siano conformi agli standard di qualit\u00e0, ti consigliamo di utilizzare un tester, ma anche di garantire che i prodotti siano conformi agli standard di qualit\u00e0. Det \u00e4r dessutom viktigt f\u00f6r oss att hur produkterna fungerar i de sammanhang och konstruktioner vi anv\u00e4nder dem.    <\/p>\n<h3>Tester vi kan utf\u00f6ra:<\/h3>\n<ul>\n<li>Mekaniska h\u00e5llfasthet<\/li>\n<li>Kemisk h\u00e5llfashet<\/li>\n<li>Hur temperatur p\u00e5verkar<\/li>\n<li>Hur luftfuktighet p\u00e5verkar<\/li>\n<\/ul>\n<h3>Vad testar vi?<\/h3>\n<p>Det \u00e4r framf\u00f6r allt mekaniska och kemiska egenskaper vi testar. I konstruktioner di V\u00e5ra possono essere testati sia da mekaniska belastningar che da kemisk p\u00e5verkan. Puoi ad esempio testare i konstruktionens styrka, drag &#8211; och b\u00f6jh\u00e5llfasthet. Quando si tratta di kemikalier, prova a vedere se c&#8217;\u00e8 un&#8217;altra fonte di carburante, alkohol, syror (ad esempio myrsyra o saltsyra) o soda.    <\/p>\n<h3>S\u00e5 g\u00e5r ett test till<\/h3>\n<p>A cosa pu\u00f2 portare un test? Vi tar ett exempel: En leverant\u00f6r p\u00e5st\u00e5r att en viss epoxybel\u00e4ggning h\u00e5ller f\u00f6r 10 % alkohol. Si testa in che modo il bel\u00e4ggningen si ottiene con l&#8217;aiuto di una prova per l&#8217;alcool angivna, ma anche per l&#8217;h\u00f6gre halt, sotto un tid e si registra il tutto come un h\u00e4nder. Den h\u00e4r typen av test ger oss bland annat en tydlig uppfattning om vilka marginaler vi har att r\u00f6ra oss med.   <\/p>\n<h3>Simulazione di olika milj\u00f6er<\/h3>\n<p>Hai sempre la possibilit\u00e0 di testare i materiali e i prodotti in un contesto climatico. In questo caso puoi simulare olika klimatf\u00f6rh\u00e5llanden (v\u00e4rme\/kyla, fuktighet\/ torrhet) per testare h\u00e5llbarhet o prestanda sotto olika omst\u00e4ndigheter. \u00c8 possibile scegliere un&#8217;analisi dei materiali e dei prodotti che ne sottolinei l&#8217;importanza e che si concentri su un aspetto che riguarda i costi di produzione e che sia in grado di fornire un quadro completo della situazione.   <\/p>\n<h3>Attendere per la certificazione<\/h3>\n<p>La sua ambizione \u00e8 quella di certificare il metodotto Cistern Solutions come un valido strumento per le cisterne con olika tipi di inneh\u00e5ll, da vatten e livsmedel fino a diesel e biogas. Per ottenere una certificazione \u00e8 necessario che un laboratorio accreditato esegua dei test. Se il materiale\/la struttura sono di qualit\u00e0, \u00e8 necessario eseguire dei test specifici presso il laboratorio.  <\/p>\n<p>Abbiamo analizzato il RISE per testare i prodotti che abbiamo testato sotto il nome di prodotto Dens 3, un prodotto che impedisce il radon, le emissioni e il fumo. I risultati ottenuti dai testerna sono un esempio delle nostre ambizioni, anche per quanto riguarda il metodo Cistern Solutions. <\/p>\n<p>Spero che si riesca a ottenere una documentazione che sia di qualit\u00e0 per quanto riguarda il metodo di Cistern Solutions, ovvero che si tratta di una soluzione eccellente che consente di migliorare la gestione di tutti i tipi di cisterne.<\/p>\n<p><img decoding=\"async\" title=\"labb_03\" src=\"https:\/\/cisternsolutions.eu\/wp-content\/uploads\/2024\/06\/labb_03.jpg\" sizes=\"(max-width: 400px) 100vw, 400px\" srcset=\"https:\/\/cisternsolutions.eu\/wp-content\/uploads\/2024\/06\/labb_03.jpg 400w, https:\/\/cisternsolutions.eu\/wp-content\/uploads\/2024\/06\/labb_03-196x300.jpg 196w\" alt=\"labb_03\" width=\"400\" height=\"612\"><\/p>\n","protected":false},"excerpt":{"rendered":"<p>Testate i prodotti e le costruzioni i eget laboratorium Nyfikna och nogranna Cistern Solutions, Aj Floor Solutions o Dens 3 sono i gruppi di lavoro che hanno tutti la stessa ambizione per gli arbeti che utilizziamo. Vi troverete a lavorare in un contesto di utvecklingen e siete tutti interessati a &#8230; <a title=\"Laboratorio di prova\" class=\"read-more\" href=\"https:\/\/cisternsolutions.eu\/it\/laboratorio-di-prova\/\" aria-label=\"Per saperne di pi\u00f9 su Laboratorio di prova\">L\u00e4s mer<\/a><\/p>\n","protected":false},"author":4,"featured_media":0,"parent":0,"menu_order":0,"comment_status":"closed","ping_status":"closed","template":"","meta":{"footnotes":""},"class_list":["post-7380","page","type-page","status-publish"],"yoast_head":"<!-- This site is optimized with the Yoast SEO plugin v27.4 - https:\/\/yoast.com\/product\/yoast-seo-wordpress\/ -->\n<title>Testiamo i prodotti nel nostro laboratorio | Cistern Solutions Sweden<\/title>\n<meta name=\"description\" content=\"Cistern Solutions Sweden vuole essere all&#039;avanguardia nello sviluppo. Testiamo nuovi metodi, design e tecnologie nel nostro laboratorio.\" \/>\n<meta name=\"robots\" content=\"index, follow, max-snippet:-1, max-image-preview:large, max-video-preview:-1\" \/>\n<link rel=\"canonical\" href=\"https:\/\/cisternsolutions.eu\/it\/laboratorio-di-prova\/\" \/>\n<meta property=\"og:locale\" content=\"it_IT\" \/>\n<meta property=\"og:type\" content=\"article\" \/>\n<meta property=\"og:title\" content=\"Testiamo i prodotti nel nostro laboratorio | Cistern Solutions Sweden\" \/>\n<meta property=\"og:description\" content=\"Cistern Solutions Sweden vuole essere all&#039;avanguardia nello sviluppo. Testiamo nuovi metodi, design e tecnologie nel nostro laboratorio.\" \/>\n<meta property=\"og:url\" content=\"https:\/\/cisternsolutions.eu\/it\/laboratorio-di-prova\/\" \/>\n<meta property=\"og:site_name\" content=\"Cistern Solutions Sweden\" \/>\n<meta property=\"article:modified_time\" content=\"2024-10-23T11:45:51+00:00\" \/>\n<meta property=\"og:image\" content=\"https:\/\/cisternsolutions.eu\/wp-content\/uploads\/2024\/06\/labb_03.jpg\" \/>\n<meta name=\"twitter:card\" content=\"summary_large_image\" \/>\n<meta name=\"twitter:label1\" content=\"Tempo di lettura stimato\" \/>\n\t<meta name=\"twitter:data1\" content=\"3 minuti\" \/>\n<script type=\"application\/ld+json\" class=\"yoast-schema-graph\">{\"@context\":\"https:\\\/\\\/schema.org\",\"@graph\":[{\"@type\":\"WebPage\",\"@id\":\"https:\\\/\\\/cisternsolutions.eu\\\/it\\\/laboratorio-di-prova\\\/\",\"url\":\"https:\\\/\\\/cisternsolutions.eu\\\/it\\\/laboratorio-di-prova\\\/\",\"name\":\"Testiamo i prodotti nel nostro laboratorio | Cistern Solutions Sweden\",\"isPartOf\":{\"@id\":\"https:\\\/\\\/cisternsolutions.eu\\\/it\\\/#website\"},\"primaryImageOfPage\":{\"@id\":\"https:\\\/\\\/cisternsolutions.eu\\\/it\\\/laboratorio-di-prova\\\/#primaryimage\"},\"image\":{\"@id\":\"https:\\\/\\\/cisternsolutions.eu\\\/it\\\/laboratorio-di-prova\\\/#primaryimage\"},\"thumbnailUrl\":\"https:\\\/\\\/cisternsolutions.eu\\\/wp-content\\\/uploads\\\/2024\\\/06\\\/labb_03.jpg\",\"datePublished\":\"2024-06-18T08:11:10+00:00\",\"dateModified\":\"2024-10-23T11:45:51+00:00\",\"description\":\"Cistern Solutions Sweden vuole essere all'avanguardia nello sviluppo. Testiamo nuovi metodi, design e tecnologie nel nostro laboratorio.\",\"breadcrumb\":{\"@id\":\"https:\\\/\\\/cisternsolutions.eu\\\/it\\\/laboratorio-di-prova\\\/#breadcrumb\"},\"inLanguage\":\"it-IT\",\"potentialAction\":[{\"@type\":\"ReadAction\",\"target\":[\"https:\\\/\\\/cisternsolutions.eu\\\/it\\\/laboratorio-di-prova\\\/\"]}]},{\"@type\":\"ImageObject\",\"inLanguage\":\"it-IT\",\"@id\":\"https:\\\/\\\/cisternsolutions.eu\\\/it\\\/laboratorio-di-prova\\\/#primaryimage\",\"url\":\"https:\\\/\\\/cisternsolutions.eu\\\/wp-content\\\/uploads\\\/2024\\\/06\\\/labb_03.jpg\",\"contentUrl\":\"https:\\\/\\\/cisternsolutions.eu\\\/wp-content\\\/uploads\\\/2024\\\/06\\\/labb_03.jpg\"},{\"@type\":\"BreadcrumbList\",\"@id\":\"https:\\\/\\\/cisternsolutions.eu\\\/it\\\/laboratorio-di-prova\\\/#breadcrumb\",\"itemListElement\":[{\"@type\":\"ListItem\",\"position\":1,\"name\":\"Hem\",\"item\":\"https:\\\/\\\/cisternsolutions.eu\\\/it\\\/pagina-iniziale\\\/\"},{\"@type\":\"ListItem\",\"position\":2,\"name\":\"Laboratorio di prova\"}]},{\"@type\":\"WebSite\",\"@id\":\"https:\\\/\\\/cisternsolutions.eu\\\/it\\\/#website\",\"url\":\"https:\\\/\\\/cisternsolutions.eu\\\/it\\\/\",\"name\":\"Cistern Solutions Sweden\",\"description\":\"Cistern Solutions Sweden\",\"publisher\":{\"@id\":\"https:\\\/\\\/cisternsolutions.eu\\\/it\\\/#organization\"},\"potentialAction\":[{\"@type\":\"SearchAction\",\"target\":{\"@type\":\"EntryPoint\",\"urlTemplate\":\"https:\\\/\\\/cisternsolutions.eu\\\/it\\\/?s={search_term_string}\"},\"query-input\":{\"@type\":\"PropertyValueSpecification\",\"valueRequired\":true,\"valueName\":\"search_term_string\"}}],\"inLanguage\":\"it-IT\"},{\"@type\":\"Organization\",\"@id\":\"https:\\\/\\\/cisternsolutions.eu\\\/it\\\/#organization\",\"name\":\"| Cistern Solutions Sweden AB\",\"url\":\"https:\\\/\\\/cisternsolutions.eu\\\/it\\\/\",\"logo\":{\"@type\":\"ImageObject\",\"inLanguage\":\"it-IT\",\"@id\":\"https:\\\/\\\/cisternsolutions.eu\\\/it\\\/#\\\/schema\\\/logo\\\/image\\\/\",\"url\":\"https:\\\/\\\/cisternsolutions.eu\\\/wp-content\\\/uploads\\\/2023\\\/11\\\/CisternSolutions_orginal-logo.png\",\"contentUrl\":\"https:\\\/\\\/cisternsolutions.eu\\\/wp-content\\\/uploads\\\/2023\\\/11\\\/CisternSolutions_orginal-logo.png\",\"width\":1045,\"height\":293,\"caption\":\"| Cistern Solutions Sweden AB\"},\"image\":{\"@id\":\"https:\\\/\\\/cisternsolutions.eu\\\/it\\\/#\\\/schema\\\/logo\\\/image\\\/\"}}]}<\/script>\n<!-- \/ Yoast SEO plugin. -->","yoast_head_json":{"title":"Testiamo i prodotti nel nostro laboratorio | Cistern Solutions Sweden","description":"Cistern Solutions Sweden vuole essere all'avanguardia nello sviluppo. Testiamo nuovi metodi, design e tecnologie nel nostro laboratorio.","robots":{"index":"index","follow":"follow","max-snippet":"max-snippet:-1","max-image-preview":"max-image-preview:large","max-video-preview":"max-video-preview:-1"},"canonical":"https:\/\/cisternsolutions.eu\/it\/laboratorio-di-prova\/","og_locale":"it_IT","og_type":"article","og_title":"Testiamo i prodotti nel nostro laboratorio | Cistern Solutions Sweden","og_description":"Cistern Solutions Sweden vuole essere all'avanguardia nello sviluppo. Testiamo nuovi metodi, design e tecnologie nel nostro laboratorio.","og_url":"https:\/\/cisternsolutions.eu\/it\/laboratorio-di-prova\/","og_site_name":"Cistern Solutions Sweden","article_modified_time":"2024-10-23T11:45:51+00:00","og_image":[{"url":"https:\/\/cisternsolutions.eu\/wp-content\/uploads\/2024\/06\/labb_03.jpg","type":"","width":"","height":""}],"twitter_card":"summary_large_image","twitter_misc":{"Tempo di lettura stimato":"3 minuti"},"schema":{"@context":"https:\/\/schema.org","@graph":[{"@type":"WebPage","@id":"https:\/\/cisternsolutions.eu\/it\/laboratorio-di-prova\/","url":"https:\/\/cisternsolutions.eu\/it\/laboratorio-di-prova\/","name":"Testiamo i prodotti nel nostro laboratorio | Cistern Solutions Sweden","isPartOf":{"@id":"https:\/\/cisternsolutions.eu\/it\/#website"},"primaryImageOfPage":{"@id":"https:\/\/cisternsolutions.eu\/it\/laboratorio-di-prova\/#primaryimage"},"image":{"@id":"https:\/\/cisternsolutions.eu\/it\/laboratorio-di-prova\/#primaryimage"},"thumbnailUrl":"https:\/\/cisternsolutions.eu\/wp-content\/uploads\/2024\/06\/labb_03.jpg","datePublished":"2024-06-18T08:11:10+00:00","dateModified":"2024-10-23T11:45:51+00:00","description":"Cistern Solutions Sweden vuole essere all'avanguardia nello sviluppo. Testiamo nuovi metodi, design e tecnologie nel nostro laboratorio.","breadcrumb":{"@id":"https:\/\/cisternsolutions.eu\/it\/laboratorio-di-prova\/#breadcrumb"},"inLanguage":"it-IT","potentialAction":[{"@type":"ReadAction","target":["https:\/\/cisternsolutions.eu\/it\/laboratorio-di-prova\/"]}]},{"@type":"ImageObject","inLanguage":"it-IT","@id":"https:\/\/cisternsolutions.eu\/it\/laboratorio-di-prova\/#primaryimage","url":"https:\/\/cisternsolutions.eu\/wp-content\/uploads\/2024\/06\/labb_03.jpg","contentUrl":"https:\/\/cisternsolutions.eu\/wp-content\/uploads\/2024\/06\/labb_03.jpg"},{"@type":"BreadcrumbList","@id":"https:\/\/cisternsolutions.eu\/it\/laboratorio-di-prova\/#breadcrumb","itemListElement":[{"@type":"ListItem","position":1,"name":"Hem","item":"https:\/\/cisternsolutions.eu\/it\/pagina-iniziale\/"},{"@type":"ListItem","position":2,"name":"Laboratorio di prova"}]},{"@type":"WebSite","@id":"https:\/\/cisternsolutions.eu\/it\/#website","url":"https:\/\/cisternsolutions.eu\/it\/","name":"Cistern Solutions Sweden","description":"Cistern Solutions Sweden","publisher":{"@id":"https:\/\/cisternsolutions.eu\/it\/#organization"},"potentialAction":[{"@type":"SearchAction","target":{"@type":"EntryPoint","urlTemplate":"https:\/\/cisternsolutions.eu\/it\/?s={search_term_string}"},"query-input":{"@type":"PropertyValueSpecification","valueRequired":true,"valueName":"search_term_string"}}],"inLanguage":"it-IT"},{"@type":"Organization","@id":"https:\/\/cisternsolutions.eu\/it\/#organization","name":"| Cistern Solutions Sweden AB","url":"https:\/\/cisternsolutions.eu\/it\/","logo":{"@type":"ImageObject","inLanguage":"it-IT","@id":"https:\/\/cisternsolutions.eu\/it\/#\/schema\/logo\/image\/","url":"https:\/\/cisternsolutions.eu\/wp-content\/uploads\/2023\/11\/CisternSolutions_orginal-logo.png","contentUrl":"https:\/\/cisternsolutions.eu\/wp-content\/uploads\/2023\/11\/CisternSolutions_orginal-logo.png","width":1045,"height":293,"caption":"| Cistern Solutions Sweden AB"},"image":{"@id":"https:\/\/cisternsolutions.eu\/it\/#\/schema\/logo\/image\/"}}]}},"_links":{"self":[{"href":"https:\/\/cisternsolutions.eu\/it\/wp-json\/wp\/v2\/pages\/7380","targetHints":{"allow":["GET"]}}],"collection":[{"href":"https:\/\/cisternsolutions.eu\/it\/wp-json\/wp\/v2\/pages"}],"about":[{"href":"https:\/\/cisternsolutions.eu\/it\/wp-json\/wp\/v2\/types\/page"}],"author":[{"embeddable":true,"href":"https:\/\/cisternsolutions.eu\/it\/wp-json\/wp\/v2\/users\/4"}],"replies":[{"embeddable":true,"href":"https:\/\/cisternsolutions.eu\/it\/wp-json\/wp\/v2\/comments?post=7380"}],"version-history":[{"count":1,"href":"https:\/\/cisternsolutions.eu\/it\/wp-json\/wp\/v2\/pages\/7380\/revisions"}],"predecessor-version":[{"id":7383,"href":"https:\/\/cisternsolutions.eu\/it\/wp-json\/wp\/v2\/pages\/7380\/revisions\/7383"}],"wp:attachment":[{"href":"https:\/\/cisternsolutions.eu\/it\/wp-json\/wp\/v2\/media?parent=7380"}],"curies":[{"name":"wp","href":"https:\/\/api.w.org\/{rel}","templated":true}]}}