{"id":7258,"date":"2024-10-22T11:31:51","date_gmt":"2024-10-22T09:31:51","guid":{"rendered":"https:\/\/cisternsolutions.eu\/citernes-pour-le-biogaz\/"},"modified":"2024-10-23T12:08:21","modified_gmt":"2024-10-23T10:08:21","slug":"citernes-pour-le-biogaz","status":"publish","type":"page","link":"https:\/\/cisternsolutions.eu\/fr\/citernes-pour-le-biogaz\/","title":{"rendered":"Citernes pour le biogaz"},"content":{"rendered":"","protected":false},"excerpt":{"rendered":"<p>Dans l&rsquo;industrie chimique, les exigences de s\u00e9curit\u00e9 autour des r\u00e9servoirs sont \u00e9lev\u00e9es. \u00c9vitez les probl\u00e8mes en inspectant et en r\u00e9parant \u00e0 temps.   <\/p>\n","protected":false},"author":4,"featured_media":7128,"parent":0,"menu_order":0,"comment_status":"closed","ping_status":"closed","template":"","meta":{"footnotes":""},"class_list":["post-7258","page","type-page","status-publish","has-post-thumbnail"],"yoast_head":"<!-- This site is optimized with the Yoast SEO plugin v27.4 - https:\/\/yoast.com\/product\/yoast-seo-wordpress\/ -->\n<title>R\u00e9novation de citernes \u00e0 biogaz | Cistern Solutions Sweden<\/title>\n<meta name=\"description\" content=\"Les r\u00e9servoirs de biogaz peuvent \u00eatre endommag\u00e9s par les substances corrosives contenues dans le biogaz. Nous disposons d&#039;une m\u00e9thode efficace pour r\u00e9parer les fissures et autres dommages. En savoir plus ...\" \/>\n<meta name=\"robots\" content=\"index, follow, max-snippet:-1, max-image-preview:large, max-video-preview:-1\" \/>\n<link rel=\"canonical\" href=\"https:\/\/cisternsolutions.eu\/fr\/citernes-pour-le-biogaz\/\" \/>\n<meta property=\"og:locale\" content=\"fr_FR\" \/>\n<meta property=\"og:type\" content=\"article\" \/>\n<meta property=\"og:title\" content=\"R\u00e9novation de citernes \u00e0 biogaz | Cistern Solutions Sweden\" \/>\n<meta property=\"og:description\" content=\"Les r\u00e9servoirs de biogaz peuvent \u00eatre endommag\u00e9s par les substances corrosives contenues dans le biogaz. Nous disposons d&#039;une m\u00e9thode efficace pour r\u00e9parer les fissures et autres dommages. En savoir plus ...\" \/>\n<meta property=\"og:url\" content=\"https:\/\/cisternsolutions.eu\/fr\/citernes-pour-le-biogaz\/\" \/>\n<meta property=\"og:site_name\" content=\"Cistern Solutions Sweden\" \/>\n<meta property=\"article:modified_time\" content=\"2024-10-23T10:08:21+00:00\" \/>\n<meta property=\"og:image\" content=\"https:\/\/cisternsolutions.eu\/wp-content\/uploads\/2024\/10\/cisterner_biogas_hero.jpg\" \/>\n\t<meta property=\"og:image:width\" content=\"1920\" \/>\n\t<meta property=\"og:image:height\" content=\"526\" \/>\n\t<meta property=\"og:image:type\" content=\"image\/jpeg\" \/>\n<meta name=\"twitter:card\" content=\"summary_large_image\" \/>\n<meta name=\"twitter:label1\" content=\"Dur\u00e9e de lecture estim\u00e9e\" \/>\n\t<meta name=\"twitter:data1\" content=\"5 minutes\" \/>\n<script type=\"application\/ld+json\" class=\"yoast-schema-graph\">{\"@context\":\"https:\\\/\\\/schema.org\",\"@graph\":[{\"@type\":\"WebPage\",\"@id\":\"https:\\\/\\\/cisternsolutions.eu\\\/fr\\\/citernes-pour-le-biogaz\\\/\",\"url\":\"https:\\\/\\\/cisternsolutions.eu\\\/fr\\\/citernes-pour-le-biogaz\\\/\",\"name\":\"R\u00e9novation de citernes \u00e0 biogaz | Cistern Solutions Sweden\",\"isPartOf\":{\"@id\":\"https:\\\/\\\/cisternsolutions.eu\\\/fr\\\/#website\"},\"primaryImageOfPage\":{\"@id\":\"https:\\\/\\\/cisternsolutions.eu\\\/fr\\\/citernes-pour-le-biogaz\\\/#primaryimage\"},\"image\":{\"@id\":\"https:\\\/\\\/cisternsolutions.eu\\\/fr\\\/citernes-pour-le-biogaz\\\/#primaryimage\"},\"thumbnailUrl\":\"https:\\\/\\\/cisternsolutions.eu\\\/wp-content\\\/uploads\\\/2024\\\/10\\\/cisterner_biogas_hero.jpg\",\"datePublished\":\"2024-10-22T09:31:51+00:00\",\"dateModified\":\"2024-10-23T10:08:21+00:00\",\"description\":\"Les r\u00e9servoirs de biogaz peuvent \u00eatre endommag\u00e9s par les substances corrosives contenues dans le biogaz. Nous disposons d'une m\u00e9thode efficace pour r\u00e9parer les fissures et autres dommages. En savoir plus ...\",\"breadcrumb\":{\"@id\":\"https:\\\/\\\/cisternsolutions.eu\\\/fr\\\/citernes-pour-le-biogaz\\\/#breadcrumb\"},\"inLanguage\":\"fr-FR\",\"potentialAction\":[{\"@type\":\"ReadAction\",\"target\":[\"https:\\\/\\\/cisternsolutions.eu\\\/fr\\\/citernes-pour-le-biogaz\\\/\"]}]},{\"@type\":\"ImageObject\",\"inLanguage\":\"fr-FR\",\"@id\":\"https:\\\/\\\/cisternsolutions.eu\\\/fr\\\/citernes-pour-le-biogaz\\\/#primaryimage\",\"url\":\"https:\\\/\\\/cisternsolutions.eu\\\/wp-content\\\/uploads\\\/2024\\\/10\\\/cisterner_biogas_hero.jpg\",\"contentUrl\":\"https:\\\/\\\/cisternsolutions.eu\\\/wp-content\\\/uploads\\\/2024\\\/10\\\/cisterner_biogas_hero.jpg\",\"width\":1920,\"height\":526},{\"@type\":\"BreadcrumbList\",\"@id\":\"https:\\\/\\\/cisternsolutions.eu\\\/fr\\\/citernes-pour-le-biogaz\\\/#breadcrumb\",\"itemListElement\":[{\"@type\":\"ListItem\",\"position\":1,\"name\":\"Hem\",\"item\":\"https:\\\/\\\/cisternsolutions.eu\\\/fr\\\/page-daccueil\\\/\"},{\"@type\":\"ListItem\",\"position\":2,\"name\":\"Citernes pour le biogaz\"}]},{\"@type\":\"WebSite\",\"@id\":\"https:\\\/\\\/cisternsolutions.eu\\\/fr\\\/#website\",\"url\":\"https:\\\/\\\/cisternsolutions.eu\\\/fr\\\/\",\"name\":\"Cistern Solutions Sweden\",\"description\":\"Cistern Solutions Sweden\",\"publisher\":{\"@id\":\"https:\\\/\\\/cisternsolutions.eu\\\/fr\\\/#organization\"},\"potentialAction\":[{\"@type\":\"SearchAction\",\"target\":{\"@type\":\"EntryPoint\",\"urlTemplate\":\"https:\\\/\\\/cisternsolutions.eu\\\/fr\\\/?s={search_term_string}\"},\"query-input\":{\"@type\":\"PropertyValueSpecification\",\"valueRequired\":true,\"valueName\":\"search_term_string\"}}],\"inLanguage\":\"fr-FR\"},{\"@type\":\"Organization\",\"@id\":\"https:\\\/\\\/cisternsolutions.eu\\\/fr\\\/#organization\",\"name\":\"| Cistern Solutions Sweden AB\",\"url\":\"https:\\\/\\\/cisternsolutions.eu\\\/fr\\\/\",\"logo\":{\"@type\":\"ImageObject\",\"inLanguage\":\"fr-FR\",\"@id\":\"https:\\\/\\\/cisternsolutions.eu\\\/fr\\\/#\\\/schema\\\/logo\\\/image\\\/\",\"url\":\"https:\\\/\\\/cisternsolutions.eu\\\/wp-content\\\/uploads\\\/2023\\\/11\\\/CisternSolutions_orginal-logo.png\",\"contentUrl\":\"https:\\\/\\\/cisternsolutions.eu\\\/wp-content\\\/uploads\\\/2023\\\/11\\\/CisternSolutions_orginal-logo.png\",\"width\":1045,\"height\":293,\"caption\":\"| Cistern Solutions Sweden AB\"},\"image\":{\"@id\":\"https:\\\/\\\/cisternsolutions.eu\\\/fr\\\/#\\\/schema\\\/logo\\\/image\\\/\"}}]}<\/script>\n<!-- \/ Yoast SEO plugin. -->","yoast_head_json":{"title":"R\u00e9novation de citernes \u00e0 biogaz | Cistern Solutions Sweden","description":"Les r\u00e9servoirs de biogaz peuvent \u00eatre endommag\u00e9s par les substances corrosives contenues dans le biogaz. Nous disposons d'une m\u00e9thode efficace pour r\u00e9parer les fissures et autres dommages. En savoir plus ...","robots":{"index":"index","follow":"follow","max-snippet":"max-snippet:-1","max-image-preview":"max-image-preview:large","max-video-preview":"max-video-preview:-1"},"canonical":"https:\/\/cisternsolutions.eu\/fr\/citernes-pour-le-biogaz\/","og_locale":"fr_FR","og_type":"article","og_title":"R\u00e9novation de citernes \u00e0 biogaz | Cistern Solutions Sweden","og_description":"Les r\u00e9servoirs de biogaz peuvent \u00eatre endommag\u00e9s par les substances corrosives contenues dans le biogaz. Nous disposons d'une m\u00e9thode efficace pour r\u00e9parer les fissures et autres dommages. En savoir plus ...","og_url":"https:\/\/cisternsolutions.eu\/fr\/citernes-pour-le-biogaz\/","og_site_name":"Cistern Solutions Sweden","article_modified_time":"2024-10-23T10:08:21+00:00","og_image":[{"width":1920,"height":526,"url":"https:\/\/cisternsolutions.eu\/wp-content\/uploads\/2024\/10\/cisterner_biogas_hero.jpg","type":"image\/jpeg"}],"twitter_card":"summary_large_image","twitter_misc":{"Dur\u00e9e de lecture estim\u00e9e":"5 minutes"},"schema":{"@context":"https:\/\/schema.org","@graph":[{"@type":"WebPage","@id":"https:\/\/cisternsolutions.eu\/fr\/citernes-pour-le-biogaz\/","url":"https:\/\/cisternsolutions.eu\/fr\/citernes-pour-le-biogaz\/","name":"R\u00e9novation de citernes \u00e0 biogaz | Cistern Solutions Sweden","isPartOf":{"@id":"https:\/\/cisternsolutions.eu\/fr\/#website"},"primaryImageOfPage":{"@id":"https:\/\/cisternsolutions.eu\/fr\/citernes-pour-le-biogaz\/#primaryimage"},"image":{"@id":"https:\/\/cisternsolutions.eu\/fr\/citernes-pour-le-biogaz\/#primaryimage"},"thumbnailUrl":"https:\/\/cisternsolutions.eu\/wp-content\/uploads\/2024\/10\/cisterner_biogas_hero.jpg","datePublished":"2024-10-22T09:31:51+00:00","dateModified":"2024-10-23T10:08:21+00:00","description":"Les r\u00e9servoirs de biogaz peuvent \u00eatre endommag\u00e9s par les substances corrosives contenues dans le biogaz. Nous disposons d'une m\u00e9thode efficace pour r\u00e9parer les fissures et autres dommages. En savoir plus ...","breadcrumb":{"@id":"https:\/\/cisternsolutions.eu\/fr\/citernes-pour-le-biogaz\/#breadcrumb"},"inLanguage":"fr-FR","potentialAction":[{"@type":"ReadAction","target":["https:\/\/cisternsolutions.eu\/fr\/citernes-pour-le-biogaz\/"]}]},{"@type":"ImageObject","inLanguage":"fr-FR","@id":"https:\/\/cisternsolutions.eu\/fr\/citernes-pour-le-biogaz\/#primaryimage","url":"https:\/\/cisternsolutions.eu\/wp-content\/uploads\/2024\/10\/cisterner_biogas_hero.jpg","contentUrl":"https:\/\/cisternsolutions.eu\/wp-content\/uploads\/2024\/10\/cisterner_biogas_hero.jpg","width":1920,"height":526},{"@type":"BreadcrumbList","@id":"https:\/\/cisternsolutions.eu\/fr\/citernes-pour-le-biogaz\/#breadcrumb","itemListElement":[{"@type":"ListItem","position":1,"name":"Hem","item":"https:\/\/cisternsolutions.eu\/fr\/page-daccueil\/"},{"@type":"ListItem","position":2,"name":"Citernes pour le biogaz"}]},{"@type":"WebSite","@id":"https:\/\/cisternsolutions.eu\/fr\/#website","url":"https:\/\/cisternsolutions.eu\/fr\/","name":"Cistern Solutions Sweden","description":"Cistern Solutions Sweden","publisher":{"@id":"https:\/\/cisternsolutions.eu\/fr\/#organization"},"potentialAction":[{"@type":"SearchAction","target":{"@type":"EntryPoint","urlTemplate":"https:\/\/cisternsolutions.eu\/fr\/?s={search_term_string}"},"query-input":{"@type":"PropertyValueSpecification","valueRequired":true,"valueName":"search_term_string"}}],"inLanguage":"fr-FR"},{"@type":"Organization","@id":"https:\/\/cisternsolutions.eu\/fr\/#organization","name":"| Cistern Solutions Sweden AB","url":"https:\/\/cisternsolutions.eu\/fr\/","logo":{"@type":"ImageObject","inLanguage":"fr-FR","@id":"https:\/\/cisternsolutions.eu\/fr\/#\/schema\/logo\/image\/","url":"https:\/\/cisternsolutions.eu\/wp-content\/uploads\/2023\/11\/CisternSolutions_orginal-logo.png","contentUrl":"https:\/\/cisternsolutions.eu\/wp-content\/uploads\/2023\/11\/CisternSolutions_orginal-logo.png","width":1045,"height":293,"caption":"| Cistern Solutions Sweden AB"},"image":{"@id":"https:\/\/cisternsolutions.eu\/fr\/#\/schema\/logo\/image\/"}}]}},"_links":{"self":[{"href":"https:\/\/cisternsolutions.eu\/fr\/wp-json\/wp\/v2\/pages\/7258","targetHints":{"allow":["GET"]}}],"collection":[{"href":"https:\/\/cisternsolutions.eu\/fr\/wp-json\/wp\/v2\/pages"}],"about":[{"href":"https:\/\/cisternsolutions.eu\/fr\/wp-json\/wp\/v2\/types\/page"}],"author":[{"embeddable":true,"href":"https:\/\/cisternsolutions.eu\/fr\/wp-json\/wp\/v2\/users\/4"}],"replies":[{"embeddable":true,"href":"https:\/\/cisternsolutions.eu\/fr\/wp-json\/wp\/v2\/comments?post=7258"}],"version-history":[{"count":1,"href":"https:\/\/cisternsolutions.eu\/fr\/wp-json\/wp\/v2\/pages\/7258\/revisions"}],"predecessor-version":[{"id":7288,"href":"https:\/\/cisternsolutions.eu\/fr\/wp-json\/wp\/v2\/pages\/7258\/revisions\/7288"}],"wp:featuredmedia":[{"embeddable":true,"href":"https:\/\/cisternsolutions.eu\/fr\/wp-json\/wp\/v2\/media\/7128"}],"wp:attachment":[{"href":"https:\/\/cisternsolutions.eu\/fr\/wp-json\/wp\/v2\/media?parent=7258"}],"curies":[{"name":"wp","href":"https:\/\/api.w.org\/{rel}","templated":true}]}}