{"id":6502,"date":"2024-06-18T10:11:10","date_gmt":"2024-06-18T08:11:10","guid":{"rendered":"https:\/\/cisternsolutions.eu\/laboratoire-dessai\/"},"modified":"2024-06-18T10:11:10","modified_gmt":"2024-06-18T08:11:10","slug":"laboratoire-dessai","status":"publish","type":"page","link":"https:\/\/cisternsolutions.eu\/fr\/laboratoire-dessai\/","title":{"rendered":"Laboratoire d&rsquo;essai"},"content":{"rendered":"","protected":false},"excerpt":{"rendered":"","protected":false},"author":4,"featured_media":0,"parent":0,"menu_order":0,"comment_status":"closed","ping_status":"closed","template":"","meta":{"footnotes":""},"class_list":["post-6502","page","type-page","status-publish"],"yoast_head":"<!-- This site is optimized with the Yoast SEO plugin v27.4 - https:\/\/yoast.com\/product\/yoast-seo-wordpress\/ -->\n<title>Nous testons les produits dans notre propre laboratoire | Cistern Solutions Sweden<\/title>\n<meta name=\"description\" content=\"Cistern Solutions Sweden veut \u00eatre \u00e0 la pointe du d\u00e9veloppement. \u00c0 cette fin, nous testons de nouvelles m\u00e9thodes, conceptions et technologies dans notre propre laboratoire.\" \/>\n<meta name=\"robots\" content=\"index, follow, max-snippet:-1, max-image-preview:large, max-video-preview:-1\" \/>\n<link rel=\"canonical\" href=\"https:\/\/cisternsolutions.eu\/fr\/laboratoire-dessai\/\" \/>\n<meta property=\"og:locale\" content=\"fr_FR\" \/>\n<meta property=\"og:type\" content=\"article\" \/>\n<meta property=\"og:title\" content=\"Nous testons les produits dans notre propre laboratoire | Cistern Solutions Sweden\" \/>\n<meta property=\"og:description\" content=\"Cistern Solutions Sweden veut \u00eatre \u00e0 la pointe du d\u00e9veloppement. \u00c0 cette fin, nous testons de nouvelles m\u00e9thodes, conceptions et technologies dans notre propre laboratoire.\" \/>\n<meta property=\"og:url\" content=\"https:\/\/cisternsolutions.eu\/fr\/laboratoire-dessai\/\" \/>\n<meta property=\"og:site_name\" content=\"Cistern Solutions Sweden\" \/>\n<meta name=\"twitter:card\" content=\"summary_large_image\" \/>\n<script type=\"application\/ld+json\" class=\"yoast-schema-graph\">{\"@context\":\"https:\\\/\\\/schema.org\",\"@graph\":[{\"@type\":\"WebPage\",\"@id\":\"https:\\\/\\\/cisternsolutions.eu\\\/fr\\\/laboratoire-dessai\\\/\",\"url\":\"https:\\\/\\\/cisternsolutions.eu\\\/fr\\\/laboratoire-dessai\\\/\",\"name\":\"Nous testons les produits dans notre propre laboratoire | Cistern Solutions Sweden\",\"isPartOf\":{\"@id\":\"https:\\\/\\\/cisternsolutions.eu\\\/fr\\\/#website\"},\"datePublished\":\"2024-06-18T08:11:10+00:00\",\"description\":\"Cistern Solutions Sweden veut \u00eatre \u00e0 la pointe du d\u00e9veloppement. \u00c0 cette fin, nous testons de nouvelles m\u00e9thodes, conceptions et technologies dans notre propre laboratoire.\",\"breadcrumb\":{\"@id\":\"https:\\\/\\\/cisternsolutions.eu\\\/fr\\\/laboratoire-dessai\\\/#breadcrumb\"},\"inLanguage\":\"fr-FR\",\"potentialAction\":[{\"@type\":\"ReadAction\",\"target\":[\"https:\\\/\\\/cisternsolutions.eu\\\/fr\\\/laboratoire-dessai\\\/\"]}]},{\"@type\":\"BreadcrumbList\",\"@id\":\"https:\\\/\\\/cisternsolutions.eu\\\/fr\\\/laboratoire-dessai\\\/#breadcrumb\",\"itemListElement\":[{\"@type\":\"ListItem\",\"position\":1,\"name\":\"Hem\",\"item\":\"https:\\\/\\\/cisternsolutions.eu\\\/fr\\\/page-daccueil\\\/\"},{\"@type\":\"ListItem\",\"position\":2,\"name\":\"Laboratoire d&rsquo;essai\"}]},{\"@type\":\"WebSite\",\"@id\":\"https:\\\/\\\/cisternsolutions.eu\\\/fr\\\/#website\",\"url\":\"https:\\\/\\\/cisternsolutions.eu\\\/fr\\\/\",\"name\":\"Cistern Solutions Sweden\",\"description\":\"Cistern Solutions Sweden\",\"publisher\":{\"@id\":\"https:\\\/\\\/cisternsolutions.eu\\\/fr\\\/#organization\"},\"potentialAction\":[{\"@type\":\"SearchAction\",\"target\":{\"@type\":\"EntryPoint\",\"urlTemplate\":\"https:\\\/\\\/cisternsolutions.eu\\\/fr\\\/?s={search_term_string}\"},\"query-input\":{\"@type\":\"PropertyValueSpecification\",\"valueRequired\":true,\"valueName\":\"search_term_string\"}}],\"inLanguage\":\"fr-FR\"},{\"@type\":\"Organization\",\"@id\":\"https:\\\/\\\/cisternsolutions.eu\\\/fr\\\/#organization\",\"name\":\"| Cistern Solutions Sweden AB\",\"url\":\"https:\\\/\\\/cisternsolutions.eu\\\/fr\\\/\",\"logo\":{\"@type\":\"ImageObject\",\"inLanguage\":\"fr-FR\",\"@id\":\"https:\\\/\\\/cisternsolutions.eu\\\/fr\\\/#\\\/schema\\\/logo\\\/image\\\/\",\"url\":\"https:\\\/\\\/cisternsolutions.eu\\\/wp-content\\\/uploads\\\/2023\\\/11\\\/CisternSolutions_orginal-logo.png\",\"contentUrl\":\"https:\\\/\\\/cisternsolutions.eu\\\/wp-content\\\/uploads\\\/2023\\\/11\\\/CisternSolutions_orginal-logo.png\",\"width\":1045,\"height\":293,\"caption\":\"| Cistern Solutions Sweden AB\"},\"image\":{\"@id\":\"https:\\\/\\\/cisternsolutions.eu\\\/fr\\\/#\\\/schema\\\/logo\\\/image\\\/\"}}]}<\/script>\n<!-- \/ Yoast SEO plugin. -->","yoast_head_json":{"title":"Nous testons les produits dans notre propre laboratoire | Cistern Solutions Sweden","description":"Cistern Solutions Sweden veut \u00eatre \u00e0 la pointe du d\u00e9veloppement. \u00c0 cette fin, nous testons de nouvelles m\u00e9thodes, conceptions et technologies dans notre propre laboratoire.","robots":{"index":"index","follow":"follow","max-snippet":"max-snippet:-1","max-image-preview":"max-image-preview:large","max-video-preview":"max-video-preview:-1"},"canonical":"https:\/\/cisternsolutions.eu\/fr\/laboratoire-dessai\/","og_locale":"fr_FR","og_type":"article","og_title":"Nous testons les produits dans notre propre laboratoire | Cistern Solutions Sweden","og_description":"Cistern Solutions Sweden veut \u00eatre \u00e0 la pointe du d\u00e9veloppement. \u00c0 cette fin, nous testons de nouvelles m\u00e9thodes, conceptions et technologies dans notre propre laboratoire.","og_url":"https:\/\/cisternsolutions.eu\/fr\/laboratoire-dessai\/","og_site_name":"Cistern Solutions Sweden","twitter_card":"summary_large_image","schema":{"@context":"https:\/\/schema.org","@graph":[{"@type":"WebPage","@id":"https:\/\/cisternsolutions.eu\/fr\/laboratoire-dessai\/","url":"https:\/\/cisternsolutions.eu\/fr\/laboratoire-dessai\/","name":"Nous testons les produits dans notre propre laboratoire | Cistern Solutions Sweden","isPartOf":{"@id":"https:\/\/cisternsolutions.eu\/fr\/#website"},"datePublished":"2024-06-18T08:11:10+00:00","description":"Cistern Solutions Sweden veut \u00eatre \u00e0 la pointe du d\u00e9veloppement. \u00c0 cette fin, nous testons de nouvelles m\u00e9thodes, conceptions et technologies dans notre propre laboratoire.","breadcrumb":{"@id":"https:\/\/cisternsolutions.eu\/fr\/laboratoire-dessai\/#breadcrumb"},"inLanguage":"fr-FR","potentialAction":[{"@type":"ReadAction","target":["https:\/\/cisternsolutions.eu\/fr\/laboratoire-dessai\/"]}]},{"@type":"BreadcrumbList","@id":"https:\/\/cisternsolutions.eu\/fr\/laboratoire-dessai\/#breadcrumb","itemListElement":[{"@type":"ListItem","position":1,"name":"Hem","item":"https:\/\/cisternsolutions.eu\/fr\/page-daccueil\/"},{"@type":"ListItem","position":2,"name":"Laboratoire d&rsquo;essai"}]},{"@type":"WebSite","@id":"https:\/\/cisternsolutions.eu\/fr\/#website","url":"https:\/\/cisternsolutions.eu\/fr\/","name":"Cistern Solutions Sweden","description":"Cistern Solutions Sweden","publisher":{"@id":"https:\/\/cisternsolutions.eu\/fr\/#organization"},"potentialAction":[{"@type":"SearchAction","target":{"@type":"EntryPoint","urlTemplate":"https:\/\/cisternsolutions.eu\/fr\/?s={search_term_string}"},"query-input":{"@type":"PropertyValueSpecification","valueRequired":true,"valueName":"search_term_string"}}],"inLanguage":"fr-FR"},{"@type":"Organization","@id":"https:\/\/cisternsolutions.eu\/fr\/#organization","name":"| Cistern Solutions Sweden AB","url":"https:\/\/cisternsolutions.eu\/fr\/","logo":{"@type":"ImageObject","inLanguage":"fr-FR","@id":"https:\/\/cisternsolutions.eu\/fr\/#\/schema\/logo\/image\/","url":"https:\/\/cisternsolutions.eu\/wp-content\/uploads\/2023\/11\/CisternSolutions_orginal-logo.png","contentUrl":"https:\/\/cisternsolutions.eu\/wp-content\/uploads\/2023\/11\/CisternSolutions_orginal-logo.png","width":1045,"height":293,"caption":"| Cistern Solutions Sweden AB"},"image":{"@id":"https:\/\/cisternsolutions.eu\/fr\/#\/schema\/logo\/image\/"}}]}},"_links":{"self":[{"href":"https:\/\/cisternsolutions.eu\/fr\/wp-json\/wp\/v2\/pages\/6502","targetHints":{"allow":["GET"]}}],"collection":[{"href":"https:\/\/cisternsolutions.eu\/fr\/wp-json\/wp\/v2\/pages"}],"about":[{"href":"https:\/\/cisternsolutions.eu\/fr\/wp-json\/wp\/v2\/types\/page"}],"author":[{"embeddable":true,"href":"https:\/\/cisternsolutions.eu\/fr\/wp-json\/wp\/v2\/users\/4"}],"replies":[{"embeddable":true,"href":"https:\/\/cisternsolutions.eu\/fr\/wp-json\/wp\/v2\/comments?post=6502"}],"version-history":[{"count":0,"href":"https:\/\/cisternsolutions.eu\/fr\/wp-json\/wp\/v2\/pages\/6502\/revisions"}],"wp:attachment":[{"href":"https:\/\/cisternsolutions.eu\/fr\/wp-json\/wp\/v2\/media?parent=6502"}],"curies":[{"name":"wp","href":"https:\/\/api.w.org\/{rel}","templated":true}]}}