{"id":6132,"date":"2016-06-30T11:20:12","date_gmt":"2016-06-30T09:20:12","guid":{"rendered":"https:\/\/cisternsolutions.eu\/contactez-nous\/"},"modified":"2026-01-12T16:35:56","modified_gmt":"2026-01-12T15:35:56","slug":"contactez-nous","status":"publish","type":"page","link":"https:\/\/cisternsolutions.eu\/fr\/contactez-nous\/","title":{"rendered":"Contactez nous"},"content":{"rendered":"\n\n\t\t<h1>\n\t\t\tBienvenue chez nous !\n\t\t<\/h1>\n\t\t\t<p>&#8211; votre expert en r\u00e9novation de citernes et de r\u00e9servoirs<\/p>\t\t\n\t<p>Chez Cistern Solutions Sweden, nous avons plus de 30 ans d&rsquo;exp\u00e9rience dans le domaine des rev\u00eatements de r\u00e9servoirs. Nous vous aidons aussi bien pour les inspections que pour les r\u00e9novations. Remplissez le formulaire, envoyez un courriel ou appelez.  <\/p>\n\t\t<ul>\n\t\t\t\t\t<li>\n\t\t\t\t\t<a href=\"tel:+46%2010-211%2051%2052\" target=\"_self\">\n\t\t\t\t<h2>+46  (0)10-211 51 52<\/h2>\n\t\t\t\t\t<\/a>\n\t\t\t<\/li>\n\t\t\t\t<\/ul>\n\t\t<ul>\n\t\t\t\t\t<li>\n\t\t\t\t\t<a href=\"mailto:info@cisternsolutions.se\" target=\"_self\">\n\t\t\t\t<h2>info@cisternsolutions.se<\/h2>\n\t\t\t\t\t<\/a>\n\t\t\t<\/li>\n\t\t\t\t<\/ul>\n\t\t<ul>\n\t\t\t\t\t<li>\n\t\t\t\t\t<a href=\"https:\/\/maps.app.goo.gl\/tPFJJj55EQ3L3iny7\" target=\"_blank\">\n\t\t\t\t\n\t\t<h3>Markbov\u00e4gen 6, 423 70 S\u00e4ve<br \/>Su\u00e8de<\/h3>\t\t\t\n\t<\/a>\n\t\t\t<\/li>\n\t\t\t\t<\/ul>\n\t\t\t<h3>Contactez-moi !<\/h3>\n\t\t    <form data-form_id=\"18\" id=\"fluentform_18\" data-form_instance=\"ff_form_instance_18_1\" method=\"POST\" data-recptcha_key=\"6LclVsMpAAAAALbQlfjI40nUI01kkMo-WKOg0nvc\"><fieldset>\n                    <legend>Formulaire de contact rapide FR (#18)<\/legend><input type='hidden' name='__fluent_form_embded_post_id' value='6132' \/><input type=\"hidden\" id=\"_fluentform_18_fluentformnonce\" name=\"_fluentform_18_fluentformnonce\" value=\"1d15c8070c\" \/><input type=\"hidden\" name=\"_wp_http_referer\" value=\"\/fr\/?page_id=6132&#038;fl_builder\" \/><input type=\"text\" name=\"names[first_name]\" id=\"ff_18_names_first_name_\" placeholder=\"Nom et pr\u00e9nom...\" aria-invalid=\"false\" aria-required=true\/><input type=\"email\" name=\"email\" id=\"ff_18_email\" placeholder=\"Envoyez-moi un email \u00e0...\" data-name=\"email\"  aria-invalid=\"false\" aria-required=true\/><textarea aria-required=\"true\" aria-labelledby=\"label_ff_18_message\" name=\"message\" id=\"ff_18_message\" placeholder=\"Contactez-moi \u00e0 propos de...\" rows=\"4\" cols=\"2\" data-name=\"message\"><\/textarea><label aria-label='J&#039;accepte que ce site Web stocke les informations que j&#039;ai soumises afin qu&#039;il puisse r\u00e9pondre \u00e0 ma demande. Les informations sont conserv\u00e9es pendant 1 an.' class='ff-el-form-check-label ff_tc_label' for=gdpr-agreement_97c1c96a5a7d717876f8756eabd9a42e><input type=\"checkbox\" name=\"gdpr-agreement\" data-name=\"gdpr-agreement\" id=\"gdpr-agreement_97c1c96a5a7d717876f8756eabd9a42e\"  value='on' aria-invalid='false' aria-required=true\/> J&rsquo;accepte que ce site Web stocke les informations que j&rsquo;ai soumises afin qu&rsquo;il puisse r\u00e9pondre \u00e0 ma demande. Les informations sont conserv\u00e9es pendant 1 an.<\/label><button type=\"submit\"  aria-label=\"Envoyer\">Envoyer<\/button><\/fieldset><\/form>            \n\t\t<h2>\n\t\t\tLe personnel\n\t\t<\/h2>\n\t\t\t\t<img decoding=\"async\" src=\"https:\/\/cisternsolutions.eu\/wp-content\/uploads\/2024\/01\/ulf.jpg\" alt=\"ulf\" itemprop=\"image\" height=\"1051\" width=\"969\" title=\"ulf\" onerror=\"this.style.display='none'\" loading=\"lazy\" \/>\n\t<h3>Monsieur Ulf Johansson<\/h3>\n<p>Propri\u00e9taire<\/p>\n<p><a href=\"mailto:uj@cisternsolutions.se\">uj@cisternsolutions.se<\/a><\/p>\n<p><a href=\"tel:46207%2099%062\"><strong>+46 70 790 99 62<\/strong><\/a><\/p>\n\t\t\t\t<img decoding=\"async\" src=\"https:\/\/cisternsolutions.eu\/wp-content\/uploads\/2024\/01\/magnus.jpg\" alt=\"magnus\" itemprop=\"image\" height=\"1051\" width=\"969\" title=\"magnus\" onerror=\"this.style.display='none'\" loading=\"lazy\" \/>\n\t<h3>Magnus Josefsson<\/h3>\n<p>PDG<\/p>\n<p><a href=\"mailto:mj@cisternsolutions.se\">mj@cisternsolutions.se<\/a><\/p>\n<p><a href=\"tel:+462070205%2099%037\"><strong>+46 70 590 99 37<\/strong><\/a><\/p>\n\t\t\t\t<img decoding=\"async\" src=\"https:\/\/cisternsolutions.eu\/wp-content\/uploads\/2024\/03\/foto-kommer-personal.jpg\" alt=\"foto-kommer-personal\" itemprop=\"image\" height=\"1051\" width=\"969\" title=\"foto-kommer-personal\" onerror=\"this.style.display='none'\" loading=\"lazy\" \/>\n\t<h3>Filip Karlsson<\/h3>\n<p>Chef de projet<\/p>\n<p><a href=\"mailto:fk@cisternsolutions.se\">fk@cisternsolutions.se<\/a><\/p>\n<p><a href=\"tel:+462073208%2091%000\"><strong>+46 73 960 37 80<\/strong><\/a><\/p>\n\n","protected":false},"excerpt":{"rendered":"<p>Bienvenue chez nous ! &#8211; votre expert en r\u00e9novation de citernes et de r\u00e9servoirs Chez Cistern Solutions Sweden, nous avons plus de 30 ans d&rsquo;exp\u00e9rience dans le domaine des rev\u00eatements de r\u00e9servoirs. Nous vous aidons aussi bien pour les inspections que pour les r\u00e9novations. Remplissez le formulaire, envoyez un courriel &#8230; <a title=\"Contactez nous\" class=\"read-more\" href=\"https:\/\/cisternsolutions.eu\/fr\/contactez-nous\/\" aria-label=\"En savoir plus sur Contactez nous\">L\u00e4s mer<\/a><\/p>\n","protected":false},"author":4,"featured_media":0,"parent":0,"menu_order":1,"comment_status":"closed","ping_status":"closed","template":"","meta":{"footnotes":""},"class_list":["post-6132","page","type-page","status-publish"],"yoast_head":"<!-- This site is optimized with the Yoast SEO plugin v27.5 - https:\/\/yoast.com\/product\/yoast-seo-wordpress\/ -->\n<title>Contactez nous - Restauration de r\u00e9servoir - Cistern Solutions Sweden<\/title>\n<meta name=\"description\" content=\"Nous sommes des experts avec plus de 40 ans d&#039;exp\u00e9rience dans la r\u00e9paration de r\u00e9servoirs et de citernes qui fuient. Contactez-nous pour plus d&#039;informations.\" \/>\n<meta name=\"robots\" content=\"index, follow, max-snippet:-1, max-image-preview:large, max-video-preview:-1\" \/>\n<link rel=\"canonical\" href=\"https:\/\/cisternsolutions.eu\/fr\/contactez-nous\/\" \/>\n<meta property=\"og:locale\" content=\"fr_FR\" \/>\n<meta property=\"og:type\" content=\"article\" \/>\n<meta property=\"og:title\" content=\"Contactez nous - Restauration de r\u00e9servoir - Cistern Solutions Sweden\" \/>\n<meta property=\"og:description\" content=\"Nous sommes des experts avec plus de 40 ans d&#039;exp\u00e9rience dans la r\u00e9paration de r\u00e9servoirs et de citernes qui fuient. Contactez-nous pour plus d&#039;informations.\" \/>\n<meta property=\"og:url\" content=\"https:\/\/cisternsolutions.eu\/fr\/contactez-nous\/\" \/>\n<meta property=\"og:site_name\" content=\"Cistern Solutions Sweden\" \/>\n<meta property=\"article:modified_time\" content=\"2026-01-12T15:35:56+00:00\" \/>\n<meta property=\"og:image\" content=\"https:\/\/cisternsolutions.eu\/wp-content\/uploads\/2024\/01\/ulf.jpg\" \/>\n<meta name=\"twitter:card\" content=\"summary_large_image\" \/>\n<meta name=\"twitter:label1\" content=\"Dur\u00e9e de lecture estim\u00e9e\" \/>\n\t<meta name=\"twitter:data1\" content=\"1 minute\" \/>\n<script type=\"application\/ld+json\" class=\"yoast-schema-graph\">{\"@context\":\"https:\\\/\\\/schema.org\",\"@graph\":[{\"@type\":\"WebPage\",\"@id\":\"https:\\\/\\\/cisternsolutions.eu\\\/fr\\\/contactez-nous\\\/\",\"url\":\"https:\\\/\\\/cisternsolutions.eu\\\/fr\\\/contactez-nous\\\/\",\"name\":\"Contactez nous - Restauration de r\u00e9servoir - Cistern Solutions Sweden\",\"isPartOf\":{\"@id\":\"https:\\\/\\\/cisternsolutions.eu\\\/fr\\\/#website\"},\"primaryImageOfPage\":{\"@id\":\"https:\\\/\\\/cisternsolutions.eu\\\/fr\\\/contactez-nous\\\/#primaryimage\"},\"image\":{\"@id\":\"https:\\\/\\\/cisternsolutions.eu\\\/fr\\\/contactez-nous\\\/#primaryimage\"},\"thumbnailUrl\":\"https:\\\/\\\/cisternsolutions.eu\\\/wp-content\\\/uploads\\\/2024\\\/01\\\/ulf.jpg\",\"datePublished\":\"2016-06-30T09:20:12+00:00\",\"dateModified\":\"2026-01-12T15:35:56+00:00\",\"description\":\"Nous sommes des experts avec plus de 40 ans d'exp\u00e9rience dans la r\u00e9paration de r\u00e9servoirs et de citernes qui fuient. Contactez-nous pour plus d'informations.\",\"breadcrumb\":{\"@id\":\"https:\\\/\\\/cisternsolutions.eu\\\/fr\\\/contactez-nous\\\/#breadcrumb\"},\"inLanguage\":\"fr-FR\",\"potentialAction\":[{\"@type\":\"ReadAction\",\"target\":[\"https:\\\/\\\/cisternsolutions.eu\\\/fr\\\/contactez-nous\\\/\"]}]},{\"@type\":\"ImageObject\",\"inLanguage\":\"fr-FR\",\"@id\":\"https:\\\/\\\/cisternsolutions.eu\\\/fr\\\/contactez-nous\\\/#primaryimage\",\"url\":\"https:\\\/\\\/cisternsolutions.eu\\\/wp-content\\\/uploads\\\/2024\\\/01\\\/ulf.jpg\",\"contentUrl\":\"https:\\\/\\\/cisternsolutions.eu\\\/wp-content\\\/uploads\\\/2024\\\/01\\\/ulf.jpg\"},{\"@type\":\"BreadcrumbList\",\"@id\":\"https:\\\/\\\/cisternsolutions.eu\\\/fr\\\/contactez-nous\\\/#breadcrumb\",\"itemListElement\":[{\"@type\":\"ListItem\",\"position\":1,\"name\":\"Hem\",\"item\":\"https:\\\/\\\/cisternsolutions.eu\\\/fr\\\/page-daccueil\\\/\"},{\"@type\":\"ListItem\",\"position\":2,\"name\":\"Contactez nous\"}]},{\"@type\":\"WebSite\",\"@id\":\"https:\\\/\\\/cisternsolutions.eu\\\/fr\\\/#website\",\"url\":\"https:\\\/\\\/cisternsolutions.eu\\\/fr\\\/\",\"name\":\"Cistern Solutions Sweden\",\"description\":\"Cistern Solutions Sweden\",\"publisher\":{\"@id\":\"https:\\\/\\\/cisternsolutions.eu\\\/fr\\\/#organization\"},\"potentialAction\":[{\"@type\":\"SearchAction\",\"target\":{\"@type\":\"EntryPoint\",\"urlTemplate\":\"https:\\\/\\\/cisternsolutions.eu\\\/fr\\\/?s={search_term_string}\"},\"query-input\":{\"@type\":\"PropertyValueSpecification\",\"valueRequired\":true,\"valueName\":\"search_term_string\"}}],\"inLanguage\":\"fr-FR\"},{\"@type\":\"Organization\",\"@id\":\"https:\\\/\\\/cisternsolutions.eu\\\/fr\\\/#organization\",\"name\":\"| Cistern Solutions Sweden AB\",\"url\":\"https:\\\/\\\/cisternsolutions.eu\\\/fr\\\/\",\"logo\":{\"@type\":\"ImageObject\",\"inLanguage\":\"fr-FR\",\"@id\":\"https:\\\/\\\/cisternsolutions.eu\\\/fr\\\/#\\\/schema\\\/logo\\\/image\\\/\",\"url\":\"https:\\\/\\\/cisternsolutions.eu\\\/wp-content\\\/uploads\\\/2023\\\/11\\\/CisternSolutions_orginal-logo.png\",\"contentUrl\":\"https:\\\/\\\/cisternsolutions.eu\\\/wp-content\\\/uploads\\\/2023\\\/11\\\/CisternSolutions_orginal-logo.png\",\"width\":1045,\"height\":293,\"caption\":\"| Cistern Solutions Sweden AB\"},\"image\":{\"@id\":\"https:\\\/\\\/cisternsolutions.eu\\\/fr\\\/#\\\/schema\\\/logo\\\/image\\\/\"}}]}<\/script>\n<!-- \/ Yoast SEO plugin. -->","yoast_head_json":{"title":"Contactez nous - Restauration de r\u00e9servoir - Cistern Solutions Sweden","description":"Nous sommes des experts avec plus de 40 ans d'exp\u00e9rience dans la r\u00e9paration de r\u00e9servoirs et de citernes qui fuient. Contactez-nous pour plus d'informations.","robots":{"index":"index","follow":"follow","max-snippet":"max-snippet:-1","max-image-preview":"max-image-preview:large","max-video-preview":"max-video-preview:-1"},"canonical":"https:\/\/cisternsolutions.eu\/fr\/contactez-nous\/","og_locale":"fr_FR","og_type":"article","og_title":"Contactez nous - Restauration de r\u00e9servoir - Cistern Solutions Sweden","og_description":"Nous sommes des experts avec plus de 40 ans d'exp\u00e9rience dans la r\u00e9paration de r\u00e9servoirs et de citernes qui fuient. Contactez-nous pour plus d'informations.","og_url":"https:\/\/cisternsolutions.eu\/fr\/contactez-nous\/","og_site_name":"Cistern Solutions Sweden","article_modified_time":"2026-01-12T15:35:56+00:00","og_image":[{"url":"https:\/\/cisternsolutions.eu\/wp-content\/uploads\/2024\/01\/ulf.jpg","type":"","width":"","height":""}],"twitter_card":"summary_large_image","twitter_misc":{"Dur\u00e9e de lecture estim\u00e9e":"1 minute"},"schema":{"@context":"https:\/\/schema.org","@graph":[{"@type":"WebPage","@id":"https:\/\/cisternsolutions.eu\/fr\/contactez-nous\/","url":"https:\/\/cisternsolutions.eu\/fr\/contactez-nous\/","name":"Contactez nous - Restauration de r\u00e9servoir - Cistern Solutions Sweden","isPartOf":{"@id":"https:\/\/cisternsolutions.eu\/fr\/#website"},"primaryImageOfPage":{"@id":"https:\/\/cisternsolutions.eu\/fr\/contactez-nous\/#primaryimage"},"image":{"@id":"https:\/\/cisternsolutions.eu\/fr\/contactez-nous\/#primaryimage"},"thumbnailUrl":"https:\/\/cisternsolutions.eu\/wp-content\/uploads\/2024\/01\/ulf.jpg","datePublished":"2016-06-30T09:20:12+00:00","dateModified":"2026-01-12T15:35:56+00:00","description":"Nous sommes des experts avec plus de 40 ans d'exp\u00e9rience dans la r\u00e9paration de r\u00e9servoirs et de citernes qui fuient. Contactez-nous pour plus d'informations.","breadcrumb":{"@id":"https:\/\/cisternsolutions.eu\/fr\/contactez-nous\/#breadcrumb"},"inLanguage":"fr-FR","potentialAction":[{"@type":"ReadAction","target":["https:\/\/cisternsolutions.eu\/fr\/contactez-nous\/"]}]},{"@type":"ImageObject","inLanguage":"fr-FR","@id":"https:\/\/cisternsolutions.eu\/fr\/contactez-nous\/#primaryimage","url":"https:\/\/cisternsolutions.eu\/wp-content\/uploads\/2024\/01\/ulf.jpg","contentUrl":"https:\/\/cisternsolutions.eu\/wp-content\/uploads\/2024\/01\/ulf.jpg"},{"@type":"BreadcrumbList","@id":"https:\/\/cisternsolutions.eu\/fr\/contactez-nous\/#breadcrumb","itemListElement":[{"@type":"ListItem","position":1,"name":"Hem","item":"https:\/\/cisternsolutions.eu\/fr\/page-daccueil\/"},{"@type":"ListItem","position":2,"name":"Contactez nous"}]},{"@type":"WebSite","@id":"https:\/\/cisternsolutions.eu\/fr\/#website","url":"https:\/\/cisternsolutions.eu\/fr\/","name":"Cistern Solutions Sweden","description":"Cistern Solutions Sweden","publisher":{"@id":"https:\/\/cisternsolutions.eu\/fr\/#organization"},"potentialAction":[{"@type":"SearchAction","target":{"@type":"EntryPoint","urlTemplate":"https:\/\/cisternsolutions.eu\/fr\/?s={search_term_string}"},"query-input":{"@type":"PropertyValueSpecification","valueRequired":true,"valueName":"search_term_string"}}],"inLanguage":"fr-FR"},{"@type":"Organization","@id":"https:\/\/cisternsolutions.eu\/fr\/#organization","name":"| Cistern Solutions Sweden AB","url":"https:\/\/cisternsolutions.eu\/fr\/","logo":{"@type":"ImageObject","inLanguage":"fr-FR","@id":"https:\/\/cisternsolutions.eu\/fr\/#\/schema\/logo\/image\/","url":"https:\/\/cisternsolutions.eu\/wp-content\/uploads\/2023\/11\/CisternSolutions_orginal-logo.png","contentUrl":"https:\/\/cisternsolutions.eu\/wp-content\/uploads\/2023\/11\/CisternSolutions_orginal-logo.png","width":1045,"height":293,"caption":"| Cistern Solutions Sweden AB"},"image":{"@id":"https:\/\/cisternsolutions.eu\/fr\/#\/schema\/logo\/image\/"}}]}},"_links":{"self":[{"href":"https:\/\/cisternsolutions.eu\/fr\/wp-json\/wp\/v2\/pages\/6132","targetHints":{"allow":["GET"]}}],"collection":[{"href":"https:\/\/cisternsolutions.eu\/fr\/wp-json\/wp\/v2\/pages"}],"about":[{"href":"https:\/\/cisternsolutions.eu\/fr\/wp-json\/wp\/v2\/types\/page"}],"author":[{"embeddable":true,"href":"https:\/\/cisternsolutions.eu\/fr\/wp-json\/wp\/v2\/users\/4"}],"replies":[{"embeddable":true,"href":"https:\/\/cisternsolutions.eu\/fr\/wp-json\/wp\/v2\/comments?post=6132"}],"version-history":[{"count":2,"href":"https:\/\/cisternsolutions.eu\/fr\/wp-json\/wp\/v2\/pages\/6132\/revisions"}],"predecessor-version":[{"id":8606,"href":"https:\/\/cisternsolutions.eu\/fr\/wp-json\/wp\/v2\/pages\/6132\/revisions\/8606"}],"wp:attachment":[{"href":"https:\/\/cisternsolutions.eu\/fr\/wp-json\/wp\/v2\/media?parent=6132"}],"curies":[{"name":"wp","href":"https:\/\/api.w.org\/{rel}","templated":true}]}}