{"id":6127,"date":"2024-03-05T14:36:38","date_gmt":"2024-03-05T13:36:38","guid":{"rendered":"https:\/\/cisternsolutions.eu\/reservoirs-darrosage\/"},"modified":"2025-11-25T11:36:46","modified_gmt":"2025-11-25T10:36:46","slug":"reservoirs-darrosage","status":"publish","type":"page","link":"https:\/\/cisternsolutions.eu\/fr\/reservoirs-darrosage\/","title":{"rendered":"R\u00e9servoirs d&rsquo;arrosage"},"content":{"rendered":"\r\n<h1>R\u00e9servoirs d&rsquo;arrosage<\/h1>\r\n<p>&#8211; un \u00e9l\u00e9ment cl\u00e9 de la protection contre l&rsquo;incendie<\/p>\r\n<h2>Maintenez le r\u00e9servoir de l&rsquo;arroseur en bon \u00e9tat<\/h2>\r\n<p>Les r\u00e9servoirs sprinklers sont omnipr\u00e9sents &#8211; dans les locaux industriels, les entrep\u00f4ts, les installations de stockage et autres b\u00e2timents o\u00f9 une bonne protection contre l&rsquo;incendie est n\u00e9cessaire. Ils sont disponibles dans une grande vari\u00e9t\u00e9 de conceptions en termes de mat\u00e9riaux muraux, d&rsquo;isolation ou de rev\u00eatement. Les r\u00e9servoirs d&rsquo;arrosage sont disponibles en plastique et en t\u00f4le d&rsquo;acier, ils peuvent \u00eatre ronds ou carr\u00e9s. Certains sont isol\u00e9s et se trouvent \u00e0 l&rsquo;ext\u00e9rieur, au-dessus du sol, d&rsquo;autres sont non isol\u00e9s et se trouvent \u00e0 l&rsquo;int\u00e9rieur. Dans les centres commerciaux, il n&rsquo;est pas rare que le r\u00e9servoir d&rsquo;arrosage soit enterr\u00e9 sous le b\u00e2timent.<\/p>\r\n<p>En commun, ils doivent r\u00e9pondre aux exigences de la norme ISO 6182-1:2021. Le jour o\u00f9 cela compte vraiment, un r\u00e9servoir d&rsquo;arrosage doit \u00eatre en mesure de fournir des r\u00e9sultats. \u00cates-vous s\u00fbr que votre r\u00e9servoir d&rsquo;arrosage d\u00e9bite ?<\/p>\r\n<p><em>*) Veuillez noter que toutes les r\u00e9f\u00e9rences aux r\u00e8glements, lois et autorit\u00e9s sur le site Web s&rsquo;appliquent \u00e0 la Su\u00e8de et aux conditions su\u00e9doises. <\/em><\/p>\r\n<h3>Contactez-moi !<\/h3>\r\n<form id=\"fluentform_18\" method=\"POST\" data-form_id=\"18\" data-form_instance=\"ff_form_instance_18_1\" data-recptcha_key=\"6LclVsMpAAAAALbQlfjI40nUI01kkMo-WKOg0nvc\"><fieldset><legend>Formulaire de contact rapide FR (#18)<\/legend><input name=\"__fluent_form_embded_post_id\" type=\"hidden\" value=\"6127\" \/><input id=\"_fluentform_18_fluentformnonce\" name=\"_fluentform_18_fluentformnonce\" type=\"hidden\" value=\"08da1cd4b5\" \/><input name=\"_wp_http_referer\" type=\"hidden\" value=\"\/fr\/?page_id=6127&amp;fl_builder\" \/><input id=\"ff_18_names_first_name_\" name=\"names[first_name]\" type=\"text\" placeholder=\"Nom et pr\u00e9nom...\" aria-invalid=\"false\" aria-required=\"true\/\" \/><input id=\"ff_18_email\" name=\"email\" type=\"email\" placeholder=\"Envoyez-moi un email \u00e0...\" data-name=\"email\" aria-invalid=\"false\" aria-required=\"true\/\" \/><textarea id=\"ff_18_message\" cols=\"2\" name=\"message\" rows=\"4\" placeholder=\"Contactez-moi \u00e0 propos de...\" aria-invalid=\"false\" aria-required=\"true\" data-name=\"message\"><\/textarea><label class=\"ff-el-form-check-label ff_tc_label\" for=\"gdpr-agreement_055e556a7ba65adde3e5f198dd01b789\" aria-label=\"terms &amp; conditions\"><input id=\"gdpr-agreement_055e556a7ba65adde3e5f198dd01b789\" name=\"gdpr-agreement\" type=\"checkbox\" value=\"on\" data-name=\"gdpr-agreement\" aria-invalid=\"false\" aria-required=\"true\/\" \/> J&rsquo;accepte que ce site Web stocke les informations que j&rsquo;ai soumises afin qu&rsquo;il puisse r\u00e9pondre \u00e0 ma demande. Les informations sont conserv\u00e9es pendant 1 an.<\/label><button type=\"submit\">Envoyer<\/button><\/fieldset><\/form>\r\n<h3>Probl\u00e8mes courants :<\/h3>\r\n<ul>\r\n<li>Corrosion<\/li>\r\n<li>S\u00e9diments au fond<\/li>\r\n<li>Fuites<\/li>\r\n<\/ul>\r\n<h2>Probl\u00e8mes courants avec les r\u00e9servoirs d&rsquo;arrosage<\/h2>\r\n<p><img decoding=\"async\" title=\"korrosion_i_tank_02\" src=\"https:\/\/cisternsolutions.eu\/wp-content\/uploads\/2024\/02\/korrosion_i_tank_02.jpg\" sizes=\"(max-width: 700px) 100vw, 700px\" srcset=\"https:\/\/cisternsolutions.eu\/wp-content\/uploads\/2024\/02\/korrosion_i_tank_02.jpg 700w, https:\/\/cisternsolutions.eu\/wp-content\/uploads\/2024\/02\/korrosion_i_tank_02-300x171.jpg 300w\" alt=\"korrosion_i_tank_02\" width=\"700\" height=\"400\" \/><\/p>\r\n<p>Un r\u00e9servoir d&rsquo;arrosage est un \u00e9l\u00e9ment indispensable de tout syst\u00e8me de protection contre l&rsquo;incendie. C&rsquo;est \u00e9vident. Pourtant, il est facile de n\u00e9gliger l&rsquo;inspection et l&rsquo;entretien des r\u00e9servoirs d&rsquo;arrosage. La loi n&rsquo;exige que l&rsquo;inspection des citernes tous les dix ans. Il s&rsquo;agit d&rsquo;un intervalle tr\u00e8s long si le r\u00e9servoir de l&rsquo;arroseur est attaqu\u00e9 par la rouille.<\/p>\r\n<p>La corrosion est un probl\u00e8me courant. La corrosion peut causer des dommages structurels au r\u00e9servoir, le rendant instable et m\u00eame dangereux.<\/p>\r\n<p>Si vous laissez la rouille s&rsquo;\u00e9tendre, le r\u00e9servoir peut \u00e9clater et fuir. Si le r\u00e9servoir est situ\u00e9 \u00e0 l&rsquo;ext\u00e9rieur, la fuite d&rsquo;eau peut ne pas causer beaucoup de d\u00e9g\u00e2ts. Mais reste-t-il assez d&rsquo;eau pour \u00e9teindre un incendie ?<\/p>\r\n<p>Un r\u00e9servoir d&rsquo;arrosage int\u00e9rieur qui fuit peut provoquer des d\u00e9g\u00e2ts des eaux co\u00fbteux. Dans le pire des cas, il peut \u00eatre impossible d&rsquo;utiliser les locaux pendant un certain temps, ce qui peut \u00e9galement s&rsquo;av\u00e9rer co\u00fbteux.<\/p>\r\n<p>Un autre probl\u00e8me est l&rsquo;accumulation de s\u00e9diments et de d\u00e9bris au fond du r\u00e9servoir. Si l&rsquo;alarme se d\u00e9clenche et que le syst\u00e8me d&rsquo;arrosage est activ\u00e9, il y a un risque \u00e9lev\u00e9 que des s\u00e9diments soient aspir\u00e9s et bloquent l&rsquo;alimentation en eau.<\/p>\r\n<h2>Quelles sont les causes de probl\u00e8mes dans les r\u00e9servoirs d&rsquo;arrosage ?<\/h2>\r\n<p><img decoding=\"async\" title=\"galvanisk-korrosion_01\" src=\"https:\/\/cisternsolutions.eu\/wp-content\/uploads\/2024\/03\/galvanisk-korrosion_01.jpg\" sizes=\"(max-width: 700px) 100vw, 700px\" srcset=\"https:\/\/cisternsolutions.eu\/wp-content\/uploads\/2024\/03\/galvanisk-korrosion_01.jpg 700w, https:\/\/cisternsolutions.eu\/wp-content\/uploads\/2024\/03\/galvanisk-korrosion_01-300x171.jpg 300w\" alt=\"galvanisk-korrosion_01\" width=\"700\" height=\"400\" \/><\/p>\r\n<p>La conception du r\u00e9servoir et l&rsquo;eau qu&rsquo;il contient peuvent contribuer \u00e0 la corrosion et \u00e0 la s\u00e9dimentation.<\/p>\r\n<p>Par exemple, des tuyaux en acier inoxydable dans un r\u00e9servoir d&rsquo;arrosage en t\u00f4le d&rsquo;acier peuvent provoquer une corrosion galvanique. L&rsquo;eau de pluie acide peut abaisser le pH de l&rsquo;eau et augmenter le risque de corrosion.<\/p>\r\n<p>L&rsquo;eau \u00e0 forte teneur en oxyg\u00e8ne peut \u00e9galement acc\u00e9l\u00e9rer la corrosion. Si l&rsquo;eau du r\u00e9servoir provient d&rsquo;un lac ou du r\u00e9seau d&rsquo;eau municipal, elle a une teneur en oxyg\u00e8ne relativement \u00e9lev\u00e9e. La pr\u00e9sence de micro-organismes dans l&rsquo;eau augmente \u00e9galement le risque de croissance microbienne. Les bact\u00e9ries et les algues sont connues pour se d\u00e9velopper dans des environnements humides et sombres.<\/p>\r\n<h2>Nous pouvons r\u00e9nover votre r\u00e9servoir d&rsquo;arrosage<\/h2>\r\n<p>Pour \u00e9viter la corrosion et les fuites, des inspections r\u00e9guli\u00e8res et fr\u00e9quentes sont essentielles. \u00c0 l&rsquo;aide d&rsquo;un drone sous-marin, nous obtenons un bon aper\u00e7u de l&rsquo;\u00e9tat du r\u00e9servoir sans avoir \u00e0 le vider.<\/p>\r\n<p>Si le r\u00e9servoir d&rsquo;arrosage est endommag\u00e9, nous pouvons lui donner une nouvelle vie en utilisant de l&rsquo;\u00e9poxy renforc\u00e9. Le rev\u00eatement prot\u00e8ge la t\u00f4le d&rsquo;acier de l&rsquo;eau. Le rev\u00eatement \u00e9poxy renforce \u00e9galement la structure. En fait, vous obtenez un nouveau r\u00e9servoir \u00e0 l&rsquo;int\u00e9rieur de l&rsquo;ancien, qui durera tr\u00e8s longtemps.<\/p>\r\n<p>Chez Cistern Solutions Sweden, nous pouvons \u00e9galement r\u00e9parer d&rsquo;autres dommages caus\u00e9s \u00e0 la citerne d&rsquo;arrosage ou li\u00e9s \u00e0 celle-ci.<\/p>\r\n<p><strong>Assurez une protection s\u00fbre contre les incendies en maintenant le r\u00e9servoir d&rsquo;arrosage en bon \u00e9tat. N&rsquo;h\u00e9sitez pas \u00e0 nous contacter pour une inspection et des suggestions d&rsquo;action.<\/strong><\/p>\r\n<h3>Je souhaite en savoir plus sur la r\u00e9novation des r\u00e9servoirs d&rsquo;arrosage<\/h3>\r\n<form id=\"fluentform_17\" method=\"POST\" data-form_id=\"17\" data-form_instance=\"ff_form_instance_17_2\" data-recptcha_key=\"6LclVsMpAAAAALbQlfjI40nUI01kkMo-WKOg0nvc\"><fieldset><legend>Formulaire de contact &#8211; FR (#17)<\/legend><input name=\"__fluent_form_embded_post_id\" type=\"hidden\" value=\"6127\" \/><input id=\"_fluentform_17_fluentformnonce\" name=\"_fluentform_17_fluentformnonce\" type=\"hidden\" value=\"08da1cd4b5\" \/><input name=\"_wp_http_referer\" type=\"hidden\" value=\"\/fr\/?page_id=6127&amp;fl_builder\" \/><label for=\"ff_17_2_names_first_name_\" aria-label=\"Mon nom\">Mon nom<\/label><input id=\"ff_17_2_names_first_name_\" name=\"names[first_name]\" type=\"text\" placeholder=\"Nom et pr\u00e9nom...\" aria-invalid=\"false\" aria-required=\"true\/\" \/><label for=\"ff_17_2_input_text\" aria-label=\"Entreprise\">Entreprise<\/label><input id=\"ff_17_2_input_text\" name=\"input_text\" type=\"text\" placeholder=\"Je travaille ...\" data-name=\"input_text\" aria-invalid=\"false\" aria-required=\"true\/\" \/><label for=\"ff_17_2_email\" aria-label=\"Adresse e-mail\">Adresse e-mail<\/label><input id=\"ff_17_2_email\" name=\"email\" type=\"email\" placeholder=\"Envoyez-moi un email \u00e0...\" data-name=\"email\" aria-invalid=\"false\" aria-required=\"true\/\" \/><label for=\"ff_17_2_phone\" aria-label=\"Num\u00e9ro de t\u00e9l\u00e9phone\">Num\u00e9ro de t\u00e9l\u00e9phone<\/label><input id=\"ff_17_2_phone\" name=\"phone\" type=\"tel\" placeholder=\"Mon num\u00e9ro ...\" data-name=\"phone\" aria-invalid=\"false\" aria-required=\"true\/\" \/><label for=\"ff_17_2_subject\" aria-label=\"Subject\">Subject<\/label><input id=\"ff_17_2_subject\" name=\"subject\" type=\"text\" placeholder=\"Je suis int\u00e9ress\u00e9 par ....\" data-name=\"subject\" aria-invalid=\"false\" aria-required=\"true\/\" \/><label aria-label=\"Type de r\u00e9servoir\">Type de r\u00e9servoir<\/label><label class=\"ff-el-form-check-label\" for=\"checkbox_1_17d4ab5203e92a792d159a6866ffdc9d\"><input id=\"checkbox_1_17d4ab5203e92a792d159a6866ffdc9d\" name=\"checkbox_1[]\" type=\"checkbox\" value=\"R\u00e9servoir d'arrosage\" data-name=\"checkbox_1\" aria-label=\"R\u00e9servoir d'arrosage\" aria-invalid=\"false\" aria-required=\"false\/\" \/> R\u00e9servoir d&rsquo;arrosage<\/label><label class=\"ff-el-form-check-label\" for=\"checkbox_1_e4f8093372fe382be670c650858b7773\"><input id=\"checkbox_1_e4f8093372fe382be670c650858b7773\" name=\"checkbox_1[]\" type=\"checkbox\" value=\"R\u00e9servoir de processus\" data-name=\"checkbox_1\" aria-label=\"R\u00e9servoir de processus\" aria-invalid=\"false\" aria-required=\"false\/\" \/> R\u00e9servoir de processus<\/label><label class=\"ff-el-form-check-label\" for=\"checkbox_1_40c2d1291b3f2ac3338211e7c60d996e\"><input id=\"checkbox_1_40c2d1291b3f2ac3338211e7c60d996e\" name=\"checkbox_1[]\" type=\"checkbox\" value=\"Autre r\u00e9servoir\" data-name=\"checkbox_1\" aria-label=\"Autre r\u00e9servoir\" aria-invalid=\"false\" aria-required=\"false\/\" \/> Autre r\u00e9servoir<\/label><label aria-label=\"Service\">Service<\/label><label class=\"ff-el-form-check-label\" for=\"checkbox_1a6e0ad48c4c8470ac8b6a0f9ef72494\"><input id=\"checkbox_1a6e0ad48c4c8470ac8b6a0f9ef72494\" name=\"checkbox[]\" type=\"checkbox\" value=\"Inspection\" data-name=\"checkbox\" aria-label=\"Inspection\" aria-invalid=\"false\" aria-required=\"false\/\" \/> Inspection<\/label><label class=\"ff-el-form-check-label\" for=\"checkbox_ea369a8129ac6d1c0ee6107e71be06f9\"><input id=\"checkbox_ea369a8129ac6d1c0ee6107e71be06f9\" name=\"checkbox[]\" type=\"checkbox\" value=\"R\u00e9novation\" data-name=\"checkbox\" aria-label=\"R\u00e9novation\" aria-invalid=\"false\" aria-required=\"false\/\" \/> R\u00e9novation<\/label><label class=\"ff-el-form-check-label\" for=\"checkbox_a4258926951cb844743c72789c5d0e76\"><input id=\"checkbox_a4258926951cb844743c72789c5d0e76\" name=\"checkbox[]\" type=\"checkbox\" value=\"Autre\" data-name=\"checkbox\" aria-label=\"Autre\" aria-invalid=\"false\" aria-required=\"false\/\" \/> Autre<\/label><label for=\"ff_17_2_multi_select_1\" aria-label=\"Nombre de r\u00e9servoirs\">Nombre de r\u00e9servoirs<\/label><select id=\"ff_17_2_multi_select_1\" multiple=\"multiple\" name=\"multi_select_1[]\" data-name=\"multi_select_1\" data-calc_value=\"0\" aria-invalid=\"false\" aria-required=\"false\">\r\n<option value=\"\">Nombre de r\u00e9servoirs<\/option>\r\n<option value=\"0\">0<\/option>\r\n<option value=\"1\">1<\/option>\r\n<option value=\"2\">2<\/option>\r\n<option value=\"3\">3<\/option>\r\n<option value=\"4\">4<\/option>\r\n<option value=\"5\">5<\/option>\r\n<option value=\"6\">6<\/option>\r\n<option value=\"7\">7<\/option>\r\n<option value=\"8\">8<\/option>\r\n<option value=\"9\">9<\/option>\r\n<option value=\"10 eller fler\">10 eller fler<\/option>\r\n<\/select><label for=\"ff_17_2_message\" aria-label=\"Commentaire\">Commentaire<\/label><textarea id=\"ff_17_2_message\" cols=\"2\" name=\"message\" rows=\"4\" placeholder=\"Questions ou commentaires suppl\u00e9mentaires....\" aria-invalid=\"false\" aria-required=\"true\" data-name=\"message\"><\/textarea><label class=\"ff-el-form-check-label ff_tc_label\" for=\"gdpr-agreement_37cfcde81621220a7a4b6623c86b626a\" aria-label=\"terms &amp; conditions\"><input id=\"gdpr-agreement_37cfcde81621220a7a4b6623c86b626a\" name=\"gdpr-agreement\" type=\"checkbox\" value=\"on\" data-name=\"gdpr-agreement\" aria-invalid=\"false\" aria-required=\"true\/\" \/> J&rsquo;accepte que ce site Web stocke les informations que j&rsquo;ai soumises afin qu&rsquo;il puisse r\u00e9pondre \u00e0 ma demande. Les informations sont conserv\u00e9es pendant 1 an.<\/label><button type=\"submit\">Envoyer<\/button><\/fieldset><\/form>","protected":false},"excerpt":{"rendered":"<p>Les r\u00e9servoirs de sprinklers doivent fonctionner en cas d&rsquo;incendie. Inspectez-les fr\u00e9quemment pour garantir la protection contre l&rsquo;incendie. <\/p>\n","protected":false},"author":4,"featured_media":6130,"parent":0,"menu_order":0,"comment_status":"closed","ping_status":"closed","template":"","meta":{"footnotes":""},"class_list":["post-6127","page","type-page","status-publish","has-post-thumbnail"],"yoast_head":"<!-- This site is optimized with the Yoast SEO plugin v27.4 - https:\/\/yoast.com\/product\/yoast-seo-wordpress\/ -->\n<title>R\u00e9servoirs d&#039;arrosage, au c\u0153ur de la protection contre les incendies | Cistern Solutions Sweden<\/title>\n<meta name=\"description\" content=\"Les r\u00e9servoirs d&#039;arrosage sont essentiels pour une protection s\u00fbre contre les incendies. Maintenez le r\u00e9servoir de l&#039;arroseur en bon \u00e9tat en l&#039;inspectant souvent ! Comment nous vous aidons...\" \/>\n<meta name=\"robots\" content=\"index, follow, max-snippet:-1, max-image-preview:large, max-video-preview:-1\" \/>\n<link rel=\"canonical\" href=\"https:\/\/cisternsolutions.eu\/fr\/reservoirs-darrosage\/\" \/>\n<meta property=\"og:locale\" content=\"fr_FR\" \/>\n<meta property=\"og:type\" content=\"article\" \/>\n<meta property=\"og:title\" content=\"R\u00e9servoirs d&#039;arrosage, au c\u0153ur de la protection contre les incendies | Cistern Solutions Sweden\" \/>\n<meta property=\"og:description\" content=\"Les r\u00e9servoirs d&#039;arrosage sont essentiels pour une protection s\u00fbre contre les incendies. Maintenez le r\u00e9servoir de l&#039;arroseur en bon \u00e9tat en l&#039;inspectant souvent ! Comment nous vous aidons...\" \/>\n<meta property=\"og:url\" content=\"https:\/\/cisternsolutions.eu\/fr\/reservoirs-darrosage\/\" \/>\n<meta property=\"og:site_name\" content=\"Cistern Solutions Sweden\" \/>\n<meta property=\"article:modified_time\" content=\"2025-11-25T10:36:46+00:00\" \/>\n<meta property=\"og:image\" content=\"https:\/\/cisternsolutions.eu\/wp-content\/uploads\/2024\/03\/sprinklertankar.jpg\" \/>\n\t<meta property=\"og:image:width\" content=\"1920\" \/>\n\t<meta property=\"og:image:height\" content=\"526\" \/>\n\t<meta property=\"og:image:type\" content=\"image\/jpeg\" \/>\n<meta name=\"twitter:card\" content=\"summary_large_image\" \/>\n<meta name=\"twitter:label1\" content=\"Dur\u00e9e de lecture estim\u00e9e\" \/>\n\t<meta name=\"twitter:data1\" content=\"4 minutes\" \/>\n<script type=\"application\/ld+json\" class=\"yoast-schema-graph\">{\"@context\":\"https:\\\/\\\/schema.org\",\"@graph\":[{\"@type\":\"WebPage\",\"@id\":\"https:\\\/\\\/cisternsolutions.eu\\\/fr\\\/reservoirs-darrosage\\\/\",\"url\":\"https:\\\/\\\/cisternsolutions.eu\\\/fr\\\/reservoirs-darrosage\\\/\",\"name\":\"R\u00e9servoirs d'arrosage, au c\u0153ur de la protection contre les incendies | Cistern Solutions Sweden\",\"isPartOf\":{\"@id\":\"https:\\\/\\\/cisternsolutions.eu\\\/fr\\\/#website\"},\"primaryImageOfPage\":{\"@id\":\"https:\\\/\\\/cisternsolutions.eu\\\/fr\\\/reservoirs-darrosage\\\/#primaryimage\"},\"image\":{\"@id\":\"https:\\\/\\\/cisternsolutions.eu\\\/fr\\\/reservoirs-darrosage\\\/#primaryimage\"},\"thumbnailUrl\":\"https:\\\/\\\/cisternsolutions.eu\\\/wp-content\\\/uploads\\\/2024\\\/03\\\/sprinklertankar.jpg\",\"datePublished\":\"2024-03-05T13:36:38+00:00\",\"dateModified\":\"2025-11-25T10:36:46+00:00\",\"description\":\"Les r\u00e9servoirs d'arrosage sont essentiels pour une protection s\u00fbre contre les incendies. Maintenez le r\u00e9servoir de l'arroseur en bon \u00e9tat en l'inspectant souvent ! Comment nous vous aidons...\",\"breadcrumb\":{\"@id\":\"https:\\\/\\\/cisternsolutions.eu\\\/fr\\\/reservoirs-darrosage\\\/#breadcrumb\"},\"inLanguage\":\"fr-FR\",\"potentialAction\":[{\"@type\":\"ReadAction\",\"target\":[\"https:\\\/\\\/cisternsolutions.eu\\\/fr\\\/reservoirs-darrosage\\\/\"]}]},{\"@type\":\"ImageObject\",\"inLanguage\":\"fr-FR\",\"@id\":\"https:\\\/\\\/cisternsolutions.eu\\\/fr\\\/reservoirs-darrosage\\\/#primaryimage\",\"url\":\"https:\\\/\\\/cisternsolutions.eu\\\/wp-content\\\/uploads\\\/2024\\\/03\\\/sprinklertankar.jpg\",\"contentUrl\":\"https:\\\/\\\/cisternsolutions.eu\\\/wp-content\\\/uploads\\\/2024\\\/03\\\/sprinklertankar.jpg\",\"width\":1920,\"height\":526},{\"@type\":\"BreadcrumbList\",\"@id\":\"https:\\\/\\\/cisternsolutions.eu\\\/fr\\\/reservoirs-darrosage\\\/#breadcrumb\",\"itemListElement\":[{\"@type\":\"ListItem\",\"position\":1,\"name\":\"Hem\",\"item\":\"https:\\\/\\\/cisternsolutions.eu\\\/fr\\\/page-daccueil\\\/\"},{\"@type\":\"ListItem\",\"position\":2,\"name\":\"R\u00e9servoirs d&#8217;arrosage\"}]},{\"@type\":\"WebSite\",\"@id\":\"https:\\\/\\\/cisternsolutions.eu\\\/fr\\\/#website\",\"url\":\"https:\\\/\\\/cisternsolutions.eu\\\/fr\\\/\",\"name\":\"Cistern Solutions Sweden\",\"description\":\"Cistern Solutions Sweden\",\"publisher\":{\"@id\":\"https:\\\/\\\/cisternsolutions.eu\\\/fr\\\/#organization\"},\"potentialAction\":[{\"@type\":\"SearchAction\",\"target\":{\"@type\":\"EntryPoint\",\"urlTemplate\":\"https:\\\/\\\/cisternsolutions.eu\\\/fr\\\/?s={search_term_string}\"},\"query-input\":{\"@type\":\"PropertyValueSpecification\",\"valueRequired\":true,\"valueName\":\"search_term_string\"}}],\"inLanguage\":\"fr-FR\"},{\"@type\":\"Organization\",\"@id\":\"https:\\\/\\\/cisternsolutions.eu\\\/fr\\\/#organization\",\"name\":\"| Cistern Solutions Sweden AB\",\"url\":\"https:\\\/\\\/cisternsolutions.eu\\\/fr\\\/\",\"logo\":{\"@type\":\"ImageObject\",\"inLanguage\":\"fr-FR\",\"@id\":\"https:\\\/\\\/cisternsolutions.eu\\\/fr\\\/#\\\/schema\\\/logo\\\/image\\\/\",\"url\":\"https:\\\/\\\/cisternsolutions.eu\\\/wp-content\\\/uploads\\\/2023\\\/11\\\/CisternSolutions_orginal-logo.png\",\"contentUrl\":\"https:\\\/\\\/cisternsolutions.eu\\\/wp-content\\\/uploads\\\/2023\\\/11\\\/CisternSolutions_orginal-logo.png\",\"width\":1045,\"height\":293,\"caption\":\"| Cistern Solutions Sweden AB\"},\"image\":{\"@id\":\"https:\\\/\\\/cisternsolutions.eu\\\/fr\\\/#\\\/schema\\\/logo\\\/image\\\/\"}}]}<\/script>\n<!-- \/ Yoast SEO plugin. -->","yoast_head_json":{"title":"R\u00e9servoirs d'arrosage, au c\u0153ur de la protection contre les incendies | Cistern Solutions Sweden","description":"Les r\u00e9servoirs d'arrosage sont essentiels pour une protection s\u00fbre contre les incendies. Maintenez le r\u00e9servoir de l'arroseur en bon \u00e9tat en l'inspectant souvent ! Comment nous vous aidons...","robots":{"index":"index","follow":"follow","max-snippet":"max-snippet:-1","max-image-preview":"max-image-preview:large","max-video-preview":"max-video-preview:-1"},"canonical":"https:\/\/cisternsolutions.eu\/fr\/reservoirs-darrosage\/","og_locale":"fr_FR","og_type":"article","og_title":"R\u00e9servoirs d'arrosage, au c\u0153ur de la protection contre les incendies | Cistern Solutions Sweden","og_description":"Les r\u00e9servoirs d'arrosage sont essentiels pour une protection s\u00fbre contre les incendies. Maintenez le r\u00e9servoir de l'arroseur en bon \u00e9tat en l'inspectant souvent ! Comment nous vous aidons...","og_url":"https:\/\/cisternsolutions.eu\/fr\/reservoirs-darrosage\/","og_site_name":"Cistern Solutions Sweden","article_modified_time":"2025-11-25T10:36:46+00:00","og_image":[{"width":1920,"height":526,"url":"https:\/\/cisternsolutions.eu\/wp-content\/uploads\/2024\/03\/sprinklertankar.jpg","type":"image\/jpeg"}],"twitter_card":"summary_large_image","twitter_misc":{"Dur\u00e9e de lecture estim\u00e9e":"4 minutes"},"schema":{"@context":"https:\/\/schema.org","@graph":[{"@type":"WebPage","@id":"https:\/\/cisternsolutions.eu\/fr\/reservoirs-darrosage\/","url":"https:\/\/cisternsolutions.eu\/fr\/reservoirs-darrosage\/","name":"R\u00e9servoirs d'arrosage, au c\u0153ur de la protection contre les incendies | Cistern Solutions Sweden","isPartOf":{"@id":"https:\/\/cisternsolutions.eu\/fr\/#website"},"primaryImageOfPage":{"@id":"https:\/\/cisternsolutions.eu\/fr\/reservoirs-darrosage\/#primaryimage"},"image":{"@id":"https:\/\/cisternsolutions.eu\/fr\/reservoirs-darrosage\/#primaryimage"},"thumbnailUrl":"https:\/\/cisternsolutions.eu\/wp-content\/uploads\/2024\/03\/sprinklertankar.jpg","datePublished":"2024-03-05T13:36:38+00:00","dateModified":"2025-11-25T10:36:46+00:00","description":"Les r\u00e9servoirs d'arrosage sont essentiels pour une protection s\u00fbre contre les incendies. Maintenez le r\u00e9servoir de l'arroseur en bon \u00e9tat en l'inspectant souvent ! Comment nous vous aidons...","breadcrumb":{"@id":"https:\/\/cisternsolutions.eu\/fr\/reservoirs-darrosage\/#breadcrumb"},"inLanguage":"fr-FR","potentialAction":[{"@type":"ReadAction","target":["https:\/\/cisternsolutions.eu\/fr\/reservoirs-darrosage\/"]}]},{"@type":"ImageObject","inLanguage":"fr-FR","@id":"https:\/\/cisternsolutions.eu\/fr\/reservoirs-darrosage\/#primaryimage","url":"https:\/\/cisternsolutions.eu\/wp-content\/uploads\/2024\/03\/sprinklertankar.jpg","contentUrl":"https:\/\/cisternsolutions.eu\/wp-content\/uploads\/2024\/03\/sprinklertankar.jpg","width":1920,"height":526},{"@type":"BreadcrumbList","@id":"https:\/\/cisternsolutions.eu\/fr\/reservoirs-darrosage\/#breadcrumb","itemListElement":[{"@type":"ListItem","position":1,"name":"Hem","item":"https:\/\/cisternsolutions.eu\/fr\/page-daccueil\/"},{"@type":"ListItem","position":2,"name":"R\u00e9servoirs d&#8217;arrosage"}]},{"@type":"WebSite","@id":"https:\/\/cisternsolutions.eu\/fr\/#website","url":"https:\/\/cisternsolutions.eu\/fr\/","name":"Cistern Solutions Sweden","description":"Cistern Solutions Sweden","publisher":{"@id":"https:\/\/cisternsolutions.eu\/fr\/#organization"},"potentialAction":[{"@type":"SearchAction","target":{"@type":"EntryPoint","urlTemplate":"https:\/\/cisternsolutions.eu\/fr\/?s={search_term_string}"},"query-input":{"@type":"PropertyValueSpecification","valueRequired":true,"valueName":"search_term_string"}}],"inLanguage":"fr-FR"},{"@type":"Organization","@id":"https:\/\/cisternsolutions.eu\/fr\/#organization","name":"| Cistern Solutions Sweden AB","url":"https:\/\/cisternsolutions.eu\/fr\/","logo":{"@type":"ImageObject","inLanguage":"fr-FR","@id":"https:\/\/cisternsolutions.eu\/fr\/#\/schema\/logo\/image\/","url":"https:\/\/cisternsolutions.eu\/wp-content\/uploads\/2023\/11\/CisternSolutions_orginal-logo.png","contentUrl":"https:\/\/cisternsolutions.eu\/wp-content\/uploads\/2023\/11\/CisternSolutions_orginal-logo.png","width":1045,"height":293,"caption":"| Cistern Solutions Sweden AB"},"image":{"@id":"https:\/\/cisternsolutions.eu\/fr\/#\/schema\/logo\/image\/"}}]}},"_links":{"self":[{"href":"https:\/\/cisternsolutions.eu\/fr\/wp-json\/wp\/v2\/pages\/6127","targetHints":{"allow":["GET"]}}],"collection":[{"href":"https:\/\/cisternsolutions.eu\/fr\/wp-json\/wp\/v2\/pages"}],"about":[{"href":"https:\/\/cisternsolutions.eu\/fr\/wp-json\/wp\/v2\/types\/page"}],"author":[{"embeddable":true,"href":"https:\/\/cisternsolutions.eu\/fr\/wp-json\/wp\/v2\/users\/4"}],"replies":[{"embeddable":true,"href":"https:\/\/cisternsolutions.eu\/fr\/wp-json\/wp\/v2\/comments?post=6127"}],"version-history":[{"count":5,"href":"https:\/\/cisternsolutions.eu\/fr\/wp-json\/wp\/v2\/pages\/6127\/revisions"}],"predecessor-version":[{"id":8008,"href":"https:\/\/cisternsolutions.eu\/fr\/wp-json\/wp\/v2\/pages\/6127\/revisions\/8008"}],"wp:featuredmedia":[{"embeddable":true,"href":"https:\/\/cisternsolutions.eu\/fr\/wp-json\/wp\/v2\/media\/6130"}],"wp:attachment":[{"href":"https:\/\/cisternsolutions.eu\/fr\/wp-json\/wp\/v2\/media?parent=6127"}],"curies":[{"name":"wp","href":"https:\/\/api.w.org\/{rel}","templated":true}]}}