{"id":6111,"date":"2016-06-30T11:19:44","date_gmt":"2016-06-30T09:19:44","guid":{"rendered":"https:\/\/cisternsolutions.eu\/qualite-et-environnement\/"},"modified":"2024-05-08T09:00:36","modified_gmt":"2024-05-08T07:00:36","slug":"qualite-et-environnement","status":"publish","type":"page","link":"https:\/\/cisternsolutions.eu\/fr\/qualite-et-environnement\/","title":{"rendered":"Qualit\u00e9 et environnement"},"content":{"rendered":"\n<h1>Qualit\u00e9 et prix<\/h1>\n<p>V\u00e5ra policys<\/p>\n<p><strong>Vous devez prendre des mesures \u00e9nergiques afin d&rsquo;\u00e9viter que des produits qui ne posent pas de probl\u00e8me ne soient jug\u00e9s inad\u00e9quats. Le r\u00e9sultat de ces mesures est un produit de qualit\u00e9 qui dure plus longtemps. La solution la plus \u00e9conomique et la plus \u00e9cologique consiste \u00e0 r\u00e9nover un r\u00e9servoir ou une citerne dans un b\u00e2timent afin d&rsquo;y installer un nouveau syst\u00e8me.<\/strong><\/p>\n<p>Nous nous effor\u00e7ons d&rsquo;utiliser nos produits en tant que plan d&rsquo;\u00e9valuation et de gestion. Apr\u00e8s chaque projet, nous avons mis en place un syst\u00e8me complet de gestion des produits.<\/p>\n<p><strong>Egenkontroll<br><\/strong>Entreprenaderna kvalitetsdokumenteras. Les contr\u00f4les sont inefficaces :<\/p>\n<ul>\n<li>la mise en place d&rsquo;un syst\u00e8me de gestion de la s\u00e9curit\u00e9<\/li>\n<li>la cr\u00e9ation d&rsquo;un plan d&rsquo;occupation des sols<\/li>\n<li>kontroll av konstruktionens h\u00e5llfasthet<\/li>\n<li>temperatur- och dragh\u00e5llfasthet<\/li>\n<li>utf\u00f6randet dokumenteras<\/li>\n<li>efterbesiktning<\/li>\n<\/ul>\n<h3>Politique d&rsquo;\u00e9galit\u00e9<\/h3>\n<p>Un engagement fort est une bonne solution dans tous les domaines. Il s&rsquo;agit d&rsquo;un probl\u00e8me qui n&rsquo;a pas \u00e9t\u00e9 r\u00e9solu, mais qui a \u00e9t\u00e9 r\u00e9solu apr\u00e8s avoir trouv\u00e9 des solutions aux probl\u00e8mes et aux probl\u00e8mes de nos clients.<\/p>\n<p>L&rsquo;exp\u00e9rience, les comp\u00e9tences et les comp\u00e9tences similaires de tous les membres de l&rsquo;entreprise peuvent contribuer \u00e0 ce que chaque personne qui en a besoin puisse se r\u00e9f\u00e9rer \u00e0 un r\u00e9f\u00e9rent.<\/p>\n<p>Votre bonne volont\u00e9 et votre bonne entente avec vos partenaires vous permettent d&rsquo;obtenir des r\u00e9sultats efficaces.<\/p>\n<p>Cistern Solutions Sweden AB a une exp\u00e9rience positive de l&rsquo;ensemble du secteur de l&rsquo;eau potable dans la r\u00e9gion et s&rsquo;est engag\u00e9e dans ce secteur. Vous avez un objectif \u00e0 atteindre en vous rapprochant de la force de la nature.<\/p>\n<h3>Milj\u00f6policy<\/h3>\n<p>Le principe de l&rsquo;\u00e9quilibre budg\u00e9taire est qu&rsquo;il n&rsquo;y a pas d&rsquo;obstacle \u00e0 l&rsquo;application de r\u00e8gles et de normes strictes et qu&rsquo;il est possible d&rsquo;obtenir un r\u00e9sultat satisfaisant. Vous avez \u00e9t\u00e9 tr\u00e8s actif sur le plan de la sant\u00e9 et de la s\u00e9curit\u00e9, et vous avez cherch\u00e9 \u00e0 faire en sorte que la situation soit toujours plus difficile \u00e0 g\u00e9rer. Dans le m\u00eame ordre d&rsquo;id\u00e9es, il est n\u00e9cessaire de mettre en place un syst\u00e8me de contr\u00f4le des produits afin de pouvoir choisir la meilleure technologie possible.<\/p>\n<p>Il s&rsquo;agit d&rsquo;une m\u00e9thode de travail simple et efficace, qui s&rsquo;applique \u00e0 tous les domaines :<\/p>\n<ul>\n<li>Vous pouvez vous procurer des produits naturels sur un site efficace.<\/li>\n<li>Vous trouverez dans ce site une gamme de produits et de mat\u00e9riaux adapt\u00e9s \u00e0 vos besoins.<\/li>\n<li>L&rsquo;ensemble de l&rsquo;espace et des moyens de transport sont tr\u00e8s bien organis\u00e9s.<\/li>\n<li>Principe de subsidiarit\u00e9 : Si vous fournissez de nouvelles m\u00e9thodes et de nouveaux mat\u00e9riaux, vous devez obtenir une subvention non remboursable afin de vous assurer qu&rsquo;ils sont utilis\u00e9s.<\/li>\n<\/ul>\n<h3>Politique de l&#8217;emploi<\/h3>\n<p>Les produits que nous fabriquons \u00e0 Cistern Solutions Sweden AB constituent un moyen de lutter contre la pollution de l&rsquo;air.<\/p>\n<p>Il n&rsquo;y a pas de raison pour que l&rsquo;on s&rsquo;en serve, m\u00eame s&rsquo;il y a du mat\u00e9riel qui peut \u00eatre utilis\u00e9 pour le travail de bureau. En cas d&rsquo;accident grave, il est possible de prendre des risques \u00e9ventuels. Le principe de l&rsquo;Uppm\u00e4rksamhet est que la personne qui l&rsquo;utilise doit \u00eatre en mesure de prendre des risques.<\/p>\n<p>Une bonne armoire \u00e0 rideaux se caract\u00e9rise par le fait qu&rsquo;elle ne permet pas de trouver des armoires \u00e0 rideaux de qualit\u00e9. Il vous permet d&rsquo;obtenir un revenu de votre jobbet et de b\u00e9n\u00e9ficier de la possibilit\u00e9 d&rsquo;obtenir un revenu d&rsquo;appoint. Pour trouver des solutions \u00e0 ces probl\u00e8mes, il faut trouver des solutions et des moyens de les r\u00e9soudre.<\/p>\n","protected":false},"excerpt":{"rendered":"<p>Qualit\u00e9 et prix V\u00e5ra policys Vous devez prendre des mesures \u00e9nergiques afin d&rsquo;\u00e9viter que des produits qui ne posent pas de probl\u00e8me ne soient jug\u00e9s inad\u00e9quats. Le r\u00e9sultat de ces mesures est un produit de qualit\u00e9 qui dure plus longtemps. La solution la plus \u00e9conomique et la plus \u00e9cologique consiste &#8230; <a title=\"Qualit\u00e9 et environnement\" class=\"read-more\" href=\"https:\/\/cisternsolutions.eu\/fr\/qualite-et-environnement\/\" aria-label=\"En savoir plus sur Qualit\u00e9 et environnement\">L\u00e4s mer<\/a><\/p>\n","protected":false},"author":4,"featured_media":0,"parent":0,"menu_order":0,"comment_status":"closed","ping_status":"closed","template":"","meta":{"footnotes":""},"class_list":["post-6111","page","type-page","status-publish"],"yoast_head":"<!-- This site is optimized with the Yoast SEO plugin v27.4 - https:\/\/yoast.com\/product\/yoast-seo-wordpress\/ -->\n<title>R\u00e9novation de r\u00e9servoirs de chasse d&#039;eau de la plus haute qualit\u00e9 | Cistern Solutions Sweden<\/title>\n<meta name=\"description\" content=\"Chez Cistern Solutions Sweden AB, nous travaillons d&#039;arrache-pied sur la qualit\u00e9 et les aspects environnementaux. En savoir plus sur notre engagement en faveur de la qualit\u00e9 et de l&#039;environnement.\" \/>\n<meta name=\"robots\" content=\"index, follow, max-snippet:-1, max-image-preview:large, max-video-preview:-1\" \/>\n<link rel=\"canonical\" href=\"https:\/\/cisternsolutions.eu\/fr\/qualite-et-environnement\/\" \/>\n<meta property=\"og:locale\" content=\"fr_FR\" \/>\n<meta property=\"og:type\" content=\"article\" \/>\n<meta property=\"og:title\" content=\"R\u00e9novation de r\u00e9servoirs de chasse d&#039;eau de la plus haute qualit\u00e9 | Cistern Solutions Sweden\" \/>\n<meta property=\"og:description\" content=\"Chez Cistern Solutions Sweden AB, nous travaillons d&#039;arrache-pied sur la qualit\u00e9 et les aspects environnementaux. En savoir plus sur notre engagement en faveur de la qualit\u00e9 et de l&#039;environnement.\" \/>\n<meta property=\"og:url\" content=\"https:\/\/cisternsolutions.eu\/fr\/qualite-et-environnement\/\" \/>\n<meta property=\"og:site_name\" content=\"Cistern Solutions Sweden\" \/>\n<meta property=\"article:modified_time\" content=\"2024-05-08T07:00:36+00:00\" \/>\n<meta name=\"twitter:card\" content=\"summary_large_image\" \/>\n<meta name=\"twitter:label1\" content=\"Dur\u00e9e de lecture estim\u00e9e\" \/>\n\t<meta name=\"twitter:data1\" content=\"3 minutes\" \/>\n<script type=\"application\/ld+json\" class=\"yoast-schema-graph\">{\"@context\":\"https:\\\/\\\/schema.org\",\"@graph\":[{\"@type\":\"WebPage\",\"@id\":\"https:\\\/\\\/cisternsolutions.eu\\\/fr\\\/qualite-et-environnement\\\/\",\"url\":\"https:\\\/\\\/cisternsolutions.eu\\\/fr\\\/qualite-et-environnement\\\/\",\"name\":\"R\u00e9novation de r\u00e9servoirs de chasse d'eau de la plus haute qualit\u00e9 | Cistern Solutions Sweden\",\"isPartOf\":{\"@id\":\"https:\\\/\\\/cisternsolutions.eu\\\/fr\\\/#website\"},\"datePublished\":\"2016-06-30T09:19:44+00:00\",\"dateModified\":\"2024-05-08T07:00:36+00:00\",\"description\":\"Chez Cistern Solutions Sweden AB, nous travaillons d'arrache-pied sur la qualit\u00e9 et les aspects environnementaux. En savoir plus sur notre engagement en faveur de la qualit\u00e9 et de l'environnement.\",\"breadcrumb\":{\"@id\":\"https:\\\/\\\/cisternsolutions.eu\\\/fr\\\/qualite-et-environnement\\\/#breadcrumb\"},\"inLanguage\":\"fr-FR\",\"potentialAction\":[{\"@type\":\"ReadAction\",\"target\":[\"https:\\\/\\\/cisternsolutions.eu\\\/fr\\\/qualite-et-environnement\\\/\"]}]},{\"@type\":\"BreadcrumbList\",\"@id\":\"https:\\\/\\\/cisternsolutions.eu\\\/fr\\\/qualite-et-environnement\\\/#breadcrumb\",\"itemListElement\":[{\"@type\":\"ListItem\",\"position\":1,\"name\":\"Hem\",\"item\":\"https:\\\/\\\/cisternsolutions.eu\\\/fr\\\/page-daccueil\\\/\"},{\"@type\":\"ListItem\",\"position\":2,\"name\":\"Qualit\u00e9 et environnement\"}]},{\"@type\":\"WebSite\",\"@id\":\"https:\\\/\\\/cisternsolutions.eu\\\/fr\\\/#website\",\"url\":\"https:\\\/\\\/cisternsolutions.eu\\\/fr\\\/\",\"name\":\"Cistern Solutions Sweden\",\"description\":\"Cistern Solutions Sweden\",\"publisher\":{\"@id\":\"https:\\\/\\\/cisternsolutions.eu\\\/fr\\\/#organization\"},\"potentialAction\":[{\"@type\":\"SearchAction\",\"target\":{\"@type\":\"EntryPoint\",\"urlTemplate\":\"https:\\\/\\\/cisternsolutions.eu\\\/fr\\\/?s={search_term_string}\"},\"query-input\":{\"@type\":\"PropertyValueSpecification\",\"valueRequired\":true,\"valueName\":\"search_term_string\"}}],\"inLanguage\":\"fr-FR\"},{\"@type\":\"Organization\",\"@id\":\"https:\\\/\\\/cisternsolutions.eu\\\/fr\\\/#organization\",\"name\":\"| Cistern Solutions Sweden AB\",\"url\":\"https:\\\/\\\/cisternsolutions.eu\\\/fr\\\/\",\"logo\":{\"@type\":\"ImageObject\",\"inLanguage\":\"fr-FR\",\"@id\":\"https:\\\/\\\/cisternsolutions.eu\\\/fr\\\/#\\\/schema\\\/logo\\\/image\\\/\",\"url\":\"https:\\\/\\\/cisternsolutions.eu\\\/wp-content\\\/uploads\\\/2023\\\/11\\\/CisternSolutions_orginal-logo.png\",\"contentUrl\":\"https:\\\/\\\/cisternsolutions.eu\\\/wp-content\\\/uploads\\\/2023\\\/11\\\/CisternSolutions_orginal-logo.png\",\"width\":1045,\"height\":293,\"caption\":\"| Cistern Solutions Sweden AB\"},\"image\":{\"@id\":\"https:\\\/\\\/cisternsolutions.eu\\\/fr\\\/#\\\/schema\\\/logo\\\/image\\\/\"}}]}<\/script>\n<!-- \/ Yoast SEO plugin. -->","yoast_head_json":{"title":"R\u00e9novation de r\u00e9servoirs de chasse d'eau de la plus haute qualit\u00e9 | Cistern Solutions Sweden","description":"Chez Cistern Solutions Sweden AB, nous travaillons d'arrache-pied sur la qualit\u00e9 et les aspects environnementaux. En savoir plus sur notre engagement en faveur de la qualit\u00e9 et de l'environnement.","robots":{"index":"index","follow":"follow","max-snippet":"max-snippet:-1","max-image-preview":"max-image-preview:large","max-video-preview":"max-video-preview:-1"},"canonical":"https:\/\/cisternsolutions.eu\/fr\/qualite-et-environnement\/","og_locale":"fr_FR","og_type":"article","og_title":"R\u00e9novation de r\u00e9servoirs de chasse d'eau de la plus haute qualit\u00e9 | Cistern Solutions Sweden","og_description":"Chez Cistern Solutions Sweden AB, nous travaillons d'arrache-pied sur la qualit\u00e9 et les aspects environnementaux. En savoir plus sur notre engagement en faveur de la qualit\u00e9 et de l'environnement.","og_url":"https:\/\/cisternsolutions.eu\/fr\/qualite-et-environnement\/","og_site_name":"Cistern Solutions Sweden","article_modified_time":"2024-05-08T07:00:36+00:00","twitter_card":"summary_large_image","twitter_misc":{"Dur\u00e9e de lecture estim\u00e9e":"3 minutes"},"schema":{"@context":"https:\/\/schema.org","@graph":[{"@type":"WebPage","@id":"https:\/\/cisternsolutions.eu\/fr\/qualite-et-environnement\/","url":"https:\/\/cisternsolutions.eu\/fr\/qualite-et-environnement\/","name":"R\u00e9novation de r\u00e9servoirs de chasse d'eau de la plus haute qualit\u00e9 | Cistern Solutions Sweden","isPartOf":{"@id":"https:\/\/cisternsolutions.eu\/fr\/#website"},"datePublished":"2016-06-30T09:19:44+00:00","dateModified":"2024-05-08T07:00:36+00:00","description":"Chez Cistern Solutions Sweden AB, nous travaillons d'arrache-pied sur la qualit\u00e9 et les aspects environnementaux. En savoir plus sur notre engagement en faveur de la qualit\u00e9 et de l'environnement.","breadcrumb":{"@id":"https:\/\/cisternsolutions.eu\/fr\/qualite-et-environnement\/#breadcrumb"},"inLanguage":"fr-FR","potentialAction":[{"@type":"ReadAction","target":["https:\/\/cisternsolutions.eu\/fr\/qualite-et-environnement\/"]}]},{"@type":"BreadcrumbList","@id":"https:\/\/cisternsolutions.eu\/fr\/qualite-et-environnement\/#breadcrumb","itemListElement":[{"@type":"ListItem","position":1,"name":"Hem","item":"https:\/\/cisternsolutions.eu\/fr\/page-daccueil\/"},{"@type":"ListItem","position":2,"name":"Qualit\u00e9 et environnement"}]},{"@type":"WebSite","@id":"https:\/\/cisternsolutions.eu\/fr\/#website","url":"https:\/\/cisternsolutions.eu\/fr\/","name":"Cistern Solutions Sweden","description":"Cistern Solutions Sweden","publisher":{"@id":"https:\/\/cisternsolutions.eu\/fr\/#organization"},"potentialAction":[{"@type":"SearchAction","target":{"@type":"EntryPoint","urlTemplate":"https:\/\/cisternsolutions.eu\/fr\/?s={search_term_string}"},"query-input":{"@type":"PropertyValueSpecification","valueRequired":true,"valueName":"search_term_string"}}],"inLanguage":"fr-FR"},{"@type":"Organization","@id":"https:\/\/cisternsolutions.eu\/fr\/#organization","name":"| Cistern Solutions Sweden AB","url":"https:\/\/cisternsolutions.eu\/fr\/","logo":{"@type":"ImageObject","inLanguage":"fr-FR","@id":"https:\/\/cisternsolutions.eu\/fr\/#\/schema\/logo\/image\/","url":"https:\/\/cisternsolutions.eu\/wp-content\/uploads\/2023\/11\/CisternSolutions_orginal-logo.png","contentUrl":"https:\/\/cisternsolutions.eu\/wp-content\/uploads\/2023\/11\/CisternSolutions_orginal-logo.png","width":1045,"height":293,"caption":"| Cistern Solutions Sweden AB"},"image":{"@id":"https:\/\/cisternsolutions.eu\/fr\/#\/schema\/logo\/image\/"}}]}},"_links":{"self":[{"href":"https:\/\/cisternsolutions.eu\/fr\/wp-json\/wp\/v2\/pages\/6111","targetHints":{"allow":["GET"]}}],"collection":[{"href":"https:\/\/cisternsolutions.eu\/fr\/wp-json\/wp\/v2\/pages"}],"about":[{"href":"https:\/\/cisternsolutions.eu\/fr\/wp-json\/wp\/v2\/types\/page"}],"author":[{"embeddable":true,"href":"https:\/\/cisternsolutions.eu\/fr\/wp-json\/wp\/v2\/users\/4"}],"replies":[{"embeddable":true,"href":"https:\/\/cisternsolutions.eu\/fr\/wp-json\/wp\/v2\/comments?post=6111"}],"version-history":[{"count":1,"href":"https:\/\/cisternsolutions.eu\/fr\/wp-json\/wp\/v2\/pages\/6111\/revisions"}],"predecessor-version":[{"id":6113,"href":"https:\/\/cisternsolutions.eu\/fr\/wp-json\/wp\/v2\/pages\/6111\/revisions\/6113"}],"wp:attachment":[{"href":"https:\/\/cisternsolutions.eu\/fr\/wp-json\/wp\/v2\/media?parent=6111"}],"curies":[{"name":"wp","href":"https:\/\/api.w.org\/{rel}","templated":true}]}}