{"id":6085,"date":"2022-05-03T16:59:50","date_gmt":"2022-05-03T14:59:50","guid":{"rendered":"https:\/\/cisternsolutions.eu\/politique-en-matiere-de-cookies\/"},"modified":"2024-05-08T08:59:48","modified_gmt":"2024-05-08T06:59:48","slug":"politique-en-matiere-de-cookies","status":"publish","type":"page","link":"https:\/\/cisternsolutions.eu\/fr\/politique-en-matiere-de-cookies\/","title":{"rendered":"Politique en mati\u00e8re de cookies"},"content":{"rendered":"\n<h1>Politique de la cuisine<\/h1>\n<p>pour Cistern Solutions Sweden AB<\/p>\n<p>Les cookies sont de petits fichiers texte qui sont d\u00e9pos\u00e9s sur votre ordinateur. Les cuisiniers recherchent des informations sur l&rsquo;ensemble de l&rsquo;entreprise ou sur une autre partie de l&rsquo;entreprise. Une partie de la pi\u00e8ce peut \u00eatre utilis\u00e9e \u00e0 d&rsquo;autres fins. vara sociala medier och annons- och analysf\u00f6retag. Tous les types d&rsquo;informations qui vous sont demand\u00e9es par le biais de votre cookie.<\/p>\n<p><strong>Les cookies et les cookies de session :<\/strong> Il s&rsquo;agit de cookies qui servent \u00e0 faire fonctionner l&rsquo;ordinateur. Ce type de cookies est utilis\u00e9 lorsque vous utilisez votre site web ou un autre site.<\/p>\n<p><strong>Funktionalitetscookies eller varaktiga cookies :<\/strong> Cookies dont l&rsquo;objectif est d&rsquo;aider les utilisateurs \u00e0 obtenir des informations sur leurs droits, par exemple en leur permettant d&rsquo;acc\u00e9der \u00e0 des informations sur leurs droits de propri\u00e9t\u00e9 intellectuelle. Vous pouvez toujours obtenir les m\u00eames informations ici.<\/p>\n<p><strong>Cookies analytiques ou t\u00e9moins de connexion :<\/strong> Cookies qui servent \u00e0 analyser la fa\u00e7on dont les utilisateurs r\u00e9agissent \u00e0 la demande, par exemple. la taille de la personne qui a besoin d&rsquo;une vue ou la taille de la personne qui a besoin d&rsquo;une vue. Google Analytics collecte des informations et \u00e9tablit des statistiques sur les visiteurs du site Web en fonction de l&rsquo;identit\u00e9 des personnes identifi\u00e9es par Google.<\/p>\n<p>Vous pouvez en savoir plus sur les <a href=\"https:\/\/policies.google.com\/privacy?hl=sv\">r\u00e8gles d&rsquo;int\u00e9gration de<\/a> Google ici, sur les <a href=\"https:\/\/policies.google.com\/technologies\/ads\">annonces ici<\/a> et sur la mani\u00e8re dont Google g\u00e8re les <a href=\"https:\/\/policies.google.com\/technologies\/cookies\">cookies ici<\/a>.<\/p>\n<p>Si vous souhaitez que les r\u00e9sultats de votre recherche sur ce site Web soient pris en compte dans les statistiques de Google Analytics, il s&rsquo;agit d&rsquo;un outil que vous pouvez installer sur votre site Web. Pour cela, vous devez vous rendre sur les sites web de Google.<\/p>\n<h3>Quels sont les cookies qui vous int\u00e9ressent ?<\/h3>\n<p>Vous trouverez tous les cookies que vous souhaitez utiliser en cliquant sur \u00ab\u00a0Hantera cookies\u00a0\u00bb \u00e0 la fin de la page d&rsquo;accueil.<\/p>\n<h3>Stocker les cookies<\/h3>\n<p>Vous pouvez utiliser des cookies pour vous familiariser avec les installations de votre site web. OBS ! Si vous souhaitez utiliser des cookies, certaines fonctions de l&rsquo;ordinateur peuvent \u00eatre utilis\u00e9es pendant longtemps. Pour supprimer les cookies : consultez la documentation relative \u00e0 votre site web actuel :<\/p>\n<ul>\n<li><a href=\"https:\/\/support.google.com\/accounts\/answer\/32050?hl=sv&amp;co=GENIE.Platform%3DDesktop\" target=\"_blank\" rel=\"noopener\">Google Chrome<\/a><\/li>\n<li><a href=\"https:\/\/support.microsoft.com\/sv-se\/windows\/ta-bort-och-hantera-cookies-168dab11-0753-043d-7c16-ede5947fc64d\" target=\"_blank\" rel=\"noopener\">Internet Explorer<\/a><\/li>\n<li><a href=\"https:\/\/support.mozilla.org\/sv\/kb\/rensa-kakor-och-webbplatsdata-firefox\" target=\"_blank\" rel=\"noopener\">Mozilla Firefox<\/a><\/li>\n<li><a href=\"https:\/\/support.microsoft.com\/sv-se\/microsoft-edge\/ta-bort-cookies-i-microsoft-edge-63947406-40ac-c3b8-57b9-2a946a29ae09\" target=\"_blank\" rel=\"noopener\">Bord<\/a><\/li>\n<li><a href=\"https:\/\/support.apple.com\/sv-se\/guide\/safari\/sfri11471\/11.0\/mac\/10.13\" target=\"_blank\" rel=\"noopener\">Safari (dator)<\/a><\/li>\n<li><a href=\"https:\/\/support.apple.com\/sv-se\/HT201265\" target=\"_blank\" rel=\"noopener\">Safari (mobil)<\/a><\/li>\n<li><a href=\"https:\/\/support.google.com\/nexus\/answer\/54068?visit_id=638367063625101613-921820139&amp;hl=en&amp;rd=1\" target=\"_blank\" rel=\"noopener\">Espace web Android<\/a><\/li>\n<li><a href=\"https:\/\/blogs.opera.com\/tips-and-tricks\/2023\/04\/clean-browser-and-remove-trackers\/\" target=\"_blank\" rel=\"noopener\">Op\u00e9ra<\/a><\/li>\n<\/ul>\n","protected":false},"excerpt":{"rendered":"<p>Politique de la cuisine pour Cistern Solutions Sweden AB Les cookies sont de petits fichiers texte qui sont d\u00e9pos\u00e9s sur votre ordinateur. Les cuisiniers recherchent des informations sur l&rsquo;ensemble de l&rsquo;entreprise ou sur une autre partie de l&rsquo;entreprise. Une partie de la pi\u00e8ce peut \u00eatre utilis\u00e9e \u00e0 d&rsquo;autres fins. vara &#8230; <a title=\"Politique en mati\u00e8re de cookies\" class=\"read-more\" href=\"https:\/\/cisternsolutions.eu\/fr\/politique-en-matiere-de-cookies\/\" aria-label=\"En savoir plus sur Politique en mati\u00e8re de cookies\">L\u00e4s mer<\/a><\/p>\n","protected":false},"author":4,"featured_media":0,"parent":0,"menu_order":0,"comment_status":"closed","ping_status":"closed","template":"","meta":{"footnotes":""},"class_list":["post-6085","page","type-page","status-publish"],"yoast_head":"<!-- This site is optimized with the Yoast SEO plugin v27.5 - https:\/\/yoast.com\/product\/yoast-seo-wordpress\/ -->\n<title>Politique en mati\u00e8re de cookies | Cistern Solutions Sweden<\/title>\n<meta name=\"description\" content=\"Ici, vous pouvez en savoir plus sur les cookies, ce qu&#039;ils sont et comment Cistern Solutions Sweden les utilise sur le site web. Lire la suite ...\" \/>\n<meta name=\"robots\" content=\"index, follow, max-snippet:-1, max-image-preview:large, max-video-preview:-1\" \/>\n<link rel=\"canonical\" href=\"https:\/\/cisternsolutions.eu\/fr\/politique-en-matiere-de-cookies\/\" \/>\n<meta property=\"og:locale\" content=\"fr_FR\" \/>\n<meta property=\"og:type\" content=\"article\" \/>\n<meta property=\"og:title\" content=\"Politique en mati\u00e8re de cookies | Cistern Solutions Sweden\" \/>\n<meta property=\"og:description\" content=\"Ici, vous pouvez en savoir plus sur les cookies, ce qu&#039;ils sont et comment Cistern Solutions Sweden les utilise sur le site web. Lire la suite ...\" \/>\n<meta property=\"og:url\" content=\"https:\/\/cisternsolutions.eu\/fr\/politique-en-matiere-de-cookies\/\" \/>\n<meta property=\"og:site_name\" content=\"Cistern Solutions Sweden\" \/>\n<meta property=\"article:modified_time\" content=\"2024-05-08T06:59:48+00:00\" \/>\n<meta name=\"twitter:card\" content=\"summary_large_image\" \/>\n<meta name=\"twitter:label1\" content=\"Dur\u00e9e de lecture estim\u00e9e\" \/>\n\t<meta name=\"twitter:data1\" content=\"2 minutes\" \/>\n<script type=\"application\/ld+json\" class=\"yoast-schema-graph\">{\"@context\":\"https:\\\/\\\/schema.org\",\"@graph\":[{\"@type\":\"WebPage\",\"@id\":\"https:\\\/\\\/cisternsolutions.eu\\\/fr\\\/politique-en-matiere-de-cookies\\\/\",\"url\":\"https:\\\/\\\/cisternsolutions.eu\\\/fr\\\/politique-en-matiere-de-cookies\\\/\",\"name\":\"Politique en mati\u00e8re de cookies | Cistern Solutions Sweden\",\"isPartOf\":{\"@id\":\"https:\\\/\\\/cisternsolutions.eu\\\/fr\\\/#website\"},\"datePublished\":\"2022-05-03T14:59:50+00:00\",\"dateModified\":\"2024-05-08T06:59:48+00:00\",\"description\":\"Ici, vous pouvez en savoir plus sur les cookies, ce qu'ils sont et comment Cistern Solutions Sweden les utilise sur le site web. Lire la suite ...\",\"breadcrumb\":{\"@id\":\"https:\\\/\\\/cisternsolutions.eu\\\/fr\\\/politique-en-matiere-de-cookies\\\/#breadcrumb\"},\"inLanguage\":\"fr-FR\",\"potentialAction\":[{\"@type\":\"ReadAction\",\"target\":[\"https:\\\/\\\/cisternsolutions.eu\\\/fr\\\/politique-en-matiere-de-cookies\\\/\"]}]},{\"@type\":\"BreadcrumbList\",\"@id\":\"https:\\\/\\\/cisternsolutions.eu\\\/fr\\\/politique-en-matiere-de-cookies\\\/#breadcrumb\",\"itemListElement\":[{\"@type\":\"ListItem\",\"position\":1,\"name\":\"Hem\",\"item\":\"https:\\\/\\\/cisternsolutions.eu\\\/fr\\\/page-daccueil\\\/\"},{\"@type\":\"ListItem\",\"position\":2,\"name\":\"Politique en mati\u00e8re de cookies\"}]},{\"@type\":\"WebSite\",\"@id\":\"https:\\\/\\\/cisternsolutions.eu\\\/fr\\\/#website\",\"url\":\"https:\\\/\\\/cisternsolutions.eu\\\/fr\\\/\",\"name\":\"Cistern Solutions Sweden\",\"description\":\"Cistern Solutions Sweden\",\"publisher\":{\"@id\":\"https:\\\/\\\/cisternsolutions.eu\\\/fr\\\/#organization\"},\"potentialAction\":[{\"@type\":\"SearchAction\",\"target\":{\"@type\":\"EntryPoint\",\"urlTemplate\":\"https:\\\/\\\/cisternsolutions.eu\\\/fr\\\/?s={search_term_string}\"},\"query-input\":{\"@type\":\"PropertyValueSpecification\",\"valueRequired\":true,\"valueName\":\"search_term_string\"}}],\"inLanguage\":\"fr-FR\"},{\"@type\":\"Organization\",\"@id\":\"https:\\\/\\\/cisternsolutions.eu\\\/fr\\\/#organization\",\"name\":\"| Cistern Solutions Sweden AB\",\"url\":\"https:\\\/\\\/cisternsolutions.eu\\\/fr\\\/\",\"logo\":{\"@type\":\"ImageObject\",\"inLanguage\":\"fr-FR\",\"@id\":\"https:\\\/\\\/cisternsolutions.eu\\\/fr\\\/#\\\/schema\\\/logo\\\/image\\\/\",\"url\":\"https:\\\/\\\/cisternsolutions.eu\\\/wp-content\\\/uploads\\\/2023\\\/11\\\/CisternSolutions_orginal-logo.png\",\"contentUrl\":\"https:\\\/\\\/cisternsolutions.eu\\\/wp-content\\\/uploads\\\/2023\\\/11\\\/CisternSolutions_orginal-logo.png\",\"width\":1045,\"height\":293,\"caption\":\"| Cistern Solutions Sweden AB\"},\"image\":{\"@id\":\"https:\\\/\\\/cisternsolutions.eu\\\/fr\\\/#\\\/schema\\\/logo\\\/image\\\/\"}}]}<\/script>\n<!-- \/ Yoast SEO plugin. -->","yoast_head_json":{"title":"Politique en mati\u00e8re de cookies | Cistern Solutions Sweden","description":"Ici, vous pouvez en savoir plus sur les cookies, ce qu'ils sont et comment Cistern Solutions Sweden les utilise sur le site web. Lire la suite ...","robots":{"index":"index","follow":"follow","max-snippet":"max-snippet:-1","max-image-preview":"max-image-preview:large","max-video-preview":"max-video-preview:-1"},"canonical":"https:\/\/cisternsolutions.eu\/fr\/politique-en-matiere-de-cookies\/","og_locale":"fr_FR","og_type":"article","og_title":"Politique en mati\u00e8re de cookies | Cistern Solutions Sweden","og_description":"Ici, vous pouvez en savoir plus sur les cookies, ce qu'ils sont et comment Cistern Solutions Sweden les utilise sur le site web. Lire la suite ...","og_url":"https:\/\/cisternsolutions.eu\/fr\/politique-en-matiere-de-cookies\/","og_site_name":"Cistern Solutions Sweden","article_modified_time":"2024-05-08T06:59:48+00:00","twitter_card":"summary_large_image","twitter_misc":{"Dur\u00e9e de lecture estim\u00e9e":"2 minutes"},"schema":{"@context":"https:\/\/schema.org","@graph":[{"@type":"WebPage","@id":"https:\/\/cisternsolutions.eu\/fr\/politique-en-matiere-de-cookies\/","url":"https:\/\/cisternsolutions.eu\/fr\/politique-en-matiere-de-cookies\/","name":"Politique en mati\u00e8re de cookies | Cistern Solutions Sweden","isPartOf":{"@id":"https:\/\/cisternsolutions.eu\/fr\/#website"},"datePublished":"2022-05-03T14:59:50+00:00","dateModified":"2024-05-08T06:59:48+00:00","description":"Ici, vous pouvez en savoir plus sur les cookies, ce qu'ils sont et comment Cistern Solutions Sweden les utilise sur le site web. Lire la suite ...","breadcrumb":{"@id":"https:\/\/cisternsolutions.eu\/fr\/politique-en-matiere-de-cookies\/#breadcrumb"},"inLanguage":"fr-FR","potentialAction":[{"@type":"ReadAction","target":["https:\/\/cisternsolutions.eu\/fr\/politique-en-matiere-de-cookies\/"]}]},{"@type":"BreadcrumbList","@id":"https:\/\/cisternsolutions.eu\/fr\/politique-en-matiere-de-cookies\/#breadcrumb","itemListElement":[{"@type":"ListItem","position":1,"name":"Hem","item":"https:\/\/cisternsolutions.eu\/fr\/page-daccueil\/"},{"@type":"ListItem","position":2,"name":"Politique en mati\u00e8re de cookies"}]},{"@type":"WebSite","@id":"https:\/\/cisternsolutions.eu\/fr\/#website","url":"https:\/\/cisternsolutions.eu\/fr\/","name":"Cistern Solutions Sweden","description":"Cistern Solutions Sweden","publisher":{"@id":"https:\/\/cisternsolutions.eu\/fr\/#organization"},"potentialAction":[{"@type":"SearchAction","target":{"@type":"EntryPoint","urlTemplate":"https:\/\/cisternsolutions.eu\/fr\/?s={search_term_string}"},"query-input":{"@type":"PropertyValueSpecification","valueRequired":true,"valueName":"search_term_string"}}],"inLanguage":"fr-FR"},{"@type":"Organization","@id":"https:\/\/cisternsolutions.eu\/fr\/#organization","name":"| Cistern Solutions Sweden AB","url":"https:\/\/cisternsolutions.eu\/fr\/","logo":{"@type":"ImageObject","inLanguage":"fr-FR","@id":"https:\/\/cisternsolutions.eu\/fr\/#\/schema\/logo\/image\/","url":"https:\/\/cisternsolutions.eu\/wp-content\/uploads\/2023\/11\/CisternSolutions_orginal-logo.png","contentUrl":"https:\/\/cisternsolutions.eu\/wp-content\/uploads\/2023\/11\/CisternSolutions_orginal-logo.png","width":1045,"height":293,"caption":"| Cistern Solutions Sweden AB"},"image":{"@id":"https:\/\/cisternsolutions.eu\/fr\/#\/schema\/logo\/image\/"}}]}},"_links":{"self":[{"href":"https:\/\/cisternsolutions.eu\/fr\/wp-json\/wp\/v2\/pages\/6085","targetHints":{"allow":["GET"]}}],"collection":[{"href":"https:\/\/cisternsolutions.eu\/fr\/wp-json\/wp\/v2\/pages"}],"about":[{"href":"https:\/\/cisternsolutions.eu\/fr\/wp-json\/wp\/v2\/types\/page"}],"author":[{"embeddable":true,"href":"https:\/\/cisternsolutions.eu\/fr\/wp-json\/wp\/v2\/users\/4"}],"replies":[{"embeddable":true,"href":"https:\/\/cisternsolutions.eu\/fr\/wp-json\/wp\/v2\/comments?post=6085"}],"version-history":[{"count":1,"href":"https:\/\/cisternsolutions.eu\/fr\/wp-json\/wp\/v2\/pages\/6085\/revisions"}],"predecessor-version":[{"id":6086,"href":"https:\/\/cisternsolutions.eu\/fr\/wp-json\/wp\/v2\/pages\/6085\/revisions\/6086"}],"wp:attachment":[{"href":"https:\/\/cisternsolutions.eu\/fr\/wp-json\/wp\/v2\/media?parent=6085"}],"curies":[{"name":"wp","href":"https:\/\/api.w.org\/{rel}","templated":true}]}}