{"id":6076,"date":"2023-12-07T17:00:29","date_gmt":"2023-12-07T16:00:29","guid":{"rendered":"https:\/\/cisternsolutions.eu\/a-propos-de-nous\/"},"modified":"2024-05-08T08:59:47","modified_gmt":"2024-05-08T06:59:47","slug":"a-propos-de-nous","status":"publish","type":"page","link":"https:\/\/cisternsolutions.eu\/fr\/a-propos-de-nous\/","title":{"rendered":"A propos de nous"},"content":{"rendered":"\n\n\t\t<h1>\n  Cistern Solutions Su\u00e8de\n\t\t<\/h1>\n\t\t\t<p>Je suis s\u00fbr que votre r\u00e9servoir est en bon \u00e9tat.<\/p>\t\t\n<h2>\n  Renovering av sprinklertankar  \n\t<\/h2>\n\t<p><strong>Vous avez besoin d&rsquo;un r\u00e9servoir d&rsquo;arrosage ? Vous \u00eates un groupe de travail sur les processus ? Ou une citerne avec couvercle ou olives ? Vous avez besoin d&rsquo;un partenaire qui peut vous aider \u00e0 r\u00e9parer les pots de fleurs que vous avez laiss\u00e9s ? \u00cates-vous en mesure de trouver un r\u00e9servoir qui l\u00e8che ? Vous pouvez nous aider ! Nous sommes un sp\u00e9cialiste reconnu de la r\u00e9novation des r\u00e9servoirs et des cuves.<\/strong><\/p>\n\t<p>Cistern Solutions Sweden trouve son origine dans AJ Floor Solutions &#8211; une entreprise qui utilise l&rsquo;\u00e9poxy dans sa gamme de produits depuis plus de 40 ans. L&rsquo;une des sp\u00e9cialit\u00e9s de la r\u00e9gion est la r\u00e9novation des r\u00e9servoirs. Au cours de la derni\u00e8re ann\u00e9e, nous avons constat\u00e9 qu&rsquo;un grand nombre de r\u00e9servoirs d&rsquo;arrosage install\u00e9s en Su\u00e8de ont plus de 20 ans de vie et sont en \u00e9tat d&rsquo;\u00eatre r\u00e9nov\u00e9s.<\/p>\n<p>Dans ce contexte, nous avons d\u00e9cid\u00e9 d&rsquo;adopter une approche segment\u00e9e de la construction de r\u00e9servoirs et de mettre en place un nouveau syst\u00e8me qui nous permettra de r\u00e9nover les r\u00e9servoirs et les cuves \u00e0 eau. Sedan 2023 conducteur Ulf Johansson Cistern Solutions Sweden AB.<\/p>\n\t\t<h3>Les r\u00e9servoirs peuvent \u00eatre nettoy\u00e9s et r\u00e9nov\u00e9s :<\/h3>\n\t\t\t<ul><li>Arroseur arros\u00e9<\/li><li>R\u00e9servoir d&rsquo;eau chaude<\/li><li>Betongcisterner f\u00f6r t.ex. r\u00f6tslam<\/li><li>Kemikalietankar f\u00f6r t.ex. glukol<\/li><li>Oljetankar  <\/li><\/ul>\t\t\n<h3>\n  Aide \u00e0 la recherche d&rsquo;une solution de remplacement\n\t<\/h3>\n\t<p>Avec l&rsquo;aide d&rsquo;un outil de recherche sur l&rsquo;\u00e9poxib\u00e9lagie dans les r\u00e9servoirs, il est possible de v\u00e9rifier et d&rsquo;am\u00e9liorer votre m\u00e9thode. Cette armature sp\u00e9ciale vous permet d&rsquo;obtenir des v\u00eatements plus l\u00e9gers et plus souples. Vous n&rsquo;avez pas \u00e0 vous soucier de la qualit\u00e9 des produits, qui n&rsquo;est absolument pas satisfaisante. C&rsquo;est une bonne chose que vous puissiez trouver un emploi si vous avez besoin d&rsquo;un plan de travail. En outre, le r\u00e9sultat sera toujours un r\u00e9servoir ou une citerne qui est un peu trop grand ou trop petit par rapport \u00e0 l&rsquo;environnement.<\/p>\n<h3>\n  La mise en place et le renouvellement des m\u00eames leviers\n\t<\/h3>\n\t<p>Vous cherchez \u00e0 r\u00e9soudre un probl\u00e8me qui vous emp\u00eache d&rsquo;atteindre le m\u00eame objectif ? Apr\u00e8s avoir constat\u00e9 qu&rsquo;un changement de comportement s&rsquo;accompagnait d&rsquo;une nouvelle forme de probl\u00e8me &#8211; qu&rsquo;il s&rsquo;agisse d&rsquo;un probl\u00e8me de planification ou d&rsquo;un probl\u00e8me d&rsquo;assurance maladie priv\u00e9e -, nous avons d\u00e9cid\u00e9 de nous pencher sur cette question. Vous pouvez \u00e9galement utiliser des outils pour obtenir des r\u00e9servoirs \u00e0 l&rsquo;aide d&rsquo;un robot de combat.<\/p>\n<h3>\n  Vous avez un emploi dans le Nord et l&rsquo;Europe\n\t<\/h3>\n\t<p>Cistern Solutions s&rsquo;est implant\u00e9e en Su\u00e8de et a r\u00e9nov\u00e9 des r\u00e9servoirs et des citernes dans le nord de l&rsquo;Europe et en Europe. Il y a quelques ann\u00e9es, j&rsquo;ai vu un contenu mobile avec un contenu qui reste \u00e0 refaire pour chaque utilisation.<\/p>\n\t\t<h3>\n  H\u00f6r av dig till oss !\n\t\t<\/h3>\n\t<h3>Hugo Kjellberg<\/h3>\n<p><a href=\"mailto:hk@cisternsolutions.se\">hk@cisternsolutions.se<\/a><\/p>\n<p><a href=\"tel:%2091%\"><strong>073 &#8211; 815 91 00<\/strong><\/a><\/p>\n\n","protected":false},"excerpt":{"rendered":"<p>Cistern Solutions Su\u00e8de Je suis s\u00fbr que votre r\u00e9servoir est en bon \u00e9tat. Renovering av sprinklertankar Vous avez besoin d&rsquo;un r\u00e9servoir d&rsquo;arrosage ? Vous \u00eates un groupe de travail sur les processus ? Ou une citerne avec couvercle ou olives ? Vous avez besoin d&rsquo;un partenaire qui peut vous aider &#8230; <a title=\"A propos de nous\" class=\"read-more\" href=\"https:\/\/cisternsolutions.eu\/fr\/a-propos-de-nous\/\" aria-label=\"En savoir plus sur A propos de nous\">L\u00e4s mer<\/a><\/p>\n","protected":false},"author":4,"featured_media":0,"parent":0,"menu_order":0,"comment_status":"closed","ping_status":"closed","template":"","meta":{"footnotes":""},"class_list":["post-6076","page","type-page","status-publish"],"yoast_head":"<!-- This site is optimized with the Yoast SEO plugin v27.4 - https:\/\/yoast.com\/product\/yoast-seo-wordpress\/ -->\n<title>Sp\u00e9cialiste de la r\u00e9novation de r\u00e9servoirs et de citernes | Cistern Solutions Sweden<\/title>\n<meta name=\"description\" content=\"Cistern Solutions Sweden - sp\u00e9cialistes de la r\u00e9novation de r\u00e9servoirs et de citernes. Contactez-nous d\u00e8s aujourd&#039;hui pour obtenir de l&#039;aide sur vos besoins.\" \/>\n<meta name=\"robots\" content=\"index, follow, max-snippet:-1, max-image-preview:large, max-video-preview:-1\" \/>\n<link rel=\"canonical\" href=\"https:\/\/cisternsolutions.eu\/fr\/a-propos-de-nous\/\" \/>\n<meta property=\"og:locale\" content=\"fr_FR\" \/>\n<meta property=\"og:type\" content=\"article\" \/>\n<meta property=\"og:title\" content=\"Sp\u00e9cialiste de la r\u00e9novation de r\u00e9servoirs et de citernes | Cistern Solutions Sweden\" \/>\n<meta property=\"og:description\" content=\"Cistern Solutions Sweden - sp\u00e9cialistes de la r\u00e9novation de r\u00e9servoirs et de citernes. Contactez-nous d\u00e8s aujourd&#039;hui pour obtenir de l&#039;aide sur vos besoins.\" \/>\n<meta property=\"og:url\" content=\"https:\/\/cisternsolutions.eu\/fr\/a-propos-de-nous\/\" \/>\n<meta property=\"og:site_name\" content=\"Cistern Solutions Sweden\" \/>\n<meta property=\"article:modified_time\" content=\"2024-05-08T06:59:47+00:00\" \/>\n<meta name=\"twitter:card\" content=\"summary_large_image\" \/>\n<meta name=\"twitter:label1\" content=\"Dur\u00e9e de lecture estim\u00e9e\" \/>\n\t<meta name=\"twitter:data1\" content=\"3 minutes\" \/>\n<script type=\"application\/ld+json\" class=\"yoast-schema-graph\">{\"@context\":\"https:\\\/\\\/schema.org\",\"@graph\":[{\"@type\":\"WebPage\",\"@id\":\"https:\\\/\\\/cisternsolutions.eu\\\/fr\\\/a-propos-de-nous\\\/\",\"url\":\"https:\\\/\\\/cisternsolutions.eu\\\/fr\\\/a-propos-de-nous\\\/\",\"name\":\"Sp\u00e9cialiste de la r\u00e9novation de r\u00e9servoirs et de citernes | Cistern Solutions Sweden\",\"isPartOf\":{\"@id\":\"https:\\\/\\\/cisternsolutions.eu\\\/fr\\\/#website\"},\"datePublished\":\"2023-12-07T16:00:29+00:00\",\"dateModified\":\"2024-05-08T06:59:47+00:00\",\"description\":\"Cistern Solutions Sweden - sp\u00e9cialistes de la r\u00e9novation de r\u00e9servoirs et de citernes. Contactez-nous d\u00e8s aujourd'hui pour obtenir de l'aide sur vos besoins.\",\"breadcrumb\":{\"@id\":\"https:\\\/\\\/cisternsolutions.eu\\\/fr\\\/a-propos-de-nous\\\/#breadcrumb\"},\"inLanguage\":\"fr-FR\",\"potentialAction\":[{\"@type\":\"ReadAction\",\"target\":[\"https:\\\/\\\/cisternsolutions.eu\\\/fr\\\/a-propos-de-nous\\\/\"]}]},{\"@type\":\"BreadcrumbList\",\"@id\":\"https:\\\/\\\/cisternsolutions.eu\\\/fr\\\/a-propos-de-nous\\\/#breadcrumb\",\"itemListElement\":[{\"@type\":\"ListItem\",\"position\":1,\"name\":\"Hem\",\"item\":\"https:\\\/\\\/cisternsolutions.eu\\\/fr\\\/page-daccueil\\\/\"},{\"@type\":\"ListItem\",\"position\":2,\"name\":\"A propos de nous\"}]},{\"@type\":\"WebSite\",\"@id\":\"https:\\\/\\\/cisternsolutions.eu\\\/fr\\\/#website\",\"url\":\"https:\\\/\\\/cisternsolutions.eu\\\/fr\\\/\",\"name\":\"Cistern Solutions Sweden\",\"description\":\"Cistern Solutions Sweden\",\"publisher\":{\"@id\":\"https:\\\/\\\/cisternsolutions.eu\\\/fr\\\/#organization\"},\"potentialAction\":[{\"@type\":\"SearchAction\",\"target\":{\"@type\":\"EntryPoint\",\"urlTemplate\":\"https:\\\/\\\/cisternsolutions.eu\\\/fr\\\/?s={search_term_string}\"},\"query-input\":{\"@type\":\"PropertyValueSpecification\",\"valueRequired\":true,\"valueName\":\"search_term_string\"}}],\"inLanguage\":\"fr-FR\"},{\"@type\":\"Organization\",\"@id\":\"https:\\\/\\\/cisternsolutions.eu\\\/fr\\\/#organization\",\"name\":\"| Cistern Solutions Sweden AB\",\"url\":\"https:\\\/\\\/cisternsolutions.eu\\\/fr\\\/\",\"logo\":{\"@type\":\"ImageObject\",\"inLanguage\":\"fr-FR\",\"@id\":\"https:\\\/\\\/cisternsolutions.eu\\\/fr\\\/#\\\/schema\\\/logo\\\/image\\\/\",\"url\":\"https:\\\/\\\/cisternsolutions.eu\\\/wp-content\\\/uploads\\\/2023\\\/11\\\/CisternSolutions_orginal-logo.png\",\"contentUrl\":\"https:\\\/\\\/cisternsolutions.eu\\\/wp-content\\\/uploads\\\/2023\\\/11\\\/CisternSolutions_orginal-logo.png\",\"width\":1045,\"height\":293,\"caption\":\"| Cistern Solutions Sweden AB\"},\"image\":{\"@id\":\"https:\\\/\\\/cisternsolutions.eu\\\/fr\\\/#\\\/schema\\\/logo\\\/image\\\/\"}}]}<\/script>\n<!-- \/ Yoast SEO plugin. -->","yoast_head_json":{"title":"Sp\u00e9cialiste de la r\u00e9novation de r\u00e9servoirs et de citernes | Cistern Solutions Sweden","description":"Cistern Solutions Sweden - sp\u00e9cialistes de la r\u00e9novation de r\u00e9servoirs et de citernes. Contactez-nous d\u00e8s aujourd'hui pour obtenir de l'aide sur vos besoins.","robots":{"index":"index","follow":"follow","max-snippet":"max-snippet:-1","max-image-preview":"max-image-preview:large","max-video-preview":"max-video-preview:-1"},"canonical":"https:\/\/cisternsolutions.eu\/fr\/a-propos-de-nous\/","og_locale":"fr_FR","og_type":"article","og_title":"Sp\u00e9cialiste de la r\u00e9novation de r\u00e9servoirs et de citernes | Cistern Solutions Sweden","og_description":"Cistern Solutions Sweden - sp\u00e9cialistes de la r\u00e9novation de r\u00e9servoirs et de citernes. Contactez-nous d\u00e8s aujourd'hui pour obtenir de l'aide sur vos besoins.","og_url":"https:\/\/cisternsolutions.eu\/fr\/a-propos-de-nous\/","og_site_name":"Cistern Solutions Sweden","article_modified_time":"2024-05-08T06:59:47+00:00","twitter_card":"summary_large_image","twitter_misc":{"Dur\u00e9e de lecture estim\u00e9e":"3 minutes"},"schema":{"@context":"https:\/\/schema.org","@graph":[{"@type":"WebPage","@id":"https:\/\/cisternsolutions.eu\/fr\/a-propos-de-nous\/","url":"https:\/\/cisternsolutions.eu\/fr\/a-propos-de-nous\/","name":"Sp\u00e9cialiste de la r\u00e9novation de r\u00e9servoirs et de citernes | Cistern Solutions Sweden","isPartOf":{"@id":"https:\/\/cisternsolutions.eu\/fr\/#website"},"datePublished":"2023-12-07T16:00:29+00:00","dateModified":"2024-05-08T06:59:47+00:00","description":"Cistern Solutions Sweden - sp\u00e9cialistes de la r\u00e9novation de r\u00e9servoirs et de citernes. Contactez-nous d\u00e8s aujourd'hui pour obtenir de l'aide sur vos besoins.","breadcrumb":{"@id":"https:\/\/cisternsolutions.eu\/fr\/a-propos-de-nous\/#breadcrumb"},"inLanguage":"fr-FR","potentialAction":[{"@type":"ReadAction","target":["https:\/\/cisternsolutions.eu\/fr\/a-propos-de-nous\/"]}]},{"@type":"BreadcrumbList","@id":"https:\/\/cisternsolutions.eu\/fr\/a-propos-de-nous\/#breadcrumb","itemListElement":[{"@type":"ListItem","position":1,"name":"Hem","item":"https:\/\/cisternsolutions.eu\/fr\/page-daccueil\/"},{"@type":"ListItem","position":2,"name":"A propos de nous"}]},{"@type":"WebSite","@id":"https:\/\/cisternsolutions.eu\/fr\/#website","url":"https:\/\/cisternsolutions.eu\/fr\/","name":"Cistern Solutions Sweden","description":"Cistern Solutions Sweden","publisher":{"@id":"https:\/\/cisternsolutions.eu\/fr\/#organization"},"potentialAction":[{"@type":"SearchAction","target":{"@type":"EntryPoint","urlTemplate":"https:\/\/cisternsolutions.eu\/fr\/?s={search_term_string}"},"query-input":{"@type":"PropertyValueSpecification","valueRequired":true,"valueName":"search_term_string"}}],"inLanguage":"fr-FR"},{"@type":"Organization","@id":"https:\/\/cisternsolutions.eu\/fr\/#organization","name":"| Cistern Solutions Sweden AB","url":"https:\/\/cisternsolutions.eu\/fr\/","logo":{"@type":"ImageObject","inLanguage":"fr-FR","@id":"https:\/\/cisternsolutions.eu\/fr\/#\/schema\/logo\/image\/","url":"https:\/\/cisternsolutions.eu\/wp-content\/uploads\/2023\/11\/CisternSolutions_orginal-logo.png","contentUrl":"https:\/\/cisternsolutions.eu\/wp-content\/uploads\/2023\/11\/CisternSolutions_orginal-logo.png","width":1045,"height":293,"caption":"| Cistern Solutions Sweden AB"},"image":{"@id":"https:\/\/cisternsolutions.eu\/fr\/#\/schema\/logo\/image\/"}}]}},"_links":{"self":[{"href":"https:\/\/cisternsolutions.eu\/fr\/wp-json\/wp\/v2\/pages\/6076","targetHints":{"allow":["GET"]}}],"collection":[{"href":"https:\/\/cisternsolutions.eu\/fr\/wp-json\/wp\/v2\/pages"}],"about":[{"href":"https:\/\/cisternsolutions.eu\/fr\/wp-json\/wp\/v2\/types\/page"}],"author":[{"embeddable":true,"href":"https:\/\/cisternsolutions.eu\/fr\/wp-json\/wp\/v2\/users\/4"}],"replies":[{"embeddable":true,"href":"https:\/\/cisternsolutions.eu\/fr\/wp-json\/wp\/v2\/comments?post=6076"}],"version-history":[{"count":1,"href":"https:\/\/cisternsolutions.eu\/fr\/wp-json\/wp\/v2\/pages\/6076\/revisions"}],"predecessor-version":[{"id":6078,"href":"https:\/\/cisternsolutions.eu\/fr\/wp-json\/wp\/v2\/pages\/6076\/revisions\/6078"}],"wp:attachment":[{"href":"https:\/\/cisternsolutions.eu\/fr\/wp-json\/wp\/v2\/media?parent=6076"}],"curies":[{"name":"wp","href":"https:\/\/api.w.org\/{rel}","templated":true}]}}