{"id":7223,"date":"2024-10-08T15:57:58","date_gmt":"2024-10-08T13:57:58","guid":{"rendered":"https:\/\/cisternsolutions.eu\/kayttovesisailiot\/"},"modified":"2024-10-22T16:43:40","modified_gmt":"2024-10-22T14:43:40","slug":"kayttovesisailiot","status":"publish","type":"page","link":"https:\/\/cisternsolutions.eu\/fi\/kayttovesisailiot\/","title":{"rendered":"K\u00e4ytt\u00f6vesis\u00e4ili\u00f6t"},"content":{"rendered":"","protected":false},"excerpt":{"rendered":"<p>Prosessivesis\u00e4ili\u00f6iden on taattava turvallinen tuotanto. Ole turvassa tarkastamalla s\u00e4ili\u00f6 usein.   <\/p>\n","protected":false},"author":4,"featured_media":7047,"parent":0,"menu_order":0,"comment_status":"closed","ping_status":"closed","template":"","meta":{"footnotes":""},"class_list":["post-7223","page","type-page","status-publish","has-post-thumbnail"],"yoast_head":"<!-- This site is optimized with the Yoast SEO plugin v27.4 - https:\/\/yoast.com\/product\/yoast-seo-wordpress\/ -->\n<title>Korjaamme prosessivesis\u00e4ili\u00f6it\u00e4 | Cistern Solutions Sweden<\/title>\n<meta name=\"description\" content=\"Prosessivesis\u00e4ili\u00f6t ovat v\u00e4ltt\u00e4m\u00e4tt\u00f6mi\u00e4 turvallisen ja jatkuvan tuotannon kannalta. V\u00e4lt\u00e4 ongelmat tarkastamalla ajoissa!\" \/>\n<meta name=\"robots\" content=\"index, follow, max-snippet:-1, max-image-preview:large, max-video-preview:-1\" \/>\n<link rel=\"canonical\" href=\"https:\/\/cisternsolutions.eu\/fi\/kayttovesisailiot\/\" \/>\n<meta property=\"og:locale\" content=\"fi_FI\" \/>\n<meta property=\"og:type\" content=\"article\" \/>\n<meta property=\"og:title\" content=\"Korjaamme prosessivesis\u00e4ili\u00f6it\u00e4 | Cistern Solutions Sweden\" \/>\n<meta property=\"og:description\" content=\"Prosessivesis\u00e4ili\u00f6t ovat v\u00e4ltt\u00e4m\u00e4tt\u00f6mi\u00e4 turvallisen ja jatkuvan tuotannon kannalta. V\u00e4lt\u00e4 ongelmat tarkastamalla ajoissa!\" \/>\n<meta property=\"og:url\" content=\"https:\/\/cisternsolutions.eu\/fi\/kayttovesisailiot\/\" \/>\n<meta property=\"og:site_name\" content=\"Cistern Solutions Sweden\" \/>\n<meta property=\"article:modified_time\" content=\"2024-10-22T14:43:40+00:00\" \/>\n<meta property=\"og:image\" content=\"https:\/\/cisternsolutions.eu\/wp-content\/uploads\/2024\/10\/cisterner_processvatten_hero.jpg\" \/>\n\t<meta property=\"og:image:width\" content=\"1920\" \/>\n\t<meta property=\"og:image:height\" content=\"526\" \/>\n\t<meta property=\"og:image:type\" content=\"image\/jpeg\" \/>\n<meta name=\"twitter:card\" content=\"summary_large_image\" \/>\n<meta name=\"twitter:label1\" content=\"Arvioitu lukuaika\" \/>\n\t<meta name=\"twitter:data1\" content=\"4 minuuttia\" \/>\n<script type=\"application\/ld+json\" class=\"yoast-schema-graph\">{\"@context\":\"https:\\\/\\\/schema.org\",\"@graph\":[{\"@type\":\"WebPage\",\"@id\":\"https:\\\/\\\/cisternsolutions.eu\\\/fi\\\/kayttovesisailiot\\\/\",\"url\":\"https:\\\/\\\/cisternsolutions.eu\\\/fi\\\/kayttovesisailiot\\\/\",\"name\":\"Korjaamme prosessivesis\u00e4ili\u00f6it\u00e4 | Cistern Solutions Sweden\",\"isPartOf\":{\"@id\":\"https:\\\/\\\/cisternsolutions.eu\\\/fi\\\/#website\"},\"primaryImageOfPage\":{\"@id\":\"https:\\\/\\\/cisternsolutions.eu\\\/fi\\\/kayttovesisailiot\\\/#primaryimage\"},\"image\":{\"@id\":\"https:\\\/\\\/cisternsolutions.eu\\\/fi\\\/kayttovesisailiot\\\/#primaryimage\"},\"thumbnailUrl\":\"https:\\\/\\\/cisternsolutions.eu\\\/wp-content\\\/uploads\\\/2024\\\/10\\\/cisterner_processvatten_hero.jpg\",\"datePublished\":\"2024-10-08T13:57:58+00:00\",\"dateModified\":\"2024-10-22T14:43:40+00:00\",\"description\":\"Prosessivesis\u00e4ili\u00f6t ovat v\u00e4ltt\u00e4m\u00e4tt\u00f6mi\u00e4 turvallisen ja jatkuvan tuotannon kannalta. V\u00e4lt\u00e4 ongelmat tarkastamalla ajoissa!\",\"breadcrumb\":{\"@id\":\"https:\\\/\\\/cisternsolutions.eu\\\/fi\\\/kayttovesisailiot\\\/#breadcrumb\"},\"inLanguage\":\"fi\",\"potentialAction\":[{\"@type\":\"ReadAction\",\"target\":[\"https:\\\/\\\/cisternsolutions.eu\\\/fi\\\/kayttovesisailiot\\\/\"]}]},{\"@type\":\"ImageObject\",\"inLanguage\":\"fi\",\"@id\":\"https:\\\/\\\/cisternsolutions.eu\\\/fi\\\/kayttovesisailiot\\\/#primaryimage\",\"url\":\"https:\\\/\\\/cisternsolutions.eu\\\/wp-content\\\/uploads\\\/2024\\\/10\\\/cisterner_processvatten_hero.jpg\",\"contentUrl\":\"https:\\\/\\\/cisternsolutions.eu\\\/wp-content\\\/uploads\\\/2024\\\/10\\\/cisterner_processvatten_hero.jpg\",\"width\":1920,\"height\":526},{\"@type\":\"BreadcrumbList\",\"@id\":\"https:\\\/\\\/cisternsolutions.eu\\\/fi\\\/kayttovesisailiot\\\/#breadcrumb\",\"itemListElement\":[{\"@type\":\"ListItem\",\"position\":1,\"name\":\"Hem\",\"item\":\"https:\\\/\\\/cisternsolutions.eu\\\/fi\\\/kotisivu-2\\\/\"},{\"@type\":\"ListItem\",\"position\":2,\"name\":\"K\u00e4ytt\u00f6vesis\u00e4ili\u00f6t\"}]},{\"@type\":\"WebSite\",\"@id\":\"https:\\\/\\\/cisternsolutions.eu\\\/fi\\\/#website\",\"url\":\"https:\\\/\\\/cisternsolutions.eu\\\/fi\\\/\",\"name\":\"Cistern Solutions Sweden\",\"description\":\"Cistern Solutions Sweden\",\"publisher\":{\"@id\":\"https:\\\/\\\/cisternsolutions.eu\\\/fi\\\/#organization\"},\"potentialAction\":[{\"@type\":\"SearchAction\",\"target\":{\"@type\":\"EntryPoint\",\"urlTemplate\":\"https:\\\/\\\/cisternsolutions.eu\\\/fi\\\/?s={search_term_string}\"},\"query-input\":{\"@type\":\"PropertyValueSpecification\",\"valueRequired\":true,\"valueName\":\"search_term_string\"}}],\"inLanguage\":\"fi\"},{\"@type\":\"Organization\",\"@id\":\"https:\\\/\\\/cisternsolutions.eu\\\/fi\\\/#organization\",\"name\":\"| Cistern Solutions Sweden AB\",\"url\":\"https:\\\/\\\/cisternsolutions.eu\\\/fi\\\/\",\"logo\":{\"@type\":\"ImageObject\",\"inLanguage\":\"fi\",\"@id\":\"https:\\\/\\\/cisternsolutions.eu\\\/fi\\\/#\\\/schema\\\/logo\\\/image\\\/\",\"url\":\"https:\\\/\\\/cisternsolutions.eu\\\/wp-content\\\/uploads\\\/2023\\\/11\\\/CisternSolutions_orginal-logo.png\",\"contentUrl\":\"https:\\\/\\\/cisternsolutions.eu\\\/wp-content\\\/uploads\\\/2023\\\/11\\\/CisternSolutions_orginal-logo.png\",\"width\":1045,\"height\":293,\"caption\":\"| Cistern Solutions Sweden AB\"},\"image\":{\"@id\":\"https:\\\/\\\/cisternsolutions.eu\\\/fi\\\/#\\\/schema\\\/logo\\\/image\\\/\"}}]}<\/script>\n<!-- \/ Yoast SEO plugin. -->","yoast_head_json":{"title":"Korjaamme prosessivesis\u00e4ili\u00f6it\u00e4 | Cistern Solutions Sweden","description":"Prosessivesis\u00e4ili\u00f6t ovat v\u00e4ltt\u00e4m\u00e4tt\u00f6mi\u00e4 turvallisen ja jatkuvan tuotannon kannalta. V\u00e4lt\u00e4 ongelmat tarkastamalla ajoissa!","robots":{"index":"index","follow":"follow","max-snippet":"max-snippet:-1","max-image-preview":"max-image-preview:large","max-video-preview":"max-video-preview:-1"},"canonical":"https:\/\/cisternsolutions.eu\/fi\/kayttovesisailiot\/","og_locale":"fi_FI","og_type":"article","og_title":"Korjaamme prosessivesis\u00e4ili\u00f6it\u00e4 | Cistern Solutions Sweden","og_description":"Prosessivesis\u00e4ili\u00f6t ovat v\u00e4ltt\u00e4m\u00e4tt\u00f6mi\u00e4 turvallisen ja jatkuvan tuotannon kannalta. V\u00e4lt\u00e4 ongelmat tarkastamalla ajoissa!","og_url":"https:\/\/cisternsolutions.eu\/fi\/kayttovesisailiot\/","og_site_name":"Cistern Solutions Sweden","article_modified_time":"2024-10-22T14:43:40+00:00","og_image":[{"width":1920,"height":526,"url":"https:\/\/cisternsolutions.eu\/wp-content\/uploads\/2024\/10\/cisterner_processvatten_hero.jpg","type":"image\/jpeg"}],"twitter_card":"summary_large_image","twitter_misc":{"Arvioitu lukuaika":"4 minuuttia"},"schema":{"@context":"https:\/\/schema.org","@graph":[{"@type":"WebPage","@id":"https:\/\/cisternsolutions.eu\/fi\/kayttovesisailiot\/","url":"https:\/\/cisternsolutions.eu\/fi\/kayttovesisailiot\/","name":"Korjaamme prosessivesis\u00e4ili\u00f6it\u00e4 | Cistern Solutions Sweden","isPartOf":{"@id":"https:\/\/cisternsolutions.eu\/fi\/#website"},"primaryImageOfPage":{"@id":"https:\/\/cisternsolutions.eu\/fi\/kayttovesisailiot\/#primaryimage"},"image":{"@id":"https:\/\/cisternsolutions.eu\/fi\/kayttovesisailiot\/#primaryimage"},"thumbnailUrl":"https:\/\/cisternsolutions.eu\/wp-content\/uploads\/2024\/10\/cisterner_processvatten_hero.jpg","datePublished":"2024-10-08T13:57:58+00:00","dateModified":"2024-10-22T14:43:40+00:00","description":"Prosessivesis\u00e4ili\u00f6t ovat v\u00e4ltt\u00e4m\u00e4tt\u00f6mi\u00e4 turvallisen ja jatkuvan tuotannon kannalta. V\u00e4lt\u00e4 ongelmat tarkastamalla ajoissa!","breadcrumb":{"@id":"https:\/\/cisternsolutions.eu\/fi\/kayttovesisailiot\/#breadcrumb"},"inLanguage":"fi","potentialAction":[{"@type":"ReadAction","target":["https:\/\/cisternsolutions.eu\/fi\/kayttovesisailiot\/"]}]},{"@type":"ImageObject","inLanguage":"fi","@id":"https:\/\/cisternsolutions.eu\/fi\/kayttovesisailiot\/#primaryimage","url":"https:\/\/cisternsolutions.eu\/wp-content\/uploads\/2024\/10\/cisterner_processvatten_hero.jpg","contentUrl":"https:\/\/cisternsolutions.eu\/wp-content\/uploads\/2024\/10\/cisterner_processvatten_hero.jpg","width":1920,"height":526},{"@type":"BreadcrumbList","@id":"https:\/\/cisternsolutions.eu\/fi\/kayttovesisailiot\/#breadcrumb","itemListElement":[{"@type":"ListItem","position":1,"name":"Hem","item":"https:\/\/cisternsolutions.eu\/fi\/kotisivu-2\/"},{"@type":"ListItem","position":2,"name":"K\u00e4ytt\u00f6vesis\u00e4ili\u00f6t"}]},{"@type":"WebSite","@id":"https:\/\/cisternsolutions.eu\/fi\/#website","url":"https:\/\/cisternsolutions.eu\/fi\/","name":"Cistern Solutions Sweden","description":"Cistern Solutions Sweden","publisher":{"@id":"https:\/\/cisternsolutions.eu\/fi\/#organization"},"potentialAction":[{"@type":"SearchAction","target":{"@type":"EntryPoint","urlTemplate":"https:\/\/cisternsolutions.eu\/fi\/?s={search_term_string}"},"query-input":{"@type":"PropertyValueSpecification","valueRequired":true,"valueName":"search_term_string"}}],"inLanguage":"fi"},{"@type":"Organization","@id":"https:\/\/cisternsolutions.eu\/fi\/#organization","name":"| Cistern Solutions Sweden AB","url":"https:\/\/cisternsolutions.eu\/fi\/","logo":{"@type":"ImageObject","inLanguage":"fi","@id":"https:\/\/cisternsolutions.eu\/fi\/#\/schema\/logo\/image\/","url":"https:\/\/cisternsolutions.eu\/wp-content\/uploads\/2023\/11\/CisternSolutions_orginal-logo.png","contentUrl":"https:\/\/cisternsolutions.eu\/wp-content\/uploads\/2023\/11\/CisternSolutions_orginal-logo.png","width":1045,"height":293,"caption":"| Cistern Solutions Sweden AB"},"image":{"@id":"https:\/\/cisternsolutions.eu\/fi\/#\/schema\/logo\/image\/"}}]}},"_links":{"self":[{"href":"https:\/\/cisternsolutions.eu\/fi\/wp-json\/wp\/v2\/pages\/7223","targetHints":{"allow":["GET"]}}],"collection":[{"href":"https:\/\/cisternsolutions.eu\/fi\/wp-json\/wp\/v2\/pages"}],"about":[{"href":"https:\/\/cisternsolutions.eu\/fi\/wp-json\/wp\/v2\/types\/page"}],"author":[{"embeddable":true,"href":"https:\/\/cisternsolutions.eu\/fi\/wp-json\/wp\/v2\/users\/4"}],"replies":[{"embeddable":true,"href":"https:\/\/cisternsolutions.eu\/fi\/wp-json\/wp\/v2\/comments?post=7223"}],"version-history":[{"count":1,"href":"https:\/\/cisternsolutions.eu\/fi\/wp-json\/wp\/v2\/pages\/7223\/revisions"}],"predecessor-version":[{"id":7229,"href":"https:\/\/cisternsolutions.eu\/fi\/wp-json\/wp\/v2\/pages\/7223\/revisions\/7229"}],"wp:featuredmedia":[{"embeddable":true,"href":"https:\/\/cisternsolutions.eu\/fi\/wp-json\/wp\/v2\/media\/7047"}],"wp:attachment":[{"href":"https:\/\/cisternsolutions.eu\/fi\/wp-json\/wp\/v2\/media?parent=7223"}],"curies":[{"name":"wp","href":"https:\/\/api.w.org\/{rel}","templated":true}]}}