{"id":7221,"date":"2024-10-13T13:59:10","date_gmt":"2024-10-13T11:59:10","guid":{"rendered":"https:\/\/cisternsolutions.eu\/toimialat\/"},"modified":"2024-10-22T16:42:33","modified_gmt":"2024-10-22T14:42:33","slug":"toimialat","status":"publish","type":"page","link":"https:\/\/cisternsolutions.eu\/fi\/toimialat\/","title":{"rendered":"Toimialat"},"content":{"rendered":"","protected":false},"excerpt":{"rendered":"","protected":false},"author":4,"featured_media":0,"parent":0,"menu_order":4,"comment_status":"closed","ping_status":"closed","template":"","meta":{"footnotes":""},"class_list":["post-7221","page","type-page","status-publish"],"yoast_head":"<!-- This site is optimized with the Yoast SEO plugin v27.4 - https:\/\/yoast.com\/product\/yoast-seo-wordpress\/ -->\n<title>Eri teollisuudenalojen s\u00e4ili\u00f6iden kunnostaminen | Cistern Soultions Sweden<\/title>\n<meta name=\"description\" content=\"Cistern Solutions Swedenill\u00e4 on menetelm\u00e4 s\u00e4ili\u00f6iden korjaamiseen eri teollisuudenaloilla, kuten lietteen suojauksessa, kemianteollisuudessa jne.\" \/>\n<meta name=\"robots\" content=\"index, follow, max-snippet:-1, max-image-preview:large, max-video-preview:-1\" \/>\n<link rel=\"canonical\" href=\"https:\/\/cisternsolutions.eu\/fi\/toimialat\/\" \/>\n<meta property=\"og:locale\" content=\"fi_FI\" \/>\n<meta property=\"og:type\" content=\"article\" \/>\n<meta property=\"og:title\" content=\"Eri teollisuudenalojen s\u00e4ili\u00f6iden kunnostaminen | Cistern Soultions Sweden\" \/>\n<meta property=\"og:description\" content=\"Cistern Solutions Swedenill\u00e4 on menetelm\u00e4 s\u00e4ili\u00f6iden korjaamiseen eri teollisuudenaloilla, kuten lietteen suojauksessa, kemianteollisuudessa jne.\" \/>\n<meta property=\"og:url\" content=\"https:\/\/cisternsolutions.eu\/fi\/toimialat\/\" \/>\n<meta property=\"og:site_name\" content=\"Cistern Solutions Sweden\" \/>\n<meta property=\"article:modified_time\" content=\"2024-10-22T14:42:33+00:00\" \/>\n<meta name=\"twitter:card\" content=\"summary_large_image\" \/>\n<meta name=\"twitter:label1\" content=\"Arvioitu lukuaika\" \/>\n\t<meta name=\"twitter:data1\" content=\"1 minuutti\" \/>\n<script type=\"application\/ld+json\" class=\"yoast-schema-graph\">{\"@context\":\"https:\\\/\\\/schema.org\",\"@graph\":[{\"@type\":\"WebPage\",\"@id\":\"https:\\\/\\\/cisternsolutions.eu\\\/fi\\\/toimialat\\\/\",\"url\":\"https:\\\/\\\/cisternsolutions.eu\\\/fi\\\/toimialat\\\/\",\"name\":\"Eri teollisuudenalojen s\u00e4ili\u00f6iden kunnostaminen | Cistern Soultions Sweden\",\"isPartOf\":{\"@id\":\"https:\\\/\\\/cisternsolutions.eu\\\/fi\\\/#website\"},\"datePublished\":\"2024-10-13T11:59:10+00:00\",\"dateModified\":\"2024-10-22T14:42:33+00:00\",\"description\":\"Cistern Solutions Swedenill\u00e4 on menetelm\u00e4 s\u00e4ili\u00f6iden korjaamiseen eri teollisuudenaloilla, kuten lietteen suojauksessa, kemianteollisuudessa jne.\",\"breadcrumb\":{\"@id\":\"https:\\\/\\\/cisternsolutions.eu\\\/fi\\\/toimialat\\\/#breadcrumb\"},\"inLanguage\":\"fi\",\"potentialAction\":[{\"@type\":\"ReadAction\",\"target\":[\"https:\\\/\\\/cisternsolutions.eu\\\/fi\\\/toimialat\\\/\"]}]},{\"@type\":\"BreadcrumbList\",\"@id\":\"https:\\\/\\\/cisternsolutions.eu\\\/fi\\\/toimialat\\\/#breadcrumb\",\"itemListElement\":[{\"@type\":\"ListItem\",\"position\":1,\"name\":\"Hem\",\"item\":\"https:\\\/\\\/cisternsolutions.eu\\\/fi\\\/kotisivu-2\\\/\"},{\"@type\":\"ListItem\",\"position\":2,\"name\":\"Toimialat\"}]},{\"@type\":\"WebSite\",\"@id\":\"https:\\\/\\\/cisternsolutions.eu\\\/fi\\\/#website\",\"url\":\"https:\\\/\\\/cisternsolutions.eu\\\/fi\\\/\",\"name\":\"Cistern Solutions Sweden\",\"description\":\"Cistern Solutions Sweden\",\"publisher\":{\"@id\":\"https:\\\/\\\/cisternsolutions.eu\\\/fi\\\/#organization\"},\"potentialAction\":[{\"@type\":\"SearchAction\",\"target\":{\"@type\":\"EntryPoint\",\"urlTemplate\":\"https:\\\/\\\/cisternsolutions.eu\\\/fi\\\/?s={search_term_string}\"},\"query-input\":{\"@type\":\"PropertyValueSpecification\",\"valueRequired\":true,\"valueName\":\"search_term_string\"}}],\"inLanguage\":\"fi\"},{\"@type\":\"Organization\",\"@id\":\"https:\\\/\\\/cisternsolutions.eu\\\/fi\\\/#organization\",\"name\":\"| Cistern Solutions Sweden AB\",\"url\":\"https:\\\/\\\/cisternsolutions.eu\\\/fi\\\/\",\"logo\":{\"@type\":\"ImageObject\",\"inLanguage\":\"fi\",\"@id\":\"https:\\\/\\\/cisternsolutions.eu\\\/fi\\\/#\\\/schema\\\/logo\\\/image\\\/\",\"url\":\"https:\\\/\\\/cisternsolutions.eu\\\/wp-content\\\/uploads\\\/2023\\\/11\\\/CisternSolutions_orginal-logo.png\",\"contentUrl\":\"https:\\\/\\\/cisternsolutions.eu\\\/wp-content\\\/uploads\\\/2023\\\/11\\\/CisternSolutions_orginal-logo.png\",\"width\":1045,\"height\":293,\"caption\":\"| Cistern Solutions Sweden AB\"},\"image\":{\"@id\":\"https:\\\/\\\/cisternsolutions.eu\\\/fi\\\/#\\\/schema\\\/logo\\\/image\\\/\"}}]}<\/script>\n<!-- \/ Yoast SEO plugin. -->","yoast_head_json":{"title":"Eri teollisuudenalojen s\u00e4ili\u00f6iden kunnostaminen | Cistern Soultions Sweden","description":"Cistern Solutions Swedenill\u00e4 on menetelm\u00e4 s\u00e4ili\u00f6iden korjaamiseen eri teollisuudenaloilla, kuten lietteen suojauksessa, kemianteollisuudessa jne.","robots":{"index":"index","follow":"follow","max-snippet":"max-snippet:-1","max-image-preview":"max-image-preview:large","max-video-preview":"max-video-preview:-1"},"canonical":"https:\/\/cisternsolutions.eu\/fi\/toimialat\/","og_locale":"fi_FI","og_type":"article","og_title":"Eri teollisuudenalojen s\u00e4ili\u00f6iden kunnostaminen | Cistern Soultions Sweden","og_description":"Cistern Solutions Swedenill\u00e4 on menetelm\u00e4 s\u00e4ili\u00f6iden korjaamiseen eri teollisuudenaloilla, kuten lietteen suojauksessa, kemianteollisuudessa jne.","og_url":"https:\/\/cisternsolutions.eu\/fi\/toimialat\/","og_site_name":"Cistern Solutions Sweden","article_modified_time":"2024-10-22T14:42:33+00:00","twitter_card":"summary_large_image","twitter_misc":{"Arvioitu lukuaika":"1 minuutti"},"schema":{"@context":"https:\/\/schema.org","@graph":[{"@type":"WebPage","@id":"https:\/\/cisternsolutions.eu\/fi\/toimialat\/","url":"https:\/\/cisternsolutions.eu\/fi\/toimialat\/","name":"Eri teollisuudenalojen s\u00e4ili\u00f6iden kunnostaminen | Cistern Soultions Sweden","isPartOf":{"@id":"https:\/\/cisternsolutions.eu\/fi\/#website"},"datePublished":"2024-10-13T11:59:10+00:00","dateModified":"2024-10-22T14:42:33+00:00","description":"Cistern Solutions Swedenill\u00e4 on menetelm\u00e4 s\u00e4ili\u00f6iden korjaamiseen eri teollisuudenaloilla, kuten lietteen suojauksessa, kemianteollisuudessa jne.","breadcrumb":{"@id":"https:\/\/cisternsolutions.eu\/fi\/toimialat\/#breadcrumb"},"inLanguage":"fi","potentialAction":[{"@type":"ReadAction","target":["https:\/\/cisternsolutions.eu\/fi\/toimialat\/"]}]},{"@type":"BreadcrumbList","@id":"https:\/\/cisternsolutions.eu\/fi\/toimialat\/#breadcrumb","itemListElement":[{"@type":"ListItem","position":1,"name":"Hem","item":"https:\/\/cisternsolutions.eu\/fi\/kotisivu-2\/"},{"@type":"ListItem","position":2,"name":"Toimialat"}]},{"@type":"WebSite","@id":"https:\/\/cisternsolutions.eu\/fi\/#website","url":"https:\/\/cisternsolutions.eu\/fi\/","name":"Cistern Solutions Sweden","description":"Cistern Solutions Sweden","publisher":{"@id":"https:\/\/cisternsolutions.eu\/fi\/#organization"},"potentialAction":[{"@type":"SearchAction","target":{"@type":"EntryPoint","urlTemplate":"https:\/\/cisternsolutions.eu\/fi\/?s={search_term_string}"},"query-input":{"@type":"PropertyValueSpecification","valueRequired":true,"valueName":"search_term_string"}}],"inLanguage":"fi"},{"@type":"Organization","@id":"https:\/\/cisternsolutions.eu\/fi\/#organization","name":"| Cistern Solutions Sweden AB","url":"https:\/\/cisternsolutions.eu\/fi\/","logo":{"@type":"ImageObject","inLanguage":"fi","@id":"https:\/\/cisternsolutions.eu\/fi\/#\/schema\/logo\/image\/","url":"https:\/\/cisternsolutions.eu\/wp-content\/uploads\/2023\/11\/CisternSolutions_orginal-logo.png","contentUrl":"https:\/\/cisternsolutions.eu\/wp-content\/uploads\/2023\/11\/CisternSolutions_orginal-logo.png","width":1045,"height":293,"caption":"| Cistern Solutions Sweden AB"},"image":{"@id":"https:\/\/cisternsolutions.eu\/fi\/#\/schema\/logo\/image\/"}}]}},"_links":{"self":[{"href":"https:\/\/cisternsolutions.eu\/fi\/wp-json\/wp\/v2\/pages\/7221","targetHints":{"allow":["GET"]}}],"collection":[{"href":"https:\/\/cisternsolutions.eu\/fi\/wp-json\/wp\/v2\/pages"}],"about":[{"href":"https:\/\/cisternsolutions.eu\/fi\/wp-json\/wp\/v2\/types\/page"}],"author":[{"embeddable":true,"href":"https:\/\/cisternsolutions.eu\/fi\/wp-json\/wp\/v2\/users\/4"}],"replies":[{"embeddable":true,"href":"https:\/\/cisternsolutions.eu\/fi\/wp-json\/wp\/v2\/comments?post=7221"}],"version-history":[{"count":1,"href":"https:\/\/cisternsolutions.eu\/fi\/wp-json\/wp\/v2\/pages\/7221\/revisions"}],"predecessor-version":[{"id":7227,"href":"https:\/\/cisternsolutions.eu\/fi\/wp-json\/wp\/v2\/pages\/7221\/revisions\/7227"}],"wp:attachment":[{"href":"https:\/\/cisternsolutions.eu\/fi\/wp-json\/wp\/v2\/media?parent=7221"}],"curies":[{"name":"wp","href":"https:\/\/api.w.org\/{rel}","templated":true}]}}