{"id":5654,"date":"2014-09-07T09:47:49","date_gmt":"2014-09-07T07:47:49","guid":{"rendered":"https:\/\/cisternsolutions.eu\/viitteet\/"},"modified":"2025-12-12T16:00:58","modified_gmt":"2025-12-12T15:00:58","slug":"viitteet","status":"publish","type":"page","link":"https:\/\/cisternsolutions.eu\/fi\/viitteet\/","title":{"rendered":"Viitteet"},"content":{"rendered":"\n\n\t\t<h1>\n\t\t\tOletko utelias referenssity\u00f6paikoistamme?\n\t\t<\/h1>\n\t\t\t<p>T\u00e4\u00e4lt\u00e4 l\u00f6yd\u00e4t lis\u00e4tietoja erityyppisist\u00e4 t\u00f6ist\u00e4, joita olemme tehneet eri alueilla.  <\/p>\t\t\n\n","protected":false},"excerpt":{"rendered":"<p>Oletko utelias referenssity\u00f6paikoistamme? T\u00e4\u00e4lt\u00e4 l\u00f6yd\u00e4t lis\u00e4tietoja erityyppisist\u00e4 t\u00f6ist\u00e4, joita olemme tehneet eri alueilla.<\/p>\n","protected":false},"author":4,"featured_media":0,"parent":0,"menu_order":4,"comment_status":"closed","ping_status":"closed","template":"","meta":{"footnotes":""},"class_list":["post-5654","page","type-page","status-publish"],"yoast_head":"<!-- This site is optimized with the Yoast SEO plugin v27.4 - https:\/\/yoast.com\/product\/yoast-seo-wordpress\/ -->\n<title>Referenssis\u00e4ili\u00f6n ja s\u00e4ili\u00f6n kunnostus | Cistern Soultions Sweden<\/title>\n<meta name=\"description\" content=\"Oletko utelias Cistern Solutions Sweden -yrityksen referensseist\u00e4? Olemmeko tehneet samanlaisen ty\u00f6n kuin sinun projektisi? Lue lis\u00e4\u00e4 t\u00e4\u00e4lt\u00e4 ...\" \/>\n<meta name=\"robots\" content=\"index, follow, max-snippet:-1, max-image-preview:large, max-video-preview:-1\" \/>\n<link rel=\"canonical\" href=\"https:\/\/cisternsolutions.eu\/fi\/viitteet\/\" \/>\n<meta property=\"og:locale\" content=\"fi_FI\" \/>\n<meta property=\"og:type\" content=\"article\" \/>\n<meta property=\"og:title\" content=\"Referenssis\u00e4ili\u00f6n ja s\u00e4ili\u00f6n kunnostus | Cistern Soultions Sweden\" \/>\n<meta property=\"og:description\" content=\"Oletko utelias Cistern Solutions Sweden -yrityksen referensseist\u00e4? Olemmeko tehneet samanlaisen ty\u00f6n kuin sinun projektisi? Lue lis\u00e4\u00e4 t\u00e4\u00e4lt\u00e4 ...\" \/>\n<meta property=\"og:url\" content=\"https:\/\/cisternsolutions.eu\/fi\/viitteet\/\" \/>\n<meta property=\"og:site_name\" content=\"Cistern Solutions Sweden\" \/>\n<meta property=\"article:modified_time\" content=\"2025-12-12T15:00:58+00:00\" \/>\n<meta name=\"twitter:card\" content=\"summary_large_image\" \/>\n<script type=\"application\/ld+json\" class=\"yoast-schema-graph\">{\"@context\":\"https:\\\/\\\/schema.org\",\"@graph\":[{\"@type\":\"WebPage\",\"@id\":\"https:\\\/\\\/cisternsolutions.eu\\\/fi\\\/viitteet\\\/\",\"url\":\"https:\\\/\\\/cisternsolutions.eu\\\/fi\\\/viitteet\\\/\",\"name\":\"Referenssis\u00e4ili\u00f6n ja s\u00e4ili\u00f6n kunnostus | Cistern Soultions Sweden\",\"isPartOf\":{\"@id\":\"https:\\\/\\\/cisternsolutions.eu\\\/fi\\\/#website\"},\"datePublished\":\"2014-09-07T07:47:49+00:00\",\"dateModified\":\"2025-12-12T15:00:58+00:00\",\"description\":\"Oletko utelias Cistern Solutions Sweden -yrityksen referensseist\u00e4? Olemmeko tehneet samanlaisen ty\u00f6n kuin sinun projektisi? Lue lis\u00e4\u00e4 t\u00e4\u00e4lt\u00e4 ...\",\"breadcrumb\":{\"@id\":\"https:\\\/\\\/cisternsolutions.eu\\\/fi\\\/viitteet\\\/#breadcrumb\"},\"inLanguage\":\"fi\",\"potentialAction\":[{\"@type\":\"ReadAction\",\"target\":[\"https:\\\/\\\/cisternsolutions.eu\\\/fi\\\/viitteet\\\/\"]}]},{\"@type\":\"BreadcrumbList\",\"@id\":\"https:\\\/\\\/cisternsolutions.eu\\\/fi\\\/viitteet\\\/#breadcrumb\",\"itemListElement\":[{\"@type\":\"ListItem\",\"position\":1,\"name\":\"Hem\",\"item\":\"https:\\\/\\\/cisternsolutions.eu\\\/fi\\\/kotisivu-2\\\/\"},{\"@type\":\"ListItem\",\"position\":2,\"name\":\"Viitteet\"}]},{\"@type\":\"WebSite\",\"@id\":\"https:\\\/\\\/cisternsolutions.eu\\\/fi\\\/#website\",\"url\":\"https:\\\/\\\/cisternsolutions.eu\\\/fi\\\/\",\"name\":\"Cistern Solutions Sweden\",\"description\":\"Cistern Solutions Sweden\",\"publisher\":{\"@id\":\"https:\\\/\\\/cisternsolutions.eu\\\/fi\\\/#organization\"},\"potentialAction\":[{\"@type\":\"SearchAction\",\"target\":{\"@type\":\"EntryPoint\",\"urlTemplate\":\"https:\\\/\\\/cisternsolutions.eu\\\/fi\\\/?s={search_term_string}\"},\"query-input\":{\"@type\":\"PropertyValueSpecification\",\"valueRequired\":true,\"valueName\":\"search_term_string\"}}],\"inLanguage\":\"fi\"},{\"@type\":\"Organization\",\"@id\":\"https:\\\/\\\/cisternsolutions.eu\\\/fi\\\/#organization\",\"name\":\"| Cistern Solutions Sweden AB\",\"url\":\"https:\\\/\\\/cisternsolutions.eu\\\/fi\\\/\",\"logo\":{\"@type\":\"ImageObject\",\"inLanguage\":\"fi\",\"@id\":\"https:\\\/\\\/cisternsolutions.eu\\\/fi\\\/#\\\/schema\\\/logo\\\/image\\\/\",\"url\":\"https:\\\/\\\/cisternsolutions.eu\\\/wp-content\\\/uploads\\\/2023\\\/11\\\/CisternSolutions_orginal-logo.png\",\"contentUrl\":\"https:\\\/\\\/cisternsolutions.eu\\\/wp-content\\\/uploads\\\/2023\\\/11\\\/CisternSolutions_orginal-logo.png\",\"width\":1045,\"height\":293,\"caption\":\"| Cistern Solutions Sweden AB\"},\"image\":{\"@id\":\"https:\\\/\\\/cisternsolutions.eu\\\/fi\\\/#\\\/schema\\\/logo\\\/image\\\/\"}}]}<\/script>\n<!-- \/ Yoast SEO plugin. -->","yoast_head_json":{"title":"Referenssis\u00e4ili\u00f6n ja s\u00e4ili\u00f6n kunnostus | Cistern Soultions Sweden","description":"Oletko utelias Cistern Solutions Sweden -yrityksen referensseist\u00e4? Olemmeko tehneet samanlaisen ty\u00f6n kuin sinun projektisi? Lue lis\u00e4\u00e4 t\u00e4\u00e4lt\u00e4 ...","robots":{"index":"index","follow":"follow","max-snippet":"max-snippet:-1","max-image-preview":"max-image-preview:large","max-video-preview":"max-video-preview:-1"},"canonical":"https:\/\/cisternsolutions.eu\/fi\/viitteet\/","og_locale":"fi_FI","og_type":"article","og_title":"Referenssis\u00e4ili\u00f6n ja s\u00e4ili\u00f6n kunnostus | Cistern Soultions Sweden","og_description":"Oletko utelias Cistern Solutions Sweden -yrityksen referensseist\u00e4? Olemmeko tehneet samanlaisen ty\u00f6n kuin sinun projektisi? Lue lis\u00e4\u00e4 t\u00e4\u00e4lt\u00e4 ...","og_url":"https:\/\/cisternsolutions.eu\/fi\/viitteet\/","og_site_name":"Cistern Solutions Sweden","article_modified_time":"2025-12-12T15:00:58+00:00","twitter_card":"summary_large_image","schema":{"@context":"https:\/\/schema.org","@graph":[{"@type":"WebPage","@id":"https:\/\/cisternsolutions.eu\/fi\/viitteet\/","url":"https:\/\/cisternsolutions.eu\/fi\/viitteet\/","name":"Referenssis\u00e4ili\u00f6n ja s\u00e4ili\u00f6n kunnostus | Cistern Soultions Sweden","isPartOf":{"@id":"https:\/\/cisternsolutions.eu\/fi\/#website"},"datePublished":"2014-09-07T07:47:49+00:00","dateModified":"2025-12-12T15:00:58+00:00","description":"Oletko utelias Cistern Solutions Sweden -yrityksen referensseist\u00e4? Olemmeko tehneet samanlaisen ty\u00f6n kuin sinun projektisi? Lue lis\u00e4\u00e4 t\u00e4\u00e4lt\u00e4 ...","breadcrumb":{"@id":"https:\/\/cisternsolutions.eu\/fi\/viitteet\/#breadcrumb"},"inLanguage":"fi","potentialAction":[{"@type":"ReadAction","target":["https:\/\/cisternsolutions.eu\/fi\/viitteet\/"]}]},{"@type":"BreadcrumbList","@id":"https:\/\/cisternsolutions.eu\/fi\/viitteet\/#breadcrumb","itemListElement":[{"@type":"ListItem","position":1,"name":"Hem","item":"https:\/\/cisternsolutions.eu\/fi\/kotisivu-2\/"},{"@type":"ListItem","position":2,"name":"Viitteet"}]},{"@type":"WebSite","@id":"https:\/\/cisternsolutions.eu\/fi\/#website","url":"https:\/\/cisternsolutions.eu\/fi\/","name":"Cistern Solutions Sweden","description":"Cistern Solutions Sweden","publisher":{"@id":"https:\/\/cisternsolutions.eu\/fi\/#organization"},"potentialAction":[{"@type":"SearchAction","target":{"@type":"EntryPoint","urlTemplate":"https:\/\/cisternsolutions.eu\/fi\/?s={search_term_string}"},"query-input":{"@type":"PropertyValueSpecification","valueRequired":true,"valueName":"search_term_string"}}],"inLanguage":"fi"},{"@type":"Organization","@id":"https:\/\/cisternsolutions.eu\/fi\/#organization","name":"| Cistern Solutions Sweden AB","url":"https:\/\/cisternsolutions.eu\/fi\/","logo":{"@type":"ImageObject","inLanguage":"fi","@id":"https:\/\/cisternsolutions.eu\/fi\/#\/schema\/logo\/image\/","url":"https:\/\/cisternsolutions.eu\/wp-content\/uploads\/2023\/11\/CisternSolutions_orginal-logo.png","contentUrl":"https:\/\/cisternsolutions.eu\/wp-content\/uploads\/2023\/11\/CisternSolutions_orginal-logo.png","width":1045,"height":293,"caption":"| Cistern Solutions Sweden AB"},"image":{"@id":"https:\/\/cisternsolutions.eu\/fi\/#\/schema\/logo\/image\/"}}]}},"_links":{"self":[{"href":"https:\/\/cisternsolutions.eu\/fi\/wp-json\/wp\/v2\/pages\/5654","targetHints":{"allow":["GET"]}}],"collection":[{"href":"https:\/\/cisternsolutions.eu\/fi\/wp-json\/wp\/v2\/pages"}],"about":[{"href":"https:\/\/cisternsolutions.eu\/fi\/wp-json\/wp\/v2\/types\/page"}],"author":[{"embeddable":true,"href":"https:\/\/cisternsolutions.eu\/fi\/wp-json\/wp\/v2\/users\/4"}],"replies":[{"embeddable":true,"href":"https:\/\/cisternsolutions.eu\/fi\/wp-json\/wp\/v2\/comments?post=5654"}],"version-history":[{"count":2,"href":"https:\/\/cisternsolutions.eu\/fi\/wp-json\/wp\/v2\/pages\/5654\/revisions"}],"predecessor-version":[{"id":8123,"href":"https:\/\/cisternsolutions.eu\/fi\/wp-json\/wp\/v2\/pages\/5654\/revisions\/8123"}],"wp:attachment":[{"href":"https:\/\/cisternsolutions.eu\/fi\/wp-json\/wp\/v2\/media?parent=5654"}],"curies":[{"name":"wp","href":"https:\/\/api.w.org\/{rel}","templated":true}]}}